{"id":17599,"date":"2024-03-17T07:42:26","date_gmt":"2024-03-17T07:42:26","guid":{"rendered":"https:\/\/www.ghostysky.com\/?post_type=product&#038;p=17599"},"modified":"2026-01-15T06:51:09","modified_gmt":"2026-01-15T06:51:09","slug":"dji-air-3-fly-more-combo-dji-rc2","status":"publish","type":"product","link":"https:\/\/www.ghostysky.com\/pt\/product\/dji-air-3-fly-more-combo-dji-rc2\/","title":{"rendered":"DJI Air 3 Fly Mais Combo (DJI RC2)"},"content":{"rendered":"<p data-sourcepos=\"1:1-1:155\">Recursos<\/p>\n<p data-sourcepos=\"3:1-3:21\"><strong>Drone (DJI Ar 3)<\/strong><\/p>\n<ul data-sourcepos=\"5:1-9:0\">\n<li data-sourcepos=\"5:1-5:195\"><strong>C\u00e2mera:<\/strong>\u00a0Possui um sistema de c\u00e2mera dupla com sensor CMOS de 1\/1,3 polegada nas lentes grande angular e telefoto. Isso permite fotos de 48 megapixels e v\u00eddeos HDR de 4K\/60fps de ambas as c\u00e2meras.<\/li>\n<li data-sourcepos=\"6:1-6:82\"><strong>Tempo do voo:<\/strong>\u00a0Oferece um tempo m\u00e1ximo de v\u00f4o de 46 minutos com uma \u00fanica bateria.<\/li>\n<li data-sourcepos=\"7:1-7:92\"><strong>Evitar Obst\u00e1culos:<\/strong>\u00a0Equipado com detec\u00e7\u00e3o de obst\u00e1culos omnidirecional para um v\u00f4o mais seguro.<\/li>\n<li data-sourcepos=\"8:1-9:0\"><strong>Faixa de transmiss\u00e3o:<\/strong>\u00a0Possui sistema de transmiss\u00e3o de v\u00eddeo DJI O4 que possui um alcance de at\u00e9 20 km.<\/li>\n<\/ul>\n<p data-sourcepos=\"10:1-10:31\"><strong>Controle remoto (DJI RC2)<\/strong><\/p>\n<p data-sourcepos=\"12:1-12:181\">Comparado ao controlador DJI RC-N2 padr\u00e3o inclu\u00eddo em alguns pacotes, o DJI RC2 oferece um display integrado que elimina a necessidade de um smartphone montado no controlador.<\/p>\n<p data-sourcepos=\"14:1-14:11\"><strong>Geral<\/strong><\/p>\n<p data-sourcepos=\"16:1-16:253\">Essa combina\u00e7\u00e3o \u00e9 ideal para quem prioriza qualidade de imagem, tempo de voo e recursos de seguran\u00e7a. O controlador DJI RC2 inclu\u00eddo com display integrado \u00e9 uma vantagem em termos de conveni\u00eancia. No entanto, tamb\u00e9m \u00e9 mais caro que a vers\u00e3o com o controlador DJI RC-N2.<\/p>","protected":false},"excerpt":{"rendered":"<p>O DJI Air 3 Fly More Combo (DJI RC2) \u00e9 um pacote que inclui o drone DJI Air 3 e o controle remoto DJI RC2.<\/p>","protected":false},"featured_media":17387,"comment_status":"open","ping_status":"closed","template":"","meta":[],"product_brand":[],"product_cat":[752,775,37,29,776],"product_tag":[754,753,42,778,774],"class_list":{"0":"post-17599","1":"product","2":"type-product","3":"status-publish","4":"has-post-thumbnail","6":"product_cat-aerial-photography","7":"product_cat-air-3","8":"product_cat-dji","9":"product_cat-drones","10":"product_cat-drones-air3","11":"product_tag-aerial-photography","12":"product_tag-air-3","13":"product_tag-dji","14":"product_tag-dji-rc2","15":"product_tag-fly-more-combo","17":"first","18":"instock","19":"taxable","20":"shipping-taxable","21":"purchasable","22":"product-type-simple"},"yoast_head":"<!-- This site is optimized with the Yoast SEO plugin v27.1.1 - https:\/\/yoast.com\/product\/yoast-seo-wordpress\/ -->\n<title>DJI Air 3 Fly More Combo (DJI RC2) - Ghostysky<\/title>\n<meta name=\"description\" content=\"The DJI Air 3 Fly More Combo (DJI RC2) is a bundle that includes the DJI Air 3 drone and the DJI RC2 remote controller.\" \/>\n<meta name=\"robots\" content=\"index, follow, max-snippet:-1, max-image-preview:large, max-video-preview:-1\" \/>\n<link rel=\"canonical\" href=\"https:\/\/www.ghostysky.com\/pt\/produto-2\/dji-air-3-fly-more-combo-dji-rc2\/\" \/>\n<meta property=\"og:locale\" content=\"pt_PT\" \/>\n<meta property=\"og:type\" content=\"article\" \/>\n<meta property=\"og:title\" content=\"DJI Air 3 Fly More Combo (DJI RC2) - Ghostysky\" \/>\n<meta property=\"og:description\" content=\"The DJI Air 3 Fly More Combo (DJI RC2) is a bundle that includes the DJI Air 3 drone and the DJI RC2 remote controller.\" \/>\n<meta property=\"og:url\" content=\"https:\/\/www.ghostysky.com\/pt\/produto-2\/dji-air-3-fly-more-combo-dji-rc2\/\" \/>\n<meta property=\"og:site_name\" content=\"Ghostysky\" \/>\n<meta property=\"article:publisher\" content=\"https:\/\/www.facebook.com\/people\/Ghostysky\/100057676170234\/\" \/>\n<meta property=\"article:modified_time\" content=\"2026-01-15T06:51:09+00:00\" \/>\n<meta property=\"og:image\" content=\"https:\/\/www.ghostysky.com\/wp-content\/uploads\/2024\/03\/GH_DJI_Air3_1.jpg\" \/>\n\t<meta property=\"og:image:width\" content=\"500\" \/>\n\t<meta property=\"og:image:height\" content=\"500\" \/>\n\t<meta property=\"og:image:type\" content=\"image\/jpeg\" \/>\n<meta name=\"twitter:card\" content=\"summary_large_image\" \/>\n<meta name=\"twitter:site\" content=\"@Gh0stysky\" \/>\n<meta name=\"twitter:label1\" content=\"Tempo estimado de leitura\" \/>\n\t<meta name=\"twitter:data1\" content=\"1 minuto\" \/>\n<script type=\"application\/ld+json\" class=\"yoast-schema-graph\">{\"@context\":\"https:\/\/schema.org\",\"@graph\":[{\"@type\":\"WebPage\",\"@id\":\"https:\/\/www.ghostysky.com\/product\/dji-air-3-fly-more-combo-dji-rc2\/\",\"url\":\"https:\/\/www.ghostysky.com\/product\/dji-air-3-fly-more-combo-dji-rc2\/\",\"name\":\"DJI Air 3 Fly More Combo (DJI RC2) - Ghostysky\",\"isPartOf\":{\"@id\":\"https:\/\/www.ghostysky.com\/#website\"},\"primaryImageOfPage\":{\"@id\":\"https:\/\/www.ghostysky.com\/product\/dji-air-3-fly-more-combo-dji-rc2\/#primaryimage\"},\"image\":{\"@id\":\"https:\/\/www.ghostysky.com\/product\/dji-air-3-fly-more-combo-dji-rc2\/#primaryimage\"},\"thumbnailUrl\":\"https:\/\/www.ghostysky.com\/wp-content\/uploads\/2024\/03\/GH_DJI_Air3_1.jpg\",\"datePublished\":\"2024-03-17T07:42:26+00:00\",\"dateModified\":\"2026-01-15T06:51:09+00:00\",\"description\":\"The DJI Air 3 Fly More Combo (DJI RC2) is a bundle that includes the DJI Air 3 drone and the DJI RC2 remote controller.\",\"breadcrumb\":{\"@id\":\"https:\/\/www.ghostysky.com\/product\/dji-air-3-fly-more-combo-dji-rc2\/#breadcrumb\"},\"inLanguage\":\"pt-PT\",\"potentialAction\":[{\"@type\":\"ReadAction\",\"target\":[\"https:\/\/www.ghostysky.com\/product\/dji-air-3-fly-more-combo-dji-rc2\/\"]}]},{\"@type\":\"ImageObject\",\"inLanguage\":\"pt-PT\",\"@id\":\"https:\/\/www.ghostysky.com\/product\/dji-air-3-fly-more-combo-dji-rc2\/#primaryimage\",\"url\":\"https:\/\/www.ghostysky.com\/wp-content\/uploads\/2024\/03\/GH_DJI_Air3_1.jpg\",\"contentUrl\":\"https:\/\/www.ghostysky.com\/wp-content\/uploads\/2024\/03\/GH_DJI_Air3_1.jpg\",\"width\":500,\"height\":500},{\"@type\":\"BreadcrumbList\",\"@id\":\"https:\/\/www.ghostysky.com\/product\/dji-air-3-fly-more-combo-dji-rc2\/#breadcrumb\",\"itemListElement\":[{\"@type\":\"ListItem\",\"position\":1,\"name\":\"Home\",\"item\":\"https:\/\/www.ghostysky.com\/\"},{\"@type\":\"ListItem\",\"position\":2,\"name\":\"Shop\",\"item\":\"https:\/\/www.ghostysky.com\/shop\/\"},{\"@type\":\"ListItem\",\"position\":3,\"name\":\"DJI Air 3 Fly More Combo (DJI RC2)\"}]},{\"@type\":\"WebSite\",\"@id\":\"https:\/\/www.ghostysky.com\/#website\",\"url\":\"https:\/\/www.ghostysky.com\/\",\"name\":\"Ghostysky\",\"description\":\"Delivering professional drones and services\",\"publisher\":{\"@id\":\"https:\/\/www.ghostysky.com\/#organization\"},\"potentialAction\":[{\"@type\":\"SearchAction\",\"target\":{\"@type\":\"EntryPoint\",\"urlTemplate\":\"https:\/\/www.ghostysky.com\/?s={search_term_string}\"},\"query-input\":{\"@type\":\"PropertyValueSpecification\",\"valueRequired\":true,\"valueName\":\"search_term_string\"}}],\"inLanguage\":\"pt-PT\"},{\"@type\":\"Organization\",\"@id\":\"https:\/\/www.ghostysky.com\/#organization\",\"name\":\"Ghostysky\",\"url\":\"https:\/\/www.ghostysky.com\/\",\"logo\":{\"@type\":\"ImageObject\",\"inLanguage\":\"pt-PT\",\"@id\":\"https:\/\/www.ghostysky.com\/#\/schema\/logo\/image\/\",\"url\":\"https:\/\/www.ghostysky.com\/wp-content\/uploads\/2020\/06\/cropped-ghostyskylogo_text_white2.png\",\"contentUrl\":\"https:\/\/www.ghostysky.com\/wp-content\/uploads\/2020\/06\/cropped-ghostyskylogo_text_white2.png\",\"width\":169,\"height\":56,\"caption\":\"Ghostysky\"},\"image\":{\"@id\":\"https:\/\/www.ghostysky.com\/#\/schema\/logo\/image\/\"},\"sameAs\":[\"https:\/\/www.facebook.com\/people\/Ghostysky\/100057676170234\/\",\"https:\/\/x.com\/Gh0stysky\",\"https:\/\/www.linkedin.com\/company\/34739653\",\"https:\/\/www.instagram.com\/gh0stysky\"]}]}<\/script>\n<!-- \/ Yoast SEO plugin. -->","yoast_head_json":{"title":"DJI Air 3 Fly More Combo (DJI RC2) - Ghostysky","description":"O DJI Air 3 Fly More Combo (DJI RC2) \u00e9 um pacote que inclui o drone DJI Air 3 e o controle remoto DJI RC2.","robots":{"index":"index","follow":"follow","max-snippet":"max-snippet:-1","max-image-preview":"max-image-preview:large","max-video-preview":"max-video-preview:-1"},"canonical":"https:\/\/www.ghostysky.com\/pt\/produto-2\/dji-air-3-fly-more-combo-dji-rc2\/","og_locale":"pt_PT","og_type":"article","og_title":"DJI Air 3 Fly More Combo (DJI RC2) - Ghostysky","og_description":"The DJI Air 3 Fly More Combo (DJI RC2) is a bundle that includes the DJI Air 3 drone and the DJI RC2 remote controller.","og_url":"https:\/\/www.ghostysky.com\/pt\/produto-2\/dji-air-3-fly-more-combo-dji-rc2\/","og_site_name":"Ghostysky","article_publisher":"https:\/\/www.facebook.com\/people\/Ghostysky\/100057676170234\/","article_modified_time":"2026-01-15T06:51:09+00:00","og_image":[{"width":500,"height":500,"url":"https:\/\/www.ghostysky.com\/wp-content\/uploads\/2024\/03\/GH_DJI_Air3_1.jpg","type":"image\/jpeg"}],"twitter_card":"summary_large_image","twitter_site":"@Gh0stysky","twitter_misc":{"Tempo estimado de leitura":"1 minuto"},"schema":{"@context":"https:\/\/schema.org","@graph":[{"@type":"WebPage","@id":"https:\/\/www.ghostysky.com\/product\/dji-air-3-fly-more-combo-dji-rc2\/","url":"https:\/\/www.ghostysky.com\/product\/dji-air-3-fly-more-combo-dji-rc2\/","name":"DJI Air 3 Fly More Combo (DJI RC2) - Ghostysky","isPartOf":{"@id":"https:\/\/www.ghostysky.com\/#website"},"primaryImageOfPage":{"@id":"https:\/\/www.ghostysky.com\/product\/dji-air-3-fly-more-combo-dji-rc2\/#primaryimage"},"image":{"@id":"https:\/\/www.ghostysky.com\/product\/dji-air-3-fly-more-combo-dji-rc2\/#primaryimage"},"thumbnailUrl":"https:\/\/www.ghostysky.com\/wp-content\/uploads\/2024\/03\/GH_DJI_Air3_1.jpg","datePublished":"2024-03-17T07:42:26+00:00","dateModified":"2026-01-15T06:51:09+00:00","description":"O DJI Air 3 Fly More Combo (DJI RC2) \u00e9 um pacote que inclui o drone DJI Air 3 e o controle remoto DJI RC2.","breadcrumb":{"@id":"https:\/\/www.ghostysky.com\/product\/dji-air-3-fly-more-combo-dji-rc2\/#breadcrumb"},"inLanguage":"pt-PT","potentialAction":[{"@type":"ReadAction","target":["https:\/\/www.ghostysky.com\/product\/dji-air-3-fly-more-combo-dji-rc2\/"]}]},{"@type":"ImageObject","inLanguage":"pt-PT","@id":"https:\/\/www.ghostysky.com\/product\/dji-air-3-fly-more-combo-dji-rc2\/#primaryimage","url":"https:\/\/www.ghostysky.com\/wp-content\/uploads\/2024\/03\/GH_DJI_Air3_1.jpg","contentUrl":"https:\/\/www.ghostysky.com\/wp-content\/uploads\/2024\/03\/GH_DJI_Air3_1.jpg","width":500,"height":500},{"@type":"BreadcrumbList","@id":"https:\/\/www.ghostysky.com\/product\/dji-air-3-fly-more-combo-dji-rc2\/#breadcrumb","itemListElement":[{"@type":"ListItem","position":1,"name":"Home","item":"https:\/\/www.ghostysky.com\/"},{"@type":"ListItem","position":2,"name":"Shop","item":"https:\/\/www.ghostysky.com\/shop\/"},{"@type":"ListItem","position":3,"name":"DJI Air 3 Fly More Combo (DJI RC2)"}]},{"@type":"WebSite","@id":"https:\/\/www.ghostysky.com\/#website","url":"https:\/\/www.ghostysky.com\/","name":"Ghostysky","description":"Fornecendo drones e servi\u00e7os profissionais","publisher":{"@id":"https:\/\/www.ghostysky.com\/#organization"},"potentialAction":[{"@type":"SearchAction","target":{"@type":"EntryPoint","urlTemplate":"https:\/\/www.ghostysky.com\/?s={search_term_string}"},"query-input":{"@type":"PropertyValueSpecification","valueRequired":true,"valueName":"search_term_string"}}],"inLanguage":"pt-PT"},{"@type":"Organization","@id":"https:\/\/www.ghostysky.com\/#organization","name":"Ghostysky","url":"https:\/\/www.ghostysky.com\/","logo":{"@type":"ImageObject","inLanguage":"pt-PT","@id":"https:\/\/www.ghostysky.com\/#\/schema\/logo\/image\/","url":"https:\/\/www.ghostysky.com\/wp-content\/uploads\/2020\/06\/cropped-ghostyskylogo_text_white2.png","contentUrl":"https:\/\/www.ghostysky.com\/wp-content\/uploads\/2020\/06\/cropped-ghostyskylogo_text_white2.png","width":169,"height":56,"caption":"Ghostysky"},"image":{"@id":"https:\/\/www.ghostysky.com\/#\/schema\/logo\/image\/"},"sameAs":["https:\/\/www.facebook.com\/people\/Ghostysky\/100057676170234\/","https:\/\/x.com\/Gh0stysky","https:\/\/www.linkedin.com\/company\/34739653","https:\/\/www.instagram.com\/gh0stysky"]}]}},"_links":{"self":[{"href":"https:\/\/www.ghostysky.com\/pt\/wp-json\/wp\/v2\/product\/17599","targetHints":{"allow":["GET"]}}],"collection":[{"href":"https:\/\/www.ghostysky.com\/pt\/wp-json\/wp\/v2\/product"}],"about":[{"href":"https:\/\/www.ghostysky.com\/pt\/wp-json\/wp\/v2\/types\/product"}],"replies":[{"embeddable":true,"href":"https:\/\/www.ghostysky.com\/pt\/wp-json\/wp\/v2\/comments?post=17599"}],"wp:featuredmedia":[{"embeddable":true,"href":"https:\/\/www.ghostysky.com\/pt\/wp-json\/wp\/v2\/media\/17387"}],"wp:attachment":[{"href":"https:\/\/www.ghostysky.com\/pt\/wp-json\/wp\/v2\/media?parent=17599"}],"wp:term":[{"taxonomy":"product_brand","embeddable":true,"href":"https:\/\/www.ghostysky.com\/pt\/wp-json\/wp\/v2\/product_brand?post=17599"},{"taxonomy":"product_cat","embeddable":true,"href":"https:\/\/www.ghostysky.com\/pt\/wp-json\/wp\/v2\/product_cat?post=17599"},{"taxonomy":"product_tag","embeddable":true,"href":"https:\/\/www.ghostysky.com\/pt\/wp-json\/wp\/v2\/product_tag?post=17599"}],"curies":[{"name":"wp","href":"https:\/\/api.w.org\/{rel}","templated":true}]}}