{"id":17628,"date":"2024-03-17T08:09:40","date_gmt":"2024-03-17T08:09:40","guid":{"rendered":"https:\/\/www.ghostysky.com\/?post_type=product&#038;p=17628"},"modified":"2026-01-15T06:54:30","modified_gmt":"2026-01-15T06:54:30","slug":"dji-mavic-3-pro-fly-more-combo-dji-rc","status":"publish","type":"product","link":"https:\/\/www.ghostysky.com\/pt\/product\/dji-mavic-3-pro-fly-more-combo-dji-rc\/","title":{"rendered":"DJI Mavic 3 Pro Fly More Combo (DJI RC)"},"content":{"rendered":"<p>O pr\u00f3prio DJI Mavic 3 Pro \u00e9 um drone poderoso com uma c\u00e2mera Hasselblad L2D-20c que pode capturar v\u00eddeos impressionantes de 5,1K e fotos de 20MP. Ele tamb\u00e9m possui um sensor CMOS 4\/3 e uma lente de abertura vari\u00e1vel que pode ajustar de f\/2.8 a f\/11. O drone pode voar por at\u00e9 46 minutos com uma \u00fanica bateria e tem um alcance de at\u00e9 15 km.<\/p>\n<p data-sourcepos=\"6:1-6:306\">O controlador DJI RC \u00e9 um novo controlador projetado para a s\u00e9rie DJI Mavic 3. Ele possui uma tela 1080p de 5,5 polegadas integrada, para que voc\u00ea possa ver o que o drone est\u00e1 vendo sem precisar conectar seu smartphone. O controlador tamb\u00e9m possui uma variedade de bot\u00f5es e mostradores que facilitam o controle do drone.<\/p>\n<p data-sourcepos=\"8:1-8:326\">As duas baterias de voo inteligentes adicionais que v\u00eam no Fly More Combo dar\u00e3o a voc\u00ea um total de tr\u00eas baterias, o que permitir\u00e1 que voc\u00ea voe por at\u00e9 2 horas e 18 minutos sem precisar recarregar. O hub de carregamento de bateria (100 W) pode carregar todas as tr\u00eas baterias ao mesmo tempo, para que voc\u00ea esteja sempre pronto para voar.<\/p>\n<p data-sourcepos=\"10:1-10:227\">Os filtros ND que v\u00eam no Fly More Combo s\u00e3o usados para reduzir a quantidade de luz que entra no sensor da c\u00e2mera. Isso pode ser \u00fatil para tirar fotos e gravar v\u00eddeos em condi\u00e7\u00f5es de muita luz, pois pode ajudar a evitar a superexposi\u00e7\u00e3o.<\/p>\n<p data-sourcepos=\"12:1-12:341\">No geral, o DJI Mavic 3 Pro Fly More Combo (DJI RC) \u00e9 uma \u00f3tima op\u00e7\u00e3o para fot\u00f3grafos e cinegrafistas profissionais que procuram um drone de alta qualidade que possa capturar imagens a\u00e9reas impressionantes. O Fly More Combo inclui tudo que voc\u00ea precisa para come\u00e7ar, incluindo drone, controlador, baterias extras, carregador e filtros ND.<\/p>\n<p data-sourcepos=\"14:1-14:81\">Aqui est\u00e3o alguns dos principais recursos do DJI Mavic 3 Pro Fly More Combo (DJI RC):<\/p>\n<ul data-sourcepos=\"16:1-23:27\">\n<li data-sourcepos=\"16:1-16:79\">C\u00e2mera Hasselblad L2D-20c com sensor CMOS 4\/3 e lente de abertura vari\u00e1vel<\/li>\n<li data-sourcepos=\"17:1-17:49\">Pode capturar v\u00eddeos impressionantes de 5,1K e fotos de 20MP<\/li>\n<li data-sourcepos=\"18:1-18:50\">Pode voar por at\u00e9 46 minutos com uma \u00fanica bateria<\/li>\n<li data-sourcepos=\"19:1-19:40\">Tem um alcance de at\u00e9 9,3 milhas (15 km)<\/li>\n<li data-sourcepos=\"20:1-20:58\">Controlador DJI RC com tela 1080p de 5,5 polegadas integrada<\/li>\n<li data-sourcepos=\"21:1-21:45\">Duas baterias de voo inteligentes adicionais<\/li>\n<li data-sourcepos=\"22:1-22:29\">Hub de carregamento de bateria (100W)<\/li>\n<li data-sourcepos=\"23:1-23:27\">Filtros ND (ND8\/16\/32\/64)<\/li>\n<\/ul>","protected":false},"excerpt":{"rendered":"<p>O DJI Mavic 3 Pro Fly More Combo (DJI RC) \u00e9 um drone de \u00faltima gera\u00e7\u00e3o que inclui o drone DJI Mavic 3 Pro, o controlador DJI RC, duas baterias de voo inteligentes adicionais, um hub de carregamento de bateria (100 W) e um conjunto de Filtros ND (ND8\/16\/32\/64).<\/p>","protected":false},"featured_media":17409,"comment_status":"open","ping_status":"closed","template":"","meta":[],"product_brand":[],"product_cat":[752,37,29,786,784],"product_tag":[42,783,774,787],"class_list":{"0":"post-17628","1":"product","2":"type-product","3":"status-publish","4":"has-post-thumbnail","6":"product_cat-aerial-photography","7":"product_cat-dji","8":"product_cat-drones","9":"product_cat-drones-mavic-3-pro","10":"product_cat-mavic-3-pro","11":"product_tag-dji","12":"product_tag-dji-rc","13":"product_tag-fly-more-combo","14":"product_tag-mavic-3-pro","16":"first","17":"outofstock","18":"taxable","19":"shipping-taxable","20":"purchasable","21":"product-type-simple"},"yoast_head":"<!-- This site is optimized with the Yoast SEO plugin v27.1.1 - https:\/\/yoast.com\/product\/yoast-seo-wordpress\/ -->\n<title>DJI Mavic 3 Pro Fly More Combo (DJI RC) - Ghostysky<\/title>\n<meta name=\"description\" content=\"The DJI Mavic 3 Pro Fly More Combo (DJI RC) is a high-end drone that includes the DJI Mavic 3 Pro drone, the DJI RC controller, two additional Intelligent Flight Batteries, a Battery Charging Hub (100W), and a set of ND filters (ND8\/16\/32\/64).\" \/>\n<meta name=\"robots\" content=\"index, follow, max-snippet:-1, max-image-preview:large, max-video-preview:-1\" \/>\n<link rel=\"canonical\" href=\"https:\/\/www.ghostysky.com\/pt\/produto-2\/dji-mavic-3-pro-fly-more-combo-dji-rc\/\" \/>\n<meta property=\"og:locale\" content=\"pt_PT\" \/>\n<meta property=\"og:type\" content=\"article\" \/>\n<meta property=\"og:title\" content=\"DJI Mavic 3 Pro Fly More Combo (DJI RC) - Ghostysky\" \/>\n<meta property=\"og:description\" content=\"The DJI Mavic 3 Pro Fly More Combo (DJI RC) is a high-end drone that includes the DJI Mavic 3 Pro drone, the DJI RC controller, two additional Intelligent Flight Batteries, a Battery Charging Hub (100W), and a set of ND filters (ND8\/16\/32\/64).\" \/>\n<meta property=\"og:url\" content=\"https:\/\/www.ghostysky.com\/pt\/produto-2\/dji-mavic-3-pro-fly-more-combo-dji-rc\/\" \/>\n<meta property=\"og:site_name\" content=\"Ghostysky\" \/>\n<meta property=\"article:publisher\" content=\"https:\/\/www.facebook.com\/people\/Ghostysky\/100057676170234\/\" \/>\n<meta property=\"article:modified_time\" content=\"2026-01-15T06:54:30+00:00\" \/>\n<meta property=\"og:image\" content=\"https:\/\/www.ghostysky.com\/wp-content\/uploads\/2024\/03\/GH-Mavic3_pro_1.jpg\" \/>\n\t<meta property=\"og:image:width\" content=\"1280\" \/>\n\t<meta property=\"og:image:height\" content=\"1280\" \/>\n\t<meta property=\"og:image:type\" content=\"image\/jpeg\" \/>\n<meta name=\"twitter:card\" content=\"summary_large_image\" \/>\n<meta name=\"twitter:site\" content=\"@Gh0stysky\" \/>\n<meta name=\"twitter:label1\" content=\"Tempo estimado de leitura\" \/>\n\t<meta name=\"twitter:data1\" content=\"2 minutos\" \/>\n<script type=\"application\/ld+json\" class=\"yoast-schema-graph\">{\"@context\":\"https:\/\/schema.org\",\"@graph\":[{\"@type\":\"WebPage\",\"@id\":\"https:\/\/www.ghostysky.com\/product\/dji-mavic-3-pro-fly-more-combo-dji-rc\/\",\"url\":\"https:\/\/www.ghostysky.com\/product\/dji-mavic-3-pro-fly-more-combo-dji-rc\/\",\"name\":\"DJI Mavic 3 Pro Fly More Combo (DJI RC) - Ghostysky\",\"isPartOf\":{\"@id\":\"https:\/\/www.ghostysky.com\/#website\"},\"primaryImageOfPage\":{\"@id\":\"https:\/\/www.ghostysky.com\/product\/dji-mavic-3-pro-fly-more-combo-dji-rc\/#primaryimage\"},\"image\":{\"@id\":\"https:\/\/www.ghostysky.com\/product\/dji-mavic-3-pro-fly-more-combo-dji-rc\/#primaryimage\"},\"thumbnailUrl\":\"https:\/\/www.ghostysky.com\/wp-content\/uploads\/2024\/03\/GH-Mavic3_pro_1.jpg\",\"datePublished\":\"2024-03-17T08:09:40+00:00\",\"dateModified\":\"2026-01-15T06:54:30+00:00\",\"description\":\"The DJI Mavic 3 Pro Fly More Combo (DJI RC) is a high-end drone that includes the DJI Mavic 3 Pro drone, the DJI RC controller, two additional Intelligent Flight Batteries, a Battery Charging Hub (100W), and a set of ND filters (ND8\/16\/32\/64).\",\"breadcrumb\":{\"@id\":\"https:\/\/www.ghostysky.com\/product\/dji-mavic-3-pro-fly-more-combo-dji-rc\/#breadcrumb\"},\"inLanguage\":\"pt-PT\",\"potentialAction\":[{\"@type\":\"ReadAction\",\"target\":[\"https:\/\/www.ghostysky.com\/product\/dji-mavic-3-pro-fly-more-combo-dji-rc\/\"]}]},{\"@type\":\"ImageObject\",\"inLanguage\":\"pt-PT\",\"@id\":\"https:\/\/www.ghostysky.com\/product\/dji-mavic-3-pro-fly-more-combo-dji-rc\/#primaryimage\",\"url\":\"https:\/\/www.ghostysky.com\/wp-content\/uploads\/2024\/03\/GH-Mavic3_pro_1.jpg\",\"contentUrl\":\"https:\/\/www.ghostysky.com\/wp-content\/uploads\/2024\/03\/GH-Mavic3_pro_1.jpg\",\"width\":1280,\"height\":1280},{\"@type\":\"BreadcrumbList\",\"@id\":\"https:\/\/www.ghostysky.com\/product\/dji-mavic-3-pro-fly-more-combo-dji-rc\/#breadcrumb\",\"itemListElement\":[{\"@type\":\"ListItem\",\"position\":1,\"name\":\"Home\",\"item\":\"https:\/\/www.ghostysky.com\/\"},{\"@type\":\"ListItem\",\"position\":2,\"name\":\"Shop\",\"item\":\"https:\/\/www.ghostysky.com\/shop\/\"},{\"@type\":\"ListItem\",\"position\":3,\"name\":\"DJI Mavic 3 Pro Fly More Combo (DJI RC)\"}]},{\"@type\":\"WebSite\",\"@id\":\"https:\/\/www.ghostysky.com\/#website\",\"url\":\"https:\/\/www.ghostysky.com\/\",\"name\":\"Ghostysky\",\"description\":\"Delivering professional drones and services\",\"publisher\":{\"@id\":\"https:\/\/www.ghostysky.com\/#organization\"},\"potentialAction\":[{\"@type\":\"SearchAction\",\"target\":{\"@type\":\"EntryPoint\",\"urlTemplate\":\"https:\/\/www.ghostysky.com\/?s={search_term_string}\"},\"query-input\":{\"@type\":\"PropertyValueSpecification\",\"valueRequired\":true,\"valueName\":\"search_term_string\"}}],\"inLanguage\":\"pt-PT\"},{\"@type\":\"Organization\",\"@id\":\"https:\/\/www.ghostysky.com\/#organization\",\"name\":\"Ghostysky\",\"url\":\"https:\/\/www.ghostysky.com\/\",\"logo\":{\"@type\":\"ImageObject\",\"inLanguage\":\"pt-PT\",\"@id\":\"https:\/\/www.ghostysky.com\/#\/schema\/logo\/image\/\",\"url\":\"https:\/\/www.ghostysky.com\/wp-content\/uploads\/2020\/06\/cropped-ghostyskylogo_text_white2.png\",\"contentUrl\":\"https:\/\/www.ghostysky.com\/wp-content\/uploads\/2020\/06\/cropped-ghostyskylogo_text_white2.png\",\"width\":169,\"height\":56,\"caption\":\"Ghostysky\"},\"image\":{\"@id\":\"https:\/\/www.ghostysky.com\/#\/schema\/logo\/image\/\"},\"sameAs\":[\"https:\/\/www.facebook.com\/people\/Ghostysky\/100057676170234\/\",\"https:\/\/x.com\/Gh0stysky\",\"https:\/\/www.linkedin.com\/company\/34739653\",\"https:\/\/www.instagram.com\/gh0stysky\"]}]}<\/script>\n<!-- \/ Yoast SEO plugin. -->","yoast_head_json":{"title":"DJI Mavic 3 Pro Fly More Combo (DJI RC) - Ghostysky","description":"O DJI Mavic 3 Pro Fly More Combo (DJI RC) \u00e9 um drone de \u00faltima gera\u00e7\u00e3o que inclui o drone DJI Mavic 3 Pro, o controlador DJI RC, duas baterias de voo inteligentes adicionais, um hub de carregamento de bateria (100 W) e um conjunto de Filtros ND (ND8\/16\/32\/64).","robots":{"index":"index","follow":"follow","max-snippet":"max-snippet:-1","max-image-preview":"max-image-preview:large","max-video-preview":"max-video-preview:-1"},"canonical":"https:\/\/www.ghostysky.com\/pt\/produto-2\/dji-mavic-3-pro-fly-more-combo-dji-rc\/","og_locale":"pt_PT","og_type":"article","og_title":"DJI Mavic 3 Pro Fly More Combo (DJI RC) - Ghostysky","og_description":"The DJI Mavic 3 Pro Fly More Combo (DJI RC) is a high-end drone that includes the DJI Mavic 3 Pro drone, the DJI RC controller, two additional Intelligent Flight Batteries, a Battery Charging Hub (100W), and a set of ND filters (ND8\/16\/32\/64).","og_url":"https:\/\/www.ghostysky.com\/pt\/produto-2\/dji-mavic-3-pro-fly-more-combo-dji-rc\/","og_site_name":"Ghostysky","article_publisher":"https:\/\/www.facebook.com\/people\/Ghostysky\/100057676170234\/","article_modified_time":"2026-01-15T06:54:30+00:00","og_image":[{"width":1280,"height":1280,"url":"https:\/\/www.ghostysky.com\/wp-content\/uploads\/2024\/03\/GH-Mavic3_pro_1.jpg","type":"image\/jpeg"}],"twitter_card":"summary_large_image","twitter_site":"@Gh0stysky","twitter_misc":{"Tempo estimado de leitura":"2 minutos"},"schema":{"@context":"https:\/\/schema.org","@graph":[{"@type":"WebPage","@id":"https:\/\/www.ghostysky.com\/product\/dji-mavic-3-pro-fly-more-combo-dji-rc\/","url":"https:\/\/www.ghostysky.com\/product\/dji-mavic-3-pro-fly-more-combo-dji-rc\/","name":"DJI Mavic 3 Pro Fly More Combo (DJI RC) - Ghostysky","isPartOf":{"@id":"https:\/\/www.ghostysky.com\/#website"},"primaryImageOfPage":{"@id":"https:\/\/www.ghostysky.com\/product\/dji-mavic-3-pro-fly-more-combo-dji-rc\/#primaryimage"},"image":{"@id":"https:\/\/www.ghostysky.com\/product\/dji-mavic-3-pro-fly-more-combo-dji-rc\/#primaryimage"},"thumbnailUrl":"https:\/\/www.ghostysky.com\/wp-content\/uploads\/2024\/03\/GH-Mavic3_pro_1.jpg","datePublished":"2024-03-17T08:09:40+00:00","dateModified":"2026-01-15T06:54:30+00:00","description":"O DJI Mavic 3 Pro Fly More Combo (DJI RC) \u00e9 um drone de \u00faltima gera\u00e7\u00e3o que inclui o drone DJI Mavic 3 Pro, o controlador DJI RC, duas baterias de voo inteligentes adicionais, um hub de carregamento de bateria (100 W) e um conjunto de Filtros ND (ND8\/16\/32\/64).","breadcrumb":{"@id":"https:\/\/www.ghostysky.com\/product\/dji-mavic-3-pro-fly-more-combo-dji-rc\/#breadcrumb"},"inLanguage":"pt-PT","potentialAction":[{"@type":"ReadAction","target":["https:\/\/www.ghostysky.com\/product\/dji-mavic-3-pro-fly-more-combo-dji-rc\/"]}]},{"@type":"ImageObject","inLanguage":"pt-PT","@id":"https:\/\/www.ghostysky.com\/product\/dji-mavic-3-pro-fly-more-combo-dji-rc\/#primaryimage","url":"https:\/\/www.ghostysky.com\/wp-content\/uploads\/2024\/03\/GH-Mavic3_pro_1.jpg","contentUrl":"https:\/\/www.ghostysky.com\/wp-content\/uploads\/2024\/03\/GH-Mavic3_pro_1.jpg","width":1280,"height":1280},{"@type":"BreadcrumbList","@id":"https:\/\/www.ghostysky.com\/product\/dji-mavic-3-pro-fly-more-combo-dji-rc\/#breadcrumb","itemListElement":[{"@type":"ListItem","position":1,"name":"Home","item":"https:\/\/www.ghostysky.com\/"},{"@type":"ListItem","position":2,"name":"Shop","item":"https:\/\/www.ghostysky.com\/shop\/"},{"@type":"ListItem","position":3,"name":"DJI Mavic 3 Pro Fly More Combo (DJI RC)"}]},{"@type":"WebSite","@id":"https:\/\/www.ghostysky.com\/#website","url":"https:\/\/www.ghostysky.com\/","name":"Ghostysky","description":"Fornecendo drones e servi\u00e7os profissionais","publisher":{"@id":"https:\/\/www.ghostysky.com\/#organization"},"potentialAction":[{"@type":"SearchAction","target":{"@type":"EntryPoint","urlTemplate":"https:\/\/www.ghostysky.com\/?s={search_term_string}"},"query-input":{"@type":"PropertyValueSpecification","valueRequired":true,"valueName":"search_term_string"}}],"inLanguage":"pt-PT"},{"@type":"Organization","@id":"https:\/\/www.ghostysky.com\/#organization","name":"Ghostysky","url":"https:\/\/www.ghostysky.com\/","logo":{"@type":"ImageObject","inLanguage":"pt-PT","@id":"https:\/\/www.ghostysky.com\/#\/schema\/logo\/image\/","url":"https:\/\/www.ghostysky.com\/wp-content\/uploads\/2020\/06\/cropped-ghostyskylogo_text_white2.png","contentUrl":"https:\/\/www.ghostysky.com\/wp-content\/uploads\/2020\/06\/cropped-ghostyskylogo_text_white2.png","width":169,"height":56,"caption":"Ghostysky"},"image":{"@id":"https:\/\/www.ghostysky.com\/#\/schema\/logo\/image\/"},"sameAs":["https:\/\/www.facebook.com\/people\/Ghostysky\/100057676170234\/","https:\/\/x.com\/Gh0stysky","https:\/\/www.linkedin.com\/company\/34739653","https:\/\/www.instagram.com\/gh0stysky"]}]}},"_links":{"self":[{"href":"https:\/\/www.ghostysky.com\/pt\/wp-json\/wp\/v2\/product\/17628","targetHints":{"allow":["GET"]}}],"collection":[{"href":"https:\/\/www.ghostysky.com\/pt\/wp-json\/wp\/v2\/product"}],"about":[{"href":"https:\/\/www.ghostysky.com\/pt\/wp-json\/wp\/v2\/types\/product"}],"replies":[{"embeddable":true,"href":"https:\/\/www.ghostysky.com\/pt\/wp-json\/wp\/v2\/comments?post=17628"}],"wp:featuredmedia":[{"embeddable":true,"href":"https:\/\/www.ghostysky.com\/pt\/wp-json\/wp\/v2\/media\/17409"}],"wp:attachment":[{"href":"https:\/\/www.ghostysky.com\/pt\/wp-json\/wp\/v2\/media?parent=17628"}],"wp:term":[{"taxonomy":"product_brand","embeddable":true,"href":"https:\/\/www.ghostysky.com\/pt\/wp-json\/wp\/v2\/product_brand?post=17628"},{"taxonomy":"product_cat","embeddable":true,"href":"https:\/\/www.ghostysky.com\/pt\/wp-json\/wp\/v2\/product_cat?post=17628"},{"taxonomy":"product_tag","embeddable":true,"href":"https:\/\/www.ghostysky.com\/pt\/wp-json\/wp\/v2\/product_tag?post=17628"}],"curies":[{"name":"wp","href":"https:\/\/api.w.org\/{rel}","templated":true}]}}