{"id":17631,"date":"2024-03-17T08:15:00","date_gmt":"2024-03-17T08:15:00","guid":{"rendered":"https:\/\/www.ghostysky.com\/?post_type=product&#038;p=17631"},"modified":"2026-01-15T06:52:42","modified_gmt":"2026-01-15T06:52:42","slug":"dji-mavic-3-pro-fly-more-combo-dji-rc-pro","status":"publish","type":"product","link":"https:\/\/www.ghostysky.com\/pt\/product\/dji-mavic-3-pro-fly-more-combo-dji-rc-pro\/","title":{"rendered":"DJI Mavic 3 Pro Fly More Combo (DJI RC Pro)"},"content":{"rendered":"<p data-sourcepos=\"3:1-3:11\"><strong>C\u00e2mera:<\/strong><\/p>\n<ul data-sourcepos=\"5:1-8:0\">\n<li data-sourcepos=\"5:1-5:81\">Sistema de c\u00e2mera dupla Hasselblad com sensor CMOS 4\/3 para qualidade de imagem impressionante<\/li>\n<li data-sourcepos=\"6:1-6:38\">Fotos de 20 MP e grava\u00e7\u00e3o de v\u00eddeo de 5,1K<\/li>\n<li data-sourcepos=\"7:1-8:0\">Lente telefoto de 70 mm para capturar assuntos distantes<\/li>\n<\/ul>\n<p data-sourcepos=\"9:1-9:23\"><strong>Desempenho de voo:<\/strong><\/p>\n<ul data-sourcepos=\"11:1-14:0\">\n<li data-sourcepos=\"11:1-11:79\">At\u00e9 46 minutos de voo com uma \u00fanica bateria (dependendo das condi\u00e7\u00f5es)<\/li>\n<li data-sourcepos=\"12:1-12:91\">Sistema de transmiss\u00e3o OcuSync 3+ para um alcance m\u00e1ximo de transmiss\u00e3o de v\u00eddeo de 15 km (compat\u00edvel com FCC)<\/li>\n<li data-sourcepos=\"13:1-14:0\">Recursos avan\u00e7ados para evitar obst\u00e1culos para um voo mais seguro<\/li>\n<\/ul>\n<p data-sourcepos=\"15:1-15:26\"><strong>Controlador DJI RC Pro:<\/strong><\/p>\n<ul data-sourcepos=\"17:1-20:0\">\n<li data-sourcepos=\"17:1-17:79\">Tela de alto brilho (1000 nits) para visualiza\u00e7\u00e3o n\u00edtida mesmo sob luz solar direta<\/li>\n<li data-sourcepos=\"18:1-18:47\">Transmiss\u00e3o integrada de longo alcance (at\u00e9 15 km)<\/li>\n<li data-sourcepos=\"19:1-20:0\">Design ergon\u00f4mico confort\u00e1vel<\/li>\n<\/ul>\n<p data-sourcepos=\"21:1-21:19\"><strong>Voe mais combo:<\/strong><\/p>\n<p data-sourcepos=\"23:1-23:92\">A combina\u00e7\u00e3o inclui baterias extras e acess\u00f3rios para maior tempo de v\u00f4o e versatilidade:<\/p>\n<ul data-sourcepos=\"25:1-28:0\">\n<li data-sourcepos=\"25:1-25:32\">3 baterias de voo inteligentes<\/li>\n<li data-sourcepos=\"26:1-26:24\">6 h\u00e9lices de baixo ru\u00eddo<\/li>\n<li data-sourcepos=\"27:1-28:0\">Filtros ND (ND 8\/16\/32\/64) para melhor controle da velocidade do obturador<\/li>\n<\/ul>\n<p data-sourcepos=\"29:1-29:302\">No geral, o DJI Mavic 3 Pro Fly More Combo (DJI RC Pro) \u00e9 um drone poderoso e vers\u00e1til para fot\u00f3grafos profissionais, cinegrafistas e criadores de conte\u00fado. Com seu sistema de c\u00e2mera de alta qualidade, tempo de voo estendido e recursos avan\u00e7ados, ele permite capturar imagens e imagens a\u00e9reas impressionantes.<\/p>\n<p data-sourcepos=\"31:1-31:58\">Aqui est\u00e3o algumas coisas a considerar antes de comprar este drone:<\/p>\n<ul data-sourcepos=\"33:1-35:96\">\n<li data-sourcepos=\"33:1-33:100\">Pre\u00e7o: O DJI Mavic 3 Pro Fly More Combo (DJI RC Pro) \u00e9 um drone de \u00faltima gera\u00e7\u00e3o e tem um pre\u00e7o adequado.<\/li>\n<li data-sourcepos=\"34:1-34:136\">Complexidade: Possui uma variedade de recursos e funcionalidades, por isso pode levar algum tempo para aprender a voar e oper\u00e1-lo com efic\u00e1cia.<\/li>\n<li data-sourcepos=\"35:1-35:96\">Regulamentos: Certifique-se de estar familiarizado com os regulamentos sobre drones em sua \u00e1rea antes de voar.<\/li>\n<\/ul>","protected":false},"excerpt":{"rendered":"<p>O DJI Mavic 3 Pro Fly More Combo (DJI RC Pro) \u00e9 um pacote de drones de \u00faltima gera\u00e7\u00e3o projetado para uso profissional.<\/p>","protected":false},"featured_media":17409,"comment_status":"open","ping_status":"closed","template":"","meta":[],"product_brand":[],"product_cat":[752,37,29,786,784],"product_tag":[42,774,787,788],"class_list":{"0":"post-17631","1":"product","2":"type-product","3":"status-publish","4":"has-post-thumbnail","6":"product_cat-aerial-photography","7":"product_cat-dji","8":"product_cat-drones","9":"product_cat-drones-mavic-3-pro","10":"product_cat-mavic-3-pro","11":"product_tag-dji","12":"product_tag-fly-more-combo","13":"product_tag-mavic-3-pro","14":"product_tag-rc-pro","16":"first","17":"outofstock","18":"taxable","19":"shipping-taxable","20":"purchasable","21":"product-type-simple"},"yoast_head":"<!-- This site is optimized with the Yoast SEO plugin v27.1.1 - https:\/\/yoast.com\/product\/yoast-seo-wordpress\/ -->\n<title>DJI Mavic 3 Pro Fly More Combo (DJI RC Pro) - Ghostysky<\/title>\n<meta name=\"description\" content=\"The DJI Mavic 3 Pro Fly More Combo (DJI RC Pro) is a high-end drone bundle designed for professional use.\" \/>\n<meta name=\"robots\" content=\"index, follow, max-snippet:-1, max-image-preview:large, max-video-preview:-1\" \/>\n<link rel=\"canonical\" href=\"https:\/\/www.ghostysky.com\/pt\/produto-2\/dji-mavic-3-pro-fly-more-combo-dji-rc-pro\/\" \/>\n<meta property=\"og:locale\" content=\"pt_PT\" \/>\n<meta property=\"og:type\" content=\"article\" \/>\n<meta property=\"og:title\" content=\"DJI Mavic 3 Pro Fly More Combo (DJI RC Pro) - Ghostysky\" \/>\n<meta property=\"og:description\" content=\"The DJI Mavic 3 Pro Fly More Combo (DJI RC Pro) is a high-end drone bundle designed for professional use.\" \/>\n<meta property=\"og:url\" content=\"https:\/\/www.ghostysky.com\/pt\/produto-2\/dji-mavic-3-pro-fly-more-combo-dji-rc-pro\/\" \/>\n<meta property=\"og:site_name\" content=\"Ghostysky\" \/>\n<meta property=\"article:publisher\" content=\"https:\/\/www.facebook.com\/people\/Ghostysky\/100057676170234\/\" \/>\n<meta property=\"article:modified_time\" content=\"2026-01-15T06:52:42+00:00\" \/>\n<meta property=\"og:image\" content=\"https:\/\/www.ghostysky.com\/wp-content\/uploads\/2024\/03\/GH-Mavic3_pro_1.jpg\" \/>\n\t<meta property=\"og:image:width\" content=\"1280\" \/>\n\t<meta property=\"og:image:height\" content=\"1280\" \/>\n\t<meta property=\"og:image:type\" content=\"image\/jpeg\" \/>\n<meta name=\"twitter:card\" content=\"summary_large_image\" \/>\n<meta name=\"twitter:site\" content=\"@Gh0stysky\" \/>\n<meta name=\"twitter:label1\" content=\"Tempo estimado de leitura\" \/>\n\t<meta name=\"twitter:data1\" content=\"2 minutos\" \/>\n<script type=\"application\/ld+json\" class=\"yoast-schema-graph\">{\"@context\":\"https:\/\/schema.org\",\"@graph\":[{\"@type\":\"WebPage\",\"@id\":\"https:\/\/www.ghostysky.com\/product\/dji-mavic-3-pro-fly-more-combo-dji-rc-pro\/\",\"url\":\"https:\/\/www.ghostysky.com\/product\/dji-mavic-3-pro-fly-more-combo-dji-rc-pro\/\",\"name\":\"DJI Mavic 3 Pro Fly More Combo (DJI RC Pro) - Ghostysky\",\"isPartOf\":{\"@id\":\"https:\/\/www.ghostysky.com\/#website\"},\"primaryImageOfPage\":{\"@id\":\"https:\/\/www.ghostysky.com\/product\/dji-mavic-3-pro-fly-more-combo-dji-rc-pro\/#primaryimage\"},\"image\":{\"@id\":\"https:\/\/www.ghostysky.com\/product\/dji-mavic-3-pro-fly-more-combo-dji-rc-pro\/#primaryimage\"},\"thumbnailUrl\":\"https:\/\/www.ghostysky.com\/wp-content\/uploads\/2024\/03\/GH-Mavic3_pro_1.jpg\",\"datePublished\":\"2024-03-17T08:15:00+00:00\",\"dateModified\":\"2026-01-15T06:52:42+00:00\",\"description\":\"The DJI Mavic 3 Pro Fly More Combo (DJI RC Pro) is a high-end drone bundle designed for professional use.\",\"breadcrumb\":{\"@id\":\"https:\/\/www.ghostysky.com\/product\/dji-mavic-3-pro-fly-more-combo-dji-rc-pro\/#breadcrumb\"},\"inLanguage\":\"pt-PT\",\"potentialAction\":[{\"@type\":\"ReadAction\",\"target\":[\"https:\/\/www.ghostysky.com\/product\/dji-mavic-3-pro-fly-more-combo-dji-rc-pro\/\"]}]},{\"@type\":\"ImageObject\",\"inLanguage\":\"pt-PT\",\"@id\":\"https:\/\/www.ghostysky.com\/product\/dji-mavic-3-pro-fly-more-combo-dji-rc-pro\/#primaryimage\",\"url\":\"https:\/\/www.ghostysky.com\/wp-content\/uploads\/2024\/03\/GH-Mavic3_pro_1.jpg\",\"contentUrl\":\"https:\/\/www.ghostysky.com\/wp-content\/uploads\/2024\/03\/GH-Mavic3_pro_1.jpg\",\"width\":1280,\"height\":1280},{\"@type\":\"BreadcrumbList\",\"@id\":\"https:\/\/www.ghostysky.com\/product\/dji-mavic-3-pro-fly-more-combo-dji-rc-pro\/#breadcrumb\",\"itemListElement\":[{\"@type\":\"ListItem\",\"position\":1,\"name\":\"Home\",\"item\":\"https:\/\/www.ghostysky.com\/\"},{\"@type\":\"ListItem\",\"position\":2,\"name\":\"Shop\",\"item\":\"https:\/\/www.ghostysky.com\/shop\/\"},{\"@type\":\"ListItem\",\"position\":3,\"name\":\"DJI Mavic 3 Pro Fly More Combo (DJI RC Pro)\"}]},{\"@type\":\"WebSite\",\"@id\":\"https:\/\/www.ghostysky.com\/#website\",\"url\":\"https:\/\/www.ghostysky.com\/\",\"name\":\"Ghostysky\",\"description\":\"Delivering professional drones and services\",\"publisher\":{\"@id\":\"https:\/\/www.ghostysky.com\/#organization\"},\"potentialAction\":[{\"@type\":\"SearchAction\",\"target\":{\"@type\":\"EntryPoint\",\"urlTemplate\":\"https:\/\/www.ghostysky.com\/?s={search_term_string}\"},\"query-input\":{\"@type\":\"PropertyValueSpecification\",\"valueRequired\":true,\"valueName\":\"search_term_string\"}}],\"inLanguage\":\"pt-PT\"},{\"@type\":\"Organization\",\"@id\":\"https:\/\/www.ghostysky.com\/#organization\",\"name\":\"Ghostysky\",\"url\":\"https:\/\/www.ghostysky.com\/\",\"logo\":{\"@type\":\"ImageObject\",\"inLanguage\":\"pt-PT\",\"@id\":\"https:\/\/www.ghostysky.com\/#\/schema\/logo\/image\/\",\"url\":\"https:\/\/www.ghostysky.com\/wp-content\/uploads\/2020\/06\/cropped-ghostyskylogo_text_white2.png\",\"contentUrl\":\"https:\/\/www.ghostysky.com\/wp-content\/uploads\/2020\/06\/cropped-ghostyskylogo_text_white2.png\",\"width\":169,\"height\":56,\"caption\":\"Ghostysky\"},\"image\":{\"@id\":\"https:\/\/www.ghostysky.com\/#\/schema\/logo\/image\/\"},\"sameAs\":[\"https:\/\/www.facebook.com\/people\/Ghostysky\/100057676170234\/\",\"https:\/\/x.com\/Gh0stysky\",\"https:\/\/www.linkedin.com\/company\/34739653\",\"https:\/\/www.instagram.com\/gh0stysky\"]}]}<\/script>\n<!-- \/ Yoast SEO plugin. -->","yoast_head_json":{"title":"DJI Mavic 3 Pro Fly More Combo (DJI RC Pro) - Ghostysky","description":"O DJI Mavic 3 Pro Fly More Combo (DJI RC Pro) \u00e9 um pacote de drones de \u00faltima gera\u00e7\u00e3o projetado para uso profissional.","robots":{"index":"index","follow":"follow","max-snippet":"max-snippet:-1","max-image-preview":"max-image-preview:large","max-video-preview":"max-video-preview:-1"},"canonical":"https:\/\/www.ghostysky.com\/pt\/produto-2\/dji-mavic-3-pro-fly-more-combo-dji-rc-pro\/","og_locale":"pt_PT","og_type":"article","og_title":"DJI Mavic 3 Pro Fly More Combo (DJI RC Pro) - Ghostysky","og_description":"The DJI Mavic 3 Pro Fly More Combo (DJI RC Pro) is a high-end drone bundle designed for professional use.","og_url":"https:\/\/www.ghostysky.com\/pt\/produto-2\/dji-mavic-3-pro-fly-more-combo-dji-rc-pro\/","og_site_name":"Ghostysky","article_publisher":"https:\/\/www.facebook.com\/people\/Ghostysky\/100057676170234\/","article_modified_time":"2026-01-15T06:52:42+00:00","og_image":[{"width":1280,"height":1280,"url":"https:\/\/www.ghostysky.com\/wp-content\/uploads\/2024\/03\/GH-Mavic3_pro_1.jpg","type":"image\/jpeg"}],"twitter_card":"summary_large_image","twitter_site":"@Gh0stysky","twitter_misc":{"Tempo estimado de leitura":"2 minutos"},"schema":{"@context":"https:\/\/schema.org","@graph":[{"@type":"WebPage","@id":"https:\/\/www.ghostysky.com\/product\/dji-mavic-3-pro-fly-more-combo-dji-rc-pro\/","url":"https:\/\/www.ghostysky.com\/product\/dji-mavic-3-pro-fly-more-combo-dji-rc-pro\/","name":"DJI Mavic 3 Pro Fly More Combo (DJI RC Pro) - Ghostysky","isPartOf":{"@id":"https:\/\/www.ghostysky.com\/#website"},"primaryImageOfPage":{"@id":"https:\/\/www.ghostysky.com\/product\/dji-mavic-3-pro-fly-more-combo-dji-rc-pro\/#primaryimage"},"image":{"@id":"https:\/\/www.ghostysky.com\/product\/dji-mavic-3-pro-fly-more-combo-dji-rc-pro\/#primaryimage"},"thumbnailUrl":"https:\/\/www.ghostysky.com\/wp-content\/uploads\/2024\/03\/GH-Mavic3_pro_1.jpg","datePublished":"2024-03-17T08:15:00+00:00","dateModified":"2026-01-15T06:52:42+00:00","description":"O DJI Mavic 3 Pro Fly More Combo (DJI RC Pro) \u00e9 um pacote de drones de \u00faltima gera\u00e7\u00e3o projetado para uso profissional.","breadcrumb":{"@id":"https:\/\/www.ghostysky.com\/product\/dji-mavic-3-pro-fly-more-combo-dji-rc-pro\/#breadcrumb"},"inLanguage":"pt-PT","potentialAction":[{"@type":"ReadAction","target":["https:\/\/www.ghostysky.com\/product\/dji-mavic-3-pro-fly-more-combo-dji-rc-pro\/"]}]},{"@type":"ImageObject","inLanguage":"pt-PT","@id":"https:\/\/www.ghostysky.com\/product\/dji-mavic-3-pro-fly-more-combo-dji-rc-pro\/#primaryimage","url":"https:\/\/www.ghostysky.com\/wp-content\/uploads\/2024\/03\/GH-Mavic3_pro_1.jpg","contentUrl":"https:\/\/www.ghostysky.com\/wp-content\/uploads\/2024\/03\/GH-Mavic3_pro_1.jpg","width":1280,"height":1280},{"@type":"BreadcrumbList","@id":"https:\/\/www.ghostysky.com\/product\/dji-mavic-3-pro-fly-more-combo-dji-rc-pro\/#breadcrumb","itemListElement":[{"@type":"ListItem","position":1,"name":"Home","item":"https:\/\/www.ghostysky.com\/"},{"@type":"ListItem","position":2,"name":"Shop","item":"https:\/\/www.ghostysky.com\/shop\/"},{"@type":"ListItem","position":3,"name":"DJI Mavic 3 Pro Fly More Combo (DJI RC Pro)"}]},{"@type":"WebSite","@id":"https:\/\/www.ghostysky.com\/#website","url":"https:\/\/www.ghostysky.com\/","name":"Ghostysky","description":"Fornecendo drones e servi\u00e7os profissionais","publisher":{"@id":"https:\/\/www.ghostysky.com\/#organization"},"potentialAction":[{"@type":"SearchAction","target":{"@type":"EntryPoint","urlTemplate":"https:\/\/www.ghostysky.com\/?s={search_term_string}"},"query-input":{"@type":"PropertyValueSpecification","valueRequired":true,"valueName":"search_term_string"}}],"inLanguage":"pt-PT"},{"@type":"Organization","@id":"https:\/\/www.ghostysky.com\/#organization","name":"Ghostysky","url":"https:\/\/www.ghostysky.com\/","logo":{"@type":"ImageObject","inLanguage":"pt-PT","@id":"https:\/\/www.ghostysky.com\/#\/schema\/logo\/image\/","url":"https:\/\/www.ghostysky.com\/wp-content\/uploads\/2020\/06\/cropped-ghostyskylogo_text_white2.png","contentUrl":"https:\/\/www.ghostysky.com\/wp-content\/uploads\/2020\/06\/cropped-ghostyskylogo_text_white2.png","width":169,"height":56,"caption":"Ghostysky"},"image":{"@id":"https:\/\/www.ghostysky.com\/#\/schema\/logo\/image\/"},"sameAs":["https:\/\/www.facebook.com\/people\/Ghostysky\/100057676170234\/","https:\/\/x.com\/Gh0stysky","https:\/\/www.linkedin.com\/company\/34739653","https:\/\/www.instagram.com\/gh0stysky"]}]}},"_links":{"self":[{"href":"https:\/\/www.ghostysky.com\/pt\/wp-json\/wp\/v2\/product\/17631","targetHints":{"allow":["GET"]}}],"collection":[{"href":"https:\/\/www.ghostysky.com\/pt\/wp-json\/wp\/v2\/product"}],"about":[{"href":"https:\/\/www.ghostysky.com\/pt\/wp-json\/wp\/v2\/types\/product"}],"replies":[{"embeddable":true,"href":"https:\/\/www.ghostysky.com\/pt\/wp-json\/wp\/v2\/comments?post=17631"}],"wp:featuredmedia":[{"embeddable":true,"href":"https:\/\/www.ghostysky.com\/pt\/wp-json\/wp\/v2\/media\/17409"}],"wp:attachment":[{"href":"https:\/\/www.ghostysky.com\/pt\/wp-json\/wp\/v2\/media?parent=17631"}],"wp:term":[{"taxonomy":"product_brand","embeddable":true,"href":"https:\/\/www.ghostysky.com\/pt\/wp-json\/wp\/v2\/product_brand?post=17631"},{"taxonomy":"product_cat","embeddable":true,"href":"https:\/\/www.ghostysky.com\/pt\/wp-json\/wp\/v2\/product_cat?post=17631"},{"taxonomy":"product_tag","embeddable":true,"href":"https:\/\/www.ghostysky.com\/pt\/wp-json\/wp\/v2\/product_tag?post=17631"}],"curies":[{"name":"wp","href":"https:\/\/api.w.org\/{rel}","templated":true}]}}