{"id":17634,"date":"2024-03-17T08:19:17","date_gmt":"2024-03-17T08:19:17","guid":{"rendered":"https:\/\/www.ghostysky.com\/?post_type=product&#038;p=17634"},"modified":"2026-01-15T06:52:12","modified_gmt":"2026-01-15T06:52:12","slug":"dji-mavic-3-pro-cine-premium-combo-dji-rc-pro","status":"publish","type":"product","link":"https:\/\/www.ghostysky.com\/pt\/product\/dji-mavic-3-pro-cine-premium-combo-dji-rc-pro\/","title":{"rendered":"DJI Mavic 3 Pro Cine Premium Combo (DJI RC Pro)"},"content":{"rendered":"<p data-sourcepos=\"3:1-3:11\"><strong>C\u00e2mera:<\/strong><\/p>\n<ul data-sourcepos=\"5:1-9:0\">\n<li data-sourcepos=\"5:1-5:189\">C\u00e2mera Hasselblad com sensor CMOS 4\/3: Este sensor \u00e9 maior do que os encontrados na maioria dos drones de consumo, o que permite capturar imagens de maior qualidade com mais detalhes e menos ru\u00eddo.<\/li>\n<li data-sourcepos=\"6:1-6:101\">C\u00e2meras telefoto duplas: essas c\u00e2meras permitem que voc\u00ea amplie seus assuntos sem perder qualidade.<\/li>\n<li data-sourcepos=\"7:1-7:120\">Fotos RAW de 12 bits: As fotos RAW capturam mais dados do que JPEGs, o que oferece mais flexibilidade ao editar suas fotos.<\/li>\n<li data-sourcepos=\"8:1-9:0\">At\u00e9 12,8 pontos de faixa din\u00e2mica: isso permite capturar detalhes tanto nos realces quanto nas sombras de suas fotos.<\/li>\n<\/ul>\n<p data-sourcepos=\"10:1-10:23\"><strong>Desempenho de voo:<\/strong><\/p>\n<ul data-sourcepos=\"12:1-15:0\">\n<li data-sourcepos=\"12:1-12:95\">At\u00e9 43 minutos de voo: isso lhe d\u00e1 tempo suficiente para capturar as fotos que voc\u00ea precisa.<\/li>\n<li data-sourcepos=\"13:1-13:87\">Detec\u00e7\u00e3o de obst\u00e1culos omnidirecional: Isso ajuda a manter seu drone protegido contra colis\u00f5es.<\/li>\n<li data-sourcepos=\"14:1-15:0\">Transmiss\u00e3o de v\u00eddeo HD de 15 km: Isso permite que voc\u00ea veja o que seu drone est\u00e1 vendo de longa dist\u00e2ncia.<\/li>\n<\/ul>\n<p data-sourcepos=\"16:1-16:19\"><strong>Outras caracter\u00edsticas:<\/strong><\/p>\n<ul data-sourcepos=\"18:1-20:0\">\n<li data-sourcepos=\"18:1-18:154\">Controlador DJI RC Pro: Este controlador possui uma tela integrada que permite ver o que seu drone est\u00e1 vendo sem precisar conectar seu smartphone.<\/li>\n<li data-sourcepos=\"19:1-20:0\">H\u00e9lices de baixo ru\u00eddo: Essas h\u00e9lices ajudam a reduzir o ru\u00eddo durante o v\u00f4o.<\/li>\n<\/ul>\n<p data-sourcepos=\"21:1-21:216\"><strong>No geral, o DJI Mavic 3 Pro Cine Premium Combo (DJI RC Pro) \u00e9 um drone poderoso capaz de capturar fotos a\u00e9reas e v\u00eddeos impressionantes. No entanto, \u00e9 tamb\u00e9m um dos drones mais caros do mercado.<\/strong><\/p>\n<p data-sourcepos=\"21:1-21:216\"><strong>NA CAIXA<\/strong><\/p>\n<ul>\n<li data-sourcepos=\"21:1-21:216\">1x DJI Mavic 3 Pr\u00f3<\/li>\n<li data-sourcepos=\"21:1-21:216\">1x controle remoto DJI RC PRO<\/li>\n<li data-sourcepos=\"21:1-21:216\">1x bast\u00f5es de controle remoto DJI RC PRO<\/li>\n<li data-sourcepos=\"21:1-21:216\">1x cabo DJI RC PRO (conector USB tipo C)<\/li>\n<li data-sourcepos=\"21:1-21:216\">1x cabo DJI RC PRO (conector micro-USB padr\u00e3o)<\/li>\n<li data-sourcepos=\"21:1-21:216\">1x cabo DJI RC PRO (conector rel\u00e2mpago)<\/li>\n<li data-sourcepos=\"21:1-21:216\">3x Bateria de Voo Inteligente DJI Mavic 3<\/li>\n<li data-sourcepos=\"21:1-21:216\">6x h\u00e9lices de baixo ru\u00eddo DJI Mavic 3 (par)<\/li>\n<li data-sourcepos=\"21:1-21:216\">1x hub de carregamento de bateria DJI Mavic 3<\/li>\n<li data-sourcepos=\"21:1-21:216\">1x carregador port\u00e1til DJI 65W<\/li>\n<li data-sourcepos=\"21:1-21:216\">1 capa de armazenamento DJI Mavic 3 Pro<\/li>\n<li data-sourcepos=\"21:1-21:216\">1x conjunto de filtros DJI Mavic 3 Pro ND (ND481632)<\/li>\n<li data-sourcepos=\"21:1-21:216\">1 bolsa de ombro DJI<\/li>\n<\/ul>","protected":false},"excerpt":{"rendered":"<p>O DJI Mavic 3 Pro Cine Premium Combo (DJI RC Pro) \u00e9 um drone de \u00faltima gera\u00e7\u00e3o voltado para cinegrafistas e fot\u00f3grafos profissionais.<\/p>","protected":false},"featured_media":17409,"comment_status":"open","ping_status":"closed","template":"","meta":[],"product_brand":[],"product_cat":[752,37,29,786,784],"product_tag":[789,42,787,788],"class_list":{"0":"post-17634","1":"product","2":"type-product","3":"status-publish","4":"has-post-thumbnail","6":"product_cat-aerial-photography","7":"product_cat-dji","8":"product_cat-drones","9":"product_cat-drones-mavic-3-pro","10":"product_cat-mavic-3-pro","11":"product_tag-cine-premium-combo","12":"product_tag-dji","13":"product_tag-mavic-3-pro","14":"product_tag-rc-pro","16":"first","17":"outofstock","18":"taxable","19":"shipping-taxable","20":"purchasable","21":"product-type-simple"},"yoast_head":"<!-- This site is optimized with the Yoast SEO plugin v27.4 - https:\/\/yoast.com\/product\/yoast-seo-wordpress\/ -->\n<title>DJI Mavic 3 Pro Cine Premium Combo (DJI RC Pro) - Ghostysky<\/title>\n<meta name=\"description\" content=\"The DJI Mavic 3 Pro Cine Premium Combo (DJI RC Pro) is a high-end drone that is targeted towards professional videographers and photographers.\" \/>\n<meta name=\"robots\" content=\"index, follow, max-snippet:-1, max-image-preview:large, max-video-preview:-1\" \/>\n<link rel=\"canonical\" href=\"https:\/\/www.ghostysky.com\/pt\/produto-2\/dji-mavic-3-pro-cine-premium-combo-dji-rc-pro\/\" \/>\n<meta property=\"og:locale\" content=\"pt_PT\" \/>\n<meta property=\"og:type\" content=\"article\" \/>\n<meta property=\"og:title\" content=\"DJI Mavic 3 Pro Cine Premium Combo (DJI RC Pro) - Ghostysky\" \/>\n<meta property=\"og:description\" content=\"The DJI Mavic 3 Pro Cine Premium Combo (DJI RC Pro) is a high-end drone that is targeted towards professional videographers and photographers.\" \/>\n<meta property=\"og:url\" content=\"https:\/\/www.ghostysky.com\/pt\/produto-2\/dji-mavic-3-pro-cine-premium-combo-dji-rc-pro\/\" \/>\n<meta property=\"og:site_name\" content=\"Ghostysky\" \/>\n<meta property=\"article:publisher\" content=\"https:\/\/www.facebook.com\/people\/Ghostysky\/100057676170234\/\" \/>\n<meta property=\"article:modified_time\" content=\"2026-01-15T06:52:12+00:00\" \/>\n<meta property=\"og:image\" content=\"https:\/\/www.ghostysky.com\/wp-content\/uploads\/2024\/03\/GH-Mavic3_pro_1.jpg\" \/>\n\t<meta property=\"og:image:width\" content=\"1280\" \/>\n\t<meta property=\"og:image:height\" content=\"1280\" \/>\n\t<meta property=\"og:image:type\" content=\"image\/jpeg\" \/>\n<meta name=\"twitter:card\" content=\"summary_large_image\" \/>\n<meta name=\"twitter:site\" content=\"@Gh0stysky\" \/>\n<meta name=\"twitter:label1\" content=\"Tempo estimado de leitura\" \/>\n\t<meta name=\"twitter:data1\" content=\"2 minutos\" \/>\n<script type=\"application\/ld+json\" class=\"yoast-schema-graph\">{\"@context\":\"https:\\\/\\\/schema.org\",\"@graph\":[{\"@type\":\"WebPage\",\"@id\":\"https:\\\/\\\/www.ghostysky.com\\\/product\\\/dji-mavic-3-pro-cine-premium-combo-dji-rc-pro\\\/\",\"url\":\"https:\\\/\\\/www.ghostysky.com\\\/product\\\/dji-mavic-3-pro-cine-premium-combo-dji-rc-pro\\\/\",\"name\":\"DJI Mavic 3 Pro Cine Premium Combo (DJI RC Pro) - Ghostysky\",\"isPartOf\":{\"@id\":\"https:\\\/\\\/www.ghostysky.com\\\/#website\"},\"primaryImageOfPage\":{\"@id\":\"https:\\\/\\\/www.ghostysky.com\\\/product\\\/dji-mavic-3-pro-cine-premium-combo-dji-rc-pro\\\/#primaryimage\"},\"image\":{\"@id\":\"https:\\\/\\\/www.ghostysky.com\\\/product\\\/dji-mavic-3-pro-cine-premium-combo-dji-rc-pro\\\/#primaryimage\"},\"thumbnailUrl\":\"https:\\\/\\\/www.ghostysky.com\\\/wp-content\\\/uploads\\\/2024\\\/03\\\/GH-Mavic3_pro_1.jpg\",\"datePublished\":\"2024-03-17T08:19:17+00:00\",\"dateModified\":\"2026-01-15T06:52:12+00:00\",\"description\":\"The DJI Mavic 3 Pro Cine Premium Combo (DJI RC Pro) is a high-end drone that is targeted towards professional videographers and photographers.\",\"breadcrumb\":{\"@id\":\"https:\\\/\\\/www.ghostysky.com\\\/product\\\/dji-mavic-3-pro-cine-premium-combo-dji-rc-pro\\\/#breadcrumb\"},\"inLanguage\":\"pt-PT\",\"potentialAction\":[{\"@type\":\"ReadAction\",\"target\":[\"https:\\\/\\\/www.ghostysky.com\\\/product\\\/dji-mavic-3-pro-cine-premium-combo-dji-rc-pro\\\/\"]}]},{\"@type\":\"ImageObject\",\"inLanguage\":\"pt-PT\",\"@id\":\"https:\\\/\\\/www.ghostysky.com\\\/product\\\/dji-mavic-3-pro-cine-premium-combo-dji-rc-pro\\\/#primaryimage\",\"url\":\"https:\\\/\\\/www.ghostysky.com\\\/wp-content\\\/uploads\\\/2024\\\/03\\\/GH-Mavic3_pro_1.jpg\",\"contentUrl\":\"https:\\\/\\\/www.ghostysky.com\\\/wp-content\\\/uploads\\\/2024\\\/03\\\/GH-Mavic3_pro_1.jpg\",\"width\":1280,\"height\":1280},{\"@type\":\"BreadcrumbList\",\"@id\":\"https:\\\/\\\/www.ghostysky.com\\\/product\\\/dji-mavic-3-pro-cine-premium-combo-dji-rc-pro\\\/#breadcrumb\",\"itemListElement\":[{\"@type\":\"ListItem\",\"position\":1,\"name\":\"Home\",\"item\":\"https:\\\/\\\/www.ghostysky.com\\\/\"},{\"@type\":\"ListItem\",\"position\":2,\"name\":\"Shop\",\"item\":\"https:\\\/\\\/www.ghostysky.com\\\/shop\\\/\"},{\"@type\":\"ListItem\",\"position\":3,\"name\":\"DJI Mavic 3 Pro Cine Premium Combo (DJI RC Pro)\"}]},{\"@type\":\"WebSite\",\"@id\":\"https:\\\/\\\/www.ghostysky.com\\\/#website\",\"url\":\"https:\\\/\\\/www.ghostysky.com\\\/\",\"name\":\"Ghostysky\",\"description\":\"Delivering professional drones and services\",\"publisher\":{\"@id\":\"https:\\\/\\\/www.ghostysky.com\\\/#organization\"},\"potentialAction\":[{\"@type\":\"SearchAction\",\"target\":{\"@type\":\"EntryPoint\",\"urlTemplate\":\"https:\\\/\\\/www.ghostysky.com\\\/?s={search_term_string}\"},\"query-input\":{\"@type\":\"PropertyValueSpecification\",\"valueRequired\":true,\"valueName\":\"search_term_string\"}}],\"inLanguage\":\"pt-PT\"},{\"@type\":\"Organization\",\"@id\":\"https:\\\/\\\/www.ghostysky.com\\\/#organization\",\"name\":\"Ghostysky\",\"url\":\"https:\\\/\\\/www.ghostysky.com\\\/\",\"logo\":{\"@type\":\"ImageObject\",\"inLanguage\":\"pt-PT\",\"@id\":\"https:\\\/\\\/www.ghostysky.com\\\/#\\\/schema\\\/logo\\\/image\\\/\",\"url\":\"https:\\\/\\\/www.ghostysky.com\\\/wp-content\\\/uploads\\\/2020\\\/06\\\/cropped-ghostyskylogo_text_white2.png\",\"contentUrl\":\"https:\\\/\\\/www.ghostysky.com\\\/wp-content\\\/uploads\\\/2020\\\/06\\\/cropped-ghostyskylogo_text_white2.png\",\"width\":169,\"height\":56,\"caption\":\"Ghostysky\"},\"image\":{\"@id\":\"https:\\\/\\\/www.ghostysky.com\\\/#\\\/schema\\\/logo\\\/image\\\/\"},\"sameAs\":[\"https:\\\/\\\/www.facebook.com\\\/people\\\/Ghostysky\\\/100057676170234\\\/\",\"https:\\\/\\\/x.com\\\/Gh0stysky\",\"https:\\\/\\\/www.linkedin.com\\\/company\\\/34739653\",\"https:\\\/\\\/www.instagram.com\\\/gh0stysky\"]}]}<\/script>\n<!-- \/ Yoast SEO plugin. -->","yoast_head_json":{"title":"DJI Mavic 3 Pro Cine Premium Combo (DJI RC Pro) - Ghostysky","description":"O DJI Mavic 3 Pro Cine Premium Combo (DJI RC Pro) \u00e9 um drone de \u00faltima gera\u00e7\u00e3o voltado para cinegrafistas e fot\u00f3grafos profissionais.","robots":{"index":"index","follow":"follow","max-snippet":"max-snippet:-1","max-image-preview":"max-image-preview:large","max-video-preview":"max-video-preview:-1"},"canonical":"https:\/\/www.ghostysky.com\/pt\/produto-2\/dji-mavic-3-pro-cine-premium-combo-dji-rc-pro\/","og_locale":"pt_PT","og_type":"article","og_title":"DJI Mavic 3 Pro Cine Premium Combo (DJI RC Pro) - Ghostysky","og_description":"The DJI Mavic 3 Pro Cine Premium Combo (DJI RC Pro) is a high-end drone that is targeted towards professional videographers and photographers.","og_url":"https:\/\/www.ghostysky.com\/pt\/produto-2\/dji-mavic-3-pro-cine-premium-combo-dji-rc-pro\/","og_site_name":"Ghostysky","article_publisher":"https:\/\/www.facebook.com\/people\/Ghostysky\/100057676170234\/","article_modified_time":"2026-01-15T06:52:12+00:00","og_image":[{"width":1280,"height":1280,"url":"https:\/\/www.ghostysky.com\/wp-content\/uploads\/2024\/03\/GH-Mavic3_pro_1.jpg","type":"image\/jpeg"}],"twitter_card":"summary_large_image","twitter_site":"@Gh0stysky","twitter_misc":{"Tempo estimado de leitura":"2 minutos"},"schema":{"@context":"https:\/\/schema.org","@graph":[{"@type":"WebPage","@id":"https:\/\/www.ghostysky.com\/product\/dji-mavic-3-pro-cine-premium-combo-dji-rc-pro\/","url":"https:\/\/www.ghostysky.com\/product\/dji-mavic-3-pro-cine-premium-combo-dji-rc-pro\/","name":"DJI Mavic 3 Pro Cine Premium Combo (DJI RC Pro) - Ghostysky","isPartOf":{"@id":"https:\/\/www.ghostysky.com\/#website"},"primaryImageOfPage":{"@id":"https:\/\/www.ghostysky.com\/product\/dji-mavic-3-pro-cine-premium-combo-dji-rc-pro\/#primaryimage"},"image":{"@id":"https:\/\/www.ghostysky.com\/product\/dji-mavic-3-pro-cine-premium-combo-dji-rc-pro\/#primaryimage"},"thumbnailUrl":"https:\/\/www.ghostysky.com\/wp-content\/uploads\/2024\/03\/GH-Mavic3_pro_1.jpg","datePublished":"2024-03-17T08:19:17+00:00","dateModified":"2026-01-15T06:52:12+00:00","description":"O DJI Mavic 3 Pro Cine Premium Combo (DJI RC Pro) \u00e9 um drone de \u00faltima gera\u00e7\u00e3o voltado para cinegrafistas e fot\u00f3grafos profissionais.","breadcrumb":{"@id":"https:\/\/www.ghostysky.com\/product\/dji-mavic-3-pro-cine-premium-combo-dji-rc-pro\/#breadcrumb"},"inLanguage":"pt-PT","potentialAction":[{"@type":"ReadAction","target":["https:\/\/www.ghostysky.com\/product\/dji-mavic-3-pro-cine-premium-combo-dji-rc-pro\/"]}]},{"@type":"ImageObject","inLanguage":"pt-PT","@id":"https:\/\/www.ghostysky.com\/product\/dji-mavic-3-pro-cine-premium-combo-dji-rc-pro\/#primaryimage","url":"https:\/\/www.ghostysky.com\/wp-content\/uploads\/2024\/03\/GH-Mavic3_pro_1.jpg","contentUrl":"https:\/\/www.ghostysky.com\/wp-content\/uploads\/2024\/03\/GH-Mavic3_pro_1.jpg","width":1280,"height":1280},{"@type":"BreadcrumbList","@id":"https:\/\/www.ghostysky.com\/product\/dji-mavic-3-pro-cine-premium-combo-dji-rc-pro\/#breadcrumb","itemListElement":[{"@type":"ListItem","position":1,"name":"Home","item":"https:\/\/www.ghostysky.com\/"},{"@type":"ListItem","position":2,"name":"Shop","item":"https:\/\/www.ghostysky.com\/shop\/"},{"@type":"ListItem","position":3,"name":"DJI Mavic 3 Pro Cine Premium Combo (DJI RC Pro)"}]},{"@type":"WebSite","@id":"https:\/\/www.ghostysky.com\/#website","url":"https:\/\/www.ghostysky.com\/","name":"Ghostysky","description":"Fornecendo drones e servi\u00e7os profissionais","publisher":{"@id":"https:\/\/www.ghostysky.com\/#organization"},"potentialAction":[{"@type":"SearchAction","target":{"@type":"EntryPoint","urlTemplate":"https:\/\/www.ghostysky.com\/?s={search_term_string}"},"query-input":{"@type":"PropertyValueSpecification","valueRequired":true,"valueName":"search_term_string"}}],"inLanguage":"pt-PT"},{"@type":"Organization","@id":"https:\/\/www.ghostysky.com\/#organization","name":"Ghostysky","url":"https:\/\/www.ghostysky.com\/","logo":{"@type":"ImageObject","inLanguage":"pt-PT","@id":"https:\/\/www.ghostysky.com\/#\/schema\/logo\/image\/","url":"https:\/\/www.ghostysky.com\/wp-content\/uploads\/2020\/06\/cropped-ghostyskylogo_text_white2.png","contentUrl":"https:\/\/www.ghostysky.com\/wp-content\/uploads\/2020\/06\/cropped-ghostyskylogo_text_white2.png","width":169,"height":56,"caption":"Ghostysky"},"image":{"@id":"https:\/\/www.ghostysky.com\/#\/schema\/logo\/image\/"},"sameAs":["https:\/\/www.facebook.com\/people\/Ghostysky\/100057676170234\/","https:\/\/x.com\/Gh0stysky","https:\/\/www.linkedin.com\/company\/34739653","https:\/\/www.instagram.com\/gh0stysky"]}]}},"_links":{"self":[{"href":"https:\/\/www.ghostysky.com\/pt\/wp-json\/wp\/v2\/product\/17634","targetHints":{"allow":["GET"]}}],"collection":[{"href":"https:\/\/www.ghostysky.com\/pt\/wp-json\/wp\/v2\/product"}],"about":[{"href":"https:\/\/www.ghostysky.com\/pt\/wp-json\/wp\/v2\/types\/product"}],"replies":[{"embeddable":true,"href":"https:\/\/www.ghostysky.com\/pt\/wp-json\/wp\/v2\/comments?post=17634"}],"version-history":[{"count":0,"href":"https:\/\/www.ghostysky.com\/pt\/wp-json\/wp\/v2\/product\/17634\/revisions"}],"wp:featuredmedia":[{"embeddable":true,"href":"https:\/\/www.ghostysky.com\/pt\/wp-json\/wp\/v2\/media\/17409"}],"wp:attachment":[{"href":"https:\/\/www.ghostysky.com\/pt\/wp-json\/wp\/v2\/media?parent=17634"}],"wp:term":[{"taxonomy":"product_brand","embeddable":true,"href":"https:\/\/www.ghostysky.com\/pt\/wp-json\/wp\/v2\/product_brand?post=17634"},{"taxonomy":"product_cat","embeddable":true,"href":"https:\/\/www.ghostysky.com\/pt\/wp-json\/wp\/v2\/product_cat?post=17634"},{"taxonomy":"product_tag","embeddable":true,"href":"https:\/\/www.ghostysky.com\/pt\/wp-json\/wp\/v2\/product_tag?post=17634"}],"curies":[{"name":"wp","href":"https:\/\/api.w.org\/{rel}","templated":true}]}}