{"id":17654,"date":"2024-03-17T08:51:15","date_gmt":"2024-03-17T08:51:15","guid":{"rendered":"https:\/\/www.ghostysky.com\/?post_type=product&#038;p=17654"},"modified":"2026-01-15T07:00:01","modified_gmt":"2026-01-15T07:00:01","slug":"dji-mini-3-fly-more-combo-dji-rc","status":"publish","type":"product","link":"https:\/\/www.ghostysky.com\/pt\/product\/dji-mini-3-fly-more-combo-dji-rc\/","title":{"rendered":"DJI Mini 3 Fly More Combo (DJI RC)"},"content":{"rendered":"<p data-sourcepos=\"3:1-3:11\"><strong>C\u00e2mera:<\/strong><\/p>\n<ul data-sourcepos=\"5:1-8:0\">\n<li data-sourcepos=\"5:1-5:21\">Sensor de 12 megapixels<\/li>\n<li data-sourcepos=\"6:1-6:21\">Grava v\u00eddeo 4K HDR<\/li>\n<li data-sourcepos=\"7:1-8:0\">\u00d3timo para m\u00eddias sociais com seu modo \u201cTrue Vertical Shooting\u201d<\/li>\n<\/ul>\n<p data-sourcepos=\"9:1-9:23\"><strong>Desempenho de voo:<\/strong><\/p>\n<ul data-sourcepos=\"11:1-15:0\">\n<li data-sourcepos=\"11:1-11:123\">Menos de 249 gramas, o que significa que pode voar na maioria dos lugares sem a necessidade de licen\u00e7as especiais (os regulamentos podem variar de acordo com o local)<\/li>\n<li data-sourcepos=\"12:1-12:43\">Vida \u00fatil prolongada da bateria em at\u00e9 38 minutos<\/li>\n<li data-sourcepos=\"13:1-13:46\">Resist\u00eancia ao vento at\u00e9 38 quil\u00f3metros por hora<\/li>\n<li data-sourcepos=\"14:1-15:0\">F\u00e1cil de voar para iniciantes<\/li>\n<\/ul>\n<p data-sourcepos=\"16:1-16:19\"><strong>Outras caracter\u00edsticas:<\/strong><\/p>\n<ul data-sourcepos=\"18:1-21:0\">\n<li data-sourcepos=\"18:1-18:28\">Controlador DJI RC inclu\u00eddo<\/li>\n<li data-sourcepos=\"19:1-19:41\">Compat\u00edvel com dispositivos Android e iOS<\/li>\n<li data-sourcepos=\"20:1-21:0\">Recursos como retorno autom\u00e1tico, estabiliza\u00e7\u00e3o de imagem e GPS para um voo f\u00e1cil e seguro<\/li>\n<\/ul>\n<p data-sourcepos=\"22:1-22:275\">No geral, o DJI Mini 3 Fly More Combo (DJI RC) \u00e9 uma boa op\u00e7\u00e3o para amadores e fot\u00f3grafos que desejam um drone compacto e f\u00e1cil de usar que possa capturar imagens a\u00e9reas impressionantes. O Fly More Combo normalmente inclui baterias extras e acess\u00f3rios para maior tempo de v\u00f4o.<\/p>","protected":false},"excerpt":{"rendered":"<p>O DJI Mini 3 Fly More Combo (DJI RC) \u00e9 um drone leve com uma c\u00e2mera embutida que captura fotos e v\u00eddeos de alta qualidade.<\/p>","protected":false},"featured_media":17416,"comment_status":"open","ping_status":"closed","template":"","meta":[],"product_brand":[],"product_cat":[752,37,29,792,790],"product_tag":[42,799,783,774],"class_list":{"0":"post-17654","1":"product","2":"type-product","3":"status-publish","4":"has-post-thumbnail","6":"product_cat-aerial-photography","7":"product_cat-dji","8":"product_cat-drones","9":"product_cat-drones-mini-3","10":"product_cat-mini-3","11":"product_tag-dji","12":"product_tag-dji-mini-3","13":"product_tag-dji-rc","14":"product_tag-fly-more-combo","16":"first","17":"outofstock","18":"taxable","19":"shipping-taxable","20":"purchasable","21":"product-type-simple"},"yoast_head":"<!-- This site is optimized with the Yoast SEO plugin v27.1.1 - https:\/\/yoast.com\/product\/yoast-seo-wordpress\/ -->\n<title>DJI Mini 3 Fly More Combo (DJI RC) - Ghostysky<\/title>\n<meta name=\"description\" content=\"The DJI Mini 3 Fly More Combo (DJI RC) is a lightweight drone with a built-in camera that captures high-quality photos and videos.\" \/>\n<meta name=\"robots\" content=\"index, follow, max-snippet:-1, max-image-preview:large, max-video-preview:-1\" \/>\n<link rel=\"canonical\" href=\"https:\/\/www.ghostysky.com\/pt\/produto-2\/dji-mini-3-fly-more-combo-dji-rc\/\" \/>\n<meta property=\"og:locale\" content=\"pt_PT\" \/>\n<meta property=\"og:type\" content=\"article\" \/>\n<meta property=\"og:title\" content=\"DJI Mini 3 Fly More Combo (DJI RC) - Ghostysky\" \/>\n<meta property=\"og:description\" content=\"The DJI Mini 3 Fly More Combo (DJI RC) is a lightweight drone with a built-in camera that captures high-quality photos and videos.\" \/>\n<meta property=\"og:url\" content=\"https:\/\/www.ghostysky.com\/pt\/produto-2\/dji-mini-3-fly-more-combo-dji-rc\/\" \/>\n<meta property=\"og:site_name\" content=\"Ghostysky\" \/>\n<meta property=\"article:publisher\" content=\"https:\/\/www.facebook.com\/people\/Ghostysky\/100057676170234\/\" \/>\n<meta property=\"article:modified_time\" content=\"2026-01-15T07:00:01+00:00\" \/>\n<meta property=\"og:image\" content=\"https:\/\/www.ghostysky.com\/wp-content\/uploads\/2024\/03\/GH-Mini3_1.jpg\" \/>\n\t<meta property=\"og:image:width\" content=\"1280\" \/>\n\t<meta property=\"og:image:height\" content=\"1280\" \/>\n\t<meta property=\"og:image:type\" content=\"image\/jpeg\" \/>\n<meta name=\"twitter:card\" content=\"summary_large_image\" \/>\n<meta name=\"twitter:site\" content=\"@Gh0stysky\" \/>\n<meta name=\"twitter:label1\" content=\"Tempo estimado de leitura\" \/>\n\t<meta name=\"twitter:data1\" content=\"1 minuto\" \/>\n<script type=\"application\/ld+json\" class=\"yoast-schema-graph\">{\"@context\":\"https:\/\/schema.org\",\"@graph\":[{\"@type\":\"WebPage\",\"@id\":\"https:\/\/www.ghostysky.com\/product\/dji-mini-3-fly-more-combo-dji-rc\/\",\"url\":\"https:\/\/www.ghostysky.com\/product\/dji-mini-3-fly-more-combo-dji-rc\/\",\"name\":\"DJI Mini 3 Fly More Combo (DJI RC) - Ghostysky\",\"isPartOf\":{\"@id\":\"https:\/\/www.ghostysky.com\/#website\"},\"primaryImageOfPage\":{\"@id\":\"https:\/\/www.ghostysky.com\/product\/dji-mini-3-fly-more-combo-dji-rc\/#primaryimage\"},\"image\":{\"@id\":\"https:\/\/www.ghostysky.com\/product\/dji-mini-3-fly-more-combo-dji-rc\/#primaryimage\"},\"thumbnailUrl\":\"https:\/\/www.ghostysky.com\/wp-content\/uploads\/2024\/03\/GH-Mini3_1.jpg\",\"datePublished\":\"2024-03-17T08:51:15+00:00\",\"dateModified\":\"2026-01-15T07:00:01+00:00\",\"description\":\"The DJI Mini 3 Fly More Combo (DJI RC) is a lightweight drone with a built-in camera that captures high-quality photos and videos.\",\"breadcrumb\":{\"@id\":\"https:\/\/www.ghostysky.com\/product\/dji-mini-3-fly-more-combo-dji-rc\/#breadcrumb\"},\"inLanguage\":\"pt-PT\",\"potentialAction\":[{\"@type\":\"ReadAction\",\"target\":[\"https:\/\/www.ghostysky.com\/product\/dji-mini-3-fly-more-combo-dji-rc\/\"]}]},{\"@type\":\"ImageObject\",\"inLanguage\":\"pt-PT\",\"@id\":\"https:\/\/www.ghostysky.com\/product\/dji-mini-3-fly-more-combo-dji-rc\/#primaryimage\",\"url\":\"https:\/\/www.ghostysky.com\/wp-content\/uploads\/2024\/03\/GH-Mini3_1.jpg\",\"contentUrl\":\"https:\/\/www.ghostysky.com\/wp-content\/uploads\/2024\/03\/GH-Mini3_1.jpg\",\"width\":1280,\"height\":1280},{\"@type\":\"BreadcrumbList\",\"@id\":\"https:\/\/www.ghostysky.com\/product\/dji-mini-3-fly-more-combo-dji-rc\/#breadcrumb\",\"itemListElement\":[{\"@type\":\"ListItem\",\"position\":1,\"name\":\"Home\",\"item\":\"https:\/\/www.ghostysky.com\/\"},{\"@type\":\"ListItem\",\"position\":2,\"name\":\"Shop\",\"item\":\"https:\/\/www.ghostysky.com\/shop\/\"},{\"@type\":\"ListItem\",\"position\":3,\"name\":\"DJI Mini 3 Fly More Combo (DJI RC)\"}]},{\"@type\":\"WebSite\",\"@id\":\"https:\/\/www.ghostysky.com\/#website\",\"url\":\"https:\/\/www.ghostysky.com\/\",\"name\":\"Ghostysky\",\"description\":\"Delivering professional drones and services\",\"publisher\":{\"@id\":\"https:\/\/www.ghostysky.com\/#organization\"},\"potentialAction\":[{\"@type\":\"SearchAction\",\"target\":{\"@type\":\"EntryPoint\",\"urlTemplate\":\"https:\/\/www.ghostysky.com\/?s={search_term_string}\"},\"query-input\":{\"@type\":\"PropertyValueSpecification\",\"valueRequired\":true,\"valueName\":\"search_term_string\"}}],\"inLanguage\":\"pt-PT\"},{\"@type\":\"Organization\",\"@id\":\"https:\/\/www.ghostysky.com\/#organization\",\"name\":\"Ghostysky\",\"url\":\"https:\/\/www.ghostysky.com\/\",\"logo\":{\"@type\":\"ImageObject\",\"inLanguage\":\"pt-PT\",\"@id\":\"https:\/\/www.ghostysky.com\/#\/schema\/logo\/image\/\",\"url\":\"https:\/\/www.ghostysky.com\/wp-content\/uploads\/2020\/06\/cropped-ghostyskylogo_text_white2.png\",\"contentUrl\":\"https:\/\/www.ghostysky.com\/wp-content\/uploads\/2020\/06\/cropped-ghostyskylogo_text_white2.png\",\"width\":169,\"height\":56,\"caption\":\"Ghostysky\"},\"image\":{\"@id\":\"https:\/\/www.ghostysky.com\/#\/schema\/logo\/image\/\"},\"sameAs\":[\"https:\/\/www.facebook.com\/people\/Ghostysky\/100057676170234\/\",\"https:\/\/x.com\/Gh0stysky\",\"https:\/\/www.linkedin.com\/company\/34739653\",\"https:\/\/www.instagram.com\/gh0stysky\"]}]}<\/script>\n<!-- \/ Yoast SEO plugin. -->","yoast_head_json":{"title":"DJI Mini 3 Fly More Combo (DJI RC) - Ghostysky","description":"O DJI Mini 3 Fly More Combo (DJI RC) \u00e9 um drone leve com uma c\u00e2mera embutida que captura fotos e v\u00eddeos de alta qualidade.","robots":{"index":"index","follow":"follow","max-snippet":"max-snippet:-1","max-image-preview":"max-image-preview:large","max-video-preview":"max-video-preview:-1"},"canonical":"https:\/\/www.ghostysky.com\/pt\/produto-2\/dji-mini-3-fly-more-combo-dji-rc\/","og_locale":"pt_PT","og_type":"article","og_title":"DJI Mini 3 Fly More Combo (DJI RC) - Ghostysky","og_description":"The DJI Mini 3 Fly More Combo (DJI RC) is a lightweight drone with a built-in camera that captures high-quality photos and videos.","og_url":"https:\/\/www.ghostysky.com\/pt\/produto-2\/dji-mini-3-fly-more-combo-dji-rc\/","og_site_name":"Ghostysky","article_publisher":"https:\/\/www.facebook.com\/people\/Ghostysky\/100057676170234\/","article_modified_time":"2026-01-15T07:00:01+00:00","og_image":[{"width":1280,"height":1280,"url":"https:\/\/www.ghostysky.com\/wp-content\/uploads\/2024\/03\/GH-Mini3_1.jpg","type":"image\/jpeg"}],"twitter_card":"summary_large_image","twitter_site":"@Gh0stysky","twitter_misc":{"Tempo estimado de leitura":"1 minuto"},"schema":{"@context":"https:\/\/schema.org","@graph":[{"@type":"WebPage","@id":"https:\/\/www.ghostysky.com\/product\/dji-mini-3-fly-more-combo-dji-rc\/","url":"https:\/\/www.ghostysky.com\/product\/dji-mini-3-fly-more-combo-dji-rc\/","name":"DJI Mini 3 Fly More Combo (DJI RC) - Ghostysky","isPartOf":{"@id":"https:\/\/www.ghostysky.com\/#website"},"primaryImageOfPage":{"@id":"https:\/\/www.ghostysky.com\/product\/dji-mini-3-fly-more-combo-dji-rc\/#primaryimage"},"image":{"@id":"https:\/\/www.ghostysky.com\/product\/dji-mini-3-fly-more-combo-dji-rc\/#primaryimage"},"thumbnailUrl":"https:\/\/www.ghostysky.com\/wp-content\/uploads\/2024\/03\/GH-Mini3_1.jpg","datePublished":"2024-03-17T08:51:15+00:00","dateModified":"2026-01-15T07:00:01+00:00","description":"O DJI Mini 3 Fly More Combo (DJI RC) \u00e9 um drone leve com uma c\u00e2mera embutida que captura fotos e v\u00eddeos de alta qualidade.","breadcrumb":{"@id":"https:\/\/www.ghostysky.com\/product\/dji-mini-3-fly-more-combo-dji-rc\/#breadcrumb"},"inLanguage":"pt-PT","potentialAction":[{"@type":"ReadAction","target":["https:\/\/www.ghostysky.com\/product\/dji-mini-3-fly-more-combo-dji-rc\/"]}]},{"@type":"ImageObject","inLanguage":"pt-PT","@id":"https:\/\/www.ghostysky.com\/product\/dji-mini-3-fly-more-combo-dji-rc\/#primaryimage","url":"https:\/\/www.ghostysky.com\/wp-content\/uploads\/2024\/03\/GH-Mini3_1.jpg","contentUrl":"https:\/\/www.ghostysky.com\/wp-content\/uploads\/2024\/03\/GH-Mini3_1.jpg","width":1280,"height":1280},{"@type":"BreadcrumbList","@id":"https:\/\/www.ghostysky.com\/product\/dji-mini-3-fly-more-combo-dji-rc\/#breadcrumb","itemListElement":[{"@type":"ListItem","position":1,"name":"Home","item":"https:\/\/www.ghostysky.com\/"},{"@type":"ListItem","position":2,"name":"Shop","item":"https:\/\/www.ghostysky.com\/shop\/"},{"@type":"ListItem","position":3,"name":"DJI Mini 3 Fly More Combo (DJI RC)"}]},{"@type":"WebSite","@id":"https:\/\/www.ghostysky.com\/#website","url":"https:\/\/www.ghostysky.com\/","name":"Ghostysky","description":"Fornecendo drones e servi\u00e7os profissionais","publisher":{"@id":"https:\/\/www.ghostysky.com\/#organization"},"potentialAction":[{"@type":"SearchAction","target":{"@type":"EntryPoint","urlTemplate":"https:\/\/www.ghostysky.com\/?s={search_term_string}"},"query-input":{"@type":"PropertyValueSpecification","valueRequired":true,"valueName":"search_term_string"}}],"inLanguage":"pt-PT"},{"@type":"Organization","@id":"https:\/\/www.ghostysky.com\/#organization","name":"Ghostysky","url":"https:\/\/www.ghostysky.com\/","logo":{"@type":"ImageObject","inLanguage":"pt-PT","@id":"https:\/\/www.ghostysky.com\/#\/schema\/logo\/image\/","url":"https:\/\/www.ghostysky.com\/wp-content\/uploads\/2020\/06\/cropped-ghostyskylogo_text_white2.png","contentUrl":"https:\/\/www.ghostysky.com\/wp-content\/uploads\/2020\/06\/cropped-ghostyskylogo_text_white2.png","width":169,"height":56,"caption":"Ghostysky"},"image":{"@id":"https:\/\/www.ghostysky.com\/#\/schema\/logo\/image\/"},"sameAs":["https:\/\/www.facebook.com\/people\/Ghostysky\/100057676170234\/","https:\/\/x.com\/Gh0stysky","https:\/\/www.linkedin.com\/company\/34739653","https:\/\/www.instagram.com\/gh0stysky"]}]}},"_links":{"self":[{"href":"https:\/\/www.ghostysky.com\/pt\/wp-json\/wp\/v2\/product\/17654","targetHints":{"allow":["GET"]}}],"collection":[{"href":"https:\/\/www.ghostysky.com\/pt\/wp-json\/wp\/v2\/product"}],"about":[{"href":"https:\/\/www.ghostysky.com\/pt\/wp-json\/wp\/v2\/types\/product"}],"replies":[{"embeddable":true,"href":"https:\/\/www.ghostysky.com\/pt\/wp-json\/wp\/v2\/comments?post=17654"}],"wp:featuredmedia":[{"embeddable":true,"href":"https:\/\/www.ghostysky.com\/pt\/wp-json\/wp\/v2\/media\/17416"}],"wp:attachment":[{"href":"https:\/\/www.ghostysky.com\/pt\/wp-json\/wp\/v2\/media?parent=17654"}],"wp:term":[{"taxonomy":"product_brand","embeddable":true,"href":"https:\/\/www.ghostysky.com\/pt\/wp-json\/wp\/v2\/product_brand?post=17654"},{"taxonomy":"product_cat","embeddable":true,"href":"https:\/\/www.ghostysky.com\/pt\/wp-json\/wp\/v2\/product_cat?post=17654"},{"taxonomy":"product_tag","embeddable":true,"href":"https:\/\/www.ghostysky.com\/pt\/wp-json\/wp\/v2\/product_tag?post=17654"}],"curies":[{"name":"wp","href":"https:\/\/api.w.org\/{rel}","templated":true}]}}