{"id":17663,"date":"2024-03-17T09:08:35","date_gmt":"2024-03-17T09:08:35","guid":{"rendered":"https:\/\/www.ghostysky.com\/?post_type=product&#038;p=17663"},"modified":"2024-05-26T10:11:28","modified_gmt":"2024-05-26T10:11:28","slug":"dji-mini-4-pro-fly-more-combo-dji-rc2","status":"publish","type":"product","link":"https:\/\/www.ghostysky.com\/pt\/product\/dji-mini-4-pro-fly-more-combo-dji-rc2\/","title":{"rendered":"DJI Mini 4 Pro Fly Mais Combo (DJI RC2)"},"content":{"rendered":"<p data-sourcepos=\"3:1-3:19\"><strong>DJI Mini 4 Pr\u00f3:<\/strong><\/p>\n<ul data-sourcepos=\"5:1-8:0\">\n<li data-sourcepos=\"5:1-5:166\">Leve e port\u00e1til: pesando menos de 250 gramas, o drone se enquadra nas regulamenta\u00e7\u00f5es de peso que lhe permitem voar na maioria das \u00e1reas sem a necessidade de licen\u00e7as especiais.<\/li>\n<li data-sourcepos=\"6:1-6:123\">C\u00e2mera poderosa: possui uma c\u00e2mera de 48 MP que pode tirar fotos e v\u00eddeos de alta qualidade em resolu\u00e7\u00e3o 4K a at\u00e9 100 qps.<\/li>\n<li data-sourcepos=\"7:1-8:0\">Tempo de voo prolongado: uma \u00fanica bateria oferece at\u00e9 30 minutos de voo, e o Fly More Combo adiciona baterias extras e um hub de carregamento para sess\u00f5es de voo prolongadas.<\/li>\n<\/ul>\n<p data-sourcepos=\"9:1-9:30\"><strong>Controle remoto DJI RC2:<\/strong><\/p>\n<ul data-sourcepos=\"11:1-12:0\">\n<li data-sourcepos=\"11:1-12:0\">Tela integrada: o controlador DJI RC2 possui uma tela FHD integrada, eliminando a necessidade de um smartphone ou tablet separado para visualizar a transmiss\u00e3o ao vivo do drone.<\/li>\n<\/ul>\n<p data-sourcepos=\"13:1-13:28\"><strong>Benef\u00edcios do Fly More Combo:<\/strong><\/p>\n<ul data-sourcepos=\"15:1-17:0\">\n<li data-sourcepos=\"15:1-15:124\">Baterias extras: O combo inclui baterias extras, permitindo voar por per\u00edodos mais longos sem precisar recarregar.<\/li>\n<li data-sourcepos=\"16:1-17:0\">Hub de carregamento: O hub de carregamento inclu\u00eddo pode carregar v\u00e1rias baterias simultaneamente, tornando-o conveniente para mant\u00ea-las carregadas.<\/li>\n<\/ul>\n<p data-sourcepos=\"18:1-18:270\">No geral, o DJI Mini 4 Pro Fly More Combo (DJI RC2) \u00e9 uma boa op\u00e7\u00e3o para quem deseja um drone potente e port\u00e1til com tempos de voo prolongados. O controle remoto inclu\u00eddo com tela integrada \u00e9 uma adi\u00e7\u00e3o conveniente, eliminando a necessidade de um dispositivo separado.<\/p>","protected":false},"excerpt":{"rendered":"<p>O DJI Mini 4 Pro Fly More Combo (DJI RC2) \u00e9 um pacote que inclui o drone DJI Mini 4 Pro e o controle remoto DJI RC2. O drone em si \u00e9 conhecido por ser leve e port\u00e1til, ao mesmo tempo que oferece qualidade de c\u00e2mera e desempenho de voo impressionantes.<\/p>","protected":false},"featured_media":17430,"comment_status":"open","ping_status":"closed","template":"","meta":[],"product_brand":[],"product_cat":[752,37,29,798,796],"product_tag":[42,778,774,802],"class_list":{"0":"post-17663","1":"product","2":"type-product","3":"status-publish","4":"has-post-thumbnail","6":"product_cat-aerial-photography","7":"product_cat-dji","8":"product_cat-drones","9":"product_cat-drones-mini-4-pro","10":"product_cat-mini-4-pro","11":"product_tag-dji","12":"product_tag-dji-rc2","13":"product_tag-fly-more-combo","14":"product_tag-mini-4-pro","16":"first","17":"outofstock","18":"taxable","19":"shipping-taxable","20":"purchasable","21":"product-type-simple"},"yoast_head":"<!-- This site is optimized with the Yoast SEO plugin v27.4 - https:\/\/yoast.com\/product\/yoast-seo-wordpress\/ -->\n<title>DJI Mini 4 Pro Fly More Combo (DJI RC2) - Ghostysky<\/title>\n<meta name=\"description\" content=\"The DJI Mini 4 Pro Fly More Combo (DJI RC2) is a bundle that includes the DJI Mini 4 Pro drone and the DJI RC2 remote controller. The drone itself is known for being lightweight and portable, while still offering impressive camera quality and flight performance.\" \/>\n<meta name=\"robots\" content=\"index, follow, max-snippet:-1, max-image-preview:large, max-video-preview:-1\" \/>\n<link rel=\"canonical\" href=\"https:\/\/www.ghostysky.com\/pt\/produto-2\/dji-mini-4-pro-fly-more-combo-dji-rc2\/\" \/>\n<meta property=\"og:locale\" content=\"pt_PT\" \/>\n<meta property=\"og:type\" content=\"article\" \/>\n<meta property=\"og:title\" content=\"DJI Mini 4 Pro Fly More Combo (DJI RC2) - Ghostysky\" \/>\n<meta property=\"og:description\" content=\"The DJI Mini 4 Pro Fly More Combo (DJI RC2) is a bundle that includes the DJI Mini 4 Pro drone and the DJI RC2 remote controller. The drone itself is known for being lightweight and portable, while still offering impressive camera quality and flight performance.\" \/>\n<meta property=\"og:url\" content=\"https:\/\/www.ghostysky.com\/pt\/produto-2\/dji-mini-4-pro-fly-more-combo-dji-rc2\/\" \/>\n<meta property=\"og:site_name\" content=\"Ghostysky\" \/>\n<meta property=\"article:publisher\" content=\"https:\/\/www.facebook.com\/people\/Ghostysky\/100057676170234\/\" \/>\n<meta property=\"article:modified_time\" content=\"2024-05-26T10:11:28+00:00\" \/>\n<meta property=\"og:image\" content=\"https:\/\/www.ghostysky.com\/wp-content\/uploads\/2024\/03\/GH-Mini4_Pro_1.jpg\" \/>\n\t<meta property=\"og:image:width\" content=\"1280\" \/>\n\t<meta property=\"og:image:height\" content=\"1280\" \/>\n\t<meta property=\"og:image:type\" content=\"image\/jpeg\" \/>\n<meta name=\"twitter:card\" content=\"summary_large_image\" \/>\n<meta name=\"twitter:site\" content=\"@Gh0stysky\" \/>\n<meta name=\"twitter:label1\" content=\"Tempo estimado de leitura\" \/>\n\t<meta name=\"twitter:data1\" content=\"1 minuto\" \/>\n<script type=\"application\/ld+json\" class=\"yoast-schema-graph\">{\"@context\":\"https:\\\/\\\/schema.org\",\"@graph\":[{\"@type\":\"WebPage\",\"@id\":\"https:\\\/\\\/www.ghostysky.com\\\/product\\\/dji-mini-4-pro-fly-more-combo-dji-rc2\\\/\",\"url\":\"https:\\\/\\\/www.ghostysky.com\\\/product\\\/dji-mini-4-pro-fly-more-combo-dji-rc2\\\/\",\"name\":\"DJI Mini 4 Pro Fly More Combo (DJI RC2) - Ghostysky\",\"isPartOf\":{\"@id\":\"https:\\\/\\\/www.ghostysky.com\\\/#website\"},\"primaryImageOfPage\":{\"@id\":\"https:\\\/\\\/www.ghostysky.com\\\/product\\\/dji-mini-4-pro-fly-more-combo-dji-rc2\\\/#primaryimage\"},\"image\":{\"@id\":\"https:\\\/\\\/www.ghostysky.com\\\/product\\\/dji-mini-4-pro-fly-more-combo-dji-rc2\\\/#primaryimage\"},\"thumbnailUrl\":\"https:\\\/\\\/www.ghostysky.com\\\/wp-content\\\/uploads\\\/2024\\\/03\\\/GH-Mini4_Pro_1.jpg\",\"datePublished\":\"2024-03-17T09:08:35+00:00\",\"dateModified\":\"2024-05-26T10:11:28+00:00\",\"description\":\"The DJI Mini 4 Pro Fly More Combo (DJI RC2) is a bundle that includes the DJI Mini 4 Pro drone and the DJI RC2 remote controller. The drone itself is known for being lightweight and portable, while still offering impressive camera quality and flight performance.\",\"breadcrumb\":{\"@id\":\"https:\\\/\\\/www.ghostysky.com\\\/product\\\/dji-mini-4-pro-fly-more-combo-dji-rc2\\\/#breadcrumb\"},\"inLanguage\":\"pt-PT\",\"potentialAction\":[{\"@type\":\"ReadAction\",\"target\":[\"https:\\\/\\\/www.ghostysky.com\\\/product\\\/dji-mini-4-pro-fly-more-combo-dji-rc2\\\/\"]}]},{\"@type\":\"ImageObject\",\"inLanguage\":\"pt-PT\",\"@id\":\"https:\\\/\\\/www.ghostysky.com\\\/product\\\/dji-mini-4-pro-fly-more-combo-dji-rc2\\\/#primaryimage\",\"url\":\"https:\\\/\\\/www.ghostysky.com\\\/wp-content\\\/uploads\\\/2024\\\/03\\\/GH-Mini4_Pro_1.jpg\",\"contentUrl\":\"https:\\\/\\\/www.ghostysky.com\\\/wp-content\\\/uploads\\\/2024\\\/03\\\/GH-Mini4_Pro_1.jpg\",\"width\":1280,\"height\":1280},{\"@type\":\"BreadcrumbList\",\"@id\":\"https:\\\/\\\/www.ghostysky.com\\\/product\\\/dji-mini-4-pro-fly-more-combo-dji-rc2\\\/#breadcrumb\",\"itemListElement\":[{\"@type\":\"ListItem\",\"position\":1,\"name\":\"Home\",\"item\":\"https:\\\/\\\/www.ghostysky.com\\\/\"},{\"@type\":\"ListItem\",\"position\":2,\"name\":\"Shop\",\"item\":\"https:\\\/\\\/www.ghostysky.com\\\/shop\\\/\"},{\"@type\":\"ListItem\",\"position\":3,\"name\":\"DJI Mini 4 Pro Fly More Combo (DJI RC2)\"}]},{\"@type\":\"WebSite\",\"@id\":\"https:\\\/\\\/www.ghostysky.com\\\/#website\",\"url\":\"https:\\\/\\\/www.ghostysky.com\\\/\",\"name\":\"Ghostysky\",\"description\":\"Delivering professional drones and services\",\"publisher\":{\"@id\":\"https:\\\/\\\/www.ghostysky.com\\\/#organization\"},\"potentialAction\":[{\"@type\":\"SearchAction\",\"target\":{\"@type\":\"EntryPoint\",\"urlTemplate\":\"https:\\\/\\\/www.ghostysky.com\\\/?s={search_term_string}\"},\"query-input\":{\"@type\":\"PropertyValueSpecification\",\"valueRequired\":true,\"valueName\":\"search_term_string\"}}],\"inLanguage\":\"pt-PT\"},{\"@type\":\"Organization\",\"@id\":\"https:\\\/\\\/www.ghostysky.com\\\/#organization\",\"name\":\"Ghostysky\",\"url\":\"https:\\\/\\\/www.ghostysky.com\\\/\",\"logo\":{\"@type\":\"ImageObject\",\"inLanguage\":\"pt-PT\",\"@id\":\"https:\\\/\\\/www.ghostysky.com\\\/#\\\/schema\\\/logo\\\/image\\\/\",\"url\":\"https:\\\/\\\/www.ghostysky.com\\\/wp-content\\\/uploads\\\/2020\\\/06\\\/cropped-ghostyskylogo_text_white2.png\",\"contentUrl\":\"https:\\\/\\\/www.ghostysky.com\\\/wp-content\\\/uploads\\\/2020\\\/06\\\/cropped-ghostyskylogo_text_white2.png\",\"width\":169,\"height\":56,\"caption\":\"Ghostysky\"},\"image\":{\"@id\":\"https:\\\/\\\/www.ghostysky.com\\\/#\\\/schema\\\/logo\\\/image\\\/\"},\"sameAs\":[\"https:\\\/\\\/www.facebook.com\\\/people\\\/Ghostysky\\\/100057676170234\\\/\",\"https:\\\/\\\/x.com\\\/Gh0stysky\",\"https:\\\/\\\/www.linkedin.com\\\/company\\\/34739653\",\"https:\\\/\\\/www.instagram.com\\\/gh0stysky\"]}]}<\/script>\n<!-- \/ Yoast SEO plugin. -->","yoast_head_json":{"title":"DJI Mini 4 Pro Fly More Combo (DJI RC2) - Ghostysky","description":"O DJI Mini 4 Pro Fly More Combo (DJI RC2) \u00e9 um pacote que inclui o drone DJI Mini 4 Pro e o controle remoto DJI RC2. O drone em si \u00e9 conhecido por ser leve e port\u00e1til, ao mesmo tempo que oferece qualidade de c\u00e2mera e desempenho de voo impressionantes.","robots":{"index":"index","follow":"follow","max-snippet":"max-snippet:-1","max-image-preview":"max-image-preview:large","max-video-preview":"max-video-preview:-1"},"canonical":"https:\/\/www.ghostysky.com\/pt\/produto-2\/dji-mini-4-pro-fly-more-combo-dji-rc2\/","og_locale":"pt_PT","og_type":"article","og_title":"DJI Mini 4 Pro Fly More Combo (DJI RC2) - Ghostysky","og_description":"The DJI Mini 4 Pro Fly More Combo (DJI RC2) is a bundle that includes the DJI Mini 4 Pro drone and the DJI RC2 remote controller. The drone itself is known for being lightweight and portable, while still offering impressive camera quality and flight performance.","og_url":"https:\/\/www.ghostysky.com\/pt\/produto-2\/dji-mini-4-pro-fly-more-combo-dji-rc2\/","og_site_name":"Ghostysky","article_publisher":"https:\/\/www.facebook.com\/people\/Ghostysky\/100057676170234\/","article_modified_time":"2024-05-26T10:11:28+00:00","og_image":[{"width":1280,"height":1280,"url":"https:\/\/www.ghostysky.com\/wp-content\/uploads\/2024\/03\/GH-Mini4_Pro_1.jpg","type":"image\/jpeg"}],"twitter_card":"summary_large_image","twitter_site":"@Gh0stysky","twitter_misc":{"Tempo estimado de leitura":"1 minuto"},"schema":{"@context":"https:\/\/schema.org","@graph":[{"@type":"WebPage","@id":"https:\/\/www.ghostysky.com\/product\/dji-mini-4-pro-fly-more-combo-dji-rc2\/","url":"https:\/\/www.ghostysky.com\/product\/dji-mini-4-pro-fly-more-combo-dji-rc2\/","name":"DJI Mini 4 Pro Fly More Combo (DJI RC2) - Ghostysky","isPartOf":{"@id":"https:\/\/www.ghostysky.com\/#website"},"primaryImageOfPage":{"@id":"https:\/\/www.ghostysky.com\/product\/dji-mini-4-pro-fly-more-combo-dji-rc2\/#primaryimage"},"image":{"@id":"https:\/\/www.ghostysky.com\/product\/dji-mini-4-pro-fly-more-combo-dji-rc2\/#primaryimage"},"thumbnailUrl":"https:\/\/www.ghostysky.com\/wp-content\/uploads\/2024\/03\/GH-Mini4_Pro_1.jpg","datePublished":"2024-03-17T09:08:35+00:00","dateModified":"2024-05-26T10:11:28+00:00","description":"O DJI Mini 4 Pro Fly More Combo (DJI RC2) \u00e9 um pacote que inclui o drone DJI Mini 4 Pro e o controle remoto DJI RC2. O drone em si \u00e9 conhecido por ser leve e port\u00e1til, ao mesmo tempo que oferece qualidade de c\u00e2mera e desempenho de voo impressionantes.","breadcrumb":{"@id":"https:\/\/www.ghostysky.com\/product\/dji-mini-4-pro-fly-more-combo-dji-rc2\/#breadcrumb"},"inLanguage":"pt-PT","potentialAction":[{"@type":"ReadAction","target":["https:\/\/www.ghostysky.com\/product\/dji-mini-4-pro-fly-more-combo-dji-rc2\/"]}]},{"@type":"ImageObject","inLanguage":"pt-PT","@id":"https:\/\/www.ghostysky.com\/product\/dji-mini-4-pro-fly-more-combo-dji-rc2\/#primaryimage","url":"https:\/\/www.ghostysky.com\/wp-content\/uploads\/2024\/03\/GH-Mini4_Pro_1.jpg","contentUrl":"https:\/\/www.ghostysky.com\/wp-content\/uploads\/2024\/03\/GH-Mini4_Pro_1.jpg","width":1280,"height":1280},{"@type":"BreadcrumbList","@id":"https:\/\/www.ghostysky.com\/product\/dji-mini-4-pro-fly-more-combo-dji-rc2\/#breadcrumb","itemListElement":[{"@type":"ListItem","position":1,"name":"Home","item":"https:\/\/www.ghostysky.com\/"},{"@type":"ListItem","position":2,"name":"Shop","item":"https:\/\/www.ghostysky.com\/shop\/"},{"@type":"ListItem","position":3,"name":"DJI Mini 4 Pro Fly More Combo (DJI RC2)"}]},{"@type":"WebSite","@id":"https:\/\/www.ghostysky.com\/#website","url":"https:\/\/www.ghostysky.com\/","name":"Ghostysky","description":"Fornecendo drones e servi\u00e7os profissionais","publisher":{"@id":"https:\/\/www.ghostysky.com\/#organization"},"potentialAction":[{"@type":"SearchAction","target":{"@type":"EntryPoint","urlTemplate":"https:\/\/www.ghostysky.com\/?s={search_term_string}"},"query-input":{"@type":"PropertyValueSpecification","valueRequired":true,"valueName":"search_term_string"}}],"inLanguage":"pt-PT"},{"@type":"Organization","@id":"https:\/\/www.ghostysky.com\/#organization","name":"Ghostysky","url":"https:\/\/www.ghostysky.com\/","logo":{"@type":"ImageObject","inLanguage":"pt-PT","@id":"https:\/\/www.ghostysky.com\/#\/schema\/logo\/image\/","url":"https:\/\/www.ghostysky.com\/wp-content\/uploads\/2020\/06\/cropped-ghostyskylogo_text_white2.png","contentUrl":"https:\/\/www.ghostysky.com\/wp-content\/uploads\/2020\/06\/cropped-ghostyskylogo_text_white2.png","width":169,"height":56,"caption":"Ghostysky"},"image":{"@id":"https:\/\/www.ghostysky.com\/#\/schema\/logo\/image\/"},"sameAs":["https:\/\/www.facebook.com\/people\/Ghostysky\/100057676170234\/","https:\/\/x.com\/Gh0stysky","https:\/\/www.linkedin.com\/company\/34739653","https:\/\/www.instagram.com\/gh0stysky"]}]}},"_links":{"self":[{"href":"https:\/\/www.ghostysky.com\/pt\/wp-json\/wp\/v2\/product\/17663","targetHints":{"allow":["GET"]}}],"collection":[{"href":"https:\/\/www.ghostysky.com\/pt\/wp-json\/wp\/v2\/product"}],"about":[{"href":"https:\/\/www.ghostysky.com\/pt\/wp-json\/wp\/v2\/types\/product"}],"replies":[{"embeddable":true,"href":"https:\/\/www.ghostysky.com\/pt\/wp-json\/wp\/v2\/comments?post=17663"}],"version-history":[{"count":0,"href":"https:\/\/www.ghostysky.com\/pt\/wp-json\/wp\/v2\/product\/17663\/revisions"}],"wp:featuredmedia":[{"embeddable":true,"href":"https:\/\/www.ghostysky.com\/pt\/wp-json\/wp\/v2\/media\/17430"}],"wp:attachment":[{"href":"https:\/\/www.ghostysky.com\/pt\/wp-json\/wp\/v2\/media?parent=17663"}],"wp:term":[{"taxonomy":"product_brand","embeddable":true,"href":"https:\/\/www.ghostysky.com\/pt\/wp-json\/wp\/v2\/product_brand?post=17663"},{"taxonomy":"product_cat","embeddable":true,"href":"https:\/\/www.ghostysky.com\/pt\/wp-json\/wp\/v2\/product_cat?post=17663"},{"taxonomy":"product_tag","embeddable":true,"href":"https:\/\/www.ghostysky.com\/pt\/wp-json\/wp\/v2\/product_tag?post=17663"}],"curies":[{"name":"wp","href":"https:\/\/api.w.org\/{rel}","templated":true}]}}