{"id":17665,"date":"2024-03-17T09:21:59","date_gmt":"2024-03-17T09:21:59","guid":{"rendered":"https:\/\/www.ghostysky.com\/?post_type=product&#038;p=17665"},"modified":"2026-03-26T15:29:38","modified_gmt":"2026-03-26T15:29:38","slug":"dji-rc2","status":"publish","type":"product","link":"https:\/\/www.ghostysky.com\/pt\/product\/dji-rc2\/","title":{"rendered":"DJI RC2"},"content":{"rendered":"<p data-sourcepos=\"3:1-3:25\"><strong>Desempenho poderoso:<\/strong><\/p>\n<ul data-sourcepos=\"5:1-6:0\">\n<li data-sourcepos=\"5:1-6:0\">Equipado com um novo processador que oferece desempenho aprimorado de CPU e GPU para uma experi\u00eancia de usu\u00e1rio mais suave e responsiva.<\/li>\n<\/ul>\n<p data-sourcepos=\"7:1-7:36\"><strong>Transmiss\u00e3o clara e confi\u00e1vel:<\/strong><\/p>\n<ul data-sourcepos=\"9:1-12:0\">\n<li data-sourcepos=\"9:1-9:173\">Utiliza a tecnologia de transmiss\u00e3o de v\u00eddeo O4 da DJI, suportando m\u00faltiplas bandas de frequ\u00eancia (2,4 GHz, 5,1 GHz e 5,8 GHz) para reduzir a interfer\u00eancia e garantir uma conex\u00e3o est\u00e1vel.<\/li>\n<li data-sourcepos=\"10:1-10:227\">Apresenta um sistema de antena 2T4R (com duas antenas integradas e duas externas) que dobra o n\u00famero de antenas em compara\u00e7\u00e3o com o controlador DJI RC da gera\u00e7\u00e3o anterior, resultando em um sinal mais forte e um controle mais confi\u00e1vel.<\/li>\n<li data-sourcepos=\"11:1-12:0\">Possui um alcance m\u00e1ximo de transmiss\u00e3o de at\u00e9 20 km (quando emparelhado com um drone compat\u00edvel).<\/li>\n<\/ul>\n<p data-sourcepos=\"13:1-13:34\"><strong>Display brilhante e integrado:<\/strong><\/p>\n<ul data-sourcepos=\"15:1-16:0\">\n<li data-sourcepos=\"15:1-16:0\">Tela FHD (1920\u00d71080) integrada de 5,5 polegadas com alto brilho de 700 nits, facilitando a visualiza\u00e7\u00e3o de imagens de voo ao vivo, mesmo em condi\u00e7\u00f5es externas de muita luz.<\/li>\n<\/ul>\n<p data-sourcepos=\"17:1-17:20\"><strong>Op\u00e7\u00f5es de armazenamento:<\/strong><\/p>\n<ul data-sourcepos=\"19:1-21:0\">\n<li data-sourcepos=\"19:1-19:98\">Inclui 32 GB de armazenamento interno para gravar as imagens do seu voo diretamente no controlador.<\/li>\n<li data-sourcepos=\"20:1-21:0\">Suporta expans\u00e3o de cart\u00e3o microSD para capacidade de armazenamento adicional.<\/li>\n<\/ul>\n<p data-sourcepos=\"22:1-22:35\"><strong>Design compacto e confort\u00e1vel:<\/strong><\/p>\n<ul data-sourcepos=\"24:1-25:0\">\n<li data-sourcepos=\"24:1-25:0\">Apesar de suas caracter\u00edsticas impressionantes, o DJI RC 2 permanece leve (cerca de 420 gramas) para um manuseio confort\u00e1vel durante voos prolongados.<\/li>\n<\/ul>\n<p data-sourcepos=\"26:1-26:207\">No geral, o DJI RC 2 \u00e9 um controle remoto de alto desempenho que oferece uma conex\u00e3o clara e confi\u00e1vel, uma tela integrada brilhante e op\u00e7\u00f5es de armazenamento convenientes para uma experi\u00eancia aprimorada de v\u00f4o com drone.<\/p>","protected":false},"excerpt":{"rendered":"<p>O DJI RC 2 \u00e9 um controle remoto de \u00faltima gera\u00e7\u00e3o projetado para drones DJI como o DJI Air 3 e o DJI Mini 4 Pro.<\/p>","protected":false},"featured_media":17667,"comment_status":"open","ping_status":"closed","template":"","meta":[],"product_brand":[1031],"product_cat":[777,797,752,775,1403,1405,37,29,796],"product_tag":[42,803],"class_list":{"0":"post-17665","1":"product","2":"type-product","3":"status-publish","4":"has-post-thumbnail","6":"product_brand-dji","7":"product_cat-accessories-air-3","8":"product_cat-accessories-mini-4-pro","9":"product_cat-aerial-photography","10":"product_cat-air-3","11":"product_cat-avata-360","12":"product_cat-avata-360-accessories","13":"product_cat-dji","14":"product_cat-drones","15":"product_cat-mini-4-pro","16":"product_tag-dji","17":"product_tag-rc2","19":"first","20":"instock","21":"taxable","22":"shipping-taxable","23":"purchasable","24":"product-type-simple"},"yoast_head":"<!-- This site is optimized with the Yoast SEO plugin v27.4 - https:\/\/yoast.com\/product\/yoast-seo-wordpress\/ -->\n<title>DJI RC2 - Ghostysky<\/title>\n<meta name=\"description\" content=\"The DJI RC 2 is a next-generation remote controller designed for DJI drones like the DJI Air 3 and DJI Mini 4 Pro.\" \/>\n<meta name=\"robots\" content=\"index, follow, max-snippet:-1, max-image-preview:large, max-video-preview:-1\" \/>\n<link rel=\"canonical\" href=\"https:\/\/www.ghostysky.com\/pt\/produto-2\/dji-rc2\/\" \/>\n<meta property=\"og:locale\" content=\"pt_PT\" \/>\n<meta property=\"og:type\" content=\"article\" \/>\n<meta property=\"og:title\" content=\"DJI RC2 - Ghostysky\" \/>\n<meta property=\"og:description\" content=\"The DJI RC 2 is a next-generation remote controller designed for DJI drones like the DJI Air 3 and DJI Mini 4 Pro.\" \/>\n<meta property=\"og:url\" content=\"https:\/\/www.ghostysky.com\/pt\/produto-2\/dji-rc2\/\" \/>\n<meta property=\"og:site_name\" content=\"Ghostysky\" \/>\n<meta property=\"article:publisher\" content=\"https:\/\/www.facebook.com\/people\/Ghostysky\/100057676170234\/\" \/>\n<meta property=\"article:modified_time\" content=\"2026-03-26T15:29:38+00:00\" \/>\n<meta property=\"og:image\" content=\"https:\/\/www.ghostysky.com\/wp-content\/uploads\/2024\/03\/GH_DJI_RC2_1.jpg\" \/>\n\t<meta property=\"og:image:width\" content=\"800\" \/>\n\t<meta property=\"og:image:height\" content=\"800\" \/>\n\t<meta property=\"og:image:type\" content=\"image\/jpeg\" \/>\n<meta name=\"twitter:card\" content=\"summary_large_image\" \/>\n<meta name=\"twitter:site\" content=\"@Gh0stysky\" \/>\n<meta name=\"twitter:label1\" content=\"Tempo estimado de leitura\" \/>\n\t<meta name=\"twitter:data1\" content=\"2 minutos\" \/>\n<script type=\"application\/ld+json\" class=\"yoast-schema-graph\">{\"@context\":\"https:\\\/\\\/schema.org\",\"@graph\":[{\"@type\":\"WebPage\",\"@id\":\"https:\\\/\\\/www.ghostysky.com\\\/product\\\/dji-rc2\\\/\",\"url\":\"https:\\\/\\\/www.ghostysky.com\\\/product\\\/dji-rc2\\\/\",\"name\":\"DJI RC2 - Ghostysky\",\"isPartOf\":{\"@id\":\"https:\\\/\\\/www.ghostysky.com\\\/#website\"},\"primaryImageOfPage\":{\"@id\":\"https:\\\/\\\/www.ghostysky.com\\\/product\\\/dji-rc2\\\/#primaryimage\"},\"image\":{\"@id\":\"https:\\\/\\\/www.ghostysky.com\\\/product\\\/dji-rc2\\\/#primaryimage\"},\"thumbnailUrl\":\"https:\\\/\\\/www.ghostysky.com\\\/wp-content\\\/uploads\\\/2024\\\/03\\\/GH_DJI_RC2_1.jpg\",\"datePublished\":\"2024-03-17T09:21:59+00:00\",\"dateModified\":\"2026-03-26T15:29:38+00:00\",\"description\":\"The DJI RC 2 is a next-generation remote controller designed for DJI drones like the DJI Air 3 and DJI Mini 4 Pro.\",\"breadcrumb\":{\"@id\":\"https:\\\/\\\/www.ghostysky.com\\\/product\\\/dji-rc2\\\/#breadcrumb\"},\"inLanguage\":\"pt-PT\",\"potentialAction\":[{\"@type\":\"ReadAction\",\"target\":[\"https:\\\/\\\/www.ghostysky.com\\\/product\\\/dji-rc2\\\/\"]}]},{\"@type\":\"ImageObject\",\"inLanguage\":\"pt-PT\",\"@id\":\"https:\\\/\\\/www.ghostysky.com\\\/product\\\/dji-rc2\\\/#primaryimage\",\"url\":\"https:\\\/\\\/www.ghostysky.com\\\/wp-content\\\/uploads\\\/2024\\\/03\\\/GH_DJI_RC2_1.jpg\",\"contentUrl\":\"https:\\\/\\\/www.ghostysky.com\\\/wp-content\\\/uploads\\\/2024\\\/03\\\/GH_DJI_RC2_1.jpg\",\"width\":800,\"height\":800},{\"@type\":\"BreadcrumbList\",\"@id\":\"https:\\\/\\\/www.ghostysky.com\\\/product\\\/dji-rc2\\\/#breadcrumb\",\"itemListElement\":[{\"@type\":\"ListItem\",\"position\":1,\"name\":\"Home\",\"item\":\"https:\\\/\\\/www.ghostysky.com\\\/\"},{\"@type\":\"ListItem\",\"position\":2,\"name\":\"Shop\",\"item\":\"https:\\\/\\\/www.ghostysky.com\\\/shop\\\/\"},{\"@type\":\"ListItem\",\"position\":3,\"name\":\"DJI RC2\"}]},{\"@type\":\"WebSite\",\"@id\":\"https:\\\/\\\/www.ghostysky.com\\\/#website\",\"url\":\"https:\\\/\\\/www.ghostysky.com\\\/\",\"name\":\"Ghostysky\",\"description\":\"Delivering professional drones and services\",\"publisher\":{\"@id\":\"https:\\\/\\\/www.ghostysky.com\\\/#organization\"},\"potentialAction\":[{\"@type\":\"SearchAction\",\"target\":{\"@type\":\"EntryPoint\",\"urlTemplate\":\"https:\\\/\\\/www.ghostysky.com\\\/?s={search_term_string}\"},\"query-input\":{\"@type\":\"PropertyValueSpecification\",\"valueRequired\":true,\"valueName\":\"search_term_string\"}}],\"inLanguage\":\"pt-PT\"},{\"@type\":\"Organization\",\"@id\":\"https:\\\/\\\/www.ghostysky.com\\\/#organization\",\"name\":\"Ghostysky\",\"url\":\"https:\\\/\\\/www.ghostysky.com\\\/\",\"logo\":{\"@type\":\"ImageObject\",\"inLanguage\":\"pt-PT\",\"@id\":\"https:\\\/\\\/www.ghostysky.com\\\/#\\\/schema\\\/logo\\\/image\\\/\",\"url\":\"https:\\\/\\\/www.ghostysky.com\\\/wp-content\\\/uploads\\\/2020\\\/06\\\/cropped-ghostyskylogo_text_white2.png\",\"contentUrl\":\"https:\\\/\\\/www.ghostysky.com\\\/wp-content\\\/uploads\\\/2020\\\/06\\\/cropped-ghostyskylogo_text_white2.png\",\"width\":169,\"height\":56,\"caption\":\"Ghostysky\"},\"image\":{\"@id\":\"https:\\\/\\\/www.ghostysky.com\\\/#\\\/schema\\\/logo\\\/image\\\/\"},\"sameAs\":[\"https:\\\/\\\/www.facebook.com\\\/people\\\/Ghostysky\\\/100057676170234\\\/\",\"https:\\\/\\\/x.com\\\/Gh0stysky\",\"https:\\\/\\\/www.linkedin.com\\\/company\\\/34739653\",\"https:\\\/\\\/www.instagram.com\\\/gh0stysky\"]}]}<\/script>\n<!-- \/ Yoast SEO plugin. -->","yoast_head_json":{"title":"DJI RC2 - Ghostysky","description":"O DJI RC 2 \u00e9 um controle remoto de \u00faltima gera\u00e7\u00e3o projetado para drones DJI como o DJI Air 3 e o DJI Mini 4 Pro.","robots":{"index":"index","follow":"follow","max-snippet":"max-snippet:-1","max-image-preview":"max-image-preview:large","max-video-preview":"max-video-preview:-1"},"canonical":"https:\/\/www.ghostysky.com\/pt\/produto-2\/dji-rc2\/","og_locale":"pt_PT","og_type":"article","og_title":"DJI RC2 - Ghostysky","og_description":"The DJI RC 2 is a next-generation remote controller designed for DJI drones like the DJI Air 3 and DJI Mini 4 Pro.","og_url":"https:\/\/www.ghostysky.com\/pt\/produto-2\/dji-rc2\/","og_site_name":"Ghostysky","article_publisher":"https:\/\/www.facebook.com\/people\/Ghostysky\/100057676170234\/","article_modified_time":"2026-03-26T15:29:38+00:00","og_image":[{"width":800,"height":800,"url":"https:\/\/www.ghostysky.com\/wp-content\/uploads\/2024\/03\/GH_DJI_RC2_1.jpg","type":"image\/jpeg"}],"twitter_card":"summary_large_image","twitter_site":"@Gh0stysky","twitter_misc":{"Tempo estimado de leitura":"2 minutos"},"schema":{"@context":"https:\/\/schema.org","@graph":[{"@type":"WebPage","@id":"https:\/\/www.ghostysky.com\/product\/dji-rc2\/","url":"https:\/\/www.ghostysky.com\/product\/dji-rc2\/","name":"DJI RC2 - Ghostysky","isPartOf":{"@id":"https:\/\/www.ghostysky.com\/#website"},"primaryImageOfPage":{"@id":"https:\/\/www.ghostysky.com\/product\/dji-rc2\/#primaryimage"},"image":{"@id":"https:\/\/www.ghostysky.com\/product\/dji-rc2\/#primaryimage"},"thumbnailUrl":"https:\/\/www.ghostysky.com\/wp-content\/uploads\/2024\/03\/GH_DJI_RC2_1.jpg","datePublished":"2024-03-17T09:21:59+00:00","dateModified":"2026-03-26T15:29:38+00:00","description":"O DJI RC 2 \u00e9 um controle remoto de \u00faltima gera\u00e7\u00e3o projetado para drones DJI como o DJI Air 3 e o DJI Mini 4 Pro.","breadcrumb":{"@id":"https:\/\/www.ghostysky.com\/product\/dji-rc2\/#breadcrumb"},"inLanguage":"pt-PT","potentialAction":[{"@type":"ReadAction","target":["https:\/\/www.ghostysky.com\/product\/dji-rc2\/"]}]},{"@type":"ImageObject","inLanguage":"pt-PT","@id":"https:\/\/www.ghostysky.com\/product\/dji-rc2\/#primaryimage","url":"https:\/\/www.ghostysky.com\/wp-content\/uploads\/2024\/03\/GH_DJI_RC2_1.jpg","contentUrl":"https:\/\/www.ghostysky.com\/wp-content\/uploads\/2024\/03\/GH_DJI_RC2_1.jpg","width":800,"height":800},{"@type":"BreadcrumbList","@id":"https:\/\/www.ghostysky.com\/product\/dji-rc2\/#breadcrumb","itemListElement":[{"@type":"ListItem","position":1,"name":"Home","item":"https:\/\/www.ghostysky.com\/"},{"@type":"ListItem","position":2,"name":"Shop","item":"https:\/\/www.ghostysky.com\/shop\/"},{"@type":"ListItem","position":3,"name":"DJI RC2"}]},{"@type":"WebSite","@id":"https:\/\/www.ghostysky.com\/#website","url":"https:\/\/www.ghostysky.com\/","name":"Ghostysky","description":"Fornecendo drones e servi\u00e7os profissionais","publisher":{"@id":"https:\/\/www.ghostysky.com\/#organization"},"potentialAction":[{"@type":"SearchAction","target":{"@type":"EntryPoint","urlTemplate":"https:\/\/www.ghostysky.com\/?s={search_term_string}"},"query-input":{"@type":"PropertyValueSpecification","valueRequired":true,"valueName":"search_term_string"}}],"inLanguage":"pt-PT"},{"@type":"Organization","@id":"https:\/\/www.ghostysky.com\/#organization","name":"Ghostysky","url":"https:\/\/www.ghostysky.com\/","logo":{"@type":"ImageObject","inLanguage":"pt-PT","@id":"https:\/\/www.ghostysky.com\/#\/schema\/logo\/image\/","url":"https:\/\/www.ghostysky.com\/wp-content\/uploads\/2020\/06\/cropped-ghostyskylogo_text_white2.png","contentUrl":"https:\/\/www.ghostysky.com\/wp-content\/uploads\/2020\/06\/cropped-ghostyskylogo_text_white2.png","width":169,"height":56,"caption":"Ghostysky"},"image":{"@id":"https:\/\/www.ghostysky.com\/#\/schema\/logo\/image\/"},"sameAs":["https:\/\/www.facebook.com\/people\/Ghostysky\/100057676170234\/","https:\/\/x.com\/Gh0stysky","https:\/\/www.linkedin.com\/company\/34739653","https:\/\/www.instagram.com\/gh0stysky"]}]}},"_links":{"self":[{"href":"https:\/\/www.ghostysky.com\/pt\/wp-json\/wp\/v2\/product\/17665","targetHints":{"allow":["GET"]}}],"collection":[{"href":"https:\/\/www.ghostysky.com\/pt\/wp-json\/wp\/v2\/product"}],"about":[{"href":"https:\/\/www.ghostysky.com\/pt\/wp-json\/wp\/v2\/types\/product"}],"replies":[{"embeddable":true,"href":"https:\/\/www.ghostysky.com\/pt\/wp-json\/wp\/v2\/comments?post=17665"}],"version-history":[{"count":1,"href":"https:\/\/www.ghostysky.com\/pt\/wp-json\/wp\/v2\/product\/17665\/revisions"}],"predecessor-version":[{"id":24712,"href":"https:\/\/www.ghostysky.com\/pt\/wp-json\/wp\/v2\/product\/17665\/revisions\/24712"}],"wp:featuredmedia":[{"embeddable":true,"href":"https:\/\/www.ghostysky.com\/pt\/wp-json\/wp\/v2\/media\/17667"}],"wp:attachment":[{"href":"https:\/\/www.ghostysky.com\/pt\/wp-json\/wp\/v2\/media?parent=17665"}],"wp:term":[{"taxonomy":"product_brand","embeddable":true,"href":"https:\/\/www.ghostysky.com\/pt\/wp-json\/wp\/v2\/product_brand?post=17665"},{"taxonomy":"product_cat","embeddable":true,"href":"https:\/\/www.ghostysky.com\/pt\/wp-json\/wp\/v2\/product_cat?post=17665"},{"taxonomy":"product_tag","embeddable":true,"href":"https:\/\/www.ghostysky.com\/pt\/wp-json\/wp\/v2\/product_tag?post=17665"}],"curies":[{"name":"wp","href":"https:\/\/api.w.org\/{rel}","templated":true}]}}