{"id":17671,"date":"2024-03-17T09:28:48","date_gmt":"2024-03-17T09:28:48","guid":{"rendered":"https:\/\/www.ghostysky.com\/?post_type=product&#038;p=17671"},"modified":"2024-05-26T09:26:42","modified_gmt":"2024-05-26T09:26:42","slug":"dji-air-3-low-noise-propellers-pair","status":"publish","type":"product","link":"https:\/\/www.ghostysky.com\/pt\/product\/dji-air-3-low-noise-propellers-pair\/","title":{"rendered":"H\u00e9lices de baixo ru\u00eddo DJI Air 3 (par)"},"content":{"rendered":"<p data-sourcepos=\"3:1-3:61\">Aqui est\u00e3o alguns recursos principais das h\u00e9lices de baixo ru\u00eddo DJI Air 3:<\/p>\n<ul data-sourcepos=\"5:1-8:0\">\n<li data-sourcepos=\"5:1-5:112\"><strong>Redu\u00e7\u00e3o de ru\u00eddo:<\/strong>\u00a0O design das p\u00e1s ajuda a reduzir o ru\u00eddo gerado pelas h\u00e9lices durante o voo.<\/li>\n<li data-sourcepos=\"6:1-6:174\"><strong>Efici\u00eancia Aerodin\u00e2mica:<\/strong>\u00a0Juntamente com a redu\u00e7\u00e3o de ru\u00eddo, estas h\u00e9lices melhoram a efici\u00eancia aerodin\u00e2mica, o que pode traduzir-se em tempos de voo ligeiramente prolongados.<\/li>\n<li data-sourcepos=\"7:1-8:0\"><strong>Balanceamento:<\/strong>\u00a0Cada h\u00e9lice passa por um balanceamento din\u00e2mico preciso para garantir uma opera\u00e7\u00e3o suave e minimizar vibra\u00e7\u00f5es.<\/li>\n<\/ul>\n<p data-sourcepos=\"9:1-9:72\">Essas h\u00e9lices s\u00e3o normalmente vendidas em pares (um par para dois motores).<\/p>","protected":false},"excerpt":{"rendered":"<p>As h\u00e9lices de baixo ru\u00eddo DJI Air 3 s\u00e3o h\u00e9lices de reposi\u00e7\u00e3o projetadas especificamente para o drone DJI Air 3. Seu principal benef\u00edcio \u00e9 reduzir a produ\u00e7\u00e3o de ru\u00eddo durante o v\u00f4o, tornando a experi\u00eancia do drone mais silenciosa e potencialmente menos perturbadora para o ambiente.<\/p>","protected":false},"featured_media":17673,"comment_status":"open","ping_status":"closed","template":"","meta":[],"product_brand":[],"product_cat":[777,752,775,37,29],"product_tag":[753,42,805],"class_list":{"0":"post-17671","1":"product","2":"type-product","3":"status-publish","4":"has-post-thumbnail","6":"product_cat-accessories-air-3","7":"product_cat-aerial-photography","8":"product_cat-air-3","9":"product_cat-dji","10":"product_cat-drones","11":"product_tag-air-3","12":"product_tag-dji","13":"product_tag-low-noise-propellers-pair","15":"first","16":"instock","17":"taxable","18":"shipping-taxable","19":"purchasable","20":"product-type-simple"},"yoast_head":"<!-- This site is optimized with the Yoast SEO plugin v27.4 - https:\/\/yoast.com\/product\/yoast-seo-wordpress\/ -->\n<title>DJI Air 3 Low-Noise Propellers (Pair) - Ghostysky<\/title>\n<meta name=\"description\" content=\"DJI Air 3 Low-Noise Propellers are replacement propellers designed specifically for the DJI Air 3 drone. Their main benefit is reducing noise output during flight, making your drone experience quieter and potentially less disruptive to the surroundings.\" \/>\n<meta name=\"robots\" content=\"index, follow, max-snippet:-1, max-image-preview:large, max-video-preview:-1\" \/>\n<link rel=\"canonical\" href=\"https:\/\/www.ghostysky.com\/pt\/produto-2\/dji-air-3-low-noise-propellers-pair\/\" \/>\n<meta property=\"og:locale\" content=\"pt_PT\" \/>\n<meta property=\"og:type\" content=\"article\" \/>\n<meta property=\"og:title\" content=\"DJI Air 3 Low-Noise Propellers (Pair) - Ghostysky\" \/>\n<meta property=\"og:description\" content=\"DJI Air 3 Low-Noise Propellers are replacement propellers designed specifically for the DJI Air 3 drone. Their main benefit is reducing noise output during flight, making your drone experience quieter and potentially less disruptive to the surroundings.\" \/>\n<meta property=\"og:url\" content=\"https:\/\/www.ghostysky.com\/pt\/produto-2\/dji-air-3-low-noise-propellers-pair\/\" \/>\n<meta property=\"og:site_name\" content=\"Ghostysky\" \/>\n<meta property=\"article:publisher\" content=\"https:\/\/www.facebook.com\/people\/Ghostysky\/100057676170234\/\" \/>\n<meta property=\"article:modified_time\" content=\"2024-05-26T09:26:42+00:00\" \/>\n<meta property=\"og:image\" content=\"https:\/\/www.ghostysky.com\/wp-content\/uploads\/2024\/03\/GH_DJI-Air-3-Low-Noise-Propellers-Pair_1.jpg\" \/>\n\t<meta property=\"og:image:width\" content=\"800\" \/>\n\t<meta property=\"og:image:height\" content=\"800\" \/>\n\t<meta property=\"og:image:type\" content=\"image\/jpeg\" \/>\n<meta name=\"twitter:card\" content=\"summary_large_image\" \/>\n<meta name=\"twitter:site\" content=\"@Gh0stysky\" \/>\n<script type=\"application\/ld+json\" class=\"yoast-schema-graph\">{\"@context\":\"https:\\\/\\\/schema.org\",\"@graph\":[{\"@type\":\"WebPage\",\"@id\":\"https:\\\/\\\/www.ghostysky.com\\\/product\\\/dji-air-3-low-noise-propellers-pair\\\/\",\"url\":\"https:\\\/\\\/www.ghostysky.com\\\/product\\\/dji-air-3-low-noise-propellers-pair\\\/\",\"name\":\"DJI Air 3 Low-Noise Propellers (Pair) - Ghostysky\",\"isPartOf\":{\"@id\":\"https:\\\/\\\/www.ghostysky.com\\\/#website\"},\"primaryImageOfPage\":{\"@id\":\"https:\\\/\\\/www.ghostysky.com\\\/product\\\/dji-air-3-low-noise-propellers-pair\\\/#primaryimage\"},\"image\":{\"@id\":\"https:\\\/\\\/www.ghostysky.com\\\/product\\\/dji-air-3-low-noise-propellers-pair\\\/#primaryimage\"},\"thumbnailUrl\":\"https:\\\/\\\/www.ghostysky.com\\\/wp-content\\\/uploads\\\/2024\\\/03\\\/GH_DJI-Air-3-Low-Noise-Propellers-Pair_1.jpg\",\"datePublished\":\"2024-03-17T09:28:48+00:00\",\"dateModified\":\"2024-05-26T09:26:42+00:00\",\"description\":\"DJI Air 3 Low-Noise Propellers are replacement propellers designed specifically for the DJI Air 3 drone. Their main benefit is reducing noise output during flight, making your drone experience quieter and potentially less disruptive to the surroundings.\",\"breadcrumb\":{\"@id\":\"https:\\\/\\\/www.ghostysky.com\\\/product\\\/dji-air-3-low-noise-propellers-pair\\\/#breadcrumb\"},\"inLanguage\":\"pt-PT\",\"potentialAction\":[{\"@type\":\"ReadAction\",\"target\":[\"https:\\\/\\\/www.ghostysky.com\\\/product\\\/dji-air-3-low-noise-propellers-pair\\\/\"]}]},{\"@type\":\"ImageObject\",\"inLanguage\":\"pt-PT\",\"@id\":\"https:\\\/\\\/www.ghostysky.com\\\/product\\\/dji-air-3-low-noise-propellers-pair\\\/#primaryimage\",\"url\":\"https:\\\/\\\/www.ghostysky.com\\\/wp-content\\\/uploads\\\/2024\\\/03\\\/GH_DJI-Air-3-Low-Noise-Propellers-Pair_1.jpg\",\"contentUrl\":\"https:\\\/\\\/www.ghostysky.com\\\/wp-content\\\/uploads\\\/2024\\\/03\\\/GH_DJI-Air-3-Low-Noise-Propellers-Pair_1.jpg\",\"width\":800,\"height\":800},{\"@type\":\"BreadcrumbList\",\"@id\":\"https:\\\/\\\/www.ghostysky.com\\\/product\\\/dji-air-3-low-noise-propellers-pair\\\/#breadcrumb\",\"itemListElement\":[{\"@type\":\"ListItem\",\"position\":1,\"name\":\"Home\",\"item\":\"https:\\\/\\\/www.ghostysky.com\\\/\"},{\"@type\":\"ListItem\",\"position\":2,\"name\":\"Shop\",\"item\":\"https:\\\/\\\/www.ghostysky.com\\\/shop\\\/\"},{\"@type\":\"ListItem\",\"position\":3,\"name\":\"DJI Air 3 Low-Noise Propellers (Pair)\"}]},{\"@type\":\"WebSite\",\"@id\":\"https:\\\/\\\/www.ghostysky.com\\\/#website\",\"url\":\"https:\\\/\\\/www.ghostysky.com\\\/\",\"name\":\"Ghostysky\",\"description\":\"Delivering professional drones and services\",\"publisher\":{\"@id\":\"https:\\\/\\\/www.ghostysky.com\\\/#organization\"},\"potentialAction\":[{\"@type\":\"SearchAction\",\"target\":{\"@type\":\"EntryPoint\",\"urlTemplate\":\"https:\\\/\\\/www.ghostysky.com\\\/?s={search_term_string}\"},\"query-input\":{\"@type\":\"PropertyValueSpecification\",\"valueRequired\":true,\"valueName\":\"search_term_string\"}}],\"inLanguage\":\"pt-PT\"},{\"@type\":\"Organization\",\"@id\":\"https:\\\/\\\/www.ghostysky.com\\\/#organization\",\"name\":\"Ghostysky\",\"url\":\"https:\\\/\\\/www.ghostysky.com\\\/\",\"logo\":{\"@type\":\"ImageObject\",\"inLanguage\":\"pt-PT\",\"@id\":\"https:\\\/\\\/www.ghostysky.com\\\/#\\\/schema\\\/logo\\\/image\\\/\",\"url\":\"https:\\\/\\\/www.ghostysky.com\\\/wp-content\\\/uploads\\\/2020\\\/06\\\/cropped-ghostyskylogo_text_white2.png\",\"contentUrl\":\"https:\\\/\\\/www.ghostysky.com\\\/wp-content\\\/uploads\\\/2020\\\/06\\\/cropped-ghostyskylogo_text_white2.png\",\"width\":169,\"height\":56,\"caption\":\"Ghostysky\"},\"image\":{\"@id\":\"https:\\\/\\\/www.ghostysky.com\\\/#\\\/schema\\\/logo\\\/image\\\/\"},\"sameAs\":[\"https:\\\/\\\/www.facebook.com\\\/people\\\/Ghostysky\\\/100057676170234\\\/\",\"https:\\\/\\\/x.com\\\/Gh0stysky\",\"https:\\\/\\\/www.linkedin.com\\\/company\\\/34739653\",\"https:\\\/\\\/www.instagram.com\\\/gh0stysky\"]}]}<\/script>\n<!-- \/ Yoast SEO plugin. -->","yoast_head_json":{"title":"H\u00e9lices de baixo ru\u00eddo DJI Air 3 (par) - Ghostysky","description":"As h\u00e9lices de baixo ru\u00eddo DJI Air 3 s\u00e3o h\u00e9lices de reposi\u00e7\u00e3o projetadas especificamente para o drone DJI Air 3. Seu principal benef\u00edcio \u00e9 reduzir a produ\u00e7\u00e3o de ru\u00eddo durante o v\u00f4o, tornando a experi\u00eancia do drone mais silenciosa e potencialmente menos perturbadora para o ambiente.","robots":{"index":"index","follow":"follow","max-snippet":"max-snippet:-1","max-image-preview":"max-image-preview:large","max-video-preview":"max-video-preview:-1"},"canonical":"https:\/\/www.ghostysky.com\/pt\/produto-2\/dji-air-3-low-noise-propellers-pair\/","og_locale":"pt_PT","og_type":"article","og_title":"DJI Air 3 Low-Noise Propellers (Pair) - Ghostysky","og_description":"DJI Air 3 Low-Noise Propellers are replacement propellers designed specifically for the DJI Air 3 drone. Their main benefit is reducing noise output during flight, making your drone experience quieter and potentially less disruptive to the surroundings.","og_url":"https:\/\/www.ghostysky.com\/pt\/produto-2\/dji-air-3-low-noise-propellers-pair\/","og_site_name":"Ghostysky","article_publisher":"https:\/\/www.facebook.com\/people\/Ghostysky\/100057676170234\/","article_modified_time":"2024-05-26T09:26:42+00:00","og_image":[{"width":800,"height":800,"url":"https:\/\/www.ghostysky.com\/wp-content\/uploads\/2024\/03\/GH_DJI-Air-3-Low-Noise-Propellers-Pair_1.jpg","type":"image\/jpeg"}],"twitter_card":"summary_large_image","twitter_site":"@Gh0stysky","schema":{"@context":"https:\/\/schema.org","@graph":[{"@type":"WebPage","@id":"https:\/\/www.ghostysky.com\/product\/dji-air-3-low-noise-propellers-pair\/","url":"https:\/\/www.ghostysky.com\/product\/dji-air-3-low-noise-propellers-pair\/","name":"H\u00e9lices de baixo ru\u00eddo DJI Air 3 (par) - Ghostysky","isPartOf":{"@id":"https:\/\/www.ghostysky.com\/#website"},"primaryImageOfPage":{"@id":"https:\/\/www.ghostysky.com\/product\/dji-air-3-low-noise-propellers-pair\/#primaryimage"},"image":{"@id":"https:\/\/www.ghostysky.com\/product\/dji-air-3-low-noise-propellers-pair\/#primaryimage"},"thumbnailUrl":"https:\/\/www.ghostysky.com\/wp-content\/uploads\/2024\/03\/GH_DJI-Air-3-Low-Noise-Propellers-Pair_1.jpg","datePublished":"2024-03-17T09:28:48+00:00","dateModified":"2024-05-26T09:26:42+00:00","description":"As h\u00e9lices de baixo ru\u00eddo DJI Air 3 s\u00e3o h\u00e9lices de reposi\u00e7\u00e3o projetadas especificamente para o drone DJI Air 3. Seu principal benef\u00edcio \u00e9 reduzir a produ\u00e7\u00e3o de ru\u00eddo durante o v\u00f4o, tornando a experi\u00eancia do drone mais silenciosa e potencialmente menos perturbadora para o ambiente.","breadcrumb":{"@id":"https:\/\/www.ghostysky.com\/product\/dji-air-3-low-noise-propellers-pair\/#breadcrumb"},"inLanguage":"pt-PT","potentialAction":[{"@type":"ReadAction","target":["https:\/\/www.ghostysky.com\/product\/dji-air-3-low-noise-propellers-pair\/"]}]},{"@type":"ImageObject","inLanguage":"pt-PT","@id":"https:\/\/www.ghostysky.com\/product\/dji-air-3-low-noise-propellers-pair\/#primaryimage","url":"https:\/\/www.ghostysky.com\/wp-content\/uploads\/2024\/03\/GH_DJI-Air-3-Low-Noise-Propellers-Pair_1.jpg","contentUrl":"https:\/\/www.ghostysky.com\/wp-content\/uploads\/2024\/03\/GH_DJI-Air-3-Low-Noise-Propellers-Pair_1.jpg","width":800,"height":800},{"@type":"BreadcrumbList","@id":"https:\/\/www.ghostysky.com\/product\/dji-air-3-low-noise-propellers-pair\/#breadcrumb","itemListElement":[{"@type":"ListItem","position":1,"name":"Home","item":"https:\/\/www.ghostysky.com\/"},{"@type":"ListItem","position":2,"name":"Shop","item":"https:\/\/www.ghostysky.com\/shop\/"},{"@type":"ListItem","position":3,"name":"DJI Air 3 Low-Noise Propellers (Pair)"}]},{"@type":"WebSite","@id":"https:\/\/www.ghostysky.com\/#website","url":"https:\/\/www.ghostysky.com\/","name":"Ghostysky","description":"Fornecendo drones e servi\u00e7os profissionais","publisher":{"@id":"https:\/\/www.ghostysky.com\/#organization"},"potentialAction":[{"@type":"SearchAction","target":{"@type":"EntryPoint","urlTemplate":"https:\/\/www.ghostysky.com\/?s={search_term_string}"},"query-input":{"@type":"PropertyValueSpecification","valueRequired":true,"valueName":"search_term_string"}}],"inLanguage":"pt-PT"},{"@type":"Organization","@id":"https:\/\/www.ghostysky.com\/#organization","name":"Ghostysky","url":"https:\/\/www.ghostysky.com\/","logo":{"@type":"ImageObject","inLanguage":"pt-PT","@id":"https:\/\/www.ghostysky.com\/#\/schema\/logo\/image\/","url":"https:\/\/www.ghostysky.com\/wp-content\/uploads\/2020\/06\/cropped-ghostyskylogo_text_white2.png","contentUrl":"https:\/\/www.ghostysky.com\/wp-content\/uploads\/2020\/06\/cropped-ghostyskylogo_text_white2.png","width":169,"height":56,"caption":"Ghostysky"},"image":{"@id":"https:\/\/www.ghostysky.com\/#\/schema\/logo\/image\/"},"sameAs":["https:\/\/www.facebook.com\/people\/Ghostysky\/100057676170234\/","https:\/\/x.com\/Gh0stysky","https:\/\/www.linkedin.com\/company\/34739653","https:\/\/www.instagram.com\/gh0stysky"]}]}},"_links":{"self":[{"href":"https:\/\/www.ghostysky.com\/pt\/wp-json\/wp\/v2\/product\/17671","targetHints":{"allow":["GET"]}}],"collection":[{"href":"https:\/\/www.ghostysky.com\/pt\/wp-json\/wp\/v2\/product"}],"about":[{"href":"https:\/\/www.ghostysky.com\/pt\/wp-json\/wp\/v2\/types\/product"}],"replies":[{"embeddable":true,"href":"https:\/\/www.ghostysky.com\/pt\/wp-json\/wp\/v2\/comments?post=17671"}],"version-history":[{"count":0,"href":"https:\/\/www.ghostysky.com\/pt\/wp-json\/wp\/v2\/product\/17671\/revisions"}],"wp:featuredmedia":[{"embeddable":true,"href":"https:\/\/www.ghostysky.com\/pt\/wp-json\/wp\/v2\/media\/17673"}],"wp:attachment":[{"href":"https:\/\/www.ghostysky.com\/pt\/wp-json\/wp\/v2\/media?parent=17671"}],"wp:term":[{"taxonomy":"product_brand","embeddable":true,"href":"https:\/\/www.ghostysky.com\/pt\/wp-json\/wp\/v2\/product_brand?post=17671"},{"taxonomy":"product_cat","embeddable":true,"href":"https:\/\/www.ghostysky.com\/pt\/wp-json\/wp\/v2\/product_cat?post=17671"},{"taxonomy":"product_tag","embeddable":true,"href":"https:\/\/www.ghostysky.com\/pt\/wp-json\/wp\/v2\/product_tag?post=17671"}],"curies":[{"name":"wp","href":"https:\/\/api.w.org\/{rel}","templated":true}]}}