{"id":17674,"date":"2024-03-17T09:35:01","date_gmt":"2024-03-17T09:35:01","guid":{"rendered":"https:\/\/www.ghostysky.com\/?post_type=product&#038;p=17674"},"modified":"2024-11-19T18:07:11","modified_gmt":"2024-11-19T18:07:11","slug":"dji-air-3-battery-charging-hub","status":"publish","type":"product","link":"https:\/\/www.ghostysky.com\/pt\/product\/dji-air-3-battery-charging-hub\/","title":{"rendered":"Hub de carregamento de bateria DJI Air 3"},"content":{"rendered":"<p data-sourcepos=\"3:1-3:29\"><strong>M\u00faltiplas funcionalidades:<\/strong><\/p>\n<ul data-sourcepos=\"5:1-8:0\">\n<li data-sourcepos=\"5:1-5:105\"><strong>Carrega baterias:<\/strong>\u00a0Ele pode carregar at\u00e9 tr\u00eas baterias de voo inteligentes DJI Air 3 simultaneamente.<\/li>\n<li data-sourcepos=\"6:1-6:103\"><strong>Banco de poder:<\/strong>\u00a0Pode funcionar como um banco de energia para carregar seu smartphone, tablet ou outros dispositivos.<\/li>\n<li data-sourcepos=\"7:1-8:0\"><strong>Gerenciamento de energia da bateria:<\/strong>\u00a0Possui uma nova fun\u00e7\u00e3o de \u201cacumula\u00e7\u00e3o de energia\u201d. Isso permite transferir a energia restante de v\u00e1rias baterias para aquela com carga mais alta, otimizando essencialmente o uso da bateria.<\/li>\n<\/ul>\n<p data-sourcepos=\"9:1-9:25\"><strong>Desempenho de carregamento:<\/strong><\/p>\n<ul data-sourcepos=\"11:1-13:0\">\n<li data-sourcepos=\"11:1-11:139\"><strong>Carregamento r\u00e1pido:<\/strong>\u00a0Quando usado com um carregador port\u00e1til DJI de 65 W (vendido separadamente), ele pode carregar totalmente uma \u00fanica bateria em cerca de 80 minutos.<\/li>\n<li data-sourcepos=\"12:1-13:0\"><strong>Carregamento sequencial:<\/strong>\u00a0O hub prioriza o carregamento das baterias com a maior quantidade de energia restante primeiro.<\/li>\n<\/ul>\n<p data-sourcepos=\"14:1-14:24\"><strong>Caracter\u00edsticas adicionais:<\/strong><\/p>\n<ul data-sourcepos=\"16:1-17:0\">\n<li data-sourcepos=\"16:1-17:0\"><strong>Indicador LED de status:<\/strong>\u00a0Uma luz LED indica o status do carregamento e quando a fun\u00e7\u00e3o de acumula\u00e7\u00e3o de energia est\u00e1 ativa.<\/li>\n<\/ul>\n<p data-sourcepos=\"18:1-18:182\">No geral, o hub de carregamento de bateria DJI Air 3 \u00e9 um acess\u00f3rio \u00fatil para pilotos DJI Air 3 que desejam estender seu tempo de v\u00f4o carregando e gerenciando com efici\u00eancia as baterias de seus drones.<\/p>","protected":false},"excerpt":{"rendered":"<p>O hub de carregamento de bateria DJI Air 3 \u00e9 um acess\u00f3rio projetado para aprimorar sua experi\u00eancia de v\u00f4o com o drone DJI Air 3.<\/p>","protected":false},"featured_media":17676,"comment_status":"open","ping_status":"closed","template":"","meta":[],"product_brand":[],"product_cat":[461,777,752,775,37,29],"product_tag":[753,806,42],"class_list":{"0":"post-17674","1":"product","2":"type-product","3":"status-publish","4":"has-post-thumbnail","6":"product_cat-accessories-2","7":"product_cat-accessories-air-3","8":"product_cat-aerial-photography","9":"product_cat-air-3","10":"product_cat-dji","11":"product_cat-drones","12":"product_tag-air-3","13":"product_tag-battery-charging-hub","14":"product_tag-dji","16":"first","17":"instock","18":"taxable","19":"shipping-taxable","20":"purchasable","21":"product-type-simple"},"yoast_head":"<!-- This site is optimized with the Yoast SEO plugin v27.1.1 - https:\/\/yoast.com\/product\/yoast-seo-wordpress\/ -->\n<title>DJI Air 3 Battery Charging Hub - Ghostysky<\/title>\n<meta name=\"description\" content=\"The DJI Air 3 Battery Charging Hub is an accessory designed to enhance your flying experience with the DJI Air 3 drone.\" \/>\n<meta name=\"robots\" content=\"index, follow, max-snippet:-1, max-image-preview:large, max-video-preview:-1\" \/>\n<link rel=\"canonical\" href=\"https:\/\/www.ghostysky.com\/pt\/produto-2\/dji-air-3-battery-charging-hub\/\" \/>\n<meta property=\"og:locale\" content=\"pt_PT\" \/>\n<meta property=\"og:type\" content=\"article\" \/>\n<meta property=\"og:title\" content=\"DJI Air 3 Battery Charging Hub - Ghostysky\" \/>\n<meta property=\"og:description\" content=\"The DJI Air 3 Battery Charging Hub is an accessory designed to enhance your flying experience with the DJI Air 3 drone.\" \/>\n<meta property=\"og:url\" content=\"https:\/\/www.ghostysky.com\/pt\/produto-2\/dji-air-3-battery-charging-hub\/\" \/>\n<meta property=\"og:site_name\" content=\"Ghostysky\" \/>\n<meta property=\"article:publisher\" content=\"https:\/\/www.facebook.com\/people\/Ghostysky\/100057676170234\/\" \/>\n<meta property=\"article:modified_time\" content=\"2024-11-19T18:07:11+00:00\" \/>\n<meta property=\"og:image\" content=\"https:\/\/www.ghostysky.com\/wp-content\/uploads\/2024\/03\/GH_DJI-Air-3-Battery-Charging-Hub_1.jpg\" \/>\n\t<meta property=\"og:image:width\" content=\"800\" \/>\n\t<meta property=\"og:image:height\" content=\"800\" \/>\n\t<meta property=\"og:image:type\" content=\"image\/jpeg\" \/>\n<meta name=\"twitter:card\" content=\"summary_large_image\" \/>\n<meta name=\"twitter:site\" content=\"@Gh0stysky\" \/>\n<meta name=\"twitter:label1\" content=\"Tempo estimado de leitura\" \/>\n\t<meta name=\"twitter:data1\" content=\"1 minuto\" \/>\n<script type=\"application\/ld+json\" class=\"yoast-schema-graph\">{\"@context\":\"https:\/\/schema.org\",\"@graph\":[{\"@type\":\"WebPage\",\"@id\":\"https:\/\/www.ghostysky.com\/product\/dji-air-3-battery-charging-hub\/\",\"url\":\"https:\/\/www.ghostysky.com\/product\/dji-air-3-battery-charging-hub\/\",\"name\":\"DJI Air 3 Battery Charging Hub - Ghostysky\",\"isPartOf\":{\"@id\":\"https:\/\/www.ghostysky.com\/#website\"},\"primaryImageOfPage\":{\"@id\":\"https:\/\/www.ghostysky.com\/product\/dji-air-3-battery-charging-hub\/#primaryimage\"},\"image\":{\"@id\":\"https:\/\/www.ghostysky.com\/product\/dji-air-3-battery-charging-hub\/#primaryimage\"},\"thumbnailUrl\":\"https:\/\/www.ghostysky.com\/wp-content\/uploads\/2024\/03\/GH_DJI-Air-3-Battery-Charging-Hub_1.jpg\",\"datePublished\":\"2024-03-17T09:35:01+00:00\",\"dateModified\":\"2024-11-19T18:07:11+00:00\",\"description\":\"The DJI Air 3 Battery Charging Hub is an accessory designed to enhance your flying experience with the DJI Air 3 drone.\",\"breadcrumb\":{\"@id\":\"https:\/\/www.ghostysky.com\/product\/dji-air-3-battery-charging-hub\/#breadcrumb\"},\"inLanguage\":\"pt-PT\",\"potentialAction\":[{\"@type\":\"ReadAction\",\"target\":[\"https:\/\/www.ghostysky.com\/product\/dji-air-3-battery-charging-hub\/\"]}]},{\"@type\":\"ImageObject\",\"inLanguage\":\"pt-PT\",\"@id\":\"https:\/\/www.ghostysky.com\/product\/dji-air-3-battery-charging-hub\/#primaryimage\",\"url\":\"https:\/\/www.ghostysky.com\/wp-content\/uploads\/2024\/03\/GH_DJI-Air-3-Battery-Charging-Hub_1.jpg\",\"contentUrl\":\"https:\/\/www.ghostysky.com\/wp-content\/uploads\/2024\/03\/GH_DJI-Air-3-Battery-Charging-Hub_1.jpg\",\"width\":800,\"height\":800},{\"@type\":\"BreadcrumbList\",\"@id\":\"https:\/\/www.ghostysky.com\/product\/dji-air-3-battery-charging-hub\/#breadcrumb\",\"itemListElement\":[{\"@type\":\"ListItem\",\"position\":1,\"name\":\"Home\",\"item\":\"https:\/\/www.ghostysky.com\/\"},{\"@type\":\"ListItem\",\"position\":2,\"name\":\"Shop\",\"item\":\"https:\/\/www.ghostysky.com\/shop\/\"},{\"@type\":\"ListItem\",\"position\":3,\"name\":\"DJI Air 3 Battery Charging Hub\"}]},{\"@type\":\"WebSite\",\"@id\":\"https:\/\/www.ghostysky.com\/#website\",\"url\":\"https:\/\/www.ghostysky.com\/\",\"name\":\"Ghostysky\",\"description\":\"Delivering professional drones and services\",\"publisher\":{\"@id\":\"https:\/\/www.ghostysky.com\/#organization\"},\"potentialAction\":[{\"@type\":\"SearchAction\",\"target\":{\"@type\":\"EntryPoint\",\"urlTemplate\":\"https:\/\/www.ghostysky.com\/?s={search_term_string}\"},\"query-input\":{\"@type\":\"PropertyValueSpecification\",\"valueRequired\":true,\"valueName\":\"search_term_string\"}}],\"inLanguage\":\"pt-PT\"},{\"@type\":\"Organization\",\"@id\":\"https:\/\/www.ghostysky.com\/#organization\",\"name\":\"Ghostysky\",\"url\":\"https:\/\/www.ghostysky.com\/\",\"logo\":{\"@type\":\"ImageObject\",\"inLanguage\":\"pt-PT\",\"@id\":\"https:\/\/www.ghostysky.com\/#\/schema\/logo\/image\/\",\"url\":\"https:\/\/www.ghostysky.com\/wp-content\/uploads\/2020\/06\/cropped-ghostyskylogo_text_white2.png\",\"contentUrl\":\"https:\/\/www.ghostysky.com\/wp-content\/uploads\/2020\/06\/cropped-ghostyskylogo_text_white2.png\",\"width\":169,\"height\":56,\"caption\":\"Ghostysky\"},\"image\":{\"@id\":\"https:\/\/www.ghostysky.com\/#\/schema\/logo\/image\/\"},\"sameAs\":[\"https:\/\/www.facebook.com\/people\/Ghostysky\/100057676170234\/\",\"https:\/\/x.com\/Gh0stysky\",\"https:\/\/www.linkedin.com\/company\/34739653\",\"https:\/\/www.instagram.com\/gh0stysky\"]}]}<\/script>\n<!-- \/ Yoast SEO plugin. -->","yoast_head_json":{"title":"Hub de carregamento de bateria DJI Air 3 - Ghostysky","description":"O hub de carregamento de bateria DJI Air 3 \u00e9 um acess\u00f3rio projetado para aprimorar sua experi\u00eancia de v\u00f4o com o drone DJI Air 3.","robots":{"index":"index","follow":"follow","max-snippet":"max-snippet:-1","max-image-preview":"max-image-preview:large","max-video-preview":"max-video-preview:-1"},"canonical":"https:\/\/www.ghostysky.com\/pt\/produto-2\/dji-air-3-battery-charging-hub\/","og_locale":"pt_PT","og_type":"article","og_title":"DJI Air 3 Battery Charging Hub - Ghostysky","og_description":"The DJI Air 3 Battery Charging Hub is an accessory designed to enhance your flying experience with the DJI Air 3 drone.","og_url":"https:\/\/www.ghostysky.com\/pt\/produto-2\/dji-air-3-battery-charging-hub\/","og_site_name":"Ghostysky","article_publisher":"https:\/\/www.facebook.com\/people\/Ghostysky\/100057676170234\/","article_modified_time":"2024-11-19T18:07:11+00:00","og_image":[{"width":800,"height":800,"url":"https:\/\/www.ghostysky.com\/wp-content\/uploads\/2024\/03\/GH_DJI-Air-3-Battery-Charging-Hub_1.jpg","type":"image\/jpeg"}],"twitter_card":"summary_large_image","twitter_site":"@Gh0stysky","twitter_misc":{"Tempo estimado de leitura":"1 minuto"},"schema":{"@context":"https:\/\/schema.org","@graph":[{"@type":"WebPage","@id":"https:\/\/www.ghostysky.com\/product\/dji-air-3-battery-charging-hub\/","url":"https:\/\/www.ghostysky.com\/product\/dji-air-3-battery-charging-hub\/","name":"Hub de carregamento de bateria DJI Air 3 - Ghostysky","isPartOf":{"@id":"https:\/\/www.ghostysky.com\/#website"},"primaryImageOfPage":{"@id":"https:\/\/www.ghostysky.com\/product\/dji-air-3-battery-charging-hub\/#primaryimage"},"image":{"@id":"https:\/\/www.ghostysky.com\/product\/dji-air-3-battery-charging-hub\/#primaryimage"},"thumbnailUrl":"https:\/\/www.ghostysky.com\/wp-content\/uploads\/2024\/03\/GH_DJI-Air-3-Battery-Charging-Hub_1.jpg","datePublished":"2024-03-17T09:35:01+00:00","dateModified":"2024-11-19T18:07:11+00:00","description":"O hub de carregamento de bateria DJI Air 3 \u00e9 um acess\u00f3rio projetado para aprimorar sua experi\u00eancia de v\u00f4o com o drone DJI Air 3.","breadcrumb":{"@id":"https:\/\/www.ghostysky.com\/product\/dji-air-3-battery-charging-hub\/#breadcrumb"},"inLanguage":"pt-PT","potentialAction":[{"@type":"ReadAction","target":["https:\/\/www.ghostysky.com\/product\/dji-air-3-battery-charging-hub\/"]}]},{"@type":"ImageObject","inLanguage":"pt-PT","@id":"https:\/\/www.ghostysky.com\/product\/dji-air-3-battery-charging-hub\/#primaryimage","url":"https:\/\/www.ghostysky.com\/wp-content\/uploads\/2024\/03\/GH_DJI-Air-3-Battery-Charging-Hub_1.jpg","contentUrl":"https:\/\/www.ghostysky.com\/wp-content\/uploads\/2024\/03\/GH_DJI-Air-3-Battery-Charging-Hub_1.jpg","width":800,"height":800},{"@type":"BreadcrumbList","@id":"https:\/\/www.ghostysky.com\/product\/dji-air-3-battery-charging-hub\/#breadcrumb","itemListElement":[{"@type":"ListItem","position":1,"name":"Home","item":"https:\/\/www.ghostysky.com\/"},{"@type":"ListItem","position":2,"name":"Shop","item":"https:\/\/www.ghostysky.com\/shop\/"},{"@type":"ListItem","position":3,"name":"DJI Air 3 Battery Charging Hub"}]},{"@type":"WebSite","@id":"https:\/\/www.ghostysky.com\/#website","url":"https:\/\/www.ghostysky.com\/","name":"Ghostysky","description":"Fornecendo drones e servi\u00e7os profissionais","publisher":{"@id":"https:\/\/www.ghostysky.com\/#organization"},"potentialAction":[{"@type":"SearchAction","target":{"@type":"EntryPoint","urlTemplate":"https:\/\/www.ghostysky.com\/?s={search_term_string}"},"query-input":{"@type":"PropertyValueSpecification","valueRequired":true,"valueName":"search_term_string"}}],"inLanguage":"pt-PT"},{"@type":"Organization","@id":"https:\/\/www.ghostysky.com\/#organization","name":"Ghostysky","url":"https:\/\/www.ghostysky.com\/","logo":{"@type":"ImageObject","inLanguage":"pt-PT","@id":"https:\/\/www.ghostysky.com\/#\/schema\/logo\/image\/","url":"https:\/\/www.ghostysky.com\/wp-content\/uploads\/2020\/06\/cropped-ghostyskylogo_text_white2.png","contentUrl":"https:\/\/www.ghostysky.com\/wp-content\/uploads\/2020\/06\/cropped-ghostyskylogo_text_white2.png","width":169,"height":56,"caption":"Ghostysky"},"image":{"@id":"https:\/\/www.ghostysky.com\/#\/schema\/logo\/image\/"},"sameAs":["https:\/\/www.facebook.com\/people\/Ghostysky\/100057676170234\/","https:\/\/x.com\/Gh0stysky","https:\/\/www.linkedin.com\/company\/34739653","https:\/\/www.instagram.com\/gh0stysky"]}]}},"_links":{"self":[{"href":"https:\/\/www.ghostysky.com\/pt\/wp-json\/wp\/v2\/product\/17674","targetHints":{"allow":["GET"]}}],"collection":[{"href":"https:\/\/www.ghostysky.com\/pt\/wp-json\/wp\/v2\/product"}],"about":[{"href":"https:\/\/www.ghostysky.com\/pt\/wp-json\/wp\/v2\/types\/product"}],"replies":[{"embeddable":true,"href":"https:\/\/www.ghostysky.com\/pt\/wp-json\/wp\/v2\/comments?post=17674"}],"wp:featuredmedia":[{"embeddable":true,"href":"https:\/\/www.ghostysky.com\/pt\/wp-json\/wp\/v2\/media\/17676"}],"wp:attachment":[{"href":"https:\/\/www.ghostysky.com\/pt\/wp-json\/wp\/v2\/media?parent=17674"}],"wp:term":[{"taxonomy":"product_brand","embeddable":true,"href":"https:\/\/www.ghostysky.com\/pt\/wp-json\/wp\/v2\/product_brand?post=17674"},{"taxonomy":"product_cat","embeddable":true,"href":"https:\/\/www.ghostysky.com\/pt\/wp-json\/wp\/v2\/product_cat?post=17674"},{"taxonomy":"product_tag","embeddable":true,"href":"https:\/\/www.ghostysky.com\/pt\/wp-json\/wp\/v2\/product_tag?post=17674"}],"curies":[{"name":"wp","href":"https:\/\/api.w.org\/{rel}","templated":true}]}}