{"id":17678,"date":"2024-03-17T10:01:57","date_gmt":"2024-03-17T10:01:57","guid":{"rendered":"https:\/\/www.ghostysky.com\/?post_type=product&#038;p=17678"},"modified":"2024-09-05T23:35:06","modified_gmt":"2024-09-05T23:35:06","slug":"dji-air-3-gimbal-protector","status":"publish","type":"product","link":"https:\/\/www.ghostysky.com\/pt\/product\/dji-air-3-gimbal-protector\/","title":{"rendered":"Protetor de cardan DJI Air 3"},"content":{"rendered":"<ul data-sourcepos=\"5:1-8:0\">\n<li data-sourcepos=\"5:1-5:69\">Normalmente \u00e9 feito de material leve e com absor\u00e7\u00e3o de choque.<\/li>\n<li data-sourcepos=\"6:1-6:61\">Ele se conecta ao corpo do drone ao redor do gimbal e da c\u00e2mera.<\/li>\n<li data-sourcepos=\"7:1-8:0\">Ele foi projetado para ser f\u00e1cil de instalar e remover.<\/li>\n<\/ul>\n<p data-sourcepos=\"9:1-9:200\">Embora um protetor de cardan possa oferecer alguma tranquilidade, \u00e9 importante lembrar que n\u00e3o \u00e9 uma solu\u00e7\u00e3o infal\u00edvel. Sempre pilote seu drone com cuidado e evite situa\u00e7\u00f5es em que seja prov\u00e1vel uma colis\u00e3o.<\/p>","protected":false},"excerpt":{"rendered":"<p>O DJI Air 3 Gimbal Protector \u00e9 um acess\u00f3rio projetado especificamente para o drone DJI Air 3. Seu objetivo \u00e9 proteger o cardan e a c\u00e2mera do drone contra poss\u00edveis danos causados por colis\u00f5es. Esses protetores geralmente s\u00e3o f\u00e1ceis de instalar e remover.<\/p>","protected":false},"featured_media":17680,"comment_status":"open","ping_status":"closed","template":"","meta":[],"product_brand":[],"product_cat":[461,777,752,775,37,29],"product_tag":[753,42,807],"class_list":{"0":"post-17678","1":"product","2":"type-product","3":"status-publish","4":"has-post-thumbnail","6":"product_cat-accessories-2","7":"product_cat-accessories-air-3","8":"product_cat-aerial-photography","9":"product_cat-air-3","10":"product_cat-dji","11":"product_cat-drones","12":"product_tag-air-3","13":"product_tag-dji","14":"product_tag-gimbal-protector","16":"first","17":"instock","18":"taxable","19":"shipping-taxable","20":"purchasable","21":"product-type-simple"},"yoast_head":"<!-- This site is optimized with the Yoast SEO plugin v27.4 - https:\/\/yoast.com\/product\/yoast-seo-wordpress\/ -->\n<title>DJI Air 3 Gimbal Protector - Ghostysky<\/title>\n<meta name=\"description\" content=\"The DJI Air 3 Gimbal Protector is an accessory designed specifically for the DJI Air 3 drone. Its purpose is to shield the drone&#039;s gimbal and camera from potential damage caused by collisions. These protectors are generally easy to install and remove.\" \/>\n<meta name=\"robots\" content=\"index, follow, max-snippet:-1, max-image-preview:large, max-video-preview:-1\" \/>\n<link rel=\"canonical\" href=\"https:\/\/www.ghostysky.com\/pt\/produto-2\/dji-air-3-gimbal-protector\/\" \/>\n<meta property=\"og:locale\" content=\"pt_PT\" \/>\n<meta property=\"og:type\" content=\"article\" \/>\n<meta property=\"og:title\" content=\"DJI Air 3 Gimbal Protector - Ghostysky\" \/>\n<meta property=\"og:description\" content=\"The DJI Air 3 Gimbal Protector is an accessory designed specifically for the DJI Air 3 drone. Its purpose is to shield the drone&#039;s gimbal and camera from potential damage caused by collisions. These protectors are generally easy to install and remove.\" \/>\n<meta property=\"og:url\" content=\"https:\/\/www.ghostysky.com\/pt\/produto-2\/dji-air-3-gimbal-protector\/\" \/>\n<meta property=\"og:site_name\" content=\"Ghostysky\" \/>\n<meta property=\"article:publisher\" content=\"https:\/\/www.facebook.com\/people\/Ghostysky\/100057676170234\/\" \/>\n<meta property=\"article:modified_time\" content=\"2024-09-05T23:35:06+00:00\" \/>\n<meta property=\"og:image\" content=\"https:\/\/www.ghostysky.com\/wp-content\/uploads\/2024\/03\/GH_DJI-Air-3-Gimbal-Protector_1.jpg\" \/>\n\t<meta property=\"og:image:width\" content=\"800\" \/>\n\t<meta property=\"og:image:height\" content=\"800\" \/>\n\t<meta property=\"og:image:type\" content=\"image\/jpeg\" \/>\n<meta name=\"twitter:card\" content=\"summary_large_image\" \/>\n<meta name=\"twitter:site\" content=\"@Gh0stysky\" \/>\n<meta name=\"twitter:label1\" content=\"Tempo estimado de leitura\" \/>\n\t<meta name=\"twitter:data1\" content=\"1 minuto\" \/>\n<script type=\"application\/ld+json\" class=\"yoast-schema-graph\">{\"@context\":\"https:\\\/\\\/schema.org\",\"@graph\":[{\"@type\":\"WebPage\",\"@id\":\"https:\\\/\\\/www.ghostysky.com\\\/product\\\/dji-air-3-gimbal-protector\\\/\",\"url\":\"https:\\\/\\\/www.ghostysky.com\\\/product\\\/dji-air-3-gimbal-protector\\\/\",\"name\":\"DJI Air 3 Gimbal Protector - Ghostysky\",\"isPartOf\":{\"@id\":\"https:\\\/\\\/www.ghostysky.com\\\/#website\"},\"primaryImageOfPage\":{\"@id\":\"https:\\\/\\\/www.ghostysky.com\\\/product\\\/dji-air-3-gimbal-protector\\\/#primaryimage\"},\"image\":{\"@id\":\"https:\\\/\\\/www.ghostysky.com\\\/product\\\/dji-air-3-gimbal-protector\\\/#primaryimage\"},\"thumbnailUrl\":\"https:\\\/\\\/www.ghostysky.com\\\/wp-content\\\/uploads\\\/2024\\\/03\\\/GH_DJI-Air-3-Gimbal-Protector_1.jpg\",\"datePublished\":\"2024-03-17T10:01:57+00:00\",\"dateModified\":\"2024-09-05T23:35:06+00:00\",\"description\":\"The DJI Air 3 Gimbal Protector is an accessory designed specifically for the DJI Air 3 drone. Its purpose is to shield the drone's gimbal and camera from potential damage caused by collisions. These protectors are generally easy to install and remove.\",\"breadcrumb\":{\"@id\":\"https:\\\/\\\/www.ghostysky.com\\\/product\\\/dji-air-3-gimbal-protector\\\/#breadcrumb\"},\"inLanguage\":\"pt-PT\",\"potentialAction\":[{\"@type\":\"ReadAction\",\"target\":[\"https:\\\/\\\/www.ghostysky.com\\\/product\\\/dji-air-3-gimbal-protector\\\/\"]}]},{\"@type\":\"ImageObject\",\"inLanguage\":\"pt-PT\",\"@id\":\"https:\\\/\\\/www.ghostysky.com\\\/product\\\/dji-air-3-gimbal-protector\\\/#primaryimage\",\"url\":\"https:\\\/\\\/www.ghostysky.com\\\/wp-content\\\/uploads\\\/2024\\\/03\\\/GH_DJI-Air-3-Gimbal-Protector_1.jpg\",\"contentUrl\":\"https:\\\/\\\/www.ghostysky.com\\\/wp-content\\\/uploads\\\/2024\\\/03\\\/GH_DJI-Air-3-Gimbal-Protector_1.jpg\",\"width\":800,\"height\":800},{\"@type\":\"BreadcrumbList\",\"@id\":\"https:\\\/\\\/www.ghostysky.com\\\/product\\\/dji-air-3-gimbal-protector\\\/#breadcrumb\",\"itemListElement\":[{\"@type\":\"ListItem\",\"position\":1,\"name\":\"Home\",\"item\":\"https:\\\/\\\/www.ghostysky.com\\\/\"},{\"@type\":\"ListItem\",\"position\":2,\"name\":\"Shop\",\"item\":\"https:\\\/\\\/www.ghostysky.com\\\/shop\\\/\"},{\"@type\":\"ListItem\",\"position\":3,\"name\":\"DJI Air 3 Gimbal Protector\"}]},{\"@type\":\"WebSite\",\"@id\":\"https:\\\/\\\/www.ghostysky.com\\\/#website\",\"url\":\"https:\\\/\\\/www.ghostysky.com\\\/\",\"name\":\"Ghostysky\",\"description\":\"Delivering professional drones and robotics solutions\",\"publisher\":{\"@id\":\"https:\\\/\\\/www.ghostysky.com\\\/#organization\"},\"potentialAction\":[{\"@type\":\"SearchAction\",\"target\":{\"@type\":\"EntryPoint\",\"urlTemplate\":\"https:\\\/\\\/www.ghostysky.com\\\/?s={search_term_string}\"},\"query-input\":{\"@type\":\"PropertyValueSpecification\",\"valueRequired\":true,\"valueName\":\"search_term_string\"}}],\"inLanguage\":\"pt-PT\"},{\"@type\":\"Organization\",\"@id\":\"https:\\\/\\\/www.ghostysky.com\\\/#organization\",\"name\":\"Ghostysky\",\"url\":\"https:\\\/\\\/www.ghostysky.com\\\/\",\"logo\":{\"@type\":\"ImageObject\",\"inLanguage\":\"pt-PT\",\"@id\":\"https:\\\/\\\/www.ghostysky.com\\\/#\\\/schema\\\/logo\\\/image\\\/\",\"url\":\"https:\\\/\\\/www.ghostysky.com\\\/wp-content\\\/uploads\\\/2020\\\/06\\\/cropped-ghostyskylogo_text_white2.png\",\"contentUrl\":\"https:\\\/\\\/www.ghostysky.com\\\/wp-content\\\/uploads\\\/2020\\\/06\\\/cropped-ghostyskylogo_text_white2.png\",\"width\":169,\"height\":56,\"caption\":\"Ghostysky\"},\"image\":{\"@id\":\"https:\\\/\\\/www.ghostysky.com\\\/#\\\/schema\\\/logo\\\/image\\\/\"},\"sameAs\":[\"https:\\\/\\\/www.facebook.com\\\/people\\\/Ghostysky\\\/100057676170234\\\/\",\"https:\\\/\\\/x.com\\\/Gh0stysky\",\"https:\\\/\\\/www.linkedin.com\\\/company\\\/34739653\",\"https:\\\/\\\/www.instagram.com\\\/gh0stysky\"]}]}<\/script>\n<!-- \/ Yoast SEO plugin. -->","yoast_head_json":{"title":"Protetor de cardan DJI Air 3 - Ghostysky","description":"O DJI Air 3 Gimbal Protector \u00e9 um acess\u00f3rio projetado especificamente para o drone DJI Air 3. Seu objetivo \u00e9 proteger o cardan e a c\u00e2mera do drone contra poss\u00edveis danos causados por colis\u00f5es. Esses protetores geralmente s\u00e3o f\u00e1ceis de instalar e remover.","robots":{"index":"index","follow":"follow","max-snippet":"max-snippet:-1","max-image-preview":"max-image-preview:large","max-video-preview":"max-video-preview:-1"},"canonical":"https:\/\/www.ghostysky.com\/pt\/produto-2\/dji-air-3-gimbal-protector\/","og_locale":"pt_PT","og_type":"article","og_title":"DJI Air 3 Gimbal Protector - Ghostysky","og_description":"The DJI Air 3 Gimbal Protector is an accessory designed specifically for the DJI Air 3 drone. Its purpose is to shield the drone's gimbal and camera from potential damage caused by collisions. These protectors are generally easy to install and remove.","og_url":"https:\/\/www.ghostysky.com\/pt\/produto-2\/dji-air-3-gimbal-protector\/","og_site_name":"Ghostysky","article_publisher":"https:\/\/www.facebook.com\/people\/Ghostysky\/100057676170234\/","article_modified_time":"2024-09-05T23:35:06+00:00","og_image":[{"width":800,"height":800,"url":"https:\/\/www.ghostysky.com\/wp-content\/uploads\/2024\/03\/GH_DJI-Air-3-Gimbal-Protector_1.jpg","type":"image\/jpeg"}],"twitter_card":"summary_large_image","twitter_site":"@Gh0stysky","twitter_misc":{"Tempo estimado de leitura":"1 minuto"},"schema":{"@context":"https:\/\/schema.org","@graph":[{"@type":"WebPage","@id":"https:\/\/www.ghostysky.com\/product\/dji-air-3-gimbal-protector\/","url":"https:\/\/www.ghostysky.com\/product\/dji-air-3-gimbal-protector\/","name":"Protetor de cardan DJI Air 3 - Ghostysky","isPartOf":{"@id":"https:\/\/www.ghostysky.com\/#website"},"primaryImageOfPage":{"@id":"https:\/\/www.ghostysky.com\/product\/dji-air-3-gimbal-protector\/#primaryimage"},"image":{"@id":"https:\/\/www.ghostysky.com\/product\/dji-air-3-gimbal-protector\/#primaryimage"},"thumbnailUrl":"https:\/\/www.ghostysky.com\/wp-content\/uploads\/2024\/03\/GH_DJI-Air-3-Gimbal-Protector_1.jpg","datePublished":"2024-03-17T10:01:57+00:00","dateModified":"2024-09-05T23:35:06+00:00","description":"O DJI Air 3 Gimbal Protector \u00e9 um acess\u00f3rio projetado especificamente para o drone DJI Air 3. Seu objetivo \u00e9 proteger o cardan e a c\u00e2mera do drone contra poss\u00edveis danos causados por colis\u00f5es. Esses protetores geralmente s\u00e3o f\u00e1ceis de instalar e remover.","breadcrumb":{"@id":"https:\/\/www.ghostysky.com\/product\/dji-air-3-gimbal-protector\/#breadcrumb"},"inLanguage":"pt-PT","potentialAction":[{"@type":"ReadAction","target":["https:\/\/www.ghostysky.com\/product\/dji-air-3-gimbal-protector\/"]}]},{"@type":"ImageObject","inLanguage":"pt-PT","@id":"https:\/\/www.ghostysky.com\/product\/dji-air-3-gimbal-protector\/#primaryimage","url":"https:\/\/www.ghostysky.com\/wp-content\/uploads\/2024\/03\/GH_DJI-Air-3-Gimbal-Protector_1.jpg","contentUrl":"https:\/\/www.ghostysky.com\/wp-content\/uploads\/2024\/03\/GH_DJI-Air-3-Gimbal-Protector_1.jpg","width":800,"height":800},{"@type":"BreadcrumbList","@id":"https:\/\/www.ghostysky.com\/product\/dji-air-3-gimbal-protector\/#breadcrumb","itemListElement":[{"@type":"ListItem","position":1,"name":"Home","item":"https:\/\/www.ghostysky.com\/"},{"@type":"ListItem","position":2,"name":"Shop","item":"https:\/\/www.ghostysky.com\/shop\/"},{"@type":"ListItem","position":3,"name":"DJI Air 3 Gimbal Protector"}]},{"@type":"WebSite","@id":"https:\/\/www.ghostysky.com\/#website","url":"https:\/\/www.ghostysky.com\/","name":"Ghostysky","description":"Fornecendo solu\u00e7\u00f5es profissionais em drones e rob\u00f3tica.","publisher":{"@id":"https:\/\/www.ghostysky.com\/#organization"},"potentialAction":[{"@type":"SearchAction","target":{"@type":"EntryPoint","urlTemplate":"https:\/\/www.ghostysky.com\/?s={search_term_string}"},"query-input":{"@type":"PropertyValueSpecification","valueRequired":true,"valueName":"search_term_string"}}],"inLanguage":"pt-PT"},{"@type":"Organization","@id":"https:\/\/www.ghostysky.com\/#organization","name":"Ghostysky","url":"https:\/\/www.ghostysky.com\/","logo":{"@type":"ImageObject","inLanguage":"pt-PT","@id":"https:\/\/www.ghostysky.com\/#\/schema\/logo\/image\/","url":"https:\/\/www.ghostysky.com\/wp-content\/uploads\/2020\/06\/cropped-ghostyskylogo_text_white2.png","contentUrl":"https:\/\/www.ghostysky.com\/wp-content\/uploads\/2020\/06\/cropped-ghostyskylogo_text_white2.png","width":169,"height":56,"caption":"Ghostysky"},"image":{"@id":"https:\/\/www.ghostysky.com\/#\/schema\/logo\/image\/"},"sameAs":["https:\/\/www.facebook.com\/people\/Ghostysky\/100057676170234\/","https:\/\/x.com\/Gh0stysky","https:\/\/www.linkedin.com\/company\/34739653","https:\/\/www.instagram.com\/gh0stysky"]}]}},"_links":{"self":[{"href":"https:\/\/www.ghostysky.com\/pt\/wp-json\/wp\/v2\/product\/17678","targetHints":{"allow":["GET"]}}],"collection":[{"href":"https:\/\/www.ghostysky.com\/pt\/wp-json\/wp\/v2\/product"}],"about":[{"href":"https:\/\/www.ghostysky.com\/pt\/wp-json\/wp\/v2\/types\/product"}],"replies":[{"embeddable":true,"href":"https:\/\/www.ghostysky.com\/pt\/wp-json\/wp\/v2\/comments?post=17678"}],"version-history":[{"count":0,"href":"https:\/\/www.ghostysky.com\/pt\/wp-json\/wp\/v2\/product\/17678\/revisions"}],"wp:featuredmedia":[{"embeddable":true,"href":"https:\/\/www.ghostysky.com\/pt\/wp-json\/wp\/v2\/media\/17680"}],"wp:attachment":[{"href":"https:\/\/www.ghostysky.com\/pt\/wp-json\/wp\/v2\/media?parent=17678"}],"wp:term":[{"taxonomy":"product_brand","embeddable":true,"href":"https:\/\/www.ghostysky.com\/pt\/wp-json\/wp\/v2\/product_brand?post=17678"},{"taxonomy":"product_cat","embeddable":true,"href":"https:\/\/www.ghostysky.com\/pt\/wp-json\/wp\/v2\/product_cat?post=17678"},{"taxonomy":"product_tag","embeddable":true,"href":"https:\/\/www.ghostysky.com\/pt\/wp-json\/wp\/v2\/product_tag?post=17678"}],"curies":[{"name":"wp","href":"https:\/\/api.w.org\/{rel}","templated":true}]}}