{"id":17681,"date":"2024-03-17T10:07:38","date_gmt":"2024-03-17T10:07:38","guid":{"rendered":"https:\/\/www.ghostysky.com\/?post_type=product&#038;p=17681"},"modified":"2024-05-26T09:40:26","modified_gmt":"2024-05-26T09:40:26","slug":"dji-rc-pro","status":"publish","type":"product","link":"https:\/\/www.ghostysky.com\/pt\/product\/dji-rc-pro\/","title":{"rendered":"DJI RC Pro Enterprise"},"content":{"rendered":"<ul data-sourcepos=\"3:1-10:0\">\n<li data-sourcepos=\"3:1-3:126\"><strong>Transmiss\u00e3o de v\u00eddeo O3+ poderosa:<\/strong> Ele pode transmitir uma transmiss\u00e3o ao vivo de 1080p\/60fps por at\u00e9 15 km com uma baixa lat\u00eancia de 120 ms.<\/li>\n<li data-sourcepos=\"4:1-4:141\"><strong>Visor brilhante:<\/strong> A tela 1080p de 5,5 polegadas com brilho m\u00e1ximo de 1000 nits facilita a visualiza\u00e7\u00e3o mesmo sob luz solar direta.<\/li>\n<li data-sourcepos=\"5:1-5:144\"><strong>Desempenho suave:<\/strong> Gra\u00e7as a um processador de \u00faltima gera\u00e7\u00e3o e maior capacidade de armazenamento, o DJI RC Pro funciona de forma suave e est\u00e1vel.<\/li>\n<li data-sourcepos=\"6:1-6:148\"><strong>Varetas de controle precisas:<\/strong> DJI RC Pro adota os mesmos man\u00edpulos de controle do DJI FPV, oferecendo uma experi\u00eancia de controle precisa e ultra-suave.<\/li>\n<li data-sourcepos=\"7:1-7:104\"><strong>Transmiss\u00e3o ao vivo:<\/strong> O sistema suporta transmiss\u00e3o ao vivo para compartilhamento em tempo real de suas imagens a\u00e9reas [].<\/li>\n<li data-sourcepos=\"8:1-8:139\"><strong>Aplicativos de terceiros:<\/strong> DJI RC Pro permite instalar aplicativos de terceiros, oferecendo mais op\u00e7\u00f5es para editar e compartilhar suas filmagens.<\/li>\n<li data-sourcepos=\"9:1-10:0\"><strong>V\u00e1rias portas:<\/strong> Possui uma porta mini-HDMI, uma porta USB-C e um slot para cart\u00e3o microSD para sa\u00edda de v\u00eddeo, carregamento e armazenamento.<\/li>\n<\/ul>\n<p data-sourcepos=\"11:1-11:197\">No geral, o DJI RC Pro \u00e9 um controle remoto de alto desempenho ideal para aplica\u00e7\u00f5es profissionais de fotografia a\u00e9rea que exigem transmiss\u00e3o de v\u00eddeo de alta qualidade e longo alcance e uma tela brilhante.<\/p>","protected":false},"excerpt":{"rendered":"<p>O DJI RC Pro \u00e9 um controle remoto projetado para fotografia a\u00e9rea profissional com tecnologia de transmiss\u00e3o de v\u00eddeo O3+ integrada<\/p>","protected":false},"featured_media":17683,"comment_status":"open","ping_status":"closed","template":"","meta":[],"product_brand":[],"product_cat":[851,781,785,752,37,816,29,779,784],"product_tag":[42,852],"class_list":{"0":"post-17681","1":"product","2":"type-product","3":"status-publish","4":"has-post-thumbnail","6":"product_cat-accessories-dock2","7":"product_cat-accessories-mavic-3-classic","8":"product_cat-accessories-mavic-3-pro","9":"product_cat-aerial-photography","10":"product_cat-dji","11":"product_cat-dock-2","12":"product_cat-drones","13":"product_cat-mavic-3-classic","14":"product_cat-mavic-3-pro","15":"product_tag-dji","16":"product_tag-rc-pro-enterprise","18":"first","19":"instock","20":"taxable","21":"shipping-taxable","22":"purchasable","23":"product-type-simple"},"yoast_head":"<!-- This site is optimized with the Yoast SEO plugin v27.4 - https:\/\/yoast.com\/product\/yoast-seo-wordpress\/ -->\n<title>DJI RC Pro Enterprise - Ghostysky<\/title>\n<meta name=\"description\" content=\"The DJI RC Pro is a remote controller designed for professional aerial photography with a built-in O3+ video transmission technology\" \/>\n<meta name=\"robots\" content=\"index, follow, max-snippet:-1, max-image-preview:large, max-video-preview:-1\" \/>\n<link rel=\"canonical\" href=\"https:\/\/www.ghostysky.com\/pt\/produto-2\/dji-rc-pro\/\" \/>\n<meta property=\"og:locale\" content=\"pt_PT\" \/>\n<meta property=\"og:type\" content=\"article\" \/>\n<meta property=\"og:title\" content=\"DJI RC Pro Enterprise - Ghostysky\" \/>\n<meta property=\"og:description\" content=\"The DJI RC Pro is a remote controller designed for professional aerial photography with a built-in O3+ video transmission technology\" \/>\n<meta property=\"og:url\" content=\"https:\/\/www.ghostysky.com\/pt\/produto-2\/dji-rc-pro\/\" \/>\n<meta property=\"og:site_name\" content=\"Ghostysky\" \/>\n<meta property=\"article:publisher\" content=\"https:\/\/www.facebook.com\/people\/Ghostysky\/100057676170234\/\" \/>\n<meta property=\"article:modified_time\" content=\"2024-05-26T09:40:26+00:00\" \/>\n<meta property=\"og:image\" content=\"https:\/\/www.ghostysky.com\/wp-content\/uploads\/2024\/03\/GH_DJI-RC-Pro_1.jpg\" \/>\n\t<meta property=\"og:image:width\" content=\"800\" \/>\n\t<meta property=\"og:image:height\" content=\"800\" \/>\n\t<meta property=\"og:image:type\" content=\"image\/jpeg\" \/>\n<meta name=\"twitter:card\" content=\"summary_large_image\" \/>\n<meta name=\"twitter:site\" content=\"@Gh0stysky\" \/>\n<meta name=\"twitter:label1\" content=\"Tempo estimado de leitura\" \/>\n\t<meta name=\"twitter:data1\" content=\"1 minuto\" \/>\n<script type=\"application\/ld+json\" class=\"yoast-schema-graph\">{\"@context\":\"https:\\\/\\\/schema.org\",\"@graph\":[{\"@type\":\"WebPage\",\"@id\":\"https:\\\/\\\/www.ghostysky.com\\\/product\\\/dji-rc-pro\\\/\",\"url\":\"https:\\\/\\\/www.ghostysky.com\\\/product\\\/dji-rc-pro\\\/\",\"name\":\"DJI RC Pro Enterprise - Ghostysky\",\"isPartOf\":{\"@id\":\"https:\\\/\\\/www.ghostysky.com\\\/#website\"},\"primaryImageOfPage\":{\"@id\":\"https:\\\/\\\/www.ghostysky.com\\\/product\\\/dji-rc-pro\\\/#primaryimage\"},\"image\":{\"@id\":\"https:\\\/\\\/www.ghostysky.com\\\/product\\\/dji-rc-pro\\\/#primaryimage\"},\"thumbnailUrl\":\"https:\\\/\\\/www.ghostysky.com\\\/wp-content\\\/uploads\\\/2024\\\/03\\\/GH_DJI-RC-Pro_1.jpg\",\"datePublished\":\"2024-03-17T10:07:38+00:00\",\"dateModified\":\"2024-05-26T09:40:26+00:00\",\"description\":\"The DJI RC Pro is a remote controller designed for professional aerial photography with a built-in O3+ video transmission technology\",\"breadcrumb\":{\"@id\":\"https:\\\/\\\/www.ghostysky.com\\\/product\\\/dji-rc-pro\\\/#breadcrumb\"},\"inLanguage\":\"pt-PT\",\"potentialAction\":[{\"@type\":\"ReadAction\",\"target\":[\"https:\\\/\\\/www.ghostysky.com\\\/product\\\/dji-rc-pro\\\/\"]}]},{\"@type\":\"ImageObject\",\"inLanguage\":\"pt-PT\",\"@id\":\"https:\\\/\\\/www.ghostysky.com\\\/product\\\/dji-rc-pro\\\/#primaryimage\",\"url\":\"https:\\\/\\\/www.ghostysky.com\\\/wp-content\\\/uploads\\\/2024\\\/03\\\/GH_DJI-RC-Pro_1.jpg\",\"contentUrl\":\"https:\\\/\\\/www.ghostysky.com\\\/wp-content\\\/uploads\\\/2024\\\/03\\\/GH_DJI-RC-Pro_1.jpg\",\"width\":800,\"height\":800},{\"@type\":\"BreadcrumbList\",\"@id\":\"https:\\\/\\\/www.ghostysky.com\\\/product\\\/dji-rc-pro\\\/#breadcrumb\",\"itemListElement\":[{\"@type\":\"ListItem\",\"position\":1,\"name\":\"Home\",\"item\":\"https:\\\/\\\/www.ghostysky.com\\\/\"},{\"@type\":\"ListItem\",\"position\":2,\"name\":\"Shop\",\"item\":\"https:\\\/\\\/www.ghostysky.com\\\/shop\\\/\"},{\"@type\":\"ListItem\",\"position\":3,\"name\":\"DJI RC Pro Enterprise\"}]},{\"@type\":\"WebSite\",\"@id\":\"https:\\\/\\\/www.ghostysky.com\\\/#website\",\"url\":\"https:\\\/\\\/www.ghostysky.com\\\/\",\"name\":\"Ghostysky\",\"description\":\"Delivering professional drones and services\",\"publisher\":{\"@id\":\"https:\\\/\\\/www.ghostysky.com\\\/#organization\"},\"potentialAction\":[{\"@type\":\"SearchAction\",\"target\":{\"@type\":\"EntryPoint\",\"urlTemplate\":\"https:\\\/\\\/www.ghostysky.com\\\/?s={search_term_string}\"},\"query-input\":{\"@type\":\"PropertyValueSpecification\",\"valueRequired\":true,\"valueName\":\"search_term_string\"}}],\"inLanguage\":\"pt-PT\"},{\"@type\":\"Organization\",\"@id\":\"https:\\\/\\\/www.ghostysky.com\\\/#organization\",\"name\":\"Ghostysky\",\"url\":\"https:\\\/\\\/www.ghostysky.com\\\/\",\"logo\":{\"@type\":\"ImageObject\",\"inLanguage\":\"pt-PT\",\"@id\":\"https:\\\/\\\/www.ghostysky.com\\\/#\\\/schema\\\/logo\\\/image\\\/\",\"url\":\"https:\\\/\\\/www.ghostysky.com\\\/wp-content\\\/uploads\\\/2020\\\/06\\\/cropped-ghostyskylogo_text_white2.png\",\"contentUrl\":\"https:\\\/\\\/www.ghostysky.com\\\/wp-content\\\/uploads\\\/2020\\\/06\\\/cropped-ghostyskylogo_text_white2.png\",\"width\":169,\"height\":56,\"caption\":\"Ghostysky\"},\"image\":{\"@id\":\"https:\\\/\\\/www.ghostysky.com\\\/#\\\/schema\\\/logo\\\/image\\\/\"},\"sameAs\":[\"https:\\\/\\\/www.facebook.com\\\/people\\\/Ghostysky\\\/100057676170234\\\/\",\"https:\\\/\\\/x.com\\\/Gh0stysky\",\"https:\\\/\\\/www.linkedin.com\\\/company\\\/34739653\",\"https:\\\/\\\/www.instagram.com\\\/gh0stysky\"]}]}<\/script>\n<!-- \/ Yoast SEO plugin. -->","yoast_head_json":{"title":"DJI RC Pro Enterprise - Ghostysky","description":"O DJI RC Pro \u00e9 um controle remoto projetado para fotografia a\u00e9rea profissional com tecnologia de transmiss\u00e3o de v\u00eddeo O3+ integrada","robots":{"index":"index","follow":"follow","max-snippet":"max-snippet:-1","max-image-preview":"max-image-preview:large","max-video-preview":"max-video-preview:-1"},"canonical":"https:\/\/www.ghostysky.com\/pt\/produto-2\/dji-rc-pro\/","og_locale":"pt_PT","og_type":"article","og_title":"DJI RC Pro Enterprise - Ghostysky","og_description":"The DJI RC Pro is a remote controller designed for professional aerial photography with a built-in O3+ video transmission technology","og_url":"https:\/\/www.ghostysky.com\/pt\/produto-2\/dji-rc-pro\/","og_site_name":"Ghostysky","article_publisher":"https:\/\/www.facebook.com\/people\/Ghostysky\/100057676170234\/","article_modified_time":"2024-05-26T09:40:26+00:00","og_image":[{"width":800,"height":800,"url":"https:\/\/www.ghostysky.com\/wp-content\/uploads\/2024\/03\/GH_DJI-RC-Pro_1.jpg","type":"image\/jpeg"}],"twitter_card":"summary_large_image","twitter_site":"@Gh0stysky","twitter_misc":{"Tempo estimado de leitura":"1 minuto"},"schema":{"@context":"https:\/\/schema.org","@graph":[{"@type":"WebPage","@id":"https:\/\/www.ghostysky.com\/product\/dji-rc-pro\/","url":"https:\/\/www.ghostysky.com\/product\/dji-rc-pro\/","name":"DJI RC Pro Enterprise - Ghostysky","isPartOf":{"@id":"https:\/\/www.ghostysky.com\/#website"},"primaryImageOfPage":{"@id":"https:\/\/www.ghostysky.com\/product\/dji-rc-pro\/#primaryimage"},"image":{"@id":"https:\/\/www.ghostysky.com\/product\/dji-rc-pro\/#primaryimage"},"thumbnailUrl":"https:\/\/www.ghostysky.com\/wp-content\/uploads\/2024\/03\/GH_DJI-RC-Pro_1.jpg","datePublished":"2024-03-17T10:07:38+00:00","dateModified":"2024-05-26T09:40:26+00:00","description":"O DJI RC Pro \u00e9 um controle remoto projetado para fotografia a\u00e9rea profissional com tecnologia de transmiss\u00e3o de v\u00eddeo O3+ integrada","breadcrumb":{"@id":"https:\/\/www.ghostysky.com\/product\/dji-rc-pro\/#breadcrumb"},"inLanguage":"pt-PT","potentialAction":[{"@type":"ReadAction","target":["https:\/\/www.ghostysky.com\/product\/dji-rc-pro\/"]}]},{"@type":"ImageObject","inLanguage":"pt-PT","@id":"https:\/\/www.ghostysky.com\/product\/dji-rc-pro\/#primaryimage","url":"https:\/\/www.ghostysky.com\/wp-content\/uploads\/2024\/03\/GH_DJI-RC-Pro_1.jpg","contentUrl":"https:\/\/www.ghostysky.com\/wp-content\/uploads\/2024\/03\/GH_DJI-RC-Pro_1.jpg","width":800,"height":800},{"@type":"BreadcrumbList","@id":"https:\/\/www.ghostysky.com\/product\/dji-rc-pro\/#breadcrumb","itemListElement":[{"@type":"ListItem","position":1,"name":"Home","item":"https:\/\/www.ghostysky.com\/"},{"@type":"ListItem","position":2,"name":"Shop","item":"https:\/\/www.ghostysky.com\/shop\/"},{"@type":"ListItem","position":3,"name":"DJI RC Pro Enterprise"}]},{"@type":"WebSite","@id":"https:\/\/www.ghostysky.com\/#website","url":"https:\/\/www.ghostysky.com\/","name":"Ghostysky","description":"Fornecendo drones e servi\u00e7os profissionais","publisher":{"@id":"https:\/\/www.ghostysky.com\/#organization"},"potentialAction":[{"@type":"SearchAction","target":{"@type":"EntryPoint","urlTemplate":"https:\/\/www.ghostysky.com\/?s={search_term_string}"},"query-input":{"@type":"PropertyValueSpecification","valueRequired":true,"valueName":"search_term_string"}}],"inLanguage":"pt-PT"},{"@type":"Organization","@id":"https:\/\/www.ghostysky.com\/#organization","name":"Ghostysky","url":"https:\/\/www.ghostysky.com\/","logo":{"@type":"ImageObject","inLanguage":"pt-PT","@id":"https:\/\/www.ghostysky.com\/#\/schema\/logo\/image\/","url":"https:\/\/www.ghostysky.com\/wp-content\/uploads\/2020\/06\/cropped-ghostyskylogo_text_white2.png","contentUrl":"https:\/\/www.ghostysky.com\/wp-content\/uploads\/2020\/06\/cropped-ghostyskylogo_text_white2.png","width":169,"height":56,"caption":"Ghostysky"},"image":{"@id":"https:\/\/www.ghostysky.com\/#\/schema\/logo\/image\/"},"sameAs":["https:\/\/www.facebook.com\/people\/Ghostysky\/100057676170234\/","https:\/\/x.com\/Gh0stysky","https:\/\/www.linkedin.com\/company\/34739653","https:\/\/www.instagram.com\/gh0stysky"]}]}},"_links":{"self":[{"href":"https:\/\/www.ghostysky.com\/pt\/wp-json\/wp\/v2\/product\/17681","targetHints":{"allow":["GET"]}}],"collection":[{"href":"https:\/\/www.ghostysky.com\/pt\/wp-json\/wp\/v2\/product"}],"about":[{"href":"https:\/\/www.ghostysky.com\/pt\/wp-json\/wp\/v2\/types\/product"}],"replies":[{"embeddable":true,"href":"https:\/\/www.ghostysky.com\/pt\/wp-json\/wp\/v2\/comments?post=17681"}],"version-history":[{"count":0,"href":"https:\/\/www.ghostysky.com\/pt\/wp-json\/wp\/v2\/product\/17681\/revisions"}],"wp:featuredmedia":[{"embeddable":true,"href":"https:\/\/www.ghostysky.com\/pt\/wp-json\/wp\/v2\/media\/17683"}],"wp:attachment":[{"href":"https:\/\/www.ghostysky.com\/pt\/wp-json\/wp\/v2\/media?parent=17681"}],"wp:term":[{"taxonomy":"product_brand","embeddable":true,"href":"https:\/\/www.ghostysky.com\/pt\/wp-json\/wp\/v2\/product_brand?post=17681"},{"taxonomy":"product_cat","embeddable":true,"href":"https:\/\/www.ghostysky.com\/pt\/wp-json\/wp\/v2\/product_cat?post=17681"},{"taxonomy":"product_tag","embeddable":true,"href":"https:\/\/www.ghostysky.com\/pt\/wp-json\/wp\/v2\/product_tag?post=17681"}],"curies":[{"name":"wp","href":"https:\/\/api.w.org\/{rel}","templated":true}]}}