{"id":17690,"date":"2024-03-17T10:27:25","date_gmt":"2024-03-17T10:27:25","guid":{"rendered":"https:\/\/www.ghostysky.com\/?post_type=product&#038;p=17690"},"modified":"2024-07-19T10:25:16","modified_gmt":"2024-07-19T10:25:16","slug":"dji-mini-3-pro-fly-more-kit","status":"publish","type":"product","link":"https:\/\/www.ghostysky.com\/pt\/product\/dji-mini-3-pro-fly-more-kit\/","title":{"rendered":"Kit DJI Mini 3 Pro Fly More"},"content":{"rendered":"<p data-sourcepos=\"4:1-4:43\">O que est\u00e1 inclu\u00eddo no Kit Voe Mais:<\/p>\n<ul data-sourcepos=\"6:1-12:0\">\n<li data-sourcepos=\"6:1-6:22\">Drone DJI Mini3 Pro<\/li>\n<li data-sourcepos=\"7:1-7:178\">Duas baterias de v\u00f4o inteligentes: essas baterias fornecem um tempo m\u00e1ximo de v\u00f4o de at\u00e9 47 minutos por bateria, para um total de 141 minutos de v\u00f4o com o Kit Fly More.<\/li>\n<li data-sourcepos=\"8:1-8:158\">Hub de carregamento bidirecional: Este hub pode ser usado para carregar at\u00e9 tr\u00eas baterias simultaneamente. Tamb\u00e9m pode ser usado para alimentar seu drone enquanto ele est\u00e1 no solo.<\/li>\n<li data-sourcepos=\"9:1-9:12\">Cabo de dados<\/li>\n<li data-sourcepos=\"10:1-10:91\">Bolsa de ombro: Esta bolsa pode ser usada para transportar seu drone, baterias e outros acess\u00f3rios.<\/li>\n<li data-sourcepos=\"11:1-12:0\">H\u00e9lices e parafusos sobressalentes<\/li>\n<\/ul>\n<p data-sourcepos=\"13:1-13:256\">O Fly More Kit \u00e9 uma \u00f3tima op\u00e7\u00e3o para pilotos que desejam estender o tempo de voo e capturar mais imagens. Tamb\u00e9m \u00e9 uma boa op\u00e7\u00e3o para pilotos que planejam viajar com seu drone, pois a maleta de transporte inclu\u00edda facilita o transporte de seu equipamento.<\/p>\n<p data-sourcepos=\"15:1-15:76\">Aqui est\u00e3o alguns dos benef\u00edcios de adquirir o kit DJI Mini 3 Pro Fly More:<\/p>\n<ul data-sourcepos=\"17:1-20:101\">\n<li data-sourcepos=\"17:1-17:97\">Tempo de voo prolongado: com duas baterias, voc\u00ea pode voar por at\u00e9 141 minutos com uma \u00fanica carga.<\/li>\n<li data-sourcepos=\"18:1-18:107\">Carregamento conveniente: O hub de carregamento bidirecional pode ser usado para carregar at\u00e9 tr\u00eas baterias simultaneamente.<\/li>\n<li data-sourcepos=\"19:1-19:100\">F\u00e1cil portabilidade: a bolsa de ombro inclu\u00edda facilita o transporte do drone e dos acess\u00f3rios.<\/li>\n<li data-sourcepos=\"20:1-20:101\">Prote\u00e7\u00e3o para seu equipamento: A bolsa de ombro ajuda a proteger seu drone e acess\u00f3rios contra danos.<\/li>\n<\/ul>","protected":false},"excerpt":{"rendered":"<p>O kit DJI Mini 3 Pro Fly More \u00e9 um pacote que inclui o drone DJI Mini 3 Pro, junto com v\u00e1rios acess\u00f3rios que podem estender seu tempo de v\u00f4o e aprimorar sua experi\u00eancia geral de v\u00f4o.<\/p>","protected":false},"featured_media":17692,"comment_status":"open","ping_status":"closed","template":"","meta":[],"product_brand":[],"product_cat":[791,793,752,37,29,790,794],"product_tag":[42,809,800],"class_list":{"0":"post-17690","1":"product","2":"type-product","3":"status-publish","4":"has-post-thumbnail","6":"product_cat-accessories-mini-3","7":"product_cat-accessories-mini-3-pro","8":"product_cat-aerial-photography","9":"product_cat-dji","10":"product_cat-drones","11":"product_cat-mini-3","12":"product_cat-mini-3-pro","13":"product_tag-dji","14":"product_tag-fly-more-kit","15":"product_tag-mini-3-pro","17":"first","18":"outofstock","19":"taxable","20":"shipping-taxable","21":"product-type-simple"},"yoast_head":"<!-- This site is optimized with the Yoast SEO plugin v27.1.1 - https:\/\/yoast.com\/product\/yoast-seo-wordpress\/ -->\n<title>DJI Mini 3 Pro Fly More Kit - Ghostysky<\/title>\n<meta name=\"description\" content=\"The DJI Mini 3 Pro Fly More Kit is a bundle that includes the DJI Mini 3 Pro drone, along with several accessories that can extend your flight time and enhance your overall flying experience.\" \/>\n<meta name=\"robots\" content=\"index, follow, max-snippet:-1, max-image-preview:large, max-video-preview:-1\" \/>\n<link rel=\"canonical\" href=\"https:\/\/www.ghostysky.com\/pt\/produto-2\/dji-mini-3-pro-fly-more-kit\/\" \/>\n<meta property=\"og:locale\" content=\"pt_PT\" \/>\n<meta property=\"og:type\" content=\"article\" \/>\n<meta property=\"og:title\" content=\"DJI Mini 3 Pro Fly More Kit - Ghostysky\" \/>\n<meta property=\"og:description\" content=\"The DJI Mini 3 Pro Fly More Kit is a bundle that includes the DJI Mini 3 Pro drone, along with several accessories that can extend your flight time and enhance your overall flying experience.\" \/>\n<meta property=\"og:url\" content=\"https:\/\/www.ghostysky.com\/pt\/produto-2\/dji-mini-3-pro-fly-more-kit\/\" \/>\n<meta property=\"og:site_name\" content=\"Ghostysky\" \/>\n<meta property=\"article:publisher\" content=\"https:\/\/www.facebook.com\/people\/Ghostysky\/100057676170234\/\" \/>\n<meta property=\"article:modified_time\" content=\"2024-07-19T10:25:16+00:00\" \/>\n<meta property=\"og:image\" content=\"https:\/\/www.ghostysky.com\/wp-content\/uploads\/2024\/03\/GH_DJI-Mini-3-Pro-Fly-More-Kit_1.jpg\" \/>\n\t<meta property=\"og:image:width\" content=\"800\" \/>\n\t<meta property=\"og:image:height\" content=\"800\" \/>\n\t<meta property=\"og:image:type\" content=\"image\/jpeg\" \/>\n<meta name=\"twitter:card\" content=\"summary_large_image\" \/>\n<meta name=\"twitter:site\" content=\"@Gh0stysky\" \/>\n<meta name=\"twitter:label1\" content=\"Tempo estimado de leitura\" \/>\n\t<meta name=\"twitter:data1\" content=\"1 minuto\" \/>\n<script type=\"application\/ld+json\" class=\"yoast-schema-graph\">{\"@context\":\"https:\/\/schema.org\",\"@graph\":[{\"@type\":\"WebPage\",\"@id\":\"https:\/\/www.ghostysky.com\/product\/dji-mini-3-pro-fly-more-kit\/\",\"url\":\"https:\/\/www.ghostysky.com\/product\/dji-mini-3-pro-fly-more-kit\/\",\"name\":\"DJI Mini 3 Pro Fly More Kit - Ghostysky\",\"isPartOf\":{\"@id\":\"https:\/\/www.ghostysky.com\/#website\"},\"primaryImageOfPage\":{\"@id\":\"https:\/\/www.ghostysky.com\/product\/dji-mini-3-pro-fly-more-kit\/#primaryimage\"},\"image\":{\"@id\":\"https:\/\/www.ghostysky.com\/product\/dji-mini-3-pro-fly-more-kit\/#primaryimage\"},\"thumbnailUrl\":\"https:\/\/www.ghostysky.com\/wp-content\/uploads\/2024\/03\/GH_DJI-Mini-3-Pro-Fly-More-Kit_1.jpg\",\"datePublished\":\"2024-03-17T10:27:25+00:00\",\"dateModified\":\"2024-07-19T10:25:16+00:00\",\"description\":\"The DJI Mini 3 Pro Fly More Kit is a bundle that includes the DJI Mini 3 Pro drone, along with several accessories that can extend your flight time and enhance your overall flying experience.\",\"breadcrumb\":{\"@id\":\"https:\/\/www.ghostysky.com\/product\/dji-mini-3-pro-fly-more-kit\/#breadcrumb\"},\"inLanguage\":\"pt-PT\",\"potentialAction\":[{\"@type\":\"ReadAction\",\"target\":[\"https:\/\/www.ghostysky.com\/product\/dji-mini-3-pro-fly-more-kit\/\"]}]},{\"@type\":\"ImageObject\",\"inLanguage\":\"pt-PT\",\"@id\":\"https:\/\/www.ghostysky.com\/product\/dji-mini-3-pro-fly-more-kit\/#primaryimage\",\"url\":\"https:\/\/www.ghostysky.com\/wp-content\/uploads\/2024\/03\/GH_DJI-Mini-3-Pro-Fly-More-Kit_1.jpg\",\"contentUrl\":\"https:\/\/www.ghostysky.com\/wp-content\/uploads\/2024\/03\/GH_DJI-Mini-3-Pro-Fly-More-Kit_1.jpg\",\"width\":800,\"height\":800},{\"@type\":\"BreadcrumbList\",\"@id\":\"https:\/\/www.ghostysky.com\/product\/dji-mini-3-pro-fly-more-kit\/#breadcrumb\",\"itemListElement\":[{\"@type\":\"ListItem\",\"position\":1,\"name\":\"Home\",\"item\":\"https:\/\/www.ghostysky.com\/\"},{\"@type\":\"ListItem\",\"position\":2,\"name\":\"Shop\",\"item\":\"https:\/\/www.ghostysky.com\/shop\/\"},{\"@type\":\"ListItem\",\"position\":3,\"name\":\"DJI Mini 3 Pro Fly More Kit\"}]},{\"@type\":\"WebSite\",\"@id\":\"https:\/\/www.ghostysky.com\/#website\",\"url\":\"https:\/\/www.ghostysky.com\/\",\"name\":\"Ghostysky\",\"description\":\"Delivering professional drones and services\",\"publisher\":{\"@id\":\"https:\/\/www.ghostysky.com\/#organization\"},\"potentialAction\":[{\"@type\":\"SearchAction\",\"target\":{\"@type\":\"EntryPoint\",\"urlTemplate\":\"https:\/\/www.ghostysky.com\/?s={search_term_string}\"},\"query-input\":{\"@type\":\"PropertyValueSpecification\",\"valueRequired\":true,\"valueName\":\"search_term_string\"}}],\"inLanguage\":\"pt-PT\"},{\"@type\":\"Organization\",\"@id\":\"https:\/\/www.ghostysky.com\/#organization\",\"name\":\"Ghostysky\",\"url\":\"https:\/\/www.ghostysky.com\/\",\"logo\":{\"@type\":\"ImageObject\",\"inLanguage\":\"pt-PT\",\"@id\":\"https:\/\/www.ghostysky.com\/#\/schema\/logo\/image\/\",\"url\":\"https:\/\/www.ghostysky.com\/wp-content\/uploads\/2020\/06\/cropped-ghostyskylogo_text_white2.png\",\"contentUrl\":\"https:\/\/www.ghostysky.com\/wp-content\/uploads\/2020\/06\/cropped-ghostyskylogo_text_white2.png\",\"width\":169,\"height\":56,\"caption\":\"Ghostysky\"},\"image\":{\"@id\":\"https:\/\/www.ghostysky.com\/#\/schema\/logo\/image\/\"},\"sameAs\":[\"https:\/\/www.facebook.com\/people\/Ghostysky\/100057676170234\/\",\"https:\/\/x.com\/Gh0stysky\",\"https:\/\/www.linkedin.com\/company\/34739653\",\"https:\/\/www.instagram.com\/gh0stysky\"]}]}<\/script>\n<!-- \/ Yoast SEO plugin. -->","yoast_head_json":{"title":"Kit DJI Mini 3 Pro Fly More - Ghostysky","description":"O kit DJI Mini 3 Pro Fly More \u00e9 um pacote que inclui o drone DJI Mini 3 Pro, junto com v\u00e1rios acess\u00f3rios que podem estender seu tempo de v\u00f4o e aprimorar sua experi\u00eancia geral de v\u00f4o.","robots":{"index":"index","follow":"follow","max-snippet":"max-snippet:-1","max-image-preview":"max-image-preview:large","max-video-preview":"max-video-preview:-1"},"canonical":"https:\/\/www.ghostysky.com\/pt\/produto-2\/dji-mini-3-pro-fly-more-kit\/","og_locale":"pt_PT","og_type":"article","og_title":"DJI Mini 3 Pro Fly More Kit - Ghostysky","og_description":"The DJI Mini 3 Pro Fly More Kit is a bundle that includes the DJI Mini 3 Pro drone, along with several accessories that can extend your flight time and enhance your overall flying experience.","og_url":"https:\/\/www.ghostysky.com\/pt\/produto-2\/dji-mini-3-pro-fly-more-kit\/","og_site_name":"Ghostysky","article_publisher":"https:\/\/www.facebook.com\/people\/Ghostysky\/100057676170234\/","article_modified_time":"2024-07-19T10:25:16+00:00","og_image":[{"width":800,"height":800,"url":"https:\/\/www.ghostysky.com\/wp-content\/uploads\/2024\/03\/GH_DJI-Mini-3-Pro-Fly-More-Kit_1.jpg","type":"image\/jpeg"}],"twitter_card":"summary_large_image","twitter_site":"@Gh0stysky","twitter_misc":{"Tempo estimado de leitura":"1 minuto"},"schema":{"@context":"https:\/\/schema.org","@graph":[{"@type":"WebPage","@id":"https:\/\/www.ghostysky.com\/product\/dji-mini-3-pro-fly-more-kit\/","url":"https:\/\/www.ghostysky.com\/product\/dji-mini-3-pro-fly-more-kit\/","name":"Kit DJI Mini 3 Pro Fly More - Ghostysky","isPartOf":{"@id":"https:\/\/www.ghostysky.com\/#website"},"primaryImageOfPage":{"@id":"https:\/\/www.ghostysky.com\/product\/dji-mini-3-pro-fly-more-kit\/#primaryimage"},"image":{"@id":"https:\/\/www.ghostysky.com\/product\/dji-mini-3-pro-fly-more-kit\/#primaryimage"},"thumbnailUrl":"https:\/\/www.ghostysky.com\/wp-content\/uploads\/2024\/03\/GH_DJI-Mini-3-Pro-Fly-More-Kit_1.jpg","datePublished":"2024-03-17T10:27:25+00:00","dateModified":"2024-07-19T10:25:16+00:00","description":"O kit DJI Mini 3 Pro Fly More \u00e9 um pacote que inclui o drone DJI Mini 3 Pro, junto com v\u00e1rios acess\u00f3rios que podem estender seu tempo de v\u00f4o e aprimorar sua experi\u00eancia geral de v\u00f4o.","breadcrumb":{"@id":"https:\/\/www.ghostysky.com\/product\/dji-mini-3-pro-fly-more-kit\/#breadcrumb"},"inLanguage":"pt-PT","potentialAction":[{"@type":"ReadAction","target":["https:\/\/www.ghostysky.com\/product\/dji-mini-3-pro-fly-more-kit\/"]}]},{"@type":"ImageObject","inLanguage":"pt-PT","@id":"https:\/\/www.ghostysky.com\/product\/dji-mini-3-pro-fly-more-kit\/#primaryimage","url":"https:\/\/www.ghostysky.com\/wp-content\/uploads\/2024\/03\/GH_DJI-Mini-3-Pro-Fly-More-Kit_1.jpg","contentUrl":"https:\/\/www.ghostysky.com\/wp-content\/uploads\/2024\/03\/GH_DJI-Mini-3-Pro-Fly-More-Kit_1.jpg","width":800,"height":800},{"@type":"BreadcrumbList","@id":"https:\/\/www.ghostysky.com\/product\/dji-mini-3-pro-fly-more-kit\/#breadcrumb","itemListElement":[{"@type":"ListItem","position":1,"name":"Home","item":"https:\/\/www.ghostysky.com\/"},{"@type":"ListItem","position":2,"name":"Shop","item":"https:\/\/www.ghostysky.com\/shop\/"},{"@type":"ListItem","position":3,"name":"DJI Mini 3 Pro Fly More Kit"}]},{"@type":"WebSite","@id":"https:\/\/www.ghostysky.com\/#website","url":"https:\/\/www.ghostysky.com\/","name":"Ghostysky","description":"Fornecendo drones e servi\u00e7os profissionais","publisher":{"@id":"https:\/\/www.ghostysky.com\/#organization"},"potentialAction":[{"@type":"SearchAction","target":{"@type":"EntryPoint","urlTemplate":"https:\/\/www.ghostysky.com\/?s={search_term_string}"},"query-input":{"@type":"PropertyValueSpecification","valueRequired":true,"valueName":"search_term_string"}}],"inLanguage":"pt-PT"},{"@type":"Organization","@id":"https:\/\/www.ghostysky.com\/#organization","name":"Ghostysky","url":"https:\/\/www.ghostysky.com\/","logo":{"@type":"ImageObject","inLanguage":"pt-PT","@id":"https:\/\/www.ghostysky.com\/#\/schema\/logo\/image\/","url":"https:\/\/www.ghostysky.com\/wp-content\/uploads\/2020\/06\/cropped-ghostyskylogo_text_white2.png","contentUrl":"https:\/\/www.ghostysky.com\/wp-content\/uploads\/2020\/06\/cropped-ghostyskylogo_text_white2.png","width":169,"height":56,"caption":"Ghostysky"},"image":{"@id":"https:\/\/www.ghostysky.com\/#\/schema\/logo\/image\/"},"sameAs":["https:\/\/www.facebook.com\/people\/Ghostysky\/100057676170234\/","https:\/\/x.com\/Gh0stysky","https:\/\/www.linkedin.com\/company\/34739653","https:\/\/www.instagram.com\/gh0stysky"]}]}},"_links":{"self":[{"href":"https:\/\/www.ghostysky.com\/pt\/wp-json\/wp\/v2\/product\/17690","targetHints":{"allow":["GET"]}}],"collection":[{"href":"https:\/\/www.ghostysky.com\/pt\/wp-json\/wp\/v2\/product"}],"about":[{"href":"https:\/\/www.ghostysky.com\/pt\/wp-json\/wp\/v2\/types\/product"}],"replies":[{"embeddable":true,"href":"https:\/\/www.ghostysky.com\/pt\/wp-json\/wp\/v2\/comments?post=17690"}],"wp:featuredmedia":[{"embeddable":true,"href":"https:\/\/www.ghostysky.com\/pt\/wp-json\/wp\/v2\/media\/17692"}],"wp:attachment":[{"href":"https:\/\/www.ghostysky.com\/pt\/wp-json\/wp\/v2\/media?parent=17690"}],"wp:term":[{"taxonomy":"product_brand","embeddable":true,"href":"https:\/\/www.ghostysky.com\/pt\/wp-json\/wp\/v2\/product_brand?post=17690"},{"taxonomy":"product_cat","embeddable":true,"href":"https:\/\/www.ghostysky.com\/pt\/wp-json\/wp\/v2\/product_cat?post=17690"},{"taxonomy":"product_tag","embeddable":true,"href":"https:\/\/www.ghostysky.com\/pt\/wp-json\/wp\/v2\/product_tag?post=17690"}],"curies":[{"name":"wp","href":"https:\/\/api.w.org\/{rel}","templated":true}]}}