{"id":17698,"date":"2024-03-17T10:42:33","date_gmt":"2024-03-17T10:42:33","guid":{"rendered":"https:\/\/www.ghostysky.com\/?post_type=product&#038;p=17698"},"modified":"2024-10-26T01:08:37","modified_gmt":"2024-10-26T01:08:37","slug":"dji-mini-4-pro-intelligent-flight-battery","status":"publish","type":"product","link":"https:\/\/www.ghostysky.com\/pt\/product\/dji-mini-4-pro-intelligent-flight-battery\/","title":{"rendered":"Bateria de voo inteligente DJI Mini 4 Pro"},"content":{"rendered":"<ul data-sourcepos=\"5:1-10:0\">\n<li data-sourcepos=\"5:1-5:24\"><strong>Capacidade:<\/strong>\u00a02590mAh<\/li>\n<li data-sourcepos=\"6:1-6:21\"><strong>Voltagem:<\/strong>\u00a07,32V<\/li>\n<li data-sourcepos=\"7:1-7:77\"><strong>Tempo M\u00e1ximo de Voo:<\/strong>\u00a034 minutos (medido em um ambiente de teste controlado)<\/li>\n<li data-sourcepos=\"8:1-8:119\"><strong>Tempo de carregamento:<\/strong>\u00a0Aproximadamente 70 minutos com o carregador DJI 30W USB-C (quando a bateria est\u00e1 montada no drone)<\/li>\n<li data-sourcepos=\"9:1-10:0\"><strong>Compatibilidade:<\/strong>\u00a0Drone DJI Mini 4 Pro<\/li>\n<\/ul>\n<p data-sourcepos=\"11:1-11:118\"><strong>Importante observar:<\/strong> O tempo real de voo pode variar dependendo das condi\u00e7\u00f5es clim\u00e1ticas, velocidade do vento e opera\u00e7\u00e3o do voo.<\/p>","protected":false},"excerpt":{"rendered":"<p>A bateria de voo inteligente DJI Mini 4 Pro \u00e9 uma bateria recarreg\u00e1vel de \u00edons de l\u00edtio projetada para uso com o drone DJI Mini 4 Pro. Ele oferece um tempo m\u00e1ximo de v\u00f4o de 34 minutos em condi\u00e7\u00f5es ideais, o que lhe d\u00e1 tempo suficiente para capturar imagens a\u00e9reas ou fotos impressionantes.<\/p>","protected":false},"featured_media":17700,"comment_status":"open","ping_status":"closed","template":"","meta":[],"product_brand":[],"product_cat":[797,752,37,29,796],"product_tag":[42,804,802],"class_list":{"0":"post-17698","1":"product","2":"type-product","3":"status-publish","4":"has-post-thumbnail","6":"product_cat-accessories-mini-4-pro","7":"product_cat-aerial-photography","8":"product_cat-dji","9":"product_cat-drones","10":"product_cat-mini-4-pro","11":"product_tag-dji","12":"product_tag-intelligent-flight-battery","13":"product_tag-mini-4-pro","15":"first","16":"instock","17":"taxable","18":"shipping-taxable","19":"purchasable","20":"product-type-simple"},"yoast_head":"<!-- This site is optimized with the Yoast SEO plugin v27.1.1 - https:\/\/yoast.com\/product\/yoast-seo-wordpress\/ -->\n<title>DJI Mini 4 Pro Intelligent Flight Battery - Ghostysky<\/title>\n<meta name=\"description\" content=\"The DJI Mini 4 Pro Intelligent Flight Battery is a rechargeable lithium-ion battery designed for use with the DJI Mini 4 Pro drone. It provides a maximum flight time of 34 minutes under ideal conditions, which gives you enough time to capture stunning aerial footage or photos.\" \/>\n<meta name=\"robots\" content=\"index, follow, max-snippet:-1, max-image-preview:large, max-video-preview:-1\" \/>\n<link rel=\"canonical\" href=\"https:\/\/www.ghostysky.com\/pt\/produto-2\/dji-mini-4-pro-intelligent-flight-battery\/\" \/>\n<meta property=\"og:locale\" content=\"pt_PT\" \/>\n<meta property=\"og:type\" content=\"article\" \/>\n<meta property=\"og:title\" content=\"DJI Mini 4 Pro Intelligent Flight Battery - Ghostysky\" \/>\n<meta property=\"og:description\" content=\"The DJI Mini 4 Pro Intelligent Flight Battery is a rechargeable lithium-ion battery designed for use with the DJI Mini 4 Pro drone. It provides a maximum flight time of 34 minutes under ideal conditions, which gives you enough time to capture stunning aerial footage or photos.\" \/>\n<meta property=\"og:url\" content=\"https:\/\/www.ghostysky.com\/pt\/produto-2\/dji-mini-4-pro-intelligent-flight-battery\/\" \/>\n<meta property=\"og:site_name\" content=\"Ghostysky\" \/>\n<meta property=\"article:publisher\" content=\"https:\/\/www.facebook.com\/people\/Ghostysky\/100057676170234\/\" \/>\n<meta property=\"article:modified_time\" content=\"2024-10-26T01:08:37+00:00\" \/>\n<meta property=\"og:image\" content=\"https:\/\/www.ghostysky.com\/wp-content\/uploads\/2024\/03\/GH_DJI-Mini-4-Pro-Intelligent-Flight-Battery_1.jpg\" \/>\n\t<meta property=\"og:image:width\" content=\"800\" \/>\n\t<meta property=\"og:image:height\" content=\"800\" \/>\n\t<meta property=\"og:image:type\" content=\"image\/jpeg\" \/>\n<meta name=\"twitter:card\" content=\"summary_large_image\" \/>\n<meta name=\"twitter:site\" content=\"@Gh0stysky\" \/>\n<meta name=\"twitter:label1\" content=\"Tempo estimado de leitura\" \/>\n\t<meta name=\"twitter:data1\" content=\"1 minuto\" \/>\n<script type=\"application\/ld+json\" class=\"yoast-schema-graph\">{\"@context\":\"https:\/\/schema.org\",\"@graph\":[{\"@type\":\"WebPage\",\"@id\":\"https:\/\/www.ghostysky.com\/product\/dji-mini-4-pro-intelligent-flight-battery\/\",\"url\":\"https:\/\/www.ghostysky.com\/product\/dji-mini-4-pro-intelligent-flight-battery\/\",\"name\":\"DJI Mini 4 Pro Intelligent Flight Battery - Ghostysky\",\"isPartOf\":{\"@id\":\"https:\/\/www.ghostysky.com\/#website\"},\"primaryImageOfPage\":{\"@id\":\"https:\/\/www.ghostysky.com\/product\/dji-mini-4-pro-intelligent-flight-battery\/#primaryimage\"},\"image\":{\"@id\":\"https:\/\/www.ghostysky.com\/product\/dji-mini-4-pro-intelligent-flight-battery\/#primaryimage\"},\"thumbnailUrl\":\"https:\/\/www.ghostysky.com\/wp-content\/uploads\/2024\/03\/GH_DJI-Mini-4-Pro-Intelligent-Flight-Battery_1.jpg\",\"datePublished\":\"2024-03-17T10:42:33+00:00\",\"dateModified\":\"2024-10-26T01:08:37+00:00\",\"description\":\"The DJI Mini 4 Pro Intelligent Flight Battery is a rechargeable lithium-ion battery designed for use with the DJI Mini 4 Pro drone. It provides a maximum flight time of 34 minutes under ideal conditions, which gives you enough time to capture stunning aerial footage or photos.\",\"breadcrumb\":{\"@id\":\"https:\/\/www.ghostysky.com\/product\/dji-mini-4-pro-intelligent-flight-battery\/#breadcrumb\"},\"inLanguage\":\"pt-PT\",\"potentialAction\":[{\"@type\":\"ReadAction\",\"target\":[\"https:\/\/www.ghostysky.com\/product\/dji-mini-4-pro-intelligent-flight-battery\/\"]}]},{\"@type\":\"ImageObject\",\"inLanguage\":\"pt-PT\",\"@id\":\"https:\/\/www.ghostysky.com\/product\/dji-mini-4-pro-intelligent-flight-battery\/#primaryimage\",\"url\":\"https:\/\/www.ghostysky.com\/wp-content\/uploads\/2024\/03\/GH_DJI-Mini-4-Pro-Intelligent-Flight-Battery_1.jpg\",\"contentUrl\":\"https:\/\/www.ghostysky.com\/wp-content\/uploads\/2024\/03\/GH_DJI-Mini-4-Pro-Intelligent-Flight-Battery_1.jpg\",\"width\":800,\"height\":800},{\"@type\":\"BreadcrumbList\",\"@id\":\"https:\/\/www.ghostysky.com\/product\/dji-mini-4-pro-intelligent-flight-battery\/#breadcrumb\",\"itemListElement\":[{\"@type\":\"ListItem\",\"position\":1,\"name\":\"Home\",\"item\":\"https:\/\/www.ghostysky.com\/\"},{\"@type\":\"ListItem\",\"position\":2,\"name\":\"Shop\",\"item\":\"https:\/\/www.ghostysky.com\/shop\/\"},{\"@type\":\"ListItem\",\"position\":3,\"name\":\"DJI Mini 4 Pro Intelligent Flight Battery\"}]},{\"@type\":\"WebSite\",\"@id\":\"https:\/\/www.ghostysky.com\/#website\",\"url\":\"https:\/\/www.ghostysky.com\/\",\"name\":\"Ghostysky\",\"description\":\"Delivering professional drones and services\",\"publisher\":{\"@id\":\"https:\/\/www.ghostysky.com\/#organization\"},\"potentialAction\":[{\"@type\":\"SearchAction\",\"target\":{\"@type\":\"EntryPoint\",\"urlTemplate\":\"https:\/\/www.ghostysky.com\/?s={search_term_string}\"},\"query-input\":{\"@type\":\"PropertyValueSpecification\",\"valueRequired\":true,\"valueName\":\"search_term_string\"}}],\"inLanguage\":\"pt-PT\"},{\"@type\":\"Organization\",\"@id\":\"https:\/\/www.ghostysky.com\/#organization\",\"name\":\"Ghostysky\",\"url\":\"https:\/\/www.ghostysky.com\/\",\"logo\":{\"@type\":\"ImageObject\",\"inLanguage\":\"pt-PT\",\"@id\":\"https:\/\/www.ghostysky.com\/#\/schema\/logo\/image\/\",\"url\":\"https:\/\/www.ghostysky.com\/wp-content\/uploads\/2020\/06\/cropped-ghostyskylogo_text_white2.png\",\"contentUrl\":\"https:\/\/www.ghostysky.com\/wp-content\/uploads\/2020\/06\/cropped-ghostyskylogo_text_white2.png\",\"width\":169,\"height\":56,\"caption\":\"Ghostysky\"},\"image\":{\"@id\":\"https:\/\/www.ghostysky.com\/#\/schema\/logo\/image\/\"},\"sameAs\":[\"https:\/\/www.facebook.com\/people\/Ghostysky\/100057676170234\/\",\"https:\/\/x.com\/Gh0stysky\",\"https:\/\/www.linkedin.com\/company\/34739653\",\"https:\/\/www.instagram.com\/gh0stysky\"]}]}<\/script>\n<!-- \/ Yoast SEO plugin. -->","yoast_head_json":{"title":"Bateria de v\u00f4o inteligente DJI Mini 4 Pro - Ghostysky","description":"A bateria de voo inteligente DJI Mini 4 Pro \u00e9 uma bateria recarreg\u00e1vel de \u00edons de l\u00edtio projetada para uso com o drone DJI Mini 4 Pro. Ele oferece um tempo m\u00e1ximo de v\u00f4o de 34 minutos em condi\u00e7\u00f5es ideais, o que lhe d\u00e1 tempo suficiente para capturar imagens a\u00e9reas ou fotos impressionantes.","robots":{"index":"index","follow":"follow","max-snippet":"max-snippet:-1","max-image-preview":"max-image-preview:large","max-video-preview":"max-video-preview:-1"},"canonical":"https:\/\/www.ghostysky.com\/pt\/produto-2\/dji-mini-4-pro-intelligent-flight-battery\/","og_locale":"pt_PT","og_type":"article","og_title":"DJI Mini 4 Pro Intelligent Flight Battery - Ghostysky","og_description":"The DJI Mini 4 Pro Intelligent Flight Battery is a rechargeable lithium-ion battery designed for use with the DJI Mini 4 Pro drone. It provides a maximum flight time of 34 minutes under ideal conditions, which gives you enough time to capture stunning aerial footage or photos.","og_url":"https:\/\/www.ghostysky.com\/pt\/produto-2\/dji-mini-4-pro-intelligent-flight-battery\/","og_site_name":"Ghostysky","article_publisher":"https:\/\/www.facebook.com\/people\/Ghostysky\/100057676170234\/","article_modified_time":"2024-10-26T01:08:37+00:00","og_image":[{"width":800,"height":800,"url":"https:\/\/www.ghostysky.com\/wp-content\/uploads\/2024\/03\/GH_DJI-Mini-4-Pro-Intelligent-Flight-Battery_1.jpg","type":"image\/jpeg"}],"twitter_card":"summary_large_image","twitter_site":"@Gh0stysky","twitter_misc":{"Tempo estimado de leitura":"1 minuto"},"schema":{"@context":"https:\/\/schema.org","@graph":[{"@type":"WebPage","@id":"https:\/\/www.ghostysky.com\/product\/dji-mini-4-pro-intelligent-flight-battery\/","url":"https:\/\/www.ghostysky.com\/product\/dji-mini-4-pro-intelligent-flight-battery\/","name":"Bateria de v\u00f4o inteligente DJI Mini 4 Pro - Ghostysky","isPartOf":{"@id":"https:\/\/www.ghostysky.com\/#website"},"primaryImageOfPage":{"@id":"https:\/\/www.ghostysky.com\/product\/dji-mini-4-pro-intelligent-flight-battery\/#primaryimage"},"image":{"@id":"https:\/\/www.ghostysky.com\/product\/dji-mini-4-pro-intelligent-flight-battery\/#primaryimage"},"thumbnailUrl":"https:\/\/www.ghostysky.com\/wp-content\/uploads\/2024\/03\/GH_DJI-Mini-4-Pro-Intelligent-Flight-Battery_1.jpg","datePublished":"2024-03-17T10:42:33+00:00","dateModified":"2024-10-26T01:08:37+00:00","description":"A bateria de voo inteligente DJI Mini 4 Pro \u00e9 uma bateria recarreg\u00e1vel de \u00edons de l\u00edtio projetada para uso com o drone DJI Mini 4 Pro. Ele oferece um tempo m\u00e1ximo de v\u00f4o de 34 minutos em condi\u00e7\u00f5es ideais, o que lhe d\u00e1 tempo suficiente para capturar imagens a\u00e9reas ou fotos impressionantes.","breadcrumb":{"@id":"https:\/\/www.ghostysky.com\/product\/dji-mini-4-pro-intelligent-flight-battery\/#breadcrumb"},"inLanguage":"pt-PT","potentialAction":[{"@type":"ReadAction","target":["https:\/\/www.ghostysky.com\/product\/dji-mini-4-pro-intelligent-flight-battery\/"]}]},{"@type":"ImageObject","inLanguage":"pt-PT","@id":"https:\/\/www.ghostysky.com\/product\/dji-mini-4-pro-intelligent-flight-battery\/#primaryimage","url":"https:\/\/www.ghostysky.com\/wp-content\/uploads\/2024\/03\/GH_DJI-Mini-4-Pro-Intelligent-Flight-Battery_1.jpg","contentUrl":"https:\/\/www.ghostysky.com\/wp-content\/uploads\/2024\/03\/GH_DJI-Mini-4-Pro-Intelligent-Flight-Battery_1.jpg","width":800,"height":800},{"@type":"BreadcrumbList","@id":"https:\/\/www.ghostysky.com\/product\/dji-mini-4-pro-intelligent-flight-battery\/#breadcrumb","itemListElement":[{"@type":"ListItem","position":1,"name":"Home","item":"https:\/\/www.ghostysky.com\/"},{"@type":"ListItem","position":2,"name":"Shop","item":"https:\/\/www.ghostysky.com\/shop\/"},{"@type":"ListItem","position":3,"name":"DJI Mini 4 Pro Intelligent Flight Battery"}]},{"@type":"WebSite","@id":"https:\/\/www.ghostysky.com\/#website","url":"https:\/\/www.ghostysky.com\/","name":"Ghostysky","description":"Fornecendo drones e servi\u00e7os profissionais","publisher":{"@id":"https:\/\/www.ghostysky.com\/#organization"},"potentialAction":[{"@type":"SearchAction","target":{"@type":"EntryPoint","urlTemplate":"https:\/\/www.ghostysky.com\/?s={search_term_string}"},"query-input":{"@type":"PropertyValueSpecification","valueRequired":true,"valueName":"search_term_string"}}],"inLanguage":"pt-PT"},{"@type":"Organization","@id":"https:\/\/www.ghostysky.com\/#organization","name":"Ghostysky","url":"https:\/\/www.ghostysky.com\/","logo":{"@type":"ImageObject","inLanguage":"pt-PT","@id":"https:\/\/www.ghostysky.com\/#\/schema\/logo\/image\/","url":"https:\/\/www.ghostysky.com\/wp-content\/uploads\/2020\/06\/cropped-ghostyskylogo_text_white2.png","contentUrl":"https:\/\/www.ghostysky.com\/wp-content\/uploads\/2020\/06\/cropped-ghostyskylogo_text_white2.png","width":169,"height":56,"caption":"Ghostysky"},"image":{"@id":"https:\/\/www.ghostysky.com\/#\/schema\/logo\/image\/"},"sameAs":["https:\/\/www.facebook.com\/people\/Ghostysky\/100057676170234\/","https:\/\/x.com\/Gh0stysky","https:\/\/www.linkedin.com\/company\/34739653","https:\/\/www.instagram.com\/gh0stysky"]}]}},"_links":{"self":[{"href":"https:\/\/www.ghostysky.com\/pt\/wp-json\/wp\/v2\/product\/17698","targetHints":{"allow":["GET"]}}],"collection":[{"href":"https:\/\/www.ghostysky.com\/pt\/wp-json\/wp\/v2\/product"}],"about":[{"href":"https:\/\/www.ghostysky.com\/pt\/wp-json\/wp\/v2\/types\/product"}],"replies":[{"embeddable":true,"href":"https:\/\/www.ghostysky.com\/pt\/wp-json\/wp\/v2\/comments?post=17698"}],"wp:featuredmedia":[{"embeddable":true,"href":"https:\/\/www.ghostysky.com\/pt\/wp-json\/wp\/v2\/media\/17700"}],"wp:attachment":[{"href":"https:\/\/www.ghostysky.com\/pt\/wp-json\/wp\/v2\/media?parent=17698"}],"wp:term":[{"taxonomy":"product_brand","embeddable":true,"href":"https:\/\/www.ghostysky.com\/pt\/wp-json\/wp\/v2\/product_brand?post=17698"},{"taxonomy":"product_cat","embeddable":true,"href":"https:\/\/www.ghostysky.com\/pt\/wp-json\/wp\/v2\/product_cat?post=17698"},{"taxonomy":"product_tag","embeddable":true,"href":"https:\/\/www.ghostysky.com\/pt\/wp-json\/wp\/v2\/product_tag?post=17698"}],"curies":[{"name":"wp","href":"https:\/\/api.w.org\/{rel}","templated":true}]}}