{"id":17701,"date":"2024-03-17T10:48:19","date_gmt":"2024-03-17T10:48:19","guid":{"rendered":"https:\/\/www.ghostysky.com\/?post_type=product&#038;p=17701"},"modified":"2024-11-01T16:39:17","modified_gmt":"2024-11-01T16:39:17","slug":"dji-mini-4-pro-mini-3-pro-propellers","status":"publish","type":"product","link":"https:\/\/www.ghostysky.com\/pt\/product\/dji-mini-4-pro-mini-3-pro-propellers\/","title":{"rendered":"H\u00e9lices DJI Mini 4 Pro\/Mini 3 Pro"},"content":{"rendered":"<p data-sourcepos=\"4:1-4:548\">As h\u00e9lices v\u00eam em pares, com duas h\u00e9lices no sentido hor\u00e1rio (CW) e duas h\u00e9lices no sentido anti-hor\u00e1rio (CCW). \u00c9 importante fixar as h\u00e9lices aos motores corretos do seu drone, caso contr\u00e1rio o seu drone n\u00e3o ser\u00e1 capaz de voar. As h\u00e9lices DJI Mini 4 Pro\/Mini 3 Pro s\u00e3o feitas de pl\u00e1stico dur\u00e1vel e devem ser capazes de suportar um bom desgaste. Entretanto, se voc\u00ea danificar uma h\u00e9lice, \u00e9 importante substitu\u00ed-la o mais r\u00e1pido poss\u00edvel. H\u00e9lices danificadas podem fazer com que seu drone voe de forma irregular e pode at\u00e9 causar um acidente.<\/p>\n<p data-sourcepos=\"6:1-6:91\">Aqui est\u00e3o algumas coisas adicionais que voc\u00ea deve ter em mente sobre as h\u00e9lices DJI Mini 4 Pro\/Mini 3 Pro:<\/p>\n<ul data-sourcepos=\"8:1-10:75\">\n<li data-sourcepos=\"8:1-8:54\">Eles s\u00e3o relativamente baratos e f\u00e1ceis de substituir.<\/li>\n<li data-sourcepos=\"9:1-9:86\">DJI recomenda que voc\u00ea substitua suas h\u00e9lices a cada 50 horas de voo.<\/li>\n<li data-sourcepos=\"10:1-10:75\">Voc\u00ea pode encontrar h\u00e9lices de reposi\u00e7\u00e3o na DJI ou em fornecedores terceirizados.<\/li>\n<\/ul>","protected":false},"excerpt":{"rendered":"<p>As h\u00e9lices DJI Mini 4 Pro\/Mini 3 Pro s\u00e3o projetadas especificamente para os drones DJI Mini 4 Pro e DJI Mini 3 Pro. Essas h\u00e9lices s\u00e3o feitas para serem aerodinamicamente eficientes, o que significa que ajudar\u00e3o seu drone a voar por mais tempo e de forma mais silenciosa. Eles tamb\u00e9m foram balanceados com precis\u00e3o para reduzir as vibra\u00e7\u00f5es, o que pode melhorar a qualidade das suas filmagens.<\/p>","protected":false},"featured_media":17703,"comment_status":"open","ping_status":"closed","template":"","meta":[],"product_brand":[],"product_cat":[793,797,752,37,29,794,796],"product_tag":[42,800,802,168],"class_list":{"0":"post-17701","1":"product","2":"type-product","3":"status-publish","4":"has-post-thumbnail","6":"product_cat-accessories-mini-3-pro","7":"product_cat-accessories-mini-4-pro","8":"product_cat-aerial-photography","9":"product_cat-dji","10":"product_cat-drones","11":"product_cat-mini-3-pro","12":"product_cat-mini-4-pro","13":"product_tag-dji","14":"product_tag-mini-3-pro","15":"product_tag-mini-4-pro","16":"product_tag-propellers","18":"first","19":"onbackorder","20":"taxable","21":"shipping-taxable","22":"purchasable","23":"product-type-simple"},"yoast_head":"<!-- This site is optimized with the Yoast SEO plugin v27.1.1 - https:\/\/yoast.com\/product\/yoast-seo-wordpress\/ -->\n<title>DJI Mini 4 Pro\/Mini 3 Pro Propellers - Ghostysky<\/title>\n<meta name=\"description\" content=\"DJI Mini 4 Pro\/Mini 3 Pro propellers are specifically designed for the DJI Mini 4 Pro and DJI Mini 3 Pro drones. These propellers are made to be aerodynamically efficient, which means they will help your drone fly longer and quieter. They have also been precisely balanced to reduce vibrations, which can improve the quality of your footage.\" \/>\n<meta name=\"robots\" content=\"index, follow, max-snippet:-1, max-image-preview:large, max-video-preview:-1\" \/>\n<link rel=\"canonical\" href=\"https:\/\/www.ghostysky.com\/pt\/produto-2\/dji-mini-4-pro-mini-3-pro-propellers\/\" \/>\n<meta property=\"og:locale\" content=\"pt_PT\" \/>\n<meta property=\"og:type\" content=\"article\" \/>\n<meta property=\"og:title\" content=\"DJI Mini 4 Pro\/Mini 3 Pro Propellers - Ghostysky\" \/>\n<meta property=\"og:description\" content=\"DJI Mini 4 Pro\/Mini 3 Pro propellers are specifically designed for the DJI Mini 4 Pro and DJI Mini 3 Pro drones. These propellers are made to be aerodynamically efficient, which means they will help your drone fly longer and quieter. They have also been precisely balanced to reduce vibrations, which can improve the quality of your footage.\" \/>\n<meta property=\"og:url\" content=\"https:\/\/www.ghostysky.com\/pt\/produto-2\/dji-mini-4-pro-mini-3-pro-propellers\/\" \/>\n<meta property=\"og:site_name\" content=\"Ghostysky\" \/>\n<meta property=\"article:publisher\" content=\"https:\/\/www.facebook.com\/people\/Ghostysky\/100057676170234\/\" \/>\n<meta property=\"article:modified_time\" content=\"2024-11-01T16:39:17+00:00\" \/>\n<meta property=\"og:image\" content=\"https:\/\/www.ghostysky.com\/wp-content\/uploads\/2024\/03\/GH_DJI-Mini-4-Pro-Mini-3-Pro-Propellers_1.jpg\" \/>\n\t<meta property=\"og:image:width\" content=\"1200\" \/>\n\t<meta property=\"og:image:height\" content=\"800\" \/>\n\t<meta property=\"og:image:type\" content=\"image\/jpeg\" \/>\n<meta name=\"twitter:card\" content=\"summary_large_image\" \/>\n<meta name=\"twitter:site\" content=\"@Gh0stysky\" \/>\n<meta name=\"twitter:label1\" content=\"Tempo estimado de leitura\" \/>\n\t<meta name=\"twitter:data1\" content=\"1 minuto\" \/>\n<script type=\"application\/ld+json\" class=\"yoast-schema-graph\">{\"@context\":\"https:\/\/schema.org\",\"@graph\":[{\"@type\":\"WebPage\",\"@id\":\"https:\/\/www.ghostysky.com\/product\/dji-mini-4-pro-mini-3-pro-propellers\/\",\"url\":\"https:\/\/www.ghostysky.com\/product\/dji-mini-4-pro-mini-3-pro-propellers\/\",\"name\":\"DJI Mini 4 Pro\/Mini 3 Pro Propellers - Ghostysky\",\"isPartOf\":{\"@id\":\"https:\/\/www.ghostysky.com\/#website\"},\"primaryImageOfPage\":{\"@id\":\"https:\/\/www.ghostysky.com\/product\/dji-mini-4-pro-mini-3-pro-propellers\/#primaryimage\"},\"image\":{\"@id\":\"https:\/\/www.ghostysky.com\/product\/dji-mini-4-pro-mini-3-pro-propellers\/#primaryimage\"},\"thumbnailUrl\":\"https:\/\/www.ghostysky.com\/wp-content\/uploads\/2024\/03\/GH_DJI-Mini-4-Pro-Mini-3-Pro-Propellers_1.jpg\",\"datePublished\":\"2024-03-17T10:48:19+00:00\",\"dateModified\":\"2024-11-01T16:39:17+00:00\",\"description\":\"DJI Mini 4 Pro\/Mini 3 Pro propellers are specifically designed for the DJI Mini 4 Pro and DJI Mini 3 Pro drones. These propellers are made to be aerodynamically efficient, which means they will help your drone fly longer and quieter. They have also been precisely balanced to reduce vibrations, which can improve the quality of your footage.\",\"breadcrumb\":{\"@id\":\"https:\/\/www.ghostysky.com\/product\/dji-mini-4-pro-mini-3-pro-propellers\/#breadcrumb\"},\"inLanguage\":\"pt-PT\",\"potentialAction\":[{\"@type\":\"ReadAction\",\"target\":[\"https:\/\/www.ghostysky.com\/product\/dji-mini-4-pro-mini-3-pro-propellers\/\"]}]},{\"@type\":\"ImageObject\",\"inLanguage\":\"pt-PT\",\"@id\":\"https:\/\/www.ghostysky.com\/product\/dji-mini-4-pro-mini-3-pro-propellers\/#primaryimage\",\"url\":\"https:\/\/www.ghostysky.com\/wp-content\/uploads\/2024\/03\/GH_DJI-Mini-4-Pro-Mini-3-Pro-Propellers_1.jpg\",\"contentUrl\":\"https:\/\/www.ghostysky.com\/wp-content\/uploads\/2024\/03\/GH_DJI-Mini-4-Pro-Mini-3-Pro-Propellers_1.jpg\",\"width\":1200,\"height\":800},{\"@type\":\"BreadcrumbList\",\"@id\":\"https:\/\/www.ghostysky.com\/product\/dji-mini-4-pro-mini-3-pro-propellers\/#breadcrumb\",\"itemListElement\":[{\"@type\":\"ListItem\",\"position\":1,\"name\":\"Home\",\"item\":\"https:\/\/www.ghostysky.com\/\"},{\"@type\":\"ListItem\",\"position\":2,\"name\":\"Shop\",\"item\":\"https:\/\/www.ghostysky.com\/shop\/\"},{\"@type\":\"ListItem\",\"position\":3,\"name\":\"DJI Mini 4 Pro\/Mini 3 Pro Propellers\"}]},{\"@type\":\"WebSite\",\"@id\":\"https:\/\/www.ghostysky.com\/#website\",\"url\":\"https:\/\/www.ghostysky.com\/\",\"name\":\"Ghostysky\",\"description\":\"Delivering professional drones and services\",\"publisher\":{\"@id\":\"https:\/\/www.ghostysky.com\/#organization\"},\"potentialAction\":[{\"@type\":\"SearchAction\",\"target\":{\"@type\":\"EntryPoint\",\"urlTemplate\":\"https:\/\/www.ghostysky.com\/?s={search_term_string}\"},\"query-input\":{\"@type\":\"PropertyValueSpecification\",\"valueRequired\":true,\"valueName\":\"search_term_string\"}}],\"inLanguage\":\"pt-PT\"},{\"@type\":\"Organization\",\"@id\":\"https:\/\/www.ghostysky.com\/#organization\",\"name\":\"Ghostysky\",\"url\":\"https:\/\/www.ghostysky.com\/\",\"logo\":{\"@type\":\"ImageObject\",\"inLanguage\":\"pt-PT\",\"@id\":\"https:\/\/www.ghostysky.com\/#\/schema\/logo\/image\/\",\"url\":\"https:\/\/www.ghostysky.com\/wp-content\/uploads\/2020\/06\/cropped-ghostyskylogo_text_white2.png\",\"contentUrl\":\"https:\/\/www.ghostysky.com\/wp-content\/uploads\/2020\/06\/cropped-ghostyskylogo_text_white2.png\",\"width\":169,\"height\":56,\"caption\":\"Ghostysky\"},\"image\":{\"@id\":\"https:\/\/www.ghostysky.com\/#\/schema\/logo\/image\/\"},\"sameAs\":[\"https:\/\/www.facebook.com\/people\/Ghostysky\/100057676170234\/\",\"https:\/\/x.com\/Gh0stysky\",\"https:\/\/www.linkedin.com\/company\/34739653\",\"https:\/\/www.instagram.com\/gh0stysky\"]}]}<\/script>\n<!-- \/ Yoast SEO plugin. -->","yoast_head_json":{"title":"H\u00e9lices DJI Mini 4 Pro\/Mini 3 Pro - Ghostysky","description":"As h\u00e9lices DJI Mini 4 Pro\/Mini 3 Pro s\u00e3o projetadas especificamente para os drones DJI Mini 4 Pro e DJI Mini 3 Pro. Essas h\u00e9lices s\u00e3o feitas para serem aerodinamicamente eficientes, o que significa que ajudar\u00e3o seu drone a voar por mais tempo e de forma mais silenciosa. Eles tamb\u00e9m foram balanceados com precis\u00e3o para reduzir as vibra\u00e7\u00f5es, o que pode melhorar a qualidade das suas filmagens.","robots":{"index":"index","follow":"follow","max-snippet":"max-snippet:-1","max-image-preview":"max-image-preview:large","max-video-preview":"max-video-preview:-1"},"canonical":"https:\/\/www.ghostysky.com\/pt\/produto-2\/dji-mini-4-pro-mini-3-pro-propellers\/","og_locale":"pt_PT","og_type":"article","og_title":"DJI Mini 4 Pro\/Mini 3 Pro Propellers - Ghostysky","og_description":"DJI Mini 4 Pro\/Mini 3 Pro propellers are specifically designed for the DJI Mini 4 Pro and DJI Mini 3 Pro drones. These propellers are made to be aerodynamically efficient, which means they will help your drone fly longer and quieter. They have also been precisely balanced to reduce vibrations, which can improve the quality of your footage.","og_url":"https:\/\/www.ghostysky.com\/pt\/produto-2\/dji-mini-4-pro-mini-3-pro-propellers\/","og_site_name":"Ghostysky","article_publisher":"https:\/\/www.facebook.com\/people\/Ghostysky\/100057676170234\/","article_modified_time":"2024-11-01T16:39:17+00:00","og_image":[{"width":1200,"height":800,"url":"https:\/\/www.ghostysky.com\/wp-content\/uploads\/2024\/03\/GH_DJI-Mini-4-Pro-Mini-3-Pro-Propellers_1.jpg","type":"image\/jpeg"}],"twitter_card":"summary_large_image","twitter_site":"@Gh0stysky","twitter_misc":{"Tempo estimado de leitura":"1 minuto"},"schema":{"@context":"https:\/\/schema.org","@graph":[{"@type":"WebPage","@id":"https:\/\/www.ghostysky.com\/product\/dji-mini-4-pro-mini-3-pro-propellers\/","url":"https:\/\/www.ghostysky.com\/product\/dji-mini-4-pro-mini-3-pro-propellers\/","name":"H\u00e9lices DJI Mini 4 Pro\/Mini 3 Pro - Ghostysky","isPartOf":{"@id":"https:\/\/www.ghostysky.com\/#website"},"primaryImageOfPage":{"@id":"https:\/\/www.ghostysky.com\/product\/dji-mini-4-pro-mini-3-pro-propellers\/#primaryimage"},"image":{"@id":"https:\/\/www.ghostysky.com\/product\/dji-mini-4-pro-mini-3-pro-propellers\/#primaryimage"},"thumbnailUrl":"https:\/\/www.ghostysky.com\/wp-content\/uploads\/2024\/03\/GH_DJI-Mini-4-Pro-Mini-3-Pro-Propellers_1.jpg","datePublished":"2024-03-17T10:48:19+00:00","dateModified":"2024-11-01T16:39:17+00:00","description":"As h\u00e9lices DJI Mini 4 Pro\/Mini 3 Pro s\u00e3o projetadas especificamente para os drones DJI Mini 4 Pro e DJI Mini 3 Pro. Essas h\u00e9lices s\u00e3o feitas para serem aerodinamicamente eficientes, o que significa que ajudar\u00e3o seu drone a voar por mais tempo e de forma mais silenciosa. Eles tamb\u00e9m foram balanceados com precis\u00e3o para reduzir as vibra\u00e7\u00f5es, o que pode melhorar a qualidade das suas filmagens.","breadcrumb":{"@id":"https:\/\/www.ghostysky.com\/product\/dji-mini-4-pro-mini-3-pro-propellers\/#breadcrumb"},"inLanguage":"pt-PT","potentialAction":[{"@type":"ReadAction","target":["https:\/\/www.ghostysky.com\/product\/dji-mini-4-pro-mini-3-pro-propellers\/"]}]},{"@type":"ImageObject","inLanguage":"pt-PT","@id":"https:\/\/www.ghostysky.com\/product\/dji-mini-4-pro-mini-3-pro-propellers\/#primaryimage","url":"https:\/\/www.ghostysky.com\/wp-content\/uploads\/2024\/03\/GH_DJI-Mini-4-Pro-Mini-3-Pro-Propellers_1.jpg","contentUrl":"https:\/\/www.ghostysky.com\/wp-content\/uploads\/2024\/03\/GH_DJI-Mini-4-Pro-Mini-3-Pro-Propellers_1.jpg","width":1200,"height":800},{"@type":"BreadcrumbList","@id":"https:\/\/www.ghostysky.com\/product\/dji-mini-4-pro-mini-3-pro-propellers\/#breadcrumb","itemListElement":[{"@type":"ListItem","position":1,"name":"Home","item":"https:\/\/www.ghostysky.com\/"},{"@type":"ListItem","position":2,"name":"Shop","item":"https:\/\/www.ghostysky.com\/shop\/"},{"@type":"ListItem","position":3,"name":"DJI Mini 4 Pro\/Mini 3 Pro Propellers"}]},{"@type":"WebSite","@id":"https:\/\/www.ghostysky.com\/#website","url":"https:\/\/www.ghostysky.com\/","name":"Ghostysky","description":"Fornecendo drones e servi\u00e7os profissionais","publisher":{"@id":"https:\/\/www.ghostysky.com\/#organization"},"potentialAction":[{"@type":"SearchAction","target":{"@type":"EntryPoint","urlTemplate":"https:\/\/www.ghostysky.com\/?s={search_term_string}"},"query-input":{"@type":"PropertyValueSpecification","valueRequired":true,"valueName":"search_term_string"}}],"inLanguage":"pt-PT"},{"@type":"Organization","@id":"https:\/\/www.ghostysky.com\/#organization","name":"Ghostysky","url":"https:\/\/www.ghostysky.com\/","logo":{"@type":"ImageObject","inLanguage":"pt-PT","@id":"https:\/\/www.ghostysky.com\/#\/schema\/logo\/image\/","url":"https:\/\/www.ghostysky.com\/wp-content\/uploads\/2020\/06\/cropped-ghostyskylogo_text_white2.png","contentUrl":"https:\/\/www.ghostysky.com\/wp-content\/uploads\/2020\/06\/cropped-ghostyskylogo_text_white2.png","width":169,"height":56,"caption":"Ghostysky"},"image":{"@id":"https:\/\/www.ghostysky.com\/#\/schema\/logo\/image\/"},"sameAs":["https:\/\/www.facebook.com\/people\/Ghostysky\/100057676170234\/","https:\/\/x.com\/Gh0stysky","https:\/\/www.linkedin.com\/company\/34739653","https:\/\/www.instagram.com\/gh0stysky"]}]}},"_links":{"self":[{"href":"https:\/\/www.ghostysky.com\/pt\/wp-json\/wp\/v2\/product\/17701","targetHints":{"allow":["GET"]}}],"collection":[{"href":"https:\/\/www.ghostysky.com\/pt\/wp-json\/wp\/v2\/product"}],"about":[{"href":"https:\/\/www.ghostysky.com\/pt\/wp-json\/wp\/v2\/types\/product"}],"replies":[{"embeddable":true,"href":"https:\/\/www.ghostysky.com\/pt\/wp-json\/wp\/v2\/comments?post=17701"}],"wp:featuredmedia":[{"embeddable":true,"href":"https:\/\/www.ghostysky.com\/pt\/wp-json\/wp\/v2\/media\/17703"}],"wp:attachment":[{"href":"https:\/\/www.ghostysky.com\/pt\/wp-json\/wp\/v2\/media?parent=17701"}],"wp:term":[{"taxonomy":"product_brand","embeddable":true,"href":"https:\/\/www.ghostysky.com\/pt\/wp-json\/wp\/v2\/product_brand?post=17701"},{"taxonomy":"product_cat","embeddable":true,"href":"https:\/\/www.ghostysky.com\/pt\/wp-json\/wp\/v2\/product_cat?post=17701"},{"taxonomy":"product_tag","embeddable":true,"href":"https:\/\/www.ghostysky.com\/pt\/wp-json\/wp\/v2\/product_tag?post=17701"}],"curies":[{"name":"wp","href":"https:\/\/api.w.org\/{rel}","templated":true}]}}