{"id":17704,"date":"2024-03-17T11:10:20","date_gmt":"2024-03-17T11:10:20","guid":{"rendered":"https:\/\/www.ghostysky.com\/?post_type=product&#038;p=17704"},"modified":"2024-11-15T06:33:24","modified_gmt":"2024-11-15T06:33:24","slug":"dji-mini-4-pro-wide-angle-lens","status":"publish","type":"product","link":"https:\/\/www.ghostysky.com\/pt\/product\/dji-mini-4-pro-wide-angle-lens\/","title":{"rendered":"Lente grande angular DJI Mini 4 Pro"},"content":{"rendered":"<ul data-sourcepos=\"3:1-6:0\">\n<li data-sourcepos=\"3:1-3:97\">Aumenta o campo de vis\u00e3o de 82,1\u00b0 para 114\u00b0 para fotos e de 75\u00b0 para 100\u00b0 para v\u00eddeos 16:9.<\/li>\n<li data-sourcepos=\"4:1-4:123\">Leve apenas 2,3 gramas, por isso n\u00e3o afeta o peso do drone o suficiente para lev\u00e1-lo abaixo do limite de peso de 250 gramas.<\/li>\n<li data-sourcepos=\"5:1-6:0\">Pode introduzir alguma ligeira distor\u00e7\u00e3o nas bordas da imagem, o que \u00e9 comum em lentes grande angulares.<\/li>\n<\/ul>\n<p data-sourcepos=\"7:1-7:256\">No geral, a lente grande angular DJI Mini 4 Pro \u00e9 uma boa op\u00e7\u00e3o para pilotos que desejam capturar paisagens ou cen\u00e1rios mais amplos em suas imagens de drone. Esteja ciente de que pode haver algumas compensa\u00e7\u00f5es em termos de qualidade de imagem e \u00e9 uma compra opcional.<\/p>","protected":false},"excerpt":{"rendered":"<p>A lente grande angular DJI Mini 4 Pro \u00e9 um acess\u00f3rio opcional para o drone DJI Mini 4 Pro. Ele amplia o campo de vis\u00e3o da c\u00e2mera, permitindo capturar mais da cena em suas fotos e v\u00eddeos.<\/p>","protected":false},"featured_media":17706,"comment_status":"open","ping_status":"closed","template":"","meta":[],"product_brand":[],"product_cat":[797,752,37,29,796],"product_tag":[42,802,813],"class_list":{"0":"post-17704","1":"product","2":"type-product","3":"status-publish","4":"has-post-thumbnail","6":"product_cat-accessories-mini-4-pro","7":"product_cat-aerial-photography","8":"product_cat-dji","9":"product_cat-drones","10":"product_cat-mini-4-pro","11":"product_tag-dji","12":"product_tag-mini-4-pro","13":"product_tag-wide-angle-lens","15":"first","16":"instock","17":"taxable","18":"shipping-taxable","19":"purchasable","20":"product-type-simple"},"yoast_head":"<!-- This site is optimized with the Yoast SEO plugin v27.1.1 - https:\/\/yoast.com\/product\/yoast-seo-wordpress\/ -->\n<title>DJI Mini 4 Pro Wide-Angle Lens - Ghostysky<\/title>\n<meta name=\"description\" content=\"The DJI Mini 4 Pro Wide-Angle Lens is an optional accessory for the DJI Mini 4 Pro drone. It widens the field of view of the camera, allowing you to capture more of the scene in your photos and videos.\" \/>\n<meta name=\"robots\" content=\"index, follow, max-snippet:-1, max-image-preview:large, max-video-preview:-1\" \/>\n<link rel=\"canonical\" href=\"https:\/\/www.ghostysky.com\/pt\/produto-2\/dji-mini-4-pro-wide-angle-lens\/\" \/>\n<meta property=\"og:locale\" content=\"pt_PT\" \/>\n<meta property=\"og:type\" content=\"article\" \/>\n<meta property=\"og:title\" content=\"DJI Mini 4 Pro Wide-Angle Lens - Ghostysky\" \/>\n<meta property=\"og:description\" content=\"The DJI Mini 4 Pro Wide-Angle Lens is an optional accessory for the DJI Mini 4 Pro drone. It widens the field of view of the camera, allowing you to capture more of the scene in your photos and videos.\" \/>\n<meta property=\"og:url\" content=\"https:\/\/www.ghostysky.com\/pt\/produto-2\/dji-mini-4-pro-wide-angle-lens\/\" \/>\n<meta property=\"og:site_name\" content=\"Ghostysky\" \/>\n<meta property=\"article:publisher\" content=\"https:\/\/www.facebook.com\/people\/Ghostysky\/100057676170234\/\" \/>\n<meta property=\"article:modified_time\" content=\"2024-11-15T06:33:24+00:00\" \/>\n<meta property=\"og:image\" content=\"https:\/\/www.ghostysky.com\/wp-content\/uploads\/2024\/03\/GH_DJI-Mini-4-Pro-Wide-Angle-Lens_1.jpg\" \/>\n\t<meta property=\"og:image:width\" content=\"800\" \/>\n\t<meta property=\"og:image:height\" content=\"800\" \/>\n\t<meta property=\"og:image:type\" content=\"image\/jpeg\" \/>\n<meta name=\"twitter:card\" content=\"summary_large_image\" \/>\n<meta name=\"twitter:site\" content=\"@Gh0stysky\" \/>\n<meta name=\"twitter:label1\" content=\"Tempo estimado de leitura\" \/>\n\t<meta name=\"twitter:data1\" content=\"1 minuto\" \/>\n<script type=\"application\/ld+json\" class=\"yoast-schema-graph\">{\"@context\":\"https:\/\/schema.org\",\"@graph\":[{\"@type\":\"WebPage\",\"@id\":\"https:\/\/www.ghostysky.com\/product\/dji-mini-4-pro-wide-angle-lens\/\",\"url\":\"https:\/\/www.ghostysky.com\/product\/dji-mini-4-pro-wide-angle-lens\/\",\"name\":\"DJI Mini 4 Pro Wide-Angle Lens - Ghostysky\",\"isPartOf\":{\"@id\":\"https:\/\/www.ghostysky.com\/#website\"},\"primaryImageOfPage\":{\"@id\":\"https:\/\/www.ghostysky.com\/product\/dji-mini-4-pro-wide-angle-lens\/#primaryimage\"},\"image\":{\"@id\":\"https:\/\/www.ghostysky.com\/product\/dji-mini-4-pro-wide-angle-lens\/#primaryimage\"},\"thumbnailUrl\":\"https:\/\/www.ghostysky.com\/wp-content\/uploads\/2024\/03\/GH_DJI-Mini-4-Pro-Wide-Angle-Lens_1.jpg\",\"datePublished\":\"2024-03-17T11:10:20+00:00\",\"dateModified\":\"2024-11-15T06:33:24+00:00\",\"description\":\"The DJI Mini 4 Pro Wide-Angle Lens is an optional accessory for the DJI Mini 4 Pro drone. It widens the field of view of the camera, allowing you to capture more of the scene in your photos and videos.\",\"breadcrumb\":{\"@id\":\"https:\/\/www.ghostysky.com\/product\/dji-mini-4-pro-wide-angle-lens\/#breadcrumb\"},\"inLanguage\":\"pt-PT\",\"potentialAction\":[{\"@type\":\"ReadAction\",\"target\":[\"https:\/\/www.ghostysky.com\/product\/dji-mini-4-pro-wide-angle-lens\/\"]}]},{\"@type\":\"ImageObject\",\"inLanguage\":\"pt-PT\",\"@id\":\"https:\/\/www.ghostysky.com\/product\/dji-mini-4-pro-wide-angle-lens\/#primaryimage\",\"url\":\"https:\/\/www.ghostysky.com\/wp-content\/uploads\/2024\/03\/GH_DJI-Mini-4-Pro-Wide-Angle-Lens_1.jpg\",\"contentUrl\":\"https:\/\/www.ghostysky.com\/wp-content\/uploads\/2024\/03\/GH_DJI-Mini-4-Pro-Wide-Angle-Lens_1.jpg\",\"width\":800,\"height\":800},{\"@type\":\"BreadcrumbList\",\"@id\":\"https:\/\/www.ghostysky.com\/product\/dji-mini-4-pro-wide-angle-lens\/#breadcrumb\",\"itemListElement\":[{\"@type\":\"ListItem\",\"position\":1,\"name\":\"Home\",\"item\":\"https:\/\/www.ghostysky.com\/\"},{\"@type\":\"ListItem\",\"position\":2,\"name\":\"Shop\",\"item\":\"https:\/\/www.ghostysky.com\/shop\/\"},{\"@type\":\"ListItem\",\"position\":3,\"name\":\"DJI Mini 4 Pro Wide-Angle Lens\"}]},{\"@type\":\"WebSite\",\"@id\":\"https:\/\/www.ghostysky.com\/#website\",\"url\":\"https:\/\/www.ghostysky.com\/\",\"name\":\"Ghostysky\",\"description\":\"Delivering professional drones and services\",\"publisher\":{\"@id\":\"https:\/\/www.ghostysky.com\/#organization\"},\"potentialAction\":[{\"@type\":\"SearchAction\",\"target\":{\"@type\":\"EntryPoint\",\"urlTemplate\":\"https:\/\/www.ghostysky.com\/?s={search_term_string}\"},\"query-input\":{\"@type\":\"PropertyValueSpecification\",\"valueRequired\":true,\"valueName\":\"search_term_string\"}}],\"inLanguage\":\"pt-PT\"},{\"@type\":\"Organization\",\"@id\":\"https:\/\/www.ghostysky.com\/#organization\",\"name\":\"Ghostysky\",\"url\":\"https:\/\/www.ghostysky.com\/\",\"logo\":{\"@type\":\"ImageObject\",\"inLanguage\":\"pt-PT\",\"@id\":\"https:\/\/www.ghostysky.com\/#\/schema\/logo\/image\/\",\"url\":\"https:\/\/www.ghostysky.com\/wp-content\/uploads\/2020\/06\/cropped-ghostyskylogo_text_white2.png\",\"contentUrl\":\"https:\/\/www.ghostysky.com\/wp-content\/uploads\/2020\/06\/cropped-ghostyskylogo_text_white2.png\",\"width\":169,\"height\":56,\"caption\":\"Ghostysky\"},\"image\":{\"@id\":\"https:\/\/www.ghostysky.com\/#\/schema\/logo\/image\/\"},\"sameAs\":[\"https:\/\/www.facebook.com\/people\/Ghostysky\/100057676170234\/\",\"https:\/\/x.com\/Gh0stysky\",\"https:\/\/www.linkedin.com\/company\/34739653\",\"https:\/\/www.instagram.com\/gh0stysky\"]}]}<\/script>\n<!-- \/ Yoast SEO plugin. -->","yoast_head_json":{"title":"Lente grande angular DJI Mini 4 Pro - Ghostysky","description":"A lente grande angular DJI Mini 4 Pro \u00e9 um acess\u00f3rio opcional para o drone DJI Mini 4 Pro. Ele amplia o campo de vis\u00e3o da c\u00e2mera, permitindo capturar mais da cena em suas fotos e v\u00eddeos.","robots":{"index":"index","follow":"follow","max-snippet":"max-snippet:-1","max-image-preview":"max-image-preview:large","max-video-preview":"max-video-preview:-1"},"canonical":"https:\/\/www.ghostysky.com\/pt\/produto-2\/dji-mini-4-pro-wide-angle-lens\/","og_locale":"pt_PT","og_type":"article","og_title":"DJI Mini 4 Pro Wide-Angle Lens - Ghostysky","og_description":"The DJI Mini 4 Pro Wide-Angle Lens is an optional accessory for the DJI Mini 4 Pro drone. It widens the field of view of the camera, allowing you to capture more of the scene in your photos and videos.","og_url":"https:\/\/www.ghostysky.com\/pt\/produto-2\/dji-mini-4-pro-wide-angle-lens\/","og_site_name":"Ghostysky","article_publisher":"https:\/\/www.facebook.com\/people\/Ghostysky\/100057676170234\/","article_modified_time":"2024-11-15T06:33:24+00:00","og_image":[{"width":800,"height":800,"url":"https:\/\/www.ghostysky.com\/wp-content\/uploads\/2024\/03\/GH_DJI-Mini-4-Pro-Wide-Angle-Lens_1.jpg","type":"image\/jpeg"}],"twitter_card":"summary_large_image","twitter_site":"@Gh0stysky","twitter_misc":{"Tempo estimado de leitura":"1 minuto"},"schema":{"@context":"https:\/\/schema.org","@graph":[{"@type":"WebPage","@id":"https:\/\/www.ghostysky.com\/product\/dji-mini-4-pro-wide-angle-lens\/","url":"https:\/\/www.ghostysky.com\/product\/dji-mini-4-pro-wide-angle-lens\/","name":"Lente grande angular DJI Mini 4 Pro - Ghostysky","isPartOf":{"@id":"https:\/\/www.ghostysky.com\/#website"},"primaryImageOfPage":{"@id":"https:\/\/www.ghostysky.com\/product\/dji-mini-4-pro-wide-angle-lens\/#primaryimage"},"image":{"@id":"https:\/\/www.ghostysky.com\/product\/dji-mini-4-pro-wide-angle-lens\/#primaryimage"},"thumbnailUrl":"https:\/\/www.ghostysky.com\/wp-content\/uploads\/2024\/03\/GH_DJI-Mini-4-Pro-Wide-Angle-Lens_1.jpg","datePublished":"2024-03-17T11:10:20+00:00","dateModified":"2024-11-15T06:33:24+00:00","description":"A lente grande angular DJI Mini 4 Pro \u00e9 um acess\u00f3rio opcional para o drone DJI Mini 4 Pro. Ele amplia o campo de vis\u00e3o da c\u00e2mera, permitindo capturar mais da cena em suas fotos e v\u00eddeos.","breadcrumb":{"@id":"https:\/\/www.ghostysky.com\/product\/dji-mini-4-pro-wide-angle-lens\/#breadcrumb"},"inLanguage":"pt-PT","potentialAction":[{"@type":"ReadAction","target":["https:\/\/www.ghostysky.com\/product\/dji-mini-4-pro-wide-angle-lens\/"]}]},{"@type":"ImageObject","inLanguage":"pt-PT","@id":"https:\/\/www.ghostysky.com\/product\/dji-mini-4-pro-wide-angle-lens\/#primaryimage","url":"https:\/\/www.ghostysky.com\/wp-content\/uploads\/2024\/03\/GH_DJI-Mini-4-Pro-Wide-Angle-Lens_1.jpg","contentUrl":"https:\/\/www.ghostysky.com\/wp-content\/uploads\/2024\/03\/GH_DJI-Mini-4-Pro-Wide-Angle-Lens_1.jpg","width":800,"height":800},{"@type":"BreadcrumbList","@id":"https:\/\/www.ghostysky.com\/product\/dji-mini-4-pro-wide-angle-lens\/#breadcrumb","itemListElement":[{"@type":"ListItem","position":1,"name":"Home","item":"https:\/\/www.ghostysky.com\/"},{"@type":"ListItem","position":2,"name":"Shop","item":"https:\/\/www.ghostysky.com\/shop\/"},{"@type":"ListItem","position":3,"name":"DJI Mini 4 Pro Wide-Angle Lens"}]},{"@type":"WebSite","@id":"https:\/\/www.ghostysky.com\/#website","url":"https:\/\/www.ghostysky.com\/","name":"Ghostysky","description":"Fornecendo drones e servi\u00e7os profissionais","publisher":{"@id":"https:\/\/www.ghostysky.com\/#organization"},"potentialAction":[{"@type":"SearchAction","target":{"@type":"EntryPoint","urlTemplate":"https:\/\/www.ghostysky.com\/?s={search_term_string}"},"query-input":{"@type":"PropertyValueSpecification","valueRequired":true,"valueName":"search_term_string"}}],"inLanguage":"pt-PT"},{"@type":"Organization","@id":"https:\/\/www.ghostysky.com\/#organization","name":"Ghostysky","url":"https:\/\/www.ghostysky.com\/","logo":{"@type":"ImageObject","inLanguage":"pt-PT","@id":"https:\/\/www.ghostysky.com\/#\/schema\/logo\/image\/","url":"https:\/\/www.ghostysky.com\/wp-content\/uploads\/2020\/06\/cropped-ghostyskylogo_text_white2.png","contentUrl":"https:\/\/www.ghostysky.com\/wp-content\/uploads\/2020\/06\/cropped-ghostyskylogo_text_white2.png","width":169,"height":56,"caption":"Ghostysky"},"image":{"@id":"https:\/\/www.ghostysky.com\/#\/schema\/logo\/image\/"},"sameAs":["https:\/\/www.facebook.com\/people\/Ghostysky\/100057676170234\/","https:\/\/x.com\/Gh0stysky","https:\/\/www.linkedin.com\/company\/34739653","https:\/\/www.instagram.com\/gh0stysky"]}]}},"_links":{"self":[{"href":"https:\/\/www.ghostysky.com\/pt\/wp-json\/wp\/v2\/product\/17704","targetHints":{"allow":["GET"]}}],"collection":[{"href":"https:\/\/www.ghostysky.com\/pt\/wp-json\/wp\/v2\/product"}],"about":[{"href":"https:\/\/www.ghostysky.com\/pt\/wp-json\/wp\/v2\/types\/product"}],"replies":[{"embeddable":true,"href":"https:\/\/www.ghostysky.com\/pt\/wp-json\/wp\/v2\/comments?post=17704"}],"wp:featuredmedia":[{"embeddable":true,"href":"https:\/\/www.ghostysky.com\/pt\/wp-json\/wp\/v2\/media\/17706"}],"wp:attachment":[{"href":"https:\/\/www.ghostysky.com\/pt\/wp-json\/wp\/v2\/media?parent=17704"}],"wp:term":[{"taxonomy":"product_brand","embeddable":true,"href":"https:\/\/www.ghostysky.com\/pt\/wp-json\/wp\/v2\/product_brand?post=17704"},{"taxonomy":"product_cat","embeddable":true,"href":"https:\/\/www.ghostysky.com\/pt\/wp-json\/wp\/v2\/product_cat?post=17704"},{"taxonomy":"product_tag","embeddable":true,"href":"https:\/\/www.ghostysky.com\/pt\/wp-json\/wp\/v2\/product_tag?post=17704"}],"curies":[{"name":"wp","href":"https:\/\/api.w.org\/{rel}","templated":true}]}}