{"id":17776,"date":"2024-03-20T18:17:43","date_gmt":"2024-03-20T18:17:43","guid":{"rendered":"https:\/\/www.ghostysky.com\/?post_type=product&#038;p=17776"},"modified":"2024-03-26T18:19:42","modified_gmt":"2024-03-26T18:19:42","slug":"sidusm1-mini-show-drone","status":"publish","type":"product","link":"https:\/\/www.ghostysky.com\/pt\/product\/sidusm1-mini-show-drone\/","title":{"rendered":"Sidus M1 \u2013 Mini Show Drone"},"content":{"rendered":"<h3>Recursos<\/h3>\n<p>\u25ba Fuselagem \u00e0 prova d&#039;\u00e1gua<br \/>\n\u25ba Peso Armado 249-320g<br \/>\n\u25ba 28 minutos de tempo de voo<br \/>\n\u25ba Frota de mais de 2.000 drones suportada<br \/>\n\u25ba Decolagem\/Pouso\/Carga na Caixa<br \/>\n\u25ba Gaiolas de H\u00e9lice 360\u00b0<br \/>\n\u25ba L\u00e2mpada LED 15W (20W em Turbo)<br \/>\n\u25ba posicionamento GPS RTK em n\u00edvel de cm<br \/>\n\u25ba Alcance de controle de 500m+<br \/>\n\u25ba F\u00e1cil implanta\u00e7\u00e3o\/manuten\u00e7\u00e3o<\/p>\n<h3>Especifica\u00e7\u00f5es t\u00e9cnicas<\/h3>\n<table style=\"height: 613px;\" width=\"909\">\n<tbody>\n<tr>\n<td width=\"107\">Fuselagem<\/td>\n<td width=\"404\">Estrutura \u00e0 prova de \u00e1gua, compacta e segura<\/td>\n<\/tr>\n<tr>\n<td>Dimens\u00f5es<\/td>\n<td>330 x 290 x 110 mm com gaiolas, 200 x 160 x 105 mm sem gaiolas<\/td>\n<\/tr>\n<tr>\n<td>Peso<\/td>\n<td>320 g com gaiolas, 249 g sem gaiolas<\/td>\n<\/tr>\n<tr>\n<td>Piloto autom\u00e1tico<\/td>\n<td>Firmware Pixhawk FMU v6, Ardupilot e PX4 suportado<\/td>\n<\/tr>\n<tr>\n<td>GCS<\/td>\n<td>SKYBRUSH, DroneShowSoftware (mais de 2.000 frotas de drones suportadas)<\/td>\n<\/tr>\n<tr>\n<td>Posicionamento<\/td>\n<td>ZED-F9P, GPS RTK multibanda de n\u00edvel cm<\/td>\n<\/tr>\n<tr>\n<td>LIDERADA<\/td>\n<td>L\u00e2mpada LED colorida de 15 W de alto brilho, 20 W no modo turbo<\/td>\n<\/tr>\n<tr>\n<td>tempo do voo<\/td>\n<td>28 min de voo pairado, 31 min de voo m\u00e1ximo (AMSL 0 m, sem vento)<\/td>\n<\/tr>\n<tr>\n<td>Bateria<\/td>\n<td>2400 (leve) ou 3850 (alta capacidade) mAh, 2S, bateria LiPo<\/td>\n<\/tr>\n<tr>\n<td>Telemetria<\/td>\n<td>Telemetria WiFi de 5 GHz (500 m+), r\u00e1dio Sik de 433\/915 MHz (1 km+)<\/td>\n<\/tr>\n<tr>\n<td>Resistibilidade do Vento<\/td>\n<td>&lt;8 m\/s (constante), &lt;12 m\/s (instant\u00e2neo)<\/td>\n<\/tr>\n<tr>\n<td>Impulso m\u00e1ximo<\/td>\n<td>550g<\/td>\n<\/tr>\n<tr>\n<td>Motor, ESC, h\u00e9lice<\/td>\n<td>Motor 1503\/3800 KV, 2S 20A ESC, h\u00e9lice de 5 polegadas<\/td>\n<\/tr>\n<tr>\n<td>Carregador<\/td>\n<td>Carregador de bateria LiPo inteligente de 12 canais<\/td>\n<\/tr>\n<tr>\n<td>Temperatura de trabalho.<\/td>\n<td>-20\u00b0C a 50\u00b0C (Nota: baixa temperatura reduzir\u00e1 o tempo de voo)<\/td>\n<\/tr>\n<tr>\n<td>Temperatura de carregamento.<\/td>\n<td>0\u00b0C a 40\u00b0C<\/td>\n<\/tr>\n<\/tbody>\n<\/table>\n<p>&nbsp;<\/p>","protected":false},"excerpt":{"rendered":"<p>Os mini drones Sidus M1 s\u00e3o <strong>compat\u00edvel com todos os softwares Drone Light Show<\/strong> no mercado. Provavelmente \u00e9 semelhante em design a outros drones usados em shows de luzes. Esses drones s\u00e3o normalmente muito pequenos, <strong>pesando menos de 250g<\/strong>, e possuem m\u00faltiplos rotores que lhes permitem mover-se rapidamente e mudar de dire\u00e7\u00e3o com precis\u00e3o. Eles tamb\u00e9m s\u00e3o equipados com luzes LED brilhantes que podem ser programadas para criar uma variedade de cores e padr\u00f5es.<\/p>","protected":false},"featured_media":17778,"comment_status":"open","ping_status":"closed","template":"","meta":[],"product_brand":[],"product_cat":[181],"product_tag":[383,814,815],"class_list":{"0":"post-17776","1":"product","2":"type-product","3":"status-publish","4":"has-post-thumbnail","6":"product_cat-dls-drones","7":"product_tag-drone-light-show","8":"product_tag-mini-drones","9":"product_tag-sidus-m1","11":"first","12":"onbackorder","13":"taxable","14":"shipping-taxable","15":"product-type-simple"},"yoast_head":"<!-- This site is optimized with the Yoast SEO plugin v27.1.1 - https:\/\/yoast.com\/product\/yoast-seo-wordpress\/ -->\n<title>Sidus M1 - Mini Show Drone - Ghostysky<\/title>\n<meta name=\"description\" content=\"Sidus M1 mini drones are compatible with all Drone Light Show software on the market. It is likely similar in design to other drones used in light shows. These drones are typically very small, weighing less than 250g, and have multiple rotors that allow them to move quickly and change direction precisely. They are also equipped with bright LED lights that can be programmed to create a variety of colors and patterns.\" \/>\n<meta name=\"robots\" content=\"index, follow, max-snippet:-1, max-image-preview:large, max-video-preview:-1\" \/>\n<link rel=\"canonical\" href=\"https:\/\/www.ghostysky.com\/pt\/produto-2\/sidusm1-mini-show-drone\/\" \/>\n<meta property=\"og:locale\" content=\"pt_PT\" \/>\n<meta property=\"og:type\" content=\"article\" \/>\n<meta property=\"og:title\" content=\"Sidus M1 - Mini Show Drone - Ghostysky\" \/>\n<meta property=\"og:description\" content=\"Sidus M1 mini drones are compatible with all Drone Light Show software on the market. It is likely similar in design to other drones used in light shows. These drones are typically very small, weighing less than 250g, and have multiple rotors that allow them to move quickly and change direction precisely. They are also equipped with bright LED lights that can be programmed to create a variety of colors and patterns.\" \/>\n<meta property=\"og:url\" content=\"https:\/\/www.ghostysky.com\/pt\/produto-2\/sidusm1-mini-show-drone\/\" \/>\n<meta property=\"og:site_name\" content=\"Ghostysky\" \/>\n<meta property=\"article:publisher\" content=\"https:\/\/www.facebook.com\/people\/Ghostysky\/100057676170234\/\" \/>\n<meta property=\"article:modified_time\" content=\"2024-03-26T18:19:42+00:00\" \/>\n<meta property=\"og:image\" content=\"https:\/\/www.ghostysky.com\/wp-content\/uploads\/2024\/03\/Entron_MiniDrone_New_1.jpg\" \/>\n\t<meta property=\"og:image:width\" content=\"1016\" \/>\n\t<meta property=\"og:image:height\" content=\"742\" \/>\n\t<meta property=\"og:image:type\" content=\"image\/jpeg\" \/>\n<meta name=\"twitter:card\" content=\"summary_large_image\" \/>\n<meta name=\"twitter:site\" content=\"@Gh0stysky\" \/>\n<meta name=\"twitter:label1\" content=\"Tempo estimado de leitura\" \/>\n\t<meta name=\"twitter:data1\" content=\"1 minuto\" \/>\n<script type=\"application\/ld+json\" class=\"yoast-schema-graph\">{\"@context\":\"https:\/\/schema.org\",\"@graph\":[{\"@type\":\"WebPage\",\"@id\":\"https:\/\/www.ghostysky.com\/product\/sidusm1-mini-show-drone\/\",\"url\":\"https:\/\/www.ghostysky.com\/product\/sidusm1-mini-show-drone\/\",\"name\":\"Sidus M1 - Mini Show Drone - Ghostysky\",\"isPartOf\":{\"@id\":\"https:\/\/www.ghostysky.com\/#website\"},\"primaryImageOfPage\":{\"@id\":\"https:\/\/www.ghostysky.com\/product\/sidusm1-mini-show-drone\/#primaryimage\"},\"image\":{\"@id\":\"https:\/\/www.ghostysky.com\/product\/sidusm1-mini-show-drone\/#primaryimage\"},\"thumbnailUrl\":\"https:\/\/www.ghostysky.com\/wp-content\/uploads\/2024\/03\/Entron_MiniDrone_New_1.jpg\",\"datePublished\":\"2024-03-20T18:17:43+00:00\",\"dateModified\":\"2024-03-26T18:19:42+00:00\",\"description\":\"Sidus M1 mini drones are compatible with all Drone Light Show software on the market. It is likely similar in design to other drones used in light shows. These drones are typically very small, weighing less than 250g, and have multiple rotors that allow them to move quickly and change direction precisely. They are also equipped with bright LED lights that can be programmed to create a variety of colors and patterns.\",\"breadcrumb\":{\"@id\":\"https:\/\/www.ghostysky.com\/product\/sidusm1-mini-show-drone\/#breadcrumb\"},\"inLanguage\":\"pt-PT\",\"potentialAction\":[{\"@type\":\"ReadAction\",\"target\":[\"https:\/\/www.ghostysky.com\/product\/sidusm1-mini-show-drone\/\"]}]},{\"@type\":\"ImageObject\",\"inLanguage\":\"pt-PT\",\"@id\":\"https:\/\/www.ghostysky.com\/product\/sidusm1-mini-show-drone\/#primaryimage\",\"url\":\"https:\/\/www.ghostysky.com\/wp-content\/uploads\/2024\/03\/Entron_MiniDrone_New_1.jpg\",\"contentUrl\":\"https:\/\/www.ghostysky.com\/wp-content\/uploads\/2024\/03\/Entron_MiniDrone_New_1.jpg\",\"width\":1016,\"height\":742},{\"@type\":\"BreadcrumbList\",\"@id\":\"https:\/\/www.ghostysky.com\/product\/sidusm1-mini-show-drone\/#breadcrumb\",\"itemListElement\":[{\"@type\":\"ListItem\",\"position\":1,\"name\":\"Home\",\"item\":\"https:\/\/www.ghostysky.com\/\"},{\"@type\":\"ListItem\",\"position\":2,\"name\":\"Shop\",\"item\":\"https:\/\/www.ghostysky.com\/shop\/\"},{\"@type\":\"ListItem\",\"position\":3,\"name\":\"Sidus M1 &#8211; Mini Show Drone\"}]},{\"@type\":\"WebSite\",\"@id\":\"https:\/\/www.ghostysky.com\/#website\",\"url\":\"https:\/\/www.ghostysky.com\/\",\"name\":\"Ghostysky\",\"description\":\"Delivering professional drones and services\",\"publisher\":{\"@id\":\"https:\/\/www.ghostysky.com\/#organization\"},\"potentialAction\":[{\"@type\":\"SearchAction\",\"target\":{\"@type\":\"EntryPoint\",\"urlTemplate\":\"https:\/\/www.ghostysky.com\/?s={search_term_string}\"},\"query-input\":{\"@type\":\"PropertyValueSpecification\",\"valueRequired\":true,\"valueName\":\"search_term_string\"}}],\"inLanguage\":\"pt-PT\"},{\"@type\":\"Organization\",\"@id\":\"https:\/\/www.ghostysky.com\/#organization\",\"name\":\"Ghostysky\",\"url\":\"https:\/\/www.ghostysky.com\/\",\"logo\":{\"@type\":\"ImageObject\",\"inLanguage\":\"pt-PT\",\"@id\":\"https:\/\/www.ghostysky.com\/#\/schema\/logo\/image\/\",\"url\":\"https:\/\/www.ghostysky.com\/wp-content\/uploads\/2020\/06\/cropped-ghostyskylogo_text_white2.png\",\"contentUrl\":\"https:\/\/www.ghostysky.com\/wp-content\/uploads\/2020\/06\/cropped-ghostyskylogo_text_white2.png\",\"width\":169,\"height\":56,\"caption\":\"Ghostysky\"},\"image\":{\"@id\":\"https:\/\/www.ghostysky.com\/#\/schema\/logo\/image\/\"},\"sameAs\":[\"https:\/\/www.facebook.com\/people\/Ghostysky\/100057676170234\/\",\"https:\/\/x.com\/Gh0stysky\",\"https:\/\/www.linkedin.com\/company\/34739653\",\"https:\/\/www.instagram.com\/gh0stysky\"]}]}<\/script>\n<!-- \/ Yoast SEO plugin. -->","yoast_head_json":{"title":"Sidus M1 - Mini Show Drone - Ghostysky","description":"Os mini drones Sidus M1 s\u00e3o compat\u00edveis com todos os softwares Drone Light Show do mercado. Provavelmente \u00e9 semelhante em design a outros drones usados em shows de luzes. Esses drones s\u00e3o normalmente muito pequenos, pesando menos de 250g, e possuem m\u00faltiplos rotores que lhes permitem mover-se rapidamente e mudar de dire\u00e7\u00e3o com precis\u00e3o. Eles tamb\u00e9m s\u00e3o equipados com luzes LED brilhantes que podem ser programadas para criar uma variedade de cores e padr\u00f5es.","robots":{"index":"index","follow":"follow","max-snippet":"max-snippet:-1","max-image-preview":"max-image-preview:large","max-video-preview":"max-video-preview:-1"},"canonical":"https:\/\/www.ghostysky.com\/pt\/produto-2\/sidusm1-mini-show-drone\/","og_locale":"pt_PT","og_type":"article","og_title":"Sidus M1 - Mini Show Drone - Ghostysky","og_description":"Sidus M1 mini drones are compatible with all Drone Light Show software on the market. It is likely similar in design to other drones used in light shows. These drones are typically very small, weighing less than 250g, and have multiple rotors that allow them to move quickly and change direction precisely. They are also equipped with bright LED lights that can be programmed to create a variety of colors and patterns.","og_url":"https:\/\/www.ghostysky.com\/pt\/produto-2\/sidusm1-mini-show-drone\/","og_site_name":"Ghostysky","article_publisher":"https:\/\/www.facebook.com\/people\/Ghostysky\/100057676170234\/","article_modified_time":"2024-03-26T18:19:42+00:00","og_image":[{"width":1016,"height":742,"url":"https:\/\/www.ghostysky.com\/wp-content\/uploads\/2024\/03\/Entron_MiniDrone_New_1.jpg","type":"image\/jpeg"}],"twitter_card":"summary_large_image","twitter_site":"@Gh0stysky","twitter_misc":{"Tempo estimado de leitura":"1 minuto"},"schema":{"@context":"https:\/\/schema.org","@graph":[{"@type":"WebPage","@id":"https:\/\/www.ghostysky.com\/product\/sidusm1-mini-show-drone\/","url":"https:\/\/www.ghostysky.com\/product\/sidusm1-mini-show-drone\/","name":"Sidus M1 - Mini Show Drone - Ghostysky","isPartOf":{"@id":"https:\/\/www.ghostysky.com\/#website"},"primaryImageOfPage":{"@id":"https:\/\/www.ghostysky.com\/product\/sidusm1-mini-show-drone\/#primaryimage"},"image":{"@id":"https:\/\/www.ghostysky.com\/product\/sidusm1-mini-show-drone\/#primaryimage"},"thumbnailUrl":"https:\/\/www.ghostysky.com\/wp-content\/uploads\/2024\/03\/Entron_MiniDrone_New_1.jpg","datePublished":"2024-03-20T18:17:43+00:00","dateModified":"2024-03-26T18:19:42+00:00","description":"Os mini drones Sidus M1 s\u00e3o compat\u00edveis com todos os softwares Drone Light Show do mercado. Provavelmente \u00e9 semelhante em design a outros drones usados em shows de luzes. Esses drones s\u00e3o normalmente muito pequenos, pesando menos de 250g, e possuem m\u00faltiplos rotores que lhes permitem mover-se rapidamente e mudar de dire\u00e7\u00e3o com precis\u00e3o. Eles tamb\u00e9m s\u00e3o equipados com luzes LED brilhantes que podem ser programadas para criar uma variedade de cores e padr\u00f5es.","breadcrumb":{"@id":"https:\/\/www.ghostysky.com\/product\/sidusm1-mini-show-drone\/#breadcrumb"},"inLanguage":"pt-PT","potentialAction":[{"@type":"ReadAction","target":["https:\/\/www.ghostysky.com\/product\/sidusm1-mini-show-drone\/"]}]},{"@type":"ImageObject","inLanguage":"pt-PT","@id":"https:\/\/www.ghostysky.com\/product\/sidusm1-mini-show-drone\/#primaryimage","url":"https:\/\/www.ghostysky.com\/wp-content\/uploads\/2024\/03\/Entron_MiniDrone_New_1.jpg","contentUrl":"https:\/\/www.ghostysky.com\/wp-content\/uploads\/2024\/03\/Entron_MiniDrone_New_1.jpg","width":1016,"height":742},{"@type":"BreadcrumbList","@id":"https:\/\/www.ghostysky.com\/product\/sidusm1-mini-show-drone\/#breadcrumb","itemListElement":[{"@type":"ListItem","position":1,"name":"Home","item":"https:\/\/www.ghostysky.com\/"},{"@type":"ListItem","position":2,"name":"Shop","item":"https:\/\/www.ghostysky.com\/shop\/"},{"@type":"ListItem","position":3,"name":"Sidus M1 &#8211; Mini Show Drone"}]},{"@type":"WebSite","@id":"https:\/\/www.ghostysky.com\/#website","url":"https:\/\/www.ghostysky.com\/","name":"Ghostysky","description":"Fornecendo drones e servi\u00e7os profissionais","publisher":{"@id":"https:\/\/www.ghostysky.com\/#organization"},"potentialAction":[{"@type":"SearchAction","target":{"@type":"EntryPoint","urlTemplate":"https:\/\/www.ghostysky.com\/?s={search_term_string}"},"query-input":{"@type":"PropertyValueSpecification","valueRequired":true,"valueName":"search_term_string"}}],"inLanguage":"pt-PT"},{"@type":"Organization","@id":"https:\/\/www.ghostysky.com\/#organization","name":"Ghostysky","url":"https:\/\/www.ghostysky.com\/","logo":{"@type":"ImageObject","inLanguage":"pt-PT","@id":"https:\/\/www.ghostysky.com\/#\/schema\/logo\/image\/","url":"https:\/\/www.ghostysky.com\/wp-content\/uploads\/2020\/06\/cropped-ghostyskylogo_text_white2.png","contentUrl":"https:\/\/www.ghostysky.com\/wp-content\/uploads\/2020\/06\/cropped-ghostyskylogo_text_white2.png","width":169,"height":56,"caption":"Ghostysky"},"image":{"@id":"https:\/\/www.ghostysky.com\/#\/schema\/logo\/image\/"},"sameAs":["https:\/\/www.facebook.com\/people\/Ghostysky\/100057676170234\/","https:\/\/x.com\/Gh0stysky","https:\/\/www.linkedin.com\/company\/34739653","https:\/\/www.instagram.com\/gh0stysky"]}]}},"_links":{"self":[{"href":"https:\/\/www.ghostysky.com\/pt\/wp-json\/wp\/v2\/product\/17776","targetHints":{"allow":["GET"]}}],"collection":[{"href":"https:\/\/www.ghostysky.com\/pt\/wp-json\/wp\/v2\/product"}],"about":[{"href":"https:\/\/www.ghostysky.com\/pt\/wp-json\/wp\/v2\/types\/product"}],"replies":[{"embeddable":true,"href":"https:\/\/www.ghostysky.com\/pt\/wp-json\/wp\/v2\/comments?post=17776"}],"wp:featuredmedia":[{"embeddable":true,"href":"https:\/\/www.ghostysky.com\/pt\/wp-json\/wp\/v2\/media\/17778"}],"wp:attachment":[{"href":"https:\/\/www.ghostysky.com\/pt\/wp-json\/wp\/v2\/media?parent=17776"}],"wp:term":[{"taxonomy":"product_brand","embeddable":true,"href":"https:\/\/www.ghostysky.com\/pt\/wp-json\/wp\/v2\/product_brand?post=17776"},{"taxonomy":"product_cat","embeddable":true,"href":"https:\/\/www.ghostysky.com\/pt\/wp-json\/wp\/v2\/product_cat?post=17776"},{"taxonomy":"product_tag","embeddable":true,"href":"https:\/\/www.ghostysky.com\/pt\/wp-json\/wp\/v2\/product_tag?post=17776"}],"curies":[{"name":"wp","href":"https:\/\/api.w.org\/{rel}","templated":true}]}}