{"id":17830,"date":"2024-03-27T18:46:28","date_gmt":"2024-03-27T18:46:28","guid":{"rendered":"https:\/\/www.ghostysky.com\/?post_type=product&#038;p=17830"},"modified":"2024-09-13T20:56:14","modified_gmt":"2024-09-13T20:56:14","slug":"dji-dock-2","status":"publish","type":"product","link":"https:\/\/www.ghostysky.com\/pt\/product\/dji-dock-2\/","title":{"rendered":"DJI Dock 2"},"content":{"rendered":"<h3>Recursos<\/h3>\n<ul data-sourcepos=\"3:1-12:0\">\n<li data-sourcepos=\"3:1-4:0\">\n<p data-sourcepos=\"3:3-3:246\"><strong>Compacto e port\u00e1til:<\/strong> O Dock 2 \u00e9 consideravelmente menor e mais leve (75% e 68% respectivamente) que seu antecessor. Isto facilita o transporte e a implanta\u00e7\u00e3o em locais remotos ou de dif\u00edcil acesso, exigindo apenas duas pessoas para configura\u00e7\u00e3o.<\/p>\n<\/li>\n<li data-sourcepos=\"5:1-6:0\">\n<p data-sourcepos=\"5:3-5:239\"><strong>Opera\u00e7\u00f5es r\u00e1pidas e eficientes:<\/strong> O Dock 2 pode lan\u00e7ar um drone e deix\u00e1-lo pronto para uma miss\u00e3o em 45 segundos. Ele tamb\u00e9m possui um sistema integrado de verifica\u00e7\u00e3o pr\u00e9-voo que inspeciona as h\u00e9lices do drone antes da decolagem, garantindo a seguran\u00e7a.<\/p>\n<\/li>\n<li data-sourcepos=\"7:1-8:0\">\n<p data-sourcepos=\"7:3-7:236\"><strong>Miss\u00f5es Automatizadas:<\/strong> O Dock 2 integra-se perfeitamente ao software FlightHub 2 da DJI, permitindo agendar e gerenciar miss\u00f5es automatizadas de drones remotamente. Isso proporciona maior efici\u00eancia e controle sobre as opera\u00e7\u00f5es do drone.<\/p>\n<\/li>\n<li data-sourcepos=\"9:1-10:0\">\n<p data-sourcepos=\"9:3-9:187\"><strong>Capaz para todos os climas:<\/strong> Com uma classifica\u00e7\u00e3o de prote\u00e7\u00e3o contra entrada IP55, o Dock 2 pode suportar ambientes empoeirados e \u00famidos. Ele tamb\u00e9m possui uma ampla faixa de temperatura operacional de -25\u00b0C a 45\u00b0C.<\/p>\n<\/li>\n<li data-sourcepos=\"11:1-12:0\">\n<p data-sourcepos=\"11:3-11:155\"><strong>Poder duradouro:<\/strong> O Dock 2 vem com uma bateria reserva integrada que pode fornecer at\u00e9 5 horas de energia em caso de queda da fonte de alimenta\u00e7\u00e3o prim\u00e1ria.<\/p>\n<\/li>\n<\/ul>\n<p data-sourcepos=\"13:1-13:179\">No geral, o DJI Dock 2 \u00e9 uma ferramenta poderosa para empresas que buscam aprimorar suas opera\u00e7\u00f5es de drones com recursos como miss\u00f5es automatizadas, portabilidade e implanta\u00e7\u00e3o eficiente.<\/p>\n<h3 class=\"style__group-list-title___2d0MQ\">Especifica\u00e7\u00f5es Gerais<\/h3>\n<ul class=\"style__detailed-parameter-list___27yjW\">\n<li class=\"style__detailed-parameter-key___2hjK-\">\n<h4>Nome do Produto<\/h4>\n<ul class=\"style__detailed-parameter-list___27yjW\">\n<li class=\"style__detailed-parameter___T9ojl\">\n<div class=\"\">DJI Dock 2<\/div>\n<\/li>\n<\/ul>\n<\/li>\n<\/ul>\n<ul class=\"style__detailed-parameter-list___27yjW\">\n<li class=\"style__detailed-parameter-key___2hjK-\">\n<h4>Peso total<\/h4>\n<ul class=\"style__detailed-parameter-list___27yjW\">\n<li class=\"style__detailed-parameter___T9ojl\">\n<div class=\"\">\n<p>34 kg (sem aeronave)<\/p>\n<p><sup>O peso real do produto pode variar devido a diferen\u00e7as nos materiais do lote e fatores externos.<\/sup><\/p>\n<\/div>\n<\/li>\n<\/ul>\n<\/li>\n<\/ul>\n<ul class=\"style__detailed-parameter-list___27yjW\">\n<li class=\"style__detailed-parameter-key___2hjK-\">\n<h4>Dimens\u00f5es<\/h4>\n<ul class=\"style__detailed-parameter-list___27yjW\">\n<li class=\"style__detailed-parameter___T9ojl\">\n<div class=\"\">Tampa da doca aberta: 1228\u00d7583\u00d7412 mm (C\u00d7L\u00d7A)<br \/>\nTampa da doca fechada: 570\u00d7583\u00d7465 mm (C\u00d7L\u00d7A)<sup>Os dados acima n\u00e3o incluem a altura do medidor de velocidade do vento (145 mm), mas incluem a altura dos suportes da base de montagem (55 mm).<\/sup><\/p>\n<\/div>\n<\/li>\n<\/ul>\n<\/li>\n<\/ul>\n<ul class=\"style__detailed-parameter-list___27yjW\">\n<li class=\"style__detailed-parameter-key___2hjK-\">\n<h4>Tens\u00e3o de entrada<\/h4>\n<ul class=\"style__detailed-parameter-list___27yjW\">\n<li class=\"style__detailed-parameter___T9ojl\">\n<div class=\"\">100-240 V (CA), 50\/60 Hz<\/div>\n<\/li>\n<\/ul>\n<\/li>\n<\/ul>\n<ul class=\"style__detailed-parameter-list___27yjW\">\n<li class=\"style__detailed-parameter-key___2hjK-\">\n<h4>Pot\u00eancia de entrada<\/h4>\n<ul class=\"style__detailed-parameter-list___27yjW\">\n<li class=\"style__detailed-parameter___T9ojl\">\n<div class=\"\">M\u00e1x. 1000W<\/div>\n<\/li>\n<\/ul>\n<\/li>\n<\/ul>\n<ul class=\"style__detailed-parameter-list___27yjW\">\n<li class=\"style__detailed-parameter-key___2hjK-\">\n<h4>Temperatura de opera\u00e7\u00e3o<\/h4>\n<ul class=\"style__detailed-parameter-list___27yjW\">\n<li class=\"style__detailed-parameter___T9ojl\">\n<div class=\"\">\n<p>-25\u00b0 a 45\u00b0 C (-13\u00b0 a 113\u00b0 F)<\/p>\n<p><sup>Quando a temperatura ambiente est\u00e1 abaixo de -20\u00b0 C (-4\u00b0 F), a doca fica em estado de espera e a aeronave n\u00e3o pode realizar tarefas de voo.<\/sup><\/p>\n<\/div>\n<\/li>\n<\/ul>\n<\/li>\n<\/ul>\n<ul class=\"style__detailed-parameter-list___27yjW\">\n<li class=\"style__detailed-parameter-key___2hjK-\">\n<h4>Classifica\u00e7\u00e3o de prote\u00e7\u00e3o de entrada<\/h4>\n<ul class=\"style__detailed-parameter-list___27yjW\">\n<li class=\"style__detailed-parameter___T9ojl\">\n<div class=\"\">IP55<\/div>\n<\/li>\n<\/ul>\n<\/li>\n<\/ul>\n<ul class=\"style__detailed-parameter-list___27yjW\">\n<li class=\"style__detailed-parameter-key___2hjK-\">\n<h4>N\u00famero de Drones Acomodados<\/h4>\n<ul class=\"style__detailed-parameter-list___27yjW\">\n<li class=\"style__detailed-parameter___T9ojl\">\n<div class=\"\">1<\/div>\n<\/li>\n<\/ul>\n<\/li>\n<\/ul>\n<ul class=\"style__detailed-parameter-list___27yjW\">\n<li class=\"style__detailed-parameter-key___2hjK-\">\n<h4>Velocidade m\u00e1xima permitida do vento de pouso<\/h4>\n<ul class=\"style__detailed-parameter-list___27yjW\">\n<li class=\"style__detailed-parameter___T9ojl\">\n<div class=\"\">8 m\/s<\/div>\n<\/li>\n<\/ul>\n<\/li>\n<\/ul>\n<ul class=\"style__detailed-parameter-list___27yjW\">\n<li class=\"style__detailed-parameter-key___2hjK-\">\n<h4>Altitude operacional m\u00e1xima<\/h4>\n<ul class=\"style__detailed-parameter-list___27yjW\">\n<li class=\"style__detailed-parameter___T9ojl\">\n<div class=\"\">4.000 metros<\/div>\n<\/li>\n<\/ul>\n<\/li>\n<\/ul>\n<ul class=\"style__detailed-parameter-list___27yjW\">\n<li class=\"style__detailed-parameter-key___2hjK-\">\n<h4>Frequ\u00eancia de recep\u00e7\u00e3o do sat\u00e9lite da esta\u00e7\u00e3o base RTK<\/h4>\n<ul class=\"style__detailed-parameter-list___27yjW\">\n<li class=\"style__detailed-parameter___T9ojl\">\n<div class=\"\">Receba simultaneamente:<br \/>\nGPS: L1 C\/A, L2<br \/>\nBeiDou2: B1l, B2l, B3l<br \/>\nBei Dou3: B1l, B3l<br \/>\nGLONASS: L1, L2<br \/>\nGalileu: E1, E5B<\/div>\n<\/li>\n<\/ul>\n<\/li>\n<\/ul>\n<ul class=\"style__detailed-parameter-list___27yjW\">\n<li class=\"style__detailed-parameter-key___2hjK-\">\n<h4>Precis\u00e3o de posicionamento da esta\u00e7\u00e3o base RTK<\/h4>\n<ul class=\"style__detailed-parameter-list___27yjW\">\n<li class=\"style__detailed-parameter___T9ojl\">\n<div class=\"\">Horizontal: 1 cm + 1 ppm (RMS)<br \/>\nVertical: 2 cm + 1 ppm (RMS)<\/div>\n<\/li>\n<\/ul>\n<\/li>\n<\/ul>","protected":false},"excerpt":{"rendered":"<p>O DJI Dock 2 \u00e9 um avan\u00e7o significativo nas opera\u00e7\u00f5es aut\u00f4nomas de drones, projetado especificamente para os drones das s\u00e9ries Matrice 3D e 3DT. Ele funciona como uma unidade drone-in-a-box, fornecendo uma plataforma de pouso e uma esta\u00e7\u00e3o de carregamento para os drones Matrice.<\/p>","protected":false},"featured_media":17836,"comment_status":"open","ping_status":"closed","template":"","meta":[],"product_brand":[],"product_cat":[37,816,29,848],"product_tag":[42,817,818,819],"class_list":{"0":"post-17830","1":"product","2":"type-product","3":"status-publish","4":"has-post-thumbnail","6":"product_cat-dji","7":"product_cat-dock-2","8":"product_cat-drones","9":"product_cat-drones-dock2","10":"product_tag-dji","11":"product_tag-dock-2","12":"product_tag-matrice-3d","13":"product_tag-matrice-3dt","15":"first","16":"onbackorder","17":"taxable","18":"shipping-taxable","19":"purchasable","20":"product-type-simple"},"yoast_head":"<!-- This site is optimized with the Yoast SEO plugin v27.4 - https:\/\/yoast.com\/product\/yoast-seo-wordpress\/ -->\n<title>DJI Dock 2 - Ghostysky<\/title>\n<meta name=\"description\" content=\"The DJI Dock 2 is a significant advancement in autonomous drone operations, designed specifically for the Matrice 3D and 3DT series drones. It functions as a drone-in-a-box unit, providing a landing pad and charging station for the Matrice drones.\" \/>\n<meta name=\"robots\" content=\"index, follow, max-snippet:-1, max-image-preview:large, max-video-preview:-1\" \/>\n<link rel=\"canonical\" href=\"https:\/\/www.ghostysky.com\/pt\/produto-2\/dji-dock-2\/\" \/>\n<meta property=\"og:locale\" content=\"pt_PT\" \/>\n<meta property=\"og:type\" content=\"article\" \/>\n<meta property=\"og:title\" content=\"DJI Dock 2 - Ghostysky\" \/>\n<meta property=\"og:description\" content=\"The DJI Dock 2 is a significant advancement in autonomous drone operations, designed specifically for the Matrice 3D and 3DT series drones. It functions as a drone-in-a-box unit, providing a landing pad and charging station for the Matrice drones.\" \/>\n<meta property=\"og:url\" content=\"https:\/\/www.ghostysky.com\/pt\/produto-2\/dji-dock-2\/\" \/>\n<meta property=\"og:site_name\" content=\"Ghostysky\" \/>\n<meta property=\"article:publisher\" content=\"https:\/\/www.facebook.com\/people\/Ghostysky\/100057676170234\/\" \/>\n<meta property=\"article:modified_time\" content=\"2024-09-13T20:56:14+00:00\" \/>\n<meta property=\"og:image\" content=\"https:\/\/www.ghostysky.com\/wp-content\/uploads\/2024\/03\/GH_Dock2_1.jpg\" \/>\n\t<meta property=\"og:image:width\" content=\"800\" \/>\n\t<meta property=\"og:image:height\" content=\"800\" \/>\n\t<meta property=\"og:image:type\" content=\"image\/jpeg\" \/>\n<meta name=\"twitter:card\" content=\"summary_large_image\" \/>\n<meta name=\"twitter:site\" content=\"@Gh0stysky\" \/>\n<meta name=\"twitter:label1\" content=\"Tempo estimado de leitura\" \/>\n\t<meta name=\"twitter:data1\" content=\"2 minutos\" \/>\n<script type=\"application\/ld+json\" class=\"yoast-schema-graph\">{\"@context\":\"https:\\\/\\\/schema.org\",\"@graph\":[{\"@type\":\"WebPage\",\"@id\":\"https:\\\/\\\/www.ghostysky.com\\\/product\\\/dji-dock-2\\\/\",\"url\":\"https:\\\/\\\/www.ghostysky.com\\\/product\\\/dji-dock-2\\\/\",\"name\":\"DJI Dock 2 - Ghostysky\",\"isPartOf\":{\"@id\":\"https:\\\/\\\/www.ghostysky.com\\\/#website\"},\"primaryImageOfPage\":{\"@id\":\"https:\\\/\\\/www.ghostysky.com\\\/product\\\/dji-dock-2\\\/#primaryimage\"},\"image\":{\"@id\":\"https:\\\/\\\/www.ghostysky.com\\\/product\\\/dji-dock-2\\\/#primaryimage\"},\"thumbnailUrl\":\"https:\\\/\\\/www.ghostysky.com\\\/wp-content\\\/uploads\\\/2024\\\/03\\\/GH_Dock2_1.jpg\",\"datePublished\":\"2024-03-27T18:46:28+00:00\",\"dateModified\":\"2024-09-13T20:56:14+00:00\",\"description\":\"The DJI Dock 2 is a significant advancement in autonomous drone operations, designed specifically for the Matrice 3D and 3DT series drones. It functions as a drone-in-a-box unit, providing a landing pad and charging station for the Matrice drones.\",\"breadcrumb\":{\"@id\":\"https:\\\/\\\/www.ghostysky.com\\\/product\\\/dji-dock-2\\\/#breadcrumb\"},\"inLanguage\":\"pt-PT\",\"potentialAction\":[{\"@type\":\"ReadAction\",\"target\":[\"https:\\\/\\\/www.ghostysky.com\\\/product\\\/dji-dock-2\\\/\"]}]},{\"@type\":\"ImageObject\",\"inLanguage\":\"pt-PT\",\"@id\":\"https:\\\/\\\/www.ghostysky.com\\\/product\\\/dji-dock-2\\\/#primaryimage\",\"url\":\"https:\\\/\\\/www.ghostysky.com\\\/wp-content\\\/uploads\\\/2024\\\/03\\\/GH_Dock2_1.jpg\",\"contentUrl\":\"https:\\\/\\\/www.ghostysky.com\\\/wp-content\\\/uploads\\\/2024\\\/03\\\/GH_Dock2_1.jpg\",\"width\":800,\"height\":800},{\"@type\":\"BreadcrumbList\",\"@id\":\"https:\\\/\\\/www.ghostysky.com\\\/product\\\/dji-dock-2\\\/#breadcrumb\",\"itemListElement\":[{\"@type\":\"ListItem\",\"position\":1,\"name\":\"Home\",\"item\":\"https:\\\/\\\/www.ghostysky.com\\\/\"},{\"@type\":\"ListItem\",\"position\":2,\"name\":\"Shop\",\"item\":\"https:\\\/\\\/www.ghostysky.com\\\/shop\\\/\"},{\"@type\":\"ListItem\",\"position\":3,\"name\":\"DJI Dock 2\"}]},{\"@type\":\"WebSite\",\"@id\":\"https:\\\/\\\/www.ghostysky.com\\\/#website\",\"url\":\"https:\\\/\\\/www.ghostysky.com\\\/\",\"name\":\"Ghostysky\",\"description\":\"Delivering professional drones and services\",\"publisher\":{\"@id\":\"https:\\\/\\\/www.ghostysky.com\\\/#organization\"},\"potentialAction\":[{\"@type\":\"SearchAction\",\"target\":{\"@type\":\"EntryPoint\",\"urlTemplate\":\"https:\\\/\\\/www.ghostysky.com\\\/?s={search_term_string}\"},\"query-input\":{\"@type\":\"PropertyValueSpecification\",\"valueRequired\":true,\"valueName\":\"search_term_string\"}}],\"inLanguage\":\"pt-PT\"},{\"@type\":\"Organization\",\"@id\":\"https:\\\/\\\/www.ghostysky.com\\\/#organization\",\"name\":\"Ghostysky\",\"url\":\"https:\\\/\\\/www.ghostysky.com\\\/\",\"logo\":{\"@type\":\"ImageObject\",\"inLanguage\":\"pt-PT\",\"@id\":\"https:\\\/\\\/www.ghostysky.com\\\/#\\\/schema\\\/logo\\\/image\\\/\",\"url\":\"https:\\\/\\\/www.ghostysky.com\\\/wp-content\\\/uploads\\\/2020\\\/06\\\/cropped-ghostyskylogo_text_white2.png\",\"contentUrl\":\"https:\\\/\\\/www.ghostysky.com\\\/wp-content\\\/uploads\\\/2020\\\/06\\\/cropped-ghostyskylogo_text_white2.png\",\"width\":169,\"height\":56,\"caption\":\"Ghostysky\"},\"image\":{\"@id\":\"https:\\\/\\\/www.ghostysky.com\\\/#\\\/schema\\\/logo\\\/image\\\/\"},\"sameAs\":[\"https:\\\/\\\/www.facebook.com\\\/people\\\/Ghostysky\\\/100057676170234\\\/\",\"https:\\\/\\\/x.com\\\/Gh0stysky\",\"https:\\\/\\\/www.linkedin.com\\\/company\\\/34739653\",\"https:\\\/\\\/www.instagram.com\\\/gh0stysky\"]}]}<\/script>\n<!-- \/ Yoast SEO plugin. -->","yoast_head_json":{"title":"DJI Dock 2 - Ghostysky","description":"O DJI Dock 2 \u00e9 um avan\u00e7o significativo nas opera\u00e7\u00f5es aut\u00f4nomas de drones, projetado especificamente para os drones das s\u00e9ries Matrice 3D e 3DT. Ele funciona como uma unidade drone-in-a-box, fornecendo uma plataforma de pouso e uma esta\u00e7\u00e3o de carregamento para os drones Matrice.","robots":{"index":"index","follow":"follow","max-snippet":"max-snippet:-1","max-image-preview":"max-image-preview:large","max-video-preview":"max-video-preview:-1"},"canonical":"https:\/\/www.ghostysky.com\/pt\/produto-2\/dji-dock-2\/","og_locale":"pt_PT","og_type":"article","og_title":"DJI Dock 2 - Ghostysky","og_description":"The DJI Dock 2 is a significant advancement in autonomous drone operations, designed specifically for the Matrice 3D and 3DT series drones. It functions as a drone-in-a-box unit, providing a landing pad and charging station for the Matrice drones.","og_url":"https:\/\/www.ghostysky.com\/pt\/produto-2\/dji-dock-2\/","og_site_name":"Ghostysky","article_publisher":"https:\/\/www.facebook.com\/people\/Ghostysky\/100057676170234\/","article_modified_time":"2024-09-13T20:56:14+00:00","og_image":[{"width":800,"height":800,"url":"https:\/\/www.ghostysky.com\/wp-content\/uploads\/2024\/03\/GH_Dock2_1.jpg","type":"image\/jpeg"}],"twitter_card":"summary_large_image","twitter_site":"@Gh0stysky","twitter_misc":{"Tempo estimado de leitura":"2 minutos"},"schema":{"@context":"https:\/\/schema.org","@graph":[{"@type":"WebPage","@id":"https:\/\/www.ghostysky.com\/product\/dji-dock-2\/","url":"https:\/\/www.ghostysky.com\/product\/dji-dock-2\/","name":"DJI Dock 2 - Ghostysky","isPartOf":{"@id":"https:\/\/www.ghostysky.com\/#website"},"primaryImageOfPage":{"@id":"https:\/\/www.ghostysky.com\/product\/dji-dock-2\/#primaryimage"},"image":{"@id":"https:\/\/www.ghostysky.com\/product\/dji-dock-2\/#primaryimage"},"thumbnailUrl":"https:\/\/www.ghostysky.com\/wp-content\/uploads\/2024\/03\/GH_Dock2_1.jpg","datePublished":"2024-03-27T18:46:28+00:00","dateModified":"2024-09-13T20:56:14+00:00","description":"O DJI Dock 2 \u00e9 um avan\u00e7o significativo nas opera\u00e7\u00f5es aut\u00f4nomas de drones, projetado especificamente para os drones das s\u00e9ries Matrice 3D e 3DT. Ele funciona como uma unidade drone-in-a-box, fornecendo uma plataforma de pouso e uma esta\u00e7\u00e3o de carregamento para os drones Matrice.","breadcrumb":{"@id":"https:\/\/www.ghostysky.com\/product\/dji-dock-2\/#breadcrumb"},"inLanguage":"pt-PT","potentialAction":[{"@type":"ReadAction","target":["https:\/\/www.ghostysky.com\/product\/dji-dock-2\/"]}]},{"@type":"ImageObject","inLanguage":"pt-PT","@id":"https:\/\/www.ghostysky.com\/product\/dji-dock-2\/#primaryimage","url":"https:\/\/www.ghostysky.com\/wp-content\/uploads\/2024\/03\/GH_Dock2_1.jpg","contentUrl":"https:\/\/www.ghostysky.com\/wp-content\/uploads\/2024\/03\/GH_Dock2_1.jpg","width":800,"height":800},{"@type":"BreadcrumbList","@id":"https:\/\/www.ghostysky.com\/product\/dji-dock-2\/#breadcrumb","itemListElement":[{"@type":"ListItem","position":1,"name":"Home","item":"https:\/\/www.ghostysky.com\/"},{"@type":"ListItem","position":2,"name":"Shop","item":"https:\/\/www.ghostysky.com\/shop\/"},{"@type":"ListItem","position":3,"name":"DJI Dock 2"}]},{"@type":"WebSite","@id":"https:\/\/www.ghostysky.com\/#website","url":"https:\/\/www.ghostysky.com\/","name":"Ghostysky","description":"Fornecendo drones e servi\u00e7os profissionais","publisher":{"@id":"https:\/\/www.ghostysky.com\/#organization"},"potentialAction":[{"@type":"SearchAction","target":{"@type":"EntryPoint","urlTemplate":"https:\/\/www.ghostysky.com\/?s={search_term_string}"},"query-input":{"@type":"PropertyValueSpecification","valueRequired":true,"valueName":"search_term_string"}}],"inLanguage":"pt-PT"},{"@type":"Organization","@id":"https:\/\/www.ghostysky.com\/#organization","name":"Ghostysky","url":"https:\/\/www.ghostysky.com\/","logo":{"@type":"ImageObject","inLanguage":"pt-PT","@id":"https:\/\/www.ghostysky.com\/#\/schema\/logo\/image\/","url":"https:\/\/www.ghostysky.com\/wp-content\/uploads\/2020\/06\/cropped-ghostyskylogo_text_white2.png","contentUrl":"https:\/\/www.ghostysky.com\/wp-content\/uploads\/2020\/06\/cropped-ghostyskylogo_text_white2.png","width":169,"height":56,"caption":"Ghostysky"},"image":{"@id":"https:\/\/www.ghostysky.com\/#\/schema\/logo\/image\/"},"sameAs":["https:\/\/www.facebook.com\/people\/Ghostysky\/100057676170234\/","https:\/\/x.com\/Gh0stysky","https:\/\/www.linkedin.com\/company\/34739653","https:\/\/www.instagram.com\/gh0stysky"]}]}},"_links":{"self":[{"href":"https:\/\/www.ghostysky.com\/pt\/wp-json\/wp\/v2\/product\/17830","targetHints":{"allow":["GET"]}}],"collection":[{"href":"https:\/\/www.ghostysky.com\/pt\/wp-json\/wp\/v2\/product"}],"about":[{"href":"https:\/\/www.ghostysky.com\/pt\/wp-json\/wp\/v2\/types\/product"}],"replies":[{"embeddable":true,"href":"https:\/\/www.ghostysky.com\/pt\/wp-json\/wp\/v2\/comments?post=17830"}],"version-history":[{"count":0,"href":"https:\/\/www.ghostysky.com\/pt\/wp-json\/wp\/v2\/product\/17830\/revisions"}],"wp:featuredmedia":[{"embeddable":true,"href":"https:\/\/www.ghostysky.com\/pt\/wp-json\/wp\/v2\/media\/17836"}],"wp:attachment":[{"href":"https:\/\/www.ghostysky.com\/pt\/wp-json\/wp\/v2\/media?parent=17830"}],"wp:term":[{"taxonomy":"product_brand","embeddable":true,"href":"https:\/\/www.ghostysky.com\/pt\/wp-json\/wp\/v2\/product_brand?post=17830"},{"taxonomy":"product_cat","embeddable":true,"href":"https:\/\/www.ghostysky.com\/pt\/wp-json\/wp\/v2\/product_cat?post=17830"},{"taxonomy":"product_tag","embeddable":true,"href":"https:\/\/www.ghostysky.com\/pt\/wp-json\/wp\/v2\/product_tag?post=17830"}],"curies":[{"name":"wp","href":"https:\/\/api.w.org\/{rel}","templated":true}]}}