{"id":18391,"date":"2024-04-18T16:15:43","date_gmt":"2024-04-18T16:15:43","guid":{"rendered":"https:\/\/www.ghostysky.com\/?post_type=product&#038;p=18391"},"modified":"2024-10-24T18:44:05","modified_gmt":"2024-10-24T18:44:05","slug":"dji-matrice-3td","status":"publish","type":"product","link":"https:\/\/www.ghostysky.com\/pt\/product\/dji-matrice-3td\/","title":{"rendered":"DJI Matrice 3TD"},"content":{"rendered":"<ul data-sourcepos=\"5:1-19:0\">\n<li data-sourcepos=\"5:1-9:0\">\n<h3 class=\"style__headline___1ripS style__headline-text___1tW5r\" data-aos=\"none\" data-aos-once=\"true\">C\u00e2mera grande angular<\/h3>\n<ul data-sourcepos=\"5:1-19:0\">\n<li data-sourcepos=\"5:1-9:0\">CMOS de 1\/1,32 polegadas<\/li>\n<li data-sourcepos=\"5:1-9:0\">Equivalente em formato de 24 mm<\/li>\n<li data-sourcepos=\"5:1-9:0\">Pixels efetivos de 48 MP<\/li>\n<\/ul>\n<\/li>\n<\/ul>\n<div id=\"54100\" class=\"section-content\" data-hydration-on-demand=\"true\" data-ga-category=\"enterprise\/dock-2_54100\" data-component=\"333c7089\" data-gtm-vis-first-on-screen6907517_879=\"18612\" data-gtm-vis-total-visible-time6907517_879=\"100\" data-gtm-vis-has-fired6907517_879=\"1\">\n<div class=\"atom-component\" tabindex=\"0\" role=\"button\">\n<div class=\"atom-design-v1 style__hero-vertical-component___2JEHR\">\n<div id=\"\" class=\"style__hero-vertical-wrapper___2mUEj\">\n<div class=\"style__vertical-card-list___LceQJ style__vertical-top-align___3JPlu\" data-aos=\"none\" data-aos-once=\"true\">\n<div class=\"style__vertical-card-col___3agtC\">\n<div class=\"atom-design-v1 style__hero-vertical-card___2B64y\">\n<div class=\"style__card-wrapper___3yqfZ style__vertical-top-align___3w7Dp style__horizontal-left-align___3tk_z\" tabindex=\"0\" role=\"button\" data-ga-label=\"\">\n<div class=\"style__card-container___KPQkl style__size-l___2n_6X\">\n<div class=\"style__text-content-container___1aLKY\">\n<ul>\n<li class=\"style__headline___1ripS style__headline-text___1tW5r\" data-aos=\"none\" data-aos-once=\"true\">\n<h3>Telec\u00e2mera<\/h3>\n<ul>\n<li class=\"style__headline___1ripS style__headline-text___1tW5r\" data-aos=\"none\" data-aos-once=\"true\">CMOS de 1\/2 polegada<\/li>\n<li class=\"style__headline___1ripS style__headline-text___1tW5r\" data-aos=\"none\" data-aos-once=\"true\">\u200cEquivalente em formato de 162 mm<\/li>\n<li class=\"style__headline___1ripS style__headline-text___1tW5r\" data-aos=\"none\" data-aos-once=\"true\">Pixels efetivos de 12 MP<\/li>\n<\/ul>\n<\/li>\n<\/ul>\n<\/div>\n<\/div>\n<\/div>\n<\/div>\n<\/div>\n<\/div>\n<\/div>\n<\/div>\n<\/div>\n<\/div>\n<div id=\"54101\" class=\"section-content\" data-hydration-on-demand=\"true\" data-ga-category=\"enterprise\/dock-2_54101\" data-component=\"ad8daad1\" data-gtm-vis-first-on-screen6907517_879=\"18758\" data-gtm-vis-total-visible-time6907517_879=\"100\" data-gtm-vis-has-fired6907517_879=\"1\">\n<div class=\"atom-component\" tabindex=\"0\" role=\"button\">\n<div class=\"atom-design-v1 style__hero-vertical-component___2JEHR\">\n<div id=\"\" class=\"style__hero-vertical-wrapper___2mUEj\">\n<div class=\"style__vertical-card-list___LceQJ style__vertical-center-align___39Pu3\" data-aos=\"none\" data-aos-once=\"true\">\n<div class=\"style__vertical-card-col___3agtC\">\n<div class=\"atom-design-v1 style__hero-vertical-card___2B64y\">\n<div>\n<div class=\"style__card-wrapper___3yqfZ style__vertical-top-align___3w7Dp style__horizontal-left-align___3tk_z\" tabindex=\"0\" role=\"button\" data-ga-label=\"\">\n<div class=\"style__card-container___KPQkl style__size-l___2n_6X\">\n<div class=\"style__text-content-container___1aLKY\">\n<ul>\n<li class=\"style__description___2V1Q7\" data-aos=\"none\" data-aos-once=\"true\">\n<h3>C\u00e2mera infravermelha<\/h3>\n<ul>\n<li class=\"style__description___2V1Q7\" data-aos=\"none\" data-aos-once=\"true\">Equivalente em formato de 40 mm<\/li>\n<li class=\"style__description___2V1Q7\" data-aos=\"none\" data-aos-once=\"true\">Modo Normal: 640\u00d7512@30fps<\/li>\n<li class=\"style__description___2V1Q7\" data-aos=\"none\" data-aos-once=\"true\">Modo de imagem infravermelha UHR: 1280\u00d71024@30fps<\/li>\n<li class=\"style__description___2V1Q7\" data-aos=\"none\" data-aos-once=\"true\">(Com a fun\u00e7\u00e3o de imagem infravermelha UHR ativada, a aeronave ativa ou desativa automaticamente o modo de imagem infravermelha UHR de acordo com o brilho da luz ambiente.)<\/li>\n<li class=\"style__description___2V1Q7\" data-aos=\"none\" data-aos-once=\"true\">Zoom Digital 28x<\/li>\n<\/ul>\n<\/li>\n<\/ul>\n<\/div>\n<\/div>\n<\/div>\n<\/div>\n<\/div>\n<\/div>\n<\/div>\n<\/div>\n<\/div>\n<\/div>\n<\/div>\n<ul data-sourcepos=\"5:1-19:0\">\n<li data-sourcepos=\"10:1-14:0\">\n<p data-sourcepos=\"10:3-10:24\"><strong>Desempenho de voo<\/strong><\/p>\n<ul data-sourcepos=\"11:3-14:0\">\n<li data-sourcepos=\"11:3-11:35\">At\u00e9 45 minutos de voo<\/li>\n<li data-sourcepos=\"11:3-11:35\">Uma velocidade m\u00e1xima de voo de 43 mph (70 km\/h)<\/li>\n<li data-sourcepos=\"13:3-14:0\">Uma altitude operacional m\u00e1xima de 15.000 p\u00e9s (4.500 metros)<\/li>\n<\/ul>\n<\/li>\n<li data-sourcepos=\"15:1-19:0\">\n<p data-sourcepos=\"15:3-15:20\"><strong>Outras caracter\u00edsticas<\/strong><\/p>\n<ul data-sourcepos=\"16:3-19:0\">\n<li data-sourcepos=\"16:3-16:44\">Classifica\u00e7\u00e3o IP55 para resist\u00eancia \u00e0 poeira e \u00e1gua<\/li>\n<li data-sourcepos=\"17:3-17:38\">Preven\u00e7\u00e3o de obst\u00e1culos omnidirecional<\/li>\n<li data-sourcepos=\"18:3-19:0\">RTK (Real-Time Kinematic) para posicionamento de alta precis\u00e3o<\/li>\n<\/ul>\n<\/li>\n<\/ul>","protected":false},"excerpt":{"rendered":"<p>O DJI Matrice 3DT \u00e9 um novo drone industrial projetado especificamente para uso com a esta\u00e7\u00e3o de carregamento DJI Dock 2. \u00c9 o primeiro drone da DJI projetado especificamente para ser compat\u00edvel com uma docking station.<\/p>\n<p>O Matrice 3DT possui v\u00e1rios recursos que o tornam adequado para aplica\u00e7\u00f5es industriais, incluindo um design robusto, um longo tempo de v\u00f4o e uma variedade de sensores de alto desempenho.<\/p>","protected":false},"featured_media":18386,"comment_status":"open","ping_status":"closed","template":"","meta":[],"product_brand":[],"product_cat":[461,37,816,29,848],"product_tag":[42,850,849],"class_list":{"0":"post-18391","1":"product","2":"type-product","3":"status-publish","4":"has-post-thumbnail","6":"product_cat-accessories-2","7":"product_cat-dji","8":"product_cat-dock-2","9":"product_cat-drones","10":"product_cat-drones-dock2","11":"product_tag-dji","12":"product_tag-dock2","13":"product_tag-matrice-3td","15":"first","16":"onbackorder","17":"taxable","18":"shipping-taxable","19":"purchasable","20":"product-type-simple"},"yoast_head":"<!-- This site is optimized with the Yoast SEO plugin v27.4 - https:\/\/yoast.com\/product\/yoast-seo-wordpress\/ -->\n<title>DJI Matrice 3TD - Ghostysky<\/title>\n<meta name=\"description\" content=\"The DJI Matrice 3DT is a new industrial drone designed specifically for use with the DJI Dock 2 charging station . It is the first drone from DJI that is specifically designed to be compatible with a docking station.The Matrice 3DT has a number of features that make it well-suited for industrial applications, including a rugged design, a long flight time, and a variety of high-performance sensors.\" \/>\n<meta name=\"robots\" content=\"index, follow, max-snippet:-1, max-image-preview:large, max-video-preview:-1\" \/>\n<link rel=\"canonical\" href=\"https:\/\/www.ghostysky.com\/pt\/produto-2\/dji-matrice-3td\/\" \/>\n<meta property=\"og:locale\" content=\"pt_PT\" \/>\n<meta property=\"og:type\" content=\"article\" \/>\n<meta property=\"og:title\" content=\"DJI Matrice 3TD - Ghostysky\" \/>\n<meta property=\"og:description\" content=\"The DJI Matrice 3DT is a new industrial drone designed specifically for use with the DJI Dock 2 charging station . It is the first drone from DJI that is specifically designed to be compatible with a docking station.The Matrice 3DT has a number of features that make it well-suited for industrial applications, including a rugged design, a long flight time, and a variety of high-performance sensors.\" \/>\n<meta property=\"og:url\" content=\"https:\/\/www.ghostysky.com\/pt\/produto-2\/dji-matrice-3td\/\" \/>\n<meta property=\"og:site_name\" content=\"Ghostysky\" \/>\n<meta property=\"article:publisher\" content=\"https:\/\/www.facebook.com\/people\/Ghostysky\/100057676170234\/\" \/>\n<meta property=\"article:modified_time\" content=\"2024-10-24T18:44:05+00:00\" \/>\n<meta property=\"og:image\" content=\"https:\/\/www.ghostysky.com\/wp-content\/uploads\/2024\/04\/GH_DJI_MAtrice3DT_1.jpg\" \/>\n\t<meta property=\"og:image:width\" content=\"800\" \/>\n\t<meta property=\"og:image:height\" content=\"800\" \/>\n\t<meta property=\"og:image:type\" content=\"image\/jpeg\" \/>\n<meta name=\"twitter:card\" content=\"summary_large_image\" \/>\n<meta name=\"twitter:site\" content=\"@Gh0stysky\" \/>\n<meta name=\"twitter:label1\" content=\"Tempo estimado de leitura\" \/>\n\t<meta name=\"twitter:data1\" content=\"1 minuto\" \/>\n<script type=\"application\/ld+json\" class=\"yoast-schema-graph\">{\"@context\":\"https:\\\/\\\/schema.org\",\"@graph\":[{\"@type\":\"WebPage\",\"@id\":\"https:\\\/\\\/www.ghostysky.com\\\/product\\\/dji-matrice-3td\\\/\",\"url\":\"https:\\\/\\\/www.ghostysky.com\\\/product\\\/dji-matrice-3td\\\/\",\"name\":\"DJI Matrice 3TD - Ghostysky\",\"isPartOf\":{\"@id\":\"https:\\\/\\\/www.ghostysky.com\\\/#website\"},\"primaryImageOfPage\":{\"@id\":\"https:\\\/\\\/www.ghostysky.com\\\/product\\\/dji-matrice-3td\\\/#primaryimage\"},\"image\":{\"@id\":\"https:\\\/\\\/www.ghostysky.com\\\/product\\\/dji-matrice-3td\\\/#primaryimage\"},\"thumbnailUrl\":\"https:\\\/\\\/www.ghostysky.com\\\/wp-content\\\/uploads\\\/2024\\\/04\\\/GH_DJI_MAtrice3DT_1.jpg\",\"datePublished\":\"2024-04-18T16:15:43+00:00\",\"dateModified\":\"2024-10-24T18:44:05+00:00\",\"description\":\"The DJI Matrice 3DT is a new industrial drone designed specifically for use with the DJI Dock 2 charging station . It is the first drone from DJI that is specifically designed to be compatible with a docking station.The Matrice 3DT has a number of features that make it well-suited for industrial applications, including a rugged design, a long flight time, and a variety of high-performance sensors.\",\"breadcrumb\":{\"@id\":\"https:\\\/\\\/www.ghostysky.com\\\/product\\\/dji-matrice-3td\\\/#breadcrumb\"},\"inLanguage\":\"pt-PT\",\"potentialAction\":[{\"@type\":\"ReadAction\",\"target\":[\"https:\\\/\\\/www.ghostysky.com\\\/product\\\/dji-matrice-3td\\\/\"]}]},{\"@type\":\"ImageObject\",\"inLanguage\":\"pt-PT\",\"@id\":\"https:\\\/\\\/www.ghostysky.com\\\/product\\\/dji-matrice-3td\\\/#primaryimage\",\"url\":\"https:\\\/\\\/www.ghostysky.com\\\/wp-content\\\/uploads\\\/2024\\\/04\\\/GH_DJI_MAtrice3DT_1.jpg\",\"contentUrl\":\"https:\\\/\\\/www.ghostysky.com\\\/wp-content\\\/uploads\\\/2024\\\/04\\\/GH_DJI_MAtrice3DT_1.jpg\",\"width\":800,\"height\":800},{\"@type\":\"BreadcrumbList\",\"@id\":\"https:\\\/\\\/www.ghostysky.com\\\/product\\\/dji-matrice-3td\\\/#breadcrumb\",\"itemListElement\":[{\"@type\":\"ListItem\",\"position\":1,\"name\":\"Home\",\"item\":\"https:\\\/\\\/www.ghostysky.com\\\/\"},{\"@type\":\"ListItem\",\"position\":2,\"name\":\"Shop\",\"item\":\"https:\\\/\\\/www.ghostysky.com\\\/shop\\\/\"},{\"@type\":\"ListItem\",\"position\":3,\"name\":\"DJI Matrice 3TD\"}]},{\"@type\":\"WebSite\",\"@id\":\"https:\\\/\\\/www.ghostysky.com\\\/#website\",\"url\":\"https:\\\/\\\/www.ghostysky.com\\\/\",\"name\":\"Ghostysky\",\"description\":\"Delivering professional drones and services\",\"publisher\":{\"@id\":\"https:\\\/\\\/www.ghostysky.com\\\/#organization\"},\"potentialAction\":[{\"@type\":\"SearchAction\",\"target\":{\"@type\":\"EntryPoint\",\"urlTemplate\":\"https:\\\/\\\/www.ghostysky.com\\\/?s={search_term_string}\"},\"query-input\":{\"@type\":\"PropertyValueSpecification\",\"valueRequired\":true,\"valueName\":\"search_term_string\"}}],\"inLanguage\":\"pt-PT\"},{\"@type\":\"Organization\",\"@id\":\"https:\\\/\\\/www.ghostysky.com\\\/#organization\",\"name\":\"Ghostysky\",\"url\":\"https:\\\/\\\/www.ghostysky.com\\\/\",\"logo\":{\"@type\":\"ImageObject\",\"inLanguage\":\"pt-PT\",\"@id\":\"https:\\\/\\\/www.ghostysky.com\\\/#\\\/schema\\\/logo\\\/image\\\/\",\"url\":\"https:\\\/\\\/www.ghostysky.com\\\/wp-content\\\/uploads\\\/2020\\\/06\\\/cropped-ghostyskylogo_text_white2.png\",\"contentUrl\":\"https:\\\/\\\/www.ghostysky.com\\\/wp-content\\\/uploads\\\/2020\\\/06\\\/cropped-ghostyskylogo_text_white2.png\",\"width\":169,\"height\":56,\"caption\":\"Ghostysky\"},\"image\":{\"@id\":\"https:\\\/\\\/www.ghostysky.com\\\/#\\\/schema\\\/logo\\\/image\\\/\"},\"sameAs\":[\"https:\\\/\\\/www.facebook.com\\\/people\\\/Ghostysky\\\/100057676170234\\\/\",\"https:\\\/\\\/x.com\\\/Gh0stysky\",\"https:\\\/\\\/www.linkedin.com\\\/company\\\/34739653\",\"https:\\\/\\\/www.instagram.com\\\/gh0stysky\"]}]}<\/script>\n<!-- \/ Yoast SEO plugin. -->","yoast_head_json":{"title":"DJI Matrix 3TD - Ghostysky","description":"O DJI Matrice 3DT \u00e9 um novo drone industrial projetado especificamente para uso com a esta\u00e7\u00e3o de carregamento DJI Dock 2. \u00c9 o primeiro drone da DJI projetado especificamente para ser compat\u00edvel com uma esta\u00e7\u00e3o de acoplamento. O Matrice 3DT possui v\u00e1rios recursos que o tornam adequado para aplica\u00e7\u00f5es industriais, incluindo um design robusto, um longo tempo de v\u00f4o e uma variedade de sensores de alto desempenho.","robots":{"index":"index","follow":"follow","max-snippet":"max-snippet:-1","max-image-preview":"max-image-preview:large","max-video-preview":"max-video-preview:-1"},"canonical":"https:\/\/www.ghostysky.com\/pt\/produto-2\/dji-matrice-3td\/","og_locale":"pt_PT","og_type":"article","og_title":"DJI Matrice 3TD - Ghostysky","og_description":"The DJI Matrice 3DT is a new industrial drone designed specifically for use with the DJI Dock 2 charging station . It is the first drone from DJI that is specifically designed to be compatible with a docking station.The Matrice 3DT has a number of features that make it well-suited for industrial applications, including a rugged design, a long flight time, and a variety of high-performance sensors.","og_url":"https:\/\/www.ghostysky.com\/pt\/produto-2\/dji-matrice-3td\/","og_site_name":"Ghostysky","article_publisher":"https:\/\/www.facebook.com\/people\/Ghostysky\/100057676170234\/","article_modified_time":"2024-10-24T18:44:05+00:00","og_image":[{"width":800,"height":800,"url":"https:\/\/www.ghostysky.com\/wp-content\/uploads\/2024\/04\/GH_DJI_MAtrice3DT_1.jpg","type":"image\/jpeg"}],"twitter_card":"summary_large_image","twitter_site":"@Gh0stysky","twitter_misc":{"Tempo estimado de leitura":"1 minuto"},"schema":{"@context":"https:\/\/schema.org","@graph":[{"@type":"WebPage","@id":"https:\/\/www.ghostysky.com\/product\/dji-matrice-3td\/","url":"https:\/\/www.ghostysky.com\/product\/dji-matrice-3td\/","name":"DJI Matrix 3TD - Ghostysky","isPartOf":{"@id":"https:\/\/www.ghostysky.com\/#website"},"primaryImageOfPage":{"@id":"https:\/\/www.ghostysky.com\/product\/dji-matrice-3td\/#primaryimage"},"image":{"@id":"https:\/\/www.ghostysky.com\/product\/dji-matrice-3td\/#primaryimage"},"thumbnailUrl":"https:\/\/www.ghostysky.com\/wp-content\/uploads\/2024\/04\/GH_DJI_MAtrice3DT_1.jpg","datePublished":"2024-04-18T16:15:43+00:00","dateModified":"2024-10-24T18:44:05+00:00","description":"O DJI Matrice 3DT \u00e9 um novo drone industrial projetado especificamente para uso com a esta\u00e7\u00e3o de carregamento DJI Dock 2. \u00c9 o primeiro drone da DJI projetado especificamente para ser compat\u00edvel com uma esta\u00e7\u00e3o de acoplamento. O Matrice 3DT possui v\u00e1rios recursos que o tornam adequado para aplica\u00e7\u00f5es industriais, incluindo um design robusto, um longo tempo de v\u00f4o e uma variedade de sensores de alto desempenho.","breadcrumb":{"@id":"https:\/\/www.ghostysky.com\/product\/dji-matrice-3td\/#breadcrumb"},"inLanguage":"pt-PT","potentialAction":[{"@type":"ReadAction","target":["https:\/\/www.ghostysky.com\/product\/dji-matrice-3td\/"]}]},{"@type":"ImageObject","inLanguage":"pt-PT","@id":"https:\/\/www.ghostysky.com\/product\/dji-matrice-3td\/#primaryimage","url":"https:\/\/www.ghostysky.com\/wp-content\/uploads\/2024\/04\/GH_DJI_MAtrice3DT_1.jpg","contentUrl":"https:\/\/www.ghostysky.com\/wp-content\/uploads\/2024\/04\/GH_DJI_MAtrice3DT_1.jpg","width":800,"height":800},{"@type":"BreadcrumbList","@id":"https:\/\/www.ghostysky.com\/product\/dji-matrice-3td\/#breadcrumb","itemListElement":[{"@type":"ListItem","position":1,"name":"Home","item":"https:\/\/www.ghostysky.com\/"},{"@type":"ListItem","position":2,"name":"Shop","item":"https:\/\/www.ghostysky.com\/shop\/"},{"@type":"ListItem","position":3,"name":"DJI Matrice 3TD"}]},{"@type":"WebSite","@id":"https:\/\/www.ghostysky.com\/#website","url":"https:\/\/www.ghostysky.com\/","name":"Ghostysky","description":"Fornecendo drones e servi\u00e7os profissionais","publisher":{"@id":"https:\/\/www.ghostysky.com\/#organization"},"potentialAction":[{"@type":"SearchAction","target":{"@type":"EntryPoint","urlTemplate":"https:\/\/www.ghostysky.com\/?s={search_term_string}"},"query-input":{"@type":"PropertyValueSpecification","valueRequired":true,"valueName":"search_term_string"}}],"inLanguage":"pt-PT"},{"@type":"Organization","@id":"https:\/\/www.ghostysky.com\/#organization","name":"Ghostysky","url":"https:\/\/www.ghostysky.com\/","logo":{"@type":"ImageObject","inLanguage":"pt-PT","@id":"https:\/\/www.ghostysky.com\/#\/schema\/logo\/image\/","url":"https:\/\/www.ghostysky.com\/wp-content\/uploads\/2020\/06\/cropped-ghostyskylogo_text_white2.png","contentUrl":"https:\/\/www.ghostysky.com\/wp-content\/uploads\/2020\/06\/cropped-ghostyskylogo_text_white2.png","width":169,"height":56,"caption":"Ghostysky"},"image":{"@id":"https:\/\/www.ghostysky.com\/#\/schema\/logo\/image\/"},"sameAs":["https:\/\/www.facebook.com\/people\/Ghostysky\/100057676170234\/","https:\/\/x.com\/Gh0stysky","https:\/\/www.linkedin.com\/company\/34739653","https:\/\/www.instagram.com\/gh0stysky"]}]}},"_links":{"self":[{"href":"https:\/\/www.ghostysky.com\/pt\/wp-json\/wp\/v2\/product\/18391","targetHints":{"allow":["GET"]}}],"collection":[{"href":"https:\/\/www.ghostysky.com\/pt\/wp-json\/wp\/v2\/product"}],"about":[{"href":"https:\/\/www.ghostysky.com\/pt\/wp-json\/wp\/v2\/types\/product"}],"replies":[{"embeddable":true,"href":"https:\/\/www.ghostysky.com\/pt\/wp-json\/wp\/v2\/comments?post=18391"}],"version-history":[{"count":0,"href":"https:\/\/www.ghostysky.com\/pt\/wp-json\/wp\/v2\/product\/18391\/revisions"}],"wp:featuredmedia":[{"embeddable":true,"href":"https:\/\/www.ghostysky.com\/pt\/wp-json\/wp\/v2\/media\/18386"}],"wp:attachment":[{"href":"https:\/\/www.ghostysky.com\/pt\/wp-json\/wp\/v2\/media?parent=18391"}],"wp:term":[{"taxonomy":"product_brand","embeddable":true,"href":"https:\/\/www.ghostysky.com\/pt\/wp-json\/wp\/v2\/product_brand?post=18391"},{"taxonomy":"product_cat","embeddable":true,"href":"https:\/\/www.ghostysky.com\/pt\/wp-json\/wp\/v2\/product_cat?post=18391"},{"taxonomy":"product_tag","embeddable":true,"href":"https:\/\/www.ghostysky.com\/pt\/wp-json\/wp\/v2\/product_tag?post=18391"}],"curies":[{"name":"wp","href":"https:\/\/api.w.org\/{rel}","templated":true}]}}