{"id":18393,"date":"2024-04-18T16:30:34","date_gmt":"2024-04-18T16:30:34","guid":{"rendered":"https:\/\/www.ghostysky.com\/?post_type=product&#038;p=18393"},"modified":"2024-12-27T20:14:37","modified_gmt":"2024-12-27T20:14:37","slug":"dji-matrice-3d","status":"publish","type":"product","link":"https:\/\/www.ghostysky.com\/pt\/product\/dji-matrice-3d\/","title":{"rendered":"DJI Matrice 3D"},"content":{"rendered":"<ul>\n<li class=\"style__headline___1ripS style__headline-text___1tW5r\" data-aos=\"none\" data-aos-once=\"true\">\n<h3>C\u00e2mera grande angular<\/h3>\n<ul>\n<li class=\"style__headline___1ripS style__headline-text___1tW5r\" data-aos=\"none\" data-aos-once=\"true\">4\/3 CMOS<\/li>\n<li class=\"style__headline___1ripS style__headline-text___1tW5r\" data-aos=\"none\" data-aos-once=\"true\">Equivalente em formato de 24 mm<\/li>\n<li class=\"style__headline___1ripS style__headline-text___1tW5r\" data-aos=\"none\" data-aos-once=\"true\">Pixels efetivos de 20 MP<\/li>\n<li class=\"style__headline___1ripS style__headline-text___1tW5r\" data-aos=\"none\" data-aos-once=\"true\">Obturador Mec\u00e2nico<\/li>\n<\/ul>\n<\/li>\n<\/ul>\n<ul>\n<li class=\"style__headline___1ripS style__headline-text___1tW5r\" data-aos=\"none\" data-aos-once=\"true\">\n<h3>Telec\u00e2mera<\/h3>\n<ul>\n<li class=\"style__headline___1ripS style__headline-text___1tW5r\" data-aos=\"none\" data-aos-once=\"true\">CMOS de 1\/2 polegada<\/li>\n<li class=\"style__headline___1ripS style__headline-text___1tW5r\" data-aos=\"none\" data-aos-once=\"true\">Equivalente ao formato de 162 mm<\/li>\n<li class=\"style__headline___1ripS style__headline-text___1tW5r\" data-aos=\"none\" data-aos-once=\"true\">Pixels efetivos de 12 MP<\/li>\n<\/ul>\n<\/li>\n<\/ul>","protected":false},"excerpt":{"rendered":"<p>O novo DJI Matrice 3D\/3TD foi projetado especificamente para DJI\u00a0<span class=\"nowrap\">Doca 2.\u00a0<\/span>Matrice 3D est\u00e1 equipado com uma telec\u00e2mera e um\u00a0<span class=\"nowrap\">\u00e2ngulo amplo<\/span>\u00a0c\u00e2mera com obturador mec\u00e2nico, atendendo \u00e0s necessidades de tarefas de mapeamento de alta precis\u00e3o de 1:500.<\/p>","protected":false},"featured_media":18396,"comment_status":"open","ping_status":"closed","template":"","meta":[],"product_brand":[],"product_cat":[37,816,29,848],"product_tag":[42,850,818],"class_list":{"0":"post-18393","1":"product","2":"type-product","3":"status-publish","4":"has-post-thumbnail","6":"product_cat-dji","7":"product_cat-dock-2","8":"product_cat-drones","9":"product_cat-drones-dock2","10":"product_tag-dji","11":"product_tag-dock2","12":"product_tag-matrice-3d","14":"first","15":"onbackorder","16":"taxable","17":"shipping-taxable","18":"purchasable","19":"product-type-simple"},"yoast_head":"<!-- This site is optimized with the Yoast SEO plugin v27.1.1 - https:\/\/yoast.com\/product\/yoast-seo-wordpress\/ -->\n<title>DJI Matrice 3D - Ghostysky<\/title>\n<meta name=\"description\" content=\"The all-new DJI Matrice 3D\/3TD is specifically designed for DJI Dock 2. Matrice 3D is equipped with both a tele camera and a wide-angle camera with a mechanical shutter, meeting the needs for 1:500 high-precision mapping tasks.\" \/>\n<meta name=\"robots\" content=\"index, follow, max-snippet:-1, max-image-preview:large, max-video-preview:-1\" \/>\n<link rel=\"canonical\" href=\"https:\/\/www.ghostysky.com\/pt\/produto-2\/dji-matrice-3d\/\" \/>\n<meta property=\"og:locale\" content=\"pt_PT\" \/>\n<meta property=\"og:type\" content=\"article\" \/>\n<meta property=\"og:title\" content=\"DJI Matrice 3D - Ghostysky\" \/>\n<meta property=\"og:description\" content=\"The all-new DJI Matrice 3D\/3TD is specifically designed for DJI Dock 2. Matrice 3D is equipped with both a tele camera and a wide-angle camera with a mechanical shutter, meeting the needs for 1:500 high-precision mapping tasks.\" \/>\n<meta property=\"og:url\" content=\"https:\/\/www.ghostysky.com\/pt\/produto-2\/dji-matrice-3d\/\" \/>\n<meta property=\"og:site_name\" content=\"Ghostysky\" \/>\n<meta property=\"article:publisher\" content=\"https:\/\/www.facebook.com\/people\/Ghostysky\/100057676170234\/\" \/>\n<meta property=\"article:modified_time\" content=\"2024-12-27T20:14:37+00:00\" \/>\n<meta property=\"og:image\" content=\"https:\/\/www.ghostysky.com\/wp-content\/uploads\/2024\/04\/GH_DJI_Matrice_3d_1.jpg\" \/>\n\t<meta property=\"og:image:width\" content=\"800\" \/>\n\t<meta property=\"og:image:height\" content=\"800\" \/>\n\t<meta property=\"og:image:type\" content=\"image\/jpeg\" \/>\n<meta name=\"twitter:card\" content=\"summary_large_image\" \/>\n<meta name=\"twitter:site\" content=\"@Gh0stysky\" \/>\n<meta name=\"twitter:label1\" content=\"Tempo estimado de leitura\" \/>\n\t<meta name=\"twitter:data1\" content=\"1 minuto\" \/>\n<script type=\"application\/ld+json\" class=\"yoast-schema-graph\">{\"@context\":\"https:\/\/schema.org\",\"@graph\":[{\"@type\":\"WebPage\",\"@id\":\"https:\/\/www.ghostysky.com\/product\/dji-matrice-3d\/\",\"url\":\"https:\/\/www.ghostysky.com\/product\/dji-matrice-3d\/\",\"name\":\"DJI Matrice 3D - Ghostysky\",\"isPartOf\":{\"@id\":\"https:\/\/www.ghostysky.com\/#website\"},\"primaryImageOfPage\":{\"@id\":\"https:\/\/www.ghostysky.com\/product\/dji-matrice-3d\/#primaryimage\"},\"image\":{\"@id\":\"https:\/\/www.ghostysky.com\/product\/dji-matrice-3d\/#primaryimage\"},\"thumbnailUrl\":\"https:\/\/www.ghostysky.com\/wp-content\/uploads\/2024\/04\/GH_DJI_Matrice_3d_1.jpg\",\"datePublished\":\"2024-04-18T16:30:34+00:00\",\"dateModified\":\"2024-12-27T20:14:37+00:00\",\"description\":\"The all-new DJI Matrice 3D\/3TD is specifically designed for DJI Dock 2. Matrice 3D is equipped with both a tele camera and a wide-angle camera with a mechanical shutter, meeting the needs for 1:500 high-precision mapping tasks.\",\"breadcrumb\":{\"@id\":\"https:\/\/www.ghostysky.com\/product\/dji-matrice-3d\/#breadcrumb\"},\"inLanguage\":\"pt-PT\",\"potentialAction\":[{\"@type\":\"ReadAction\",\"target\":[\"https:\/\/www.ghostysky.com\/product\/dji-matrice-3d\/\"]}]},{\"@type\":\"ImageObject\",\"inLanguage\":\"pt-PT\",\"@id\":\"https:\/\/www.ghostysky.com\/product\/dji-matrice-3d\/#primaryimage\",\"url\":\"https:\/\/www.ghostysky.com\/wp-content\/uploads\/2024\/04\/GH_DJI_Matrice_3d_1.jpg\",\"contentUrl\":\"https:\/\/www.ghostysky.com\/wp-content\/uploads\/2024\/04\/GH_DJI_Matrice_3d_1.jpg\",\"width\":800,\"height\":800},{\"@type\":\"BreadcrumbList\",\"@id\":\"https:\/\/www.ghostysky.com\/product\/dji-matrice-3d\/#breadcrumb\",\"itemListElement\":[{\"@type\":\"ListItem\",\"position\":1,\"name\":\"Home\",\"item\":\"https:\/\/www.ghostysky.com\/\"},{\"@type\":\"ListItem\",\"position\":2,\"name\":\"Shop\",\"item\":\"https:\/\/www.ghostysky.com\/shop\/\"},{\"@type\":\"ListItem\",\"position\":3,\"name\":\"DJI Matrice 3D\"}]},{\"@type\":\"WebSite\",\"@id\":\"https:\/\/www.ghostysky.com\/#website\",\"url\":\"https:\/\/www.ghostysky.com\/\",\"name\":\"Ghostysky\",\"description\":\"Delivering professional drones and services\",\"publisher\":{\"@id\":\"https:\/\/www.ghostysky.com\/#organization\"},\"potentialAction\":[{\"@type\":\"SearchAction\",\"target\":{\"@type\":\"EntryPoint\",\"urlTemplate\":\"https:\/\/www.ghostysky.com\/?s={search_term_string}\"},\"query-input\":{\"@type\":\"PropertyValueSpecification\",\"valueRequired\":true,\"valueName\":\"search_term_string\"}}],\"inLanguage\":\"pt-PT\"},{\"@type\":\"Organization\",\"@id\":\"https:\/\/www.ghostysky.com\/#organization\",\"name\":\"Ghostysky\",\"url\":\"https:\/\/www.ghostysky.com\/\",\"logo\":{\"@type\":\"ImageObject\",\"inLanguage\":\"pt-PT\",\"@id\":\"https:\/\/www.ghostysky.com\/#\/schema\/logo\/image\/\",\"url\":\"https:\/\/www.ghostysky.com\/wp-content\/uploads\/2020\/06\/cropped-ghostyskylogo_text_white2.png\",\"contentUrl\":\"https:\/\/www.ghostysky.com\/wp-content\/uploads\/2020\/06\/cropped-ghostyskylogo_text_white2.png\",\"width\":169,\"height\":56,\"caption\":\"Ghostysky\"},\"image\":{\"@id\":\"https:\/\/www.ghostysky.com\/#\/schema\/logo\/image\/\"},\"sameAs\":[\"https:\/\/www.facebook.com\/people\/Ghostysky\/100057676170234\/\",\"https:\/\/x.com\/Gh0stysky\",\"https:\/\/www.linkedin.com\/company\/34739653\",\"https:\/\/www.instagram.com\/gh0stysky\"]}]}<\/script>\n<!-- \/ Yoast SEO plugin. -->","yoast_head_json":{"title":"Matriz DJI 3D - Ghostysky","description":"O novo DJI Matrice 3D\/3TD foi projetado especificamente para DJI Dock 2. O Matrice 3D \u00e9 equipado com uma c\u00e2mera tele e uma c\u00e2mera grande angular com obturador mec\u00e2nico, atendendo \u00e0s necessidades de tarefas de mapeamento de alta precis\u00e3o de 1:500.","robots":{"index":"index","follow":"follow","max-snippet":"max-snippet:-1","max-image-preview":"max-image-preview:large","max-video-preview":"max-video-preview:-1"},"canonical":"https:\/\/www.ghostysky.com\/pt\/produto-2\/dji-matrice-3d\/","og_locale":"pt_PT","og_type":"article","og_title":"DJI Matrice 3D - Ghostysky","og_description":"The all-new DJI Matrice 3D\/3TD is specifically designed for DJI Dock 2. Matrice 3D is equipped with both a tele camera and a wide-angle camera with a mechanical shutter, meeting the needs for 1:500 high-precision mapping tasks.","og_url":"https:\/\/www.ghostysky.com\/pt\/produto-2\/dji-matrice-3d\/","og_site_name":"Ghostysky","article_publisher":"https:\/\/www.facebook.com\/people\/Ghostysky\/100057676170234\/","article_modified_time":"2024-12-27T20:14:37+00:00","og_image":[{"width":800,"height":800,"url":"https:\/\/www.ghostysky.com\/wp-content\/uploads\/2024\/04\/GH_DJI_Matrice_3d_1.jpg","type":"image\/jpeg"}],"twitter_card":"summary_large_image","twitter_site":"@Gh0stysky","twitter_misc":{"Tempo estimado de leitura":"1 minuto"},"schema":{"@context":"https:\/\/schema.org","@graph":[{"@type":"WebPage","@id":"https:\/\/www.ghostysky.com\/product\/dji-matrice-3d\/","url":"https:\/\/www.ghostysky.com\/product\/dji-matrice-3d\/","name":"Matriz DJI 3D - Ghostysky","isPartOf":{"@id":"https:\/\/www.ghostysky.com\/#website"},"primaryImageOfPage":{"@id":"https:\/\/www.ghostysky.com\/product\/dji-matrice-3d\/#primaryimage"},"image":{"@id":"https:\/\/www.ghostysky.com\/product\/dji-matrice-3d\/#primaryimage"},"thumbnailUrl":"https:\/\/www.ghostysky.com\/wp-content\/uploads\/2024\/04\/GH_DJI_Matrice_3d_1.jpg","datePublished":"2024-04-18T16:30:34+00:00","dateModified":"2024-12-27T20:14:37+00:00","description":"O novo DJI Matrice 3D\/3TD foi projetado especificamente para DJI Dock 2. O Matrice 3D \u00e9 equipado com uma c\u00e2mera tele e uma c\u00e2mera grande angular com obturador mec\u00e2nico, atendendo \u00e0s necessidades de tarefas de mapeamento de alta precis\u00e3o de 1:500.","breadcrumb":{"@id":"https:\/\/www.ghostysky.com\/product\/dji-matrice-3d\/#breadcrumb"},"inLanguage":"pt-PT","potentialAction":[{"@type":"ReadAction","target":["https:\/\/www.ghostysky.com\/product\/dji-matrice-3d\/"]}]},{"@type":"ImageObject","inLanguage":"pt-PT","@id":"https:\/\/www.ghostysky.com\/product\/dji-matrice-3d\/#primaryimage","url":"https:\/\/www.ghostysky.com\/wp-content\/uploads\/2024\/04\/GH_DJI_Matrice_3d_1.jpg","contentUrl":"https:\/\/www.ghostysky.com\/wp-content\/uploads\/2024\/04\/GH_DJI_Matrice_3d_1.jpg","width":800,"height":800},{"@type":"BreadcrumbList","@id":"https:\/\/www.ghostysky.com\/product\/dji-matrice-3d\/#breadcrumb","itemListElement":[{"@type":"ListItem","position":1,"name":"Home","item":"https:\/\/www.ghostysky.com\/"},{"@type":"ListItem","position":2,"name":"Shop","item":"https:\/\/www.ghostysky.com\/shop\/"},{"@type":"ListItem","position":3,"name":"DJI Matrice 3D"}]},{"@type":"WebSite","@id":"https:\/\/www.ghostysky.com\/#website","url":"https:\/\/www.ghostysky.com\/","name":"Ghostysky","description":"Fornecendo drones e servi\u00e7os profissionais","publisher":{"@id":"https:\/\/www.ghostysky.com\/#organization"},"potentialAction":[{"@type":"SearchAction","target":{"@type":"EntryPoint","urlTemplate":"https:\/\/www.ghostysky.com\/?s={search_term_string}"},"query-input":{"@type":"PropertyValueSpecification","valueRequired":true,"valueName":"search_term_string"}}],"inLanguage":"pt-PT"},{"@type":"Organization","@id":"https:\/\/www.ghostysky.com\/#organization","name":"Ghostysky","url":"https:\/\/www.ghostysky.com\/","logo":{"@type":"ImageObject","inLanguage":"pt-PT","@id":"https:\/\/www.ghostysky.com\/#\/schema\/logo\/image\/","url":"https:\/\/www.ghostysky.com\/wp-content\/uploads\/2020\/06\/cropped-ghostyskylogo_text_white2.png","contentUrl":"https:\/\/www.ghostysky.com\/wp-content\/uploads\/2020\/06\/cropped-ghostyskylogo_text_white2.png","width":169,"height":56,"caption":"Ghostysky"},"image":{"@id":"https:\/\/www.ghostysky.com\/#\/schema\/logo\/image\/"},"sameAs":["https:\/\/www.facebook.com\/people\/Ghostysky\/100057676170234\/","https:\/\/x.com\/Gh0stysky","https:\/\/www.linkedin.com\/company\/34739653","https:\/\/www.instagram.com\/gh0stysky"]}]}},"_links":{"self":[{"href":"https:\/\/www.ghostysky.com\/pt\/wp-json\/wp\/v2\/product\/18393","targetHints":{"allow":["GET"]}}],"collection":[{"href":"https:\/\/www.ghostysky.com\/pt\/wp-json\/wp\/v2\/product"}],"about":[{"href":"https:\/\/www.ghostysky.com\/pt\/wp-json\/wp\/v2\/types\/product"}],"replies":[{"embeddable":true,"href":"https:\/\/www.ghostysky.com\/pt\/wp-json\/wp\/v2\/comments?post=18393"}],"wp:featuredmedia":[{"embeddable":true,"href":"https:\/\/www.ghostysky.com\/pt\/wp-json\/wp\/v2\/media\/18396"}],"wp:attachment":[{"href":"https:\/\/www.ghostysky.com\/pt\/wp-json\/wp\/v2\/media?parent=18393"}],"wp:term":[{"taxonomy":"product_brand","embeddable":true,"href":"https:\/\/www.ghostysky.com\/pt\/wp-json\/wp\/v2\/product_brand?post=18393"},{"taxonomy":"product_cat","embeddable":true,"href":"https:\/\/www.ghostysky.com\/pt\/wp-json\/wp\/v2\/product_cat?post=18393"},{"taxonomy":"product_tag","embeddable":true,"href":"https:\/\/www.ghostysky.com\/pt\/wp-json\/wp\/v2\/product_tag?post=18393"}],"curies":[{"name":"wp","href":"https:\/\/api.w.org\/{rel}","templated":true}]}}