{"id":18406,"date":"2024-04-18T16:49:10","date_gmt":"2024-04-18T16:49:10","guid":{"rendered":"https:\/\/www.ghostysky.com\/?post_type=product&#038;p=18406"},"modified":"2024-08-08T13:23:02","modified_gmt":"2024-08-08T13:23:02","slug":"dji-matrice-3d-series-charging-kit","status":"publish","type":"product","link":"https:\/\/www.ghostysky.com\/pt\/product\/dji-matrice-3d-series-charging-kit\/","title":{"rendered":"Kit de carregamento da s\u00e9rie DJI Matrice 3D"},"content":{"rendered":"","protected":false},"excerpt":{"rendered":"<p>O kit de carregamento da s\u00e9rie DJI Matrice 3D \u00e9 um acess\u00f3rio projetado especificamente para a s\u00e9rie de drones DJI Matrice 3D. Ajuda voc\u00ea a carregar as baterias do seu drone de maneira eficiente e conveniente.<\/p>","protected":false},"featured_media":18407,"comment_status":"open","ping_status":"closed","template":"","meta":[],"product_brand":[],"product_cat":[851,37,816,29],"product_tag":[854,42,853],"class_list":{"0":"post-18406","1":"product","2":"type-product","3":"status-publish","4":"has-post-thumbnail","6":"product_cat-accessories-dock2","7":"product_cat-dji","8":"product_cat-dock-2","9":"product_cat-drones","10":"product_tag-charging-kit","11":"product_tag-dji","12":"product_tag-matrice-3d-series","14":"first","15":"onbackorder","16":"taxable","17":"shipping-taxable","18":"purchasable","19":"product-type-simple"},"yoast_head":"<!-- This site is optimized with the Yoast SEO plugin v27.1.1 - https:\/\/yoast.com\/product\/yoast-seo-wordpress\/ -->\n<title>DJI Matrice 3D Series Charging Kit - Ghostysky<\/title>\n<meta name=\"description\" content=\"The DJI Matrice 3D Series Charging Kit is an accessory designed specifically for the DJI Matrice 3D series of drones. It helps you charge your drone&#039;s batteries efficiently and conveniently.\" \/>\n<meta name=\"robots\" content=\"index, follow, max-snippet:-1, max-image-preview:large, max-video-preview:-1\" \/>\n<link rel=\"canonical\" href=\"https:\/\/www.ghostysky.com\/pt\/produto-2\/dji-matrice-3d-series-charging-kit\/\" \/>\n<meta property=\"og:locale\" content=\"pt_PT\" \/>\n<meta property=\"og:type\" content=\"article\" \/>\n<meta property=\"og:title\" content=\"DJI Matrice 3D Series Charging Kit - Ghostysky\" \/>\n<meta property=\"og:description\" content=\"The DJI Matrice 3D Series Charging Kit is an accessory designed specifically for the DJI Matrice 3D series of drones. It helps you charge your drone&#039;s batteries efficiently and conveniently.\" \/>\n<meta property=\"og:url\" content=\"https:\/\/www.ghostysky.com\/pt\/produto-2\/dji-matrice-3d-series-charging-kit\/\" \/>\n<meta property=\"og:site_name\" content=\"Ghostysky\" \/>\n<meta property=\"article:publisher\" content=\"https:\/\/www.facebook.com\/people\/Ghostysky\/100057676170234\/\" \/>\n<meta property=\"article:modified_time\" content=\"2024-08-08T13:23:02+00:00\" \/>\n<meta property=\"og:image\" content=\"https:\/\/www.ghostysky.com\/wp-content\/uploads\/2024\/04\/GH_DJI-Matrice-3D-Series-Charging-Kit_1.jpg\" \/>\n\t<meta property=\"og:image:width\" content=\"800\" \/>\n\t<meta property=\"og:image:height\" content=\"800\" \/>\n\t<meta property=\"og:image:type\" content=\"image\/jpeg\" \/>\n<meta name=\"twitter:card\" content=\"summary_large_image\" \/>\n<meta name=\"twitter:site\" content=\"@Gh0stysky\" \/>\n<meta name=\"twitter:label1\" content=\"Tempo estimado de leitura\" \/>\n\t<meta name=\"twitter:data1\" content=\"1 minuto\" \/>\n<script type=\"application\/ld+json\" class=\"yoast-schema-graph\">{\"@context\":\"https:\/\/schema.org\",\"@graph\":[{\"@type\":\"WebPage\",\"@id\":\"https:\/\/www.ghostysky.com\/product\/dji-matrice-3d-series-charging-kit\/\",\"url\":\"https:\/\/www.ghostysky.com\/product\/dji-matrice-3d-series-charging-kit\/\",\"name\":\"DJI Matrice 3D Series Charging Kit - Ghostysky\",\"isPartOf\":{\"@id\":\"https:\/\/www.ghostysky.com\/#website\"},\"primaryImageOfPage\":{\"@id\":\"https:\/\/www.ghostysky.com\/product\/dji-matrice-3d-series-charging-kit\/#primaryimage\"},\"image\":{\"@id\":\"https:\/\/www.ghostysky.com\/product\/dji-matrice-3d-series-charging-kit\/#primaryimage\"},\"thumbnailUrl\":\"https:\/\/www.ghostysky.com\/wp-content\/uploads\/2024\/04\/GH_DJI-Matrice-3D-Series-Charging-Kit_1.jpg\",\"datePublished\":\"2024-04-18T16:49:10+00:00\",\"dateModified\":\"2024-08-08T13:23:02+00:00\",\"description\":\"The DJI Matrice 3D Series Charging Kit is an accessory designed specifically for the DJI Matrice 3D series of drones. It helps you charge your drone's batteries efficiently and conveniently.\",\"breadcrumb\":{\"@id\":\"https:\/\/www.ghostysky.com\/product\/dji-matrice-3d-series-charging-kit\/#breadcrumb\"},\"inLanguage\":\"pt-PT\",\"potentialAction\":[{\"@type\":\"ReadAction\",\"target\":[\"https:\/\/www.ghostysky.com\/product\/dji-matrice-3d-series-charging-kit\/\"]}]},{\"@type\":\"ImageObject\",\"inLanguage\":\"pt-PT\",\"@id\":\"https:\/\/www.ghostysky.com\/product\/dji-matrice-3d-series-charging-kit\/#primaryimage\",\"url\":\"https:\/\/www.ghostysky.com\/wp-content\/uploads\/2024\/04\/GH_DJI-Matrice-3D-Series-Charging-Kit_1.jpg\",\"contentUrl\":\"https:\/\/www.ghostysky.com\/wp-content\/uploads\/2024\/04\/GH_DJI-Matrice-3D-Series-Charging-Kit_1.jpg\",\"width\":800,\"height\":800},{\"@type\":\"BreadcrumbList\",\"@id\":\"https:\/\/www.ghostysky.com\/product\/dji-matrice-3d-series-charging-kit\/#breadcrumb\",\"itemListElement\":[{\"@type\":\"ListItem\",\"position\":1,\"name\":\"Home\",\"item\":\"https:\/\/www.ghostysky.com\/\"},{\"@type\":\"ListItem\",\"position\":2,\"name\":\"Shop\",\"item\":\"https:\/\/www.ghostysky.com\/shop\/\"},{\"@type\":\"ListItem\",\"position\":3,\"name\":\"DJI Matrice 3D Series Charging Kit\"}]},{\"@type\":\"WebSite\",\"@id\":\"https:\/\/www.ghostysky.com\/#website\",\"url\":\"https:\/\/www.ghostysky.com\/\",\"name\":\"Ghostysky\",\"description\":\"Delivering professional drones and services\",\"publisher\":{\"@id\":\"https:\/\/www.ghostysky.com\/#organization\"},\"potentialAction\":[{\"@type\":\"SearchAction\",\"target\":{\"@type\":\"EntryPoint\",\"urlTemplate\":\"https:\/\/www.ghostysky.com\/?s={search_term_string}\"},\"query-input\":{\"@type\":\"PropertyValueSpecification\",\"valueRequired\":true,\"valueName\":\"search_term_string\"}}],\"inLanguage\":\"pt-PT\"},{\"@type\":\"Organization\",\"@id\":\"https:\/\/www.ghostysky.com\/#organization\",\"name\":\"Ghostysky\",\"url\":\"https:\/\/www.ghostysky.com\/\",\"logo\":{\"@type\":\"ImageObject\",\"inLanguage\":\"pt-PT\",\"@id\":\"https:\/\/www.ghostysky.com\/#\/schema\/logo\/image\/\",\"url\":\"https:\/\/www.ghostysky.com\/wp-content\/uploads\/2020\/06\/cropped-ghostyskylogo_text_white2.png\",\"contentUrl\":\"https:\/\/www.ghostysky.com\/wp-content\/uploads\/2020\/06\/cropped-ghostyskylogo_text_white2.png\",\"width\":169,\"height\":56,\"caption\":\"Ghostysky\"},\"image\":{\"@id\":\"https:\/\/www.ghostysky.com\/#\/schema\/logo\/image\/\"},\"sameAs\":[\"https:\/\/www.facebook.com\/people\/Ghostysky\/100057676170234\/\",\"https:\/\/x.com\/Gh0stysky\",\"https:\/\/www.linkedin.com\/company\/34739653\",\"https:\/\/www.instagram.com\/gh0stysky\"]}]}<\/script>\n<!-- \/ Yoast SEO plugin. -->","yoast_head_json":{"title":"Kit de carregamento DJI Matrice s\u00e9rie 3D - Ghostysky","description":"O kit de carregamento da s\u00e9rie DJI Matrice 3D \u00e9 um acess\u00f3rio projetado especificamente para a s\u00e9rie de drones DJI Matrice 3D. Ajuda voc\u00ea a carregar as baterias do seu drone de maneira eficiente e conveniente.","robots":{"index":"index","follow":"follow","max-snippet":"max-snippet:-1","max-image-preview":"max-image-preview:large","max-video-preview":"max-video-preview:-1"},"canonical":"https:\/\/www.ghostysky.com\/pt\/produto-2\/dji-matrice-3d-series-charging-kit\/","og_locale":"pt_PT","og_type":"article","og_title":"DJI Matrice 3D Series Charging Kit - Ghostysky","og_description":"The DJI Matrice 3D Series Charging Kit is an accessory designed specifically for the DJI Matrice 3D series of drones. It helps you charge your drone's batteries efficiently and conveniently.","og_url":"https:\/\/www.ghostysky.com\/pt\/produto-2\/dji-matrice-3d-series-charging-kit\/","og_site_name":"Ghostysky","article_publisher":"https:\/\/www.facebook.com\/people\/Ghostysky\/100057676170234\/","article_modified_time":"2024-08-08T13:23:02+00:00","og_image":[{"width":800,"height":800,"url":"https:\/\/www.ghostysky.com\/wp-content\/uploads\/2024\/04\/GH_DJI-Matrice-3D-Series-Charging-Kit_1.jpg","type":"image\/jpeg"}],"twitter_card":"summary_large_image","twitter_site":"@Gh0stysky","twitter_misc":{"Tempo estimado de leitura":"1 minuto"},"schema":{"@context":"https:\/\/schema.org","@graph":[{"@type":"WebPage","@id":"https:\/\/www.ghostysky.com\/product\/dji-matrice-3d-series-charging-kit\/","url":"https:\/\/www.ghostysky.com\/product\/dji-matrice-3d-series-charging-kit\/","name":"Kit de carregamento DJI Matrice s\u00e9rie 3D - Ghostysky","isPartOf":{"@id":"https:\/\/www.ghostysky.com\/#website"},"primaryImageOfPage":{"@id":"https:\/\/www.ghostysky.com\/product\/dji-matrice-3d-series-charging-kit\/#primaryimage"},"image":{"@id":"https:\/\/www.ghostysky.com\/product\/dji-matrice-3d-series-charging-kit\/#primaryimage"},"thumbnailUrl":"https:\/\/www.ghostysky.com\/wp-content\/uploads\/2024\/04\/GH_DJI-Matrice-3D-Series-Charging-Kit_1.jpg","datePublished":"2024-04-18T16:49:10+00:00","dateModified":"2024-08-08T13:23:02+00:00","description":"O kit de carregamento da s\u00e9rie DJI Matrice 3D \u00e9 um acess\u00f3rio projetado especificamente para a s\u00e9rie de drones DJI Matrice 3D. Ajuda voc\u00ea a carregar as baterias do seu drone de maneira eficiente e conveniente.","breadcrumb":{"@id":"https:\/\/www.ghostysky.com\/product\/dji-matrice-3d-series-charging-kit\/#breadcrumb"},"inLanguage":"pt-PT","potentialAction":[{"@type":"ReadAction","target":["https:\/\/www.ghostysky.com\/product\/dji-matrice-3d-series-charging-kit\/"]}]},{"@type":"ImageObject","inLanguage":"pt-PT","@id":"https:\/\/www.ghostysky.com\/product\/dji-matrice-3d-series-charging-kit\/#primaryimage","url":"https:\/\/www.ghostysky.com\/wp-content\/uploads\/2024\/04\/GH_DJI-Matrice-3D-Series-Charging-Kit_1.jpg","contentUrl":"https:\/\/www.ghostysky.com\/wp-content\/uploads\/2024\/04\/GH_DJI-Matrice-3D-Series-Charging-Kit_1.jpg","width":800,"height":800},{"@type":"BreadcrumbList","@id":"https:\/\/www.ghostysky.com\/product\/dji-matrice-3d-series-charging-kit\/#breadcrumb","itemListElement":[{"@type":"ListItem","position":1,"name":"Home","item":"https:\/\/www.ghostysky.com\/"},{"@type":"ListItem","position":2,"name":"Shop","item":"https:\/\/www.ghostysky.com\/shop\/"},{"@type":"ListItem","position":3,"name":"DJI Matrice 3D Series Charging Kit"}]},{"@type":"WebSite","@id":"https:\/\/www.ghostysky.com\/#website","url":"https:\/\/www.ghostysky.com\/","name":"Ghostysky","description":"Fornecendo drones e servi\u00e7os profissionais","publisher":{"@id":"https:\/\/www.ghostysky.com\/#organization"},"potentialAction":[{"@type":"SearchAction","target":{"@type":"EntryPoint","urlTemplate":"https:\/\/www.ghostysky.com\/?s={search_term_string}"},"query-input":{"@type":"PropertyValueSpecification","valueRequired":true,"valueName":"search_term_string"}}],"inLanguage":"pt-PT"},{"@type":"Organization","@id":"https:\/\/www.ghostysky.com\/#organization","name":"Ghostysky","url":"https:\/\/www.ghostysky.com\/","logo":{"@type":"ImageObject","inLanguage":"pt-PT","@id":"https:\/\/www.ghostysky.com\/#\/schema\/logo\/image\/","url":"https:\/\/www.ghostysky.com\/wp-content\/uploads\/2020\/06\/cropped-ghostyskylogo_text_white2.png","contentUrl":"https:\/\/www.ghostysky.com\/wp-content\/uploads\/2020\/06\/cropped-ghostyskylogo_text_white2.png","width":169,"height":56,"caption":"Ghostysky"},"image":{"@id":"https:\/\/www.ghostysky.com\/#\/schema\/logo\/image\/"},"sameAs":["https:\/\/www.facebook.com\/people\/Ghostysky\/100057676170234\/","https:\/\/x.com\/Gh0stysky","https:\/\/www.linkedin.com\/company\/34739653","https:\/\/www.instagram.com\/gh0stysky"]}]}},"_links":{"self":[{"href":"https:\/\/www.ghostysky.com\/pt\/wp-json\/wp\/v2\/product\/18406","targetHints":{"allow":["GET"]}}],"collection":[{"href":"https:\/\/www.ghostysky.com\/pt\/wp-json\/wp\/v2\/product"}],"about":[{"href":"https:\/\/www.ghostysky.com\/pt\/wp-json\/wp\/v2\/types\/product"}],"replies":[{"embeddable":true,"href":"https:\/\/www.ghostysky.com\/pt\/wp-json\/wp\/v2\/comments?post=18406"}],"wp:featuredmedia":[{"embeddable":true,"href":"https:\/\/www.ghostysky.com\/pt\/wp-json\/wp\/v2\/media\/18407"}],"wp:attachment":[{"href":"https:\/\/www.ghostysky.com\/pt\/wp-json\/wp\/v2\/media?parent=18406"}],"wp:term":[{"taxonomy":"product_brand","embeddable":true,"href":"https:\/\/www.ghostysky.com\/pt\/wp-json\/wp\/v2\/product_brand?post=18406"},{"taxonomy":"product_cat","embeddable":true,"href":"https:\/\/www.ghostysky.com\/pt\/wp-json\/wp\/v2\/product_cat?post=18406"},{"taxonomy":"product_tag","embeddable":true,"href":"https:\/\/www.ghostysky.com\/pt\/wp-json\/wp\/v2\/product_tag?post=18406"}],"curies":[{"name":"wp","href":"https:\/\/api.w.org\/{rel}","templated":true}]}}