{"id":18408,"date":"2024-04-18T16:55:14","date_gmt":"2024-04-18T16:55:14","guid":{"rendered":"https:\/\/www.ghostysky.com\/?post_type=product&#038;p=18408"},"modified":"2024-08-08T13:23:48","modified_gmt":"2024-08-08T13:23:48","slug":"dji-matrice-3d-series-propellers","status":"publish","type":"product","link":"https:\/\/www.ghostysky.com\/pt\/product\/dji-matrice-3d-series-propellers\/","title":{"rendered":"H\u00e9lices da s\u00e9rie DJI Matrice 3D"},"content":{"rendered":"<h3 data-sourcepos=\"1:1-1:199\">Recursos<\/h3>\n<ul data-sourcepos=\"3:1-5:0\">\n<li data-sourcepos=\"3:1-3:170\"><strong>Maior estabilidade e manobrabilidade:<\/strong>\u00a0Seu equil\u00edbrio preciso e design aerodin\u00e2mico permitem um voo mais suave, o que \u00e9 importante ao capturar imagens a\u00e9reas.<\/li>\n<li data-sourcepos=\"4:1-5:0\"><strong>Barulho baixo:<\/strong>\u00a0Eles s\u00e3o projetados para serem mais silenciosos que as h\u00e9lices padr\u00e3o, tornando-os ideais para uso em \u00e1reas sens\u00edveis ao ru\u00eddo.<\/li>\n<\/ul>\n<p data-sourcepos=\"6:1-6:165\">No geral, as h\u00e9lices DJI Matrice S\u00e9rie 3D s\u00e3o uma boa op\u00e7\u00e3o para pilotos que desejam melhorar o desempenho de voo e o perfil de ru\u00eddo de seu drone Matrice S\u00e9rie 3D.<\/p>","protected":false},"excerpt":{"rendered":"<p>As h\u00e9lices da s\u00e9rie DJI Matrice 3D s\u00e3o projetadas para os drones da s\u00e9rie DJI Matrice 3D e tamb\u00e9m s\u00e3o compat\u00edveis com a esta\u00e7\u00e3o de carregamento DJI Dock 2.<\/p>","protected":false},"featured_media":18409,"comment_status":"open","ping_status":"closed","template":"","meta":[],"product_brand":[],"product_cat":[851,37,816,29],"product_tag":[42,817,853,168],"class_list":{"0":"post-18408","1":"product","2":"type-product","3":"status-publish","4":"has-post-thumbnail","6":"product_cat-accessories-dock2","7":"product_cat-dji","8":"product_cat-dock-2","9":"product_cat-drones","10":"product_tag-dji","11":"product_tag-dock-2","12":"product_tag-matrice-3d-series","13":"product_tag-propellers","15":"first","16":"onbackorder","17":"taxable","18":"shipping-taxable","19":"purchasable","20":"product-type-simple"},"yoast_head":"<!-- This site is optimized with the Yoast SEO plugin v27.4 - https:\/\/yoast.com\/product\/yoast-seo-wordpress\/ -->\n<title>DJI Matrice 3D Series Propellers - Ghostysky<\/title>\n<meta name=\"description\" content=\"DJI Matrice 3D Series Propellers are designed for the DJI Matrice 3D Series drones and are also compatible with the DJI Dock 2 charging station.\" \/>\n<meta name=\"robots\" content=\"index, follow, max-snippet:-1, max-image-preview:large, max-video-preview:-1\" \/>\n<link rel=\"canonical\" href=\"https:\/\/www.ghostysky.com\/pt\/produto-2\/dji-matrice-3d-series-propellers\/\" \/>\n<meta property=\"og:locale\" content=\"pt_PT\" \/>\n<meta property=\"og:type\" content=\"article\" \/>\n<meta property=\"og:title\" content=\"DJI Matrice 3D Series Propellers - Ghostysky\" \/>\n<meta property=\"og:description\" content=\"DJI Matrice 3D Series Propellers are designed for the DJI Matrice 3D Series drones and are also compatible with the DJI Dock 2 charging station.\" \/>\n<meta property=\"og:url\" content=\"https:\/\/www.ghostysky.com\/pt\/produto-2\/dji-matrice-3d-series-propellers\/\" \/>\n<meta property=\"og:site_name\" content=\"Ghostysky\" \/>\n<meta property=\"article:publisher\" content=\"https:\/\/www.facebook.com\/people\/Ghostysky\/100057676170234\/\" \/>\n<meta property=\"article:modified_time\" content=\"2024-08-08T13:23:48+00:00\" \/>\n<meta property=\"og:image\" content=\"https:\/\/www.ghostysky.com\/wp-content\/uploads\/2024\/04\/GH_DJI-Matrice-3D-Series-Propellers_1.jpg\" \/>\n\t<meta property=\"og:image:width\" content=\"800\" \/>\n\t<meta property=\"og:image:height\" content=\"800\" \/>\n\t<meta property=\"og:image:type\" content=\"image\/jpeg\" \/>\n<meta name=\"twitter:card\" content=\"summary_large_image\" \/>\n<meta name=\"twitter:site\" content=\"@Gh0stysky\" \/>\n<meta name=\"twitter:label1\" content=\"Tempo estimado de leitura\" \/>\n\t<meta name=\"twitter:data1\" content=\"1 minuto\" \/>\n<script type=\"application\/ld+json\" class=\"yoast-schema-graph\">{\"@context\":\"https:\\\/\\\/schema.org\",\"@graph\":[{\"@type\":\"WebPage\",\"@id\":\"https:\\\/\\\/www.ghostysky.com\\\/product\\\/dji-matrice-3d-series-propellers\\\/\",\"url\":\"https:\\\/\\\/www.ghostysky.com\\\/product\\\/dji-matrice-3d-series-propellers\\\/\",\"name\":\"DJI Matrice 3D Series Propellers - Ghostysky\",\"isPartOf\":{\"@id\":\"https:\\\/\\\/www.ghostysky.com\\\/#website\"},\"primaryImageOfPage\":{\"@id\":\"https:\\\/\\\/www.ghostysky.com\\\/product\\\/dji-matrice-3d-series-propellers\\\/#primaryimage\"},\"image\":{\"@id\":\"https:\\\/\\\/www.ghostysky.com\\\/product\\\/dji-matrice-3d-series-propellers\\\/#primaryimage\"},\"thumbnailUrl\":\"https:\\\/\\\/www.ghostysky.com\\\/wp-content\\\/uploads\\\/2024\\\/04\\\/GH_DJI-Matrice-3D-Series-Propellers_1.jpg\",\"datePublished\":\"2024-04-18T16:55:14+00:00\",\"dateModified\":\"2024-08-08T13:23:48+00:00\",\"description\":\"DJI Matrice 3D Series Propellers are designed for the DJI Matrice 3D Series drones and are also compatible with the DJI Dock 2 charging station.\",\"breadcrumb\":{\"@id\":\"https:\\\/\\\/www.ghostysky.com\\\/product\\\/dji-matrice-3d-series-propellers\\\/#breadcrumb\"},\"inLanguage\":\"pt-PT\",\"potentialAction\":[{\"@type\":\"ReadAction\",\"target\":[\"https:\\\/\\\/www.ghostysky.com\\\/product\\\/dji-matrice-3d-series-propellers\\\/\"]}]},{\"@type\":\"ImageObject\",\"inLanguage\":\"pt-PT\",\"@id\":\"https:\\\/\\\/www.ghostysky.com\\\/product\\\/dji-matrice-3d-series-propellers\\\/#primaryimage\",\"url\":\"https:\\\/\\\/www.ghostysky.com\\\/wp-content\\\/uploads\\\/2024\\\/04\\\/GH_DJI-Matrice-3D-Series-Propellers_1.jpg\",\"contentUrl\":\"https:\\\/\\\/www.ghostysky.com\\\/wp-content\\\/uploads\\\/2024\\\/04\\\/GH_DJI-Matrice-3D-Series-Propellers_1.jpg\",\"width\":800,\"height\":800},{\"@type\":\"BreadcrumbList\",\"@id\":\"https:\\\/\\\/www.ghostysky.com\\\/product\\\/dji-matrice-3d-series-propellers\\\/#breadcrumb\",\"itemListElement\":[{\"@type\":\"ListItem\",\"position\":1,\"name\":\"Home\",\"item\":\"https:\\\/\\\/www.ghostysky.com\\\/\"},{\"@type\":\"ListItem\",\"position\":2,\"name\":\"Shop\",\"item\":\"https:\\\/\\\/www.ghostysky.com\\\/shop\\\/\"},{\"@type\":\"ListItem\",\"position\":3,\"name\":\"DJI Matrice 3D Series Propellers\"}]},{\"@type\":\"WebSite\",\"@id\":\"https:\\\/\\\/www.ghostysky.com\\\/#website\",\"url\":\"https:\\\/\\\/www.ghostysky.com\\\/\",\"name\":\"Ghostysky\",\"description\":\"Delivering professional drones and services\",\"publisher\":{\"@id\":\"https:\\\/\\\/www.ghostysky.com\\\/#organization\"},\"potentialAction\":[{\"@type\":\"SearchAction\",\"target\":{\"@type\":\"EntryPoint\",\"urlTemplate\":\"https:\\\/\\\/www.ghostysky.com\\\/?s={search_term_string}\"},\"query-input\":{\"@type\":\"PropertyValueSpecification\",\"valueRequired\":true,\"valueName\":\"search_term_string\"}}],\"inLanguage\":\"pt-PT\"},{\"@type\":\"Organization\",\"@id\":\"https:\\\/\\\/www.ghostysky.com\\\/#organization\",\"name\":\"Ghostysky\",\"url\":\"https:\\\/\\\/www.ghostysky.com\\\/\",\"logo\":{\"@type\":\"ImageObject\",\"inLanguage\":\"pt-PT\",\"@id\":\"https:\\\/\\\/www.ghostysky.com\\\/#\\\/schema\\\/logo\\\/image\\\/\",\"url\":\"https:\\\/\\\/www.ghostysky.com\\\/wp-content\\\/uploads\\\/2020\\\/06\\\/cropped-ghostyskylogo_text_white2.png\",\"contentUrl\":\"https:\\\/\\\/www.ghostysky.com\\\/wp-content\\\/uploads\\\/2020\\\/06\\\/cropped-ghostyskylogo_text_white2.png\",\"width\":169,\"height\":56,\"caption\":\"Ghostysky\"},\"image\":{\"@id\":\"https:\\\/\\\/www.ghostysky.com\\\/#\\\/schema\\\/logo\\\/image\\\/\"},\"sameAs\":[\"https:\\\/\\\/www.facebook.com\\\/people\\\/Ghostysky\\\/100057676170234\\\/\",\"https:\\\/\\\/x.com\\\/Gh0stysky\",\"https:\\\/\\\/www.linkedin.com\\\/company\\\/34739653\",\"https:\\\/\\\/www.instagram.com\\\/gh0stysky\"]}]}<\/script>\n<!-- \/ Yoast SEO plugin. -->","yoast_head_json":{"title":"H\u00e9lices da s\u00e9rie DJI Matrice 3D - Ghostysky","description":"As h\u00e9lices da s\u00e9rie DJI Matrice 3D s\u00e3o projetadas para os drones da s\u00e9rie DJI Matrice 3D e tamb\u00e9m s\u00e3o compat\u00edveis com a esta\u00e7\u00e3o de carregamento DJI Dock 2.","robots":{"index":"index","follow":"follow","max-snippet":"max-snippet:-1","max-image-preview":"max-image-preview:large","max-video-preview":"max-video-preview:-1"},"canonical":"https:\/\/www.ghostysky.com\/pt\/produto-2\/dji-matrice-3d-series-propellers\/","og_locale":"pt_PT","og_type":"article","og_title":"DJI Matrice 3D Series Propellers - Ghostysky","og_description":"DJI Matrice 3D Series Propellers are designed for the DJI Matrice 3D Series drones and are also compatible with the DJI Dock 2 charging station.","og_url":"https:\/\/www.ghostysky.com\/pt\/produto-2\/dji-matrice-3d-series-propellers\/","og_site_name":"Ghostysky","article_publisher":"https:\/\/www.facebook.com\/people\/Ghostysky\/100057676170234\/","article_modified_time":"2024-08-08T13:23:48+00:00","og_image":[{"width":800,"height":800,"url":"https:\/\/www.ghostysky.com\/wp-content\/uploads\/2024\/04\/GH_DJI-Matrice-3D-Series-Propellers_1.jpg","type":"image\/jpeg"}],"twitter_card":"summary_large_image","twitter_site":"@Gh0stysky","twitter_misc":{"Tempo estimado de leitura":"1 minuto"},"schema":{"@context":"https:\/\/schema.org","@graph":[{"@type":"WebPage","@id":"https:\/\/www.ghostysky.com\/product\/dji-matrice-3d-series-propellers\/","url":"https:\/\/www.ghostysky.com\/product\/dji-matrice-3d-series-propellers\/","name":"H\u00e9lices da s\u00e9rie DJI Matrice 3D - Ghostysky","isPartOf":{"@id":"https:\/\/www.ghostysky.com\/#website"},"primaryImageOfPage":{"@id":"https:\/\/www.ghostysky.com\/product\/dji-matrice-3d-series-propellers\/#primaryimage"},"image":{"@id":"https:\/\/www.ghostysky.com\/product\/dji-matrice-3d-series-propellers\/#primaryimage"},"thumbnailUrl":"https:\/\/www.ghostysky.com\/wp-content\/uploads\/2024\/04\/GH_DJI-Matrice-3D-Series-Propellers_1.jpg","datePublished":"2024-04-18T16:55:14+00:00","dateModified":"2024-08-08T13:23:48+00:00","description":"As h\u00e9lices da s\u00e9rie DJI Matrice 3D s\u00e3o projetadas para os drones da s\u00e9rie DJI Matrice 3D e tamb\u00e9m s\u00e3o compat\u00edveis com a esta\u00e7\u00e3o de carregamento DJI Dock 2.","breadcrumb":{"@id":"https:\/\/www.ghostysky.com\/product\/dji-matrice-3d-series-propellers\/#breadcrumb"},"inLanguage":"pt-PT","potentialAction":[{"@type":"ReadAction","target":["https:\/\/www.ghostysky.com\/product\/dji-matrice-3d-series-propellers\/"]}]},{"@type":"ImageObject","inLanguage":"pt-PT","@id":"https:\/\/www.ghostysky.com\/product\/dji-matrice-3d-series-propellers\/#primaryimage","url":"https:\/\/www.ghostysky.com\/wp-content\/uploads\/2024\/04\/GH_DJI-Matrice-3D-Series-Propellers_1.jpg","contentUrl":"https:\/\/www.ghostysky.com\/wp-content\/uploads\/2024\/04\/GH_DJI-Matrice-3D-Series-Propellers_1.jpg","width":800,"height":800},{"@type":"BreadcrumbList","@id":"https:\/\/www.ghostysky.com\/product\/dji-matrice-3d-series-propellers\/#breadcrumb","itemListElement":[{"@type":"ListItem","position":1,"name":"Home","item":"https:\/\/www.ghostysky.com\/"},{"@type":"ListItem","position":2,"name":"Shop","item":"https:\/\/www.ghostysky.com\/shop\/"},{"@type":"ListItem","position":3,"name":"DJI Matrice 3D Series Propellers"}]},{"@type":"WebSite","@id":"https:\/\/www.ghostysky.com\/#website","url":"https:\/\/www.ghostysky.com\/","name":"Ghostysky","description":"Fornecendo drones e servi\u00e7os profissionais","publisher":{"@id":"https:\/\/www.ghostysky.com\/#organization"},"potentialAction":[{"@type":"SearchAction","target":{"@type":"EntryPoint","urlTemplate":"https:\/\/www.ghostysky.com\/?s={search_term_string}"},"query-input":{"@type":"PropertyValueSpecification","valueRequired":true,"valueName":"search_term_string"}}],"inLanguage":"pt-PT"},{"@type":"Organization","@id":"https:\/\/www.ghostysky.com\/#organization","name":"Ghostysky","url":"https:\/\/www.ghostysky.com\/","logo":{"@type":"ImageObject","inLanguage":"pt-PT","@id":"https:\/\/www.ghostysky.com\/#\/schema\/logo\/image\/","url":"https:\/\/www.ghostysky.com\/wp-content\/uploads\/2020\/06\/cropped-ghostyskylogo_text_white2.png","contentUrl":"https:\/\/www.ghostysky.com\/wp-content\/uploads\/2020\/06\/cropped-ghostyskylogo_text_white2.png","width":169,"height":56,"caption":"Ghostysky"},"image":{"@id":"https:\/\/www.ghostysky.com\/#\/schema\/logo\/image\/"},"sameAs":["https:\/\/www.facebook.com\/people\/Ghostysky\/100057676170234\/","https:\/\/x.com\/Gh0stysky","https:\/\/www.linkedin.com\/company\/34739653","https:\/\/www.instagram.com\/gh0stysky"]}]}},"_links":{"self":[{"href":"https:\/\/www.ghostysky.com\/pt\/wp-json\/wp\/v2\/product\/18408","targetHints":{"allow":["GET"]}}],"collection":[{"href":"https:\/\/www.ghostysky.com\/pt\/wp-json\/wp\/v2\/product"}],"about":[{"href":"https:\/\/www.ghostysky.com\/pt\/wp-json\/wp\/v2\/types\/product"}],"replies":[{"embeddable":true,"href":"https:\/\/www.ghostysky.com\/pt\/wp-json\/wp\/v2\/comments?post=18408"}],"version-history":[{"count":0,"href":"https:\/\/www.ghostysky.com\/pt\/wp-json\/wp\/v2\/product\/18408\/revisions"}],"wp:featuredmedia":[{"embeddable":true,"href":"https:\/\/www.ghostysky.com\/pt\/wp-json\/wp\/v2\/media\/18409"}],"wp:attachment":[{"href":"https:\/\/www.ghostysky.com\/pt\/wp-json\/wp\/v2\/media?parent=18408"}],"wp:term":[{"taxonomy":"product_brand","embeddable":true,"href":"https:\/\/www.ghostysky.com\/pt\/wp-json\/wp\/v2\/product_brand?post=18408"},{"taxonomy":"product_cat","embeddable":true,"href":"https:\/\/www.ghostysky.com\/pt\/wp-json\/wp\/v2\/product_cat?post=18408"},{"taxonomy":"product_tag","embeddable":true,"href":"https:\/\/www.ghostysky.com\/pt\/wp-json\/wp\/v2\/product_tag?post=18408"}],"curies":[{"name":"wp","href":"https:\/\/api.w.org\/{rel}","templated":true}]}}