{"id":18412,"date":"2024-04-18T17:27:40","date_gmt":"2024-04-18T17:27:40","guid":{"rendered":"https:\/\/www.ghostysky.com\/?post_type=product&#038;p=18412"},"modified":"2024-10-31T21:17:47","modified_gmt":"2024-10-31T21:17:47","slug":"dji-care-enterprise-plus-dji-matrice-3d","status":"publish","type":"product","link":"https:\/\/www.ghostysky.com\/pt\/product\/dji-care-enterprise-plus-dji-matrice-3d\/","title":{"rendered":"DJI Care Enterprise Plus (DJI Matrice 3D)"},"content":{"rendered":"<h3 data-sourcepos=\"3:1-3:74\">Caracter\u00edsticas principais<\/h3>\n<ul data-sourcepos=\"5:1-8:0\">\n<li data-sourcepos=\"5:1-5:252\"><strong>Reparos ou substitui\u00e7\u00f5es ilimitadas:<\/strong>\u00a0Em caso de dano acidental, a DJI consertar\u00e1 seu drone ou o substituir\u00e1 por uma unidade recondicionada gratuitamente. N\u00e3o h\u00e1 limite para o n\u00famero de reparos ou substitui\u00e7\u00f5es que voc\u00ea pode solicitar dentro do per\u00edodo de cobertura.<\/li>\n<li data-sourcepos=\"6:1-6:101\"><strong>Substitui\u00e7\u00f5es gratuitas de bateria:<\/strong>\u00a0O plano cobre at\u00e9 duas substitui\u00e7\u00f5es gratuitas de bateria em um ano.<\/li>\n<li data-sourcepos=\"7:1-8:0\"><strong>Servi\u00e7o de manuten\u00e7\u00e3o padr\u00e3o:<\/strong>\u00a0A DJI fornecer\u00e1 servi\u00e7o de manuten\u00e7\u00e3o padr\u00e3o para seu Matrice 3D durante o per\u00edodo de cobertura.<\/li>\n<\/ul>\n<p data-sourcepos=\"9:1-9:202\">No geral, DJI Care Enterprise Plus \u00e9 uma boa op\u00e7\u00e3o para empresas que dependem de seu Matrice 3D para opera\u00e7\u00f5es cr\u00edticas e desejam tranquilidade sabendo que seu investimento est\u00e1 protegido em caso de acidentes.<\/p>","protected":false},"excerpt":{"rendered":"<p>DJI Care Enterprise Plus \u00e9 um plano de prote\u00e7\u00e3o contra danos oferecido pela DJI para seus produtos comerciais de drones, incluindo o Matrice 3D. Ele fornece cobertura abrangente para danos acidentais ao seu drone, gimbal e c\u00e2mera, incluindo colis\u00f5es, danos causados pela \u00e1gua e interfer\u00eancia de sinal.<\/p>","protected":false},"featured_media":18411,"comment_status":"open","ping_status":"closed","template":"","meta":[],"product_brand":[],"product_cat":[851,37,816,29],"product_tag":[855,42,857],"class_list":{"0":"post-18412","1":"product","2":"type-product","3":"status-publish","4":"has-post-thumbnail","6":"product_cat-accessories-dock2","7":"product_cat-dji","8":"product_cat-dock-2","9":"product_cat-drones","10":"product_tag-care-enterprise-plus","11":"product_tag-dji","12":"product_tag-dji-matrice-3d","14":"first","15":"instock","16":"taxable","17":"shipping-taxable","18":"purchasable","19":"product-type-simple"},"yoast_head":"<!-- This site is optimized with the Yoast SEO plugin v27.4 - https:\/\/yoast.com\/product\/yoast-seo-wordpress\/ -->\n<title>DJI Care Enterprise Plus (DJI Matrice 3D) - Ghostysky<\/title>\n<meta name=\"description\" content=\"DJI Care Enterprise Plus is a damage protection plan offered by DJI for their commercial drone products, including the Matrice 3D. It provides comprehensive coverage for accidental damage to your drone, gimbal, and camera, including crashes, water damage, and signal interference.\" \/>\n<meta name=\"robots\" content=\"index, follow, max-snippet:-1, max-image-preview:large, max-video-preview:-1\" \/>\n<link rel=\"canonical\" href=\"https:\/\/www.ghostysky.com\/pt\/produto-2\/dji-care-enterprise-plus-dji-matrice-3d\/\" \/>\n<meta property=\"og:locale\" content=\"pt_PT\" \/>\n<meta property=\"og:type\" content=\"article\" \/>\n<meta property=\"og:title\" content=\"DJI Care Enterprise Plus (DJI Matrice 3D) - Ghostysky\" \/>\n<meta property=\"og:description\" content=\"DJI Care Enterprise Plus is a damage protection plan offered by DJI for their commercial drone products, including the Matrice 3D. It provides comprehensive coverage for accidental damage to your drone, gimbal, and camera, including crashes, water damage, and signal interference.\" \/>\n<meta property=\"og:url\" content=\"https:\/\/www.ghostysky.com\/pt\/produto-2\/dji-care-enterprise-plus-dji-matrice-3d\/\" \/>\n<meta property=\"og:site_name\" content=\"Ghostysky\" \/>\n<meta property=\"article:publisher\" content=\"https:\/\/www.facebook.com\/people\/Ghostysky\/100057676170234\/\" \/>\n<meta property=\"article:modified_time\" content=\"2024-10-31T21:17:47+00:00\" \/>\n<meta property=\"og:image\" content=\"https:\/\/www.ghostysky.com\/wp-content\/uploads\/2024\/04\/GH_dji-care-enterprise.jpg\" \/>\n\t<meta property=\"og:image:width\" content=\"1200\" \/>\n\t<meta property=\"og:image:height\" content=\"1200\" \/>\n\t<meta property=\"og:image:type\" content=\"image\/jpeg\" \/>\n<meta name=\"twitter:card\" content=\"summary_large_image\" \/>\n<meta name=\"twitter:site\" content=\"@Gh0stysky\" \/>\n<meta name=\"twitter:label1\" content=\"Tempo estimado de leitura\" \/>\n\t<meta name=\"twitter:data1\" content=\"1 minuto\" \/>\n<script type=\"application\/ld+json\" class=\"yoast-schema-graph\">{\"@context\":\"https:\\\/\\\/schema.org\",\"@graph\":[{\"@type\":\"WebPage\",\"@id\":\"https:\\\/\\\/www.ghostysky.com\\\/product\\\/dji-care-enterprise-plus-dji-matrice-3d\\\/\",\"url\":\"https:\\\/\\\/www.ghostysky.com\\\/product\\\/dji-care-enterprise-plus-dji-matrice-3d\\\/\",\"name\":\"DJI Care Enterprise Plus (DJI Matrice 3D) - Ghostysky\",\"isPartOf\":{\"@id\":\"https:\\\/\\\/www.ghostysky.com\\\/#website\"},\"primaryImageOfPage\":{\"@id\":\"https:\\\/\\\/www.ghostysky.com\\\/product\\\/dji-care-enterprise-plus-dji-matrice-3d\\\/#primaryimage\"},\"image\":{\"@id\":\"https:\\\/\\\/www.ghostysky.com\\\/product\\\/dji-care-enterprise-plus-dji-matrice-3d\\\/#primaryimage\"},\"thumbnailUrl\":\"https:\\\/\\\/www.ghostysky.com\\\/wp-content\\\/uploads\\\/2024\\\/04\\\/GH_dji-care-enterprise.jpg\",\"datePublished\":\"2024-04-18T17:27:40+00:00\",\"dateModified\":\"2024-10-31T21:17:47+00:00\",\"description\":\"DJI Care Enterprise Plus is a damage protection plan offered by DJI for their commercial drone products, including the Matrice 3D. It provides comprehensive coverage for accidental damage to your drone, gimbal, and camera, including crashes, water damage, and signal interference.\",\"breadcrumb\":{\"@id\":\"https:\\\/\\\/www.ghostysky.com\\\/product\\\/dji-care-enterprise-plus-dji-matrice-3d\\\/#breadcrumb\"},\"inLanguage\":\"pt-PT\",\"potentialAction\":[{\"@type\":\"ReadAction\",\"target\":[\"https:\\\/\\\/www.ghostysky.com\\\/product\\\/dji-care-enterprise-plus-dji-matrice-3d\\\/\"]}]},{\"@type\":\"ImageObject\",\"inLanguage\":\"pt-PT\",\"@id\":\"https:\\\/\\\/www.ghostysky.com\\\/product\\\/dji-care-enterprise-plus-dji-matrice-3d\\\/#primaryimage\",\"url\":\"https:\\\/\\\/www.ghostysky.com\\\/wp-content\\\/uploads\\\/2024\\\/04\\\/GH_dji-care-enterprise.jpg\",\"contentUrl\":\"https:\\\/\\\/www.ghostysky.com\\\/wp-content\\\/uploads\\\/2024\\\/04\\\/GH_dji-care-enterprise.jpg\",\"width\":1200,\"height\":1200},{\"@type\":\"BreadcrumbList\",\"@id\":\"https:\\\/\\\/www.ghostysky.com\\\/product\\\/dji-care-enterprise-plus-dji-matrice-3d\\\/#breadcrumb\",\"itemListElement\":[{\"@type\":\"ListItem\",\"position\":1,\"name\":\"Home\",\"item\":\"https:\\\/\\\/www.ghostysky.com\\\/\"},{\"@type\":\"ListItem\",\"position\":2,\"name\":\"Shop\",\"item\":\"https:\\\/\\\/www.ghostysky.com\\\/shop\\\/\"},{\"@type\":\"ListItem\",\"position\":3,\"name\":\"DJI Care Enterprise Plus (DJI Matrice 3D)\"}]},{\"@type\":\"WebSite\",\"@id\":\"https:\\\/\\\/www.ghostysky.com\\\/#website\",\"url\":\"https:\\\/\\\/www.ghostysky.com\\\/\",\"name\":\"Ghostysky\",\"description\":\"Delivering professional drones and robotics solutions\",\"publisher\":{\"@id\":\"https:\\\/\\\/www.ghostysky.com\\\/#organization\"},\"potentialAction\":[{\"@type\":\"SearchAction\",\"target\":{\"@type\":\"EntryPoint\",\"urlTemplate\":\"https:\\\/\\\/www.ghostysky.com\\\/?s={search_term_string}\"},\"query-input\":{\"@type\":\"PropertyValueSpecification\",\"valueRequired\":true,\"valueName\":\"search_term_string\"}}],\"inLanguage\":\"pt-PT\"},{\"@type\":\"Organization\",\"@id\":\"https:\\\/\\\/www.ghostysky.com\\\/#organization\",\"name\":\"Ghostysky\",\"url\":\"https:\\\/\\\/www.ghostysky.com\\\/\",\"logo\":{\"@type\":\"ImageObject\",\"inLanguage\":\"pt-PT\",\"@id\":\"https:\\\/\\\/www.ghostysky.com\\\/#\\\/schema\\\/logo\\\/image\\\/\",\"url\":\"https:\\\/\\\/www.ghostysky.com\\\/wp-content\\\/uploads\\\/2020\\\/06\\\/cropped-ghostyskylogo_text_white2.png\",\"contentUrl\":\"https:\\\/\\\/www.ghostysky.com\\\/wp-content\\\/uploads\\\/2020\\\/06\\\/cropped-ghostyskylogo_text_white2.png\",\"width\":169,\"height\":56,\"caption\":\"Ghostysky\"},\"image\":{\"@id\":\"https:\\\/\\\/www.ghostysky.com\\\/#\\\/schema\\\/logo\\\/image\\\/\"},\"sameAs\":[\"https:\\\/\\\/www.facebook.com\\\/people\\\/Ghostysky\\\/100057676170234\\\/\",\"https:\\\/\\\/x.com\\\/Gh0stysky\",\"https:\\\/\\\/www.linkedin.com\\\/company\\\/34739653\",\"https:\\\/\\\/www.instagram.com\\\/gh0stysky\"]}]}<\/script>\n<!-- \/ Yoast SEO plugin. -->","yoast_head_json":{"title":"DJI Care Enterprise Plus (DJI Matrix 3D) - Ghostysky","description":"DJI Care Enterprise Plus \u00e9 um plano de prote\u00e7\u00e3o contra danos oferecido pela DJI para seus produtos comerciais de drones, incluindo o Matrice 3D. Ele fornece cobertura abrangente para danos acidentais ao seu drone, gimbal e c\u00e2mera, incluindo colis\u00f5es, danos causados pela \u00e1gua e interfer\u00eancia de sinal.","robots":{"index":"index","follow":"follow","max-snippet":"max-snippet:-1","max-image-preview":"max-image-preview:large","max-video-preview":"max-video-preview:-1"},"canonical":"https:\/\/www.ghostysky.com\/pt\/produto-2\/dji-care-enterprise-plus-dji-matrice-3d\/","og_locale":"pt_PT","og_type":"article","og_title":"DJI Care Enterprise Plus (DJI Matrice 3D) - Ghostysky","og_description":"DJI Care Enterprise Plus is a damage protection plan offered by DJI for their commercial drone products, including the Matrice 3D. It provides comprehensive coverage for accidental damage to your drone, gimbal, and camera, including crashes, water damage, and signal interference.","og_url":"https:\/\/www.ghostysky.com\/pt\/produto-2\/dji-care-enterprise-plus-dji-matrice-3d\/","og_site_name":"Ghostysky","article_publisher":"https:\/\/www.facebook.com\/people\/Ghostysky\/100057676170234\/","article_modified_time":"2024-10-31T21:17:47+00:00","og_image":[{"width":1200,"height":1200,"url":"https:\/\/www.ghostysky.com\/wp-content\/uploads\/2024\/04\/GH_dji-care-enterprise.jpg","type":"image\/jpeg"}],"twitter_card":"summary_large_image","twitter_site":"@Gh0stysky","twitter_misc":{"Tempo estimado de leitura":"1 minuto"},"schema":{"@context":"https:\/\/schema.org","@graph":[{"@type":"WebPage","@id":"https:\/\/www.ghostysky.com\/product\/dji-care-enterprise-plus-dji-matrice-3d\/","url":"https:\/\/www.ghostysky.com\/product\/dji-care-enterprise-plus-dji-matrice-3d\/","name":"DJI Care Enterprise Plus (DJI Matrix 3D) - Ghostysky","isPartOf":{"@id":"https:\/\/www.ghostysky.com\/#website"},"primaryImageOfPage":{"@id":"https:\/\/www.ghostysky.com\/product\/dji-care-enterprise-plus-dji-matrice-3d\/#primaryimage"},"image":{"@id":"https:\/\/www.ghostysky.com\/product\/dji-care-enterprise-plus-dji-matrice-3d\/#primaryimage"},"thumbnailUrl":"https:\/\/www.ghostysky.com\/wp-content\/uploads\/2024\/04\/GH_dji-care-enterprise.jpg","datePublished":"2024-04-18T17:27:40+00:00","dateModified":"2024-10-31T21:17:47+00:00","description":"DJI Care Enterprise Plus \u00e9 um plano de prote\u00e7\u00e3o contra danos oferecido pela DJI para seus produtos comerciais de drones, incluindo o Matrice 3D. Ele fornece cobertura abrangente para danos acidentais ao seu drone, gimbal e c\u00e2mera, incluindo colis\u00f5es, danos causados pela \u00e1gua e interfer\u00eancia de sinal.","breadcrumb":{"@id":"https:\/\/www.ghostysky.com\/product\/dji-care-enterprise-plus-dji-matrice-3d\/#breadcrumb"},"inLanguage":"pt-PT","potentialAction":[{"@type":"ReadAction","target":["https:\/\/www.ghostysky.com\/product\/dji-care-enterprise-plus-dji-matrice-3d\/"]}]},{"@type":"ImageObject","inLanguage":"pt-PT","@id":"https:\/\/www.ghostysky.com\/product\/dji-care-enterprise-plus-dji-matrice-3d\/#primaryimage","url":"https:\/\/www.ghostysky.com\/wp-content\/uploads\/2024\/04\/GH_dji-care-enterprise.jpg","contentUrl":"https:\/\/www.ghostysky.com\/wp-content\/uploads\/2024\/04\/GH_dji-care-enterprise.jpg","width":1200,"height":1200},{"@type":"BreadcrumbList","@id":"https:\/\/www.ghostysky.com\/product\/dji-care-enterprise-plus-dji-matrice-3d\/#breadcrumb","itemListElement":[{"@type":"ListItem","position":1,"name":"Home","item":"https:\/\/www.ghostysky.com\/"},{"@type":"ListItem","position":2,"name":"Shop","item":"https:\/\/www.ghostysky.com\/shop\/"},{"@type":"ListItem","position":3,"name":"DJI Care Enterprise Plus (DJI Matrice 3D)"}]},{"@type":"WebSite","@id":"https:\/\/www.ghostysky.com\/#website","url":"https:\/\/www.ghostysky.com\/","name":"Ghostysky","description":"Fornecendo solu\u00e7\u00f5es profissionais em drones e rob\u00f3tica.","publisher":{"@id":"https:\/\/www.ghostysky.com\/#organization"},"potentialAction":[{"@type":"SearchAction","target":{"@type":"EntryPoint","urlTemplate":"https:\/\/www.ghostysky.com\/?s={search_term_string}"},"query-input":{"@type":"PropertyValueSpecification","valueRequired":true,"valueName":"search_term_string"}}],"inLanguage":"pt-PT"},{"@type":"Organization","@id":"https:\/\/www.ghostysky.com\/#organization","name":"Ghostysky","url":"https:\/\/www.ghostysky.com\/","logo":{"@type":"ImageObject","inLanguage":"pt-PT","@id":"https:\/\/www.ghostysky.com\/#\/schema\/logo\/image\/","url":"https:\/\/www.ghostysky.com\/wp-content\/uploads\/2020\/06\/cropped-ghostyskylogo_text_white2.png","contentUrl":"https:\/\/www.ghostysky.com\/wp-content\/uploads\/2020\/06\/cropped-ghostyskylogo_text_white2.png","width":169,"height":56,"caption":"Ghostysky"},"image":{"@id":"https:\/\/www.ghostysky.com\/#\/schema\/logo\/image\/"},"sameAs":["https:\/\/www.facebook.com\/people\/Ghostysky\/100057676170234\/","https:\/\/x.com\/Gh0stysky","https:\/\/www.linkedin.com\/company\/34739653","https:\/\/www.instagram.com\/gh0stysky"]}]}},"_links":{"self":[{"href":"https:\/\/www.ghostysky.com\/pt\/wp-json\/wp\/v2\/product\/18412","targetHints":{"allow":["GET"]}}],"collection":[{"href":"https:\/\/www.ghostysky.com\/pt\/wp-json\/wp\/v2\/product"}],"about":[{"href":"https:\/\/www.ghostysky.com\/pt\/wp-json\/wp\/v2\/types\/product"}],"replies":[{"embeddable":true,"href":"https:\/\/www.ghostysky.com\/pt\/wp-json\/wp\/v2\/comments?post=18412"}],"version-history":[{"count":0,"href":"https:\/\/www.ghostysky.com\/pt\/wp-json\/wp\/v2\/product\/18412\/revisions"}],"wp:featuredmedia":[{"embeddable":true,"href":"https:\/\/www.ghostysky.com\/pt\/wp-json\/wp\/v2\/media\/18411"}],"wp:attachment":[{"href":"https:\/\/www.ghostysky.com\/pt\/wp-json\/wp\/v2\/media?parent=18412"}],"wp:term":[{"taxonomy":"product_brand","embeddable":true,"href":"https:\/\/www.ghostysky.com\/pt\/wp-json\/wp\/v2\/product_brand?post=18412"},{"taxonomy":"product_cat","embeddable":true,"href":"https:\/\/www.ghostysky.com\/pt\/wp-json\/wp\/v2\/product_cat?post=18412"},{"taxonomy":"product_tag","embeddable":true,"href":"https:\/\/www.ghostysky.com\/pt\/wp-json\/wp\/v2\/product_tag?post=18412"}],"curies":[{"name":"wp","href":"https:\/\/api.w.org\/{rel}","templated":true}]}}