{"id":18413,"date":"2024-04-18T17:30:53","date_gmt":"2024-04-18T17:30:53","guid":{"rendered":"https:\/\/www.ghostysky.com\/?post_type=product&#038;p=18413"},"modified":"2024-08-08T13:25:46","modified_gmt":"2024-08-08T13:25:46","slug":"dji-care-enterprise-basic-dji-matrice-3td","status":"publish","type":"product","link":"https:\/\/www.ghostysky.com\/pt\/product\/dji-care-enterprise-basic-dji-matrice-3td\/","title":{"rendered":"DJI Care Enterprise B\u00e1sico (DJI Matrice 3TD)"},"content":{"rendered":"<h3>Caracter\u00edsticas principais<\/h3>\n<ul data-sourcepos=\"5:1-8:0\">\n<li data-sourcepos=\"5:1-5:87\"><strong>Cobertura:<\/strong>\u00a0Oferece reparos ou substitui\u00e7\u00f5es em caso de danos acidentais ao seu drone.<\/li>\n<li data-sourcepos=\"6:1-6:279\"><strong>N\u00famero de substitui\u00e7\u00f5es:<\/strong>\u00a0As informa\u00e7\u00f5es sobre o n\u00famero de substitui\u00e7\u00f5es inclu\u00eddas no plano DJI Care Enterprise Basic n\u00e3o est\u00e3o dispon\u00edveis publicamente. \u00c9 poss\u00edvel que haja limita\u00e7\u00f5es no n\u00famero de substitui\u00e7\u00f5es ou tenha uma franquia associada a cada substitui\u00e7\u00e3o.<\/li>\n<li data-sourcepos=\"7:1-8:0\"><strong>Danos cobertos:<\/strong>\u00a0O plano cobre acidentes, danos causados pela \u00e1gua e interfer\u00eancia de sinal.<\/li>\n<\/ul>\n<p data-sourcepos=\"9:1-9:116\"><strong>Aqui est\u00e3o alguns recursos onde voc\u00ea pode encontrar mais informa\u00e7\u00f5es sobre DJI Care Enterprise Basic for the Matrice 3TD:<\/strong><\/p>\n<ul data-sourcepos=\"11:1-12:261\">\n<li data-sourcepos=\"11:1-11:161\">Site da DJI Enterprise: Descri\u00e7\u00e3o do servi\u00e7o DJI Care Enterprise:\u00a0<a class=\"traceable-link\" href=\"https:\/\/enterprise.dji.com\/djicare-enterprise\" target=\"_blank\" rel=\"noopener noreferrer\">https:\/\/enterprise.dji.com\/djicare-enterprise<\/a><\/li>\n<\/ul>","protected":false},"excerpt":{"rendered":"<p>DJI Care Enterprise Basic \u00e9 um plano de servi\u00e7o oferecido pela DJI para seus produtos comerciais de drones, incluindo o Matrice 3TD. Ele fornece cobertura em caso de danos acidentais ao seu drone, como colis\u00f5es, danos causados pela \u00e1gua ou interfer\u00eancia de sinal.<\/p>","protected":false},"featured_media":18411,"comment_status":"open","ping_status":"closed","template":"","meta":[],"product_brand":[],"product_cat":[851,37,816,29],"product_tag":[858,42,856],"class_list":{"0":"post-18413","1":"product","2":"type-product","3":"status-publish","4":"has-post-thumbnail","6":"product_cat-accessories-dock2","7":"product_cat-dji","8":"product_cat-dock-2","9":"product_cat-drones","10":"product_tag-care-enterprise-basic","11":"product_tag-dji","12":"product_tag-dji-matrice-3td","14":"first","15":"instock","16":"taxable","17":"shipping-taxable","18":"purchasable","19":"product-type-simple"},"yoast_head":"<!-- This site is optimized with the Yoast SEO plugin v27.4 - https:\/\/yoast.com\/product\/yoast-seo-wordpress\/ -->\n<title>DJI Care Enterprise Basic (DJI Matrice 3TD) - Ghostysky<\/title>\n<meta name=\"description\" content=\"DJI Care Enterprise Basic is a service plan offered by DJI for their commercial drone products, including the Matrice 3TD. It provides coverage in case of accidental damage to your drone, such as crashes, water damage, or signal interference.\" \/>\n<meta name=\"robots\" content=\"index, follow, max-snippet:-1, max-image-preview:large, max-video-preview:-1\" \/>\n<link rel=\"canonical\" href=\"https:\/\/www.ghostysky.com\/pt\/produto-2\/dji-care-enterprise-basic-dji-matrice-3td\/\" \/>\n<meta property=\"og:locale\" content=\"pt_PT\" \/>\n<meta property=\"og:type\" content=\"article\" \/>\n<meta property=\"og:title\" content=\"DJI Care Enterprise Basic (DJI Matrice 3TD) - Ghostysky\" \/>\n<meta property=\"og:description\" content=\"DJI Care Enterprise Basic is a service plan offered by DJI for their commercial drone products, including the Matrice 3TD. It provides coverage in case of accidental damage to your drone, such as crashes, water damage, or signal interference.\" \/>\n<meta property=\"og:url\" content=\"https:\/\/www.ghostysky.com\/pt\/produto-2\/dji-care-enterprise-basic-dji-matrice-3td\/\" \/>\n<meta property=\"og:site_name\" content=\"Ghostysky\" \/>\n<meta property=\"article:publisher\" content=\"https:\/\/www.facebook.com\/people\/Ghostysky\/100057676170234\/\" \/>\n<meta property=\"article:modified_time\" content=\"2024-08-08T13:25:46+00:00\" \/>\n<meta property=\"og:image\" content=\"https:\/\/www.ghostysky.com\/wp-content\/uploads\/2024\/04\/GH_dji-care-enterprise.jpg\" \/>\n\t<meta property=\"og:image:width\" content=\"1200\" \/>\n\t<meta property=\"og:image:height\" content=\"1200\" \/>\n\t<meta property=\"og:image:type\" content=\"image\/jpeg\" \/>\n<meta name=\"twitter:card\" content=\"summary_large_image\" \/>\n<meta name=\"twitter:site\" content=\"@Gh0stysky\" \/>\n<meta name=\"twitter:label1\" content=\"Tempo estimado de leitura\" \/>\n\t<meta name=\"twitter:data1\" content=\"1 minuto\" \/>\n<script type=\"application\/ld+json\" class=\"yoast-schema-graph\">{\"@context\":\"https:\\\/\\\/schema.org\",\"@graph\":[{\"@type\":\"WebPage\",\"@id\":\"https:\\\/\\\/www.ghostysky.com\\\/product\\\/dji-care-enterprise-basic-dji-matrice-3td\\\/\",\"url\":\"https:\\\/\\\/www.ghostysky.com\\\/product\\\/dji-care-enterprise-basic-dji-matrice-3td\\\/\",\"name\":\"DJI Care Enterprise Basic (DJI Matrice 3TD) - Ghostysky\",\"isPartOf\":{\"@id\":\"https:\\\/\\\/www.ghostysky.com\\\/#website\"},\"primaryImageOfPage\":{\"@id\":\"https:\\\/\\\/www.ghostysky.com\\\/product\\\/dji-care-enterprise-basic-dji-matrice-3td\\\/#primaryimage\"},\"image\":{\"@id\":\"https:\\\/\\\/www.ghostysky.com\\\/product\\\/dji-care-enterprise-basic-dji-matrice-3td\\\/#primaryimage\"},\"thumbnailUrl\":\"https:\\\/\\\/www.ghostysky.com\\\/wp-content\\\/uploads\\\/2024\\\/04\\\/GH_dji-care-enterprise.jpg\",\"datePublished\":\"2024-04-18T17:30:53+00:00\",\"dateModified\":\"2024-08-08T13:25:46+00:00\",\"description\":\"DJI Care Enterprise Basic is a service plan offered by DJI for their commercial drone products, including the Matrice 3TD. It provides coverage in case of accidental damage to your drone, such as crashes, water damage, or signal interference.\",\"breadcrumb\":{\"@id\":\"https:\\\/\\\/www.ghostysky.com\\\/product\\\/dji-care-enterprise-basic-dji-matrice-3td\\\/#breadcrumb\"},\"inLanguage\":\"pt-PT\",\"potentialAction\":[{\"@type\":\"ReadAction\",\"target\":[\"https:\\\/\\\/www.ghostysky.com\\\/product\\\/dji-care-enterprise-basic-dji-matrice-3td\\\/\"]}]},{\"@type\":\"ImageObject\",\"inLanguage\":\"pt-PT\",\"@id\":\"https:\\\/\\\/www.ghostysky.com\\\/product\\\/dji-care-enterprise-basic-dji-matrice-3td\\\/#primaryimage\",\"url\":\"https:\\\/\\\/www.ghostysky.com\\\/wp-content\\\/uploads\\\/2024\\\/04\\\/GH_dji-care-enterprise.jpg\",\"contentUrl\":\"https:\\\/\\\/www.ghostysky.com\\\/wp-content\\\/uploads\\\/2024\\\/04\\\/GH_dji-care-enterprise.jpg\",\"width\":1200,\"height\":1200},{\"@type\":\"BreadcrumbList\",\"@id\":\"https:\\\/\\\/www.ghostysky.com\\\/product\\\/dji-care-enterprise-basic-dji-matrice-3td\\\/#breadcrumb\",\"itemListElement\":[{\"@type\":\"ListItem\",\"position\":1,\"name\":\"Home\",\"item\":\"https:\\\/\\\/www.ghostysky.com\\\/\"},{\"@type\":\"ListItem\",\"position\":2,\"name\":\"Shop\",\"item\":\"https:\\\/\\\/www.ghostysky.com\\\/shop\\\/\"},{\"@type\":\"ListItem\",\"position\":3,\"name\":\"DJI Care Enterprise Basic (DJI Matrice 3TD)\"}]},{\"@type\":\"WebSite\",\"@id\":\"https:\\\/\\\/www.ghostysky.com\\\/#website\",\"url\":\"https:\\\/\\\/www.ghostysky.com\\\/\",\"name\":\"Ghostysky\",\"description\":\"Delivering professional drones and services\",\"publisher\":{\"@id\":\"https:\\\/\\\/www.ghostysky.com\\\/#organization\"},\"potentialAction\":[{\"@type\":\"SearchAction\",\"target\":{\"@type\":\"EntryPoint\",\"urlTemplate\":\"https:\\\/\\\/www.ghostysky.com\\\/?s={search_term_string}\"},\"query-input\":{\"@type\":\"PropertyValueSpecification\",\"valueRequired\":true,\"valueName\":\"search_term_string\"}}],\"inLanguage\":\"pt-PT\"},{\"@type\":\"Organization\",\"@id\":\"https:\\\/\\\/www.ghostysky.com\\\/#organization\",\"name\":\"Ghostysky\",\"url\":\"https:\\\/\\\/www.ghostysky.com\\\/\",\"logo\":{\"@type\":\"ImageObject\",\"inLanguage\":\"pt-PT\",\"@id\":\"https:\\\/\\\/www.ghostysky.com\\\/#\\\/schema\\\/logo\\\/image\\\/\",\"url\":\"https:\\\/\\\/www.ghostysky.com\\\/wp-content\\\/uploads\\\/2020\\\/06\\\/cropped-ghostyskylogo_text_white2.png\",\"contentUrl\":\"https:\\\/\\\/www.ghostysky.com\\\/wp-content\\\/uploads\\\/2020\\\/06\\\/cropped-ghostyskylogo_text_white2.png\",\"width\":169,\"height\":56,\"caption\":\"Ghostysky\"},\"image\":{\"@id\":\"https:\\\/\\\/www.ghostysky.com\\\/#\\\/schema\\\/logo\\\/image\\\/\"},\"sameAs\":[\"https:\\\/\\\/www.facebook.com\\\/people\\\/Ghostysky\\\/100057676170234\\\/\",\"https:\\\/\\\/x.com\\\/Gh0stysky\",\"https:\\\/\\\/www.linkedin.com\\\/company\\\/34739653\",\"https:\\\/\\\/www.instagram.com\\\/gh0stysky\"]}]}<\/script>\n<!-- \/ Yoast SEO plugin. -->","yoast_head_json":{"title":"DJI Care Enterprise Basic (DJI Matrice 3TD) - Ghostysky","description":"DJI Care Enterprise Basic \u00e9 um plano de servi\u00e7o oferecido pela DJI para seus produtos comerciais de drones, incluindo o Matrice 3TD. Ele fornece cobertura em caso de danos acidentais ao seu drone, como colis\u00f5es, danos causados pela \u00e1gua ou interfer\u00eancia de sinal.","robots":{"index":"index","follow":"follow","max-snippet":"max-snippet:-1","max-image-preview":"max-image-preview:large","max-video-preview":"max-video-preview:-1"},"canonical":"https:\/\/www.ghostysky.com\/pt\/produto-2\/dji-care-enterprise-basic-dji-matrice-3td\/","og_locale":"pt_PT","og_type":"article","og_title":"DJI Care Enterprise Basic (DJI Matrice 3TD) - Ghostysky","og_description":"DJI Care Enterprise Basic is a service plan offered by DJI for their commercial drone products, including the Matrice 3TD. It provides coverage in case of accidental damage to your drone, such as crashes, water damage, or signal interference.","og_url":"https:\/\/www.ghostysky.com\/pt\/produto-2\/dji-care-enterprise-basic-dji-matrice-3td\/","og_site_name":"Ghostysky","article_publisher":"https:\/\/www.facebook.com\/people\/Ghostysky\/100057676170234\/","article_modified_time":"2024-08-08T13:25:46+00:00","og_image":[{"width":1200,"height":1200,"url":"https:\/\/www.ghostysky.com\/wp-content\/uploads\/2024\/04\/GH_dji-care-enterprise.jpg","type":"image\/jpeg"}],"twitter_card":"summary_large_image","twitter_site":"@Gh0stysky","twitter_misc":{"Tempo estimado de leitura":"1 minuto"},"schema":{"@context":"https:\/\/schema.org","@graph":[{"@type":"WebPage","@id":"https:\/\/www.ghostysky.com\/product\/dji-care-enterprise-basic-dji-matrice-3td\/","url":"https:\/\/www.ghostysky.com\/product\/dji-care-enterprise-basic-dji-matrice-3td\/","name":"DJI Care Enterprise Basic (DJI Matrice 3TD) - Ghostysky","isPartOf":{"@id":"https:\/\/www.ghostysky.com\/#website"},"primaryImageOfPage":{"@id":"https:\/\/www.ghostysky.com\/product\/dji-care-enterprise-basic-dji-matrice-3td\/#primaryimage"},"image":{"@id":"https:\/\/www.ghostysky.com\/product\/dji-care-enterprise-basic-dji-matrice-3td\/#primaryimage"},"thumbnailUrl":"https:\/\/www.ghostysky.com\/wp-content\/uploads\/2024\/04\/GH_dji-care-enterprise.jpg","datePublished":"2024-04-18T17:30:53+00:00","dateModified":"2024-08-08T13:25:46+00:00","description":"DJI Care Enterprise Basic \u00e9 um plano de servi\u00e7o oferecido pela DJI para seus produtos comerciais de drones, incluindo o Matrice 3TD. Ele fornece cobertura em caso de danos acidentais ao seu drone, como colis\u00f5es, danos causados pela \u00e1gua ou interfer\u00eancia de sinal.","breadcrumb":{"@id":"https:\/\/www.ghostysky.com\/product\/dji-care-enterprise-basic-dji-matrice-3td\/#breadcrumb"},"inLanguage":"pt-PT","potentialAction":[{"@type":"ReadAction","target":["https:\/\/www.ghostysky.com\/product\/dji-care-enterprise-basic-dji-matrice-3td\/"]}]},{"@type":"ImageObject","inLanguage":"pt-PT","@id":"https:\/\/www.ghostysky.com\/product\/dji-care-enterprise-basic-dji-matrice-3td\/#primaryimage","url":"https:\/\/www.ghostysky.com\/wp-content\/uploads\/2024\/04\/GH_dji-care-enterprise.jpg","contentUrl":"https:\/\/www.ghostysky.com\/wp-content\/uploads\/2024\/04\/GH_dji-care-enterprise.jpg","width":1200,"height":1200},{"@type":"BreadcrumbList","@id":"https:\/\/www.ghostysky.com\/product\/dji-care-enterprise-basic-dji-matrice-3td\/#breadcrumb","itemListElement":[{"@type":"ListItem","position":1,"name":"Home","item":"https:\/\/www.ghostysky.com\/"},{"@type":"ListItem","position":2,"name":"Shop","item":"https:\/\/www.ghostysky.com\/shop\/"},{"@type":"ListItem","position":3,"name":"DJI Care Enterprise Basic (DJI Matrice 3TD)"}]},{"@type":"WebSite","@id":"https:\/\/www.ghostysky.com\/#website","url":"https:\/\/www.ghostysky.com\/","name":"Ghostysky","description":"Fornecendo drones e servi\u00e7os profissionais","publisher":{"@id":"https:\/\/www.ghostysky.com\/#organization"},"potentialAction":[{"@type":"SearchAction","target":{"@type":"EntryPoint","urlTemplate":"https:\/\/www.ghostysky.com\/?s={search_term_string}"},"query-input":{"@type":"PropertyValueSpecification","valueRequired":true,"valueName":"search_term_string"}}],"inLanguage":"pt-PT"},{"@type":"Organization","@id":"https:\/\/www.ghostysky.com\/#organization","name":"Ghostysky","url":"https:\/\/www.ghostysky.com\/","logo":{"@type":"ImageObject","inLanguage":"pt-PT","@id":"https:\/\/www.ghostysky.com\/#\/schema\/logo\/image\/","url":"https:\/\/www.ghostysky.com\/wp-content\/uploads\/2020\/06\/cropped-ghostyskylogo_text_white2.png","contentUrl":"https:\/\/www.ghostysky.com\/wp-content\/uploads\/2020\/06\/cropped-ghostyskylogo_text_white2.png","width":169,"height":56,"caption":"Ghostysky"},"image":{"@id":"https:\/\/www.ghostysky.com\/#\/schema\/logo\/image\/"},"sameAs":["https:\/\/www.facebook.com\/people\/Ghostysky\/100057676170234\/","https:\/\/x.com\/Gh0stysky","https:\/\/www.linkedin.com\/company\/34739653","https:\/\/www.instagram.com\/gh0stysky"]}]}},"_links":{"self":[{"href":"https:\/\/www.ghostysky.com\/pt\/wp-json\/wp\/v2\/product\/18413","targetHints":{"allow":["GET"]}}],"collection":[{"href":"https:\/\/www.ghostysky.com\/pt\/wp-json\/wp\/v2\/product"}],"about":[{"href":"https:\/\/www.ghostysky.com\/pt\/wp-json\/wp\/v2\/types\/product"}],"replies":[{"embeddable":true,"href":"https:\/\/www.ghostysky.com\/pt\/wp-json\/wp\/v2\/comments?post=18413"}],"version-history":[{"count":0,"href":"https:\/\/www.ghostysky.com\/pt\/wp-json\/wp\/v2\/product\/18413\/revisions"}],"wp:featuredmedia":[{"embeddable":true,"href":"https:\/\/www.ghostysky.com\/pt\/wp-json\/wp\/v2\/media\/18411"}],"wp:attachment":[{"href":"https:\/\/www.ghostysky.com\/pt\/wp-json\/wp\/v2\/media?parent=18413"}],"wp:term":[{"taxonomy":"product_brand","embeddable":true,"href":"https:\/\/www.ghostysky.com\/pt\/wp-json\/wp\/v2\/product_brand?post=18413"},{"taxonomy":"product_cat","embeddable":true,"href":"https:\/\/www.ghostysky.com\/pt\/wp-json\/wp\/v2\/product_cat?post=18413"},{"taxonomy":"product_tag","embeddable":true,"href":"https:\/\/www.ghostysky.com\/pt\/wp-json\/wp\/v2\/product_tag?post=18413"}],"curies":[{"name":"wp","href":"https:\/\/api.w.org\/{rel}","templated":true}]}}