{"id":18440,"date":"2024-04-20T07:39:51","date_gmt":"2024-04-20T07:39:51","guid":{"rendered":"https:\/\/www.ghostysky.com\/?post_type=product&#038;p=18440"},"modified":"2024-04-20T07:59:21","modified_gmt":"2024-04-20T07:59:21","slug":"dji-power-500-120w-solar-panel-x-1","status":"publish","type":"product","link":"https:\/\/www.ghostysky.com\/pt\/product\/dji-power-500-120w-solar-panel-x-1\/","title":{"rendered":"Painel solar DJI Power 500 e 120 W \u00d7 1"},"content":{"rendered":"<h3 data-sourcepos=\"3:1-3:55\">Recursos<\/h3>\n<ul data-sourcepos=\"5:1-11:0\">\n<li data-sourcepos=\"5:1-5:120\"><strong>Carrega rapidamente drones DJI:<\/strong>\u00a0O DJI Power 500 pode carregar rapidamente baterias selecionadas de drones DJI em aproximadamente 30 minutos.<\/li>\n<li data-sourcepos=\"6:1-6:89\"><strong>Compacto e port\u00e1til:<\/strong>\u00a0Pesando apenas 7,3 kg, o DJI Power 500 \u00e9 f\u00e1cil de transportar.<\/li>\n<li data-sourcepos=\"7:1-7:99\"><strong>Recarga r\u00e1pida:<\/strong>\u00a0O DJI Power 500 pode ser totalmente recarregado em apenas 70 minutos usando energia da rede el\u00e9trica.<\/li>\n<li data-sourcepos=\"8:1-8:136\"><strong>Sa\u00eddas vers\u00e1teis:<\/strong>\u00a0O DJI Power 500 possui duas portas USB-C que podem ser usadas tanto para entrada quanto para sa\u00edda, com pot\u00eancia m\u00e1xima de 100W.<\/li>\n<li data-sourcepos=\"9:1-9:115\"><strong>Carregamento solar:<\/strong>\u00a0O DJI Power 500 pode ser carregado usando pain\u00e9is solares (vendidos separadamente) para obter energia ecol\u00f3gica.<\/li>\n<li data-sourcepos=\"10:1-11:0\"><strong>Seguro e dur\u00e1vel:<\/strong>\u00a0O DJI Power 500 possui uma c\u00e9lula LFP com vida \u00fatil de 10 anos, mantendo capacidade superior a 70% ap\u00f3s 4.000 ciclos de vida.<\/li>\n<\/ul>\n<p data-sourcepos=\"12:1-12:141\">No geral, o DJI Power 500 \u00e9 uma esta\u00e7\u00e3o de energia port\u00e1til vers\u00e1til e poderosa, perfeita para quem precisa se manter carregado em tr\u00e2nsito.<\/p>\n<h3 data-sourcepos=\"12:1-12:141\">Drones Suportados<\/h3>\n<ul data-sourcepos=\"3:1-7:0\">\n<li data-sourcepos=\"3:1-3:47\"><strong>Bateria de voo inteligente Mavic s\u00e9rie 3<\/strong><\/li>\n<li data-sourcepos=\"4:1-4:42\"><strong>Bateria de voo inteligente DJI Air 3<\/strong><\/li>\n<li data-sourcepos=\"5:1-5:47\"><strong>Bateria de voo inteligente Inspire 3 TB51<\/strong><\/li>\n<li data-sourcepos=\"6:1-7:0\"><strong>Bateria de voo inteligente TB30 s\u00e9rie Matrice 30<\/strong>\u00a0(carregamento mais r\u00e1pido de 230 W)<\/li>\n<\/ul>\n<h3>Especifica\u00e7\u00f5es t\u00e9cnicas<\/h3>\n<ul>\n<li><strong>Em geral<\/strong>\n<ul>\n<li>Modelo: DYM500L\/DYM500H<\/li>\n<li>Capacidade: 512Wh<\/li>\n<li>Peso l\u00edquido: Aprox. 7,3kg<\/li>\n<li>Dimens\u00f5es: 305\u00d7207\u00d7177 mm (C\u00d7L\u00d7A)<\/li>\n<li>N\u00famero de portas: sa\u00edda CA \u00d7 2, USB-C \u00d7 2, USB-A \u00d7 2, SDC Lite \u00d7 1, entrada CA \u00d7 1<\/li>\n<li>Altitude m\u00e1xima de opera\u00e7\u00e3o: 3.000 m<\/li>\n<\/ul>\n<\/li>\n<li><strong>Especifica\u00e7\u00f5es de sa\u00edda<\/strong>\n<ul>\n<li>Sa\u00edda CA<br \/>\nDYM500L: CA 100-120 V, 50\/60 Hz, sa\u00edda cont\u00ednua m\u00e1xima: 1000 W<br \/>\n\u200cDYM500H: CA 220-240 V, 50\/60 Hz, sa\u00edda cont\u00ednua m\u00e1xima: 1000 W<\/p>\n<ul>\n<li>A pot\u00eancia m\u00e1xima de sa\u00edda cont\u00ednua est\u00e1 dispon\u00edvel quando o n\u00edvel da bateria do produto est\u00e1 acima de 20%. Os dados de sa\u00edda CA variam de acordo com o pa\u00eds e a regi\u00e3o.<\/li>\n<\/ul>\n<\/li>\n<li>Sa\u00edda CA (Modo Bypass)<br \/>\nDYM500L: CA 100-120 V, m\u00e1x. 1000 W<br \/>\nDYM500H: CA 220-240 V, m\u00e1x. 1000 W<\/li>\n<li>Sa\u00edda USB-A: 5 V, 3 A\/9 V, 2 A\/12 V, 2 A \u2013 Pot\u00eancia m\u00e1xima de sa\u00edda por canal: 24 W<\/li>\n<li>Sa\u00edda USB\u2013C: 5 V, 5 A\/9 V, 5 A\/12 V, 5 A\/15 V, 5 A\/20 V, 5 A \u2013 Pot\u00eancia m\u00e1xima de sa\u00edda por canal: 100 W (o dispositivo sendo carregado deve suportar PD Protocolo 3.0)<\/li>\n<li>Sa\u00edda SDC Lite: SDC Lite: 9-27 V, pot\u00eancia m\u00e1xima de sa\u00edda: 240 W<\/li>\n<\/ul>\n<\/li>\n<li><strong>Especifica\u00e7\u00f5es de entrada<\/strong>\n<ul>\n<li>Entrada CA<br \/>\nDYM500L: CA 100-120 V, 540 W (recarga), 1000 W (modo Bypass)<br \/>\nDYM500H: CA 220-240 V, 540 W (recarga), 1000 W (modo Bypass)<\/li>\n<li>Entrada SDC Lite: DC 22,4-29,2 V, m\u00e1x. 300 W, 10 A<\/li>\n<li>Entrada USB-C:<br \/>\nDC 5-20 V, m\u00e1x. 100 W (o carregador deve suportar o protocolo PD 3.0)<br \/>\nSuporta entrada de energia simult\u00e2nea com duas portas USB-C com no m\u00e1ximo 200 W.<\/li>\n<\/ul>\n<\/li>\n<li><strong>Bateria<\/strong>\n<ul>\n<li>Qu\u00edmica Celular: LFP (ferrofosfato de l\u00edtio)<\/li>\n<li>Ciclo de Vida: Mant\u00e9m mais de 70% capacidade ap\u00f3s 4.000 ciclos. Medido a 25\u00b0C\/77\u00b0F de temperatura ambiente, sendo recarregado no modo de recarga padr\u00e3o de 270 W e com uma pot\u00eancia de sa\u00edda de 500 W.<\/li>\n<\/ul>\n<\/li>\n<li><strong>Temperatura de opera\u00e7\u00e3o<\/strong>\n<ul>\n<li>Temperatura da fonte de alimenta\u00e7\u00e3o: -10\u00b0 a 45\u00b0 C (14\u00b0 a 113\u00b0 F)<\/li>\n<li>Temperatura de recarga: 0\u00b0 a 45\u00b0 C (32\u00b0 a 113\u00b0 F)<\/li>\n<li>Temperatura de armazenamento: -10\u00b0 a 45\u00b0 C (14\u00b0 a 113\u00b0 F)<\/li>\n<\/ul>\n<\/li>\n<\/ul>\n<p><a href=\"https:\/\/www.ghostysky.com\/wp-content\/uploads\/2024\/04\/DJIP500_2_ITB.jpg\"><img fetchpriority=\"high\" decoding=\"async\" class=\"alignnone size-full wp-image-18455 lazyload\" src=\"data:image\/gif;base64,R0lGODlhAQABAAAAACH5BAEKAAEALAAAAAABAAEAAAICTAEAOw==\" alt=\"\" width=\"1487\" height=\"435\" data-src=\"https:\/\/www.ghostysky.com\/wp-content\/uploads\/2024\/04\/DJIP500_2_ITB.jpg\"><\/a><\/p>","protected":false},"excerpt":{"rendered":"<p>O DJI Power 500 \u00e9 uma esta\u00e7\u00e3o de energia port\u00e1til projetada para criadores de conte\u00fado e entusiastas de atividades ao ar livre. Tem capacidade de 512Wh e pot\u00eancia m\u00e1xima de sa\u00edda de 1000W, que pode ser usada para carregar uma variedade de dispositivos, incluindo drones, c\u00e2meras, laptops e smartphones. O pacote inclui um painel solar de 120W.<\/p>","protected":false},"featured_media":18420,"comment_status":"open","ping_status":"closed","template":"","meta":[],"product_brand":[],"product_cat":[461,777,615,430,781,785,752,775,37,614,429,29,779,784,511],"product_tag":[42,860,859],"class_list":{"0":"post-18440","1":"product","2":"type-product","3":"status-publish","4":"has-post-thumbnail","6":"product_cat-accessories-2","7":"product_cat-accessories-air-3","8":"product_cat-dji-matrice-30-accessories","9":"product_cat-accessories-dji-mavic3-ent","10":"product_cat-accessories-mavic-3-classic","11":"product_cat-accessories-mavic-3-pro","12":"product_cat-aerial-photography","13":"product_cat-air-3","14":"product_cat-dji","15":"product_cat-dji-matrice-30","16":"product_cat-dji-mavic3-ent","17":"product_cat-drones","18":"product_cat-mavic-3-classic","19":"product_cat-mavic-3-pro","20":"product_cat-power-station","21":"product_tag-dji","22":"product_tag-dji-power-station","23":"product_tag-power-station-500","25":"first","26":"onbackorder","27":"taxable","28":"shipping-taxable","29":"product-type-simple"},"yoast_head":"<!-- This site is optimized with the Yoast SEO plugin v27.1.1 - https:\/\/yoast.com\/product\/yoast-seo-wordpress\/ -->\n<title>DJI Power 500 &amp; 120W Solar Panel \u00d7 1 - Ghostysky<\/title>\n<meta name=\"description\" content=\"The DJI Power 500 is a portable power station designed for content creators and outdoor enthusiasts. It has a capacity of 512Wh and a maximum output power of 1000W, which can be used to charge a variety of devices, including drones, cameras, laptops, and smartphones. The package includes a 120W Solar Panel.\" \/>\n<meta name=\"robots\" content=\"index, follow, max-snippet:-1, max-image-preview:large, max-video-preview:-1\" \/>\n<link rel=\"canonical\" href=\"https:\/\/www.ghostysky.com\/pt\/produto-2\/dji-power-500-120w-solar-panel-x-1\/\" \/>\n<meta property=\"og:locale\" content=\"pt_PT\" \/>\n<meta property=\"og:type\" content=\"article\" \/>\n<meta property=\"og:title\" content=\"DJI Power 500 &amp; 120W Solar Panel \u00d7 1 - Ghostysky\" \/>\n<meta property=\"og:description\" content=\"The DJI Power 500 is a portable power station designed for content creators and outdoor enthusiasts. It has a capacity of 512Wh and a maximum output power of 1000W, which can be used to charge a variety of devices, including drones, cameras, laptops, and smartphones. The package includes a 120W Solar Panel.\" \/>\n<meta property=\"og:url\" content=\"https:\/\/www.ghostysky.com\/pt\/produto-2\/dji-power-500-120w-solar-panel-x-1\/\" \/>\n<meta property=\"og:site_name\" content=\"Ghostysky\" \/>\n<meta property=\"article:publisher\" content=\"https:\/\/www.facebook.com\/people\/Ghostysky\/100057676170234\/\" \/>\n<meta property=\"article:modified_time\" content=\"2024-04-20T07:59:21+00:00\" \/>\n<meta property=\"og:image\" content=\"https:\/\/www.ghostysky.com\/wp-content\/uploads\/2024\/04\/DJI-Power-500_7_Solarx1.jpg\" \/>\n\t<meta property=\"og:image:width\" content=\"1280\" \/>\n\t<meta property=\"og:image:height\" content=\"1280\" \/>\n\t<meta property=\"og:image:type\" content=\"image\/jpeg\" \/>\n<meta name=\"twitter:card\" content=\"summary_large_image\" \/>\n<meta name=\"twitter:site\" content=\"@Gh0stysky\" \/>\n<meta name=\"twitter:label1\" content=\"Tempo estimado de leitura\" \/>\n\t<meta name=\"twitter:data1\" content=\"3 minutos\" \/>\n<script type=\"application\/ld+json\" class=\"yoast-schema-graph\">{\"@context\":\"https:\/\/schema.org\",\"@graph\":[{\"@type\":\"WebPage\",\"@id\":\"https:\/\/www.ghostysky.com\/product\/dji-power-500-120w-solar-panel-x-1\/\",\"url\":\"https:\/\/www.ghostysky.com\/product\/dji-power-500-120w-solar-panel-x-1\/\",\"name\":\"DJI Power 500 & 120W Solar Panel \u00d7 1 - Ghostysky\",\"isPartOf\":{\"@id\":\"https:\/\/www.ghostysky.com\/#website\"},\"primaryImageOfPage\":{\"@id\":\"https:\/\/www.ghostysky.com\/product\/dji-power-500-120w-solar-panel-x-1\/#primaryimage\"},\"image\":{\"@id\":\"https:\/\/www.ghostysky.com\/product\/dji-power-500-120w-solar-panel-x-1\/#primaryimage\"},\"thumbnailUrl\":\"https:\/\/www.ghostysky.com\/wp-content\/uploads\/2024\/04\/DJI-Power-500_7_Solarx1.jpg\",\"datePublished\":\"2024-04-20T07:39:51+00:00\",\"dateModified\":\"2024-04-20T07:59:21+00:00\",\"description\":\"The DJI Power 500 is a portable power station designed for content creators and outdoor enthusiasts. It has a capacity of 512Wh and a maximum output power of 1000W, which can be used to charge a variety of devices, including drones, cameras, laptops, and smartphones. The package includes a 120W Solar Panel.\",\"breadcrumb\":{\"@id\":\"https:\/\/www.ghostysky.com\/product\/dji-power-500-120w-solar-panel-x-1\/#breadcrumb\"},\"inLanguage\":\"pt-PT\",\"potentialAction\":[{\"@type\":\"ReadAction\",\"target\":[\"https:\/\/www.ghostysky.com\/product\/dji-power-500-120w-solar-panel-x-1\/\"]}]},{\"@type\":\"ImageObject\",\"inLanguage\":\"pt-PT\",\"@id\":\"https:\/\/www.ghostysky.com\/product\/dji-power-500-120w-solar-panel-x-1\/#primaryimage\",\"url\":\"https:\/\/www.ghostysky.com\/wp-content\/uploads\/2024\/04\/DJI-Power-500_7_Solarx1.jpg\",\"contentUrl\":\"https:\/\/www.ghostysky.com\/wp-content\/uploads\/2024\/04\/DJI-Power-500_7_Solarx1.jpg\",\"width\":1280,\"height\":1280},{\"@type\":\"BreadcrumbList\",\"@id\":\"https:\/\/www.ghostysky.com\/product\/dji-power-500-120w-solar-panel-x-1\/#breadcrumb\",\"itemListElement\":[{\"@type\":\"ListItem\",\"position\":1,\"name\":\"Home\",\"item\":\"https:\/\/www.ghostysky.com\/\"},{\"@type\":\"ListItem\",\"position\":2,\"name\":\"Shop\",\"item\":\"https:\/\/www.ghostysky.com\/shop\/\"},{\"@type\":\"ListItem\",\"position\":3,\"name\":\"DJI Power 500 &#038; 120W Solar Panel \u00d7 1\"}]},{\"@type\":\"WebSite\",\"@id\":\"https:\/\/www.ghostysky.com\/#website\",\"url\":\"https:\/\/www.ghostysky.com\/\",\"name\":\"Ghostysky\",\"description\":\"Delivering professional drones and services\",\"publisher\":{\"@id\":\"https:\/\/www.ghostysky.com\/#organization\"},\"potentialAction\":[{\"@type\":\"SearchAction\",\"target\":{\"@type\":\"EntryPoint\",\"urlTemplate\":\"https:\/\/www.ghostysky.com\/?s={search_term_string}\"},\"query-input\":{\"@type\":\"PropertyValueSpecification\",\"valueRequired\":true,\"valueName\":\"search_term_string\"}}],\"inLanguage\":\"pt-PT\"},{\"@type\":\"Organization\",\"@id\":\"https:\/\/www.ghostysky.com\/#organization\",\"name\":\"Ghostysky\",\"url\":\"https:\/\/www.ghostysky.com\/\",\"logo\":{\"@type\":\"ImageObject\",\"inLanguage\":\"pt-PT\",\"@id\":\"https:\/\/www.ghostysky.com\/#\/schema\/logo\/image\/\",\"url\":\"https:\/\/www.ghostysky.com\/wp-content\/uploads\/2020\/06\/cropped-ghostyskylogo_text_white2.png\",\"contentUrl\":\"https:\/\/www.ghostysky.com\/wp-content\/uploads\/2020\/06\/cropped-ghostyskylogo_text_white2.png\",\"width\":169,\"height\":56,\"caption\":\"Ghostysky\"},\"image\":{\"@id\":\"https:\/\/www.ghostysky.com\/#\/schema\/logo\/image\/\"},\"sameAs\":[\"https:\/\/www.facebook.com\/people\/Ghostysky\/100057676170234\/\",\"https:\/\/x.com\/Gh0stysky\",\"https:\/\/www.linkedin.com\/company\/34739653\",\"https:\/\/www.instagram.com\/gh0stysky\"]}]}<\/script>\n<!-- \/ Yoast SEO plugin. -->","yoast_head_json":{"title":"Painel solar DJI Power 500 e 120W \u00d7 1 - Ghostysky","description":"O DJI Power 500 \u00e9 uma esta\u00e7\u00e3o de energia port\u00e1til projetada para criadores de conte\u00fado e entusiastas de atividades ao ar livre. Tem capacidade de 512Wh e pot\u00eancia m\u00e1xima de sa\u00edda de 1000W, que pode ser usada para carregar uma variedade de dispositivos, incluindo drones, c\u00e2meras, laptops e smartphones. O pacote inclui um painel solar de 120W.","robots":{"index":"index","follow":"follow","max-snippet":"max-snippet:-1","max-image-preview":"max-image-preview:large","max-video-preview":"max-video-preview:-1"},"canonical":"https:\/\/www.ghostysky.com\/pt\/produto-2\/dji-power-500-120w-solar-panel-x-1\/","og_locale":"pt_PT","og_type":"article","og_title":"DJI Power 500 & 120W Solar Panel \u00d7 1 - Ghostysky","og_description":"The DJI Power 500 is a portable power station designed for content creators and outdoor enthusiasts. It has a capacity of 512Wh and a maximum output power of 1000W, which can be used to charge a variety of devices, including drones, cameras, laptops, and smartphones. The package includes a 120W Solar Panel.","og_url":"https:\/\/www.ghostysky.com\/pt\/produto-2\/dji-power-500-120w-solar-panel-x-1\/","og_site_name":"Ghostysky","article_publisher":"https:\/\/www.facebook.com\/people\/Ghostysky\/100057676170234\/","article_modified_time":"2024-04-20T07:59:21+00:00","og_image":[{"width":1280,"height":1280,"url":"https:\/\/www.ghostysky.com\/wp-content\/uploads\/2024\/04\/DJI-Power-500_7_Solarx1.jpg","type":"image\/jpeg"}],"twitter_card":"summary_large_image","twitter_site":"@Gh0stysky","twitter_misc":{"Tempo estimado de leitura":"3 minutos"},"schema":{"@context":"https:\/\/schema.org","@graph":[{"@type":"WebPage","@id":"https:\/\/www.ghostysky.com\/product\/dji-power-500-120w-solar-panel-x-1\/","url":"https:\/\/www.ghostysky.com\/product\/dji-power-500-120w-solar-panel-x-1\/","name":"Painel solar DJI Power 500 e 120W \u00d7 1 - Ghostysky","isPartOf":{"@id":"https:\/\/www.ghostysky.com\/#website"},"primaryImageOfPage":{"@id":"https:\/\/www.ghostysky.com\/product\/dji-power-500-120w-solar-panel-x-1\/#primaryimage"},"image":{"@id":"https:\/\/www.ghostysky.com\/product\/dji-power-500-120w-solar-panel-x-1\/#primaryimage"},"thumbnailUrl":"https:\/\/www.ghostysky.com\/wp-content\/uploads\/2024\/04\/DJI-Power-500_7_Solarx1.jpg","datePublished":"2024-04-20T07:39:51+00:00","dateModified":"2024-04-20T07:59:21+00:00","description":"O DJI Power 500 \u00e9 uma esta\u00e7\u00e3o de energia port\u00e1til projetada para criadores de conte\u00fado e entusiastas de atividades ao ar livre. Tem capacidade de 512Wh e pot\u00eancia m\u00e1xima de sa\u00edda de 1000W, que pode ser usada para carregar uma variedade de dispositivos, incluindo drones, c\u00e2meras, laptops e smartphones. O pacote inclui um painel solar de 120W.","breadcrumb":{"@id":"https:\/\/www.ghostysky.com\/product\/dji-power-500-120w-solar-panel-x-1\/#breadcrumb"},"inLanguage":"pt-PT","potentialAction":[{"@type":"ReadAction","target":["https:\/\/www.ghostysky.com\/product\/dji-power-500-120w-solar-panel-x-1\/"]}]},{"@type":"ImageObject","inLanguage":"pt-PT","@id":"https:\/\/www.ghostysky.com\/product\/dji-power-500-120w-solar-panel-x-1\/#primaryimage","url":"https:\/\/www.ghostysky.com\/wp-content\/uploads\/2024\/04\/DJI-Power-500_7_Solarx1.jpg","contentUrl":"https:\/\/www.ghostysky.com\/wp-content\/uploads\/2024\/04\/DJI-Power-500_7_Solarx1.jpg","width":1280,"height":1280},{"@type":"BreadcrumbList","@id":"https:\/\/www.ghostysky.com\/product\/dji-power-500-120w-solar-panel-x-1\/#breadcrumb","itemListElement":[{"@type":"ListItem","position":1,"name":"Home","item":"https:\/\/www.ghostysky.com\/"},{"@type":"ListItem","position":2,"name":"Shop","item":"https:\/\/www.ghostysky.com\/shop\/"},{"@type":"ListItem","position":3,"name":"DJI Power 500 &#038; 120W Solar Panel \u00d7 1"}]},{"@type":"WebSite","@id":"https:\/\/www.ghostysky.com\/#website","url":"https:\/\/www.ghostysky.com\/","name":"Ghostysky","description":"Fornecendo drones e servi\u00e7os profissionais","publisher":{"@id":"https:\/\/www.ghostysky.com\/#organization"},"potentialAction":[{"@type":"SearchAction","target":{"@type":"EntryPoint","urlTemplate":"https:\/\/www.ghostysky.com\/?s={search_term_string}"},"query-input":{"@type":"PropertyValueSpecification","valueRequired":true,"valueName":"search_term_string"}}],"inLanguage":"pt-PT"},{"@type":"Organization","@id":"https:\/\/www.ghostysky.com\/#organization","name":"Ghostysky","url":"https:\/\/www.ghostysky.com\/","logo":{"@type":"ImageObject","inLanguage":"pt-PT","@id":"https:\/\/www.ghostysky.com\/#\/schema\/logo\/image\/","url":"https:\/\/www.ghostysky.com\/wp-content\/uploads\/2020\/06\/cropped-ghostyskylogo_text_white2.png","contentUrl":"https:\/\/www.ghostysky.com\/wp-content\/uploads\/2020\/06\/cropped-ghostyskylogo_text_white2.png","width":169,"height":56,"caption":"Ghostysky"},"image":{"@id":"https:\/\/www.ghostysky.com\/#\/schema\/logo\/image\/"},"sameAs":["https:\/\/www.facebook.com\/people\/Ghostysky\/100057676170234\/","https:\/\/x.com\/Gh0stysky","https:\/\/www.linkedin.com\/company\/34739653","https:\/\/www.instagram.com\/gh0stysky"]}]}},"_links":{"self":[{"href":"https:\/\/www.ghostysky.com\/pt\/wp-json\/wp\/v2\/product\/18440","targetHints":{"allow":["GET"]}}],"collection":[{"href":"https:\/\/www.ghostysky.com\/pt\/wp-json\/wp\/v2\/product"}],"about":[{"href":"https:\/\/www.ghostysky.com\/pt\/wp-json\/wp\/v2\/types\/product"}],"replies":[{"embeddable":true,"href":"https:\/\/www.ghostysky.com\/pt\/wp-json\/wp\/v2\/comments?post=18440"}],"wp:featuredmedia":[{"embeddable":true,"href":"https:\/\/www.ghostysky.com\/pt\/wp-json\/wp\/v2\/media\/18420"}],"wp:attachment":[{"href":"https:\/\/www.ghostysky.com\/pt\/wp-json\/wp\/v2\/media?parent=18440"}],"wp:term":[{"taxonomy":"product_brand","embeddable":true,"href":"https:\/\/www.ghostysky.com\/pt\/wp-json\/wp\/v2\/product_brand?post=18440"},{"taxonomy":"product_cat","embeddable":true,"href":"https:\/\/www.ghostysky.com\/pt\/wp-json\/wp\/v2\/product_cat?post=18440"},{"taxonomy":"product_tag","embeddable":true,"href":"https:\/\/www.ghostysky.com\/pt\/wp-json\/wp\/v2\/product_tag?post=18440"}],"curies":[{"name":"wp","href":"https:\/\/api.w.org\/{rel}","templated":true}]}}