{"id":18461,"date":"2024-04-20T08:23:28","date_gmt":"2024-04-20T08:23:28","guid":{"rendered":"https:\/\/www.ghostysky.com\/?post_type=product&#038;p=18461"},"modified":"2025-10-14T11:12:13","modified_gmt":"2025-10-14T11:12:13","slug":"dji-power-1000-120w-solar-panel-x-1","status":"publish","type":"product","link":"https:\/\/www.ghostysky.com\/pt\/product\/dji-power-1000-120w-solar-panel-x-1\/","title":{"rendered":"Painel solar DJI Power 1000 e 120W \u00d7 1"},"content":{"rendered":"<p data-sourcepos=\"3:1-3:35\"><strong>Alta capacidade e pot\u00eancia:<\/strong><\/p>\n<ul data-sourcepos=\"5:1-6:0\">\n<li data-sourcepos=\"5:1-6:0\">Com uma capacidade de bateria de 1.024 Wh, ele oferece impressionantes 2.200-2.400 W de sa\u00edda CA m\u00e1xima, tornando-o adequado at\u00e9 mesmo para dispositivos exigentes.<\/li>\n<\/ul>\n<p data-sourcepos=\"7:1-7:18\"><strong>Carregamento r\u00e1pido:<\/strong><\/p>\n<ul data-sourcepos=\"9:1-10:0\">\n<li data-sourcepos=\"9:1-10:0\">Liberte a sua criatividade a\u00e9rea mais rapidamente. O DJI Power 1000 carrega rapidamente baterias de drones DJI compat\u00edveis, com alguns modelos atingindo carga total em cerca de 30 minutos.<\/li>\n<\/ul>\n<p data-sourcepos=\"11:1-11:29\"><strong>Fornecimento de energia vers\u00e1til:<\/strong><\/p>\n<ul data-sourcepos=\"13:1-14:0\">\n<li data-sourcepos=\"13:1-14:0\">Mantenha todo o seu equipamento atualizado. Possui duas portas USB-C com Power Delivery 3.1 com suporte para at\u00e9 140 W cada, ideal para laptops, c\u00e2meras e smartphones.<\/li>\n<\/ul>\n<p data-sourcepos=\"15:1-15:28\"><strong>Recarga ecol\u00f3gica:<\/strong><\/p>\n<ul data-sourcepos=\"17:1-18:0\">\n<li data-sourcepos=\"17:1-18:0\">Abrace o poder sustent\u00e1vel. O DJI Power 1000 pode ser carregado usando pain\u00e9is solares (vendidos separadamente) por meio do M\u00f3dulo Adaptador de Painel Solar DJI Power (MPPT) para aventuras fora da rede.<\/li>\n<\/ul>\n<p data-sourcepos=\"19:1-19:21\"><strong>Dur\u00e1vel e seguro:<\/strong><\/p>\n<ul data-sourcepos=\"21:1-22:0\">\n<li data-sourcepos=\"21:1-22:0\">Constru\u00eddo para durar. Ele utiliza uma c\u00e9lula LFP com vida \u00fatil de 10 anos, mantendo mais de 70% de capacidade ap\u00f3s impressionantes 4.000 ciclos de carga. Al\u00e9m disso, v\u00e1rios recursos de seguran\u00e7a garantem uma opera\u00e7\u00e3o sem preocupa\u00e7\u00f5es.<\/li>\n<\/ul>\n<p data-sourcepos=\"23:1-23:20\"><strong>Opera\u00e7\u00e3o silenciosa:<\/strong><\/p>\n<ul data-sourcepos=\"25:1-26:0\">\n<li data-sourcepos=\"25:1-26:0\">Desfrute do poder pac\u00edfico. O DJI Power 1000 opera com baixo n\u00edvel de ru\u00eddo, tornando-o ideal para filmagens ou uso em ambientes sens\u00edveis a ru\u00eddo.<\/li>\n<\/ul>\n<p data-sourcepos=\"27:1-27:50\"><strong>Extensas op\u00e7\u00f5es de acess\u00f3rios<\/strong> (vendido separadamente):<\/p>\n<ul data-sourcepos=\"29:1-30:0\">\n<li data-sourcepos=\"29:1-30:0\">Expanda sua funcionalidade com uma variedade de acess\u00f3rios, incluindo o j\u00e1 mencionado adaptador de painel solar e carregador de carro, para maior versatilidade.<\/li>\n<\/ul>\n<p data-sourcepos=\"31:1-31:170\">Em resumo, o DJI Power 1000 \u00e9 uma solu\u00e7\u00e3o poderosa e port\u00e1til para criadores de conte\u00fado, entusiastas de drones e qualquer pessoa que precise de energia confi\u00e1vel fora da rede para seus dispositivos.<\/p>\n<h3 data-sourcepos=\"31:1-31:170\">Especifica\u00e7\u00f5es t\u00e9cnicas<\/h3>\n<div class=\"specs-parameter-wrap\">\n<h4 class=\"group-list-title\">Em geral<\/h4>\n<ul class=\"detailed-parameter-list\">\n<li class=\"detailed-parameter-key\">\n<h4>Modelo<\/h4>\n<ul class=\"detailed-parameter-list\">\n<li class=\"detailed-parameter\">\n<div class=\"detailed-parameter-value\">DYM1000L\/DYM1000H<\/div>\n<\/li>\n<\/ul>\n<\/li>\n<\/ul>\n<ul class=\"detailed-parameter-list\">\n<li class=\"detailed-parameter-key\">\n<h4>Capacidade<\/h4>\n<ul class=\"detailed-parameter-list\">\n<li class=\"detailed-parameter\">\n<div class=\"detailed-parameter-value\">1.024 Wh<\/div>\n<\/li>\n<\/ul>\n<\/li>\n<\/ul>\n<ul class=\"detailed-parameter-list\">\n<li class=\"detailed-parameter-key\">\n<h4>Peso l\u00edquido<\/h4>\n<ul class=\"detailed-parameter-list\">\n<li class=\"detailed-parameter\">\n<div class=\"detailed-parameter-value\">Aproximadamente. 13kg<\/div>\n<\/li>\n<\/ul>\n<\/li>\n<\/ul>\n<ul class=\"detailed-parameter-list\">\n<li class=\"detailed-parameter-key\">\n<h4>Dimens\u00f5es<\/h4>\n<ul class=\"detailed-parameter-list\">\n<li class=\"detailed-parameter-key\">\n<h4>448\u00d7225\u00d7230 mm (C\u00d7L\u00d7A)<\/h4>\n<\/li>\n<\/ul>\n<\/li>\n<\/ul>\n<ul class=\"detailed-parameter-list\">\n<li class=\"detailed-parameter-key\">\n<h4>N\u00famero de portas<\/h4>\n<ul class=\"detailed-parameter-list\">\n<li class=\"detailed-parameter\">\n<div class=\"detailed-parameter-value\">Sa\u00edda CA \u00d7 2<br \/>\nUSB-C \u00d7 2<br \/>\nUSB-A \u00d7 2<br \/>\nCDS \u00d7 1<br \/>\nSDC Lite \u00d7 1<br \/>\nEntrada CA \u00d7 1<\/div>\n<\/li>\n<\/ul>\n<\/li>\n<\/ul>\n<ul class=\"detailed-parameter-list\">\n<li class=\"detailed-parameter-key\">\n<h4>Altitude operacional m\u00e1xima<\/h4>\n<ul class=\"detailed-parameter-list\">\n<li class=\"detailed-parameter\">\n<div class=\"detailed-parameter-value\">3.000 metros<\/div>\n<\/li>\n<\/ul>\n<\/li>\n<\/ul>\n<\/div>\n<div class=\"specs-parameter-wrap\">\n<h4 class=\"group-list-title\">Especifica\u00e7\u00f5es de sa\u00edda<\/h4>\n<ul class=\"detailed-parameter-list\">\n<li class=\"detailed-parameter-key\">\n<h4>Sa\u00edda CA<\/h4>\n<ul class=\"detailed-parameter-list\">\n<li class=\"detailed-parameter\">\n<div class=\"detailed-parameter-value\">DYM1000L: CA 100-120 V, 50\/60 Hz, sa\u00edda cont\u00ednua m\u00e1xima: 2.200 W<br \/>\nDYM1000H: CA 220-240 V, 50\/60 Hz, sa\u00edda cont\u00ednua m\u00e1xima: 2.400 W\u200c\u200c\u00a0<sup>A pot\u00eancia m\u00e1xima de sa\u00edda cont\u00ednua est\u00e1 dispon\u00edvel quando o n\u00edvel da bateria do produto est\u00e1 acima de 20%. Os dados de sa\u00edda CA variam de acordo com o pa\u00eds e a regi\u00e3o.<\/sup><br \/>\n\u200c\u00a0<sup>Dado que a tens\u00e3o no Jap\u00e3o \u00e9 de 100 V, a pot\u00eancia m\u00e1xima de sa\u00edda cont\u00ednua da vers\u00e3o japonesa \u00e9 de 2.000 W.<\/sup><\/div>\n<\/li>\n<\/ul>\n<\/li>\n<\/ul>\n<ul class=\"detailed-parameter-list\">\n<li class=\"detailed-parameter-key\">\n<h4>Sa\u00edda CA (Modo Bypass)<\/h4>\n<ul class=\"detailed-parameter-list\">\n<li class=\"detailed-parameter\">\n<div class=\"detailed-parameter-value\">DYM1000L: CA 100-120 V, 12 A, 1440 W<br \/>\n\u200cDYM1000H: CA 220-240 V, 10 A, 2.200 W<\/div>\n<\/li>\n<\/ul>\n<\/li>\n<\/ul>\n<ul class=\"detailed-parameter-list\">\n<li class=\"detailed-parameter-key\">\n<h4>Sa\u00edda USB-A<\/h4>\n<ul class=\"detailed-parameter-list\">\n<li class=\"detailed-parameter\">\n<div class=\"detailed-parameter-value\">5 V, 3 A<br \/>\n9 V, 2 A<br \/>\n12 V, 2 A<br \/>\nPot\u00eancia m\u00e1xima de sa\u00edda por canal: 24 W<\/div>\n<\/li>\n<\/ul>\n<\/li>\n<\/ul>\n<ul class=\"detailed-parameter-list\">\n<li class=\"detailed-parameter-key\">\n<h4>Sa\u00edda USB-C<\/h4>\n<ul class=\"detailed-parameter-list\">\n<li class=\"detailed-parameter\">\n<div class=\"detailed-parameter-value\">5 V, 5 A<br \/>\n9 V, 5 A<br \/>\n12 V, 5 A<br \/>\n15 V, 5 A<br \/>\n20 V, 5 A<br \/>\n28 V, 5 A (EPR)<br \/>\nPot\u00eancia m\u00e1xima de sa\u00edda por canal: 140 W*<sup>* A porta USB-C suporta uma pot\u00eancia de sa\u00edda m\u00e1xima de 140 W. O dispositivo que est\u00e1 sendo carregado deve suportar o protocolo PD 3.1 e usar um cabo USB que atenda \u00e0s especifica\u00e7\u00f5es EPR.<\/sup><\/div>\n<\/li>\n<\/ul>\n<\/li>\n<\/ul>\n<ul class=\"detailed-parameter-list\">\n<li class=\"detailed-parameter-key\">\n<h4>Sa\u00edda SDC e SDC Lite<\/h4>\n<ul class=\"detailed-parameter-list\">\n<li class=\"detailed-parameter\">\n<div class=\"detailed-parameter-value\">SDC: 9-27 V, corrente m\u00e1xima: 10 A, pot\u00eancia m\u00e1xima de sa\u00edda: 240 W<br \/>\nSDC Lite: 9-27 V, corrente m\u00e1xima: 10 A, pot\u00eancia m\u00e1xima de sa\u00edda: 240 W<sup>Ambas as portas SDC e SDC Lite suportam v\u00e1rios acess\u00f3rios.<\/sup><\/div>\n<\/li>\n<\/ul>\n<\/li>\n<\/ul>\n<\/div>\n<div class=\"specs-parameter-wrap\">\n<h4 class=\"group-list-title\">Especifica\u00e7\u00f5es de entrada<\/h4>\n<ul class=\"detailed-parameter-list\">\n<li class=\"detailed-parameter-key\">\n<h4>Entrada CA<\/h4>\n<ul class=\"detailed-parameter-list\">\n<li class=\"detailed-parameter\">\n<div class=\"detailed-parameter-value\">DYM1000L: CA 100-120 V, 1200 W (recarga), 1440 W (modo Bypass)<br \/>\nDYM1000H: CA 220-240 V, 1200 W (recarga), 2200 W (modo Bypass)<\/div>\n<\/li>\n<\/ul>\n<\/li>\n<\/ul>\n<ul class=\"detailed-parameter-list\">\n<li class=\"detailed-parameter-key\">\n<h4>Entrada SDC e SDC Lite<\/h4>\n<ul class=\"detailed-parameter-list\">\n<li class=\"detailed-parameter\">\n<div class=\"detailed-parameter-value\">SDC: CC 32-58,4 V, m\u00e1x. 400 W, 8 A<br \/>\nSDC Lite: CC 32-58,4 V, m\u00e1x. 400 W, 8 A<sup>Ambas as portas SDC e SDC Lite suportam v\u00e1rios acess\u00f3rios.<\/sup><\/div>\n<\/li>\n<\/ul>\n<\/li>\n<\/ul>\n<\/div>\n<div class=\"specs-parameter-wrap\">\n<h4 class=\"group-list-title\">Bateria<\/h4>\n<ul class=\"detailed-parameter-list\">\n<li class=\"detailed-parameter-key\">\n<h4>Qu\u00edmica Celular<\/h4>\n<ul class=\"detailed-parameter-list\">\n<li class=\"detailed-parameter\">\n<div class=\"detailed-parameter-value\">LFP (ferrofosfato de l\u00edtio)<\/div>\n<\/li>\n<\/ul>\n<\/li>\n<\/ul>\n<ul class=\"detailed-parameter-list\">\n<li class=\"detailed-parameter-key\">\n<h4>Ciclo da vida<\/h4>\n<ul class=\"detailed-parameter-list\">\n<li class=\"detailed-parameter\">\n<div class=\"detailed-parameter-value\">\n<p>Mant\u00e9m mais de capacidade 70% ap\u00f3s 4.000 ciclos.<\/p>\n<p><sup>Medido a 25\u00b0C\/77\u00b0F de temperatura ambiente, sendo recarregado no modo de recarga padr\u00e3o de 600 W e com uma pot\u00eancia de sa\u00edda de 1000 W.<\/sup><\/p>\n<\/div>\n<\/li>\n<\/ul>\n<\/li>\n<\/ul>\n<\/div>\n<div class=\"specs-parameter-wrap\">\n<h4 class=\"group-list-title\">Temperatura de opera\u00e7\u00e3o<\/h4>\n<ul class=\"detailed-parameter-list\">\n<li class=\"detailed-parameter-key\">\n<h4>Temperatura da fonte de alimenta\u00e7\u00e3o<\/h4>\n<ul class=\"detailed-parameter-list\">\n<li class=\"detailed-parameter\">\n<div class=\"detailed-parameter-value\">-10\u00b0 a 45\u00b0 C (14\u00b0 a 113\u00b0 F)<\/div>\n<\/li>\n<\/ul>\n<\/li>\n<\/ul>\n<ul class=\"detailed-parameter-list\">\n<li class=\"detailed-parameter-key\">\n<h4>Temperatura de recarga<\/h4>\n<ul class=\"detailed-parameter-list\">\n<li class=\"detailed-parameter\">\n<div class=\"detailed-parameter-value\">0\u00b0 a 45\u00b0 C (32\u00b0 a 113\u00b0 F)<\/div>\n<\/li>\n<\/ul>\n<\/li>\n<\/ul>\n<ul class=\"detailed-parameter-list\">\n<li class=\"detailed-parameter-key\">\n<h4>Temperatura de armazenamento<\/h4>\n<ul class=\"detailed-parameter-list\">\n<li class=\"detailed-parameter\">\n<div class=\"detailed-parameter-value\">-10\u00b0 a 45\u00b0 C (14\u00b0 a 113\u00b0 F)<\/div>\n<\/li>\n<\/ul>\n<\/li>\n<\/ul>\n<p><a href=\"https:\/\/www.ghostysky.com\/wp-content\/uploads\/2024\/04\/DJIP1000_1_ITB.jpg\"><img fetchpriority=\"high\" decoding=\"async\" class=\"alignnone size-full wp-image-18463 lazyload\" src=\"data:image\/gif;base64,R0lGODlhAQABAAAAACH5BAEKAAEALAAAAAABAAEAAAICTAEAOw==\" alt=\"\" width=\"1537\" height=\"445\" data-src=\"https:\/\/www.ghostysky.com\/wp-content\/uploads\/2024\/04\/DJIP1000_1_ITB.jpg\"><\/a><\/p>\n<\/div>","protected":false},"excerpt":{"rendered":"<p data-sourcepos=\"1:1-1:72\">O DJI Power 1000 \u00e9 uma esta\u00e7\u00e3o de energia port\u00e1til de alta capacidade projetada para criadores de conte\u00fado, pilotos de drones e entusiastas de atividades ao ar livre que precisam de energia confi\u00e1vel em tr\u00e2nsito. Ele fornece energia est\u00e1vel com bateria de capacidade de 1.024 Wh, pot\u00eancia de sa\u00edda m\u00e1xima de 2.400 W e carregamento r\u00e1pido para drones DJI selecionados. O pacote inclui um painel solar de 120W.<\/p>","protected":false},"featured_media":18429,"comment_status":"open","ping_status":"closed","template":"","meta":[],"product_brand":[],"product_cat":[461,777,615,430,781,785,775,37,614,429,29,779,784,511],"product_tag":[862,42,860,861],"class_list":{"0":"post-18461","1":"product","2":"type-product","3":"status-publish","4":"has-post-thumbnail","6":"product_cat-accessories-2","7":"product_cat-accessories-air-3","8":"product_cat-dji-matrice-30-accessories","9":"product_cat-accessories-dji-mavic3-ent","10":"product_cat-accessories-mavic-3-classic","11":"product_cat-accessories-mavic-3-pro","12":"product_cat-air-3","13":"product_cat-dji","14":"product_cat-dji-matrice-30","15":"product_cat-dji-mavic3-ent","16":"product_cat-drones","17":"product_cat-mavic-3-classic","18":"product_cat-mavic-3-pro","19":"product_cat-power-station","20":"product_tag-120w-solar-panel-x-1","21":"product_tag-dji","22":"product_tag-dji-power-station","23":"product_tag-power-1000","25":"first","26":"onbackorder","27":"taxable","28":"shipping-taxable","29":"product-type-simple"},"yoast_head":"<!-- This site is optimized with the Yoast SEO plugin v27.1.1 - https:\/\/yoast.com\/product\/yoast-seo-wordpress\/ -->\n<title>DJI Power 1000 &amp; 120W Solar Panel \u00d7 1 - Ghostysky<\/title>\n<meta name=\"description\" content=\"The DJI Power 1000 is a high-capacity portable power station designed for content creators, drone pilots, and outdoor enthusiasts who need reliable power on the go. It provides stable power with a battery capacity of 1024 Wh, max output power of 2400 W, and fast charging for select DJI drones. The package includes a 120W Solar Panel.\" \/>\n<meta name=\"robots\" content=\"index, follow, max-snippet:-1, max-image-preview:large, max-video-preview:-1\" \/>\n<link rel=\"canonical\" href=\"https:\/\/www.ghostysky.com\/pt\/produto-2\/dji-power-1000-120w-solar-panel-x-1\/\" \/>\n<meta property=\"og:locale\" content=\"pt_PT\" \/>\n<meta property=\"og:type\" content=\"article\" \/>\n<meta property=\"og:title\" content=\"DJI Power 1000 &amp; 120W Solar Panel \u00d7 1 - Ghostysky\" \/>\n<meta property=\"og:description\" content=\"The DJI Power 1000 is a high-capacity portable power station designed for content creators, drone pilots, and outdoor enthusiasts who need reliable power on the go. It provides stable power with a battery capacity of 1024 Wh, max output power of 2400 W, and fast charging for select DJI drones. The package includes a 120W Solar Panel.\" \/>\n<meta property=\"og:url\" content=\"https:\/\/www.ghostysky.com\/pt\/produto-2\/dji-power-1000-120w-solar-panel-x-1\/\" \/>\n<meta property=\"og:site_name\" content=\"Ghostysky\" \/>\n<meta property=\"article:publisher\" content=\"https:\/\/www.facebook.com\/people\/Ghostysky\/100057676170234\/\" \/>\n<meta property=\"article:modified_time\" content=\"2025-10-14T11:12:13+00:00\" \/>\n<meta property=\"og:image\" content=\"https:\/\/www.ghostysky.com\/wp-content\/uploads\/2024\/04\/DJI-Power-1000_8_Solar-Pannelx1.jpg\" \/>\n\t<meta property=\"og:image:width\" content=\"1280\" \/>\n\t<meta property=\"og:image:height\" content=\"1280\" \/>\n\t<meta property=\"og:image:type\" content=\"image\/jpeg\" \/>\n<meta name=\"twitter:card\" content=\"summary_large_image\" \/>\n<meta name=\"twitter:site\" content=\"@Gh0stysky\" \/>\n<meta name=\"twitter:label1\" content=\"Tempo estimado de leitura\" \/>\n\t<meta name=\"twitter:data1\" content=\"4 minutos\" \/>\n<script type=\"application\/ld+json\" class=\"yoast-schema-graph\">{\"@context\":\"https:\/\/schema.org\",\"@graph\":[{\"@type\":\"WebPage\",\"@id\":\"https:\/\/www.ghostysky.com\/product\/dji-power-1000-120w-solar-panel-x-1\/\",\"url\":\"https:\/\/www.ghostysky.com\/product\/dji-power-1000-120w-solar-panel-x-1\/\",\"name\":\"DJI Power 1000 & 120W Solar Panel \u00d7 1 - Ghostysky\",\"isPartOf\":{\"@id\":\"https:\/\/www.ghostysky.com\/#website\"},\"primaryImageOfPage\":{\"@id\":\"https:\/\/www.ghostysky.com\/product\/dji-power-1000-120w-solar-panel-x-1\/#primaryimage\"},\"image\":{\"@id\":\"https:\/\/www.ghostysky.com\/product\/dji-power-1000-120w-solar-panel-x-1\/#primaryimage\"},\"thumbnailUrl\":\"https:\/\/www.ghostysky.com\/wp-content\/uploads\/2024\/04\/DJI-Power-1000_8_Solar-Pannelx1.jpg\",\"datePublished\":\"2024-04-20T08:23:28+00:00\",\"dateModified\":\"2025-10-14T11:12:13+00:00\",\"description\":\"The DJI Power 1000 is a high-capacity portable power station designed for content creators, drone pilots, and outdoor enthusiasts who need reliable power on the go. It provides stable power with a battery capacity of 1024 Wh, max output power of 2400 W, and fast charging for select DJI drones. The package includes a 120W Solar Panel.\",\"breadcrumb\":{\"@id\":\"https:\/\/www.ghostysky.com\/product\/dji-power-1000-120w-solar-panel-x-1\/#breadcrumb\"},\"inLanguage\":\"pt-PT\",\"potentialAction\":[{\"@type\":\"ReadAction\",\"target\":[\"https:\/\/www.ghostysky.com\/product\/dji-power-1000-120w-solar-panel-x-1\/\"]}]},{\"@type\":\"ImageObject\",\"inLanguage\":\"pt-PT\",\"@id\":\"https:\/\/www.ghostysky.com\/product\/dji-power-1000-120w-solar-panel-x-1\/#primaryimage\",\"url\":\"https:\/\/www.ghostysky.com\/wp-content\/uploads\/2024\/04\/DJI-Power-1000_8_Solar-Pannelx1.jpg\",\"contentUrl\":\"https:\/\/www.ghostysky.com\/wp-content\/uploads\/2024\/04\/DJI-Power-1000_8_Solar-Pannelx1.jpg\",\"width\":1280,\"height\":1280},{\"@type\":\"BreadcrumbList\",\"@id\":\"https:\/\/www.ghostysky.com\/product\/dji-power-1000-120w-solar-panel-x-1\/#breadcrumb\",\"itemListElement\":[{\"@type\":\"ListItem\",\"position\":1,\"name\":\"Home\",\"item\":\"https:\/\/www.ghostysky.com\/\"},{\"@type\":\"ListItem\",\"position\":2,\"name\":\"Shop\",\"item\":\"https:\/\/www.ghostysky.com\/shop\/\"},{\"@type\":\"ListItem\",\"position\":3,\"name\":\"DJI Power 1000 &#038; 120W Solar Panel \u00d7 1\"}]},{\"@type\":\"WebSite\",\"@id\":\"https:\/\/www.ghostysky.com\/#website\",\"url\":\"https:\/\/www.ghostysky.com\/\",\"name\":\"Ghostysky\",\"description\":\"Delivering professional drones and services\",\"publisher\":{\"@id\":\"https:\/\/www.ghostysky.com\/#organization\"},\"potentialAction\":[{\"@type\":\"SearchAction\",\"target\":{\"@type\":\"EntryPoint\",\"urlTemplate\":\"https:\/\/www.ghostysky.com\/?s={search_term_string}\"},\"query-input\":{\"@type\":\"PropertyValueSpecification\",\"valueRequired\":true,\"valueName\":\"search_term_string\"}}],\"inLanguage\":\"pt-PT\"},{\"@type\":\"Organization\",\"@id\":\"https:\/\/www.ghostysky.com\/#organization\",\"name\":\"Ghostysky\",\"url\":\"https:\/\/www.ghostysky.com\/\",\"logo\":{\"@type\":\"ImageObject\",\"inLanguage\":\"pt-PT\",\"@id\":\"https:\/\/www.ghostysky.com\/#\/schema\/logo\/image\/\",\"url\":\"https:\/\/www.ghostysky.com\/wp-content\/uploads\/2020\/06\/cropped-ghostyskylogo_text_white2.png\",\"contentUrl\":\"https:\/\/www.ghostysky.com\/wp-content\/uploads\/2020\/06\/cropped-ghostyskylogo_text_white2.png\",\"width\":169,\"height\":56,\"caption\":\"Ghostysky\"},\"image\":{\"@id\":\"https:\/\/www.ghostysky.com\/#\/schema\/logo\/image\/\"},\"sameAs\":[\"https:\/\/www.facebook.com\/people\/Ghostysky\/100057676170234\/\",\"https:\/\/x.com\/Gh0stysky\",\"https:\/\/www.linkedin.com\/company\/34739653\",\"https:\/\/www.instagram.com\/gh0stysky\"]}]}<\/script>\n<!-- \/ Yoast SEO plugin. -->","yoast_head_json":{"title":"Painel solar DJI Power 1000 e 120W \u00d7 1 - Ghostysky","description":"O DJI Power 1000 \u00e9 uma esta\u00e7\u00e3o de energia port\u00e1til de alta capacidade projetada para criadores de conte\u00fado, pilotos de drones e entusiastas de atividades ao ar livre que precisam de energia confi\u00e1vel em tr\u00e2nsito. Ele fornece energia est\u00e1vel com bateria de capacidade de 1.024 Wh, pot\u00eancia de sa\u00edda m\u00e1xima de 2.400 W e carregamento r\u00e1pido para drones DJI selecionados. O pacote inclui um painel solar de 120W.","robots":{"index":"index","follow":"follow","max-snippet":"max-snippet:-1","max-image-preview":"max-image-preview:large","max-video-preview":"max-video-preview:-1"},"canonical":"https:\/\/www.ghostysky.com\/pt\/produto-2\/dji-power-1000-120w-solar-panel-x-1\/","og_locale":"pt_PT","og_type":"article","og_title":"DJI Power 1000 & 120W Solar Panel \u00d7 1 - Ghostysky","og_description":"The DJI Power 1000 is a high-capacity portable power station designed for content creators, drone pilots, and outdoor enthusiasts who need reliable power on the go. It provides stable power with a battery capacity of 1024 Wh, max output power of 2400 W, and fast charging for select DJI drones. The package includes a 120W Solar Panel.","og_url":"https:\/\/www.ghostysky.com\/pt\/produto-2\/dji-power-1000-120w-solar-panel-x-1\/","og_site_name":"Ghostysky","article_publisher":"https:\/\/www.facebook.com\/people\/Ghostysky\/100057676170234\/","article_modified_time":"2025-10-14T11:12:13+00:00","og_image":[{"width":1280,"height":1280,"url":"https:\/\/www.ghostysky.com\/wp-content\/uploads\/2024\/04\/DJI-Power-1000_8_Solar-Pannelx1.jpg","type":"image\/jpeg"}],"twitter_card":"summary_large_image","twitter_site":"@Gh0stysky","twitter_misc":{"Tempo estimado de leitura":"4 minutos"},"schema":{"@context":"https:\/\/schema.org","@graph":[{"@type":"WebPage","@id":"https:\/\/www.ghostysky.com\/product\/dji-power-1000-120w-solar-panel-x-1\/","url":"https:\/\/www.ghostysky.com\/product\/dji-power-1000-120w-solar-panel-x-1\/","name":"Painel solar DJI Power 1000 e 120W \u00d7 1 - Ghostysky","isPartOf":{"@id":"https:\/\/www.ghostysky.com\/#website"},"primaryImageOfPage":{"@id":"https:\/\/www.ghostysky.com\/product\/dji-power-1000-120w-solar-panel-x-1\/#primaryimage"},"image":{"@id":"https:\/\/www.ghostysky.com\/product\/dji-power-1000-120w-solar-panel-x-1\/#primaryimage"},"thumbnailUrl":"https:\/\/www.ghostysky.com\/wp-content\/uploads\/2024\/04\/DJI-Power-1000_8_Solar-Pannelx1.jpg","datePublished":"2024-04-20T08:23:28+00:00","dateModified":"2025-10-14T11:12:13+00:00","description":"O DJI Power 1000 \u00e9 uma esta\u00e7\u00e3o de energia port\u00e1til de alta capacidade projetada para criadores de conte\u00fado, pilotos de drones e entusiastas de atividades ao ar livre que precisam de energia confi\u00e1vel em tr\u00e2nsito. Ele fornece energia est\u00e1vel com bateria de capacidade de 1.024 Wh, pot\u00eancia de sa\u00edda m\u00e1xima de 2.400 W e carregamento r\u00e1pido para drones DJI selecionados. O pacote inclui um painel solar de 120W.","breadcrumb":{"@id":"https:\/\/www.ghostysky.com\/product\/dji-power-1000-120w-solar-panel-x-1\/#breadcrumb"},"inLanguage":"pt-PT","potentialAction":[{"@type":"ReadAction","target":["https:\/\/www.ghostysky.com\/product\/dji-power-1000-120w-solar-panel-x-1\/"]}]},{"@type":"ImageObject","inLanguage":"pt-PT","@id":"https:\/\/www.ghostysky.com\/product\/dji-power-1000-120w-solar-panel-x-1\/#primaryimage","url":"https:\/\/www.ghostysky.com\/wp-content\/uploads\/2024\/04\/DJI-Power-1000_8_Solar-Pannelx1.jpg","contentUrl":"https:\/\/www.ghostysky.com\/wp-content\/uploads\/2024\/04\/DJI-Power-1000_8_Solar-Pannelx1.jpg","width":1280,"height":1280},{"@type":"BreadcrumbList","@id":"https:\/\/www.ghostysky.com\/product\/dji-power-1000-120w-solar-panel-x-1\/#breadcrumb","itemListElement":[{"@type":"ListItem","position":1,"name":"Home","item":"https:\/\/www.ghostysky.com\/"},{"@type":"ListItem","position":2,"name":"Shop","item":"https:\/\/www.ghostysky.com\/shop\/"},{"@type":"ListItem","position":3,"name":"DJI Power 1000 &#038; 120W Solar Panel \u00d7 1"}]},{"@type":"WebSite","@id":"https:\/\/www.ghostysky.com\/#website","url":"https:\/\/www.ghostysky.com\/","name":"Ghostysky","description":"Fornecendo drones e servi\u00e7os profissionais","publisher":{"@id":"https:\/\/www.ghostysky.com\/#organization"},"potentialAction":[{"@type":"SearchAction","target":{"@type":"EntryPoint","urlTemplate":"https:\/\/www.ghostysky.com\/?s={search_term_string}"},"query-input":{"@type":"PropertyValueSpecification","valueRequired":true,"valueName":"search_term_string"}}],"inLanguage":"pt-PT"},{"@type":"Organization","@id":"https:\/\/www.ghostysky.com\/#organization","name":"Ghostysky","url":"https:\/\/www.ghostysky.com\/","logo":{"@type":"ImageObject","inLanguage":"pt-PT","@id":"https:\/\/www.ghostysky.com\/#\/schema\/logo\/image\/","url":"https:\/\/www.ghostysky.com\/wp-content\/uploads\/2020\/06\/cropped-ghostyskylogo_text_white2.png","contentUrl":"https:\/\/www.ghostysky.com\/wp-content\/uploads\/2020\/06\/cropped-ghostyskylogo_text_white2.png","width":169,"height":56,"caption":"Ghostysky"},"image":{"@id":"https:\/\/www.ghostysky.com\/#\/schema\/logo\/image\/"},"sameAs":["https:\/\/www.facebook.com\/people\/Ghostysky\/100057676170234\/","https:\/\/x.com\/Gh0stysky","https:\/\/www.linkedin.com\/company\/34739653","https:\/\/www.instagram.com\/gh0stysky"]}]}},"_links":{"self":[{"href":"https:\/\/www.ghostysky.com\/pt\/wp-json\/wp\/v2\/product\/18461","targetHints":{"allow":["GET"]}}],"collection":[{"href":"https:\/\/www.ghostysky.com\/pt\/wp-json\/wp\/v2\/product"}],"about":[{"href":"https:\/\/www.ghostysky.com\/pt\/wp-json\/wp\/v2\/types\/product"}],"replies":[{"embeddable":true,"href":"https:\/\/www.ghostysky.com\/pt\/wp-json\/wp\/v2\/comments?post=18461"}],"wp:featuredmedia":[{"embeddable":true,"href":"https:\/\/www.ghostysky.com\/pt\/wp-json\/wp\/v2\/media\/18429"}],"wp:attachment":[{"href":"https:\/\/www.ghostysky.com\/pt\/wp-json\/wp\/v2\/media?parent=18461"}],"wp:term":[{"taxonomy":"product_brand","embeddable":true,"href":"https:\/\/www.ghostysky.com\/pt\/wp-json\/wp\/v2\/product_brand?post=18461"},{"taxonomy":"product_cat","embeddable":true,"href":"https:\/\/www.ghostysky.com\/pt\/wp-json\/wp\/v2\/product_cat?post=18461"},{"taxonomy":"product_tag","embeddable":true,"href":"https:\/\/www.ghostysky.com\/pt\/wp-json\/wp\/v2\/product_tag?post=18461"}],"curies":[{"name":"wp","href":"https:\/\/api.w.org\/{rel}","templated":true}]}}