{"id":18544,"date":"2024-04-26T09:41:45","date_gmt":"2024-04-26T09:41:45","guid":{"rendered":"https:\/\/www.ghostysky.com\/?post_type=product&#038;p=18544"},"modified":"2024-04-26T12:17:39","modified_gmt":"2024-04-26T12:17:39","slug":"entron-300-drone-light-show-drone-used-b","status":"publish","type":"product","link":"https:\/\/www.ghostysky.com\/pt\/product\/entron-300-drone-light-show-drone-used-b\/","title":{"rendered":"Entron 300 &#8211; Drone Light Show drone [Used B]"},"content":{"rendered":"<h2>Entron 300 DRONES<\/h2>\n<p><img decoding=\"async\" style=\"height: 500px;\" src=\"data:image\/gif;base64,R0lGODlhAQABAAAAACH5BAEKAAEALAAAAAABAAEAAAICTAEAOw==\" class=\"lazyload\" data-src=\"https:\/\/www.ghostysky.com\/wp-content\/uploads\/2022\/07\/Entron300_1.webp\"><br \/>\n<img decoding=\"async\" style=\"height: 500px;\" src=\"data:image\/gif;base64,R0lGODlhAQABAAAAACH5BAEKAAEALAAAAAABAAEAAAICTAEAOw==\" class=\"lazyload\" data-src=\"https:\/\/www.ghostysky.com\/wp-content\/uploads\/2022\/07\/Entron300Specs.webp\"><\/p>","protected":false},"excerpt":{"rendered":"<p>Os drones Entron 300 s\u00e3o a escolha perfeita para eventos Drone Light Shows. Compacto, dur\u00e1vel e leve, incorpora um piloto autom\u00e1tico Pixhawk compat\u00edvel com todos os softwares Drone Light Show do mercado.<\/p>\n<p>Recursos em destaque<\/p>\n<ul>\n<li>Compat\u00edvel com diversos software de espect\u00e1culos<\/li>\n<li>Estrutura compacta, dur\u00e1vel e leve<\/li>\n<li>At\u00e9 26 minutos de tempo de voo<\/li>\n<li>Controlador de voo padr\u00e3o Pixhawk permitindo configura\u00e7\u00e3o e desenvolvimento flex\u00edveis<\/li>\n<li>GPS RTK permitindo precis\u00e3o de posicionamento em n\u00edvel de cm<\/li>\n<li>Links de dados duplos para comunica\u00e7\u00e3o redundante<\/li>\n<li>LED RGB de 15 W colorido em alto brilho<\/li>\n<li>Grelha de seguran\u00e7a de h\u00e9lice opcionais<\/li>\n<li>H\u00e9lices auto-apertados ou dobr\u00e1veis<\/li>\n<\/ul>","protected":false},"featured_media":18553,"comment_status":"open","ping_status":"closed","template":"","meta":[],"product_brand":[],"product_cat":[29,584],"product_tag":[38,383,384,184,428,586],"class_list":{"0":"post-18544","1":"product","2":"type-product","3":"status-publish","4":"has-post-thumbnail","6":"product_cat-drones","7":"product_cat-outlet","8":"product_tag-drone","9":"product_tag-drone-light-show","10":"product_tag-drone-show-software","11":"product_tag-entron-300","12":"product_tag-other-applications","13":"product_tag-outlet-used","15":"first","16":"instock","17":"sale","18":"taxable","19":"shipping-taxable","20":"purchasable","21":"product-type-simple"},"yoast_head":"<!-- This site is optimized with the Yoast SEO plugin v27.1.1 - https:\/\/yoast.com\/product\/yoast-seo-wordpress\/ -->\n<title>Entron 300 - Drone Light Show drone [Used B] -<\/title>\n<meta name=\"description\" content=\"Entron 300 drones are a perfect choice for Drone Light Shows events. Compact, durable and light-weight it incorporates a Pixhawk autopilot compatible with all Drone Light Show software in the market.\" \/>\n<meta name=\"robots\" content=\"index, follow, max-snippet:-1, max-image-preview:large, max-video-preview:-1\" \/>\n<link rel=\"canonical\" href=\"https:\/\/www.ghostysky.com\/pt\/produto-2\/entron-300-drone-light-show-drone-used-b\/\" \/>\n<meta property=\"og:locale\" content=\"pt_PT\" \/>\n<meta property=\"og:type\" content=\"article\" \/>\n<meta property=\"og:title\" content=\"Entron 300 - Drone Light Show drone [Used B] -\" \/>\n<meta property=\"og:description\" content=\"Entron 300 drones are a perfect choice for Drone Light Shows events. Compact, durable and light-weight it incorporates a Pixhawk autopilot compatible with all Drone Light Show software in the market.\" \/>\n<meta property=\"og:url\" content=\"https:\/\/www.ghostysky.com\/pt\/produto-2\/entron-300-drone-light-show-drone-used-b\/\" \/>\n<meta property=\"og:site_name\" content=\"Ghostysky\" \/>\n<meta property=\"article:publisher\" content=\"https:\/\/www.facebook.com\/people\/Ghostysky\/100057676170234\/\" \/>\n<meta property=\"article:modified_time\" content=\"2024-04-26T12:17:39+00:00\" \/>\n<meta property=\"og:image\" content=\"https:\/\/www.ghostysky.com\/wp-content\/uploads\/2024\/04\/Entron300_1_B.jpg\" \/>\n\t<meta property=\"og:image:width\" content=\"1000\" \/>\n\t<meta property=\"og:image:height\" content=\"681\" \/>\n\t<meta property=\"og:image:type\" content=\"image\/jpeg\" \/>\n<meta name=\"twitter:card\" content=\"summary_large_image\" \/>\n<meta name=\"twitter:site\" content=\"@Gh0stysky\" \/>\n<meta name=\"twitter:label1\" content=\"Tempo estimado de leitura\" \/>\n\t<meta name=\"twitter:data1\" content=\"1 minuto\" \/>\n<script type=\"application\/ld+json\" class=\"yoast-schema-graph\">{\"@context\":\"https:\/\/schema.org\",\"@graph\":[{\"@type\":\"WebPage\",\"@id\":\"https:\/\/www.ghostysky.com\/product\/entron-300-drone-light-show-drone-used-b\/\",\"url\":\"https:\/\/www.ghostysky.com\/product\/entron-300-drone-light-show-drone-used-b\/\",\"name\":\"Entron 300 - Drone Light Show drone [Used B] -\",\"isPartOf\":{\"@id\":\"https:\/\/www.ghostysky.com\/#website\"},\"primaryImageOfPage\":{\"@id\":\"https:\/\/www.ghostysky.com\/product\/entron-300-drone-light-show-drone-used-b\/#primaryimage\"},\"image\":{\"@id\":\"https:\/\/www.ghostysky.com\/product\/entron-300-drone-light-show-drone-used-b\/#primaryimage\"},\"thumbnailUrl\":\"https:\/\/www.ghostysky.com\/wp-content\/uploads\/2024\/04\/Entron300_1_B.jpg\",\"datePublished\":\"2024-04-26T09:41:45+00:00\",\"dateModified\":\"2024-04-26T12:17:39+00:00\",\"description\":\"Entron 300 drones are a perfect choice for Drone Light Shows events. Compact, durable and light-weight it incorporates a Pixhawk autopilot compatible with all Drone Light Show software in the market.\",\"breadcrumb\":{\"@id\":\"https:\/\/www.ghostysky.com\/product\/entron-300-drone-light-show-drone-used-b\/#breadcrumb\"},\"inLanguage\":\"pt-PT\",\"potentialAction\":[{\"@type\":\"ReadAction\",\"target\":[\"https:\/\/www.ghostysky.com\/product\/entron-300-drone-light-show-drone-used-b\/\"]}]},{\"@type\":\"ImageObject\",\"inLanguage\":\"pt-PT\",\"@id\":\"https:\/\/www.ghostysky.com\/product\/entron-300-drone-light-show-drone-used-b\/#primaryimage\",\"url\":\"https:\/\/www.ghostysky.com\/wp-content\/uploads\/2024\/04\/Entron300_1_B.jpg\",\"contentUrl\":\"https:\/\/www.ghostysky.com\/wp-content\/uploads\/2024\/04\/Entron300_1_B.jpg\",\"width\":1000,\"height\":681},{\"@type\":\"BreadcrumbList\",\"@id\":\"https:\/\/www.ghostysky.com\/product\/entron-300-drone-light-show-drone-used-b\/#breadcrumb\",\"itemListElement\":[{\"@type\":\"ListItem\",\"position\":1,\"name\":\"Home\",\"item\":\"https:\/\/www.ghostysky.com\/\"},{\"@type\":\"ListItem\",\"position\":2,\"name\":\"Shop\",\"item\":\"https:\/\/www.ghostysky.com\/shop\/\"},{\"@type\":\"ListItem\",\"position\":3,\"name\":\"Entron 300 &#8211; Drone Light Show drone [Used B]\"}]},{\"@type\":\"WebSite\",\"@id\":\"https:\/\/www.ghostysky.com\/#website\",\"url\":\"https:\/\/www.ghostysky.com\/\",\"name\":\"Ghostysky\",\"description\":\"Delivering professional drones and services\",\"publisher\":{\"@id\":\"https:\/\/www.ghostysky.com\/#organization\"},\"potentialAction\":[{\"@type\":\"SearchAction\",\"target\":{\"@type\":\"EntryPoint\",\"urlTemplate\":\"https:\/\/www.ghostysky.com\/?s={search_term_string}\"},\"query-input\":{\"@type\":\"PropertyValueSpecification\",\"valueRequired\":true,\"valueName\":\"search_term_string\"}}],\"inLanguage\":\"pt-PT\"},{\"@type\":\"Organization\",\"@id\":\"https:\/\/www.ghostysky.com\/#organization\",\"name\":\"Ghostysky\",\"url\":\"https:\/\/www.ghostysky.com\/\",\"logo\":{\"@type\":\"ImageObject\",\"inLanguage\":\"pt-PT\",\"@id\":\"https:\/\/www.ghostysky.com\/#\/schema\/logo\/image\/\",\"url\":\"https:\/\/www.ghostysky.com\/wp-content\/uploads\/2020\/06\/cropped-ghostyskylogo_text_white2.png\",\"contentUrl\":\"https:\/\/www.ghostysky.com\/wp-content\/uploads\/2020\/06\/cropped-ghostyskylogo_text_white2.png\",\"width\":169,\"height\":56,\"caption\":\"Ghostysky\"},\"image\":{\"@id\":\"https:\/\/www.ghostysky.com\/#\/schema\/logo\/image\/\"},\"sameAs\":[\"https:\/\/www.facebook.com\/people\/Ghostysky\/100057676170234\/\",\"https:\/\/x.com\/Gh0stysky\",\"https:\/\/www.linkedin.com\/company\/34739653\",\"https:\/\/www.instagram.com\/gh0stysky\"]}]}<\/script>\n<!-- \/ Yoast SEO plugin. -->","yoast_head_json":{"title":"Entron 300 - Drone Light Show drone [Used B] -","description":"Os drones Entron 300 s\u00e3o a escolha perfeita para eventos Drone Light Shows. Compacto, dur\u00e1vel e leve, incorpora um piloto autom\u00e1tico Pixhawk compat\u00edvel com todos os softwares Drone Light Show do mercado.","robots":{"index":"index","follow":"follow","max-snippet":"max-snippet:-1","max-image-preview":"max-image-preview:large","max-video-preview":"max-video-preview:-1"},"canonical":"https:\/\/www.ghostysky.com\/pt\/produto-2\/entron-300-drone-light-show-drone-used-b\/","og_locale":"pt_PT","og_type":"article","og_title":"Entron 300 - Drone Light Show drone [Used B] -","og_description":"Entron 300 drones are a perfect choice for Drone Light Shows events. Compact, durable and light-weight it incorporates a Pixhawk autopilot compatible with all Drone Light Show software in the market.","og_url":"https:\/\/www.ghostysky.com\/pt\/produto-2\/entron-300-drone-light-show-drone-used-b\/","og_site_name":"Ghostysky","article_publisher":"https:\/\/www.facebook.com\/people\/Ghostysky\/100057676170234\/","article_modified_time":"2024-04-26T12:17:39+00:00","og_image":[{"width":1000,"height":681,"url":"https:\/\/www.ghostysky.com\/wp-content\/uploads\/2024\/04\/Entron300_1_B.jpg","type":"image\/jpeg"}],"twitter_card":"summary_large_image","twitter_site":"@Gh0stysky","twitter_misc":{"Tempo estimado de leitura":"1 minuto"},"schema":{"@context":"https:\/\/schema.org","@graph":[{"@type":"WebPage","@id":"https:\/\/www.ghostysky.com\/product\/entron-300-drone-light-show-drone-used-b\/","url":"https:\/\/www.ghostysky.com\/product\/entron-300-drone-light-show-drone-used-b\/","name":"Entron 300 - Drone Light Show drone [Used B] -","isPartOf":{"@id":"https:\/\/www.ghostysky.com\/#website"},"primaryImageOfPage":{"@id":"https:\/\/www.ghostysky.com\/product\/entron-300-drone-light-show-drone-used-b\/#primaryimage"},"image":{"@id":"https:\/\/www.ghostysky.com\/product\/entron-300-drone-light-show-drone-used-b\/#primaryimage"},"thumbnailUrl":"https:\/\/www.ghostysky.com\/wp-content\/uploads\/2024\/04\/Entron300_1_B.jpg","datePublished":"2024-04-26T09:41:45+00:00","dateModified":"2024-04-26T12:17:39+00:00","description":"Os drones Entron 300 s\u00e3o a escolha perfeita para eventos Drone Light Shows. Compacto, dur\u00e1vel e leve, incorpora um piloto autom\u00e1tico Pixhawk compat\u00edvel com todos os softwares Drone Light Show do mercado.","breadcrumb":{"@id":"https:\/\/www.ghostysky.com\/product\/entron-300-drone-light-show-drone-used-b\/#breadcrumb"},"inLanguage":"pt-PT","potentialAction":[{"@type":"ReadAction","target":["https:\/\/www.ghostysky.com\/product\/entron-300-drone-light-show-drone-used-b\/"]}]},{"@type":"ImageObject","inLanguage":"pt-PT","@id":"https:\/\/www.ghostysky.com\/product\/entron-300-drone-light-show-drone-used-b\/#primaryimage","url":"https:\/\/www.ghostysky.com\/wp-content\/uploads\/2024\/04\/Entron300_1_B.jpg","contentUrl":"https:\/\/www.ghostysky.com\/wp-content\/uploads\/2024\/04\/Entron300_1_B.jpg","width":1000,"height":681},{"@type":"BreadcrumbList","@id":"https:\/\/www.ghostysky.com\/product\/entron-300-drone-light-show-drone-used-b\/#breadcrumb","itemListElement":[{"@type":"ListItem","position":1,"name":"Home","item":"https:\/\/www.ghostysky.com\/"},{"@type":"ListItem","position":2,"name":"Shop","item":"https:\/\/www.ghostysky.com\/shop\/"},{"@type":"ListItem","position":3,"name":"Entron 300 &#8211; Drone Light Show drone [Used B]"}]},{"@type":"WebSite","@id":"https:\/\/www.ghostysky.com\/#website","url":"https:\/\/www.ghostysky.com\/","name":"Ghostysky","description":"Fornecendo drones e servi\u00e7os profissionais","publisher":{"@id":"https:\/\/www.ghostysky.com\/#organization"},"potentialAction":[{"@type":"SearchAction","target":{"@type":"EntryPoint","urlTemplate":"https:\/\/www.ghostysky.com\/?s={search_term_string}"},"query-input":{"@type":"PropertyValueSpecification","valueRequired":true,"valueName":"search_term_string"}}],"inLanguage":"pt-PT"},{"@type":"Organization","@id":"https:\/\/www.ghostysky.com\/#organization","name":"Ghostysky","url":"https:\/\/www.ghostysky.com\/","logo":{"@type":"ImageObject","inLanguage":"pt-PT","@id":"https:\/\/www.ghostysky.com\/#\/schema\/logo\/image\/","url":"https:\/\/www.ghostysky.com\/wp-content\/uploads\/2020\/06\/cropped-ghostyskylogo_text_white2.png","contentUrl":"https:\/\/www.ghostysky.com\/wp-content\/uploads\/2020\/06\/cropped-ghostyskylogo_text_white2.png","width":169,"height":56,"caption":"Ghostysky"},"image":{"@id":"https:\/\/www.ghostysky.com\/#\/schema\/logo\/image\/"},"sameAs":["https:\/\/www.facebook.com\/people\/Ghostysky\/100057676170234\/","https:\/\/x.com\/Gh0stysky","https:\/\/www.linkedin.com\/company\/34739653","https:\/\/www.instagram.com\/gh0stysky"]}]}},"_links":{"self":[{"href":"https:\/\/www.ghostysky.com\/pt\/wp-json\/wp\/v2\/product\/18544","targetHints":{"allow":["GET"]}}],"collection":[{"href":"https:\/\/www.ghostysky.com\/pt\/wp-json\/wp\/v2\/product"}],"about":[{"href":"https:\/\/www.ghostysky.com\/pt\/wp-json\/wp\/v2\/types\/product"}],"replies":[{"embeddable":true,"href":"https:\/\/www.ghostysky.com\/pt\/wp-json\/wp\/v2\/comments?post=18544"}],"wp:featuredmedia":[{"embeddable":true,"href":"https:\/\/www.ghostysky.com\/pt\/wp-json\/wp\/v2\/media\/18553"}],"wp:attachment":[{"href":"https:\/\/www.ghostysky.com\/pt\/wp-json\/wp\/v2\/media?parent=18544"}],"wp:term":[{"taxonomy":"product_brand","embeddable":true,"href":"https:\/\/www.ghostysky.com\/pt\/wp-json\/wp\/v2\/product_brand?post=18544"},{"taxonomy":"product_cat","embeddable":true,"href":"https:\/\/www.ghostysky.com\/pt\/wp-json\/wp\/v2\/product_cat?post=18544"},{"taxonomy":"product_tag","embeddable":true,"href":"https:\/\/www.ghostysky.com\/pt\/wp-json\/wp\/v2\/product_tag?post=18544"}],"curies":[{"name":"wp","href":"https:\/\/api.w.org\/{rel}","templated":true}]}}