{"id":18581,"date":"2024-05-04T10:21:20","date_gmt":"2024-05-04T10:21:20","guid":{"rendered":"https:\/\/www.ghostysky.com\/?post_type=product&#038;p=18581"},"modified":"2024-11-09T09:32:32","modified_gmt":"2024-11-09T09:32:32","slug":"yuneec-atl-102s-v3-oblique","status":"publish","type":"product","link":"https:\/\/www.ghostysky.com\/pt\/product\/yuneec-atl-102s-v3-oblique\/","title":{"rendered":"Yuneec ATL 102S V3 obl\u00edquo"},"content":{"rendered":"<p><a href=\"https:\/\/www.ghostysky.com\/wp-content\/uploads\/2024\/05\/PSD102s_v3.jpg\"><img fetchpriority=\"high\" decoding=\"async\" class=\"size-full wp-image-18583 lazyload\" src=\"data:image\/gif;base64,R0lGODlhAQABAAAAACH5BAEKAAEALAAAAAABAAEAAAICTAEAOw==\" alt=\"\" width=\"1013\" height=\"432\" data-src=\"https:\/\/www.ghostysky.com\/wp-content\/uploads\/2024\/05\/PSD102s_v3.jpg\"><\/a><\/p>\n<h3 data-sourcepos=\"3:1-3:432\"><strong>V\u00e1rias c\u00e2meras para vis\u00e3o obl\u00edqua<\/strong><\/h3>\n<p data-sourcepos=\"3:1-3:432\">Ao contr\u00e1rio das c\u00e2meras drone normais que capturam diretamente, o ATL 102S V3 usa cinco c\u00e2meras em uma posi\u00e7\u00e3o fixa. Uma c\u00e2mera aponta diretamente para baixo (nadir), enquanto as outras quatro capturam imagens em \u00e2ngulos obl\u00edquos \u2013 para frente, para tr\u00e1s, para a esquerda e para a direita. Isso permite capturar mais detalhes em objetos que podem estar obscurecidos em uma vis\u00e3o vertical, como aqueles sob folhagens ou atr\u00e1s de edif\u00edcios altos.<\/p>\n<h3 data-sourcepos=\"5:1-5:213\"><strong>Projetado para drone H850<\/strong><\/h3>\n<p data-sourcepos=\"5:1-5:213\">O ATL 102S V3 foi projetado especificamente para uso com o drone Yuneec H850. Este emparelhamento \u00e9 comercializado como uma solu\u00e7\u00e3o topogr\u00e1fica completa para captura de dados de alta precis\u00e3o para modelos 3D.<\/p>\n<p data-sourcepos=\"5:1-5:213\"><a href=\"https:\/\/www.ghostysky.com\/wp-content\/uploads\/2024\/05\/PSD102s_v3_2.jpeg\"><img decoding=\"async\" class=\"size-full wp-image-18585 aligncenter lazyload\" src=\"data:image\/gif;base64,R0lGODlhAQABAAAAACH5BAEKAAEALAAAAAABAAEAAAICTAEAOw==\" alt=\"\" width=\"299\" height=\"168\" data-src=\"https:\/\/www.ghostysky.com\/wp-content\/uploads\/2024\/05\/PSD102s_v3_2.jpeg\"><\/a><\/p>\n<h3 data-sourcepos=\"7:1-7:193\"><strong>Imagens de alta resolu\u00e7\u00e3o<\/strong><\/h3>\n<p data-sourcepos=\"7:1-7:193\">Embora detalhes espec\u00edficos sobre o sensor n\u00e3o estejam dispon\u00edveis publicamente, a c\u00e2mera foi projetada para capturar imagens de alta resolu\u00e7\u00e3o adequadas para a cria\u00e7\u00e3o de modelos 3D detalhados.<\/p>\n<p data-sourcepos=\"7:1-7:193\"><a href=\"https:\/\/www.ghostysky.com\/wp-content\/uploads\/2024\/05\/PSD102s_v3_4.jpg\"><img decoding=\"async\" class=\"size-full wp-image-18586 aligncenter lazyload\" src=\"data:image\/gif;base64,R0lGODlhAQABAAAAACH5BAEKAAEALAAAAAABAAEAAAICTAEAOw==\" alt=\"\" width=\"320\" height=\"180\" data-src=\"https:\/\/www.ghostysky.com\/wp-content\/uploads\/2024\/05\/PSD102s_v3_4.jpg\"><\/a><\/p>\n<h3 data-sourcepos=\"9:1-9:192\"><strong>Armazenamento remov\u00edvel<\/strong><\/h3>\n<p data-sourcepos=\"9:1-9:192\">A c\u00e2mera possui um m\u00f3dulo remov\u00edvel de armazenamento de dados com capacidade de 1280 GB. Isto permite armazenar uma quantidade significativa de dados de imagens capturadas durante voos de drones.<\/p>\n<p data-sourcepos=\"9:1-9:192\"><a href=\"https:\/\/www.ghostysky.com\/wp-content\/uploads\/2024\/05\/PSD102s_v3_3.jpeg\"><img loading=\"lazy\" decoding=\"async\" class=\"wp-image-18584 size-full aligncenter lazyload\" src=\"data:image\/gif;base64,R0lGODlhAQABAAAAACH5BAEKAAEALAAAAAABAAEAAAICTAEAOw==\" alt=\"\" width=\"299\" height=\"168\" data-src=\"https:\/\/www.ghostysky.com\/wp-content\/uploads\/2024\/05\/PSD102s_v3_3.jpeg\"><\/a><\/p>\n<h3 data-sourcepos=\"13:1-13:71\"><strong>Aplica\u00e7\u00f5es<\/strong><\/h3>\n<p data-sourcepos=\"13:1-13:71\">Aqui est\u00e3o algumas aplica\u00e7\u00f5es comuns do ATL 102S V3:<\/p>\n<ul data-sourcepos=\"15:1-18:0\">\n<li data-sourcepos=\"15:1-15:80\">Cria\u00e7\u00e3o de modelos 3D de alta resolu\u00e7\u00e3o de terrenos, edif\u00edcios e outras estruturas<\/li>\n<li data-sourcepos=\"16:1-16:75\">Levantamento para projetos de constru\u00e7\u00e3o, desenvolvimento de terrenos e outros fins<\/li>\n<li data-sourcepos=\"17:1-18:0\">Mapeamento para inspe\u00e7\u00e3o de infraestrutura, monitoramento ambiental e outras aplica\u00e7\u00f5es<\/li>\n<\/ul>\n<p data-sourcepos=\"19:1-19:277\">No geral, o ATL 102S V3 \u00e9 um sistema de c\u00e2mera especializado projetado para uso profissional em aplica\u00e7\u00f5es topogr\u00e1ficas e GIS. Seu design de c\u00e2mera obl\u00edqua e recursos de imagem de alta resolu\u00e7\u00e3o o tornam uma ferramenta valiosa para capturar dados detalhados para projetos de modelagem e mapeamento 3D.<\/p>\n<p data-sourcepos=\"21:1-21:167\">Se voc\u00ea estiver procurando mais informa\u00e7\u00f5es sobre o ATL 102S V3, voc\u00ea pode tentar entrar em contato com o fabricante, ATL, ou procurar avalia\u00e7\u00f5es de profissionais de topografia e GIS.<\/p>\n<h3><strong>Especifica\u00e7\u00f5es<\/strong><\/h3>\n<ul>\n<li><strong>Dimens\u00f5es<\/strong>: 120*120*83mm; 171*192*185mm (com cardan)<\/li>\n<li><strong>Peso<\/strong>: 1100 gramas, incl. cardan<\/li>\n<li><strong>Classe IP<\/strong>: IP5X<\/li>\n<li><strong>Temperatura de opera\u00e7\u00e3o<\/strong>: -10\u00b0C \u2013 40\u00b0C<\/li>\n<li><strong>Temperatura de armazenamento<\/strong>:-20\u00b0C \u2013 50\u00b0C<\/li>\n<li><strong>Fonte de alimenta\u00e7\u00e3o da c\u00e2mera externa<\/strong>: CC 12-50 V<\/li>\n<li><strong>Lente \u00fanica de pixel eficaz<\/strong>: \u2265 25 milh\u00f5es de pixels (125 milh\u00f5es de pixels no total)<\/li>\n<li><strong>Tamanho do sensor<\/strong>: 23,1x15,4mm<\/li>\n<li><strong>Tamanho do pixel<\/strong>: 3,76 hum<\/li>\n<li><strong>Tamanho da imagem<\/strong>: 6144 \u00d7 4096 pixels<\/li>\n<li><strong>Armazenamento de dados<\/strong>: arquivo de foto\/POS contendo informa\u00e7\u00f5es de GPS e informa\u00e7\u00f5es de par\u00e2metros da c\u00e2mera<\/li>\n<li><strong>Dist\u00e2ncia focal diagonalmente<\/strong>: 35 mm (incid\u00eancia normal: 25 mm)<\/li>\n<li><strong>\u00c2ngulo obl\u00edquo<\/strong>: 45 graus<\/li>\n<li><strong>Velocidade shutter<\/strong>: 1\/500, 1\/640, 1\/800, 1\/1000 e 1\/1250<\/li>\n<li><strong>Tamanho de abertura<\/strong>: F 5.6<\/li>\n<li><strong>Capacidade de armazenamento<\/strong>: O m\u00f3dulo de armazenamento de dados \u00e9 conect\u00e1vel e remov\u00edvel com capacidade de 1&#039;280 GB.<\/li>\n<li><strong>Modo operacional<\/strong>: gatilho de controle de v\u00f4o, gatilho isom\u00e9trico e gatilho is\u00f3crono<\/li>\n<li><strong>Estabiliza\u00e7\u00e3o<\/strong>: 3 eixos (inclina\u00e7\u00e3o, rota\u00e7\u00e3o, guinada)<\/li>\n<li><strong>Faixa de rota\u00e7\u00e3o do cardan<\/strong>: inclina\u00e7\u00e3o: -120\u00b0-+45\u00b0, rota\u00e7\u00e3o: \u00b145\u00b0 e guinada: \u00b1160\u00b0<\/li>\n<\/ul>","protected":false},"excerpt":{"rendered":"<p>A c\u00e2mera obl\u00edqua ATL 102S V3 utiliza um equipamento mec\u00e2nico com cinco c\u00e2meras em posi\u00e7\u00f5es fixas em configura\u00e7\u00e3o cruzada; uma c\u00e2mera no centro \u00e9 cercada por outras quatro c\u00e2meras (25 MP por lente, 125 MP no total), frontal, traseira, esquerda e direita, igualmente espa\u00e7adas em intervalos de 90 graus. Este sistema posiciona a c\u00e2mera central em um \u00e2ngulo obl\u00edquo onde o \u00e2ngulo &#039;nadir&#039; (o ponto diretamente abaixo da c\u00e2mera no n\u00edvel do solo) est\u00e1 em um ponto fixo conhecido no quadro.<\/p>","protected":false},"featured_media":18588,"comment_status":"open","ping_status":"closed","template":"","meta":[],"product_brand":[],"product_cat":[120,29,118],"product_tag":[460,866,868,867,121,540],"class_list":{"0":"post-18581","1":"product","2":"type-product","3":"status-publish","4":"has-post-thumbnail","6":"product_cat-yuneec-cameras","7":"product_cat-drones","8":"product_cat-yuneec","9":"product_tag-atl-102s-v3","10":"product_tag-oblique","11":"product_tag-psdk-102s-v3","12":"product_tag-shareuav","13":"product_tag-yuneec","14":"product_tag-yuneec-h850-rtk","16":"first","17":"onbackorder","18":"taxable","19":"shipping-taxable","20":"product-type-simple"},"yoast_head":"<!-- This site is optimized with the Yoast SEO plugin v27.1.1 - https:\/\/yoast.com\/product\/yoast-seo-wordpress\/ -->\n<title>Yuneec ATL 102S V3 Oblique - Ghostysky<\/title>\n<meta name=\"description\" content=\"ATL 102S V3 oblique camera uses a mechanical rig with five cameras in fixed positions in a cross configuration; one camera in the centre is surrounded by four other cameras (25MP per lens, 125 MP in total), front, back, left and right, equally spaced at 90-degree intervals. This system positions the central camera at an oblique angle where the \u2018nadir\u2019 angle (the point directly below the camera at ground level) is at a known, fixed point in the frame.\" \/>\n<meta name=\"robots\" content=\"index, follow, max-snippet:-1, max-image-preview:large, max-video-preview:-1\" \/>\n<link rel=\"canonical\" href=\"https:\/\/www.ghostysky.com\/pt\/produto-2\/yuneec-atl-102s-v3-oblique\/\" \/>\n<meta property=\"og:locale\" content=\"pt_PT\" \/>\n<meta property=\"og:type\" content=\"article\" \/>\n<meta property=\"og:title\" content=\"Yuneec ATL 102S V3 Oblique - Ghostysky\" \/>\n<meta property=\"og:description\" content=\"ATL 102S V3 oblique camera uses a mechanical rig with five cameras in fixed positions in a cross configuration; one camera in the centre is surrounded by four other cameras (25MP per lens, 125 MP in total), front, back, left and right, equally spaced at 90-degree intervals. This system positions the central camera at an oblique angle where the \u2018nadir\u2019 angle (the point directly below the camera at ground level) is at a known, fixed point in the frame.\" \/>\n<meta property=\"og:url\" content=\"https:\/\/www.ghostysky.com\/pt\/produto-2\/yuneec-atl-102s-v3-oblique\/\" \/>\n<meta property=\"og:site_name\" content=\"Ghostysky\" \/>\n<meta property=\"article:publisher\" content=\"https:\/\/www.facebook.com\/people\/Ghostysky\/100057676170234\/\" \/>\n<meta property=\"article:modified_time\" content=\"2024-11-09T09:32:32+00:00\" \/>\n<meta property=\"og:image\" content=\"https:\/\/www.ghostysky.com\/wp-content\/uploads\/2024\/05\/GH_atl-102s_v3_2.png\" \/>\n\t<meta property=\"og:image:width\" content=\"1490\" \/>\n\t<meta property=\"og:image:height\" content=\"1404\" \/>\n\t<meta property=\"og:image:type\" content=\"image\/png\" \/>\n<meta name=\"twitter:card\" content=\"summary_large_image\" \/>\n<meta name=\"twitter:site\" content=\"@Gh0stysky\" \/>\n<meta name=\"twitter:label1\" content=\"Tempo estimado de leitura\" \/>\n\t<meta name=\"twitter:data1\" content=\"3 minutos\" \/>\n<script type=\"application\/ld+json\" class=\"yoast-schema-graph\">{\"@context\":\"https:\/\/schema.org\",\"@graph\":[{\"@type\":\"WebPage\",\"@id\":\"https:\/\/www.ghostysky.com\/product\/yuneec-atl-102s-v3-oblique\/\",\"url\":\"https:\/\/www.ghostysky.com\/product\/yuneec-atl-102s-v3-oblique\/\",\"name\":\"Yuneec ATL 102S V3 Oblique - Ghostysky\",\"isPartOf\":{\"@id\":\"https:\/\/www.ghostysky.com\/#website\"},\"primaryImageOfPage\":{\"@id\":\"https:\/\/www.ghostysky.com\/product\/yuneec-atl-102s-v3-oblique\/#primaryimage\"},\"image\":{\"@id\":\"https:\/\/www.ghostysky.com\/product\/yuneec-atl-102s-v3-oblique\/#primaryimage\"},\"thumbnailUrl\":\"https:\/\/www.ghostysky.com\/wp-content\/uploads\/2024\/05\/GH_atl-102s_v3_2.png\",\"datePublished\":\"2024-05-04T10:21:20+00:00\",\"dateModified\":\"2024-11-09T09:32:32+00:00\",\"description\":\"ATL 102S V3 oblique camera uses a mechanical rig with five cameras in fixed positions in a cross configuration; one camera in the centre is surrounded by four other cameras (25MP per lens, 125 MP in total), front, back, left and right, equally spaced at 90-degree intervals. This system positions the central camera at an oblique angle where the \u2018nadir\u2019 angle (the point directly below the camera at ground level) is at a known, fixed point in the frame.\",\"breadcrumb\":{\"@id\":\"https:\/\/www.ghostysky.com\/product\/yuneec-atl-102s-v3-oblique\/#breadcrumb\"},\"inLanguage\":\"pt-PT\",\"potentialAction\":[{\"@type\":\"ReadAction\",\"target\":[\"https:\/\/www.ghostysky.com\/product\/yuneec-atl-102s-v3-oblique\/\"]}]},{\"@type\":\"ImageObject\",\"inLanguage\":\"pt-PT\",\"@id\":\"https:\/\/www.ghostysky.com\/product\/yuneec-atl-102s-v3-oblique\/#primaryimage\",\"url\":\"https:\/\/www.ghostysky.com\/wp-content\/uploads\/2024\/05\/GH_atl-102s_v3_2.png\",\"contentUrl\":\"https:\/\/www.ghostysky.com\/wp-content\/uploads\/2024\/05\/GH_atl-102s_v3_2.png\",\"width\":1490,\"height\":1404},{\"@type\":\"BreadcrumbList\",\"@id\":\"https:\/\/www.ghostysky.com\/product\/yuneec-atl-102s-v3-oblique\/#breadcrumb\",\"itemListElement\":[{\"@type\":\"ListItem\",\"position\":1,\"name\":\"Home\",\"item\":\"https:\/\/www.ghostysky.com\/\"},{\"@type\":\"ListItem\",\"position\":2,\"name\":\"Shop\",\"item\":\"https:\/\/www.ghostysky.com\/shop\/\"},{\"@type\":\"ListItem\",\"position\":3,\"name\":\"Yuneec ATL 102S V3 Oblique\"}]},{\"@type\":\"WebSite\",\"@id\":\"https:\/\/www.ghostysky.com\/#website\",\"url\":\"https:\/\/www.ghostysky.com\/\",\"name\":\"Ghostysky\",\"description\":\"Delivering professional drones and services\",\"publisher\":{\"@id\":\"https:\/\/www.ghostysky.com\/#organization\"},\"potentialAction\":[{\"@type\":\"SearchAction\",\"target\":{\"@type\":\"EntryPoint\",\"urlTemplate\":\"https:\/\/www.ghostysky.com\/?s={search_term_string}\"},\"query-input\":{\"@type\":\"PropertyValueSpecification\",\"valueRequired\":true,\"valueName\":\"search_term_string\"}}],\"inLanguage\":\"pt-PT\"},{\"@type\":\"Organization\",\"@id\":\"https:\/\/www.ghostysky.com\/#organization\",\"name\":\"Ghostysky\",\"url\":\"https:\/\/www.ghostysky.com\/\",\"logo\":{\"@type\":\"ImageObject\",\"inLanguage\":\"pt-PT\",\"@id\":\"https:\/\/www.ghostysky.com\/#\/schema\/logo\/image\/\",\"url\":\"https:\/\/www.ghostysky.com\/wp-content\/uploads\/2020\/06\/cropped-ghostyskylogo_text_white2.png\",\"contentUrl\":\"https:\/\/www.ghostysky.com\/wp-content\/uploads\/2020\/06\/cropped-ghostyskylogo_text_white2.png\",\"width\":169,\"height\":56,\"caption\":\"Ghostysky\"},\"image\":{\"@id\":\"https:\/\/www.ghostysky.com\/#\/schema\/logo\/image\/\"},\"sameAs\":[\"https:\/\/www.facebook.com\/people\/Ghostysky\/100057676170234\/\",\"https:\/\/x.com\/Gh0stysky\",\"https:\/\/www.linkedin.com\/company\/34739653\",\"https:\/\/www.instagram.com\/gh0stysky\"]}]}<\/script>\n<!-- \/ Yoast SEO plugin. -->","yoast_head_json":{"title":"Yuneec ATL 102S V3 Obl\u00edquo - Ghostysky","description":"A c\u00e2mera obl\u00edqua ATL 102S V3 utiliza um equipamento mec\u00e2nico com cinco c\u00e2meras em posi\u00e7\u00f5es fixas em configura\u00e7\u00e3o cruzada; uma c\u00e2mera no centro \u00e9 cercada por outras quatro c\u00e2meras (25 MP por lente, 125 MP no total), frontal, traseira, esquerda e direita, igualmente espa\u00e7adas em intervalos de 90 graus. Este sistema posiciona a c\u00e2mera central em um \u00e2ngulo obl\u00edquo onde o \u00e2ngulo &#039;nadir&#039; (o ponto diretamente abaixo da c\u00e2mera no n\u00edvel do solo) est\u00e1 em um ponto fixo conhecido no quadro.","robots":{"index":"index","follow":"follow","max-snippet":"max-snippet:-1","max-image-preview":"max-image-preview:large","max-video-preview":"max-video-preview:-1"},"canonical":"https:\/\/www.ghostysky.com\/pt\/produto-2\/yuneec-atl-102s-v3-oblique\/","og_locale":"pt_PT","og_type":"article","og_title":"Yuneec ATL 102S V3 Oblique - Ghostysky","og_description":"ATL 102S V3 oblique camera uses a mechanical rig with five cameras in fixed positions in a cross configuration; one camera in the centre is surrounded by four other cameras (25MP per lens, 125 MP in total), front, back, left and right, equally spaced at 90-degree intervals. This system positions the central camera at an oblique angle where the \u2018nadir\u2019 angle (the point directly below the camera at ground level) is at a known, fixed point in the frame.","og_url":"https:\/\/www.ghostysky.com\/pt\/produto-2\/yuneec-atl-102s-v3-oblique\/","og_site_name":"Ghostysky","article_publisher":"https:\/\/www.facebook.com\/people\/Ghostysky\/100057676170234\/","article_modified_time":"2024-11-09T09:32:32+00:00","og_image":[{"width":1490,"height":1404,"url":"https:\/\/www.ghostysky.com\/wp-content\/uploads\/2024\/05\/GH_atl-102s_v3_2.png","type":"image\/png"}],"twitter_card":"summary_large_image","twitter_site":"@Gh0stysky","twitter_misc":{"Tempo estimado de leitura":"3 minutos"},"schema":{"@context":"https:\/\/schema.org","@graph":[{"@type":"WebPage","@id":"https:\/\/www.ghostysky.com\/product\/yuneec-atl-102s-v3-oblique\/","url":"https:\/\/www.ghostysky.com\/product\/yuneec-atl-102s-v3-oblique\/","name":"Yuneec ATL 102S V3 Obl\u00edquo - Ghostysky","isPartOf":{"@id":"https:\/\/www.ghostysky.com\/#website"},"primaryImageOfPage":{"@id":"https:\/\/www.ghostysky.com\/product\/yuneec-atl-102s-v3-oblique\/#primaryimage"},"image":{"@id":"https:\/\/www.ghostysky.com\/product\/yuneec-atl-102s-v3-oblique\/#primaryimage"},"thumbnailUrl":"https:\/\/www.ghostysky.com\/wp-content\/uploads\/2024\/05\/GH_atl-102s_v3_2.png","datePublished":"2024-05-04T10:21:20+00:00","dateModified":"2024-11-09T09:32:32+00:00","description":"A c\u00e2mera obl\u00edqua ATL 102S V3 utiliza um equipamento mec\u00e2nico com cinco c\u00e2meras em posi\u00e7\u00f5es fixas em configura\u00e7\u00e3o cruzada; uma c\u00e2mera no centro \u00e9 cercada por outras quatro c\u00e2meras (25 MP por lente, 125 MP no total), frontal, traseira, esquerda e direita, igualmente espa\u00e7adas em intervalos de 90 graus. Este sistema posiciona a c\u00e2mera central em um \u00e2ngulo obl\u00edquo onde o \u00e2ngulo &#039;nadir&#039; (o ponto diretamente abaixo da c\u00e2mera no n\u00edvel do solo) est\u00e1 em um ponto fixo conhecido no quadro.","breadcrumb":{"@id":"https:\/\/www.ghostysky.com\/product\/yuneec-atl-102s-v3-oblique\/#breadcrumb"},"inLanguage":"pt-PT","potentialAction":[{"@type":"ReadAction","target":["https:\/\/www.ghostysky.com\/product\/yuneec-atl-102s-v3-oblique\/"]}]},{"@type":"ImageObject","inLanguage":"pt-PT","@id":"https:\/\/www.ghostysky.com\/product\/yuneec-atl-102s-v3-oblique\/#primaryimage","url":"https:\/\/www.ghostysky.com\/wp-content\/uploads\/2024\/05\/GH_atl-102s_v3_2.png","contentUrl":"https:\/\/www.ghostysky.com\/wp-content\/uploads\/2024\/05\/GH_atl-102s_v3_2.png","width":1490,"height":1404},{"@type":"BreadcrumbList","@id":"https:\/\/www.ghostysky.com\/product\/yuneec-atl-102s-v3-oblique\/#breadcrumb","itemListElement":[{"@type":"ListItem","position":1,"name":"Home","item":"https:\/\/www.ghostysky.com\/"},{"@type":"ListItem","position":2,"name":"Shop","item":"https:\/\/www.ghostysky.com\/shop\/"},{"@type":"ListItem","position":3,"name":"Yuneec ATL 102S V3 Oblique"}]},{"@type":"WebSite","@id":"https:\/\/www.ghostysky.com\/#website","url":"https:\/\/www.ghostysky.com\/","name":"Ghostysky","description":"Fornecendo drones e servi\u00e7os profissionais","publisher":{"@id":"https:\/\/www.ghostysky.com\/#organization"},"potentialAction":[{"@type":"SearchAction","target":{"@type":"EntryPoint","urlTemplate":"https:\/\/www.ghostysky.com\/?s={search_term_string}"},"query-input":{"@type":"PropertyValueSpecification","valueRequired":true,"valueName":"search_term_string"}}],"inLanguage":"pt-PT"},{"@type":"Organization","@id":"https:\/\/www.ghostysky.com\/#organization","name":"Ghostysky","url":"https:\/\/www.ghostysky.com\/","logo":{"@type":"ImageObject","inLanguage":"pt-PT","@id":"https:\/\/www.ghostysky.com\/#\/schema\/logo\/image\/","url":"https:\/\/www.ghostysky.com\/wp-content\/uploads\/2020\/06\/cropped-ghostyskylogo_text_white2.png","contentUrl":"https:\/\/www.ghostysky.com\/wp-content\/uploads\/2020\/06\/cropped-ghostyskylogo_text_white2.png","width":169,"height":56,"caption":"Ghostysky"},"image":{"@id":"https:\/\/www.ghostysky.com\/#\/schema\/logo\/image\/"},"sameAs":["https:\/\/www.facebook.com\/people\/Ghostysky\/100057676170234\/","https:\/\/x.com\/Gh0stysky","https:\/\/www.linkedin.com\/company\/34739653","https:\/\/www.instagram.com\/gh0stysky"]}]}},"_links":{"self":[{"href":"https:\/\/www.ghostysky.com\/pt\/wp-json\/wp\/v2\/product\/18581","targetHints":{"allow":["GET"]}}],"collection":[{"href":"https:\/\/www.ghostysky.com\/pt\/wp-json\/wp\/v2\/product"}],"about":[{"href":"https:\/\/www.ghostysky.com\/pt\/wp-json\/wp\/v2\/types\/product"}],"replies":[{"embeddable":true,"href":"https:\/\/www.ghostysky.com\/pt\/wp-json\/wp\/v2\/comments?post=18581"}],"wp:featuredmedia":[{"embeddable":true,"href":"https:\/\/www.ghostysky.com\/pt\/wp-json\/wp\/v2\/media\/18588"}],"wp:attachment":[{"href":"https:\/\/www.ghostysky.com\/pt\/wp-json\/wp\/v2\/media?parent=18581"}],"wp:term":[{"taxonomy":"product_brand","embeddable":true,"href":"https:\/\/www.ghostysky.com\/pt\/wp-json\/wp\/v2\/product_brand?post=18581"},{"taxonomy":"product_cat","embeddable":true,"href":"https:\/\/www.ghostysky.com\/pt\/wp-json\/wp\/v2\/product_cat?post=18581"},{"taxonomy":"product_tag","embeddable":true,"href":"https:\/\/www.ghostysky.com\/pt\/wp-json\/wp\/v2\/product_tag?post=18581"}],"curies":[{"name":"wp","href":"https:\/\/api.w.org\/{rel}","templated":true}]}}