{"id":18593,"date":"2024-05-05T11:05:07","date_gmt":"2024-05-05T11:05:07","guid":{"rendered":"https:\/\/www.ghostysky.com\/?post_type=product&#038;p=18593"},"modified":"2026-01-24T10:05:33","modified_gmt":"2026-01-24T10:05:33","slug":"pix4d-emlid-scanning-kit-standard","status":"publish","type":"product","link":"https:\/\/www.ghostysky.com\/pt\/product\/pix4d-emlid-scanning-kit-standard\/","title":{"rendered":"Kit standard de digitaliza\u00e7\u00e3o Pix4D e Emlid"},"content":{"rendered":"<h3 data-sourcepos=\"3:1-3:38\">O que est\u00e1 inclu\u00eddo?<\/h3>\n<ul data-sourcepos=\"5:1-14:0\">\n<li data-sourcepos=\"5:1-6:0\">\n<p data-sourcepos=\"5:3-5:144\"><strong>Emlid Alcance RX:<\/strong> Um receptor GNSS de alta precis\u00e3o que fornece corre\u00e7\u00f5es cinem\u00e1ticas (RTK) em tempo real para posicionamento preciso de suas varreduras.<\/p>\n<\/li>\n<li data-sourcepos=\"7:1-8:0\">\n<p data-sourcepos=\"7:3-7:177\"><strong>Aplicativo m\u00f3vel Pix4Dcatch:<\/strong> Este aplicativo no seu smartphone o transforma em um dispositivo de digitaliza\u00e7\u00e3o. Ele se integra ao Reach RX para capturar dados de localiza\u00e7\u00e3o sincronizados em cada varredura.<\/p>\n<\/li>\n<li data-sourcepos=\"9:1-10:0\">\n<p data-sourcepos=\"9:3-9:95\"><strong>Al\u00e7a de digitaliza\u00e7\u00e3o:<\/strong> Esta al\u00e7a ergon\u00f4mica oferece uma pegada confort\u00e1vel durante a captura de digitaliza\u00e7\u00f5es.<\/p>\n<\/li>\n<li data-sourcepos=\"11:1-12:0\">\n<p data-sourcepos=\"11:3-11:138\"><strong>Etiquetas terrestres:<\/strong> Essas pequenas tags ajudam a melhorar a precis\u00e3o do seu modelo 3D, fornecendo pontos de refer\u00eancia durante o processo de digitaliza\u00e7\u00e3o.<\/p>\n<\/li>\n<li data-sourcepos=\"13:1-14:0\">\n<p data-sourcepos=\"13:3-13:73\"><strong>Maleta:<\/strong> Uma mala pr\u00e1tica para guardar e transportar tudo.<\/p>\n<\/li>\n<\/ul>\n<p data-sourcepos=\"15:1-15:49\">Este kit padr\u00e3o \u00e9 ideal para aplica\u00e7\u00f5es como:<\/p>\n<ul data-sourcepos=\"17:1-21:0\">\n<li data-sourcepos=\"17:1-17:25\">Inspe\u00e7\u00e3o de constru\u00e7\u00e3o<\/li>\n<li data-sourcepos=\"18:1-18:25\">Medi\u00e7\u00f5es volum\u00e9tricas<\/li>\n<li data-sourcepos=\"19:1-19:28\">Reconstru\u00e7\u00e3o da cena do acidente<\/li>\n<li data-sourcepos=\"20:1-21:0\">Cria\u00e7\u00e3o de modelos 3D para an\u00e1lise posterior<\/li>\n<\/ul>\n<p data-sourcepos=\"22:1-22:30\"><strong>Coisas adicionais a serem observadas:<\/strong><\/p>\n<ul data-sourcepos=\"24:1-27:0\">\n<li data-sourcepos=\"24:1-24:97\">S\u00e3o necess\u00e1rios um smartphone e uma capa de telefone compat\u00edvel (n\u00e3o inclu\u00edda) para usar o aplicativo Pix4Dcatch.<\/li>\n<li data-sourcepos=\"25:1-27:0\">O Pix4D &amp; Emlid Scanning Kit Standard permite o armazenamento e compartilhamento de dados b\u00e1sicos atrav\u00e9s do Pix4Dcloud.<\/li>\n<\/ul>\n<p data-sourcepos=\"28:1-28:143\">Para recursos mais avan\u00e7ados, como edi\u00e7\u00e3o de nuvem de pontos densos e an\u00e1lise de terreno, voc\u00ea pode considerar o <strong>Kit de digitaliza\u00e7\u00e3o avan\u00e7ado Pix4D e Emlid<\/strong>.<\/p>\n<h3 data-sourcepos=\"28:1-28:143\">Na caixa<\/h3>\n<h4>Programas*<\/h4>\n<p>\u2013 PIX4Dcatch**<\/p>\n<p>*As chaves de licen\u00e7a de 1 ano ser\u00e3o enviadas separadamente por e-mail dentro de 1 dia \u00fatil.<br \/>\n**com 500 cr\u00e9ditos de processamento em nuvem e treinamento online.<\/p>\n<h4>Hardware<\/h4>\n<p>1. Alcance o receptor RX2<br \/>\n\u2013 Cabo tipo C<\/p>\n<p>2. Kit de digitaliza\u00e7\u00e3o Emlid<br \/>\n\u2013 Al\u00e7a Emlid<br \/>\n- Coleira<br \/>\n\u2013 Chave Allen 3mm<br \/>\n- Maleta<\/p>\n<h3 class=\"product-specifications-title\">Especifica\u00e7\u00f5es<\/h3>\n<ul class=\"product-specifications-list flex f-wrap\">\n<li>\n<h3 class=\"h3\">Mec\u00e2nica<\/h3>\n<ul class=\"product-specifications-list flex f-wrap\">\n<li>\n<h3 class=\"h3\"><strong style=\"font-size: 16px;\">Pacote:<\/strong><span style=\"font-size: 16px;\"> Em caixa de pl\u00e1stico<\/span><\/h3>\n<\/li>\n<li>\n<h3 class=\"h3\"><strong style=\"font-size: 16px;\">Dimens\u00f5es do kit:<\/strong><span style=\"font-size: 16px;\"> 425x324x124mm<\/span><\/h3>\n<\/li>\n<li>\n<h3 class=\"h3\"><strong style=\"font-size: 16px;\">Peso do kit (com RX e case pl\u00e1stico):<\/strong><span style=\"font-size: 16px;\"> 4300 g (9,48 libras)<\/span><\/h3>\n<\/li>\n<li>\n<h3 class=\"h3\"><strong style=\"font-size: 16px;\">Linha inferior:<\/strong><span style=\"font-size: 16px;\"> 5\/8\u201d-11UNC<\/span><\/h3>\n<\/li>\n<li>\n<h3 class=\"h3\"><strong style=\"font-size: 16px;\">Lidar com material:<\/strong><span style=\"font-size: 16px;\"> Poliamida 12<\/span><\/h3>\n<\/li>\n<li>\n<h3 class=\"h3\"><strong style=\"font-size: 16px;\">Lidar com peso:<\/strong><span style=\"font-size: 16px;\"> 175 g (0,38 lb)<\/span><\/h3>\n<\/li>\n<li>\n<h3 class=\"h3\"><strong style=\"font-size: 16px;\">Lidar com dimens\u00f5es:<\/strong><span style=\"font-size: 16px;\">\u00a0200x119x36mm<\/span><\/h3>\n<\/li>\n<\/ul>\n<\/li>\n<li>\n<h3 class=\"h3\">Compatibilidade<\/h3>\n<div class=\"rte\">\n<p>\u2013 Capas de telefone compat\u00edveis com conex\u00e3o SPC+ SP.<\/p>\n<p>\u2013 A al\u00e7a pode ser adotada para uso com a m\u00e3o direita e esquerda.<\/p>\n<p>\u2013 A caixa de conex\u00e3o SP deve ser adquirida separadamente.<\/p>\n<\/div>\n<\/li>\n<\/ul>","protected":false},"excerpt":{"rendered":"<p>O Kit de Escaneamento Pix4D &amp; Emlid Standard \u00e9 uma solu\u00e7\u00e3o m\u00f3vel de escaneamento terrestre projetada para criar modelos 3D de alta precis\u00e3o de ambientes internos e externos. Ele combina o receptor GNSS Emlid Reach RX com o aplicativo m\u00f3vel Pix4Dcatch para capturar a realidade com precis\u00e3o em n\u00edvel de cent\u00edmetro.<\/p>\n<h4>Programas*<\/h4>\n<p>\u2013 PIX4Dcatch**<\/p>\n<p>*As chaves de licen\u00e7a de 1 ano ser\u00e3o enviadas separadamente por e-mail dentro de 1 dia \u00fatil.<br \/>\n**com 500 cr\u00e9ditos de processamento em nuvem e treinamento online.<\/p>\n<h4>Hardware<\/h4>\n<p>1. Alcance o receptor RX2<br \/>\n\u2013 Cabo tipo C<\/p>\n<p>2. Kit de digitaliza\u00e7\u00e3o Emlid<br \/>\n\u2013 Al\u00e7a Emlid<br \/>\n- Coleira<br \/>\n\u2013 Chave Allen 3mm<br \/>\n- Maleta<\/p>","protected":false},"featured_media":22809,"comment_status":"open","ping_status":"closed","template":"","meta":[],"product_brand":[],"product_cat":[89,869,30],"product_tag":[870,102,871],"class_list":{"0":"post-18593","1":"product","2":"type-product","3":"status-publish","4":"has-post-thumbnail","6":"product_cat-emlid","7":"product_cat-kit-emlid","8":"product_cat-mobile-station","9":"product_tag-emlid-scanning-kit","10":"product_tag-pix4d","11":"product_tag-standard","13":"first","14":"onbackorder","15":"taxable","16":"shipping-taxable","17":"product-type-simple"},"yoast_head":"<!-- This site is optimized with the Yoast SEO plugin v27.4 - https:\/\/yoast.com\/product\/yoast-seo-wordpress\/ -->\n<title>Pix4D &amp; Emlid Scanning kit Standard - Ghostysky<\/title>\n<meta name=\"description\" content=\"The Pix4D &amp; Emlid Scanning Kit Standard is a mobile terrestrial scanning solution designed for creating high-accuracy 3D models of indoor and outdoor environments. It combines the Emlid Reach RX GNSS receiver with Pix4Dcatch mobile app to capture reality with centimeter-level precision.\" \/>\n<meta name=\"robots\" content=\"index, follow, max-snippet:-1, max-image-preview:large, max-video-preview:-1\" \/>\n<link rel=\"canonical\" href=\"https:\/\/www.ghostysky.com\/pt\/produto-2\/pix4d-emlid-scanning-kit-standard\/\" \/>\n<meta property=\"og:locale\" content=\"pt_PT\" \/>\n<meta property=\"og:type\" content=\"article\" \/>\n<meta property=\"og:title\" content=\"Pix4D &amp; Emlid Scanning kit Standard - Ghostysky\" \/>\n<meta property=\"og:description\" content=\"The Pix4D &amp; Emlid Scanning Kit Standard is a mobile terrestrial scanning solution designed for creating high-accuracy 3D models of indoor and outdoor environments. It combines the Emlid Reach RX GNSS receiver with Pix4Dcatch mobile app to capture reality with centimeter-level precision.\" \/>\n<meta property=\"og:url\" content=\"https:\/\/www.ghostysky.com\/pt\/produto-2\/pix4d-emlid-scanning-kit-standard\/\" \/>\n<meta property=\"og:site_name\" content=\"Ghostysky\" \/>\n<meta property=\"article:publisher\" content=\"https:\/\/www.facebook.com\/people\/Ghostysky\/100057676170234\/\" \/>\n<meta property=\"article:modified_time\" content=\"2026-01-24T10:05:33+00:00\" \/>\n<meta property=\"og:image\" content=\"https:\/\/www.ghostysky.com\/wp-content\/uploads\/2024\/05\/GH_Emlid_Scanning_Kit.webp\" \/>\n\t<meta property=\"og:image:width\" content=\"2400\" \/>\n\t<meta property=\"og:image:height\" content=\"2400\" \/>\n\t<meta property=\"og:image:type\" content=\"image\/webp\" \/>\n<meta name=\"twitter:card\" content=\"summary_large_image\" \/>\n<meta name=\"twitter:site\" content=\"@Gh0stysky\" \/>\n<meta name=\"twitter:label1\" content=\"Tempo estimado de leitura\" \/>\n\t<meta name=\"twitter:data1\" content=\"2 minutos\" \/>\n<script type=\"application\/ld+json\" class=\"yoast-schema-graph\">{\"@context\":\"https:\\\/\\\/schema.org\",\"@graph\":[{\"@type\":\"WebPage\",\"@id\":\"https:\\\/\\\/www.ghostysky.com\\\/product\\\/pix4d-emlid-scanning-kit-standard\\\/\",\"url\":\"https:\\\/\\\/www.ghostysky.com\\\/product\\\/pix4d-emlid-scanning-kit-standard\\\/\",\"name\":\"Pix4D & Emlid Scanning kit Standard - Ghostysky\",\"isPartOf\":{\"@id\":\"https:\\\/\\\/www.ghostysky.com\\\/#website\"},\"primaryImageOfPage\":{\"@id\":\"https:\\\/\\\/www.ghostysky.com\\\/product\\\/pix4d-emlid-scanning-kit-standard\\\/#primaryimage\"},\"image\":{\"@id\":\"https:\\\/\\\/www.ghostysky.com\\\/product\\\/pix4d-emlid-scanning-kit-standard\\\/#primaryimage\"},\"thumbnailUrl\":\"https:\\\/\\\/www.ghostysky.com\\\/wp-content\\\/uploads\\\/2024\\\/05\\\/GH_Emlid_Scanning_Kit.webp\",\"datePublished\":\"2024-05-05T11:05:07+00:00\",\"dateModified\":\"2026-01-24T10:05:33+00:00\",\"description\":\"The Pix4D & Emlid Scanning Kit Standard is a mobile terrestrial scanning solution designed for creating high-accuracy 3D models of indoor and outdoor environments. It combines the Emlid Reach RX GNSS receiver with Pix4Dcatch mobile app to capture reality with centimeter-level precision.\",\"breadcrumb\":{\"@id\":\"https:\\\/\\\/www.ghostysky.com\\\/product\\\/pix4d-emlid-scanning-kit-standard\\\/#breadcrumb\"},\"inLanguage\":\"pt-PT\",\"potentialAction\":[{\"@type\":\"ReadAction\",\"target\":[\"https:\\\/\\\/www.ghostysky.com\\\/product\\\/pix4d-emlid-scanning-kit-standard\\\/\"]}]},{\"@type\":\"ImageObject\",\"inLanguage\":\"pt-PT\",\"@id\":\"https:\\\/\\\/www.ghostysky.com\\\/product\\\/pix4d-emlid-scanning-kit-standard\\\/#primaryimage\",\"url\":\"https:\\\/\\\/www.ghostysky.com\\\/wp-content\\\/uploads\\\/2024\\\/05\\\/GH_Emlid_Scanning_Kit.webp\",\"contentUrl\":\"https:\\\/\\\/www.ghostysky.com\\\/wp-content\\\/uploads\\\/2024\\\/05\\\/GH_Emlid_Scanning_Kit.webp\",\"width\":2400,\"height\":2400},{\"@type\":\"BreadcrumbList\",\"@id\":\"https:\\\/\\\/www.ghostysky.com\\\/product\\\/pix4d-emlid-scanning-kit-standard\\\/#breadcrumb\",\"itemListElement\":[{\"@type\":\"ListItem\",\"position\":1,\"name\":\"Home\",\"item\":\"https:\\\/\\\/www.ghostysky.com\\\/\"},{\"@type\":\"ListItem\",\"position\":2,\"name\":\"Shop\",\"item\":\"https:\\\/\\\/www.ghostysky.com\\\/shop\\\/\"},{\"@type\":\"ListItem\",\"position\":3,\"name\":\"Pix4D &#038; Emlid Scanning kit Standard\"}]},{\"@type\":\"WebSite\",\"@id\":\"https:\\\/\\\/www.ghostysky.com\\\/#website\",\"url\":\"https:\\\/\\\/www.ghostysky.com\\\/\",\"name\":\"Ghostysky\",\"description\":\"Delivering professional drones and robotics solutions\",\"publisher\":{\"@id\":\"https:\\\/\\\/www.ghostysky.com\\\/#organization\"},\"potentialAction\":[{\"@type\":\"SearchAction\",\"target\":{\"@type\":\"EntryPoint\",\"urlTemplate\":\"https:\\\/\\\/www.ghostysky.com\\\/?s={search_term_string}\"},\"query-input\":{\"@type\":\"PropertyValueSpecification\",\"valueRequired\":true,\"valueName\":\"search_term_string\"}}],\"inLanguage\":\"pt-PT\"},{\"@type\":\"Organization\",\"@id\":\"https:\\\/\\\/www.ghostysky.com\\\/#organization\",\"name\":\"Ghostysky\",\"url\":\"https:\\\/\\\/www.ghostysky.com\\\/\",\"logo\":{\"@type\":\"ImageObject\",\"inLanguage\":\"pt-PT\",\"@id\":\"https:\\\/\\\/www.ghostysky.com\\\/#\\\/schema\\\/logo\\\/image\\\/\",\"url\":\"https:\\\/\\\/www.ghostysky.com\\\/wp-content\\\/uploads\\\/2020\\\/06\\\/cropped-ghostyskylogo_text_white2.png\",\"contentUrl\":\"https:\\\/\\\/www.ghostysky.com\\\/wp-content\\\/uploads\\\/2020\\\/06\\\/cropped-ghostyskylogo_text_white2.png\",\"width\":169,\"height\":56,\"caption\":\"Ghostysky\"},\"image\":{\"@id\":\"https:\\\/\\\/www.ghostysky.com\\\/#\\\/schema\\\/logo\\\/image\\\/\"},\"sameAs\":[\"https:\\\/\\\/www.facebook.com\\\/people\\\/Ghostysky\\\/100057676170234\\\/\",\"https:\\\/\\\/x.com\\\/Gh0stysky\",\"https:\\\/\\\/www.linkedin.com\\\/company\\\/34739653\",\"https:\\\/\\\/www.instagram.com\\\/gh0stysky\"]}]}<\/script>\n<!-- \/ Yoast SEO plugin. -->","yoast_head_json":{"title":"Kit de digitaliza\u00e7\u00e3o Pix4D e Emlid padr\u00e3o - Ghostysky","description":"O Pix4D &amp; Emlid Scanning Kit Standard \u00e9 uma solu\u00e7\u00e3o de digitaliza\u00e7\u00e3o terrestre m\u00f3vel projetada para criar modelos 3D de alta precis\u00e3o de ambientes internos e externos. Ele combina o receptor Emlid Reach RX GNSS com o aplicativo m\u00f3vel Pix4Dcatch para capturar a realidade com precis\u00e3o centim\u00e9trica.","robots":{"index":"index","follow":"follow","max-snippet":"max-snippet:-1","max-image-preview":"max-image-preview:large","max-video-preview":"max-video-preview:-1"},"canonical":"https:\/\/www.ghostysky.com\/pt\/produto-2\/pix4d-emlid-scanning-kit-standard\/","og_locale":"pt_PT","og_type":"article","og_title":"Pix4D & Emlid Scanning kit Standard - Ghostysky","og_description":"The Pix4D & Emlid Scanning Kit Standard is a mobile terrestrial scanning solution designed for creating high-accuracy 3D models of indoor and outdoor environments. It combines the Emlid Reach RX GNSS receiver with Pix4Dcatch mobile app to capture reality with centimeter-level precision.","og_url":"https:\/\/www.ghostysky.com\/pt\/produto-2\/pix4d-emlid-scanning-kit-standard\/","og_site_name":"Ghostysky","article_publisher":"https:\/\/www.facebook.com\/people\/Ghostysky\/100057676170234\/","article_modified_time":"2026-01-24T10:05:33+00:00","og_image":[{"width":2400,"height":2400,"url":"https:\/\/www.ghostysky.com\/wp-content\/uploads\/2024\/05\/GH_Emlid_Scanning_Kit.webp","type":"image\/webp"}],"twitter_card":"summary_large_image","twitter_site":"@Gh0stysky","twitter_misc":{"Tempo estimado de leitura":"2 minutos"},"schema":{"@context":"https:\/\/schema.org","@graph":[{"@type":"WebPage","@id":"https:\/\/www.ghostysky.com\/product\/pix4d-emlid-scanning-kit-standard\/","url":"https:\/\/www.ghostysky.com\/product\/pix4d-emlid-scanning-kit-standard\/","name":"Kit de digitaliza\u00e7\u00e3o Pix4D e Emlid padr\u00e3o - Ghostysky","isPartOf":{"@id":"https:\/\/www.ghostysky.com\/#website"},"primaryImageOfPage":{"@id":"https:\/\/www.ghostysky.com\/product\/pix4d-emlid-scanning-kit-standard\/#primaryimage"},"image":{"@id":"https:\/\/www.ghostysky.com\/product\/pix4d-emlid-scanning-kit-standard\/#primaryimage"},"thumbnailUrl":"https:\/\/www.ghostysky.com\/wp-content\/uploads\/2024\/05\/GH_Emlid_Scanning_Kit.webp","datePublished":"2024-05-05T11:05:07+00:00","dateModified":"2026-01-24T10:05:33+00:00","description":"O Pix4D &amp; Emlid Scanning Kit Standard \u00e9 uma solu\u00e7\u00e3o de digitaliza\u00e7\u00e3o terrestre m\u00f3vel projetada para criar modelos 3D de alta precis\u00e3o de ambientes internos e externos. Ele combina o receptor Emlid Reach RX GNSS com o aplicativo m\u00f3vel Pix4Dcatch para capturar a realidade com precis\u00e3o centim\u00e9trica.","breadcrumb":{"@id":"https:\/\/www.ghostysky.com\/product\/pix4d-emlid-scanning-kit-standard\/#breadcrumb"},"inLanguage":"pt-PT","potentialAction":[{"@type":"ReadAction","target":["https:\/\/www.ghostysky.com\/product\/pix4d-emlid-scanning-kit-standard\/"]}]},{"@type":"ImageObject","inLanguage":"pt-PT","@id":"https:\/\/www.ghostysky.com\/product\/pix4d-emlid-scanning-kit-standard\/#primaryimage","url":"https:\/\/www.ghostysky.com\/wp-content\/uploads\/2024\/05\/GH_Emlid_Scanning_Kit.webp","contentUrl":"https:\/\/www.ghostysky.com\/wp-content\/uploads\/2024\/05\/GH_Emlid_Scanning_Kit.webp","width":2400,"height":2400},{"@type":"BreadcrumbList","@id":"https:\/\/www.ghostysky.com\/product\/pix4d-emlid-scanning-kit-standard\/#breadcrumb","itemListElement":[{"@type":"ListItem","position":1,"name":"Home","item":"https:\/\/www.ghostysky.com\/"},{"@type":"ListItem","position":2,"name":"Shop","item":"https:\/\/www.ghostysky.com\/shop\/"},{"@type":"ListItem","position":3,"name":"Pix4D &#038; Emlid Scanning kit Standard"}]},{"@type":"WebSite","@id":"https:\/\/www.ghostysky.com\/#website","url":"https:\/\/www.ghostysky.com\/","name":"Ghostysky","description":"Fornecendo solu\u00e7\u00f5es profissionais em drones e rob\u00f3tica.","publisher":{"@id":"https:\/\/www.ghostysky.com\/#organization"},"potentialAction":[{"@type":"SearchAction","target":{"@type":"EntryPoint","urlTemplate":"https:\/\/www.ghostysky.com\/?s={search_term_string}"},"query-input":{"@type":"PropertyValueSpecification","valueRequired":true,"valueName":"search_term_string"}}],"inLanguage":"pt-PT"},{"@type":"Organization","@id":"https:\/\/www.ghostysky.com\/#organization","name":"Ghostysky","url":"https:\/\/www.ghostysky.com\/","logo":{"@type":"ImageObject","inLanguage":"pt-PT","@id":"https:\/\/www.ghostysky.com\/#\/schema\/logo\/image\/","url":"https:\/\/www.ghostysky.com\/wp-content\/uploads\/2020\/06\/cropped-ghostyskylogo_text_white2.png","contentUrl":"https:\/\/www.ghostysky.com\/wp-content\/uploads\/2020\/06\/cropped-ghostyskylogo_text_white2.png","width":169,"height":56,"caption":"Ghostysky"},"image":{"@id":"https:\/\/www.ghostysky.com\/#\/schema\/logo\/image\/"},"sameAs":["https:\/\/www.facebook.com\/people\/Ghostysky\/100057676170234\/","https:\/\/x.com\/Gh0stysky","https:\/\/www.linkedin.com\/company\/34739653","https:\/\/www.instagram.com\/gh0stysky"]}]}},"_links":{"self":[{"href":"https:\/\/www.ghostysky.com\/pt\/wp-json\/wp\/v2\/product\/18593","targetHints":{"allow":["GET"]}}],"collection":[{"href":"https:\/\/www.ghostysky.com\/pt\/wp-json\/wp\/v2\/product"}],"about":[{"href":"https:\/\/www.ghostysky.com\/pt\/wp-json\/wp\/v2\/types\/product"}],"replies":[{"embeddable":true,"href":"https:\/\/www.ghostysky.com\/pt\/wp-json\/wp\/v2\/comments?post=18593"}],"version-history":[{"count":0,"href":"https:\/\/www.ghostysky.com\/pt\/wp-json\/wp\/v2\/product\/18593\/revisions"}],"wp:featuredmedia":[{"embeddable":true,"href":"https:\/\/www.ghostysky.com\/pt\/wp-json\/wp\/v2\/media\/22809"}],"wp:attachment":[{"href":"https:\/\/www.ghostysky.com\/pt\/wp-json\/wp\/v2\/media?parent=18593"}],"wp:term":[{"taxonomy":"product_brand","embeddable":true,"href":"https:\/\/www.ghostysky.com\/pt\/wp-json\/wp\/v2\/product_brand?post=18593"},{"taxonomy":"product_cat","embeddable":true,"href":"https:\/\/www.ghostysky.com\/pt\/wp-json\/wp\/v2\/product_cat?post=18593"},{"taxonomy":"product_tag","embeddable":true,"href":"https:\/\/www.ghostysky.com\/pt\/wp-json\/wp\/v2\/product_tag?post=18593"}],"curies":[{"name":"wp","href":"https:\/\/api.w.org\/{rel}","templated":true}]}}