{"id":18640,"date":"2024-05-05T17:01:24","date_gmt":"2024-05-05T17:01:24","guid":{"rendered":"https:\/\/www.ghostysky.com\/?post_type=product&#038;p=18640"},"modified":"2024-12-09T09:46:30","modified_gmt":"2024-12-09T09:46:30","slug":"redcatch-redtoolbox","status":"publish","type":"product","link":"https:\/\/www.ghostysky.com\/pt\/product\/redcatch-redtoolbox\/","title":{"rendered":"REDcatch REDtoolbox (somente licen\u00e7a)"},"content":{"rendered":"<h3 data-sourcepos=\"1:1-1:183\">Caracter\u00edsticas principais<\/h3>\n<ul data-sourcepos=\"3:1-9:0\">\n<li data-sourcepos=\"3:1-3:216\"><strong>P\u00f3s-processamento GNSS multiconstela\u00e7\u00e3o:<\/strong> REDtoolbox pode processar dados de v\u00e1rias constela\u00e7\u00f5es de Sistemas Globais de Navega\u00e7\u00e3o por Sat\u00e9lite (GNSS), incluindo GPS, GLONASS, Beidou e Galileo, para melhorar a precis\u00e3o.<\/li>\n<li data-sourcepos=\"4:1-4:194\"><strong>PPK para configura\u00e7\u00f5es Base-Rover:<\/strong> Ele se destaca no p\u00f3s-processamento de dados cinem\u00e1ticos (PPK) coletados com uma configura\u00e7\u00e3o base-rover, comumente usada em aplica\u00e7\u00f5es de mapeamento de drones de alta precis\u00e3o.<\/li>\n<li data-sourcepos=\"5:1-5:190\"><strong>Geomarca\u00e7\u00e3o de imagens:<\/strong> O software pode georreferenciar imagens capturadas, atribuindo dados de localiza\u00e7\u00e3o precisos a cada foto. Isto \u00e9 crucial para a cria\u00e7\u00e3o de modelos 3D precisos a partir de imagens de drones.<\/li>\n<li data-sourcepos=\"6:1-6:202\"><strong>Compatibilidade com v\u00e1rios dispositivos:<\/strong> REDtoolbox funciona com dados de uma ampla variedade de dispositivos e chipsets de fabricantes populares de drones como DJI, Autel, Yuneec e Emlid, tornando-o uma ferramenta vers\u00e1til.<\/li>\n<li data-sourcepos=\"7:1-7:205\"><strong>Fluxo de trabalho automatizado:<\/strong> O programa possui uma interface amig\u00e1vel com um fluxo de trabalho altamente automatizado. Tarefas complexas, como marca\u00e7\u00e3o geogr\u00e1fica e processamento de dados, muitas vezes podem ser realizadas com apenas alguns cliques.<\/li>\n<li data-sourcepos=\"8:1-9:0\"><strong>Suporte para v\u00e1rios projetos:<\/strong> REDtoolbox lida com efici\u00eancia com projetos que consistem em v\u00e1rios voos ou sess\u00f5es de captura.<\/li>\n<\/ul>\n<p data-sourcepos=\"10:1-10:160\">No geral, REDcatch REDtoolbox \u00e9 uma solu\u00e7\u00e3o de software valiosa para profissionais que trabalham com drones e dispositivos terrestres que exigem dados geoespaciais precisos.<\/p>\n<h3 class=\"elementor-heading-title elementor-size-default\">Drones e dispositivos compat\u00edveis do software REDtoolbox<a href=\"https:\/\/www.ghostysky.com\/wp-content\/uploads\/2024\/05\/GH_REDtoolbox_main.png\"><img fetchpriority=\"high\" decoding=\"async\" class=\"size-full wp-image-18628 aligncenter lazyload\" src=\"data:image\/gif;base64,R0lGODlhAQABAAAAACH5BAEKAAEALAAAAAABAAEAAAICTAEAOw==\" alt=\"\" width=\"1134\" height=\"378\" data-src=\"https:\/\/www.ghostysky.com\/wp-content\/uploads\/2024\/05\/GH_REDtoolbox_main.png\"><\/a><\/h3>\n<ul class=\"elementor-icon-list-items\">\n<li class=\"elementor-icon-list-item\"><span class=\"elementor-icon-list-text\">DJI<sup>MT<\/sup>\u00a0P4RTK Phantom4 RTK<\/span><\/li>\n<li class=\"elementor-icon-list-item\"><i class=\"fas fa-check\" aria-hidden=\"true\"><\/i><span class=\"elementor-icon-list-text\">DJI<sup>MT<\/sup>\u00a0C\u00e2mera M300 P1, L1 (c\u00e2mera RGB)<\/span><\/li>\n<li class=\"elementor-icon-list-item\"><i class=\"fas fa-check-double\" aria-hidden=\"true\"><\/i><span class=\"elementor-icon-list-text\">DJI<sup>MT<\/sup>\u00a0<b>MAVIC 3 Enterprise RTK ***** NOVO *****<\/b><\/span><\/li>\n<li class=\"elementor-icon-list-item\"><i class=\"fas fa-check\" aria-hidden=\"true\"><\/i><span class=\"elementor-icon-list-text\">Autel<sup>MT<\/sup>\u00a0EVO2RTK<\/span><\/li>\n<li class=\"elementor-icon-list-item\"><i class=\"fas fa-check\" aria-hidden=\"true\"><\/i><span class=\"elementor-icon-list-text\">Yuneek<sup>MT<\/sup>\u00a0H520, H850RTK<\/span><\/li>\n<li class=\"elementor-icon-list-item\"><i class=\"fas fa-check\" aria-hidden=\"true\"><\/i><span class=\"elementor-icon-list-text\">Emlid<sup>MT<\/sup>\u00a0Kits de alcance<\/span><\/li>\n<li class=\"elementor-icon-list-item\"><i class=\"fas fa-check\" aria-hidden=\"true\"><\/i><span class=\"elementor-icon-list-text\">Sepentrio<sup>MT<\/sup>\u00a0kits de drones mosaico<\/span><\/li>\n<li class=\"elementor-icon-list-item\"><i class=\"fas fa-check\" aria-hidden=\"true\"><\/i><span class=\"elementor-icon-list-text\">Ublox<sup>MT<\/sup>\u00a0ZED F9P, chips M8P<\/span><\/li>\n<li class=\"elementor-icon-list-item\"><i class=\"fas fa-check\" aria-hidden=\"true\"><\/i><span class=\"elementor-icon-list-text\">Ublox<sup>MT<\/sup>\u00a0kits como: TopoDrone, Teokit, metta, etc.<\/span><\/li>\n<li class=\"elementor-icon-list-item\"><i class=\"fas fa-check\" aria-hidden=\"true\"><\/i><span class=\"elementor-icon-list-text\">3D ImageVector \u2013 c\u00e2mera GNSS e IMU<\/span><\/li>\n<li class=\"elementor-icon-list-item\"><i class=\"fas fa-check\" aria-hidden=\"true\"><\/i><span class=\"elementor-icon-list-text\">Complemento 360RTK para Insta360 um x2\/x3<\/span><\/li>\n<\/ul>\n<h3 class=\"elementor-heading-title elementor-size-default\">Use a sa\u00edda diretamente em seu software de fotogrametria<\/h3>\n<h3><a href=\"https:\/\/www.ghostysky.com\/wp-content\/uploads\/2024\/05\/GH_Redtoolbox_photogrammetry.jpg\"><img decoding=\"async\" class=\"alignnone size-full wp-image-18638 lazyload\" src=\"data:image\/gif;base64,R0lGODlhAQABAAAAACH5BAEKAAEALAAAAAABAAEAAAICTAEAOw==\" alt=\"\" width=\"1024\" height=\"487\" data-src=\"https:\/\/www.ghostysky.com\/wp-content\/uploads\/2024\/05\/GH_Redtoolbox_photogrammetry.jpg\"><\/a><\/h3>\n<p>Produzidas como texto simples, como dados EXIF de imagem ou em Agisoft Metashape Professional nativo, Pix4d Mapper, Pix4d Matic, arquivo Shape e Google Earth kml, essas informa\u00e7\u00f5es podem ser usadas diretamente sem qualquer convers\u00e3o adicional.<\/p>\n<p>Aplica\u00e7\u00f5es., por exemplo. em\u00a0<strong>fotogrametria e documenta\u00e7\u00e3o<\/strong>.<\/p>\n<ul class=\"elementor-icon-list-items\">\n<li class=\"elementor-icon-list-item\"><span class=\"elementor-icon-list-text\">Agisoft Metashape Professional<\/span><\/li>\n<li class=\"elementor-icon-list-item\"><i class=\"fas fa-check\" aria-hidden=\"true\"><\/i><span class=\"elementor-icon-list-text\">Mapeador Pix4D \/ Pix4d Matic<\/span><\/li>\n<li class=\"elementor-icon-list-item\"><i class=\"fas fa-check\" aria-hidden=\"true\"><\/i><span class=\"elementor-icon-list-text\">Captura da Realidade<\/span><\/li>\n<li class=\"elementor-icon-list-item\"><i class=\"fas fa-check\" aria-hidden=\"true\"><\/i><span class=\"elementor-icon-list-text\">Levantamento 3D<\/span><\/li>\n<li class=\"elementor-icon-list-item\"><i class=\"fas fa-check\" aria-hidden=\"true\"><\/i><span class=\"elementor-icon-list-text\">DJI Terra<\/span><\/li>\n<li class=\"elementor-icon-list-item\"><i class=\"fas fa-check\" aria-hidden=\"true\"><\/i><span class=\"elementor-icon-list-text\">qualquer, capaz de ler dados txt ou EXIF<\/span><\/li>\n<\/ul>","protected":false},"excerpt":{"rendered":"<div class=\"avatar-gutter ng-tns-c1120444467-48 ng-star-inserted\">\n<div class=\"resize-observable\">REDcatch REDtoolbox \u00e9 um software desenvolvido para p\u00f3s-processamento e georreferencia\u00e7\u00e3o de dados capturados por drones e dispositivos terrestres. Ele se concentra especificamente em dados GNSS (Sistema Global de Navega\u00e7\u00e3o por Sat\u00e9lite), que s\u00e3o usados para informa\u00e7\u00f5es de posicionamento e localiza\u00e7\u00e3o.<\/div>\n<ul>\n<li>Licen\u00e7a perp\u00e9tua de 1 assento<\/li>\n<li>SEM atualiza\u00e7\u00f5es! Limitado \u00e0 vers\u00e3o atual do software<\/li>\n<li>N\u00famero ilimitado de imagens process\u00e1veis, sem limita\u00e7\u00f5es na sa\u00edda<\/li>\n<li>Nenhuma assinatura, nenhuma conta necess\u00e1ria<\/li>\n<\/ul>\n<\/div>","protected":false},"featured_media":18641,"comment_status":"open","ping_status":"closed","template":"","meta":[],"product_brand":[],"product_cat":[872],"product_tag":[873,874],"class_list":{"0":"post-18640","1":"product","2":"type-product","3":"status-publish","4":"has-post-thumbnail","6":"product_cat-redcatxh","7":"product_tag-redcatch","8":"product_tag-redtoolbox","10":"first","11":"instock","12":"taxable","13":"shipping-taxable","14":"purchasable","15":"product-type-simple"},"yoast_head":"<!-- This site is optimized with the Yoast SEO plugin v27.1.1 - https:\/\/yoast.com\/product\/yoast-seo-wordpress\/ -->\n<title>REDcatch REDtoolbox (License only) - Ghostysky<\/title>\n<meta name=\"description\" content=\"REDcatch REDtoolbox is a software designed for post-processing and geotagging data captured by drones and terrestrial devices. It specifically focuses on GNSS (Global Navigation Satellite System) data, which is used for positioning and location information.\" \/>\n<meta name=\"robots\" content=\"index, follow, max-snippet:-1, max-image-preview:large, max-video-preview:-1\" \/>\n<link rel=\"canonical\" href=\"https:\/\/www.ghostysky.com\/pt\/produto-2\/redcatch-redtoolbox\/\" \/>\n<meta property=\"og:locale\" content=\"pt_PT\" \/>\n<meta property=\"og:type\" content=\"article\" \/>\n<meta property=\"og:title\" content=\"REDcatch REDtoolbox (License only) - Ghostysky\" \/>\n<meta property=\"og:description\" content=\"REDcatch REDtoolbox is a software designed for post-processing and geotagging data captured by drones and terrestrial devices. It specifically focuses on GNSS (Global Navigation Satellite System) data, which is used for positioning and location information.\" \/>\n<meta property=\"og:url\" content=\"https:\/\/www.ghostysky.com\/pt\/produto-2\/redcatch-redtoolbox\/\" \/>\n<meta property=\"og:site_name\" content=\"Ghostysky\" \/>\n<meta property=\"article:publisher\" content=\"https:\/\/www.facebook.com\/people\/Ghostysky\/100057676170234\/\" \/>\n<meta property=\"article:modified_time\" content=\"2024-12-09T09:46:30+00:00\" \/>\n<meta property=\"og:image\" content=\"https:\/\/www.ghostysky.com\/wp-content\/uploads\/2024\/05\/GH_REDtoolbox_IMg_Product.png\" \/>\n\t<meta property=\"og:image:width\" content=\"357\" \/>\n\t<meta property=\"og:image:height\" content=\"400\" \/>\n\t<meta property=\"og:image:type\" content=\"image\/png\" \/>\n<meta name=\"twitter:card\" content=\"summary_large_image\" \/>\n<meta name=\"twitter:site\" content=\"@Gh0stysky\" \/>\n<meta name=\"twitter:label1\" content=\"Tempo estimado de leitura\" \/>\n\t<meta name=\"twitter:data1\" content=\"2 minutos\" \/>\n<script type=\"application\/ld+json\" class=\"yoast-schema-graph\">{\"@context\":\"https:\/\/schema.org\",\"@graph\":[{\"@type\":\"WebPage\",\"@id\":\"https:\/\/www.ghostysky.com\/product\/redcatch-redtoolbox\/\",\"url\":\"https:\/\/www.ghostysky.com\/product\/redcatch-redtoolbox\/\",\"name\":\"REDcatch REDtoolbox (License only) - Ghostysky\",\"isPartOf\":{\"@id\":\"https:\/\/www.ghostysky.com\/#website\"},\"primaryImageOfPage\":{\"@id\":\"https:\/\/www.ghostysky.com\/product\/redcatch-redtoolbox\/#primaryimage\"},\"image\":{\"@id\":\"https:\/\/www.ghostysky.com\/product\/redcatch-redtoolbox\/#primaryimage\"},\"thumbnailUrl\":\"https:\/\/www.ghostysky.com\/wp-content\/uploads\/2024\/05\/GH_REDtoolbox_IMg_Product.png\",\"datePublished\":\"2024-05-05T17:01:24+00:00\",\"dateModified\":\"2024-12-09T09:46:30+00:00\",\"description\":\"REDcatch REDtoolbox is a software designed for post-processing and geotagging data captured by drones and terrestrial devices. It specifically focuses on GNSS (Global Navigation Satellite System) data, which is used for positioning and location information.\",\"breadcrumb\":{\"@id\":\"https:\/\/www.ghostysky.com\/product\/redcatch-redtoolbox\/#breadcrumb\"},\"inLanguage\":\"pt-PT\",\"potentialAction\":[{\"@type\":\"ReadAction\",\"target\":[\"https:\/\/www.ghostysky.com\/product\/redcatch-redtoolbox\/\"]}]},{\"@type\":\"ImageObject\",\"inLanguage\":\"pt-PT\",\"@id\":\"https:\/\/www.ghostysky.com\/product\/redcatch-redtoolbox\/#primaryimage\",\"url\":\"https:\/\/www.ghostysky.com\/wp-content\/uploads\/2024\/05\/GH_REDtoolbox_IMg_Product.png\",\"contentUrl\":\"https:\/\/www.ghostysky.com\/wp-content\/uploads\/2024\/05\/GH_REDtoolbox_IMg_Product.png\",\"width\":357,\"height\":400},{\"@type\":\"BreadcrumbList\",\"@id\":\"https:\/\/www.ghostysky.com\/product\/redcatch-redtoolbox\/#breadcrumb\",\"itemListElement\":[{\"@type\":\"ListItem\",\"position\":1,\"name\":\"Home\",\"item\":\"https:\/\/www.ghostysky.com\/\"},{\"@type\":\"ListItem\",\"position\":2,\"name\":\"Shop\",\"item\":\"https:\/\/www.ghostysky.com\/shop\/\"},{\"@type\":\"ListItem\",\"position\":3,\"name\":\"REDcatch REDtoolbox (License only)\"}]},{\"@type\":\"WebSite\",\"@id\":\"https:\/\/www.ghostysky.com\/#website\",\"url\":\"https:\/\/www.ghostysky.com\/\",\"name\":\"Ghostysky\",\"description\":\"Delivering professional drones and services\",\"publisher\":{\"@id\":\"https:\/\/www.ghostysky.com\/#organization\"},\"potentialAction\":[{\"@type\":\"SearchAction\",\"target\":{\"@type\":\"EntryPoint\",\"urlTemplate\":\"https:\/\/www.ghostysky.com\/?s={search_term_string}\"},\"query-input\":{\"@type\":\"PropertyValueSpecification\",\"valueRequired\":true,\"valueName\":\"search_term_string\"}}],\"inLanguage\":\"pt-PT\"},{\"@type\":\"Organization\",\"@id\":\"https:\/\/www.ghostysky.com\/#organization\",\"name\":\"Ghostysky\",\"url\":\"https:\/\/www.ghostysky.com\/\",\"logo\":{\"@type\":\"ImageObject\",\"inLanguage\":\"pt-PT\",\"@id\":\"https:\/\/www.ghostysky.com\/#\/schema\/logo\/image\/\",\"url\":\"https:\/\/www.ghostysky.com\/wp-content\/uploads\/2020\/06\/cropped-ghostyskylogo_text_white2.png\",\"contentUrl\":\"https:\/\/www.ghostysky.com\/wp-content\/uploads\/2020\/06\/cropped-ghostyskylogo_text_white2.png\",\"width\":169,\"height\":56,\"caption\":\"Ghostysky\"},\"image\":{\"@id\":\"https:\/\/www.ghostysky.com\/#\/schema\/logo\/image\/\"},\"sameAs\":[\"https:\/\/www.facebook.com\/people\/Ghostysky\/100057676170234\/\",\"https:\/\/x.com\/Gh0stysky\",\"https:\/\/www.linkedin.com\/company\/34739653\",\"https:\/\/www.instagram.com\/gh0stysky\"]}]}<\/script>\n<!-- \/ Yoast SEO plugin. -->","yoast_head_json":{"title":"REDcatch REDtoolbox (somente licen\u00e7a) - Ghostysky","description":"REDcatch REDtoolbox \u00e9 um software desenvolvido para p\u00f3s-processamento e georreferencia\u00e7\u00e3o de dados capturados por drones e dispositivos terrestres. Ele se concentra especificamente em dados GNSS (Sistema Global de Navega\u00e7\u00e3o por Sat\u00e9lite), que s\u00e3o usados para informa\u00e7\u00f5es de posicionamento e localiza\u00e7\u00e3o.","robots":{"index":"index","follow":"follow","max-snippet":"max-snippet:-1","max-image-preview":"max-image-preview:large","max-video-preview":"max-video-preview:-1"},"canonical":"https:\/\/www.ghostysky.com\/pt\/produto-2\/redcatch-redtoolbox\/","og_locale":"pt_PT","og_type":"article","og_title":"REDcatch REDtoolbox (License only) - Ghostysky","og_description":"REDcatch REDtoolbox is a software designed for post-processing and geotagging data captured by drones and terrestrial devices. It specifically focuses on GNSS (Global Navigation Satellite System) data, which is used for positioning and location information.","og_url":"https:\/\/www.ghostysky.com\/pt\/produto-2\/redcatch-redtoolbox\/","og_site_name":"Ghostysky","article_publisher":"https:\/\/www.facebook.com\/people\/Ghostysky\/100057676170234\/","article_modified_time":"2024-12-09T09:46:30+00:00","og_image":[{"width":357,"height":400,"url":"https:\/\/www.ghostysky.com\/wp-content\/uploads\/2024\/05\/GH_REDtoolbox_IMg_Product.png","type":"image\/png"}],"twitter_card":"summary_large_image","twitter_site":"@Gh0stysky","twitter_misc":{"Tempo estimado de leitura":"2 minutos"},"schema":{"@context":"https:\/\/schema.org","@graph":[{"@type":"WebPage","@id":"https:\/\/www.ghostysky.com\/product\/redcatch-redtoolbox\/","url":"https:\/\/www.ghostysky.com\/product\/redcatch-redtoolbox\/","name":"REDcatch REDtoolbox (somente licen\u00e7a) - Ghostysky","isPartOf":{"@id":"https:\/\/www.ghostysky.com\/#website"},"primaryImageOfPage":{"@id":"https:\/\/www.ghostysky.com\/product\/redcatch-redtoolbox\/#primaryimage"},"image":{"@id":"https:\/\/www.ghostysky.com\/product\/redcatch-redtoolbox\/#primaryimage"},"thumbnailUrl":"https:\/\/www.ghostysky.com\/wp-content\/uploads\/2024\/05\/GH_REDtoolbox_IMg_Product.png","datePublished":"2024-05-05T17:01:24+00:00","dateModified":"2024-12-09T09:46:30+00:00","description":"REDcatch REDtoolbox \u00e9 um software desenvolvido para p\u00f3s-processamento e georreferencia\u00e7\u00e3o de dados capturados por drones e dispositivos terrestres. Ele se concentra especificamente em dados GNSS (Sistema Global de Navega\u00e7\u00e3o por Sat\u00e9lite), que s\u00e3o usados para informa\u00e7\u00f5es de posicionamento e localiza\u00e7\u00e3o.","breadcrumb":{"@id":"https:\/\/www.ghostysky.com\/product\/redcatch-redtoolbox\/#breadcrumb"},"inLanguage":"pt-PT","potentialAction":[{"@type":"ReadAction","target":["https:\/\/www.ghostysky.com\/product\/redcatch-redtoolbox\/"]}]},{"@type":"ImageObject","inLanguage":"pt-PT","@id":"https:\/\/www.ghostysky.com\/product\/redcatch-redtoolbox\/#primaryimage","url":"https:\/\/www.ghostysky.com\/wp-content\/uploads\/2024\/05\/GH_REDtoolbox_IMg_Product.png","contentUrl":"https:\/\/www.ghostysky.com\/wp-content\/uploads\/2024\/05\/GH_REDtoolbox_IMg_Product.png","width":357,"height":400},{"@type":"BreadcrumbList","@id":"https:\/\/www.ghostysky.com\/product\/redcatch-redtoolbox\/#breadcrumb","itemListElement":[{"@type":"ListItem","position":1,"name":"Home","item":"https:\/\/www.ghostysky.com\/"},{"@type":"ListItem","position":2,"name":"Shop","item":"https:\/\/www.ghostysky.com\/shop\/"},{"@type":"ListItem","position":3,"name":"REDcatch REDtoolbox (License only)"}]},{"@type":"WebSite","@id":"https:\/\/www.ghostysky.com\/#website","url":"https:\/\/www.ghostysky.com\/","name":"Ghostysky","description":"Fornecendo drones e servi\u00e7os profissionais","publisher":{"@id":"https:\/\/www.ghostysky.com\/#organization"},"potentialAction":[{"@type":"SearchAction","target":{"@type":"EntryPoint","urlTemplate":"https:\/\/www.ghostysky.com\/?s={search_term_string}"},"query-input":{"@type":"PropertyValueSpecification","valueRequired":true,"valueName":"search_term_string"}}],"inLanguage":"pt-PT"},{"@type":"Organization","@id":"https:\/\/www.ghostysky.com\/#organization","name":"Ghostysky","url":"https:\/\/www.ghostysky.com\/","logo":{"@type":"ImageObject","inLanguage":"pt-PT","@id":"https:\/\/www.ghostysky.com\/#\/schema\/logo\/image\/","url":"https:\/\/www.ghostysky.com\/wp-content\/uploads\/2020\/06\/cropped-ghostyskylogo_text_white2.png","contentUrl":"https:\/\/www.ghostysky.com\/wp-content\/uploads\/2020\/06\/cropped-ghostyskylogo_text_white2.png","width":169,"height":56,"caption":"Ghostysky"},"image":{"@id":"https:\/\/www.ghostysky.com\/#\/schema\/logo\/image\/"},"sameAs":["https:\/\/www.facebook.com\/people\/Ghostysky\/100057676170234\/","https:\/\/x.com\/Gh0stysky","https:\/\/www.linkedin.com\/company\/34739653","https:\/\/www.instagram.com\/gh0stysky"]}]}},"_links":{"self":[{"href":"https:\/\/www.ghostysky.com\/pt\/wp-json\/wp\/v2\/product\/18640","targetHints":{"allow":["GET"]}}],"collection":[{"href":"https:\/\/www.ghostysky.com\/pt\/wp-json\/wp\/v2\/product"}],"about":[{"href":"https:\/\/www.ghostysky.com\/pt\/wp-json\/wp\/v2\/types\/product"}],"replies":[{"embeddable":true,"href":"https:\/\/www.ghostysky.com\/pt\/wp-json\/wp\/v2\/comments?post=18640"}],"wp:featuredmedia":[{"embeddable":true,"href":"https:\/\/www.ghostysky.com\/pt\/wp-json\/wp\/v2\/media\/18641"}],"wp:attachment":[{"href":"https:\/\/www.ghostysky.com\/pt\/wp-json\/wp\/v2\/media?parent=18640"}],"wp:term":[{"taxonomy":"product_brand","embeddable":true,"href":"https:\/\/www.ghostysky.com\/pt\/wp-json\/wp\/v2\/product_brand?post=18640"},{"taxonomy":"product_cat","embeddable":true,"href":"https:\/\/www.ghostysky.com\/pt\/wp-json\/wp\/v2\/product_cat?post=18640"},{"taxonomy":"product_tag","embeddable":true,"href":"https:\/\/www.ghostysky.com\/pt\/wp-json\/wp\/v2\/product_tag?post=18640"}],"curies":[{"name":"wp","href":"https:\/\/api.w.org\/{rel}","templated":true}]}}