{"id":18957,"date":"2024-05-22T07:35:00","date_gmt":"2024-05-22T07:35:00","guid":{"rendered":"https:\/\/www.ghostysky.com\/?post_type=product&#038;p=18957"},"modified":"2026-01-24T09:50:29","modified_gmt":"2026-01-24T09:50:29","slug":"pix4dmatic-monthly-license","status":"publish","type":"product","link":"https:\/\/www.ghostysky.com\/pt\/product\/pix4dmatic-monthly-license\/","title":{"rendered":"Pix4DMatic \u2013 Licen\u00e7a Mensal"},"content":{"rendered":"<p><strong>Mapeamento r\u00e1pido e preciso atrav\u00e9s de drones, mesmo em grande escala<\/strong><br \/>\nPix4Dmatic foi projetado para trabalhar com as \u00faltimas gera\u00e7\u00f5es de drones nas mais diversas aplica\u00e7\u00f5es profissionais, transformando grande extens\u00f5es de levantamentos de imagens em nuvens de pontos precisas.<\/p>\n<p><strong>Tem grandes planos?<\/strong><br \/>\nSoftware ideal de levantamento e mapeamento inovadores<\/p>\n<p><span style=\"text-decoration: underline;\">Conjuntos de dados maiores, resultados precisos<\/span>: Com o Pix4Dmatic podemos processar milhares de imagens mantendo a mais alta precis\u00e3o de medi\u00e7\u00e3o. \u00c9 poss\u00edvel converter a sua cole\u00e7\u00e3o de imagens numa nuvem de pontos duas vezes mais r\u00e1pido sem a necessidade de dividir projectos.<\/p>\n<p><span style=\"text-decoration: underline;\">Processo optimizado<\/span>: Desenvolvido em estreita coopera\u00e7\u00e3o entre  especialistas em levantamentos e profissionais de mapeamento, afim de agilizar os fluxos de trabalho: com apenas alguns cliques \u00e9 poss\u00edvel  pode importar, processar e avaliar um projeto. De seguida \u00e9 poss\u00edvel alternar perfeitamente de Pix4Dmatic para Pix4Dsurvey.<\/p>\n<p><span style=\"text-decoration: underline;\">\u00c0 prova de futuro, tamb\u00e9m para BVLOS<\/span>: Pix4Dmatic est\u00e1 preparado para processar os extensos conjuntos de dados t\u00edpicos para voos de drones BVLOS (voando para longe da vista) *. * Onde permitido por lei.<\/p>\n<p><strong>\u2013Introdu\u00e7\u00e3o do Pix4Dmatic\u2013<\/strong><\/p>\n<p><div class='wpo_youtube_preview_container'><img src=\"https:\/\/www.ghostysky.com\/wp-content\/cache\/wpo-youtube-thumbnails\/vTX8ialmkY0-maxresdefault.jpg\" class=\"wpo_youtube_preview\" data-video-url=\"https:\/\/www.youtube.com\/embed\/vTX8ialmkY0\" alt=\"YouTube thumbnail\" data-iframe-attr=\"{&quot;src&quot;:&quot;https:\\\/\\\/www.youtube.com\\\/embed\\\/vTX8ialmkY0&quot;,&quot;width&quot;:&quot;600&quot;,&quot;height&quot;:&quot;400&quot;}\"\/><span class=\"wpo_youtube_preview_overlay\"><img src=\"https:\/\/www.ghostysky.com\/wp-content\/plugins\/wp-optimize-premium\/images\/icon\/icons8-youtube-96.svg\" alt=\"YouTube icon\"\/><\/span><\/div><\/p>\n<p><strong>Todos os formatos de sa\u00edda relevantes, mantendo a mais alta precis\u00e3o<\/strong><br \/>\n.. numa fra\u00e7\u00e3o do tempo<\/p>\n<p><strong>Nuvem de pontos densas<\/strong><br \/>\nCrie nuvens de pontos densas para grandes \u00e1reas. O formato de ficheiro .bpc do pr\u00f3prio Pix4D \u00e9 especialmente projetado para carregar e editar grandes nuvens de pontos.<\/p>\n<p><strong>Ortofotomapa<\/strong><br \/>\nCrie mapas 2D corrigidos geometricamente e, portanto, na escala real. Gra\u00e7as \u00e0 combina\u00e7\u00e3o de cores o resultado final aparece com uma enorme foto.<\/p>\n<p><strong>Modelo de superf\u00edcie digital (DOM)<\/strong><br \/>\nCrie uma imagem digital de todos os objetos da \u00e1rea mapeada. A imagem inclui caracter\u00edsticas da paisagem natural e objetos artificiais criados pelo homem tal como edif\u00edcios.<\/p>\n<p><strong>Compat\u00edvel com Pix4Dsurvey<\/strong><br \/>\nExporta\u00e7\u00e3o perfeita dos projetos processados no Pix4Dsurvey, onde nuvens de pontos s\u00e3o convertidas em dados utiliz\u00e1veis para software CAD.<\/p>","protected":false},"excerpt":{"rendered":"<p><span style=\"text-decoration: underline;\">Pix4dMatic \u2013 Licen\u00e7a Mensal<\/span><\/p>\n<div class=\"dePhmb\">\n<div class=\"eyKpYb\" data-language=\"en\" data-original-language=\"de\" data-result-index=\"0\">\n<div class=\"J0lOec\"><span class=\"VIiyi\" lang=\"en\"><span class=\"JLqJ4b\" data-language-for-alternatives=\"en\" data-language-to-translate-into=\"de\" data-phrase-index=\"0\">Pix4Dmatic \u2013 Assinatura Mensal Pix4Dmatic \u00e9 o software de fotogrametria l\u00edder para mapeamento profissional baseado em drones. O software auxilia top\u00f3grafos no mapeamento, empresas na digitaliza\u00e7\u00e3o e modelagem 3D ou engenheiros na coleta e avalia\u00e7\u00e3o de dados t\u00e9rmicos com dados de alta precis\u00e3o suportados por GNSS.<\/span><\/span><\/div>\n<hr \/>\n<\/div>\n<\/div>","protected":false},"featured_media":2327,"comment_status":"open","ping_status":"closed","template":"","meta":[],"product_brand":[],"product_cat":[100,161,31],"product_tag":[104,898,106,105,102,162,71],"class_list":{"0":"post-18957","1":"product","2":"type-product","3":"status-publish","4":"has-post-thumbnail","6":"product_cat-pix4d","7":"product_cat-pix4dmatic","8":"product_cat-software","9":"product_tag-dsm","10":"product_tag-monthly-license","11":"product_tag-nuvem-de-pontos","12":"product_tag-ortomosaicos","13":"product_tag-pix4d","14":"product_tag-pix4dmatic","15":"product_tag-software","17":"first","18":"onbackorder","19":"taxable","20":"shipping-taxable","21":"product-type-simple"},"yoast_head":"<!-- This site is optimized with the Yoast SEO plugin v27.1.1 - https:\/\/yoast.com\/product\/yoast-seo-wordpress\/ -->\n<title>Pix4DMatic - Monthly License -<\/title>\n<meta name=\"description\" content=\"Pix4Dmatic - Monthly Subscription Pix4Dmatic is the leading photogrammetry software for professional drone-based mapping. The software helps surveyors with mapping, companies with digitization and 3-D modeling or engineers with the collection and evaluation of thermal data with high-precision data supported by GNSS.\" \/>\n<meta name=\"robots\" content=\"index, follow, max-snippet:-1, max-image-preview:large, max-video-preview:-1\" \/>\n<link rel=\"canonical\" href=\"https:\/\/www.ghostysky.com\/pt\/produto-2\/pix4dmatic-monthly-license\/\" \/>\n<meta property=\"og:locale\" content=\"pt_PT\" \/>\n<meta property=\"og:type\" content=\"article\" \/>\n<meta property=\"og:title\" content=\"Pix4DMatic - Monthly License -\" \/>\n<meta property=\"og:description\" content=\"Pix4Dmatic - Monthly Subscription Pix4Dmatic is the leading photogrammetry software for professional drone-based mapping. The software helps surveyors with mapping, companies with digitization and 3-D modeling or engineers with the collection and evaluation of thermal data with high-precision data supported by GNSS.\" \/>\n<meta property=\"og:url\" content=\"https:\/\/www.ghostysky.com\/pt\/produto-2\/pix4dmatic-monthly-license\/\" \/>\n<meta property=\"og:site_name\" content=\"Ghostysky\" \/>\n<meta property=\"article:publisher\" content=\"https:\/\/www.facebook.com\/people\/Ghostysky\/100057676170234\/\" \/>\n<meta property=\"article:modified_time\" content=\"2026-01-24T09:50:29+00:00\" \/>\n<meta property=\"og:image\" content=\"https:\/\/www.ghostysky.com\/wp-content\/uploads\/2021\/06\/LOGO_Pix4Dmatic_name_RGB_Vertical.png\" \/>\n\t<meta property=\"og:image:width\" content=\"800\" \/>\n\t<meta property=\"og:image:height\" content=\"600\" \/>\n\t<meta property=\"og:image:type\" content=\"image\/png\" \/>\n<meta name=\"twitter:card\" content=\"summary_large_image\" \/>\n<meta name=\"twitter:site\" content=\"@Gh0stysky\" \/>\n<meta name=\"twitter:label1\" content=\"Tempo estimado de leitura\" \/>\n\t<meta name=\"twitter:data1\" content=\"2 minutos\" \/>\n<script type=\"application\/ld+json\" class=\"yoast-schema-graph\">{\"@context\":\"https:\/\/schema.org\",\"@graph\":[{\"@type\":\"WebPage\",\"@id\":\"https:\/\/www.ghostysky.com\/product\/pix4dmatic-monthly-license\/\",\"url\":\"https:\/\/www.ghostysky.com\/product\/pix4dmatic-monthly-license\/\",\"name\":\"Pix4DMatic - Monthly License -\",\"isPartOf\":{\"@id\":\"https:\/\/www.ghostysky.com\/#website\"},\"primaryImageOfPage\":{\"@id\":\"https:\/\/www.ghostysky.com\/product\/pix4dmatic-monthly-license\/#primaryimage\"},\"image\":{\"@id\":\"https:\/\/www.ghostysky.com\/product\/pix4dmatic-monthly-license\/#primaryimage\"},\"thumbnailUrl\":\"https:\/\/www.ghostysky.com\/wp-content\/uploads\/2021\/06\/LOGO_Pix4Dmatic_name_RGB_Vertical.png\",\"datePublished\":\"2024-05-22T07:35:00+00:00\",\"dateModified\":\"2026-01-24T09:50:29+00:00\",\"description\":\"Pix4Dmatic - Monthly Subscription Pix4Dmatic is the leading photogrammetry software for professional drone-based mapping. The software helps surveyors with mapping, companies with digitization and 3-D modeling or engineers with the collection and evaluation of thermal data with high-precision data supported by GNSS.\",\"breadcrumb\":{\"@id\":\"https:\/\/www.ghostysky.com\/product\/pix4dmatic-monthly-license\/#breadcrumb\"},\"inLanguage\":\"pt-PT\",\"potentialAction\":[{\"@type\":\"ReadAction\",\"target\":[\"https:\/\/www.ghostysky.com\/product\/pix4dmatic-monthly-license\/\"]}]},{\"@type\":\"ImageObject\",\"inLanguage\":\"pt-PT\",\"@id\":\"https:\/\/www.ghostysky.com\/product\/pix4dmatic-monthly-license\/#primaryimage\",\"url\":\"https:\/\/www.ghostysky.com\/wp-content\/uploads\/2021\/06\/LOGO_Pix4Dmatic_name_RGB_Vertical.png\",\"contentUrl\":\"https:\/\/www.ghostysky.com\/wp-content\/uploads\/2021\/06\/LOGO_Pix4Dmatic_name_RGB_Vertical.png\",\"width\":800,\"height\":600},{\"@type\":\"BreadcrumbList\",\"@id\":\"https:\/\/www.ghostysky.com\/product\/pix4dmatic-monthly-license\/#breadcrumb\",\"itemListElement\":[{\"@type\":\"ListItem\",\"position\":1,\"name\":\"Home\",\"item\":\"https:\/\/www.ghostysky.com\/\"},{\"@type\":\"ListItem\",\"position\":2,\"name\":\"Shop\",\"item\":\"https:\/\/www.ghostysky.com\/shop\/\"},{\"@type\":\"ListItem\",\"position\":3,\"name\":\"Pix4DMatic &#8211; Monthly License\"}]},{\"@type\":\"WebSite\",\"@id\":\"https:\/\/www.ghostysky.com\/#website\",\"url\":\"https:\/\/www.ghostysky.com\/\",\"name\":\"Ghostysky\",\"description\":\"Delivering professional drones and services\",\"publisher\":{\"@id\":\"https:\/\/www.ghostysky.com\/#organization\"},\"potentialAction\":[{\"@type\":\"SearchAction\",\"target\":{\"@type\":\"EntryPoint\",\"urlTemplate\":\"https:\/\/www.ghostysky.com\/?s={search_term_string}\"},\"query-input\":{\"@type\":\"PropertyValueSpecification\",\"valueRequired\":true,\"valueName\":\"search_term_string\"}}],\"inLanguage\":\"pt-PT\"},{\"@type\":\"Organization\",\"@id\":\"https:\/\/www.ghostysky.com\/#organization\",\"name\":\"Ghostysky\",\"url\":\"https:\/\/www.ghostysky.com\/\",\"logo\":{\"@type\":\"ImageObject\",\"inLanguage\":\"pt-PT\",\"@id\":\"https:\/\/www.ghostysky.com\/#\/schema\/logo\/image\/\",\"url\":\"https:\/\/www.ghostysky.com\/wp-content\/uploads\/2020\/06\/cropped-ghostyskylogo_text_white2.png\",\"contentUrl\":\"https:\/\/www.ghostysky.com\/wp-content\/uploads\/2020\/06\/cropped-ghostyskylogo_text_white2.png\",\"width\":169,\"height\":56,\"caption\":\"Ghostysky\"},\"image\":{\"@id\":\"https:\/\/www.ghostysky.com\/#\/schema\/logo\/image\/\"},\"sameAs\":[\"https:\/\/www.facebook.com\/people\/Ghostysky\/100057676170234\/\",\"https:\/\/x.com\/Gh0stysky\",\"https:\/\/www.linkedin.com\/company\/34739653\",\"https:\/\/www.instagram.com\/gh0stysky\"]}]}<\/script>\n<!-- \/ Yoast SEO plugin. -->","yoast_head_json":{"title":"Pix4DMatic - Licen\u00e7a Mensal -","description":"Pix4Dmatic - Assinatura Mensal Pix4Dmatic \u00e9 o software de fotogrametria l\u00edder para mapeamento profissional baseado em drones. O software auxilia top\u00f3grafos no mapeamento, empresas na digitaliza\u00e7\u00e3o e modelagem 3D ou engenheiros na coleta e avalia\u00e7\u00e3o de dados t\u00e9rmicos com dados de alta precis\u00e3o suportados por GNSS.","robots":{"index":"index","follow":"follow","max-snippet":"max-snippet:-1","max-image-preview":"max-image-preview:large","max-video-preview":"max-video-preview:-1"},"canonical":"https:\/\/www.ghostysky.com\/pt\/produto-2\/pix4dmatic-monthly-license\/","og_locale":"pt_PT","og_type":"article","og_title":"Pix4DMatic - Monthly License -","og_description":"Pix4Dmatic - Monthly Subscription Pix4Dmatic is the leading photogrammetry software for professional drone-based mapping. The software helps surveyors with mapping, companies with digitization and 3-D modeling or engineers with the collection and evaluation of thermal data with high-precision data supported by GNSS.","og_url":"https:\/\/www.ghostysky.com\/pt\/produto-2\/pix4dmatic-monthly-license\/","og_site_name":"Ghostysky","article_publisher":"https:\/\/www.facebook.com\/people\/Ghostysky\/100057676170234\/","article_modified_time":"2026-01-24T09:50:29+00:00","og_image":[{"width":800,"height":600,"url":"https:\/\/www.ghostysky.com\/wp-content\/uploads\/2021\/06\/LOGO_Pix4Dmatic_name_RGB_Vertical.png","type":"image\/png"}],"twitter_card":"summary_large_image","twitter_site":"@Gh0stysky","twitter_misc":{"Tempo estimado de leitura":"2 minutos"},"schema":{"@context":"https:\/\/schema.org","@graph":[{"@type":"WebPage","@id":"https:\/\/www.ghostysky.com\/product\/pix4dmatic-monthly-license\/","url":"https:\/\/www.ghostysky.com\/product\/pix4dmatic-monthly-license\/","name":"Pix4DMatic - Licen\u00e7a Mensal -","isPartOf":{"@id":"https:\/\/www.ghostysky.com\/#website"},"primaryImageOfPage":{"@id":"https:\/\/www.ghostysky.com\/product\/pix4dmatic-monthly-license\/#primaryimage"},"image":{"@id":"https:\/\/www.ghostysky.com\/product\/pix4dmatic-monthly-license\/#primaryimage"},"thumbnailUrl":"https:\/\/www.ghostysky.com\/wp-content\/uploads\/2021\/06\/LOGO_Pix4Dmatic_name_RGB_Vertical.png","datePublished":"2024-05-22T07:35:00+00:00","dateModified":"2026-01-24T09:50:29+00:00","description":"Pix4Dmatic - Assinatura Mensal Pix4Dmatic \u00e9 o software de fotogrametria l\u00edder para mapeamento profissional baseado em drones. O software auxilia top\u00f3grafos no mapeamento, empresas na digitaliza\u00e7\u00e3o e modelagem 3D ou engenheiros na coleta e avalia\u00e7\u00e3o de dados t\u00e9rmicos com dados de alta precis\u00e3o suportados por GNSS.","breadcrumb":{"@id":"https:\/\/www.ghostysky.com\/product\/pix4dmatic-monthly-license\/#breadcrumb"},"inLanguage":"pt-PT","potentialAction":[{"@type":"ReadAction","target":["https:\/\/www.ghostysky.com\/product\/pix4dmatic-monthly-license\/"]}]},{"@type":"ImageObject","inLanguage":"pt-PT","@id":"https:\/\/www.ghostysky.com\/product\/pix4dmatic-monthly-license\/#primaryimage","url":"https:\/\/www.ghostysky.com\/wp-content\/uploads\/2021\/06\/LOGO_Pix4Dmatic_name_RGB_Vertical.png","contentUrl":"https:\/\/www.ghostysky.com\/wp-content\/uploads\/2021\/06\/LOGO_Pix4Dmatic_name_RGB_Vertical.png","width":800,"height":600},{"@type":"BreadcrumbList","@id":"https:\/\/www.ghostysky.com\/product\/pix4dmatic-monthly-license\/#breadcrumb","itemListElement":[{"@type":"ListItem","position":1,"name":"Home","item":"https:\/\/www.ghostysky.com\/"},{"@type":"ListItem","position":2,"name":"Shop","item":"https:\/\/www.ghostysky.com\/shop\/"},{"@type":"ListItem","position":3,"name":"Pix4DMatic &#8211; Monthly License"}]},{"@type":"WebSite","@id":"https:\/\/www.ghostysky.com\/#website","url":"https:\/\/www.ghostysky.com\/","name":"Ghostysky","description":"Fornecendo drones e servi\u00e7os profissionais","publisher":{"@id":"https:\/\/www.ghostysky.com\/#organization"},"potentialAction":[{"@type":"SearchAction","target":{"@type":"EntryPoint","urlTemplate":"https:\/\/www.ghostysky.com\/?s={search_term_string}"},"query-input":{"@type":"PropertyValueSpecification","valueRequired":true,"valueName":"search_term_string"}}],"inLanguage":"pt-PT"},{"@type":"Organization","@id":"https:\/\/www.ghostysky.com\/#organization","name":"Ghostysky","url":"https:\/\/www.ghostysky.com\/","logo":{"@type":"ImageObject","inLanguage":"pt-PT","@id":"https:\/\/www.ghostysky.com\/#\/schema\/logo\/image\/","url":"https:\/\/www.ghostysky.com\/wp-content\/uploads\/2020\/06\/cropped-ghostyskylogo_text_white2.png","contentUrl":"https:\/\/www.ghostysky.com\/wp-content\/uploads\/2020\/06\/cropped-ghostyskylogo_text_white2.png","width":169,"height":56,"caption":"Ghostysky"},"image":{"@id":"https:\/\/www.ghostysky.com\/#\/schema\/logo\/image\/"},"sameAs":["https:\/\/www.facebook.com\/people\/Ghostysky\/100057676170234\/","https:\/\/x.com\/Gh0stysky","https:\/\/www.linkedin.com\/company\/34739653","https:\/\/www.instagram.com\/gh0stysky"]}]}},"_links":{"self":[{"href":"https:\/\/www.ghostysky.com\/pt\/wp-json\/wp\/v2\/product\/18957","targetHints":{"allow":["GET"]}}],"collection":[{"href":"https:\/\/www.ghostysky.com\/pt\/wp-json\/wp\/v2\/product"}],"about":[{"href":"https:\/\/www.ghostysky.com\/pt\/wp-json\/wp\/v2\/types\/product"}],"replies":[{"embeddable":true,"href":"https:\/\/www.ghostysky.com\/pt\/wp-json\/wp\/v2\/comments?post=18957"}],"wp:featuredmedia":[{"embeddable":true,"href":"https:\/\/www.ghostysky.com\/pt\/wp-json\/wp\/v2\/media\/2327"}],"wp:attachment":[{"href":"https:\/\/www.ghostysky.com\/pt\/wp-json\/wp\/v2\/media?parent=18957"}],"wp:term":[{"taxonomy":"product_brand","embeddable":true,"href":"https:\/\/www.ghostysky.com\/pt\/wp-json\/wp\/v2\/product_brand?post=18957"},{"taxonomy":"product_cat","embeddable":true,"href":"https:\/\/www.ghostysky.com\/pt\/wp-json\/wp\/v2\/product_cat?post=18957"},{"taxonomy":"product_tag","embeddable":true,"href":"https:\/\/www.ghostysky.com\/pt\/wp-json\/wp\/v2\/product_tag?post=18957"}],"curies":[{"name":"wp","href":"https:\/\/api.w.org\/{rel}","templated":true}]}}