{"id":19003,"date":"2024-05-22T08:20:09","date_gmt":"2024-05-22T08:20:09","guid":{"rendered":"https:\/\/www.ghostysky.com\/?post_type=product&#038;p=19003"},"modified":"2026-01-24T09:56:03","modified_gmt":"2026-01-24T09:56:03","slug":"pix4dsurvey-monthly-license","status":"publish","type":"product","link":"https:\/\/www.ghostysky.com\/pt\/product\/pix4dsurvey-monthly-license\/","title":{"rendered":"Pix4DSurvey \u2013 Licen\u00e7a Mensal"},"content":{"rendered":"<p><strong>CAPTURAR<\/strong><\/p>\n<p>Capture imagens ou nuvens de pontos atrav\u00e9s de um drone ou um laser scanner.<\/p>\n<p>Automatize e optimize os seus voos de drone com a aplica\u00e7\u00e3o gratuita m\u00f3vel Pix4Dcapture.<\/p>\n<p><strong>MODELO<\/strong><\/p>\n<p>Transforme as suas imagens em nuvens de pontos e importe-as para o Pix4Dsurvey.<\/p>\n<p>Trabalhe diretamente com ficheiros Pix4Dmapper ou Pix4Dmatic, bem como com qualquer outro ficheiro .las ou .laz.<\/p>\n<p><strong>VECTORIZAR<\/strong><\/p>\n<p>Efectue a gera\u00e7\u00e3o de um TIN para modelar o terreno e criar ficheiros vetoriais em CAD a partir de dados da nuvem de pontos, extraindo elementos-chave de seu projeto do Pix4Dsurvey.<\/p>\n<p><strong>INTEGRAR<\/strong><\/p>\n<p>Abra os seus dados simplificados e precisos em qualquer software CAD ou GIS, com camadas e propriedades espec\u00edficas que se ajustam ao seu fluxo de trabalho.<\/p>","protected":false},"excerpt":{"rendered":"<p><span style=\"text-decoration: underline;\">Pix4DSurvey \u2013 Licen\u00e7a Mensal<\/span><\/p>\n<p>Pix4Dsurvey \u00e9 um programa de software desenvolvido para trabalhar com dados capturados de drones e scanners a laser. Ele se concentra especificamente na fase de p\u00f3s-processamento, ap\u00f3s a captura das imagens ou nuvens de pontos.<\/p>\n<hr \/>","protected":false},"featured_media":1969,"comment_status":"open","ping_status":"closed","template":"","meta":[],"product_brand":[],"product_cat":[100,112,31],"product_tag":[104,898,106,105,102,113,71],"class_list":{"0":"post-19003","1":"product","2":"type-product","3":"status-publish","4":"has-post-thumbnail","6":"product_cat-pix4d","7":"product_cat-pix4dsurvey","8":"product_cat-software","9":"product_tag-dsm","10":"product_tag-monthly-license","11":"product_tag-nuvem-de-pontos","12":"product_tag-ortomosaicos","13":"product_tag-pix4d","14":"product_tag-pix4dsurvey","15":"product_tag-software","17":"first","18":"onbackorder","19":"taxable","20":"shipping-taxable","21":"product-type-simple"},"yoast_head":"<!-- This site is optimized with the Yoast SEO plugin v27.1.1 - https:\/\/yoast.com\/product\/yoast-seo-wordpress\/ -->\n<title>Pix4DSurvey - Monthly License -<\/title>\n<meta name=\"description\" content=\"Pix4Dsurvey is a software program designed to work with data captured from drones and laser scanners. It specifically focuses on the post-processing stage, after the images or point clouds have been captured.\" \/>\n<meta name=\"robots\" content=\"index, follow, max-snippet:-1, max-image-preview:large, max-video-preview:-1\" \/>\n<link rel=\"canonical\" href=\"https:\/\/www.ghostysky.com\/pt\/produto-2\/pix4dsurvey-monthly-license\/\" \/>\n<meta property=\"og:locale\" content=\"pt_PT\" \/>\n<meta property=\"og:type\" content=\"article\" \/>\n<meta property=\"og:title\" content=\"Pix4DSurvey - Monthly License -\" \/>\n<meta property=\"og:description\" content=\"Pix4Dsurvey is a software program designed to work with data captured from drones and laser scanners. It specifically focuses on the post-processing stage, after the images or point clouds have been captured.\" \/>\n<meta property=\"og:url\" content=\"https:\/\/www.ghostysky.com\/pt\/produto-2\/pix4dsurvey-monthly-license\/\" \/>\n<meta property=\"og:site_name\" content=\"Ghostysky\" \/>\n<meta property=\"article:publisher\" content=\"https:\/\/www.facebook.com\/people\/Ghostysky\/100057676170234\/\" \/>\n<meta property=\"article:modified_time\" content=\"2026-01-24T09:56:03+00:00\" \/>\n<meta property=\"og:image\" content=\"https:\/\/www.ghostysky.com\/wp-content\/uploads\/2021\/02\/download.jpeg\" \/>\n\t<meta property=\"og:image:width\" content=\"225\" \/>\n\t<meta property=\"og:image:height\" content=\"225\" \/>\n\t<meta property=\"og:image:type\" content=\"image\/jpeg\" \/>\n<meta name=\"twitter:card\" content=\"summary_large_image\" \/>\n<meta name=\"twitter:site\" content=\"@Gh0stysky\" \/>\n<meta name=\"twitter:label1\" content=\"Tempo estimado de leitura\" \/>\n\t<meta name=\"twitter:data1\" content=\"1 minuto\" \/>\n<script type=\"application\/ld+json\" class=\"yoast-schema-graph\">{\"@context\":\"https:\/\/schema.org\",\"@graph\":[{\"@type\":\"WebPage\",\"@id\":\"https:\/\/www.ghostysky.com\/product\/pix4dsurvey-monthly-license\/\",\"url\":\"https:\/\/www.ghostysky.com\/product\/pix4dsurvey-monthly-license\/\",\"name\":\"Pix4DSurvey - Monthly License -\",\"isPartOf\":{\"@id\":\"https:\/\/www.ghostysky.com\/#website\"},\"primaryImageOfPage\":{\"@id\":\"https:\/\/www.ghostysky.com\/product\/pix4dsurvey-monthly-license\/#primaryimage\"},\"image\":{\"@id\":\"https:\/\/www.ghostysky.com\/product\/pix4dsurvey-monthly-license\/#primaryimage\"},\"thumbnailUrl\":\"https:\/\/www.ghostysky.com\/wp-content\/uploads\/2021\/02\/download.jpeg\",\"datePublished\":\"2024-05-22T08:20:09+00:00\",\"dateModified\":\"2026-01-24T09:56:03+00:00\",\"description\":\"Pix4Dsurvey is a software program designed to work with data captured from drones and laser scanners. It specifically focuses on the post-processing stage, after the images or point clouds have been captured.\",\"breadcrumb\":{\"@id\":\"https:\/\/www.ghostysky.com\/product\/pix4dsurvey-monthly-license\/#breadcrumb\"},\"inLanguage\":\"pt-PT\",\"potentialAction\":[{\"@type\":\"ReadAction\",\"target\":[\"https:\/\/www.ghostysky.com\/product\/pix4dsurvey-monthly-license\/\"]}]},{\"@type\":\"ImageObject\",\"inLanguage\":\"pt-PT\",\"@id\":\"https:\/\/www.ghostysky.com\/product\/pix4dsurvey-monthly-license\/#primaryimage\",\"url\":\"https:\/\/www.ghostysky.com\/wp-content\/uploads\/2021\/02\/download.jpeg\",\"contentUrl\":\"https:\/\/www.ghostysky.com\/wp-content\/uploads\/2021\/02\/download.jpeg\",\"width\":225,\"height\":225},{\"@type\":\"BreadcrumbList\",\"@id\":\"https:\/\/www.ghostysky.com\/product\/pix4dsurvey-monthly-license\/#breadcrumb\",\"itemListElement\":[{\"@type\":\"ListItem\",\"position\":1,\"name\":\"Home\",\"item\":\"https:\/\/www.ghostysky.com\/\"},{\"@type\":\"ListItem\",\"position\":2,\"name\":\"Shop\",\"item\":\"https:\/\/www.ghostysky.com\/shop\/\"},{\"@type\":\"ListItem\",\"position\":3,\"name\":\"Pix4DSurvey &#8211; Monthly License\"}]},{\"@type\":\"WebSite\",\"@id\":\"https:\/\/www.ghostysky.com\/#website\",\"url\":\"https:\/\/www.ghostysky.com\/\",\"name\":\"Ghostysky\",\"description\":\"Delivering professional drones and services\",\"publisher\":{\"@id\":\"https:\/\/www.ghostysky.com\/#organization\"},\"potentialAction\":[{\"@type\":\"SearchAction\",\"target\":{\"@type\":\"EntryPoint\",\"urlTemplate\":\"https:\/\/www.ghostysky.com\/?s={search_term_string}\"},\"query-input\":{\"@type\":\"PropertyValueSpecification\",\"valueRequired\":true,\"valueName\":\"search_term_string\"}}],\"inLanguage\":\"pt-PT\"},{\"@type\":\"Organization\",\"@id\":\"https:\/\/www.ghostysky.com\/#organization\",\"name\":\"Ghostysky\",\"url\":\"https:\/\/www.ghostysky.com\/\",\"logo\":{\"@type\":\"ImageObject\",\"inLanguage\":\"pt-PT\",\"@id\":\"https:\/\/www.ghostysky.com\/#\/schema\/logo\/image\/\",\"url\":\"https:\/\/www.ghostysky.com\/wp-content\/uploads\/2020\/06\/cropped-ghostyskylogo_text_white2.png\",\"contentUrl\":\"https:\/\/www.ghostysky.com\/wp-content\/uploads\/2020\/06\/cropped-ghostyskylogo_text_white2.png\",\"width\":169,\"height\":56,\"caption\":\"Ghostysky\"},\"image\":{\"@id\":\"https:\/\/www.ghostysky.com\/#\/schema\/logo\/image\/\"},\"sameAs\":[\"https:\/\/www.facebook.com\/people\/Ghostysky\/100057676170234\/\",\"https:\/\/x.com\/Gh0stysky\",\"https:\/\/www.linkedin.com\/company\/34739653\",\"https:\/\/www.instagram.com\/gh0stysky\"]}]}<\/script>\n<!-- \/ Yoast SEO plugin. -->","yoast_head_json":{"title":"Pix4DSurvey - Licen\u00e7a Mensal -","description":"Pix4Dsurvey \u00e9 um programa de software desenvolvido para trabalhar com dados capturados de drones e scanners a laser. Ele se concentra especificamente na fase de p\u00f3s-processamento, ap\u00f3s a captura das imagens ou nuvens de pontos.","robots":{"index":"index","follow":"follow","max-snippet":"max-snippet:-1","max-image-preview":"max-image-preview:large","max-video-preview":"max-video-preview:-1"},"canonical":"https:\/\/www.ghostysky.com\/pt\/produto-2\/pix4dsurvey-monthly-license\/","og_locale":"pt_PT","og_type":"article","og_title":"Pix4DSurvey - Monthly License -","og_description":"Pix4Dsurvey is a software program designed to work with data captured from drones and laser scanners. It specifically focuses on the post-processing stage, after the images or point clouds have been captured.","og_url":"https:\/\/www.ghostysky.com\/pt\/produto-2\/pix4dsurvey-monthly-license\/","og_site_name":"Ghostysky","article_publisher":"https:\/\/www.facebook.com\/people\/Ghostysky\/100057676170234\/","article_modified_time":"2026-01-24T09:56:03+00:00","og_image":[{"width":225,"height":225,"url":"https:\/\/www.ghostysky.com\/wp-content\/uploads\/2021\/02\/download.jpeg","type":"image\/jpeg"}],"twitter_card":"summary_large_image","twitter_site":"@Gh0stysky","twitter_misc":{"Tempo estimado de leitura":"1 minuto"},"schema":{"@context":"https:\/\/schema.org","@graph":[{"@type":"WebPage","@id":"https:\/\/www.ghostysky.com\/product\/pix4dsurvey-monthly-license\/","url":"https:\/\/www.ghostysky.com\/product\/pix4dsurvey-monthly-license\/","name":"Pix4DSurvey - Licen\u00e7a Mensal -","isPartOf":{"@id":"https:\/\/www.ghostysky.com\/#website"},"primaryImageOfPage":{"@id":"https:\/\/www.ghostysky.com\/product\/pix4dsurvey-monthly-license\/#primaryimage"},"image":{"@id":"https:\/\/www.ghostysky.com\/product\/pix4dsurvey-monthly-license\/#primaryimage"},"thumbnailUrl":"https:\/\/www.ghostysky.com\/wp-content\/uploads\/2021\/02\/download.jpeg","datePublished":"2024-05-22T08:20:09+00:00","dateModified":"2026-01-24T09:56:03+00:00","description":"Pix4Dsurvey \u00e9 um programa de software desenvolvido para trabalhar com dados capturados de drones e scanners a laser. Ele se concentra especificamente na fase de p\u00f3s-processamento, ap\u00f3s a captura das imagens ou nuvens de pontos.","breadcrumb":{"@id":"https:\/\/www.ghostysky.com\/product\/pix4dsurvey-monthly-license\/#breadcrumb"},"inLanguage":"pt-PT","potentialAction":[{"@type":"ReadAction","target":["https:\/\/www.ghostysky.com\/product\/pix4dsurvey-monthly-license\/"]}]},{"@type":"ImageObject","inLanguage":"pt-PT","@id":"https:\/\/www.ghostysky.com\/product\/pix4dsurvey-monthly-license\/#primaryimage","url":"https:\/\/www.ghostysky.com\/wp-content\/uploads\/2021\/02\/download.jpeg","contentUrl":"https:\/\/www.ghostysky.com\/wp-content\/uploads\/2021\/02\/download.jpeg","width":225,"height":225},{"@type":"BreadcrumbList","@id":"https:\/\/www.ghostysky.com\/product\/pix4dsurvey-monthly-license\/#breadcrumb","itemListElement":[{"@type":"ListItem","position":1,"name":"Home","item":"https:\/\/www.ghostysky.com\/"},{"@type":"ListItem","position":2,"name":"Shop","item":"https:\/\/www.ghostysky.com\/shop\/"},{"@type":"ListItem","position":3,"name":"Pix4DSurvey &#8211; Monthly License"}]},{"@type":"WebSite","@id":"https:\/\/www.ghostysky.com\/#website","url":"https:\/\/www.ghostysky.com\/","name":"Ghostysky","description":"Fornecendo drones e servi\u00e7os profissionais","publisher":{"@id":"https:\/\/www.ghostysky.com\/#organization"},"potentialAction":[{"@type":"SearchAction","target":{"@type":"EntryPoint","urlTemplate":"https:\/\/www.ghostysky.com\/?s={search_term_string}"},"query-input":{"@type":"PropertyValueSpecification","valueRequired":true,"valueName":"search_term_string"}}],"inLanguage":"pt-PT"},{"@type":"Organization","@id":"https:\/\/www.ghostysky.com\/#organization","name":"Ghostysky","url":"https:\/\/www.ghostysky.com\/","logo":{"@type":"ImageObject","inLanguage":"pt-PT","@id":"https:\/\/www.ghostysky.com\/#\/schema\/logo\/image\/","url":"https:\/\/www.ghostysky.com\/wp-content\/uploads\/2020\/06\/cropped-ghostyskylogo_text_white2.png","contentUrl":"https:\/\/www.ghostysky.com\/wp-content\/uploads\/2020\/06\/cropped-ghostyskylogo_text_white2.png","width":169,"height":56,"caption":"Ghostysky"},"image":{"@id":"https:\/\/www.ghostysky.com\/#\/schema\/logo\/image\/"},"sameAs":["https:\/\/www.facebook.com\/people\/Ghostysky\/100057676170234\/","https:\/\/x.com\/Gh0stysky","https:\/\/www.linkedin.com\/company\/34739653","https:\/\/www.instagram.com\/gh0stysky"]}]}},"_links":{"self":[{"href":"https:\/\/www.ghostysky.com\/pt\/wp-json\/wp\/v2\/product\/19003","targetHints":{"allow":["GET"]}}],"collection":[{"href":"https:\/\/www.ghostysky.com\/pt\/wp-json\/wp\/v2\/product"}],"about":[{"href":"https:\/\/www.ghostysky.com\/pt\/wp-json\/wp\/v2\/types\/product"}],"replies":[{"embeddable":true,"href":"https:\/\/www.ghostysky.com\/pt\/wp-json\/wp\/v2\/comments?post=19003"}],"wp:featuredmedia":[{"embeddable":true,"href":"https:\/\/www.ghostysky.com\/pt\/wp-json\/wp\/v2\/media\/1969"}],"wp:attachment":[{"href":"https:\/\/www.ghostysky.com\/pt\/wp-json\/wp\/v2\/media?parent=19003"}],"wp:term":[{"taxonomy":"product_brand","embeddable":true,"href":"https:\/\/www.ghostysky.com\/pt\/wp-json\/wp\/v2\/product_brand?post=19003"},{"taxonomy":"product_cat","embeddable":true,"href":"https:\/\/www.ghostysky.com\/pt\/wp-json\/wp\/v2\/product_cat?post=19003"},{"taxonomy":"product_tag","embeddable":true,"href":"https:\/\/www.ghostysky.com\/pt\/wp-json\/wp\/v2\/product_tag?post=19003"}],"curies":[{"name":"wp","href":"https:\/\/api.w.org\/{rel}","templated":true}]}}