{"id":19025,"date":"2024-05-22T08:45:24","date_gmt":"2024-05-22T08:45:24","guid":{"rendered":"https:\/\/www.ghostysky.com\/?post_type=product&#038;p=19025"},"modified":"2026-01-24T09:59:09","modified_gmt":"2026-01-24T09:59:09","slug":"pix4dreact-student-educational-monthly-license","status":"publish","type":"product","link":"https:\/\/www.ghostysky.com\/pt\/product\/pix4dreact-student-educational-monthly-license\/","title":{"rendered":"Pix4DReact Student Educational \u2013 Licen\u00e7a Mensal"},"content":{"rendered":"<p><strong>CAPTURAR<\/strong><\/p>\n<p>Pilote o seu drone e capture as imagens do seu projecto. Planeie um voo optimizado e automatizado atrav\u00e9s da aplica\u00e7\u00e3o Pix4Dcapture - para drones Parrot e DJI.<\/p>\n<p><strong>PROCESSAMENTO<\/strong><\/p>\n<p>Combine um grande n\u00famero de imagens em minutos com Pix4Dreact. Crie mapas 2D mensur\u00e1veis no campo ou no escrit\u00f3rio.<\/p>\n<p>*<em>Os resultados e a velocidade variam de acordo com o tamanho e o n\u00famero de imagens.<\/em><\/p>\n<p><strong>EXAMINAR<\/strong><\/p>\n<p>Com as ferramentas simples do Pix4Dreact, identifique e fa\u00e7a medi\u00e7\u00f5es de pontos de interesse, marque e fa\u00e7a uma an\u00e1lise dos seus mapas directamente em campo afim de fornecer dados important\u00edssimos para tomadas as de decis\u00e3o r\u00e1pidas.<\/p>\n<p><strong>PARTILHA<\/strong><\/p>\n<p>Exporte osseus mapas para garantir que equipes e agentes de tomada de decis\u00e3o possam receber informa\u00e7\u00f5es essenciais quando estas s\u00e3o mais necess\u00e1rias.<\/p>\n<p><strong>RESPONDER<\/strong><\/p>\n<p>Com mapas atualizados ganhe um tempo precioso, melhore a seguran\u00e7a e reduza custos ao responder a uma situa\u00e7\u00e3o em evolu\u00e7\u00e3o.<\/p>","protected":false},"excerpt":{"rendered":"<div class=\"workflow-content-title\">\n<p><span style=\"text-decoration: underline;\">Pix4DReact Student Educational \u2013 Licen\u00e7a Mensal<\/span><\/p>\n<p>Mapeamento 2D para resposta r\u00e1pida de emerg\u00eancia e seguran\u00e7a p\u00fablica<\/p>\n<p><strong>O software de mapeamento para uma resposta r\u00e1pida de emerg\u00eancia<\/strong><br \/>\nObtenha uma vis\u00e3o e an\u00e1lise r\u00e1pidas e confi\u00e1veis para a tomada de decis\u00f5es acertivas em campo.<\/p>\n<\/div>\n<hr \/>","protected":false},"featured_media":1977,"comment_status":"open","ping_status":"closed","template":"","meta":[],"product_brand":[],"product_cat":[100,114,31],"product_tag":[115,117,898,102,116,904],"class_list":{"0":"post-19025","1":"product","2":"type-product","3":"status-publish","4":"has-post-thumbnail","6":"product_cat-pix4d","7":"product_cat-pix4dreact","8":"product_cat-software","9":"product_tag-2d-maps","10":"product_tag-images","11":"product_tag-monthly-license","12":"product_tag-pix4d","13":"product_tag-pix4dreact","14":"product_tag-pix4dreact-educational","16":"first","17":"onbackorder","18":"taxable","19":"shipping-taxable","20":"product-type-simple"},"yoast_head":"<!-- This site is optimized with the Yoast SEO plugin v27.1.1 - https:\/\/yoast.com\/product\/yoast-seo-wordpress\/ -->\n<title>Pix4DReact Student Educational - Monthly License -<\/title>\n<meta name=\"description\" content=\"2D fast-mapping for emergency response and public safety. The mapping software for emergency responseGet rapid and reliable situational awareness for quick decisions and collaboration in the field.\" \/>\n<meta name=\"robots\" content=\"index, follow, max-snippet:-1, max-image-preview:large, max-video-preview:-1\" \/>\n<link rel=\"canonical\" href=\"https:\/\/www.ghostysky.com\/pt\/produto-2\/pix4dreact-student-educational-monthly-license\/\" \/>\n<meta property=\"og:locale\" content=\"pt_PT\" \/>\n<meta property=\"og:type\" content=\"article\" \/>\n<meta property=\"og:title\" content=\"Pix4DReact Student Educational - Monthly License -\" \/>\n<meta property=\"og:description\" content=\"2D fast-mapping for emergency response and public safety. The mapping software for emergency responseGet rapid and reliable situational awareness for quick decisions and collaboration in the field.\" \/>\n<meta property=\"og:url\" content=\"https:\/\/www.ghostysky.com\/pt\/produto-2\/pix4dreact-student-educational-monthly-license\/\" \/>\n<meta property=\"og:site_name\" content=\"Ghostysky\" \/>\n<meta property=\"article:publisher\" content=\"https:\/\/www.facebook.com\/people\/Ghostysky\/100057676170234\/\" \/>\n<meta property=\"article:modified_time\" content=\"2026-01-24T09:59:09+00:00\" \/>\n<meta property=\"og:image\" content=\"https:\/\/www.ghostysky.com\/wp-content\/uploads\/2021\/02\/logo_pix4dreact_name_rgb_vertical.jpg\" \/>\n\t<meta property=\"og:image:width\" content=\"800\" \/>\n\t<meta property=\"og:image:height\" content=\"800\" \/>\n\t<meta property=\"og:image:type\" content=\"image\/jpeg\" \/>\n<meta name=\"twitter:card\" content=\"summary_large_image\" \/>\n<meta name=\"twitter:site\" content=\"@Gh0stysky\" \/>\n<meta name=\"twitter:label1\" content=\"Tempo estimado de leitura\" \/>\n\t<meta name=\"twitter:data1\" content=\"1 minuto\" \/>\n<script type=\"application\/ld+json\" class=\"yoast-schema-graph\">{\"@context\":\"https:\/\/schema.org\",\"@graph\":[{\"@type\":\"WebPage\",\"@id\":\"https:\/\/www.ghostysky.com\/product\/pix4dreact-student-educational-monthly-license\/\",\"url\":\"https:\/\/www.ghostysky.com\/product\/pix4dreact-student-educational-monthly-license\/\",\"name\":\"Pix4DReact Student Educational - Monthly License -\",\"isPartOf\":{\"@id\":\"https:\/\/www.ghostysky.com\/#website\"},\"primaryImageOfPage\":{\"@id\":\"https:\/\/www.ghostysky.com\/product\/pix4dreact-student-educational-monthly-license\/#primaryimage\"},\"image\":{\"@id\":\"https:\/\/www.ghostysky.com\/product\/pix4dreact-student-educational-monthly-license\/#primaryimage\"},\"thumbnailUrl\":\"https:\/\/www.ghostysky.com\/wp-content\/uploads\/2021\/02\/logo_pix4dreact_name_rgb_vertical.jpg\",\"datePublished\":\"2024-05-22T08:45:24+00:00\",\"dateModified\":\"2026-01-24T09:59:09+00:00\",\"description\":\"2D fast-mapping for emergency response and public safety. The mapping software for emergency responseGet rapid and reliable situational awareness for quick decisions and collaboration in the field.\",\"breadcrumb\":{\"@id\":\"https:\/\/www.ghostysky.com\/product\/pix4dreact-student-educational-monthly-license\/#breadcrumb\"},\"inLanguage\":\"pt-PT\",\"potentialAction\":[{\"@type\":\"ReadAction\",\"target\":[\"https:\/\/www.ghostysky.com\/product\/pix4dreact-student-educational-monthly-license\/\"]}]},{\"@type\":\"ImageObject\",\"inLanguage\":\"pt-PT\",\"@id\":\"https:\/\/www.ghostysky.com\/product\/pix4dreact-student-educational-monthly-license\/#primaryimage\",\"url\":\"https:\/\/www.ghostysky.com\/wp-content\/uploads\/2021\/02\/logo_pix4dreact_name_rgb_vertical.jpg\",\"contentUrl\":\"https:\/\/www.ghostysky.com\/wp-content\/uploads\/2021\/02\/logo_pix4dreact_name_rgb_vertical.jpg\",\"width\":800,\"height\":800},{\"@type\":\"BreadcrumbList\",\"@id\":\"https:\/\/www.ghostysky.com\/product\/pix4dreact-student-educational-monthly-license\/#breadcrumb\",\"itemListElement\":[{\"@type\":\"ListItem\",\"position\":1,\"name\":\"Home\",\"item\":\"https:\/\/www.ghostysky.com\/\"},{\"@type\":\"ListItem\",\"position\":2,\"name\":\"Shop\",\"item\":\"https:\/\/www.ghostysky.com\/shop\/\"},{\"@type\":\"ListItem\",\"position\":3,\"name\":\"Pix4DReact Student Educational &#8211; Monthly License\"}]},{\"@type\":\"WebSite\",\"@id\":\"https:\/\/www.ghostysky.com\/#website\",\"url\":\"https:\/\/www.ghostysky.com\/\",\"name\":\"Ghostysky\",\"description\":\"Delivering professional drones and services\",\"publisher\":{\"@id\":\"https:\/\/www.ghostysky.com\/#organization\"},\"potentialAction\":[{\"@type\":\"SearchAction\",\"target\":{\"@type\":\"EntryPoint\",\"urlTemplate\":\"https:\/\/www.ghostysky.com\/?s={search_term_string}\"},\"query-input\":{\"@type\":\"PropertyValueSpecification\",\"valueRequired\":true,\"valueName\":\"search_term_string\"}}],\"inLanguage\":\"pt-PT\"},{\"@type\":\"Organization\",\"@id\":\"https:\/\/www.ghostysky.com\/#organization\",\"name\":\"Ghostysky\",\"url\":\"https:\/\/www.ghostysky.com\/\",\"logo\":{\"@type\":\"ImageObject\",\"inLanguage\":\"pt-PT\",\"@id\":\"https:\/\/www.ghostysky.com\/#\/schema\/logo\/image\/\",\"url\":\"https:\/\/www.ghostysky.com\/wp-content\/uploads\/2020\/06\/cropped-ghostyskylogo_text_white2.png\",\"contentUrl\":\"https:\/\/www.ghostysky.com\/wp-content\/uploads\/2020\/06\/cropped-ghostyskylogo_text_white2.png\",\"width\":169,\"height\":56,\"caption\":\"Ghostysky\"},\"image\":{\"@id\":\"https:\/\/www.ghostysky.com\/#\/schema\/logo\/image\/\"},\"sameAs\":[\"https:\/\/www.facebook.com\/people\/Ghostysky\/100057676170234\/\",\"https:\/\/x.com\/Gh0stysky\",\"https:\/\/www.linkedin.com\/company\/34739653\",\"https:\/\/www.instagram.com\/gh0stysky\"]}]}<\/script>\n<!-- \/ Yoast SEO plugin. -->","yoast_head_json":{"title":"Pix4DReact Student Educational - Licen\u00e7a Mensal -","description":"Mapeamento r\u00e1pido 2D para resposta a emerg\u00eancias e seguran\u00e7a p\u00fablica. O software de mapeamento para resposta a emerg\u00eancias Obtenha conhecimento situacional r\u00e1pido e confi\u00e1vel para decis\u00f5es r\u00e1pidas e colabora\u00e7\u00e3o em campo.","robots":{"index":"index","follow":"follow","max-snippet":"max-snippet:-1","max-image-preview":"max-image-preview:large","max-video-preview":"max-video-preview:-1"},"canonical":"https:\/\/www.ghostysky.com\/pt\/produto-2\/pix4dreact-student-educational-monthly-license\/","og_locale":"pt_PT","og_type":"article","og_title":"Pix4DReact Student Educational - Monthly License -","og_description":"2D fast-mapping for emergency response and public safety. The mapping software for emergency responseGet rapid and reliable situational awareness for quick decisions and collaboration in the field.","og_url":"https:\/\/www.ghostysky.com\/pt\/produto-2\/pix4dreact-student-educational-monthly-license\/","og_site_name":"Ghostysky","article_publisher":"https:\/\/www.facebook.com\/people\/Ghostysky\/100057676170234\/","article_modified_time":"2026-01-24T09:59:09+00:00","og_image":[{"width":800,"height":800,"url":"https:\/\/www.ghostysky.com\/wp-content\/uploads\/2021\/02\/logo_pix4dreact_name_rgb_vertical.jpg","type":"image\/jpeg"}],"twitter_card":"summary_large_image","twitter_site":"@Gh0stysky","twitter_misc":{"Tempo estimado de leitura":"1 minuto"},"schema":{"@context":"https:\/\/schema.org","@graph":[{"@type":"WebPage","@id":"https:\/\/www.ghostysky.com\/product\/pix4dreact-student-educational-monthly-license\/","url":"https:\/\/www.ghostysky.com\/product\/pix4dreact-student-educational-monthly-license\/","name":"Pix4DReact Student Educational - Licen\u00e7a Mensal -","isPartOf":{"@id":"https:\/\/www.ghostysky.com\/#website"},"primaryImageOfPage":{"@id":"https:\/\/www.ghostysky.com\/product\/pix4dreact-student-educational-monthly-license\/#primaryimage"},"image":{"@id":"https:\/\/www.ghostysky.com\/product\/pix4dreact-student-educational-monthly-license\/#primaryimage"},"thumbnailUrl":"https:\/\/www.ghostysky.com\/wp-content\/uploads\/2021\/02\/logo_pix4dreact_name_rgb_vertical.jpg","datePublished":"2024-05-22T08:45:24+00:00","dateModified":"2026-01-24T09:59:09+00:00","description":"Mapeamento r\u00e1pido 2D para resposta a emerg\u00eancias e seguran\u00e7a p\u00fablica. O software de mapeamento para resposta a emerg\u00eancias Obtenha conhecimento situacional r\u00e1pido e confi\u00e1vel para decis\u00f5es r\u00e1pidas e colabora\u00e7\u00e3o em campo.","breadcrumb":{"@id":"https:\/\/www.ghostysky.com\/product\/pix4dreact-student-educational-monthly-license\/#breadcrumb"},"inLanguage":"pt-PT","potentialAction":[{"@type":"ReadAction","target":["https:\/\/www.ghostysky.com\/product\/pix4dreact-student-educational-monthly-license\/"]}]},{"@type":"ImageObject","inLanguage":"pt-PT","@id":"https:\/\/www.ghostysky.com\/product\/pix4dreact-student-educational-monthly-license\/#primaryimage","url":"https:\/\/www.ghostysky.com\/wp-content\/uploads\/2021\/02\/logo_pix4dreact_name_rgb_vertical.jpg","contentUrl":"https:\/\/www.ghostysky.com\/wp-content\/uploads\/2021\/02\/logo_pix4dreact_name_rgb_vertical.jpg","width":800,"height":800},{"@type":"BreadcrumbList","@id":"https:\/\/www.ghostysky.com\/product\/pix4dreact-student-educational-monthly-license\/#breadcrumb","itemListElement":[{"@type":"ListItem","position":1,"name":"Home","item":"https:\/\/www.ghostysky.com\/"},{"@type":"ListItem","position":2,"name":"Shop","item":"https:\/\/www.ghostysky.com\/shop\/"},{"@type":"ListItem","position":3,"name":"Pix4DReact Student Educational &#8211; Monthly License"}]},{"@type":"WebSite","@id":"https:\/\/www.ghostysky.com\/#website","url":"https:\/\/www.ghostysky.com\/","name":"Ghostysky","description":"Fornecendo drones e servi\u00e7os profissionais","publisher":{"@id":"https:\/\/www.ghostysky.com\/#organization"},"potentialAction":[{"@type":"SearchAction","target":{"@type":"EntryPoint","urlTemplate":"https:\/\/www.ghostysky.com\/?s={search_term_string}"},"query-input":{"@type":"PropertyValueSpecification","valueRequired":true,"valueName":"search_term_string"}}],"inLanguage":"pt-PT"},{"@type":"Organization","@id":"https:\/\/www.ghostysky.com\/#organization","name":"Ghostysky","url":"https:\/\/www.ghostysky.com\/","logo":{"@type":"ImageObject","inLanguage":"pt-PT","@id":"https:\/\/www.ghostysky.com\/#\/schema\/logo\/image\/","url":"https:\/\/www.ghostysky.com\/wp-content\/uploads\/2020\/06\/cropped-ghostyskylogo_text_white2.png","contentUrl":"https:\/\/www.ghostysky.com\/wp-content\/uploads\/2020\/06\/cropped-ghostyskylogo_text_white2.png","width":169,"height":56,"caption":"Ghostysky"},"image":{"@id":"https:\/\/www.ghostysky.com\/#\/schema\/logo\/image\/"},"sameAs":["https:\/\/www.facebook.com\/people\/Ghostysky\/100057676170234\/","https:\/\/x.com\/Gh0stysky","https:\/\/www.linkedin.com\/company\/34739653","https:\/\/www.instagram.com\/gh0stysky"]}]}},"_links":{"self":[{"href":"https:\/\/www.ghostysky.com\/pt\/wp-json\/wp\/v2\/product\/19025","targetHints":{"allow":["GET"]}}],"collection":[{"href":"https:\/\/www.ghostysky.com\/pt\/wp-json\/wp\/v2\/product"}],"about":[{"href":"https:\/\/www.ghostysky.com\/pt\/wp-json\/wp\/v2\/types\/product"}],"replies":[{"embeddable":true,"href":"https:\/\/www.ghostysky.com\/pt\/wp-json\/wp\/v2\/comments?post=19025"}],"wp:featuredmedia":[{"embeddable":true,"href":"https:\/\/www.ghostysky.com\/pt\/wp-json\/wp\/v2\/media\/1977"}],"wp:attachment":[{"href":"https:\/\/www.ghostysky.com\/pt\/wp-json\/wp\/v2\/media?parent=19025"}],"wp:term":[{"taxonomy":"product_brand","embeddable":true,"href":"https:\/\/www.ghostysky.com\/pt\/wp-json\/wp\/v2\/product_brand?post=19025"},{"taxonomy":"product_cat","embeddable":true,"href":"https:\/\/www.ghostysky.com\/pt\/wp-json\/wp\/v2\/product_cat?post=19025"},{"taxonomy":"product_tag","embeddable":true,"href":"https:\/\/www.ghostysky.com\/pt\/wp-json\/wp\/v2\/product_tag?post=19025"}],"curies":[{"name":"wp","href":"https:\/\/api.w.org\/{rel}","templated":true}]}}