{"id":19048,"date":"2024-05-22T10:05:47","date_gmt":"2024-05-22T10:05:47","guid":{"rendered":"https:\/\/www.ghostysky.com\/?post_type=product&#038;p=19048"},"modified":"2026-01-24T10:03:09","modified_gmt":"2026-01-24T10:03:09","slug":"pix4dfields-monthly-license","status":"publish","type":"product","link":"https:\/\/www.ghostysky.com\/pt\/product\/pix4dfields-monthly-license\/","title":{"rendered":"Pix4Dfields \u2013 Licen\u00e7a Mensal"},"content":{"rendered":"<p><strong>CAPTURAR<\/strong><br \/>\nColete imagens utilizando um drone, c\u00e2mera com sensores RGB padr\u00e3o ou c\u00e2meras multiespectrais tais como a Parrot Sequoia + ou  MicaSense RedEdge.<\/p>\n<p>Utilize a nossa aplica\u00e7\u00e3o Pix4Dcapture para planear e controlar facilmente o voo do drone para um mapeamento ideal.<\/p>\n<p><strong>PROCESSAMENTO<\/strong><br \/>\nEfectue o processamento das imagens atrav\u00e9s do mecanismo de processamento instant\u00e2neo e obtenha os seus mapas diretamente no campo: 6,8 GB, 2948 imagens, 10 min (com o novo m\u00f3dulo de radiometria).<\/p>\n<p><strong>EXPLORAR<\/strong><br \/>\nCrie ortomosaicos precisos, modelos digitais de superf\u00edcie, mapas de \u00edndice, zonas e mapas de prescri\u00e7\u00e3o precisos.<\/p>\n<p>Crie limites desejados nas \u00e1reas das culturas para poder criar an\u00e1lises mais precisas e objectivas.<\/p>\n<p><strong>ANALISAR<\/strong><br \/>\nVisualize e entenda os est\u00e1gios de crescimento da sua cultura e n\u00edveis de estresse.<\/p>\n<p>Analise e compare diferentes camadas de informa\u00e7\u00f5es obtendo uma vis\u00e3o completa do desempenho de sua produ\u00e7\u00e3o. Utilize estas informa\u00e7\u00f5es preciosas afim de aumentar a produ\u00e7\u00e3o e reduzir custos.<\/p>\n<p><strong>PARTILHA<\/strong><br \/>\nPartilhe os seus mapas com todas as partes interessadas do projeto para uma colabora\u00e7\u00e3o mais r\u00e1pida, din\u00e2mica e rica em informa\u00e7\u00f5es, utilizando para isso a ferramenta de relat\u00f3rio PDF do Pix4Dfields.<\/p>\n<p><strong>INTEGRAR<\/strong><br \/>\nEfectue o download de todos os dados, resultados e informa\u00e7\u00f5es geradas,  importe-os para o software de gest\u00e3o agr\u00edcola da sua escolha atrav\u00e9s dos mais diversos formatos dispon\u00edveis.<\/p>","protected":false},"excerpt":{"rendered":"<p><span style=\"text-decoration: underline;\">Pix4Dfields \u2013 Licen\u00e7a Mensal<\/span><\/p>\n<p>Software de mapeamento para as \u00e1reas de an\u00e1lise multiespectral, ideal para an\u00e1lises de precis\u00e3o de culturas e investiga\u00e7\u00e3o ambiental.<\/p>\n<p><strong>Mapeamento na agricultura de precis\u00e3o utilizando imagens de drones<\/strong><br \/>\nO \u00fanico software espec\u00edfico para a agricultura digital, desenvolvido com o foco na redu\u00e7\u00e3o do tempo de processamento incorporando os mais altos padr\u00f5es de precis\u00e3o fundamentados em anos de pesquisa cient\u00edfica.<\/p>\n<p><strong>Utilize o Pix4Dfields para criar mapas de prescri\u00e7\u00e3o maximizando desta forma o rendimento das colheitas<\/strong><br \/>\nCrie mapas de campo precisos, produza tend\u00eancias e analise dados de campo em tempo real afim de aumentar a produtividade da colheita<\/p>\n<hr \/>","protected":false},"featured_media":1964,"comment_status":"open","ping_status":"closed","template":"","meta":[],"product_brand":[],"product_cat":[100,111,31],"product_tag":[110,104,898,106,105,102,109,71],"class_list":{"0":"post-19048","1":"product","2":"type-product","3":"status-publish","4":"has-post-thumbnail","6":"product_cat-pix4d","7":"product_cat-pix4dfields","8":"product_cat-software","9":"product_tag-agricultura","10":"product_tag-dsm","11":"product_tag-monthly-license","12":"product_tag-nuvem-de-pontos","13":"product_tag-ortomosaicos","14":"product_tag-pix4d","15":"product_tag-pix4dfields","16":"product_tag-software","18":"first","19":"onbackorder","20":"taxable","21":"shipping-taxable","22":"product-type-simple"},"yoast_head":"<!-- This site is optimized with the Yoast SEO plugin v27.1.1 - https:\/\/yoast.com\/product\/yoast-seo-wordpress\/ -->\n<title>Pix4Dfields - Monthly License -<\/title>\n<meta name=\"description\" content=\"Advanced agriculture mapping software for aerial crop analysis and digital farming.Precision agriculture mapping using images from drones and UAVsThe only digital agriculture software focusing on reducing the processing time while incorporating the highest accuracy standards backed up with years of scientific research.Use Pix4Dfields to create prescription maps and maximize crop yieldsCreate accurate field maps, generate insights and analyze field data in real time to increase crop productivity\" \/>\n<meta name=\"robots\" content=\"index, follow, max-snippet:-1, max-image-preview:large, max-video-preview:-1\" \/>\n<link rel=\"canonical\" href=\"https:\/\/www.ghostysky.com\/pt\/produto-2\/pix4dfields-monthly-license\/\" \/>\n<meta property=\"og:locale\" content=\"pt_PT\" \/>\n<meta property=\"og:type\" content=\"article\" \/>\n<meta property=\"og:title\" content=\"Pix4Dfields - Monthly License -\" \/>\n<meta property=\"og:description\" content=\"Advanced agriculture mapping software for aerial crop analysis and digital farming.Precision agriculture mapping using images from drones and UAVsThe only digital agriculture software focusing on reducing the processing time while incorporating the highest accuracy standards backed up with years of scientific research.Use Pix4Dfields to create prescription maps and maximize crop yieldsCreate accurate field maps, generate insights and analyze field data in real time to increase crop productivity\" \/>\n<meta property=\"og:url\" content=\"https:\/\/www.ghostysky.com\/pt\/produto-2\/pix4dfields-monthly-license\/\" \/>\n<meta property=\"og:site_name\" content=\"Ghostysky\" \/>\n<meta property=\"article:publisher\" content=\"https:\/\/www.facebook.com\/people\/Ghostysky\/100057676170234\/\" \/>\n<meta property=\"article:modified_time\" content=\"2026-01-24T10:03:09+00:00\" \/>\n<meta property=\"og:image\" content=\"https:\/\/www.ghostysky.com\/wp-content\/uploads\/2021\/02\/2.jpg\" \/>\n\t<meta property=\"og:image:width\" content=\"400\" \/>\n\t<meta property=\"og:image:height\" content=\"400\" \/>\n\t<meta property=\"og:image:type\" content=\"image\/jpeg\" \/>\n<meta name=\"twitter:card\" content=\"summary_large_image\" \/>\n<meta name=\"twitter:site\" content=\"@Gh0stysky\" \/>\n<meta name=\"twitter:label1\" content=\"Tempo estimado de leitura\" \/>\n\t<meta name=\"twitter:data1\" content=\"1 minuto\" \/>\n<script type=\"application\/ld+json\" class=\"yoast-schema-graph\">{\"@context\":\"https:\/\/schema.org\",\"@graph\":[{\"@type\":\"WebPage\",\"@id\":\"https:\/\/www.ghostysky.com\/product\/pix4dfields-monthly-license\/\",\"url\":\"https:\/\/www.ghostysky.com\/product\/pix4dfields-monthly-license\/\",\"name\":\"Pix4Dfields - Monthly License -\",\"isPartOf\":{\"@id\":\"https:\/\/www.ghostysky.com\/#website\"},\"primaryImageOfPage\":{\"@id\":\"https:\/\/www.ghostysky.com\/product\/pix4dfields-monthly-license\/#primaryimage\"},\"image\":{\"@id\":\"https:\/\/www.ghostysky.com\/product\/pix4dfields-monthly-license\/#primaryimage\"},\"thumbnailUrl\":\"https:\/\/www.ghostysky.com\/wp-content\/uploads\/2021\/02\/2.jpg\",\"datePublished\":\"2024-05-22T10:05:47+00:00\",\"dateModified\":\"2026-01-24T10:03:09+00:00\",\"description\":\"Advanced agriculture mapping software for aerial crop analysis and digital farming.Precision agriculture mapping using images from drones and UAVsThe only digital agriculture software focusing on reducing the processing time while incorporating the highest accuracy standards backed up with years of scientific research.Use Pix4Dfields to create prescription maps and maximize crop yieldsCreate accurate field maps, generate insights and analyze field data in real time to increase crop productivity\",\"breadcrumb\":{\"@id\":\"https:\/\/www.ghostysky.com\/product\/pix4dfields-monthly-license\/#breadcrumb\"},\"inLanguage\":\"pt-PT\",\"potentialAction\":[{\"@type\":\"ReadAction\",\"target\":[\"https:\/\/www.ghostysky.com\/product\/pix4dfields-monthly-license\/\"]}]},{\"@type\":\"ImageObject\",\"inLanguage\":\"pt-PT\",\"@id\":\"https:\/\/www.ghostysky.com\/product\/pix4dfields-monthly-license\/#primaryimage\",\"url\":\"https:\/\/www.ghostysky.com\/wp-content\/uploads\/2021\/02\/2.jpg\",\"contentUrl\":\"https:\/\/www.ghostysky.com\/wp-content\/uploads\/2021\/02\/2.jpg\",\"width\":400,\"height\":400},{\"@type\":\"BreadcrumbList\",\"@id\":\"https:\/\/www.ghostysky.com\/product\/pix4dfields-monthly-license\/#breadcrumb\",\"itemListElement\":[{\"@type\":\"ListItem\",\"position\":1,\"name\":\"Home\",\"item\":\"https:\/\/www.ghostysky.com\/\"},{\"@type\":\"ListItem\",\"position\":2,\"name\":\"Shop\",\"item\":\"https:\/\/www.ghostysky.com\/shop\/\"},{\"@type\":\"ListItem\",\"position\":3,\"name\":\"Pix4Dfields &#8211; Monthly License\"}]},{\"@type\":\"WebSite\",\"@id\":\"https:\/\/www.ghostysky.com\/#website\",\"url\":\"https:\/\/www.ghostysky.com\/\",\"name\":\"Ghostysky\",\"description\":\"Delivering professional drones and services\",\"publisher\":{\"@id\":\"https:\/\/www.ghostysky.com\/#organization\"},\"potentialAction\":[{\"@type\":\"SearchAction\",\"target\":{\"@type\":\"EntryPoint\",\"urlTemplate\":\"https:\/\/www.ghostysky.com\/?s={search_term_string}\"},\"query-input\":{\"@type\":\"PropertyValueSpecification\",\"valueRequired\":true,\"valueName\":\"search_term_string\"}}],\"inLanguage\":\"pt-PT\"},{\"@type\":\"Organization\",\"@id\":\"https:\/\/www.ghostysky.com\/#organization\",\"name\":\"Ghostysky\",\"url\":\"https:\/\/www.ghostysky.com\/\",\"logo\":{\"@type\":\"ImageObject\",\"inLanguage\":\"pt-PT\",\"@id\":\"https:\/\/www.ghostysky.com\/#\/schema\/logo\/image\/\",\"url\":\"https:\/\/www.ghostysky.com\/wp-content\/uploads\/2020\/06\/cropped-ghostyskylogo_text_white2.png\",\"contentUrl\":\"https:\/\/www.ghostysky.com\/wp-content\/uploads\/2020\/06\/cropped-ghostyskylogo_text_white2.png\",\"width\":169,\"height\":56,\"caption\":\"Ghostysky\"},\"image\":{\"@id\":\"https:\/\/www.ghostysky.com\/#\/schema\/logo\/image\/\"},\"sameAs\":[\"https:\/\/www.facebook.com\/people\/Ghostysky\/100057676170234\/\",\"https:\/\/x.com\/Gh0stysky\",\"https:\/\/www.linkedin.com\/company\/34739653\",\"https:\/\/www.instagram.com\/gh0stysky\"]}]}<\/script>\n<!-- \/ Yoast SEO plugin. -->","yoast_head_json":{"title":"Pix4Dfields - Licen\u00e7a Mensal -","description":"Software avan\u00e7ado de mapeamento agr\u00edcola para an\u00e1lise a\u00e9rea de colheitas e agricultura digital.Mapeamento agr\u00edcola de precis\u00e3o usando imagens de drones e UAVsO \u00fanico software agr\u00edcola digital focado na redu\u00e7\u00e3o do tempo de processamento, incorporando os mais altos padr\u00f5es de precis\u00e3o respaldados por anos de pesquisa cient\u00edfica.Use Pix4Dfields para criar prescri\u00e7\u00e3o mapeie e maximize o rendimento das colheitasCrie mapas de campo precisos, gere insights e analise dados de campo em tempo real para aumentar a produtividade das colheitas","robots":{"index":"index","follow":"follow","max-snippet":"max-snippet:-1","max-image-preview":"max-image-preview:large","max-video-preview":"max-video-preview:-1"},"canonical":"https:\/\/www.ghostysky.com\/pt\/produto-2\/pix4dfields-monthly-license\/","og_locale":"pt_PT","og_type":"article","og_title":"Pix4Dfields - Monthly License -","og_description":"Advanced agriculture mapping software for aerial crop analysis and digital farming.Precision agriculture mapping using images from drones and UAVsThe only digital agriculture software focusing on reducing the processing time while incorporating the highest accuracy standards backed up with years of scientific research.Use Pix4Dfields to create prescription maps and maximize crop yieldsCreate accurate field maps, generate insights and analyze field data in real time to increase crop productivity","og_url":"https:\/\/www.ghostysky.com\/pt\/produto-2\/pix4dfields-monthly-license\/","og_site_name":"Ghostysky","article_publisher":"https:\/\/www.facebook.com\/people\/Ghostysky\/100057676170234\/","article_modified_time":"2026-01-24T10:03:09+00:00","og_image":[{"width":400,"height":400,"url":"https:\/\/www.ghostysky.com\/wp-content\/uploads\/2021\/02\/2.jpg","type":"image\/jpeg"}],"twitter_card":"summary_large_image","twitter_site":"@Gh0stysky","twitter_misc":{"Tempo estimado de leitura":"1 minuto"},"schema":{"@context":"https:\/\/schema.org","@graph":[{"@type":"WebPage","@id":"https:\/\/www.ghostysky.com\/product\/pix4dfields-monthly-license\/","url":"https:\/\/www.ghostysky.com\/product\/pix4dfields-monthly-license\/","name":"Pix4Dfields - Licen\u00e7a Mensal -","isPartOf":{"@id":"https:\/\/www.ghostysky.com\/#website"},"primaryImageOfPage":{"@id":"https:\/\/www.ghostysky.com\/product\/pix4dfields-monthly-license\/#primaryimage"},"image":{"@id":"https:\/\/www.ghostysky.com\/product\/pix4dfields-monthly-license\/#primaryimage"},"thumbnailUrl":"https:\/\/www.ghostysky.com\/wp-content\/uploads\/2021\/02\/2.jpg","datePublished":"2024-05-22T10:05:47+00:00","dateModified":"2026-01-24T10:03:09+00:00","description":"Software avan\u00e7ado de mapeamento agr\u00edcola para an\u00e1lise a\u00e9rea de colheitas e agricultura digital.Mapeamento agr\u00edcola de precis\u00e3o usando imagens de drones e UAVsO \u00fanico software agr\u00edcola digital focado na redu\u00e7\u00e3o do tempo de processamento, incorporando os mais altos padr\u00f5es de precis\u00e3o respaldados por anos de pesquisa cient\u00edfica.Use Pix4Dfields para criar prescri\u00e7\u00e3o mapeie e maximize o rendimento das colheitasCrie mapas de campo precisos, gere insights e analise dados de campo em tempo real para aumentar a produtividade das colheitas","breadcrumb":{"@id":"https:\/\/www.ghostysky.com\/product\/pix4dfields-monthly-license\/#breadcrumb"},"inLanguage":"pt-PT","potentialAction":[{"@type":"ReadAction","target":["https:\/\/www.ghostysky.com\/product\/pix4dfields-monthly-license\/"]}]},{"@type":"ImageObject","inLanguage":"pt-PT","@id":"https:\/\/www.ghostysky.com\/product\/pix4dfields-monthly-license\/#primaryimage","url":"https:\/\/www.ghostysky.com\/wp-content\/uploads\/2021\/02\/2.jpg","contentUrl":"https:\/\/www.ghostysky.com\/wp-content\/uploads\/2021\/02\/2.jpg","width":400,"height":400},{"@type":"BreadcrumbList","@id":"https:\/\/www.ghostysky.com\/product\/pix4dfields-monthly-license\/#breadcrumb","itemListElement":[{"@type":"ListItem","position":1,"name":"Home","item":"https:\/\/www.ghostysky.com\/"},{"@type":"ListItem","position":2,"name":"Shop","item":"https:\/\/www.ghostysky.com\/shop\/"},{"@type":"ListItem","position":3,"name":"Pix4Dfields &#8211; Monthly License"}]},{"@type":"WebSite","@id":"https:\/\/www.ghostysky.com\/#website","url":"https:\/\/www.ghostysky.com\/","name":"Ghostysky","description":"Fornecendo drones e servi\u00e7os profissionais","publisher":{"@id":"https:\/\/www.ghostysky.com\/#organization"},"potentialAction":[{"@type":"SearchAction","target":{"@type":"EntryPoint","urlTemplate":"https:\/\/www.ghostysky.com\/?s={search_term_string}"},"query-input":{"@type":"PropertyValueSpecification","valueRequired":true,"valueName":"search_term_string"}}],"inLanguage":"pt-PT"},{"@type":"Organization","@id":"https:\/\/www.ghostysky.com\/#organization","name":"Ghostysky","url":"https:\/\/www.ghostysky.com\/","logo":{"@type":"ImageObject","inLanguage":"pt-PT","@id":"https:\/\/www.ghostysky.com\/#\/schema\/logo\/image\/","url":"https:\/\/www.ghostysky.com\/wp-content\/uploads\/2020\/06\/cropped-ghostyskylogo_text_white2.png","contentUrl":"https:\/\/www.ghostysky.com\/wp-content\/uploads\/2020\/06\/cropped-ghostyskylogo_text_white2.png","width":169,"height":56,"caption":"Ghostysky"},"image":{"@id":"https:\/\/www.ghostysky.com\/#\/schema\/logo\/image\/"},"sameAs":["https:\/\/www.facebook.com\/people\/Ghostysky\/100057676170234\/","https:\/\/x.com\/Gh0stysky","https:\/\/www.linkedin.com\/company\/34739653","https:\/\/www.instagram.com\/gh0stysky"]}]}},"_links":{"self":[{"href":"https:\/\/www.ghostysky.com\/pt\/wp-json\/wp\/v2\/product\/19048","targetHints":{"allow":["GET"]}}],"collection":[{"href":"https:\/\/www.ghostysky.com\/pt\/wp-json\/wp\/v2\/product"}],"about":[{"href":"https:\/\/www.ghostysky.com\/pt\/wp-json\/wp\/v2\/types\/product"}],"replies":[{"embeddable":true,"href":"https:\/\/www.ghostysky.com\/pt\/wp-json\/wp\/v2\/comments?post=19048"}],"wp:featuredmedia":[{"embeddable":true,"href":"https:\/\/www.ghostysky.com\/pt\/wp-json\/wp\/v2\/media\/1964"}],"wp:attachment":[{"href":"https:\/\/www.ghostysky.com\/pt\/wp-json\/wp\/v2\/media?parent=19048"}],"wp:term":[{"taxonomy":"product_brand","embeddable":true,"href":"https:\/\/www.ghostysky.com\/pt\/wp-json\/wp\/v2\/product_brand?post=19048"},{"taxonomy":"product_cat","embeddable":true,"href":"https:\/\/www.ghostysky.com\/pt\/wp-json\/wp\/v2\/product_cat?post=19048"},{"taxonomy":"product_tag","embeddable":true,"href":"https:\/\/www.ghostysky.com\/pt\/wp-json\/wp\/v2\/product_tag?post=19048"}],"curies":[{"name":"wp","href":"https:\/\/api.w.org\/{rel}","templated":true}]}}