{"id":19078,"date":"2024-05-22T10:44:25","date_gmt":"2024-05-22T10:44:25","guid":{"rendered":"https:\/\/www.ghostysky.com\/?post_type=product&#038;p=19078"},"modified":"2026-01-24T10:05:23","modified_gmt":"2026-01-24T10:05:23","slug":"pix4dcloud-standard-monthly-subscription","status":"publish","type":"product","link":"https:\/\/www.ghostysky.com\/pt\/product\/pix4dcloud-standard-monthly-subscription\/","title":{"rendered":"Padr\u00e3o PIX4DCloud \u2013 Assinatura Mensal"},"content":{"rendered":"<div class=\"row\">\n<ul>\n<li class=\"column right\">Inclui 20 cr\u00e9ditos por m\u00eas ou <b>500 cr\u00e9ditos anualmente<\/b><\/li>\n<\/ul>\n<\/div>\n<div class=\"row\">\n<ul>\n<li class=\"column right\">Compartilhamento ilimitado de projetos<\/li>\n<\/ul>\n<\/div>\n<div class=\"row\">\n<ul>\n<li class=\"column right\">Medi\u00e7\u00f5es e anota\u00e7\u00f5es<\/li>\n<\/ul>\n<\/div>\n<div class=\"row\">\n<ul>\n<li class=\"column right\">Acesso ao PIX4Dcatch e PIX4Dcapture Pro<\/li>\n<\/ul>\n<\/div>\n<h4>Caracter\u00edsticas principais<\/h4>\n<ul data-sourcepos=\"5:1-5:113\">\n<li data-sourcepos=\"5:1-5:113\"><strong>Processamento baseado em nuvem:<\/strong> Aproveita o poder da computa\u00e7\u00e3o em nuvem em vez de exigir que voc\u00ea use seu pr\u00f3prio computador.<\/li>\n<li data-sourcepos=\"6:1-6:84\"><strong>F\u00e1cil de usar:<\/strong> Projetado para ser f\u00e1cil de usar e n\u00e3o exigir treinamento extensivo.<\/li>\n<li data-sourcepos=\"7:1-7:56\"><strong>Captura de dados:<\/strong> Funciona com imagens capturadas por drones, c\u00e2meras port\u00e1teis ou sua pr\u00f3pria c\u00e2mera Pix4D Crane.<\/li>\n<li data-sourcepos=\"8:1-8:128\"><strong>Processamento de dados:<\/strong> Processa imagens automaticamente usando fotogrametria para criar resultados como modelos 3D e mapas de eleva\u00e7\u00e3o.<\/li>\n<li data-sourcepos=\"9:1-9:97\"><strong>An\u00e1lise de dados:<\/strong> Fornece ferramentas para visualizar, medir e acompanhar o progresso de um projeto ao longo do tempo.<\/li>\n<li data-sourcepos=\"10:1-10:98\"><strong>Compartilhamento de dados:<\/strong> Permite que voc\u00ea compartilhe os resultados do seu projeto com outras pessoas usando um simples link da web.<\/li>\n<li data-sourcepos=\"11:1-11:59\"><strong>Integra\u00e7\u00e3o de dados:<\/strong> Permite baixar e exportar seus dados para uso com outros programas de software.<\/li>\n<\/ul>\n<p data-sourcepos=\"13:1-13:149\">No geral, Pix4Dcloud \u00e9 uma solu\u00e7\u00e3o abrangente para quem deseja usar drones ou imagens terrestres para criar mapas, modelos 3D e outros produtos.<\/p>","protected":false},"excerpt":{"rendered":"<p>Pix4Dcloud \u00e9 uma plataforma baseada na web que utiliza processamento em nuvem para transformar imagens terrestres e de drones em produtos 2D e 3D. Em termos mais simples, ele tira fotos capturadas por drones ou at\u00e9 mesmo por c\u00e2meras port\u00e1teis e as transforma em produtos \u00fateis como mapas, modelos 3D e medi\u00e7\u00f5es.<\/p>","protected":false},"featured_media":19080,"comment_status":"open","ping_status":"closed","template":"","meta":[],"product_brand":[],"product_cat":[100,906,31],"product_tag":[908,102,907,910],"class_list":{"0":"post-19078","1":"product","2":"type-product","3":"status-publish","4":"has-post-thumbnail","6":"product_cat-pix4d","7":"product_cat-pix4dcloud","8":"product_cat-software","9":"product_tag-monthly-subscription","10":"product_tag-pix4d","11":"product_tag-pix4dcloud","12":"product_tag-standard-subscription","14":"first","15":"onbackorder","16":"taxable","17":"shipping-taxable","18":"product-type-simple"},"yoast_head":"<!-- This site is optimized with the Yoast SEO plugin v27.1.1 - https:\/\/yoast.com\/product\/yoast-seo-wordpress\/ -->\n<title>PIX4DCloud Standard - Monthly Subscription - Ghostysky<\/title>\n<meta name=\"description\" content=\"Pix4Dcloud is a web-based platform that utilizes cloud processing to turn drone and ground images into 2D and 3D deliverables. In simpler terms, it takes pictures captured by drones or even handheld cameras and turns them into useful products like maps, 3D models, and measurements.\" \/>\n<meta name=\"robots\" content=\"index, follow, max-snippet:-1, max-image-preview:large, max-video-preview:-1\" \/>\n<link rel=\"canonical\" href=\"https:\/\/www.ghostysky.com\/pt\/produto-2\/pix4dcloud-standard-monthly-subscription\/\" \/>\n<meta property=\"og:locale\" content=\"pt_PT\" \/>\n<meta property=\"og:type\" content=\"article\" \/>\n<meta property=\"og:title\" content=\"PIX4DCloud Standard - Monthly Subscription - Ghostysky\" \/>\n<meta property=\"og:description\" content=\"Pix4Dcloud is a web-based platform that utilizes cloud processing to turn drone and ground images into 2D and 3D deliverables. In simpler terms, it takes pictures captured by drones or even handheld cameras and turns them into useful products like maps, 3D models, and measurements.\" \/>\n<meta property=\"og:url\" content=\"https:\/\/www.ghostysky.com\/pt\/produto-2\/pix4dcloud-standard-monthly-subscription\/\" \/>\n<meta property=\"og:site_name\" content=\"Ghostysky\" \/>\n<meta property=\"article:publisher\" content=\"https:\/\/www.facebook.com\/people\/Ghostysky\/100057676170234\/\" \/>\n<meta property=\"article:modified_time\" content=\"2026-01-24T10:05:23+00:00\" \/>\n<meta property=\"og:image\" content=\"https:\/\/www.ghostysky.com\/wp-content\/uploads\/2024\/05\/GH_Pix4dCloud.jpg\" \/>\n\t<meta property=\"og:image:width\" content=\"400\" \/>\n\t<meta property=\"og:image:height\" content=\"314\" \/>\n\t<meta property=\"og:image:type\" content=\"image\/jpeg\" \/>\n<meta name=\"twitter:card\" content=\"summary_large_image\" \/>\n<meta name=\"twitter:site\" content=\"@Gh0stysky\" \/>\n<meta name=\"twitter:label1\" content=\"Tempo estimado de leitura\" \/>\n\t<meta name=\"twitter:data1\" content=\"1 minuto\" \/>\n<script type=\"application\/ld+json\" class=\"yoast-schema-graph\">{\"@context\":\"https:\/\/schema.org\",\"@graph\":[{\"@type\":\"WebPage\",\"@id\":\"https:\/\/www.ghostysky.com\/product\/pix4dcloud-standard-monthly-subscription\/\",\"url\":\"https:\/\/www.ghostysky.com\/product\/pix4dcloud-standard-monthly-subscription\/\",\"name\":\"PIX4DCloud Standard - Monthly Subscription - Ghostysky\",\"isPartOf\":{\"@id\":\"https:\/\/www.ghostysky.com\/#website\"},\"primaryImageOfPage\":{\"@id\":\"https:\/\/www.ghostysky.com\/product\/pix4dcloud-standard-monthly-subscription\/#primaryimage\"},\"image\":{\"@id\":\"https:\/\/www.ghostysky.com\/product\/pix4dcloud-standard-monthly-subscription\/#primaryimage\"},\"thumbnailUrl\":\"https:\/\/www.ghostysky.com\/wp-content\/uploads\/2024\/05\/GH_Pix4dCloud.jpg\",\"datePublished\":\"2024-05-22T10:44:25+00:00\",\"dateModified\":\"2026-01-24T10:05:23+00:00\",\"description\":\"Pix4Dcloud is a web-based platform that utilizes cloud processing to turn drone and ground images into 2D and 3D deliverables. In simpler terms, it takes pictures captured by drones or even handheld cameras and turns them into useful products like maps, 3D models, and measurements.\",\"breadcrumb\":{\"@id\":\"https:\/\/www.ghostysky.com\/product\/pix4dcloud-standard-monthly-subscription\/#breadcrumb\"},\"inLanguage\":\"pt-PT\",\"potentialAction\":[{\"@type\":\"ReadAction\",\"target\":[\"https:\/\/www.ghostysky.com\/product\/pix4dcloud-standard-monthly-subscription\/\"]}]},{\"@type\":\"ImageObject\",\"inLanguage\":\"pt-PT\",\"@id\":\"https:\/\/www.ghostysky.com\/product\/pix4dcloud-standard-monthly-subscription\/#primaryimage\",\"url\":\"https:\/\/www.ghostysky.com\/wp-content\/uploads\/2024\/05\/GH_Pix4dCloud.jpg\",\"contentUrl\":\"https:\/\/www.ghostysky.com\/wp-content\/uploads\/2024\/05\/GH_Pix4dCloud.jpg\",\"width\":400,\"height\":314},{\"@type\":\"BreadcrumbList\",\"@id\":\"https:\/\/www.ghostysky.com\/product\/pix4dcloud-standard-monthly-subscription\/#breadcrumb\",\"itemListElement\":[{\"@type\":\"ListItem\",\"position\":1,\"name\":\"Home\",\"item\":\"https:\/\/www.ghostysky.com\/\"},{\"@type\":\"ListItem\",\"position\":2,\"name\":\"Shop\",\"item\":\"https:\/\/www.ghostysky.com\/shop\/\"},{\"@type\":\"ListItem\",\"position\":3,\"name\":\"PIX4DCloud Standard &#8211; Monthly Subscription\"}]},{\"@type\":\"WebSite\",\"@id\":\"https:\/\/www.ghostysky.com\/#website\",\"url\":\"https:\/\/www.ghostysky.com\/\",\"name\":\"Ghostysky\",\"description\":\"Delivering professional drones and services\",\"publisher\":{\"@id\":\"https:\/\/www.ghostysky.com\/#organization\"},\"potentialAction\":[{\"@type\":\"SearchAction\",\"target\":{\"@type\":\"EntryPoint\",\"urlTemplate\":\"https:\/\/www.ghostysky.com\/?s={search_term_string}\"},\"query-input\":{\"@type\":\"PropertyValueSpecification\",\"valueRequired\":true,\"valueName\":\"search_term_string\"}}],\"inLanguage\":\"pt-PT\"},{\"@type\":\"Organization\",\"@id\":\"https:\/\/www.ghostysky.com\/#organization\",\"name\":\"Ghostysky\",\"url\":\"https:\/\/www.ghostysky.com\/\",\"logo\":{\"@type\":\"ImageObject\",\"inLanguage\":\"pt-PT\",\"@id\":\"https:\/\/www.ghostysky.com\/#\/schema\/logo\/image\/\",\"url\":\"https:\/\/www.ghostysky.com\/wp-content\/uploads\/2020\/06\/cropped-ghostyskylogo_text_white2.png\",\"contentUrl\":\"https:\/\/www.ghostysky.com\/wp-content\/uploads\/2020\/06\/cropped-ghostyskylogo_text_white2.png\",\"width\":169,\"height\":56,\"caption\":\"Ghostysky\"},\"image\":{\"@id\":\"https:\/\/www.ghostysky.com\/#\/schema\/logo\/image\/\"},\"sameAs\":[\"https:\/\/www.facebook.com\/people\/Ghostysky\/100057676170234\/\",\"https:\/\/x.com\/Gh0stysky\",\"https:\/\/www.linkedin.com\/company\/34739653\",\"https:\/\/www.instagram.com\/gh0stysky\"]}]}<\/script>\n<!-- \/ Yoast SEO plugin. -->","yoast_head_json":{"title":"Padr\u00e3o PIX4DCloud - Assinatura Mensal - Ghostysky","description":"Pix4Dcloud \u00e9 uma plataforma baseada na web que utiliza processamento em nuvem para transformar imagens terrestres e de drones em produtos 2D e 3D. Em termos mais simples, ele tira fotos capturadas por drones ou at\u00e9 mesmo por c\u00e2meras port\u00e1teis e as transforma em produtos \u00fateis como mapas, modelos 3D e medi\u00e7\u00f5es.","robots":{"index":"index","follow":"follow","max-snippet":"max-snippet:-1","max-image-preview":"max-image-preview:large","max-video-preview":"max-video-preview:-1"},"canonical":"https:\/\/www.ghostysky.com\/pt\/produto-2\/pix4dcloud-standard-monthly-subscription\/","og_locale":"pt_PT","og_type":"article","og_title":"PIX4DCloud Standard - Monthly Subscription - Ghostysky","og_description":"Pix4Dcloud is a web-based platform that utilizes cloud processing to turn drone and ground images into 2D and 3D deliverables. In simpler terms, it takes pictures captured by drones or even handheld cameras and turns them into useful products like maps, 3D models, and measurements.","og_url":"https:\/\/www.ghostysky.com\/pt\/produto-2\/pix4dcloud-standard-monthly-subscription\/","og_site_name":"Ghostysky","article_publisher":"https:\/\/www.facebook.com\/people\/Ghostysky\/100057676170234\/","article_modified_time":"2026-01-24T10:05:23+00:00","og_image":[{"width":400,"height":314,"url":"https:\/\/www.ghostysky.com\/wp-content\/uploads\/2024\/05\/GH_Pix4dCloud.jpg","type":"image\/jpeg"}],"twitter_card":"summary_large_image","twitter_site":"@Gh0stysky","twitter_misc":{"Tempo estimado de leitura":"1 minuto"},"schema":{"@context":"https:\/\/schema.org","@graph":[{"@type":"WebPage","@id":"https:\/\/www.ghostysky.com\/product\/pix4dcloud-standard-monthly-subscription\/","url":"https:\/\/www.ghostysky.com\/product\/pix4dcloud-standard-monthly-subscription\/","name":"Padr\u00e3o PIX4DCloud - Assinatura Mensal - Ghostysky","isPartOf":{"@id":"https:\/\/www.ghostysky.com\/#website"},"primaryImageOfPage":{"@id":"https:\/\/www.ghostysky.com\/product\/pix4dcloud-standard-monthly-subscription\/#primaryimage"},"image":{"@id":"https:\/\/www.ghostysky.com\/product\/pix4dcloud-standard-monthly-subscription\/#primaryimage"},"thumbnailUrl":"https:\/\/www.ghostysky.com\/wp-content\/uploads\/2024\/05\/GH_Pix4dCloud.jpg","datePublished":"2024-05-22T10:44:25+00:00","dateModified":"2026-01-24T10:05:23+00:00","description":"Pix4Dcloud \u00e9 uma plataforma baseada na web que utiliza processamento em nuvem para transformar imagens terrestres e de drones em produtos 2D e 3D. Em termos mais simples, ele tira fotos capturadas por drones ou at\u00e9 mesmo por c\u00e2meras port\u00e1teis e as transforma em produtos \u00fateis como mapas, modelos 3D e medi\u00e7\u00f5es.","breadcrumb":{"@id":"https:\/\/www.ghostysky.com\/product\/pix4dcloud-standard-monthly-subscription\/#breadcrumb"},"inLanguage":"pt-PT","potentialAction":[{"@type":"ReadAction","target":["https:\/\/www.ghostysky.com\/product\/pix4dcloud-standard-monthly-subscription\/"]}]},{"@type":"ImageObject","inLanguage":"pt-PT","@id":"https:\/\/www.ghostysky.com\/product\/pix4dcloud-standard-monthly-subscription\/#primaryimage","url":"https:\/\/www.ghostysky.com\/wp-content\/uploads\/2024\/05\/GH_Pix4dCloud.jpg","contentUrl":"https:\/\/www.ghostysky.com\/wp-content\/uploads\/2024\/05\/GH_Pix4dCloud.jpg","width":400,"height":314},{"@type":"BreadcrumbList","@id":"https:\/\/www.ghostysky.com\/product\/pix4dcloud-standard-monthly-subscription\/#breadcrumb","itemListElement":[{"@type":"ListItem","position":1,"name":"Home","item":"https:\/\/www.ghostysky.com\/"},{"@type":"ListItem","position":2,"name":"Shop","item":"https:\/\/www.ghostysky.com\/shop\/"},{"@type":"ListItem","position":3,"name":"PIX4DCloud Standard &#8211; Monthly Subscription"}]},{"@type":"WebSite","@id":"https:\/\/www.ghostysky.com\/#website","url":"https:\/\/www.ghostysky.com\/","name":"Ghostysky","description":"Fornecendo drones e servi\u00e7os profissionais","publisher":{"@id":"https:\/\/www.ghostysky.com\/#organization"},"potentialAction":[{"@type":"SearchAction","target":{"@type":"EntryPoint","urlTemplate":"https:\/\/www.ghostysky.com\/?s={search_term_string}"},"query-input":{"@type":"PropertyValueSpecification","valueRequired":true,"valueName":"search_term_string"}}],"inLanguage":"pt-PT"},{"@type":"Organization","@id":"https:\/\/www.ghostysky.com\/#organization","name":"Ghostysky","url":"https:\/\/www.ghostysky.com\/","logo":{"@type":"ImageObject","inLanguage":"pt-PT","@id":"https:\/\/www.ghostysky.com\/#\/schema\/logo\/image\/","url":"https:\/\/www.ghostysky.com\/wp-content\/uploads\/2020\/06\/cropped-ghostyskylogo_text_white2.png","contentUrl":"https:\/\/www.ghostysky.com\/wp-content\/uploads\/2020\/06\/cropped-ghostyskylogo_text_white2.png","width":169,"height":56,"caption":"Ghostysky"},"image":{"@id":"https:\/\/www.ghostysky.com\/#\/schema\/logo\/image\/"},"sameAs":["https:\/\/www.facebook.com\/people\/Ghostysky\/100057676170234\/","https:\/\/x.com\/Gh0stysky","https:\/\/www.linkedin.com\/company\/34739653","https:\/\/www.instagram.com\/gh0stysky"]}]}},"_links":{"self":[{"href":"https:\/\/www.ghostysky.com\/pt\/wp-json\/wp\/v2\/product\/19078","targetHints":{"allow":["GET"]}}],"collection":[{"href":"https:\/\/www.ghostysky.com\/pt\/wp-json\/wp\/v2\/product"}],"about":[{"href":"https:\/\/www.ghostysky.com\/pt\/wp-json\/wp\/v2\/types\/product"}],"replies":[{"embeddable":true,"href":"https:\/\/www.ghostysky.com\/pt\/wp-json\/wp\/v2\/comments?post=19078"}],"wp:featuredmedia":[{"embeddable":true,"href":"https:\/\/www.ghostysky.com\/pt\/wp-json\/wp\/v2\/media\/19080"}],"wp:attachment":[{"href":"https:\/\/www.ghostysky.com\/pt\/wp-json\/wp\/v2\/media?parent=19078"}],"wp:term":[{"taxonomy":"product_brand","embeddable":true,"href":"https:\/\/www.ghostysky.com\/pt\/wp-json\/wp\/v2\/product_brand?post=19078"},{"taxonomy":"product_cat","embeddable":true,"href":"https:\/\/www.ghostysky.com\/pt\/wp-json\/wp\/v2\/product_cat?post=19078"},{"taxonomy":"product_tag","embeddable":true,"href":"https:\/\/www.ghostysky.com\/pt\/wp-json\/wp\/v2\/product_tag?post=19078"}],"curies":[{"name":"wp","href":"https:\/\/api.w.org\/{rel}","templated":true}]}}