{"id":19141,"date":"2024-05-22T13:14:45","date_gmt":"2024-05-22T13:14:45","guid":{"rendered":"https:\/\/www.ghostysky.com\/?post_type=product&#038;p=19141"},"modified":"2025-01-02T18:41:21","modified_gmt":"2025-01-02T18:41:21","slug":"emlid-flow-survey-plan-yearly-subscription","status":"publish","type":"product","link":"https:\/\/www.ghostysky.com\/pt\/product\/emlid-flow-survey-plan-yearly-subscription\/","title":{"rendered":"Plano Emlid Flow Survey (subscri\u00e7\u00e3o anual)"},"content":{"rendered":"<p data-sourcepos=\"3:1-3:29\"><strong>Funcionalidades avan\u00e7adas:<\/strong><\/p>\n<ul data-sourcepos=\"5:1-5:68\">\n<li data-sourcepos=\"5:1-5:68\"><strong>Colete e demarque pontos com descri\u00e7\u00f5es detalhadas:<\/strong> Isso vai al\u00e9m de simplesmente capturar um ponto. Voc\u00ea pode adicionar descri\u00e7\u00f5es para fornecer contexto para cada ponto de dados.<\/li>\n<li data-sourcepos=\"6:1-6:68\"><strong>Trabalhe com diferentes sistemas de coordenadas:<\/strong> O plano permite que voc\u00ea lide com v\u00e1rios sistemas de coordenadas, cruciais para projetos precisos de levantamento topogr\u00e1fico.<\/li>\n<li data-sourcepos=\"7:1-7:91\"><strong>Codifica\u00e7\u00e3o de dados de pesquisa:<\/strong> Atribua c\u00f3digos aos seus pontos de dados para categoriz\u00e1-los e organiz\u00e1-los com efici\u00eancia.<\/li>\n<li data-sourcepos=\"8:1-8:124\"><strong>Coletar e demarcar linhas:<\/strong> Isso permite definir fei\u00e7\u00f5es lineares em seu mapa de levantamento topogr\u00e1fico, como limites ou estradas.<\/li>\n<li data-sourcepos=\"9:1-10:0\"><strong>Gerenciar bibliotecas de c\u00f3digo:<\/strong> Crie e gerencie bibliotecas de c\u00f3digos personalizados para categoriza\u00e7\u00e3o simplificada de dados em seus projetos.<\/li>\n<\/ul>\n<p data-sourcepos=\"11:1-11:29\"><strong>Quem deve obter este plano:<\/strong><\/p>\n<p data-sourcepos=\"13:1-13:242\">O plano de pesquisa Emlid Flow \u00e9 ideal para top\u00f3grafos profissionais ou indiv\u00edduos que necessitam de mais do que coleta de dados b\u00e1sicos para seus projetos de topografia. Ele fornece as ferramentas para coletar, gerenciar e organizar dados topogr\u00e1ficos complexos de maneira eficaz.<\/p>\n<p data-sourcepos=\"15:1-15:2\"><strong>Pontos adicionais a considerar:<\/strong><\/p>\n<ul data-sourcepos=\"17:1-18:133\">\n<li data-sourcepos=\"17:1-17:88\">O Plano de Pesquisa Emlid Flow \u00e9 um servi\u00e7o de assinatura paga, normalmente oferecido anualmente.<\/li>\n<li data-sourcepos=\"18:1-18:133\">Se voc\u00ea s\u00f3 precisa coletar pontos b\u00e1sicos para tarefas como colocar pontos de controle terrestre (GCPs), o plano Padr\u00e3o gratuito pode ser suficiente.<\/li>\n<\/ul>","protected":false},"excerpt":{"rendered":"<p>O plano de pesquisa Emlid Flow \u00e9 um servi\u00e7o de assinatura que desbloqueia recursos avan\u00e7ados para levantamento topogr\u00e1fico na plataforma Emlid Flow. Ele foi projetado para usu\u00e1rios que precisam de mais do que apenas coleta b\u00e1sica de pontos.<\/p>","protected":false},"featured_media":19144,"comment_status":"open","ping_status":"closed","template":"","meta":[],"product_brand":[],"product_cat":[89,30,926],"product_tag":[58,918,911],"class_list":{"0":"post-19141","1":"product","2":"type-product","3":"status-publish","4":"has-post-thumbnail","6":"product_cat-emlid","7":"product_cat-mobile-station","8":"product_cat-software-emlid","9":"product_tag-emlid","10":"product_tag-survey-plan-emlid","11":"product_tag-yearly-subscription","13":"first","14":"instock","15":"sale","16":"taxable","17":"shipping-taxable","18":"purchasable","19":"product-type-simple"},"yoast_head":"<!-- This site is optimized with the Yoast SEO plugin v27.1.1 - https:\/\/yoast.com\/product\/yoast-seo-wordpress\/ -->\n<title>Emlid Flow Survey Plan (Yearly subscription) - Ghostysky<\/title>\n<meta name=\"description\" content=\"The Emlid Flow Survey Plan is a subscription service that unlocks advanced features for land surveying on the Emlid Flow platform. It&#039;s designed for users who need more than just basic point collection.\" \/>\n<meta name=\"robots\" content=\"index, follow, max-snippet:-1, max-image-preview:large, max-video-preview:-1\" \/>\n<link rel=\"canonical\" href=\"https:\/\/www.ghostysky.com\/pt\/produto-2\/emlid-flow-survey-plan-yearly-subscription\/\" \/>\n<meta property=\"og:locale\" content=\"pt_PT\" \/>\n<meta property=\"og:type\" content=\"article\" \/>\n<meta property=\"og:title\" content=\"Emlid Flow Survey Plan (Yearly subscription) - Ghostysky\" \/>\n<meta property=\"og:description\" content=\"The Emlid Flow Survey Plan is a subscription service that unlocks advanced features for land surveying on the Emlid Flow platform. It&#039;s designed for users who need more than just basic point collection.\" \/>\n<meta property=\"og:url\" content=\"https:\/\/www.ghostysky.com\/pt\/produto-2\/emlid-flow-survey-plan-yearly-subscription\/\" \/>\n<meta property=\"og:site_name\" content=\"Ghostysky\" \/>\n<meta property=\"article:publisher\" content=\"https:\/\/www.facebook.com\/people\/Ghostysky\/100057676170234\/\" \/>\n<meta property=\"article:modified_time\" content=\"2025-01-02T18:41:21+00:00\" \/>\n<meta property=\"og:image\" content=\"https:\/\/www.ghostysky.com\/wp-content\/uploads\/2024\/05\/GH_Emlid_Flow_Survey_1.jpg\" \/>\n\t<meta property=\"og:image:width\" content=\"800\" \/>\n\t<meta property=\"og:image:height\" content=\"800\" \/>\n\t<meta property=\"og:image:type\" content=\"image\/jpeg\" \/>\n<meta name=\"twitter:card\" content=\"summary_large_image\" \/>\n<meta name=\"twitter:site\" content=\"@Gh0stysky\" \/>\n<meta name=\"twitter:label1\" content=\"Tempo estimado de leitura\" \/>\n\t<meta name=\"twitter:data1\" content=\"1 minuto\" \/>\n<script type=\"application\/ld+json\" class=\"yoast-schema-graph\">{\"@context\":\"https:\/\/schema.org\",\"@graph\":[{\"@type\":\"WebPage\",\"@id\":\"https:\/\/www.ghostysky.com\/product\/emlid-flow-survey-plan-yearly-subscription\/\",\"url\":\"https:\/\/www.ghostysky.com\/product\/emlid-flow-survey-plan-yearly-subscription\/\",\"name\":\"Emlid Flow Survey Plan (Yearly subscription) - Ghostysky\",\"isPartOf\":{\"@id\":\"https:\/\/www.ghostysky.com\/#website\"},\"primaryImageOfPage\":{\"@id\":\"https:\/\/www.ghostysky.com\/product\/emlid-flow-survey-plan-yearly-subscription\/#primaryimage\"},\"image\":{\"@id\":\"https:\/\/www.ghostysky.com\/product\/emlid-flow-survey-plan-yearly-subscription\/#primaryimage\"},\"thumbnailUrl\":\"https:\/\/www.ghostysky.com\/wp-content\/uploads\/2024\/05\/GH_Emlid_Flow_Survey_1.jpg\",\"datePublished\":\"2024-05-22T13:14:45+00:00\",\"dateModified\":\"2025-01-02T18:41:21+00:00\",\"description\":\"The Emlid Flow Survey Plan is a subscription service that unlocks advanced features for land surveying on the Emlid Flow platform. It's designed for users who need more than just basic point collection.\",\"breadcrumb\":{\"@id\":\"https:\/\/www.ghostysky.com\/product\/emlid-flow-survey-plan-yearly-subscription\/#breadcrumb\"},\"inLanguage\":\"pt-PT\",\"potentialAction\":[{\"@type\":\"ReadAction\",\"target\":[\"https:\/\/www.ghostysky.com\/product\/emlid-flow-survey-plan-yearly-subscription\/\"]}]},{\"@type\":\"ImageObject\",\"inLanguage\":\"pt-PT\",\"@id\":\"https:\/\/www.ghostysky.com\/product\/emlid-flow-survey-plan-yearly-subscription\/#primaryimage\",\"url\":\"https:\/\/www.ghostysky.com\/wp-content\/uploads\/2024\/05\/GH_Emlid_Flow_Survey_1.jpg\",\"contentUrl\":\"https:\/\/www.ghostysky.com\/wp-content\/uploads\/2024\/05\/GH_Emlid_Flow_Survey_1.jpg\",\"width\":800,\"height\":800},{\"@type\":\"BreadcrumbList\",\"@id\":\"https:\/\/www.ghostysky.com\/product\/emlid-flow-survey-plan-yearly-subscription\/#breadcrumb\",\"itemListElement\":[{\"@type\":\"ListItem\",\"position\":1,\"name\":\"Home\",\"item\":\"https:\/\/www.ghostysky.com\/\"},{\"@type\":\"ListItem\",\"position\":2,\"name\":\"Shop\",\"item\":\"https:\/\/www.ghostysky.com\/shop\/\"},{\"@type\":\"ListItem\",\"position\":3,\"name\":\"Emlid Flow Survey Plan (Yearly subscription)\"}]},{\"@type\":\"WebSite\",\"@id\":\"https:\/\/www.ghostysky.com\/#website\",\"url\":\"https:\/\/www.ghostysky.com\/\",\"name\":\"Ghostysky\",\"description\":\"Delivering professional drones and services\",\"publisher\":{\"@id\":\"https:\/\/www.ghostysky.com\/#organization\"},\"potentialAction\":[{\"@type\":\"SearchAction\",\"target\":{\"@type\":\"EntryPoint\",\"urlTemplate\":\"https:\/\/www.ghostysky.com\/?s={search_term_string}\"},\"query-input\":{\"@type\":\"PropertyValueSpecification\",\"valueRequired\":true,\"valueName\":\"search_term_string\"}}],\"inLanguage\":\"pt-PT\"},{\"@type\":\"Organization\",\"@id\":\"https:\/\/www.ghostysky.com\/#organization\",\"name\":\"Ghostysky\",\"url\":\"https:\/\/www.ghostysky.com\/\",\"logo\":{\"@type\":\"ImageObject\",\"inLanguage\":\"pt-PT\",\"@id\":\"https:\/\/www.ghostysky.com\/#\/schema\/logo\/image\/\",\"url\":\"https:\/\/www.ghostysky.com\/wp-content\/uploads\/2020\/06\/cropped-ghostyskylogo_text_white2.png\",\"contentUrl\":\"https:\/\/www.ghostysky.com\/wp-content\/uploads\/2020\/06\/cropped-ghostyskylogo_text_white2.png\",\"width\":169,\"height\":56,\"caption\":\"Ghostysky\"},\"image\":{\"@id\":\"https:\/\/www.ghostysky.com\/#\/schema\/logo\/image\/\"},\"sameAs\":[\"https:\/\/www.facebook.com\/people\/Ghostysky\/100057676170234\/\",\"https:\/\/x.com\/Gh0stysky\",\"https:\/\/www.linkedin.com\/company\/34739653\",\"https:\/\/www.instagram.com\/gh0stysky\"]}]}<\/script>\n<!-- \/ Yoast SEO plugin. -->","yoast_head_json":{"title":"Plano de pesquisa Emlid Flow (assinatura anual) - Ghostysky","description":"O plano de pesquisa Emlid Flow \u00e9 um servi\u00e7o de assinatura que desbloqueia recursos avan\u00e7ados para levantamento topogr\u00e1fico na plataforma Emlid Flow. Ele foi projetado para usu\u00e1rios que precisam de mais do que apenas coleta b\u00e1sica de pontos.","robots":{"index":"index","follow":"follow","max-snippet":"max-snippet:-1","max-image-preview":"max-image-preview:large","max-video-preview":"max-video-preview:-1"},"canonical":"https:\/\/www.ghostysky.com\/pt\/produto-2\/emlid-flow-survey-plan-yearly-subscription\/","og_locale":"pt_PT","og_type":"article","og_title":"Emlid Flow Survey Plan (Yearly subscription) - Ghostysky","og_description":"The Emlid Flow Survey Plan is a subscription service that unlocks advanced features for land surveying on the Emlid Flow platform. It's designed for users who need more than just basic point collection.","og_url":"https:\/\/www.ghostysky.com\/pt\/produto-2\/emlid-flow-survey-plan-yearly-subscription\/","og_site_name":"Ghostysky","article_publisher":"https:\/\/www.facebook.com\/people\/Ghostysky\/100057676170234\/","article_modified_time":"2025-01-02T18:41:21+00:00","og_image":[{"width":800,"height":800,"url":"https:\/\/www.ghostysky.com\/wp-content\/uploads\/2024\/05\/GH_Emlid_Flow_Survey_1.jpg","type":"image\/jpeg"}],"twitter_card":"summary_large_image","twitter_site":"@Gh0stysky","twitter_misc":{"Tempo estimado de leitura":"1 minuto"},"schema":{"@context":"https:\/\/schema.org","@graph":[{"@type":"WebPage","@id":"https:\/\/www.ghostysky.com\/product\/emlid-flow-survey-plan-yearly-subscription\/","url":"https:\/\/www.ghostysky.com\/product\/emlid-flow-survey-plan-yearly-subscription\/","name":"Plano de pesquisa Emlid Flow (assinatura anual) - Ghostysky","isPartOf":{"@id":"https:\/\/www.ghostysky.com\/#website"},"primaryImageOfPage":{"@id":"https:\/\/www.ghostysky.com\/product\/emlid-flow-survey-plan-yearly-subscription\/#primaryimage"},"image":{"@id":"https:\/\/www.ghostysky.com\/product\/emlid-flow-survey-plan-yearly-subscription\/#primaryimage"},"thumbnailUrl":"https:\/\/www.ghostysky.com\/wp-content\/uploads\/2024\/05\/GH_Emlid_Flow_Survey_1.jpg","datePublished":"2024-05-22T13:14:45+00:00","dateModified":"2025-01-02T18:41:21+00:00","description":"O plano de pesquisa Emlid Flow \u00e9 um servi\u00e7o de assinatura que desbloqueia recursos avan\u00e7ados para levantamento topogr\u00e1fico na plataforma Emlid Flow. Ele foi projetado para usu\u00e1rios que precisam de mais do que apenas coleta b\u00e1sica de pontos.","breadcrumb":{"@id":"https:\/\/www.ghostysky.com\/product\/emlid-flow-survey-plan-yearly-subscription\/#breadcrumb"},"inLanguage":"pt-PT","potentialAction":[{"@type":"ReadAction","target":["https:\/\/www.ghostysky.com\/product\/emlid-flow-survey-plan-yearly-subscription\/"]}]},{"@type":"ImageObject","inLanguage":"pt-PT","@id":"https:\/\/www.ghostysky.com\/product\/emlid-flow-survey-plan-yearly-subscription\/#primaryimage","url":"https:\/\/www.ghostysky.com\/wp-content\/uploads\/2024\/05\/GH_Emlid_Flow_Survey_1.jpg","contentUrl":"https:\/\/www.ghostysky.com\/wp-content\/uploads\/2024\/05\/GH_Emlid_Flow_Survey_1.jpg","width":800,"height":800},{"@type":"BreadcrumbList","@id":"https:\/\/www.ghostysky.com\/product\/emlid-flow-survey-plan-yearly-subscription\/#breadcrumb","itemListElement":[{"@type":"ListItem","position":1,"name":"Home","item":"https:\/\/www.ghostysky.com\/"},{"@type":"ListItem","position":2,"name":"Shop","item":"https:\/\/www.ghostysky.com\/shop\/"},{"@type":"ListItem","position":3,"name":"Emlid Flow Survey Plan (Yearly subscription)"}]},{"@type":"WebSite","@id":"https:\/\/www.ghostysky.com\/#website","url":"https:\/\/www.ghostysky.com\/","name":"Ghostysky","description":"Fornecendo drones e servi\u00e7os profissionais","publisher":{"@id":"https:\/\/www.ghostysky.com\/#organization"},"potentialAction":[{"@type":"SearchAction","target":{"@type":"EntryPoint","urlTemplate":"https:\/\/www.ghostysky.com\/?s={search_term_string}"},"query-input":{"@type":"PropertyValueSpecification","valueRequired":true,"valueName":"search_term_string"}}],"inLanguage":"pt-PT"},{"@type":"Organization","@id":"https:\/\/www.ghostysky.com\/#organization","name":"Ghostysky","url":"https:\/\/www.ghostysky.com\/","logo":{"@type":"ImageObject","inLanguage":"pt-PT","@id":"https:\/\/www.ghostysky.com\/#\/schema\/logo\/image\/","url":"https:\/\/www.ghostysky.com\/wp-content\/uploads\/2020\/06\/cropped-ghostyskylogo_text_white2.png","contentUrl":"https:\/\/www.ghostysky.com\/wp-content\/uploads\/2020\/06\/cropped-ghostyskylogo_text_white2.png","width":169,"height":56,"caption":"Ghostysky"},"image":{"@id":"https:\/\/www.ghostysky.com\/#\/schema\/logo\/image\/"},"sameAs":["https:\/\/www.facebook.com\/people\/Ghostysky\/100057676170234\/","https:\/\/x.com\/Gh0stysky","https:\/\/www.linkedin.com\/company\/34739653","https:\/\/www.instagram.com\/gh0stysky"]}]}},"_links":{"self":[{"href":"https:\/\/www.ghostysky.com\/pt\/wp-json\/wp\/v2\/product\/19141","targetHints":{"allow":["GET"]}}],"collection":[{"href":"https:\/\/www.ghostysky.com\/pt\/wp-json\/wp\/v2\/product"}],"about":[{"href":"https:\/\/www.ghostysky.com\/pt\/wp-json\/wp\/v2\/types\/product"}],"replies":[{"embeddable":true,"href":"https:\/\/www.ghostysky.com\/pt\/wp-json\/wp\/v2\/comments?post=19141"}],"wp:featuredmedia":[{"embeddable":true,"href":"https:\/\/www.ghostysky.com\/pt\/wp-json\/wp\/v2\/media\/19144"}],"wp:attachment":[{"href":"https:\/\/www.ghostysky.com\/pt\/wp-json\/wp\/v2\/media?parent=19141"}],"wp:term":[{"taxonomy":"product_brand","embeddable":true,"href":"https:\/\/www.ghostysky.com\/pt\/wp-json\/wp\/v2\/product_brand?post=19141"},{"taxonomy":"product_cat","embeddable":true,"href":"https:\/\/www.ghostysky.com\/pt\/wp-json\/wp\/v2\/product_cat?post=19141"},{"taxonomy":"product_tag","embeddable":true,"href":"https:\/\/www.ghostysky.com\/pt\/wp-json\/wp\/v2\/product_tag?post=19141"}],"curies":[{"name":"wp","href":"https:\/\/api.w.org\/{rel}","templated":true}]}}