{"id":19163,"date":"2024-05-22T14:16:04","date_gmt":"2024-05-22T14:16:04","guid":{"rendered":"https:\/\/www.ghostysky.com\/?post_type=product&#038;p=19163"},"modified":"2025-10-14T11:55:41","modified_gmt":"2025-10-14T11:55:41","slug":"geoace-perpetual-license-visual-surveying","status":"publish","type":"product","link":"https:\/\/www.ghostysky.com\/pt\/product\/geoace-perpetual-license-visual-surveying\/","title":{"rendered":"GeoAce \u2013 Licen\u00e7a Perp\u00e9tua"},"content":{"rendered":"<p>Ele usa posicionamento Visual SLAM e tecnologia de Realidade Aumentada para determinar com precis\u00e3o a posi\u00e7\u00e3o do seu smartphone\/tablet no espa\u00e7o e coletar dados tridimensionais ao mesmo tempo diretamente no fluxo de v\u00eddeo. N\u00e3o depende de posicionamento GNSS, por isso pode ser usado tamb\u00e9m em ambientes internos, sob cobertura de \u00e1rvores e at\u00e9 mesmo em minera\u00e7\u00e3o subterr\u00e2nea. Voc\u00ea pode conectar receptores GNSS externos para aumentar ainda mais a versatilidade da aplica\u00e7\u00e3o.<\/p>\n<p>Recursos:<\/p>\n<ul>\n<li>Importa\u00e7\u00e3o\/Exporta\u00e7\u00e3o: GeoJSON, PDF, CSV, SHP, DXF, DWG, DGN, Smallworld, OSM, GPX<\/li>\n<li>Coleta de dados em Realidade Aumentada<\/li>\n<li>Suporte externo para GNSS e Apple Watch<\/li>\n<li>Piquetagem Visual<\/li>\n<li>Esbo\u00e7o e dimens\u00f5es<\/li>\n<\/ul>\n<h1>Levantamento preciso com seu smartphone<\/h1>\n<div class=\"page\" title=\"P\u00e1gina 2\">\n<div class=\"section\">\n<div class=\"layoutArea\">\n<div class=\"column\">\n<p>GeoAce \u00e9 ideal para documenta\u00e7\u00e3o digital de constru\u00e7\u00e3o, levantamentos, medi\u00e7\u00f5es de \u00e1reas, faturamento em engenharia civil, medi\u00e7\u00e3o de conex\u00f5es residenciais ou para tarefas de planejamento. Novos objetos s\u00e3o simplesmente medidos diretamente na imagem de v\u00eddeo do smartphone ou tablet. Hardware adicional, como receptores GNSS caros, esta\u00e7\u00f5es totais ou tel\u00eametros a laser, n\u00e3o \u00e9 necess\u00e1rio.<\/p>\n<p>O aplicativo GeoAce foi desenvolvido especialmente para empresas de engenharia civil, paisagistas e instaladores de jardins e paisagistas. Isto significa que o registro e a documenta\u00e7\u00e3o podem ocorrer imediatamente ap\u00f3s a instala\u00e7\u00e3o e n\u00e3o \u00e9 mais necess\u00e1rio chamar inspetores especialmente treinados para o canteiro de obras. Isso economiza tempo e dinheiro valiosos e garante que a documenta\u00e7\u00e3o seja feita de forma eficiente.<\/p>\n<h1>Rover GNSS de Realidade Aumentada<\/h1>\n<p>Atrav\u00e9s da combina\u00e7\u00e3o de GNSS, tecnologia inercial e fotogrametria, os objetos podem ser capturados n\u00e3o apenas tradicionalmente com um mastro de antena, mas tamb\u00e9m diretamente com a mira na imagem de v\u00eddeo. Isso significa que voc\u00ea pode medir cantos de edif\u00edcios, tubula\u00e7\u00f5es de objetos em uma vala ou tampas de bueiros em uma estrada movimentada a uma dist\u00e2ncia segura de at\u00e9 10 metros de dist\u00e2ncia, com precis\u00e3o e sem ferramentas adicionais.<\/p>\n<p>Em situa\u00e7\u00f5es onde a recep\u00e7\u00e3o de sat\u00e9lite j\u00e1 n\u00e3o \u00e9 suficiente para posi\u00e7\u00f5es com precis\u00e3o centim\u00e9trica (por exemplo, debaixo de \u00e1rvores, na floresta, em passagens subterr\u00e2neas, etc.), o rover GNSS de Realidade Aumentada muda automaticamente para a solu\u00e7\u00e3o combinada inercial\/fotogram\u00e9trica e ainda permite uma medi\u00e7\u00e3o precisa. \u2013 e tudo sem GNSS.<\/p>\n<p>Dependendo do smartphone ou tablet utilizado, voc\u00ea pode percorrer dist\u00e2ncias de 100 m ou mais sem qualquer recep\u00e7\u00e3o GNSS. Uma esta\u00e7\u00e3o total ou outras ajudas n\u00e3o s\u00e3o mais necess\u00e1rias.<\/p>\n<\/div>\n<\/div>\n<\/div>\n<\/div>","protected":false},"excerpt":{"rendered":"<p>O GeoAce transforma seu smartphone ou tablet em um sistema de levantamento preciso e com precis\u00e3o centim\u00e9trica, sem a necessidade de usar receptores GNSS ou esta\u00e7\u00f5es totais.<\/p>\n<p>Kit online dispon\u00edvel para o software \u2013 <a href=\"https:\/\/www.ghostysky.com\/pt\/produto-2\/emlid-rx-iphone-kit\/\">Kit Iphone Emlid RX<\/a><\/p>","protected":false},"featured_media":19165,"comment_status":"open","ping_status":"closed","template":"","meta":[],"product_brand":[],"product_cat":[922,31],"product_tag":[924,920,897,923],"class_list":{"0":"post-19163","1":"product","2":"type-product","3":"status-publish","4":"has-post-thumbnail","6":"product_cat-its-geo","7":"product_cat-software","8":"product_tag-emlid-rx-iphone-kit","9":"product_tag-geoace","10":"product_tag-perpetual-license","11":"product_tag-visual-surveying","13":"first","14":"instock","15":"taxable","16":"shipping-taxable","17":"product-type-simple"},"yoast_head":"<!-- This site is optimized with the Yoast SEO plugin v27.1.1 - https:\/\/yoast.com\/product\/yoast-seo-wordpress\/ -->\n<title>GeoAce - Perpetual License - Ghostysky<\/title>\n<meta name=\"description\" content=\"GeoAce turns your smartphone or tablet into a precise, centimeter-accurate surveying system, without the need to use GNSS receivers or total stations.\" \/>\n<meta name=\"robots\" content=\"index, follow, max-snippet:-1, max-image-preview:large, max-video-preview:-1\" \/>\n<link rel=\"canonical\" href=\"https:\/\/www.ghostysky.com\/pt\/produto-2\/geoace-perpetual-license-visual-surveying\/\" \/>\n<meta property=\"og:locale\" content=\"pt_PT\" \/>\n<meta property=\"og:type\" content=\"article\" \/>\n<meta property=\"og:title\" content=\"GeoAce - Perpetual License - Ghostysky\" \/>\n<meta property=\"og:description\" content=\"GeoAce turns your smartphone or tablet into a precise, centimeter-accurate surveying system, without the need to use GNSS receivers or total stations.\" \/>\n<meta property=\"og:url\" content=\"https:\/\/www.ghostysky.com\/pt\/produto-2\/geoace-perpetual-license-visual-surveying\/\" \/>\n<meta property=\"og:site_name\" content=\"Ghostysky\" \/>\n<meta property=\"article:publisher\" content=\"https:\/\/www.facebook.com\/people\/Ghostysky\/100057676170234\/\" \/>\n<meta property=\"article:modified_time\" content=\"2025-10-14T11:55:41+00:00\" \/>\n<meta property=\"og:image\" content=\"https:\/\/www.ghostysky.com\/wp-content\/uploads\/2024\/05\/GH_EmlidRX_GeoAce_1.jpg\" \/>\n\t<meta property=\"og:image:width\" content=\"582\" \/>\n\t<meta property=\"og:image:height\" content=\"400\" \/>\n\t<meta property=\"og:image:type\" content=\"image\/jpeg\" \/>\n<meta name=\"twitter:card\" content=\"summary_large_image\" \/>\n<meta name=\"twitter:site\" content=\"@Gh0stysky\" \/>\n<meta name=\"twitter:label1\" content=\"Tempo estimado de leitura\" \/>\n\t<meta name=\"twitter:data1\" content=\"2 minutos\" \/>\n<script type=\"application\/ld+json\" class=\"yoast-schema-graph\">{\"@context\":\"https:\/\/schema.org\",\"@graph\":[{\"@type\":\"WebPage\",\"@id\":\"https:\/\/www.ghostysky.com\/product\/geoace-perpetual-license-visual-surveying\/\",\"url\":\"https:\/\/www.ghostysky.com\/product\/geoace-perpetual-license-visual-surveying\/\",\"name\":\"GeoAce - Perpetual License - Ghostysky\",\"isPartOf\":{\"@id\":\"https:\/\/www.ghostysky.com\/#website\"},\"primaryImageOfPage\":{\"@id\":\"https:\/\/www.ghostysky.com\/product\/geoace-perpetual-license-visual-surveying\/#primaryimage\"},\"image\":{\"@id\":\"https:\/\/www.ghostysky.com\/product\/geoace-perpetual-license-visual-surveying\/#primaryimage\"},\"thumbnailUrl\":\"https:\/\/www.ghostysky.com\/wp-content\/uploads\/2024\/05\/GH_EmlidRX_GeoAce_1.jpg\",\"datePublished\":\"2024-05-22T14:16:04+00:00\",\"dateModified\":\"2025-10-14T11:55:41+00:00\",\"description\":\"GeoAce turns your smartphone or tablet into a precise, centimeter-accurate surveying system, without the need to use GNSS receivers or total stations.\",\"breadcrumb\":{\"@id\":\"https:\/\/www.ghostysky.com\/product\/geoace-perpetual-license-visual-surveying\/#breadcrumb\"},\"inLanguage\":\"pt-PT\",\"potentialAction\":[{\"@type\":\"ReadAction\",\"target\":[\"https:\/\/www.ghostysky.com\/product\/geoace-perpetual-license-visual-surveying\/\"]}]},{\"@type\":\"ImageObject\",\"inLanguage\":\"pt-PT\",\"@id\":\"https:\/\/www.ghostysky.com\/product\/geoace-perpetual-license-visual-surveying\/#primaryimage\",\"url\":\"https:\/\/www.ghostysky.com\/wp-content\/uploads\/2024\/05\/GH_EmlidRX_GeoAce_1.jpg\",\"contentUrl\":\"https:\/\/www.ghostysky.com\/wp-content\/uploads\/2024\/05\/GH_EmlidRX_GeoAce_1.jpg\",\"width\":582,\"height\":400},{\"@type\":\"BreadcrumbList\",\"@id\":\"https:\/\/www.ghostysky.com\/product\/geoace-perpetual-license-visual-surveying\/#breadcrumb\",\"itemListElement\":[{\"@type\":\"ListItem\",\"position\":1,\"name\":\"Home\",\"item\":\"https:\/\/www.ghostysky.com\/\"},{\"@type\":\"ListItem\",\"position\":2,\"name\":\"Shop\",\"item\":\"https:\/\/www.ghostysky.com\/shop\/\"},{\"@type\":\"ListItem\",\"position\":3,\"name\":\"GeoAce &#8211; Perpetual License\"}]},{\"@type\":\"WebSite\",\"@id\":\"https:\/\/www.ghostysky.com\/#website\",\"url\":\"https:\/\/www.ghostysky.com\/\",\"name\":\"Ghostysky\",\"description\":\"Delivering professional drones and services\",\"publisher\":{\"@id\":\"https:\/\/www.ghostysky.com\/#organization\"},\"potentialAction\":[{\"@type\":\"SearchAction\",\"target\":{\"@type\":\"EntryPoint\",\"urlTemplate\":\"https:\/\/www.ghostysky.com\/?s={search_term_string}\"},\"query-input\":{\"@type\":\"PropertyValueSpecification\",\"valueRequired\":true,\"valueName\":\"search_term_string\"}}],\"inLanguage\":\"pt-PT\"},{\"@type\":\"Organization\",\"@id\":\"https:\/\/www.ghostysky.com\/#organization\",\"name\":\"Ghostysky\",\"url\":\"https:\/\/www.ghostysky.com\/\",\"logo\":{\"@type\":\"ImageObject\",\"inLanguage\":\"pt-PT\",\"@id\":\"https:\/\/www.ghostysky.com\/#\/schema\/logo\/image\/\",\"url\":\"https:\/\/www.ghostysky.com\/wp-content\/uploads\/2020\/06\/cropped-ghostyskylogo_text_white2.png\",\"contentUrl\":\"https:\/\/www.ghostysky.com\/wp-content\/uploads\/2020\/06\/cropped-ghostyskylogo_text_white2.png\",\"width\":169,\"height\":56,\"caption\":\"Ghostysky\"},\"image\":{\"@id\":\"https:\/\/www.ghostysky.com\/#\/schema\/logo\/image\/\"},\"sameAs\":[\"https:\/\/www.facebook.com\/people\/Ghostysky\/100057676170234\/\",\"https:\/\/x.com\/Gh0stysky\",\"https:\/\/www.linkedin.com\/company\/34739653\",\"https:\/\/www.instagram.com\/gh0stysky\"]}]}<\/script>\n<!-- \/ Yoast SEO plugin. -->","yoast_head_json":{"title":"GeoAce - Licen\u00e7a Perp\u00e9tua - Ghostysky","description":"O GeoAce transforma seu smartphone ou tablet em um sistema de levantamento preciso e com precis\u00e3o centim\u00e9trica, sem a necessidade de usar receptores GNSS ou esta\u00e7\u00f5es totais.","robots":{"index":"index","follow":"follow","max-snippet":"max-snippet:-1","max-image-preview":"max-image-preview:large","max-video-preview":"max-video-preview:-1"},"canonical":"https:\/\/www.ghostysky.com\/pt\/produto-2\/geoace-perpetual-license-visual-surveying\/","og_locale":"pt_PT","og_type":"article","og_title":"GeoAce - Perpetual License - Ghostysky","og_description":"GeoAce turns your smartphone or tablet into a precise, centimeter-accurate surveying system, without the need to use GNSS receivers or total stations.","og_url":"https:\/\/www.ghostysky.com\/pt\/produto-2\/geoace-perpetual-license-visual-surveying\/","og_site_name":"Ghostysky","article_publisher":"https:\/\/www.facebook.com\/people\/Ghostysky\/100057676170234\/","article_modified_time":"2025-10-14T11:55:41+00:00","og_image":[{"width":582,"height":400,"url":"https:\/\/www.ghostysky.com\/wp-content\/uploads\/2024\/05\/GH_EmlidRX_GeoAce_1.jpg","type":"image\/jpeg"}],"twitter_card":"summary_large_image","twitter_site":"@Gh0stysky","twitter_misc":{"Tempo estimado de leitura":"2 minutos"},"schema":{"@context":"https:\/\/schema.org","@graph":[{"@type":"WebPage","@id":"https:\/\/www.ghostysky.com\/product\/geoace-perpetual-license-visual-surveying\/","url":"https:\/\/www.ghostysky.com\/product\/geoace-perpetual-license-visual-surveying\/","name":"GeoAce - Licen\u00e7a Perp\u00e9tua - Ghostysky","isPartOf":{"@id":"https:\/\/www.ghostysky.com\/#website"},"primaryImageOfPage":{"@id":"https:\/\/www.ghostysky.com\/product\/geoace-perpetual-license-visual-surveying\/#primaryimage"},"image":{"@id":"https:\/\/www.ghostysky.com\/product\/geoace-perpetual-license-visual-surveying\/#primaryimage"},"thumbnailUrl":"https:\/\/www.ghostysky.com\/wp-content\/uploads\/2024\/05\/GH_EmlidRX_GeoAce_1.jpg","datePublished":"2024-05-22T14:16:04+00:00","dateModified":"2025-10-14T11:55:41+00:00","description":"O GeoAce transforma seu smartphone ou tablet em um sistema de levantamento preciso e com precis\u00e3o centim\u00e9trica, sem a necessidade de usar receptores GNSS ou esta\u00e7\u00f5es totais.","breadcrumb":{"@id":"https:\/\/www.ghostysky.com\/product\/geoace-perpetual-license-visual-surveying\/#breadcrumb"},"inLanguage":"pt-PT","potentialAction":[{"@type":"ReadAction","target":["https:\/\/www.ghostysky.com\/product\/geoace-perpetual-license-visual-surveying\/"]}]},{"@type":"ImageObject","inLanguage":"pt-PT","@id":"https:\/\/www.ghostysky.com\/product\/geoace-perpetual-license-visual-surveying\/#primaryimage","url":"https:\/\/www.ghostysky.com\/wp-content\/uploads\/2024\/05\/GH_EmlidRX_GeoAce_1.jpg","contentUrl":"https:\/\/www.ghostysky.com\/wp-content\/uploads\/2024\/05\/GH_EmlidRX_GeoAce_1.jpg","width":582,"height":400},{"@type":"BreadcrumbList","@id":"https:\/\/www.ghostysky.com\/product\/geoace-perpetual-license-visual-surveying\/#breadcrumb","itemListElement":[{"@type":"ListItem","position":1,"name":"Home","item":"https:\/\/www.ghostysky.com\/"},{"@type":"ListItem","position":2,"name":"Shop","item":"https:\/\/www.ghostysky.com\/shop\/"},{"@type":"ListItem","position":3,"name":"GeoAce &#8211; Perpetual License"}]},{"@type":"WebSite","@id":"https:\/\/www.ghostysky.com\/#website","url":"https:\/\/www.ghostysky.com\/","name":"Ghostysky","description":"Fornecendo drones e servi\u00e7os profissionais","publisher":{"@id":"https:\/\/www.ghostysky.com\/#organization"},"potentialAction":[{"@type":"SearchAction","target":{"@type":"EntryPoint","urlTemplate":"https:\/\/www.ghostysky.com\/?s={search_term_string}"},"query-input":{"@type":"PropertyValueSpecification","valueRequired":true,"valueName":"search_term_string"}}],"inLanguage":"pt-PT"},{"@type":"Organization","@id":"https:\/\/www.ghostysky.com\/#organization","name":"Ghostysky","url":"https:\/\/www.ghostysky.com\/","logo":{"@type":"ImageObject","inLanguage":"pt-PT","@id":"https:\/\/www.ghostysky.com\/#\/schema\/logo\/image\/","url":"https:\/\/www.ghostysky.com\/wp-content\/uploads\/2020\/06\/cropped-ghostyskylogo_text_white2.png","contentUrl":"https:\/\/www.ghostysky.com\/wp-content\/uploads\/2020\/06\/cropped-ghostyskylogo_text_white2.png","width":169,"height":56,"caption":"Ghostysky"},"image":{"@id":"https:\/\/www.ghostysky.com\/#\/schema\/logo\/image\/"},"sameAs":["https:\/\/www.facebook.com\/people\/Ghostysky\/100057676170234\/","https:\/\/x.com\/Gh0stysky","https:\/\/www.linkedin.com\/company\/34739653","https:\/\/www.instagram.com\/gh0stysky"]}]}},"_links":{"self":[{"href":"https:\/\/www.ghostysky.com\/pt\/wp-json\/wp\/v2\/product\/19163","targetHints":{"allow":["GET"]}}],"collection":[{"href":"https:\/\/www.ghostysky.com\/pt\/wp-json\/wp\/v2\/product"}],"about":[{"href":"https:\/\/www.ghostysky.com\/pt\/wp-json\/wp\/v2\/types\/product"}],"replies":[{"embeddable":true,"href":"https:\/\/www.ghostysky.com\/pt\/wp-json\/wp\/v2\/comments?post=19163"}],"wp:featuredmedia":[{"embeddable":true,"href":"https:\/\/www.ghostysky.com\/pt\/wp-json\/wp\/v2\/media\/19165"}],"wp:attachment":[{"href":"https:\/\/www.ghostysky.com\/pt\/wp-json\/wp\/v2\/media?parent=19163"}],"wp:term":[{"taxonomy":"product_brand","embeddable":true,"href":"https:\/\/www.ghostysky.com\/pt\/wp-json\/wp\/v2\/product_brand?post=19163"},{"taxonomy":"product_cat","embeddable":true,"href":"https:\/\/www.ghostysky.com\/pt\/wp-json\/wp\/v2\/product_cat?post=19163"},{"taxonomy":"product_tag","embeddable":true,"href":"https:\/\/www.ghostysky.com\/pt\/wp-json\/wp\/v2\/product_tag?post=19163"}],"curies":[{"name":"wp","href":"https:\/\/api.w.org\/{rel}","templated":true}]}}