{"id":19508,"date":"2024-07-19T10:01:19","date_gmt":"2024-07-19T10:01:19","guid":{"rendered":"https:\/\/www.ghostysky.com\/?post_type=product&#038;p=19508"},"modified":"2025-10-14T11:25:44","modified_gmt":"2025-10-14T11:25:44","slug":"fisherman-fd1-waterproof-fishing-drone","status":"publish","type":"product","link":"https:\/\/www.ghostysky.com\/pt\/product\/fisherman-fd1-waterproof-fishing-drone\/","title":{"rendered":"Drone de pesca \u00e0 prova d&#039;\u00e1gua Fisherman FD1+"},"content":{"rendered":"<p data-sourcepos=\"5:1-5:12\"><strong>Recursos<\/strong><\/p>\n<ul data-sourcepos=\"7:1-7:33\">\n<li data-sourcepos=\"7:1-7:33\"><strong>Lance mais longe, pegue mais:<\/strong> Com uma capacidade m\u00e1xima de carga de 4,8 libras (2,2 kg), o FD1+ pode levar sua isca e linha de pesca mais longe do que nunca, alcan\u00e7ando locais de pesca de dif\u00edcil acesso.<\/li>\n<li data-sourcepos=\"8:1-8:235\"><strong>Projetado para levantamento de iscas:<\/strong> O FD1+ \u00e9 alimentado por uma bateria LiHV 6S de alta voltagem que fornece energia para transportar iscas pesadas sem comprometer a estabilidade do voo. Ele tamb\u00e9m possui um sistema de propuls\u00e3o potente que permite voar em condi\u00e7\u00f5es desafiadoras, como ventos fortes.<\/li>\n<li data-sourcepos=\"9:1-9:197\"><strong>Projetado para novos pilotos:<\/strong> O FD1+ \u00e9 f\u00e1cil de pilotar, mesmo para iniciantes. Ele apresenta um design sem calibra\u00e7\u00e3o e um controlador de voo intuitivo que simplifica a decolagem, o pouso e o voo.<\/li>\n<li data-sourcepos=\"10:1-11:0\"><strong>Constru\u00eddo para uma vida \u00fatil mais longa:<\/strong> O FD1+ foi constru\u00eddo para suportar o ambiente hostil da \u00e1gua salgada. Sua fuselagem \u00e9 feita de ABS de n\u00edvel industrial e possui classifica\u00e7\u00e3o 100% \u00e0 prova d&#039;\u00e1gua (IP67). Os motores externos \u00e0 prova d&#039;\u00e1gua e os componentes eletr\u00f4nicos internos tamb\u00e9m s\u00e3o revestidos para maior resist\u00eancia \u00e0 corros\u00e3o.<\/li>\n<\/ul>\n<p data-sourcepos=\"12:1-12:18\"><strong>Especifica\u00e7\u00f5es<\/strong><\/p>\n<ul data-sourcepos=\"14:1-20:0\">\n<li data-sourcepos=\"14:1-14:35\"><strong>Tempo do voo:<\/strong> At\u00e9 25 minutos<\/li>\n<li data-sourcepos=\"15:1-15:48\"><strong>Capacidade m\u00e1xima de carga \u00fatil:<\/strong> 4,8 libras (2,2 kg)<\/li>\n<li data-sourcepos=\"16:1-16:45\"><strong>Alcance de lan\u00e7amento:<\/strong> At\u00e9 0,8 milhas (1,3 km)<\/li>\n<li data-sourcepos=\"17:1-17:55\"><strong>Resist\u00eancia ao vento:<\/strong> At\u00e9 o n\u00edvel 7 (20 m\/s ou 38 mph)<\/li>\n<li data-sourcepos=\"18:1-18:35\"><strong>Bateria:<\/strong> LiHV 6S de alta tens\u00e3o<\/li>\n<li data-sourcepos=\"19:1-20:0\"><strong>Aplicativo:<\/strong> Aplicativo SwellPro (dispon\u00edvel para iOS e Android)<\/li>\n<\/ul>\n<p data-sourcepos=\"21:1-21:55\">No geral, o drone de pesca \u00e0 prova d&#039;\u00e1gua Fisherman FD1+ \u00e9 uma \u00f3tima op\u00e7\u00e3o para pescadores que desejam se aventurar na pesca com drone. \u00c9 f\u00e1cil de usar, tem longa autonomia de voo e pode transportar cargas pesadas.<\/p>\n<p data-sourcepos=\"23:1-23:106\">Aqui est\u00e3o algumas coisas adicionais a serem consideradas antes de comprar o drone de pesca \u00e0 prova d&#039;\u00e1gua Fisherman FD1+:<\/p>\n<ul data-sourcepos=\"25:1-27:244\">\n<li data-sourcepos=\"25:1-25:166\"><strong>Regulamentos de pesca com drones:<\/strong> As regulamenta\u00e7\u00f5es para pesca com drones variam de acordo com o local. Certifique-se de verificar as regulamenta\u00e7\u00f5es da sua regi\u00e3o antes de comprar um drone para pescar.<\/li>\n<li data-sourcepos=\"26:1-26:230\"><strong>N\u00edvel de habilidade:<\/strong> Embora o FD1+ seja f\u00e1cil de pilotar, \u00e9 preciso pr\u00e1tica para dominar a pesca com drone. Se voc\u00ea \u00e9 iniciante, pode considerar fazer um curso de pilotagem de drones antes de come\u00e7ar a usar um drone para pescar.<\/li>\n<li data-sourcepos=\"27:1-27:244\"><strong>Custo:<\/strong> O Fisherman FD1+ \u00e9 um drone relativamente acess\u00edvel, mas ainda assim \u00e9 um investimento. Considere o custo do drone, bem como quaisquer acess\u00f3rios adicionais que voc\u00ea possa precisar, como baterias extras e mecanismos de libera\u00e7\u00e3o de iscas.<\/li>\n<\/ul>\n<div class=\"response-container-content ng-tns-c1912281619-69\">\n<div class=\"response-content ng-tns-c1912281619-69\">\n<div class=\"markdown markdown-main-panel\" dir=\"ltr\">\n<p class=\"first-token\" data-sourcepos=\"1:1-1:17\">O drone de pesca \u00e0 prova d&#039;\u00e1gua Fisherman FD1+ vem com o seguinte na caixa:<\/p>\n<ul data-sourcepos=\"3:1-5:2\">\n<li data-sourcepos=\"3:1-3:13\">1x Aeronave<\/li>\n<li data-sourcepos=\"4:1-4:22\">1x Controlador remoto<\/li>\n<li data-sourcepos=\"5:1-5:2\">1x Libera\u00e7\u00e3o de Carga Dupla<\/li>\n<li data-sourcepos=\"6:1-6:22\">2x H\u00e9lices (Par)<\/li>\n<li data-sourcepos=\"7:1-7:19\">1x Bateria de voo<\/li>\n<li data-sourcepos=\"8:1-8:32\">1x Carregador de bateria e cabo<\/li>\n<li data-sourcepos=\"9:1-9:18\">1x adaptador de energia<\/li>\n<li data-sourcepos=\"10:1-12:0\">1x Cabo USB-C<\/li>\n<\/ul>\n<\/div>\n<\/div>\n<\/div>","protected":false},"excerpt":{"rendered":"<p>O Drone de Pesca \u00e0 Prova d&#039;\u00c1gua Fisherman FD1+ \u00e9 um drone b\u00e1sico projetado especificamente para iniciantes na pesca com drone. \u00c9 uma vers\u00e3o simplificada, por\u00e9m aprimorada, do SplashDrone 3+, que remove todos os recursos desnecess\u00e1rios que n\u00e3o contribuem para a queda da isca, reduzindo assim o custo.<\/p>","protected":false},"featured_media":19509,"comment_status":"open","ping_status":"closed","template":"","meta":[],"product_brand":[],"product_cat":[29,303,278],"product_tag":[951,279],"class_list":{"0":"post-19508","1":"product","2":"type-product","3":"status-publish","4":"has-post-thumbnail","6":"product_cat-drones","7":"product_cat-drones-sweellpro","8":"product_cat-swellpro","9":"product_tag-fisherman-fd1-plus","10":"product_tag-swellpro","12":"first","13":"onbackorder","14":"taxable","15":"shipping-taxable","16":"product-type-simple"},"yoast_head":"<!-- This site is optimized with the Yoast SEO plugin v27.1.1 - https:\/\/yoast.com\/product\/yoast-seo-wordpress\/ -->\n<title>Fisherman FD1+ WaterProof Fishing Drone - Ghostysky<\/title>\n<meta name=\"description\" content=\"The Fisherman FD1+ WaterProof Fishing Drone is an entry-level drone designed specifically for those who are new to drone fishing. It is a simplified yet enhanced version of SplashDrone 3+ removing all the unnecessary features that don&#039;t contribute to bait dropping, thus reducing the cost.\" \/>\n<meta name=\"robots\" content=\"index, follow, max-snippet:-1, max-image-preview:large, max-video-preview:-1\" \/>\n<link rel=\"canonical\" href=\"https:\/\/www.ghostysky.com\/pt\/produto-2\/fisherman-fd1-waterproof-fishing-drone\/\" \/>\n<meta property=\"og:locale\" content=\"pt_PT\" \/>\n<meta property=\"og:type\" content=\"article\" \/>\n<meta property=\"og:title\" content=\"Fisherman FD1+ WaterProof Fishing Drone - Ghostysky\" \/>\n<meta property=\"og:description\" content=\"The Fisherman FD1+ WaterProof Fishing Drone is an entry-level drone designed specifically for those who are new to drone fishing. It is a simplified yet enhanced version of SplashDrone 3+ removing all the unnecessary features that don&#039;t contribute to bait dropping, thus reducing the cost.\" \/>\n<meta property=\"og:url\" content=\"https:\/\/www.ghostysky.com\/pt\/produto-2\/fisherman-fd1-waterproof-fishing-drone\/\" \/>\n<meta property=\"og:site_name\" content=\"Ghostysky\" \/>\n<meta property=\"article:publisher\" content=\"https:\/\/www.facebook.com\/people\/Ghostysky\/100057676170234\/\" \/>\n<meta property=\"article:modified_time\" content=\"2025-10-14T11:25:44+00:00\" \/>\n<meta property=\"og:image\" content=\"https:\/\/www.ghostysky.com\/wp-content\/uploads\/2024\/07\/Swellpro_FD14.jpg\" \/>\n\t<meta property=\"og:image:width\" content=\"800\" \/>\n\t<meta property=\"og:image:height\" content=\"800\" \/>\n\t<meta property=\"og:image:type\" content=\"image\/jpeg\" \/>\n<meta name=\"twitter:card\" content=\"summary_large_image\" \/>\n<meta name=\"twitter:site\" content=\"@Gh0stysky\" \/>\n<meta name=\"twitter:label1\" content=\"Tempo estimado de leitura\" \/>\n\t<meta name=\"twitter:data1\" content=\"2 minutos\" \/>\n<script type=\"application\/ld+json\" class=\"yoast-schema-graph\">{\"@context\":\"https:\/\/schema.org\",\"@graph\":[{\"@type\":\"WebPage\",\"@id\":\"https:\/\/www.ghostysky.com\/product\/fisherman-fd1-waterproof-fishing-drone\/\",\"url\":\"https:\/\/www.ghostysky.com\/product\/fisherman-fd1-waterproof-fishing-drone\/\",\"name\":\"Fisherman FD1+ WaterProof Fishing Drone - Ghostysky\",\"isPartOf\":{\"@id\":\"https:\/\/www.ghostysky.com\/#website\"},\"primaryImageOfPage\":{\"@id\":\"https:\/\/www.ghostysky.com\/product\/fisherman-fd1-waterproof-fishing-drone\/#primaryimage\"},\"image\":{\"@id\":\"https:\/\/www.ghostysky.com\/product\/fisherman-fd1-waterproof-fishing-drone\/#primaryimage\"},\"thumbnailUrl\":\"https:\/\/www.ghostysky.com\/wp-content\/uploads\/2024\/07\/Swellpro_FD14.jpg\",\"datePublished\":\"2024-07-19T10:01:19+00:00\",\"dateModified\":\"2025-10-14T11:25:44+00:00\",\"description\":\"The Fisherman FD1+ WaterProof Fishing Drone is an entry-level drone designed specifically for those who are new to drone fishing. It is a simplified yet enhanced version of SplashDrone 3+ removing all the unnecessary features that don't contribute to bait dropping, thus reducing the cost.\",\"breadcrumb\":{\"@id\":\"https:\/\/www.ghostysky.com\/product\/fisherman-fd1-waterproof-fishing-drone\/#breadcrumb\"},\"inLanguage\":\"pt-PT\",\"potentialAction\":[{\"@type\":\"ReadAction\",\"target\":[\"https:\/\/www.ghostysky.com\/product\/fisherman-fd1-waterproof-fishing-drone\/\"]}]},{\"@type\":\"ImageObject\",\"inLanguage\":\"pt-PT\",\"@id\":\"https:\/\/www.ghostysky.com\/product\/fisherman-fd1-waterproof-fishing-drone\/#primaryimage\",\"url\":\"https:\/\/www.ghostysky.com\/wp-content\/uploads\/2024\/07\/Swellpro_FD14.jpg\",\"contentUrl\":\"https:\/\/www.ghostysky.com\/wp-content\/uploads\/2024\/07\/Swellpro_FD14.jpg\",\"width\":800,\"height\":800},{\"@type\":\"BreadcrumbList\",\"@id\":\"https:\/\/www.ghostysky.com\/product\/fisherman-fd1-waterproof-fishing-drone\/#breadcrumb\",\"itemListElement\":[{\"@type\":\"ListItem\",\"position\":1,\"name\":\"Home\",\"item\":\"https:\/\/www.ghostysky.com\/\"},{\"@type\":\"ListItem\",\"position\":2,\"name\":\"Shop\",\"item\":\"https:\/\/www.ghostysky.com\/shop\/\"},{\"@type\":\"ListItem\",\"position\":3,\"name\":\"Fisherman FD1+ WaterProof Fishing Drone\"}]},{\"@type\":\"WebSite\",\"@id\":\"https:\/\/www.ghostysky.com\/#website\",\"url\":\"https:\/\/www.ghostysky.com\/\",\"name\":\"Ghostysky\",\"description\":\"Delivering professional drones and services\",\"publisher\":{\"@id\":\"https:\/\/www.ghostysky.com\/#organization\"},\"potentialAction\":[{\"@type\":\"SearchAction\",\"target\":{\"@type\":\"EntryPoint\",\"urlTemplate\":\"https:\/\/www.ghostysky.com\/?s={search_term_string}\"},\"query-input\":{\"@type\":\"PropertyValueSpecification\",\"valueRequired\":true,\"valueName\":\"search_term_string\"}}],\"inLanguage\":\"pt-PT\"},{\"@type\":\"Organization\",\"@id\":\"https:\/\/www.ghostysky.com\/#organization\",\"name\":\"Ghostysky\",\"url\":\"https:\/\/www.ghostysky.com\/\",\"logo\":{\"@type\":\"ImageObject\",\"inLanguage\":\"pt-PT\",\"@id\":\"https:\/\/www.ghostysky.com\/#\/schema\/logo\/image\/\",\"url\":\"https:\/\/www.ghostysky.com\/wp-content\/uploads\/2020\/06\/cropped-ghostyskylogo_text_white2.png\",\"contentUrl\":\"https:\/\/www.ghostysky.com\/wp-content\/uploads\/2020\/06\/cropped-ghostyskylogo_text_white2.png\",\"width\":169,\"height\":56,\"caption\":\"Ghostysky\"},\"image\":{\"@id\":\"https:\/\/www.ghostysky.com\/#\/schema\/logo\/image\/\"},\"sameAs\":[\"https:\/\/www.facebook.com\/people\/Ghostysky\/100057676170234\/\",\"https:\/\/x.com\/Gh0stysky\",\"https:\/\/www.linkedin.com\/company\/34739653\",\"https:\/\/www.instagram.com\/gh0stysky\"]}]}<\/script>\n<!-- \/ Yoast SEO plugin. -->","yoast_head_json":{"title":"Drone de pesca \u00e0 prova d&#039;\u00e1gua Fisherman FD1+ - Ghostysky","description":"O Drone de Pesca \u00e0 Prova d&#039;\u00c1gua Fisherman FD1+ \u00e9 um drone b\u00e1sico projetado especificamente para iniciantes na pesca com drone. \u00c9 uma vers\u00e3o simplificada, por\u00e9m aprimorada, do SplashDrone 3+, que remove todos os recursos desnecess\u00e1rios que n\u00e3o contribuem para a queda da isca, reduzindo assim o custo.","robots":{"index":"index","follow":"follow","max-snippet":"max-snippet:-1","max-image-preview":"max-image-preview:large","max-video-preview":"max-video-preview:-1"},"canonical":"https:\/\/www.ghostysky.com\/pt\/produto-2\/fisherman-fd1-waterproof-fishing-drone\/","og_locale":"pt_PT","og_type":"article","og_title":"Fisherman FD1+ WaterProof Fishing Drone - Ghostysky","og_description":"The Fisherman FD1+ WaterProof Fishing Drone is an entry-level drone designed specifically for those who are new to drone fishing. It is a simplified yet enhanced version of SplashDrone 3+ removing all the unnecessary features that don't contribute to bait dropping, thus reducing the cost.","og_url":"https:\/\/www.ghostysky.com\/pt\/produto-2\/fisherman-fd1-waterproof-fishing-drone\/","og_site_name":"Ghostysky","article_publisher":"https:\/\/www.facebook.com\/people\/Ghostysky\/100057676170234\/","article_modified_time":"2025-10-14T11:25:44+00:00","og_image":[{"width":800,"height":800,"url":"https:\/\/www.ghostysky.com\/wp-content\/uploads\/2024\/07\/Swellpro_FD14.jpg","type":"image\/jpeg"}],"twitter_card":"summary_large_image","twitter_site":"@Gh0stysky","twitter_misc":{"Tempo estimado de leitura":"2 minutos"},"schema":{"@context":"https:\/\/schema.org","@graph":[{"@type":"WebPage","@id":"https:\/\/www.ghostysky.com\/product\/fisherman-fd1-waterproof-fishing-drone\/","url":"https:\/\/www.ghostysky.com\/product\/fisherman-fd1-waterproof-fishing-drone\/","name":"Drone de pesca \u00e0 prova d&#039;\u00e1gua Fisherman FD1+ - Ghostysky","isPartOf":{"@id":"https:\/\/www.ghostysky.com\/#website"},"primaryImageOfPage":{"@id":"https:\/\/www.ghostysky.com\/product\/fisherman-fd1-waterproof-fishing-drone\/#primaryimage"},"image":{"@id":"https:\/\/www.ghostysky.com\/product\/fisherman-fd1-waterproof-fishing-drone\/#primaryimage"},"thumbnailUrl":"https:\/\/www.ghostysky.com\/wp-content\/uploads\/2024\/07\/Swellpro_FD14.jpg","datePublished":"2024-07-19T10:01:19+00:00","dateModified":"2025-10-14T11:25:44+00:00","description":"O Drone de Pesca \u00e0 Prova d&#039;\u00c1gua Fisherman FD1+ \u00e9 um drone b\u00e1sico projetado especificamente para iniciantes na pesca com drone. \u00c9 uma vers\u00e3o simplificada, por\u00e9m aprimorada, do SplashDrone 3+, que remove todos os recursos desnecess\u00e1rios que n\u00e3o contribuem para a queda da isca, reduzindo assim o custo.","breadcrumb":{"@id":"https:\/\/www.ghostysky.com\/product\/fisherman-fd1-waterproof-fishing-drone\/#breadcrumb"},"inLanguage":"pt-PT","potentialAction":[{"@type":"ReadAction","target":["https:\/\/www.ghostysky.com\/product\/fisherman-fd1-waterproof-fishing-drone\/"]}]},{"@type":"ImageObject","inLanguage":"pt-PT","@id":"https:\/\/www.ghostysky.com\/product\/fisherman-fd1-waterproof-fishing-drone\/#primaryimage","url":"https:\/\/www.ghostysky.com\/wp-content\/uploads\/2024\/07\/Swellpro_FD14.jpg","contentUrl":"https:\/\/www.ghostysky.com\/wp-content\/uploads\/2024\/07\/Swellpro_FD14.jpg","width":800,"height":800},{"@type":"BreadcrumbList","@id":"https:\/\/www.ghostysky.com\/product\/fisherman-fd1-waterproof-fishing-drone\/#breadcrumb","itemListElement":[{"@type":"ListItem","position":1,"name":"Home","item":"https:\/\/www.ghostysky.com\/"},{"@type":"ListItem","position":2,"name":"Shop","item":"https:\/\/www.ghostysky.com\/shop\/"},{"@type":"ListItem","position":3,"name":"Fisherman FD1+ WaterProof Fishing Drone"}]},{"@type":"WebSite","@id":"https:\/\/www.ghostysky.com\/#website","url":"https:\/\/www.ghostysky.com\/","name":"Ghostysky","description":"Fornecendo drones e servi\u00e7os profissionais","publisher":{"@id":"https:\/\/www.ghostysky.com\/#organization"},"potentialAction":[{"@type":"SearchAction","target":{"@type":"EntryPoint","urlTemplate":"https:\/\/www.ghostysky.com\/?s={search_term_string}"},"query-input":{"@type":"PropertyValueSpecification","valueRequired":true,"valueName":"search_term_string"}}],"inLanguage":"pt-PT"},{"@type":"Organization","@id":"https:\/\/www.ghostysky.com\/#organization","name":"Ghostysky","url":"https:\/\/www.ghostysky.com\/","logo":{"@type":"ImageObject","inLanguage":"pt-PT","@id":"https:\/\/www.ghostysky.com\/#\/schema\/logo\/image\/","url":"https:\/\/www.ghostysky.com\/wp-content\/uploads\/2020\/06\/cropped-ghostyskylogo_text_white2.png","contentUrl":"https:\/\/www.ghostysky.com\/wp-content\/uploads\/2020\/06\/cropped-ghostyskylogo_text_white2.png","width":169,"height":56,"caption":"Ghostysky"},"image":{"@id":"https:\/\/www.ghostysky.com\/#\/schema\/logo\/image\/"},"sameAs":["https:\/\/www.facebook.com\/people\/Ghostysky\/100057676170234\/","https:\/\/x.com\/Gh0stysky","https:\/\/www.linkedin.com\/company\/34739653","https:\/\/www.instagram.com\/gh0stysky"]}]}},"_links":{"self":[{"href":"https:\/\/www.ghostysky.com\/pt\/wp-json\/wp\/v2\/product\/19508","targetHints":{"allow":["GET"]}}],"collection":[{"href":"https:\/\/www.ghostysky.com\/pt\/wp-json\/wp\/v2\/product"}],"about":[{"href":"https:\/\/www.ghostysky.com\/pt\/wp-json\/wp\/v2\/types\/product"}],"replies":[{"embeddable":true,"href":"https:\/\/www.ghostysky.com\/pt\/wp-json\/wp\/v2\/comments?post=19508"}],"wp:featuredmedia":[{"embeddable":true,"href":"https:\/\/www.ghostysky.com\/pt\/wp-json\/wp\/v2\/media\/19509"}],"wp:attachment":[{"href":"https:\/\/www.ghostysky.com\/pt\/wp-json\/wp\/v2\/media?parent=19508"}],"wp:term":[{"taxonomy":"product_brand","embeddable":true,"href":"https:\/\/www.ghostysky.com\/pt\/wp-json\/wp\/v2\/product_brand?post=19508"},{"taxonomy":"product_cat","embeddable":true,"href":"https:\/\/www.ghostysky.com\/pt\/wp-json\/wp\/v2\/product_cat?post=19508"},{"taxonomy":"product_tag","embeddable":true,"href":"https:\/\/www.ghostysky.com\/pt\/wp-json\/wp\/v2\/product_tag?post=19508"}],"curies":[{"name":"wp","href":"https:\/\/api.w.org\/{rel}","templated":true}]}}