{"id":19554,"date":"2024-08-08T13:44:16","date_gmt":"2024-08-08T13:44:16","guid":{"rendered":"https:\/\/www.ghostysky.com\/?post_type=product&#038;p=19554"},"modified":"2025-10-18T04:30:36","modified_gmt":"2025-10-18T04:30:36","slug":"dji-zenmuse-h30t-worry-free-basic-combo","status":"publish","type":"product","link":"https:\/\/www.ghostysky.com\/pt\/product\/dji-zenmuse-h30t-worry-free-basic-combo\/","title":{"rendered":"Combo b\u00e1sico sem preocupa\u00e7\u00f5es DJI Zenmuse H30T"},"content":{"rendered":"<p data-sourcepos=\"5:1-5:25\"><strong>Os principais recursos incluem:<\/strong><\/p>\n<ul data-sourcepos=\"7:1-12:0\">\n<li data-sourcepos=\"7:1-7:168\"><strong><span class=\"citation-2 recitation\">Sistema de c\u00e2mera vers\u00e1til:<\/span><\/strong><span class=\"citation-2 recitation citation-end-2\"> Equipado com uma c\u00e2mera com zoom de alta resolu\u00e7\u00e3o para fotos detalhadas de longo alcance e uma c\u00e2mera grande angular para percep\u00e7\u00e3o situacional.<\/span><span class=\"button-container ng-star-inserted\"> \u00a0 <button class=\"mat-mdc-tooltip-trigger button image-fade-on hide-from-message-actions\" aria-controls=\"sources\" aria-expanded=\"false\" aria-describedby=\"cdk-describedby-message-ng-1-31\"><\/button><\/span>\n<div class=\"container\">\n<div class=\"carousel-container ng-star-inserted\">\n<div class=\"carousel-content\">\n<div class=\"sources-carousel-source hide ng-star-inserted\" data-test-id=\"sources-carousel-source\">\n<div class=\"source-card-container\">\n<div class=\"source-card-content\">\n<div class=\"source-card-body\">\n<div class=\"source-card-header\">\n<div class=\"source-card-title\"><span class=\"source-card-title-index ng-star-inserted\">1.<\/span><span class=\"ellipsis clamp-two-lines\"> Compre o Zenmuse H30 Worry-Free Basic Combo \u2013 Loja DJI <\/span><\/div>\n<\/div>\n<\/div>\n<\/div>\n<\/div>\n<\/div>\n<\/div>\n<\/div>\n<\/div>\n<\/li>\n<li data-sourcepos=\"8:1-8:174\"><strong>Imagem t\u00e9rmica avan\u00e7ada:<\/strong> <span class=\"citation-3 recitation citation-end-3\">O modelo H30T oferece uma c\u00e2mera t\u00e9rmica para tarefas eficazes de busca e resgate, inspe\u00e7\u00e3o e monitoramento em condi\u00e7\u00f5es de pouca luz.<\/span><span class=\"button-container ng-star-inserted\"> \u00a0 <button class=\"mat-mdc-tooltip-trigger button image-fade-on hide-from-message-actions\" aria-controls=\"sources\" aria-expanded=\"false\" aria-describedby=\"cdk-describedby-message-ng-1-31\"><\/button><\/span>\n<div class=\"container\">\n<div class=\"carousel-container ng-star-inserted\">\n<div class=\"carousel-content\">\n<div class=\"sources-carousel-source hide ng-star-inserted\" data-test-id=\"sources-carousel-source\">\n<div class=\"source-card-container\">\n<div class=\"source-card-content\">\n<div class=\"source-card-body\">\n<div class=\"source-card-header\">\n<div class=\"source-card-title\"><span class=\"source-card-title-index ng-star-inserted\">1.<\/span><span class=\"ellipsis clamp-two-lines\"> Novo DJI Zenmuse H30\/H30T \u2013 capacidades inovadoras | Blog MegaDron <\/span><\/div>\n<\/div>\n<\/div>\n<\/div>\n<\/div>\n<\/div>\n<\/div>\n<\/div>\n<\/div>\n<\/li>\n<li data-sourcepos=\"9:1-9:114\"><strong><span class=\"citation-4 recitation\">Tel\u00eametro a laser:<\/span><\/strong><span class=\"citation-4 recitation citation-end-4\"> Mede com precis\u00e3o dist\u00e2ncias de at\u00e9 3.000 metros para coleta precisa de dados.<\/span><span class=\"button-container ng-star-inserted\"> \u00a0 <button class=\"mat-mdc-tooltip-trigger button image-fade-on hide-from-message-actions\" aria-controls=\"sources\" aria-expanded=\"false\" aria-describedby=\"cdk-describedby-message-ng-1-31\"><\/button><\/span>\n<div class=\"container\">\n<div class=\"carousel-container ng-star-inserted\">\n<div class=\"carousel-content\">\n<div class=\"sources-carousel-source hide ng-star-inserted\" data-test-id=\"sources-carousel-source\">\n<div class=\"source-card-container\">\n<div class=\"source-card-content\">\n<div class=\"source-card-body\">\n<div class=\"source-card-header\">\n<div class=\"source-card-title\"><span class=\"source-card-title-index ng-star-inserted\">1.<\/span><span class=\"ellipsis clamp-two-lines\"> DJI Zenmuse H30\/H30T \u2013 Perguntas frequentes | Blog MegaDron <\/span><\/div>\n<\/div>\n<\/div>\n<\/div>\n<\/div>\n<\/div>\n<\/div>\n<\/div>\n<\/div>\n<\/li>\n<li data-sourcepos=\"10:1-10:128\"><strong>Desempenho poderoso:<\/strong> Oferece qualidade de imagem excepcional, longos tempos de voo e opera\u00e7\u00e3o confi\u00e1vel em v\u00e1rios ambientes.<\/li>\n<li data-sourcepos=\"11:1-12:0\"><strong>Combo b\u00e1sico sem preocupa\u00e7\u00f5es:<\/strong> Inclui prote\u00e7\u00e3o abrangente com at\u00e9 duas substitui\u00e7\u00f5es ou reparos gratuitos dentro de um ano para danos acidentais.<\/li>\n<\/ul>\n<p data-sourcepos=\"13:1-13:14\"><strong>Ideal para:<\/strong><\/p>\n<ul data-sourcepos=\"15:1-20:0\">\n<li data-sourcepos=\"15:1-15:15\">Seguran\u00e7a p\u00fablica<\/li>\n<li data-sourcepos=\"16:1-16:13\">Inspe\u00e7\u00f5es<\/li>\n<li data-sourcepos=\"17:1-17:27\">Monitoramento de infraestrutura<\/li>\n<li data-sourcepos=\"18:1-18:19\">Busca e salvamento<\/li>\n<li data-sourcepos=\"19:1-20:0\">E mais<\/li>\n<\/ul>\n<p data-sourcepos=\"21:1-21:128\"><strong>Observa\u00e7\u00e3o:<\/strong> <span class=\"citation-5 recitation citation-end-5\">O H30T requer um drone DJI compat\u00edvel, como o Matrice 300 RTK ou Matrice 350 RTK, para opera\u00e7\u00e3o<\/span><\/p>","protected":false},"excerpt":{"rendered":"<p><strong>O DJI Zenmuse H30T Worry-Free Basic Combo \u00e9 um payload multifuncional de alto desempenho projetado para aplica\u00e7\u00f5es profissionais de drones.<\/strong> Ele foi desenvolvido para suportar condi\u00e7\u00f5es clim\u00e1ticas adversas e oferecer desempenho excepcional dia e noite.<\/p>","protected":false},"featured_media":19555,"comment_status":"open","ping_status":"closed","template":"","meta":[],"product_brand":[],"product_cat":[298,622,37,253,621,29,1125,1127],"product_tag":[42,619,954],"class_list":{"0":"post-19554","1":"product","2":"type-product","3":"status-publish","4":"has-post-thumbnail","6":"product_cat-accessories-dji-mat-300-rtk","7":"product_cat-matrice-350-accessories","8":"product_cat-dji","9":"product_cat-dji-mat-300-rtk","10":"product_cat-dji-matrice-350-rtk","11":"product_cat-drones","12":"product_cat-matrice-400","13":"product_cat-matrice-400-accessories","14":"product_tag-dji","15":"product_tag-worry-free-basic-combo","16":"product_tag-zenmuse-h30t","18":"first","19":"outofstock","20":"taxable","21":"shipping-taxable","22":"purchasable","23":"product-type-simple"},"yoast_head":"<!-- This site is optimized with the Yoast SEO plugin v27.1.1 - https:\/\/yoast.com\/product\/yoast-seo-wordpress\/ -->\n<title>DJI Zenmuse H30T Worry-Free Basic Combo - Ghostysky<\/title>\n<meta name=\"description\" content=\"The DJI Zenmuse H30T Worry-Free Basic Combo is a high-performance, all-in-one payload designed for professional drone applications. It&#039;s built to withstand harsh weather conditions and deliver exceptional performance day and night.\" \/>\n<meta name=\"robots\" content=\"index, follow, max-snippet:-1, max-image-preview:large, max-video-preview:-1\" \/>\n<link rel=\"canonical\" href=\"https:\/\/www.ghostysky.com\/pt\/produto-2\/dji-zenmuse-h30t-worry-free-basic-combo\/\" \/>\n<meta property=\"og:locale\" content=\"pt_PT\" \/>\n<meta property=\"og:type\" content=\"article\" \/>\n<meta property=\"og:title\" content=\"DJI Zenmuse H30T Worry-Free Basic Combo - Ghostysky\" \/>\n<meta property=\"og:description\" content=\"The DJI Zenmuse H30T Worry-Free Basic Combo is a high-performance, all-in-one payload designed for professional drone applications. It&#039;s built to withstand harsh weather conditions and deliver exceptional performance day and night.\" \/>\n<meta property=\"og:url\" content=\"https:\/\/www.ghostysky.com\/pt\/produto-2\/dji-zenmuse-h30t-worry-free-basic-combo\/\" \/>\n<meta property=\"og:site_name\" content=\"Ghostysky\" \/>\n<meta property=\"article:publisher\" content=\"https:\/\/www.facebook.com\/people\/Ghostysky\/100057676170234\/\" \/>\n<meta property=\"article:modified_time\" content=\"2025-10-18T04:30:36+00:00\" \/>\n<meta property=\"og:image\" content=\"https:\/\/www.ghostysky.com\/wp-content\/uploads\/2024\/08\/GH_H30T_1.jpg\" \/>\n\t<meta property=\"og:image:width\" content=\"800\" \/>\n\t<meta property=\"og:image:height\" content=\"800\" \/>\n\t<meta property=\"og:image:type\" content=\"image\/jpeg\" \/>\n<meta name=\"twitter:card\" content=\"summary_large_image\" \/>\n<meta name=\"twitter:site\" content=\"@Gh0stysky\" \/>\n<meta name=\"twitter:label1\" content=\"Tempo estimado de leitura\" \/>\n\t<meta name=\"twitter:data1\" content=\"1 minuto\" \/>\n<script type=\"application\/ld+json\" class=\"yoast-schema-graph\">{\"@context\":\"https:\/\/schema.org\",\"@graph\":[{\"@type\":\"WebPage\",\"@id\":\"https:\/\/www.ghostysky.com\/product\/dji-zenmuse-h30t-worry-free-basic-combo\/\",\"url\":\"https:\/\/www.ghostysky.com\/product\/dji-zenmuse-h30t-worry-free-basic-combo\/\",\"name\":\"DJI Zenmuse H30T Worry-Free Basic Combo - Ghostysky\",\"isPartOf\":{\"@id\":\"https:\/\/www.ghostysky.com\/#website\"},\"primaryImageOfPage\":{\"@id\":\"https:\/\/www.ghostysky.com\/product\/dji-zenmuse-h30t-worry-free-basic-combo\/#primaryimage\"},\"image\":{\"@id\":\"https:\/\/www.ghostysky.com\/product\/dji-zenmuse-h30t-worry-free-basic-combo\/#primaryimage\"},\"thumbnailUrl\":\"https:\/\/www.ghostysky.com\/wp-content\/uploads\/2024\/08\/GH_H30T_1.jpg\",\"datePublished\":\"2024-08-08T13:44:16+00:00\",\"dateModified\":\"2025-10-18T04:30:36+00:00\",\"description\":\"The DJI Zenmuse H30T Worry-Free Basic Combo is a high-performance, all-in-one payload designed for professional drone applications. It's built to withstand harsh weather conditions and deliver exceptional performance day and night.\",\"breadcrumb\":{\"@id\":\"https:\/\/www.ghostysky.com\/product\/dji-zenmuse-h30t-worry-free-basic-combo\/#breadcrumb\"},\"inLanguage\":\"pt-PT\",\"potentialAction\":[{\"@type\":\"ReadAction\",\"target\":[\"https:\/\/www.ghostysky.com\/product\/dji-zenmuse-h30t-worry-free-basic-combo\/\"]}]},{\"@type\":\"ImageObject\",\"inLanguage\":\"pt-PT\",\"@id\":\"https:\/\/www.ghostysky.com\/product\/dji-zenmuse-h30t-worry-free-basic-combo\/#primaryimage\",\"url\":\"https:\/\/www.ghostysky.com\/wp-content\/uploads\/2024\/08\/GH_H30T_1.jpg\",\"contentUrl\":\"https:\/\/www.ghostysky.com\/wp-content\/uploads\/2024\/08\/GH_H30T_1.jpg\",\"width\":800,\"height\":800},{\"@type\":\"BreadcrumbList\",\"@id\":\"https:\/\/www.ghostysky.com\/product\/dji-zenmuse-h30t-worry-free-basic-combo\/#breadcrumb\",\"itemListElement\":[{\"@type\":\"ListItem\",\"position\":1,\"name\":\"Home\",\"item\":\"https:\/\/www.ghostysky.com\/\"},{\"@type\":\"ListItem\",\"position\":2,\"name\":\"Shop\",\"item\":\"https:\/\/www.ghostysky.com\/shop\/\"},{\"@type\":\"ListItem\",\"position\":3,\"name\":\"DJI Zenmuse H30T Worry-Free Basic Combo\"}]},{\"@type\":\"WebSite\",\"@id\":\"https:\/\/www.ghostysky.com\/#website\",\"url\":\"https:\/\/www.ghostysky.com\/\",\"name\":\"Ghostysky\",\"description\":\"Delivering professional drones and services\",\"publisher\":{\"@id\":\"https:\/\/www.ghostysky.com\/#organization\"},\"potentialAction\":[{\"@type\":\"SearchAction\",\"target\":{\"@type\":\"EntryPoint\",\"urlTemplate\":\"https:\/\/www.ghostysky.com\/?s={search_term_string}\"},\"query-input\":{\"@type\":\"PropertyValueSpecification\",\"valueRequired\":true,\"valueName\":\"search_term_string\"}}],\"inLanguage\":\"pt-PT\"},{\"@type\":\"Organization\",\"@id\":\"https:\/\/www.ghostysky.com\/#organization\",\"name\":\"Ghostysky\",\"url\":\"https:\/\/www.ghostysky.com\/\",\"logo\":{\"@type\":\"ImageObject\",\"inLanguage\":\"pt-PT\",\"@id\":\"https:\/\/www.ghostysky.com\/#\/schema\/logo\/image\/\",\"url\":\"https:\/\/www.ghostysky.com\/wp-content\/uploads\/2020\/06\/cropped-ghostyskylogo_text_white2.png\",\"contentUrl\":\"https:\/\/www.ghostysky.com\/wp-content\/uploads\/2020\/06\/cropped-ghostyskylogo_text_white2.png\",\"width\":169,\"height\":56,\"caption\":\"Ghostysky\"},\"image\":{\"@id\":\"https:\/\/www.ghostysky.com\/#\/schema\/logo\/image\/\"},\"sameAs\":[\"https:\/\/www.facebook.com\/people\/Ghostysky\/100057676170234\/\",\"https:\/\/x.com\/Gh0stysky\",\"https:\/\/www.linkedin.com\/company\/34739653\",\"https:\/\/www.instagram.com\/gh0stysky\"]}]}<\/script>\n<!-- \/ Yoast SEO plugin. -->","yoast_head_json":{"title":"DJI Zenmuse H30T Worry-Free Basic Combo - Ghostysky","description":"O DJI Zenmuse H30T Worry-Free Basic Combo \u00e9 um carregador multifuncional de alto desempenho projetado para aplica\u00e7\u00f5es profissionais com drones. Ele foi desenvolvido para suportar condi\u00e7\u00f5es clim\u00e1ticas adversas e oferecer desempenho excepcional dia e noite.","robots":{"index":"index","follow":"follow","max-snippet":"max-snippet:-1","max-image-preview":"max-image-preview:large","max-video-preview":"max-video-preview:-1"},"canonical":"https:\/\/www.ghostysky.com\/pt\/produto-2\/dji-zenmuse-h30t-worry-free-basic-combo\/","og_locale":"pt_PT","og_type":"article","og_title":"DJI Zenmuse H30T Worry-Free Basic Combo - Ghostysky","og_description":"The DJI Zenmuse H30T Worry-Free Basic Combo is a high-performance, all-in-one payload designed for professional drone applications. It's built to withstand harsh weather conditions and deliver exceptional performance day and night.","og_url":"https:\/\/www.ghostysky.com\/pt\/produto-2\/dji-zenmuse-h30t-worry-free-basic-combo\/","og_site_name":"Ghostysky","article_publisher":"https:\/\/www.facebook.com\/people\/Ghostysky\/100057676170234\/","article_modified_time":"2025-10-18T04:30:36+00:00","og_image":[{"width":800,"height":800,"url":"https:\/\/www.ghostysky.com\/wp-content\/uploads\/2024\/08\/GH_H30T_1.jpg","type":"image\/jpeg"}],"twitter_card":"summary_large_image","twitter_site":"@Gh0stysky","twitter_misc":{"Tempo estimado de leitura":"1 minuto"},"schema":{"@context":"https:\/\/schema.org","@graph":[{"@type":"WebPage","@id":"https:\/\/www.ghostysky.com\/product\/dji-zenmuse-h30t-worry-free-basic-combo\/","url":"https:\/\/www.ghostysky.com\/product\/dji-zenmuse-h30t-worry-free-basic-combo\/","name":"DJI Zenmuse H30T Worry-Free Basic Combo - Ghostysky","isPartOf":{"@id":"https:\/\/www.ghostysky.com\/#website"},"primaryImageOfPage":{"@id":"https:\/\/www.ghostysky.com\/product\/dji-zenmuse-h30t-worry-free-basic-combo\/#primaryimage"},"image":{"@id":"https:\/\/www.ghostysky.com\/product\/dji-zenmuse-h30t-worry-free-basic-combo\/#primaryimage"},"thumbnailUrl":"https:\/\/www.ghostysky.com\/wp-content\/uploads\/2024\/08\/GH_H30T_1.jpg","datePublished":"2024-08-08T13:44:16+00:00","dateModified":"2025-10-18T04:30:36+00:00","description":"O DJI Zenmuse H30T Worry-Free Basic Combo \u00e9 um carregador multifuncional de alto desempenho projetado para aplica\u00e7\u00f5es profissionais com drones. Ele foi desenvolvido para suportar condi\u00e7\u00f5es clim\u00e1ticas adversas e oferecer desempenho excepcional dia e noite.","breadcrumb":{"@id":"https:\/\/www.ghostysky.com\/product\/dji-zenmuse-h30t-worry-free-basic-combo\/#breadcrumb"},"inLanguage":"pt-PT","potentialAction":[{"@type":"ReadAction","target":["https:\/\/www.ghostysky.com\/product\/dji-zenmuse-h30t-worry-free-basic-combo\/"]}]},{"@type":"ImageObject","inLanguage":"pt-PT","@id":"https:\/\/www.ghostysky.com\/product\/dji-zenmuse-h30t-worry-free-basic-combo\/#primaryimage","url":"https:\/\/www.ghostysky.com\/wp-content\/uploads\/2024\/08\/GH_H30T_1.jpg","contentUrl":"https:\/\/www.ghostysky.com\/wp-content\/uploads\/2024\/08\/GH_H30T_1.jpg","width":800,"height":800},{"@type":"BreadcrumbList","@id":"https:\/\/www.ghostysky.com\/product\/dji-zenmuse-h30t-worry-free-basic-combo\/#breadcrumb","itemListElement":[{"@type":"ListItem","position":1,"name":"Home","item":"https:\/\/www.ghostysky.com\/"},{"@type":"ListItem","position":2,"name":"Shop","item":"https:\/\/www.ghostysky.com\/shop\/"},{"@type":"ListItem","position":3,"name":"DJI Zenmuse H30T Worry-Free Basic Combo"}]},{"@type":"WebSite","@id":"https:\/\/www.ghostysky.com\/#website","url":"https:\/\/www.ghostysky.com\/","name":"Ghostysky","description":"Fornecendo drones e servi\u00e7os profissionais","publisher":{"@id":"https:\/\/www.ghostysky.com\/#organization"},"potentialAction":[{"@type":"SearchAction","target":{"@type":"EntryPoint","urlTemplate":"https:\/\/www.ghostysky.com\/?s={search_term_string}"},"query-input":{"@type":"PropertyValueSpecification","valueRequired":true,"valueName":"search_term_string"}}],"inLanguage":"pt-PT"},{"@type":"Organization","@id":"https:\/\/www.ghostysky.com\/#organization","name":"Ghostysky","url":"https:\/\/www.ghostysky.com\/","logo":{"@type":"ImageObject","inLanguage":"pt-PT","@id":"https:\/\/www.ghostysky.com\/#\/schema\/logo\/image\/","url":"https:\/\/www.ghostysky.com\/wp-content\/uploads\/2020\/06\/cropped-ghostyskylogo_text_white2.png","contentUrl":"https:\/\/www.ghostysky.com\/wp-content\/uploads\/2020\/06\/cropped-ghostyskylogo_text_white2.png","width":169,"height":56,"caption":"Ghostysky"},"image":{"@id":"https:\/\/www.ghostysky.com\/#\/schema\/logo\/image\/"},"sameAs":["https:\/\/www.facebook.com\/people\/Ghostysky\/100057676170234\/","https:\/\/x.com\/Gh0stysky","https:\/\/www.linkedin.com\/company\/34739653","https:\/\/www.instagram.com\/gh0stysky"]}]}},"_links":{"self":[{"href":"https:\/\/www.ghostysky.com\/pt\/wp-json\/wp\/v2\/product\/19554","targetHints":{"allow":["GET"]}}],"collection":[{"href":"https:\/\/www.ghostysky.com\/pt\/wp-json\/wp\/v2\/product"}],"about":[{"href":"https:\/\/www.ghostysky.com\/pt\/wp-json\/wp\/v2\/types\/product"}],"replies":[{"embeddable":true,"href":"https:\/\/www.ghostysky.com\/pt\/wp-json\/wp\/v2\/comments?post=19554"}],"wp:featuredmedia":[{"embeddable":true,"href":"https:\/\/www.ghostysky.com\/pt\/wp-json\/wp\/v2\/media\/19555"}],"wp:attachment":[{"href":"https:\/\/www.ghostysky.com\/pt\/wp-json\/wp\/v2\/media?parent=19554"}],"wp:term":[{"taxonomy":"product_brand","embeddable":true,"href":"https:\/\/www.ghostysky.com\/pt\/wp-json\/wp\/v2\/product_brand?post=19554"},{"taxonomy":"product_cat","embeddable":true,"href":"https:\/\/www.ghostysky.com\/pt\/wp-json\/wp\/v2\/product_cat?post=19554"},{"taxonomy":"product_tag","embeddable":true,"href":"https:\/\/www.ghostysky.com\/pt\/wp-json\/wp\/v2\/product_tag?post=19554"}],"curies":[{"name":"wp","href":"https:\/\/api.w.org\/{rel}","templated":true}]}}