{"id":20165,"date":"2024-11-04T13:13:03","date_gmt":"2024-11-04T13:13:03","guid":{"rendered":"https:\/\/www.ghostysky.com\/?post_type=product&#038;p=20165"},"modified":"2024-11-05T05:51:22","modified_gmt":"2024-11-05T05:51:22","slug":"yuneec-h600-yunh600-enterprise","status":"publish","type":"product","link":"https:\/\/www.ghostysky.com\/pt\/product\/yuneec-h600-yunh600-enterprise\/","title":{"rendered":"Yuneec H600 Enterprise"},"content":{"rendered":"<h3 data-sourcepos=\"3:1-3:17\"><strong>Caracter\u00edsticas principais:<\/strong><\/h3>\n<ul data-sourcepos=\"3:1-9:0\">\n<li data-sourcepos=\"3:1-3:139\"><strong><span class=\"citation-3 recitation\">Design modular:<\/span><\/strong><span class=\"citation-3 recitation citation-end-3\"> Compat\u00edvel com uma vasta gama de sensores, incluindo c\u00e2maras, sensores LiDAR e sistemas de imagem t\u00e9rmica.<\/span><span class=\"button-container hide-from-message-actions ng-star-inserted\">\u00a0 \u00a0<\/span><\/li>\n<li data-sourcepos=\"4:1-4:96\"><strong>Posicionamento RTK:<\/strong> Posicionamento cinem\u00e1tico em tempo real para recolha e mapeamento precisos de dados.<\/li>\n<li data-sourcepos=\"5:1-5:91\"><strong>Longo tempo de v\u00f4o:<\/strong> <span class=\"citation-4 recitation citation-end-4\">At\u00e9 50 minutos de voo para miss\u00f5es prolongadas.<\/span><span class=\"button-container hide-from-message-actions ng-star-inserted\"> \u00a0<\/span><\/li>\n<li data-sourcepos=\"5:1-5:91\"><strong>Resist\u00eancia \u00e0 intemp\u00e9rie IP44:<\/strong> <span class=\"citation-5 recitation citation-end-5\">Capaz de operar em condi\u00e7\u00f5es meteorol\u00f3gicas desafiantes.<\/span><span class=\"button-container hide-from-message-actions ng-star-inserted\"> \u00a0 <\/span><\/li>\n<li data-sourcepos=\"5:1-5:91\"><strong>Modos de voo avan\u00e7ados:<\/strong> Modos de voo aut\u00f3nomo para recolha eficiente de dados.<\/li>\n<li data-sourcepos=\"8:1-9:0\"><strong><span class=\"citation-6 recitation\">Comando Remoto T-One:<\/span><\/strong><span class=\"citation-6 recitation citation-end-6\"> Comando remoto intuitivo com grande ecr\u00e3 sens\u00edvel ao toque.<\/span>\n<div class=\"container ng-tns-c950992431-93 hide\">\n<div class=\"carousel-container ng-tns-c950992431-93\"><\/div>\n<\/div>\n<\/li>\n<\/ul>\n<h3><strong>Especifica\u00e7\u00f5es:<\/strong><\/h3>\n<p data-sourcepos=\"12:1-12:172\"><em><b>DRONE:<\/b><\/em><\/p>\n<p data-sourcepos=\"12:1-12:172\">N\u00famero de h\u00e9lices: 6<br \/>\nDist\u00e2ncia do veio do motor: 610 mm<br \/>\nPeso (com suporte de gimbal, sem bateria e sensor) 3,53 libras (1,6 kg)<\/p>\n<p>Interfaces de expans\u00e3o reservadas:<br \/>\n\u2013 GPIO<br \/>\n\u2013 USB 3.0 Tipo A<br \/>\n\u2013 GMAC 1000 MB<br \/>\n\u2013 Porta Tipo C<br \/>\n\u2013 PWM<br \/>\n\u2013 UART<br \/>\n\u2013 Porta de alimenta\u00e7\u00e3o XT30<\/p>\n<p class=\"translation-block\">M\u00e1x. Peso do sensor: 2,20 libras (1kg)<br>\nM\u00e1x. Peso \u00e0 descolagem: 8,16 libras (3,7 kg)<br>\nBateria: Bateria Inteligente \u00danica<br>\nDimens\u00f5es da bateria: 178\u00d775\u00d772mm<br>\nPeso da bateria: 2,43 libras (1,1 kg)<br>\nCapacidade da bateria: 9800mAh<\/p>\n<p class=\"translation-block\">Dimens\u00f5es desdobradas do drone: 655\u00d7655\u00d7382mm<br>\nDimens\u00f5es dobradas do drone: 263 \u00d7 342 \u00d7 382 mm<br>\nDi\u00e2metro das h\u00e9lices: 293 mm<br>\nPasso da l\u00e2mina: 5,2 polegadas<br>\nM\u00e1x. Tempo de voo: 50 minutos<br>\nM\u00e1x. Dist\u00e2ncia de controlo remoto:<br>\nFCC: 9,32 milhas (15 km)<br>\nCE: 4,97 milhas (8 km)<\/p>\n<p class=\"translation-block\">Capacidade resist\u00eancia ao vento: 29 mph (13 m\/s)<br>\nClassifica\u00e7\u00e3o IP: IP44<\/p>\n<p class=\"translation-block\">M\u00e1x. Velocidade G de voo:<br>\nModo desportivo: 42,5 mph (19 m\/s)<br>\nModo de \u00e2ngulo: 22,36 mph (10 m\/s)<\/p>\n<p class=\"translation-block\">M\u00e1x. Altitude de voo: 4000m acima do MSL<br>\nM\u00e1x. Velocidade de subida: 11,18 mph (5 m\/s)<br>\nM\u00e1x. Velocidade de descida: 8,95 mph (4m\/s)<\/p>\n<p class=\"translation-block\">Sistema de posicionamento GNSS:<br>\nAntena compat\u00edvel com todas as bandas, m\u00f3dulo RTK opcional para navega\u00e7\u00e3o de alta precis\u00e3o:<br>\nGPS + GLONASS + BeiDou + GALILEU<br>\nOu modo GPS+RTK<br>\n(Antena dupla de navega\u00e7\u00e3o GPS) (opcional)<\/p>\n<p class=\"translation-block\">Precis\u00e3o de pairar:<br>\nVertical: \u00b10,5m (GPS)<br>\n\u00b10,1m (RTK)<br>\nHorizonte: \u00b11,5m(GPS)<br>\n\u00b10,1m (RTK)<\/p>\n<p class=\"translation-block\">Precis\u00e3o de posicionamento RTK:<br>\nVertical: 1,5 cm + 1 ppm<br>\nHorizonte: 1cm + 1ppm<\/p>\n<p><em><b>ESTA\u00c7\u00c3O TERRESTRE T-ONE REMOTA:<\/b><\/em><\/p>\n<p data-sourcepos=\"12:1-12:172\" class=\"translation-block\">Nome do produto: T-One<br>\nTamanho do ecr\u00e3: 7 polegadas<br>\nDimens\u00f5es do comando \u00e0 dist\u00e2ncia: 209,6 \u00d7 201,6 \u00d7 109 mm<br>\nResolu\u00e7\u00e3o do ecr\u00e3: 1920\u00d71200<br>\nM\u00e1x. brilho do ecr\u00e3: 1000nits<\/p>\n<p class=\"translation-block\">Hardware:<br>\nCortex-A72 + Cortex-A53<br>\nROM 32 GB + RAM 4 GB<br>\nGPS + GLONASS<\/p>\n<p class=\"translation-block\">Tempo de vida \u00fatil da bateria:<br>\n100% Brilho: Aproximadamente 5 horas<br>\n&lt;80% de brilho: mais de 7,5 horas<\/p>\n<p class=\"translation-block\">Peso: menos de 1,2 kg (2,65 lbs)<br>\nM\u00e1x. Dist\u00e2ncia do controlo remoto (na melhor condi\u00e7\u00e3o): = 15 km (9,32 milhas)<br>\nCanais: 16 canais<br>\nCanal de sinal de v\u00eddeo: OFDM de 2,4\/5,8 GHz<br>\nClassifica\u00e7\u00e3o IP: IP44<br>\nPorta de sa\u00edda de v\u00eddeo: HDMI<\/p>\n<p class=\"translation-block\">Portas Externas:<br>\nUSB 2.0 \/ USB 3.0 \/ HDMI \/ Micro SD \/ Tipo C<\/p>\n<p class=\"translation-block\">Capacidade da bateria: 7,6V 10000mAh (21700)<br>\nIntervalo de temperatura de funcionamento: -4\u00b0F~122\u00b0F (-20\u00b0C~ 50\u00b0C)<\/p>\n<p><em><b>CARREGADOR DE BALANCEAMENTO INTELIGENTE:<\/b><\/em><\/p>\n<p data-sourcepos=\"12:1-12:172\" class=\"translation-block\">Dimens\u00f5es do carregador: 150\u00d787\u00d765mm<br>\nCapacidade de carregamento: Pode ser carregada 1 bateria de cada vez<br>\nEcr\u00e3: Ecr\u00e3 OLED de duas cores de 0,96 polegadas<br>\nEntrada de alimenta\u00e7\u00e3o: 90 \u2013 264 Vca<br>\nIntervalo de temperatura de funcionamento: 14\u00b0F~122\u00b0F (-10\u00b0C~ 50\u00b0C)<br>\nM\u00e1x. Pot\u00eancia: 200W<\/p>\n<p data-sourcepos=\"12:1-12:172\"><em><strong>NA CAIXA:<\/strong><\/em><\/p>\n<p data-sourcepos=\"12:1-12:172\" class=\"translation-block\">1 x Drone Yuneec H600<br>\n1 x Comando \u00e0 dist\u00e2ncia T-One<br>\n5 x H\u00e9lices A no sentido dos ponteiros do rel\u00f3gio<br>\n5 x H\u00e9lices B no sentido anti-hor\u00e1rio<br>\n1 x Correia de pesco\u00e7o<br>\n1 x Cabo USB-C para USB-C<br>\n1 x Bateria de voo inteligente<br>\n1 x Carregador standard<br>\n1 x Manual do Utilizador<\/p>\n<p data-sourcepos=\"12:1-12:172\"><strong><span class=\"citation-7 recitation citation-end-7\">O Yuneec H600 \u00e9 uma plataforma de drones vers\u00e1til e poderosa, adequada para ind\u00fastrias como a constru\u00e7\u00e3o, agricultura, topografia e seguran\u00e7a p\u00fablica.<\/span><\/strong><\/p>\n<p data-sourcepos=\"12:1-12:172\">","protected":false},"excerpt":{"rendered":"<p><span class=\"citation-0 recitation citation-end-0\">O Yuneec H600 \u00e9 um drone empresarial de alto desempenho, concebido para aplica\u00e7\u00f5es profissionais.<\/span> <span class=\"citation-1 recitation citation-end-1\">Oferece um design modular, permitindo v\u00e1rias configura\u00e7\u00f5es de sensores para se adaptar a diferentes tarefas.<\/span> <span class=\"citation-2 recitation citation-end-2\">O H600 apresenta uma fuselagem robusta, sistemas redundantes e tecnologia avan\u00e7ada de controlo de voo para uma opera\u00e7\u00e3o segura e fi\u00e1vel.<\/span><\/p>\n<p><b>Op\u00e7\u00f5es de sensores<\/b><br \/>\n\u2013 E90-Pro<br \/>\n\u2013 E30Zx<br \/>\n\u2013 E45S<br \/>\n\u2013 ETx-Lite<br \/>\n\u2013 E20Tvx<br \/>\n\u2013 E20Tvx-Pro<\/p>","protected":false},"featured_media":20168,"comment_status":"open","ping_status":"closed","template":"","meta":[],"product_brand":[],"product_cat":[307,118],"product_tag":[1004,121],"class_list":{"0":"post-20165","1":"product","2":"type-product","3":"status-publish","4":"has-post-thumbnail","6":"product_cat-drones-yuneec","7":"product_cat-yuneec","8":"product_tag-h600","9":"product_tag-yuneec","11":"first","12":"onbackorder","13":"taxable","14":"shipping-taxable","15":"product-type-simple"},"yoast_head":"<!-- This site is optimized with the Yoast SEO plugin v27.1.1 - https:\/\/yoast.com\/product\/yoast-seo-wordpress\/ -->\n<title>Yuneec H600 Enterprise - Ghostysky<\/title>\n<meta name=\"description\" content=\"The Yuneec H600 is a high-performance enterprise drone designed for professional applications. It offers a modular design, allowing for various payload configurations to adapt to different tasks. The H600 features a robust airframe, redundant systems, and advanced flight control technology for safe and reliable operation.\" \/>\n<meta name=\"robots\" content=\"index, follow, max-snippet:-1, max-image-preview:large, max-video-preview:-1\" \/>\n<link rel=\"canonical\" href=\"https:\/\/www.ghostysky.com\/pt\/produto-2\/yuneec-h600-yunh600-enterprise\/\" \/>\n<meta property=\"og:locale\" content=\"pt_PT\" \/>\n<meta property=\"og:type\" content=\"article\" \/>\n<meta property=\"og:title\" content=\"Yuneec H600 Enterprise - Ghostysky\" \/>\n<meta property=\"og:description\" content=\"The Yuneec H600 is a high-performance enterprise drone designed for professional applications. It offers a modular design, allowing for various payload configurations to adapt to different tasks. The H600 features a robust airframe, redundant systems, and advanced flight control technology for safe and reliable operation.\" \/>\n<meta property=\"og:url\" content=\"https:\/\/www.ghostysky.com\/pt\/produto-2\/yuneec-h600-yunh600-enterprise\/\" \/>\n<meta property=\"og:site_name\" content=\"Ghostysky\" \/>\n<meta property=\"article:publisher\" content=\"https:\/\/www.facebook.com\/people\/Ghostysky\/100057676170234\/\" \/>\n<meta property=\"article:modified_time\" content=\"2024-11-05T05:51:22+00:00\" \/>\n<meta property=\"og:image\" content=\"https:\/\/www.ghostysky.com\/wp-content\/uploads\/2024\/11\/GH_Yuneec_H600_2.jpg\" \/>\n\t<meta property=\"og:image:width\" content=\"600\" \/>\n\t<meta property=\"og:image:height\" content=\"600\" \/>\n\t<meta property=\"og:image:type\" content=\"image\/jpeg\" \/>\n<meta name=\"twitter:card\" content=\"summary_large_image\" \/>\n<meta name=\"twitter:site\" content=\"@Gh0stysky\" \/>\n<meta name=\"twitter:label1\" content=\"Tempo estimado de leitura\" \/>\n\t<meta name=\"twitter:data1\" content=\"3 minutos\" \/>\n<script type=\"application\/ld+json\" class=\"yoast-schema-graph\">{\"@context\":\"https:\/\/schema.org\",\"@graph\":[{\"@type\":\"WebPage\",\"@id\":\"https:\/\/www.ghostysky.com\/product\/yuneec-h600-yunh600-enterprise\/\",\"url\":\"https:\/\/www.ghostysky.com\/product\/yuneec-h600-yunh600-enterprise\/\",\"name\":\"Yuneec H600 Enterprise - Ghostysky\",\"isPartOf\":{\"@id\":\"https:\/\/www.ghostysky.com\/#website\"},\"primaryImageOfPage\":{\"@id\":\"https:\/\/www.ghostysky.com\/product\/yuneec-h600-yunh600-enterprise\/#primaryimage\"},\"image\":{\"@id\":\"https:\/\/www.ghostysky.com\/product\/yuneec-h600-yunh600-enterprise\/#primaryimage\"},\"thumbnailUrl\":\"https:\/\/www.ghostysky.com\/wp-content\/uploads\/2024\/11\/GH_Yuneec_H600_2.jpg\",\"datePublished\":\"2024-11-04T13:13:03+00:00\",\"dateModified\":\"2024-11-05T05:51:22+00:00\",\"description\":\"The Yuneec H600 is a high-performance enterprise drone designed for professional applications. It offers a modular design, allowing for various payload configurations to adapt to different tasks. The H600 features a robust airframe, redundant systems, and advanced flight control technology for safe and reliable operation.\",\"breadcrumb\":{\"@id\":\"https:\/\/www.ghostysky.com\/product\/yuneec-h600-yunh600-enterprise\/#breadcrumb\"},\"inLanguage\":\"pt-PT\",\"potentialAction\":[{\"@type\":\"ReadAction\",\"target\":[\"https:\/\/www.ghostysky.com\/product\/yuneec-h600-yunh600-enterprise\/\"]}]},{\"@type\":\"ImageObject\",\"inLanguage\":\"pt-PT\",\"@id\":\"https:\/\/www.ghostysky.com\/product\/yuneec-h600-yunh600-enterprise\/#primaryimage\",\"url\":\"https:\/\/www.ghostysky.com\/wp-content\/uploads\/2024\/11\/GH_Yuneec_H600_2.jpg\",\"contentUrl\":\"https:\/\/www.ghostysky.com\/wp-content\/uploads\/2024\/11\/GH_Yuneec_H600_2.jpg\",\"width\":600,\"height\":600},{\"@type\":\"BreadcrumbList\",\"@id\":\"https:\/\/www.ghostysky.com\/product\/yuneec-h600-yunh600-enterprise\/#breadcrumb\",\"itemListElement\":[{\"@type\":\"ListItem\",\"position\":1,\"name\":\"Home\",\"item\":\"https:\/\/www.ghostysky.com\/\"},{\"@type\":\"ListItem\",\"position\":2,\"name\":\"Shop\",\"item\":\"https:\/\/www.ghostysky.com\/shop\/\"},{\"@type\":\"ListItem\",\"position\":3,\"name\":\"Yuneec H600 Enterprise\"}]},{\"@type\":\"WebSite\",\"@id\":\"https:\/\/www.ghostysky.com\/#website\",\"url\":\"https:\/\/www.ghostysky.com\/\",\"name\":\"Ghostysky\",\"description\":\"Delivering professional drones and services\",\"publisher\":{\"@id\":\"https:\/\/www.ghostysky.com\/#organization\"},\"potentialAction\":[{\"@type\":\"SearchAction\",\"target\":{\"@type\":\"EntryPoint\",\"urlTemplate\":\"https:\/\/www.ghostysky.com\/?s={search_term_string}\"},\"query-input\":{\"@type\":\"PropertyValueSpecification\",\"valueRequired\":true,\"valueName\":\"search_term_string\"}}],\"inLanguage\":\"pt-PT\"},{\"@type\":\"Organization\",\"@id\":\"https:\/\/www.ghostysky.com\/#organization\",\"name\":\"Ghostysky\",\"url\":\"https:\/\/www.ghostysky.com\/\",\"logo\":{\"@type\":\"ImageObject\",\"inLanguage\":\"pt-PT\",\"@id\":\"https:\/\/www.ghostysky.com\/#\/schema\/logo\/image\/\",\"url\":\"https:\/\/www.ghostysky.com\/wp-content\/uploads\/2020\/06\/cropped-ghostyskylogo_text_white2.png\",\"contentUrl\":\"https:\/\/www.ghostysky.com\/wp-content\/uploads\/2020\/06\/cropped-ghostyskylogo_text_white2.png\",\"width\":169,\"height\":56,\"caption\":\"Ghostysky\"},\"image\":{\"@id\":\"https:\/\/www.ghostysky.com\/#\/schema\/logo\/image\/\"},\"sameAs\":[\"https:\/\/www.facebook.com\/people\/Ghostysky\/100057676170234\/\",\"https:\/\/x.com\/Gh0stysky\",\"https:\/\/www.linkedin.com\/company\/34739653\",\"https:\/\/www.instagram.com\/gh0stysky\"]}]}<\/script>\n<!-- \/ Yoast SEO plugin. -->","yoast_head_json":{"title":"Yuneec H600 Enterprise - Ghostysky","description":"O Yuneec H600 \u00e9 um drone empresarial de alto desempenho projetado para aplica\u00e7\u00f5es profissionais. Ele oferece um design modular, permitindo diversas configura\u00e7\u00f5es de carga \u00fatil para se adaptar a diferentes tarefas. O H600 possui uma estrutura robusta, sistemas redundantes e tecnologia avan\u00e7ada de controle de voo para uma opera\u00e7\u00e3o segura e confi\u00e1vel.","robots":{"index":"index","follow":"follow","max-snippet":"max-snippet:-1","max-image-preview":"max-image-preview:large","max-video-preview":"max-video-preview:-1"},"canonical":"https:\/\/www.ghostysky.com\/pt\/produto-2\/yuneec-h600-yunh600-enterprise\/","og_locale":"pt_PT","og_type":"article","og_title":"Yuneec H600 Enterprise - Ghostysky","og_description":"The Yuneec H600 is a high-performance enterprise drone designed for professional applications. It offers a modular design, allowing for various payload configurations to adapt to different tasks. The H600 features a robust airframe, redundant systems, and advanced flight control technology for safe and reliable operation.","og_url":"https:\/\/www.ghostysky.com\/pt\/produto-2\/yuneec-h600-yunh600-enterprise\/","og_site_name":"Ghostysky","article_publisher":"https:\/\/www.facebook.com\/people\/Ghostysky\/100057676170234\/","article_modified_time":"2024-11-05T05:51:22+00:00","og_image":[{"width":600,"height":600,"url":"https:\/\/www.ghostysky.com\/wp-content\/uploads\/2024\/11\/GH_Yuneec_H600_2.jpg","type":"image\/jpeg"}],"twitter_card":"summary_large_image","twitter_site":"@Gh0stysky","twitter_misc":{"Tempo estimado de leitura":"3 minutos"},"schema":{"@context":"https:\/\/schema.org","@graph":[{"@type":"WebPage","@id":"https:\/\/www.ghostysky.com\/product\/yuneec-h600-yunh600-enterprise\/","url":"https:\/\/www.ghostysky.com\/product\/yuneec-h600-yunh600-enterprise\/","name":"Yuneec H600 Enterprise - Ghostysky","isPartOf":{"@id":"https:\/\/www.ghostysky.com\/#website"},"primaryImageOfPage":{"@id":"https:\/\/www.ghostysky.com\/product\/yuneec-h600-yunh600-enterprise\/#primaryimage"},"image":{"@id":"https:\/\/www.ghostysky.com\/product\/yuneec-h600-yunh600-enterprise\/#primaryimage"},"thumbnailUrl":"https:\/\/www.ghostysky.com\/wp-content\/uploads\/2024\/11\/GH_Yuneec_H600_2.jpg","datePublished":"2024-11-04T13:13:03+00:00","dateModified":"2024-11-05T05:51:22+00:00","description":"O Yuneec H600 \u00e9 um drone empresarial de alto desempenho projetado para aplica\u00e7\u00f5es profissionais. Ele oferece um design modular, permitindo diversas configura\u00e7\u00f5es de carga \u00fatil para se adaptar a diferentes tarefas. O H600 possui uma estrutura robusta, sistemas redundantes e tecnologia avan\u00e7ada de controle de voo para uma opera\u00e7\u00e3o segura e confi\u00e1vel.","breadcrumb":{"@id":"https:\/\/www.ghostysky.com\/product\/yuneec-h600-yunh600-enterprise\/#breadcrumb"},"inLanguage":"pt-PT","potentialAction":[{"@type":"ReadAction","target":["https:\/\/www.ghostysky.com\/product\/yuneec-h600-yunh600-enterprise\/"]}]},{"@type":"ImageObject","inLanguage":"pt-PT","@id":"https:\/\/www.ghostysky.com\/product\/yuneec-h600-yunh600-enterprise\/#primaryimage","url":"https:\/\/www.ghostysky.com\/wp-content\/uploads\/2024\/11\/GH_Yuneec_H600_2.jpg","contentUrl":"https:\/\/www.ghostysky.com\/wp-content\/uploads\/2024\/11\/GH_Yuneec_H600_2.jpg","width":600,"height":600},{"@type":"BreadcrumbList","@id":"https:\/\/www.ghostysky.com\/product\/yuneec-h600-yunh600-enterprise\/#breadcrumb","itemListElement":[{"@type":"ListItem","position":1,"name":"Home","item":"https:\/\/www.ghostysky.com\/"},{"@type":"ListItem","position":2,"name":"Shop","item":"https:\/\/www.ghostysky.com\/shop\/"},{"@type":"ListItem","position":3,"name":"Yuneec H600 Enterprise"}]},{"@type":"WebSite","@id":"https:\/\/www.ghostysky.com\/#website","url":"https:\/\/www.ghostysky.com\/","name":"Ghostysky","description":"Fornecendo drones e servi\u00e7os profissionais","publisher":{"@id":"https:\/\/www.ghostysky.com\/#organization"},"potentialAction":[{"@type":"SearchAction","target":{"@type":"EntryPoint","urlTemplate":"https:\/\/www.ghostysky.com\/?s={search_term_string}"},"query-input":{"@type":"PropertyValueSpecification","valueRequired":true,"valueName":"search_term_string"}}],"inLanguage":"pt-PT"},{"@type":"Organization","@id":"https:\/\/www.ghostysky.com\/#organization","name":"Ghostysky","url":"https:\/\/www.ghostysky.com\/","logo":{"@type":"ImageObject","inLanguage":"pt-PT","@id":"https:\/\/www.ghostysky.com\/#\/schema\/logo\/image\/","url":"https:\/\/www.ghostysky.com\/wp-content\/uploads\/2020\/06\/cropped-ghostyskylogo_text_white2.png","contentUrl":"https:\/\/www.ghostysky.com\/wp-content\/uploads\/2020\/06\/cropped-ghostyskylogo_text_white2.png","width":169,"height":56,"caption":"Ghostysky"},"image":{"@id":"https:\/\/www.ghostysky.com\/#\/schema\/logo\/image\/"},"sameAs":["https:\/\/www.facebook.com\/people\/Ghostysky\/100057676170234\/","https:\/\/x.com\/Gh0stysky","https:\/\/www.linkedin.com\/company\/34739653","https:\/\/www.instagram.com\/gh0stysky"]}]}},"_links":{"self":[{"href":"https:\/\/www.ghostysky.com\/pt\/wp-json\/wp\/v2\/product\/20165","targetHints":{"allow":["GET"]}}],"collection":[{"href":"https:\/\/www.ghostysky.com\/pt\/wp-json\/wp\/v2\/product"}],"about":[{"href":"https:\/\/www.ghostysky.com\/pt\/wp-json\/wp\/v2\/types\/product"}],"replies":[{"embeddable":true,"href":"https:\/\/www.ghostysky.com\/pt\/wp-json\/wp\/v2\/comments?post=20165"}],"wp:featuredmedia":[{"embeddable":true,"href":"https:\/\/www.ghostysky.com\/pt\/wp-json\/wp\/v2\/media\/20168"}],"wp:attachment":[{"href":"https:\/\/www.ghostysky.com\/pt\/wp-json\/wp\/v2\/media?parent=20165"}],"wp:term":[{"taxonomy":"product_brand","embeddable":true,"href":"https:\/\/www.ghostysky.com\/pt\/wp-json\/wp\/v2\/product_brand?post=20165"},{"taxonomy":"product_cat","embeddable":true,"href":"https:\/\/www.ghostysky.com\/pt\/wp-json\/wp\/v2\/product_cat?post=20165"},{"taxonomy":"product_tag","embeddable":true,"href":"https:\/\/www.ghostysky.com\/pt\/wp-json\/wp\/v2\/product_tag?post=20165"}],"curies":[{"name":"wp","href":"https:\/\/api.w.org\/{rel}","templated":true}]}}