{"id":20224,"date":"2024-11-05T06:49:26","date_gmt":"2024-11-05T06:49:26","guid":{"rendered":"https:\/\/www.ghostysky.com\/?post_type=product&#038;p=20224"},"modified":"2024-11-05T08:39:37","modified_gmt":"2024-11-05T08:39:37","slug":"hard-case-for-dji-matrice-3d-3td","status":"publish","type":"product","link":"https:\/\/www.ghostysky.com\/pt\/product\/hard-case-for-dji-matrice-3d-3td\/","title":{"rendered":"Mala r\u00edgida para o DJI Matrix 3D\/3TD"},"content":{"rendered":"<p>A mala HPRC2710 \u00e9 a solu\u00e7\u00e3o ideal para transportar e proteger o drone DJI Matrice 3D\/3TD, concebida especificamente para satisfazer as necessidades dos profissionais dos setores da inspe\u00e7\u00e3o industrial, mapeamento 3D e seguran\u00e7a. Fabricada com materiais da mais alta qualidade, esta capa oferece uma excelente prote\u00e7\u00e3o contra choques, p\u00f3 e \u00e1gua, garantindo que o seu drone e os seus acess\u00f3rios est\u00e3o sempre seguros.<\/p>\n<p>Caracter\u00edsticas principais:<\/p>\n<ul>\n<li class=\"translation-block\"><strong>Compatibilidade perfeita<\/strong>: concebido \u00e0 medida para o DJI Matrice 3D\/3TD, garante um alojamento perfeito para o drone e os seus componentes.<\/li>\n<li class=\"translation-block\"><strong>Prote\u00e7\u00e3o Total<\/strong>: Estrutura em resina TTX01, oferecendo uma resist\u00eancia excecional ao impacto, \u00e0 corros\u00e3o e \u00e0s intemp\u00e9ries. Com certifica\u00e7\u00e3o IP67, a caixa \u00e9 \u00e0 prova de \u00e1gua e de poeira.<\/li>\n<li class=\"translation-block\"><strong>Interior Personalizado<\/strong>: o interior apresenta uma espuma pr\u00e9-cortada de alta densidade para acomodar o drone, as baterias, o controlo do r\u00e1dio e outros acess\u00f3rios, garantindo ordem e prote\u00e7\u00e3o.<\/li>\n<li class=\"translation-block\"><strong>Conforto<\/strong>: as duas pegas ergon\u00f3micas oferecem uma excelente ader\u00eancia mesmo em condi\u00e7\u00f5es de piso molhado.<\/li>\n<li class=\"translation-block\"><strong>Fecho Seguro:<\/strong>\u00a0os fechos extremamente robustos est\u00e3o equipados com um sistema de abertura\/fecho em duas fases: garante um movimento particularmente suave, mas ao mesmo tempo evita a abertura dos ganchos em caso de queda.<\/li>\n<\/ul>\n<p>&nbsp;<\/p>\n<p>A espuma pode albergar:<\/p>\n<ul>\n<li>DJI Matrice 3D\/3TD<\/li>\n<li>Diversos\/Cabos<\/li>\n<li>Baterias<\/li>\n<li>Controlo Remoto DJI RC Pro\/DJI RC-N1\/DJI<\/li>\n<li>Diversos\/Cabos\/Baterias<\/li>\n<li>H\u00e9lices<\/li>\n<li>Kit de carregamento<\/li>\n<\/ul>","protected":false},"excerpt":{"rendered":"<p>A mala HPRC2710 \u00e9 a solu\u00e7\u00e3o ideal para transportar e proteger o drone DJI Matrice 3D\/3TD.<\/p>","protected":false},"featured_media":20229,"comment_status":"open","ping_status":"closed","template":"","meta":[],"product_brand":[],"product_cat":[461,1007],"product_tag":[1009,42,1005],"class_list":{"0":"post-20224","1":"product","2":"type-product","3":"status-publish","4":"has-post-thumbnail","6":"product_cat-accessories-2","7":"product_cat-hard-cases","8":"product_tag-3d","9":"product_tag-dji","10":"product_tag-hard-case","12":"first","13":"onbackorder","14":"taxable","15":"shipping-taxable","16":"product-type-simple"},"yoast_head":"<!-- This site is optimized with the Yoast SEO plugin v27.4 - https:\/\/yoast.com\/product\/yoast-seo-wordpress\/ -->\n<title>Hard Case For DJI Matrice 3D\/3TD - Ghostysky<\/title>\n<meta name=\"description\" content=\"The HPRC2710 case is the ideal solution for transporting and protecting the DJI Matrice 3D\/3TD drone.\" \/>\n<meta name=\"robots\" content=\"index, follow, max-snippet:-1, max-image-preview:large, max-video-preview:-1\" \/>\n<link rel=\"canonical\" href=\"https:\/\/www.ghostysky.com\/pt\/produto-2\/hard-case-for-dji-matrice-3d-3td\/\" \/>\n<meta property=\"og:locale\" content=\"pt_PT\" \/>\n<meta property=\"og:type\" content=\"article\" \/>\n<meta property=\"og:title\" content=\"Hard Case For DJI Matrice 3D\/3TD - Ghostysky\" \/>\n<meta property=\"og:description\" content=\"The HPRC2710 case is the ideal solution for transporting and protecting the DJI Matrice 3D\/3TD drone.\" \/>\n<meta property=\"og:url\" content=\"https:\/\/www.ghostysky.com\/pt\/produto-2\/hard-case-for-dji-matrice-3d-3td\/\" \/>\n<meta property=\"og:site_name\" content=\"Ghostysky\" \/>\n<meta property=\"article:publisher\" content=\"https:\/\/www.facebook.com\/people\/Ghostysky\/100057676170234\/\" \/>\n<meta property=\"article:modified_time\" content=\"2024-11-05T08:39:37+00:00\" \/>\n<meta property=\"og:image\" content=\"https:\/\/www.ghostysky.com\/wp-content\/uploads\/2024\/11\/GH_HardCase_DJI3D.jpg\" \/>\n\t<meta property=\"og:image:width\" content=\"960\" \/>\n\t<meta property=\"og:image:height\" content=\"960\" \/>\n\t<meta property=\"og:image:type\" content=\"image\/jpeg\" \/>\n<meta name=\"twitter:card\" content=\"summary_large_image\" \/>\n<meta name=\"twitter:site\" content=\"@Gh0stysky\" \/>\n<meta name=\"twitter:label1\" content=\"Tempo estimado de leitura\" \/>\n\t<meta name=\"twitter:data1\" content=\"2 minutos\" \/>\n<script type=\"application\/ld+json\" class=\"yoast-schema-graph\">{\"@context\":\"https:\\\/\\\/schema.org\",\"@graph\":[{\"@type\":\"WebPage\",\"@id\":\"https:\\\/\\\/www.ghostysky.com\\\/product\\\/hard-case-for-dji-matrice-3d-3td\\\/\",\"url\":\"https:\\\/\\\/www.ghostysky.com\\\/product\\\/hard-case-for-dji-matrice-3d-3td\\\/\",\"name\":\"Hard Case For DJI Matrice 3D\\\/3TD - Ghostysky\",\"isPartOf\":{\"@id\":\"https:\\\/\\\/www.ghostysky.com\\\/#website\"},\"primaryImageOfPage\":{\"@id\":\"https:\\\/\\\/www.ghostysky.com\\\/product\\\/hard-case-for-dji-matrice-3d-3td\\\/#primaryimage\"},\"image\":{\"@id\":\"https:\\\/\\\/www.ghostysky.com\\\/product\\\/hard-case-for-dji-matrice-3d-3td\\\/#primaryimage\"},\"thumbnailUrl\":\"https:\\\/\\\/www.ghostysky.com\\\/wp-content\\\/uploads\\\/2024\\\/11\\\/GH_HardCase_DJI3D.jpg\",\"datePublished\":\"2024-11-05T06:49:26+00:00\",\"dateModified\":\"2024-11-05T08:39:37+00:00\",\"description\":\"The HPRC2710 case is the ideal solution for transporting and protecting the DJI Matrice 3D\\\/3TD drone.\",\"breadcrumb\":{\"@id\":\"https:\\\/\\\/www.ghostysky.com\\\/product\\\/hard-case-for-dji-matrice-3d-3td\\\/#breadcrumb\"},\"inLanguage\":\"pt-PT\",\"potentialAction\":[{\"@type\":\"ReadAction\",\"target\":[\"https:\\\/\\\/www.ghostysky.com\\\/product\\\/hard-case-for-dji-matrice-3d-3td\\\/\"]}]},{\"@type\":\"ImageObject\",\"inLanguage\":\"pt-PT\",\"@id\":\"https:\\\/\\\/www.ghostysky.com\\\/product\\\/hard-case-for-dji-matrice-3d-3td\\\/#primaryimage\",\"url\":\"https:\\\/\\\/www.ghostysky.com\\\/wp-content\\\/uploads\\\/2024\\\/11\\\/GH_HardCase_DJI3D.jpg\",\"contentUrl\":\"https:\\\/\\\/www.ghostysky.com\\\/wp-content\\\/uploads\\\/2024\\\/11\\\/GH_HardCase_DJI3D.jpg\",\"width\":960,\"height\":960},{\"@type\":\"BreadcrumbList\",\"@id\":\"https:\\\/\\\/www.ghostysky.com\\\/product\\\/hard-case-for-dji-matrice-3d-3td\\\/#breadcrumb\",\"itemListElement\":[{\"@type\":\"ListItem\",\"position\":1,\"name\":\"Home\",\"item\":\"https:\\\/\\\/www.ghostysky.com\\\/\"},{\"@type\":\"ListItem\",\"position\":2,\"name\":\"Shop\",\"item\":\"https:\\\/\\\/www.ghostysky.com\\\/shop\\\/\"},{\"@type\":\"ListItem\",\"position\":3,\"name\":\"Hard Case For DJI Matrice 3D\\\/3TD\"}]},{\"@type\":\"WebSite\",\"@id\":\"https:\\\/\\\/www.ghostysky.com\\\/#website\",\"url\":\"https:\\\/\\\/www.ghostysky.com\\\/\",\"name\":\"Ghostysky\",\"description\":\"Delivering professional drones and services\",\"publisher\":{\"@id\":\"https:\\\/\\\/www.ghostysky.com\\\/#organization\"},\"potentialAction\":[{\"@type\":\"SearchAction\",\"target\":{\"@type\":\"EntryPoint\",\"urlTemplate\":\"https:\\\/\\\/www.ghostysky.com\\\/?s={search_term_string}\"},\"query-input\":{\"@type\":\"PropertyValueSpecification\",\"valueRequired\":true,\"valueName\":\"search_term_string\"}}],\"inLanguage\":\"pt-PT\"},{\"@type\":\"Organization\",\"@id\":\"https:\\\/\\\/www.ghostysky.com\\\/#organization\",\"name\":\"Ghostysky\",\"url\":\"https:\\\/\\\/www.ghostysky.com\\\/\",\"logo\":{\"@type\":\"ImageObject\",\"inLanguage\":\"pt-PT\",\"@id\":\"https:\\\/\\\/www.ghostysky.com\\\/#\\\/schema\\\/logo\\\/image\\\/\",\"url\":\"https:\\\/\\\/www.ghostysky.com\\\/wp-content\\\/uploads\\\/2020\\\/06\\\/cropped-ghostyskylogo_text_white2.png\",\"contentUrl\":\"https:\\\/\\\/www.ghostysky.com\\\/wp-content\\\/uploads\\\/2020\\\/06\\\/cropped-ghostyskylogo_text_white2.png\",\"width\":169,\"height\":56,\"caption\":\"Ghostysky\"},\"image\":{\"@id\":\"https:\\\/\\\/www.ghostysky.com\\\/#\\\/schema\\\/logo\\\/image\\\/\"},\"sameAs\":[\"https:\\\/\\\/www.facebook.com\\\/people\\\/Ghostysky\\\/100057676170234\\\/\",\"https:\\\/\\\/x.com\\\/Gh0stysky\",\"https:\\\/\\\/www.linkedin.com\\\/company\\\/34739653\",\"https:\\\/\\\/www.instagram.com\\\/gh0stysky\"]}]}<\/script>\n<!-- \/ Yoast SEO plugin. -->","yoast_head_json":{"title":"Capa r\u00edgida para DJI Matrice 3D\/3TD - Ghostysky","description":"A mala HPRC2710 \u00e9 a solu\u00e7\u00e3o ideal para transportar e proteger o drone DJI Matrice 3D\/3TD.","robots":{"index":"index","follow":"follow","max-snippet":"max-snippet:-1","max-image-preview":"max-image-preview:large","max-video-preview":"max-video-preview:-1"},"canonical":"https:\/\/www.ghostysky.com\/pt\/produto-2\/hard-case-for-dji-matrice-3d-3td\/","og_locale":"pt_PT","og_type":"article","og_title":"Hard Case For DJI Matrice 3D\/3TD - Ghostysky","og_description":"The HPRC2710 case is the ideal solution for transporting and protecting the DJI Matrice 3D\/3TD drone.","og_url":"https:\/\/www.ghostysky.com\/pt\/produto-2\/hard-case-for-dji-matrice-3d-3td\/","og_site_name":"Ghostysky","article_publisher":"https:\/\/www.facebook.com\/people\/Ghostysky\/100057676170234\/","article_modified_time":"2024-11-05T08:39:37+00:00","og_image":[{"width":960,"height":960,"url":"https:\/\/www.ghostysky.com\/wp-content\/uploads\/2024\/11\/GH_HardCase_DJI3D.jpg","type":"image\/jpeg"}],"twitter_card":"summary_large_image","twitter_site":"@Gh0stysky","twitter_misc":{"Tempo estimado de leitura":"2 minutos"},"schema":{"@context":"https:\/\/schema.org","@graph":[{"@type":"WebPage","@id":"https:\/\/www.ghostysky.com\/product\/hard-case-for-dji-matrice-3d-3td\/","url":"https:\/\/www.ghostysky.com\/product\/hard-case-for-dji-matrice-3d-3td\/","name":"Capa r\u00edgida para DJI Matrice 3D\/3TD - Ghostysky","isPartOf":{"@id":"https:\/\/www.ghostysky.com\/#website"},"primaryImageOfPage":{"@id":"https:\/\/www.ghostysky.com\/product\/hard-case-for-dji-matrice-3d-3td\/#primaryimage"},"image":{"@id":"https:\/\/www.ghostysky.com\/product\/hard-case-for-dji-matrice-3d-3td\/#primaryimage"},"thumbnailUrl":"https:\/\/www.ghostysky.com\/wp-content\/uploads\/2024\/11\/GH_HardCase_DJI3D.jpg","datePublished":"2024-11-05T06:49:26+00:00","dateModified":"2024-11-05T08:39:37+00:00","description":"A mala HPRC2710 \u00e9 a solu\u00e7\u00e3o ideal para transportar e proteger o drone DJI Matrice 3D\/3TD.","breadcrumb":{"@id":"https:\/\/www.ghostysky.com\/product\/hard-case-for-dji-matrice-3d-3td\/#breadcrumb"},"inLanguage":"pt-PT","potentialAction":[{"@type":"ReadAction","target":["https:\/\/www.ghostysky.com\/product\/hard-case-for-dji-matrice-3d-3td\/"]}]},{"@type":"ImageObject","inLanguage":"pt-PT","@id":"https:\/\/www.ghostysky.com\/product\/hard-case-for-dji-matrice-3d-3td\/#primaryimage","url":"https:\/\/www.ghostysky.com\/wp-content\/uploads\/2024\/11\/GH_HardCase_DJI3D.jpg","contentUrl":"https:\/\/www.ghostysky.com\/wp-content\/uploads\/2024\/11\/GH_HardCase_DJI3D.jpg","width":960,"height":960},{"@type":"BreadcrumbList","@id":"https:\/\/www.ghostysky.com\/product\/hard-case-for-dji-matrice-3d-3td\/#breadcrumb","itemListElement":[{"@type":"ListItem","position":1,"name":"Home","item":"https:\/\/www.ghostysky.com\/"},{"@type":"ListItem","position":2,"name":"Shop","item":"https:\/\/www.ghostysky.com\/shop\/"},{"@type":"ListItem","position":3,"name":"Hard Case For DJI Matrice 3D\/3TD"}]},{"@type":"WebSite","@id":"https:\/\/www.ghostysky.com\/#website","url":"https:\/\/www.ghostysky.com\/","name":"Ghostysky","description":"Fornecendo drones e servi\u00e7os profissionais","publisher":{"@id":"https:\/\/www.ghostysky.com\/#organization"},"potentialAction":[{"@type":"SearchAction","target":{"@type":"EntryPoint","urlTemplate":"https:\/\/www.ghostysky.com\/?s={search_term_string}"},"query-input":{"@type":"PropertyValueSpecification","valueRequired":true,"valueName":"search_term_string"}}],"inLanguage":"pt-PT"},{"@type":"Organization","@id":"https:\/\/www.ghostysky.com\/#organization","name":"Ghostysky","url":"https:\/\/www.ghostysky.com\/","logo":{"@type":"ImageObject","inLanguage":"pt-PT","@id":"https:\/\/www.ghostysky.com\/#\/schema\/logo\/image\/","url":"https:\/\/www.ghostysky.com\/wp-content\/uploads\/2020\/06\/cropped-ghostyskylogo_text_white2.png","contentUrl":"https:\/\/www.ghostysky.com\/wp-content\/uploads\/2020\/06\/cropped-ghostyskylogo_text_white2.png","width":169,"height":56,"caption":"Ghostysky"},"image":{"@id":"https:\/\/www.ghostysky.com\/#\/schema\/logo\/image\/"},"sameAs":["https:\/\/www.facebook.com\/people\/Ghostysky\/100057676170234\/","https:\/\/x.com\/Gh0stysky","https:\/\/www.linkedin.com\/company\/34739653","https:\/\/www.instagram.com\/gh0stysky"]}]}},"_links":{"self":[{"href":"https:\/\/www.ghostysky.com\/pt\/wp-json\/wp\/v2\/product\/20224","targetHints":{"allow":["GET"]}}],"collection":[{"href":"https:\/\/www.ghostysky.com\/pt\/wp-json\/wp\/v2\/product"}],"about":[{"href":"https:\/\/www.ghostysky.com\/pt\/wp-json\/wp\/v2\/types\/product"}],"replies":[{"embeddable":true,"href":"https:\/\/www.ghostysky.com\/pt\/wp-json\/wp\/v2\/comments?post=20224"}],"version-history":[{"count":0,"href":"https:\/\/www.ghostysky.com\/pt\/wp-json\/wp\/v2\/product\/20224\/revisions"}],"wp:featuredmedia":[{"embeddable":true,"href":"https:\/\/www.ghostysky.com\/pt\/wp-json\/wp\/v2\/media\/20229"}],"wp:attachment":[{"href":"https:\/\/www.ghostysky.com\/pt\/wp-json\/wp\/v2\/media?parent=20224"}],"wp:term":[{"taxonomy":"product_brand","embeddable":true,"href":"https:\/\/www.ghostysky.com\/pt\/wp-json\/wp\/v2\/product_brand?post=20224"},{"taxonomy":"product_cat","embeddable":true,"href":"https:\/\/www.ghostysky.com\/pt\/wp-json\/wp\/v2\/product_cat?post=20224"},{"taxonomy":"product_tag","embeddable":true,"href":"https:\/\/www.ghostysky.com\/pt\/wp-json\/wp\/v2\/product_tag?post=20224"}],"curies":[{"name":"wp","href":"https:\/\/api.w.org\/{rel}","templated":true}]}}