{"id":20246,"date":"2024-11-05T07:23:54","date_gmt":"2024-11-05T07:23:54","guid":{"rendered":"https:\/\/www.ghostysky.com\/?post_type=product&#038;p=20246"},"modified":"2025-10-13T04:31:34","modified_gmt":"2025-10-13T04:31:34","slug":"customized-hard-case-drone-accessories","status":"publish","type":"product","link":"https:\/\/www.ghostysky.com\/pt\/product\/customized-hard-case-drone-accessories\/","title":{"rendered":"Mala r\u00edgida personalizada para drones e acess\u00f3rios"},"content":{"rendered":"<p data-sourcepos=\"8:1-8:17\"><strong>Caracter\u00edsticas principais:<\/strong><\/p>\n<ul data-sourcepos=\"10:1-15:0\">\n<li data-sourcepos=\"10:1-10:132\" class=\"translation-block\"><strong>Dimens\u00f5es personaliz\u00e1veis:<\/strong> escolha entre uma variedade de tamanhos padr\u00e3o ou forne\u00e7a as suas pr\u00f3prias medidas para uma capa verdadeiramente personalizada.<\/li>\n<li data-sourcepos=\"11:1-11:158\" class=\"translation-block\"><strong>Constru\u00e7\u00e3o dur\u00e1vel:<\/strong> as nossas malas s\u00e3o constru\u00eddas para suportar os rigores das viagens e do uso di\u00e1rio, protegendo o seu equipamento contra choques, quedas e humidade.<\/li>\n<li data-sourcepos=\"12:1-12:126\" class=\"translation-block\"><strong>Interior vers\u00e1til:<\/strong> personalizamos o interior com inser\u00e7\u00f5es de espuma, divis\u00f3rias e bolsos para manter o seu equipamento no lugar em seguran\u00e7a.<\/li>\n<li data-sourcepos=\"13:1-13:107\" class=\"translation-block\"><strong>Materiais de alta qualidade:<\/strong> utilizamos materiais de primeira qualidade para garantir a longevidade e durabilidade das nossas capas.<\/li>\n<li data-sourcepos=\"14:1-15:0\"><strong><strong>Acabamento Profissional:<\/strong> As nossas capas t\u00eam um acabamento com um aspeto elegante e profissional que complementa qualquer ambiente.<\/strong> Nossas capas t\u00eam um acabamento elegante e profissional que complementa qualquer ambiente.<\/li>\n<\/ul>\n<p data-sourcepos=\"16:1-16:25\"><strong>Dimens\u00f5es dispon\u00edveis:<\/strong><\/p>\n<ul data-sourcepos=\"18:1-22:0\">\n<li data-sourcepos=\"18:1-18:79\"><b>As malas r\u00edgidas est\u00e3o dispon\u00edveis em todos os formatos, podendo transportar drones, sensores e acess\u00f3rios de qualquer tamanho<\/b><\/li>\n<\/ul>\n<p data-sourcepos=\"23:1-23:23\"><strong>Op\u00e7\u00f5es Adicionais:<\/strong><\/p>\n<ul data-sourcepos=\"25:1-28:0\">\n<li data-sourcepos=\"25:1-25:88\" class=\"translation-block\"><strong>Impermeabiliza\u00e7\u00e3o:<\/strong> Adicione uma camada extra de prote\u00e7\u00e3o com a nossa op\u00e7\u00e3o de forro imperme\u00e1vel.<\/li>\n<li data-sourcepos=\"26:1-26:80\" class=\"translation-block\"><strong>Marca:<\/strong> personalize a sua capa com o log\u00f3tipo da sua empresa ou marca pessoal (encomendas em grandes quantidades).<\/li>\n<li data-sourcepos=\"27:1-28:0\" class=\"translation-block\"><strong>Acess\u00f3rios:<\/strong> escolha entre uma variedade de acess\u00f3rios, tais como pegas, rodas e fechaduras combinadas.<\/li>\n<\/ul>\n<p data-sourcepos=\"29:1-29:57\"><strong>Proteja os seus objetos de valor com os nossos estojos r\u00edgidos personalizados<\/strong><\/p>","protected":false},"excerpt":{"rendered":"<p>As nossas malas r\u00edgidas personalizadas oferecem uma solu\u00e7\u00e3o vers\u00e1til e dur\u00e1vel para proteger o seu valioso equipamento. Dispon\u00edveis em diversas dimens\u00f5es, estas malas s\u00e3o adaptadas para responder \u00e0s suas necessidades espec\u00edficas, garantindo um ajuste perfeito ao seu equipamento.<\/p>","protected":false},"featured_media":20250,"comment_status":"open","ping_status":"closed","template":"","meta":[],"product_brand":[],"product_cat":[461,1007],"product_tag":[1011,1005],"class_list":{"0":"post-20246","1":"product","2":"type-product","3":"status-publish","4":"has-post-thumbnail","6":"product_cat-accessories-2","7":"product_cat-hard-cases","8":"product_tag-customized","9":"product_tag-hard-case","11":"first","12":"onbackorder","13":"taxable","14":"shipping-taxable","15":"product-type-simple"},"yoast_head":"<!-- This site is optimized with the Yoast SEO plugin v27.1.1 - https:\/\/yoast.com\/product\/yoast-seo-wordpress\/ -->\n<title>Customized hard case for drones and accessories - Ghostysky<\/title>\n<meta name=\"description\" content=\"Our customized hard cases offer a versatile and durable solution for protecting your valuable equipment. Available in a variety of dimensions, these cases are tailored to fit your specific needs, ensuring a perfect fit for your gear.\" \/>\n<meta name=\"robots\" content=\"index, follow, max-snippet:-1, max-image-preview:large, max-video-preview:-1\" \/>\n<link rel=\"canonical\" href=\"https:\/\/www.ghostysky.com\/pt\/produto-2\/customized-hard-case-drone-accessories\/\" \/>\n<meta property=\"og:locale\" content=\"pt_PT\" \/>\n<meta property=\"og:type\" content=\"article\" \/>\n<meta property=\"og:title\" content=\"Customized hard case for drones and accessories - Ghostysky\" \/>\n<meta property=\"og:description\" content=\"Our customized hard cases offer a versatile and durable solution for protecting your valuable equipment. Available in a variety of dimensions, these cases are tailored to fit your specific needs, ensuring a perfect fit for your gear.\" \/>\n<meta property=\"og:url\" content=\"https:\/\/www.ghostysky.com\/pt\/produto-2\/customized-hard-case-drone-accessories\/\" \/>\n<meta property=\"og:site_name\" content=\"Ghostysky\" \/>\n<meta property=\"article:publisher\" content=\"https:\/\/www.facebook.com\/people\/Ghostysky\/100057676170234\/\" \/>\n<meta property=\"article:modified_time\" content=\"2025-10-13T04:31:34+00:00\" \/>\n<meta property=\"og:image\" content=\"https:\/\/www.ghostysky.com\/wp-content\/uploads\/2024\/11\/GH_MF-CNC-EVA1587_1.jpg\" \/>\n\t<meta property=\"og:image:width\" content=\"1100\" \/>\n\t<meta property=\"og:image:height\" content=\"1100\" \/>\n\t<meta property=\"og:image:type\" content=\"image\/jpeg\" \/>\n<meta name=\"twitter:card\" content=\"summary_large_image\" \/>\n<meta name=\"twitter:site\" content=\"@Gh0stysky\" \/>\n<meta name=\"twitter:label1\" content=\"Tempo estimado de leitura\" \/>\n\t<meta name=\"twitter:data1\" content=\"1 minuto\" \/>\n<script type=\"application\/ld+json\" class=\"yoast-schema-graph\">{\"@context\":\"https:\/\/schema.org\",\"@graph\":[{\"@type\":\"WebPage\",\"@id\":\"https:\/\/www.ghostysky.com\/product\/customized-hard-case-drone-accessories\/\",\"url\":\"https:\/\/www.ghostysky.com\/product\/customized-hard-case-drone-accessories\/\",\"name\":\"Customized hard case for drones and accessories - Ghostysky\",\"isPartOf\":{\"@id\":\"https:\/\/www.ghostysky.com\/#website\"},\"primaryImageOfPage\":{\"@id\":\"https:\/\/www.ghostysky.com\/product\/customized-hard-case-drone-accessories\/#primaryimage\"},\"image\":{\"@id\":\"https:\/\/www.ghostysky.com\/product\/customized-hard-case-drone-accessories\/#primaryimage\"},\"thumbnailUrl\":\"https:\/\/www.ghostysky.com\/wp-content\/uploads\/2024\/11\/GH_MF-CNC-EVA1587_1.jpg\",\"datePublished\":\"2024-11-05T07:23:54+00:00\",\"dateModified\":\"2025-10-13T04:31:34+00:00\",\"description\":\"Our customized hard cases offer a versatile and durable solution for protecting your valuable equipment. Available in a variety of dimensions, these cases are tailored to fit your specific needs, ensuring a perfect fit for your gear.\",\"breadcrumb\":{\"@id\":\"https:\/\/www.ghostysky.com\/product\/customized-hard-case-drone-accessories\/#breadcrumb\"},\"inLanguage\":\"pt-PT\",\"potentialAction\":[{\"@type\":\"ReadAction\",\"target\":[\"https:\/\/www.ghostysky.com\/product\/customized-hard-case-drone-accessories\/\"]}]},{\"@type\":\"ImageObject\",\"inLanguage\":\"pt-PT\",\"@id\":\"https:\/\/www.ghostysky.com\/product\/customized-hard-case-drone-accessories\/#primaryimage\",\"url\":\"https:\/\/www.ghostysky.com\/wp-content\/uploads\/2024\/11\/GH_MF-CNC-EVA1587_1.jpg\",\"contentUrl\":\"https:\/\/www.ghostysky.com\/wp-content\/uploads\/2024\/11\/GH_MF-CNC-EVA1587_1.jpg\",\"width\":1100,\"height\":1100},{\"@type\":\"BreadcrumbList\",\"@id\":\"https:\/\/www.ghostysky.com\/product\/customized-hard-case-drone-accessories\/#breadcrumb\",\"itemListElement\":[{\"@type\":\"ListItem\",\"position\":1,\"name\":\"Home\",\"item\":\"https:\/\/www.ghostysky.com\/\"},{\"@type\":\"ListItem\",\"position\":2,\"name\":\"Shop\",\"item\":\"https:\/\/www.ghostysky.com\/shop\/\"},{\"@type\":\"ListItem\",\"position\":3,\"name\":\"Customized hard case for drones and accessories\"}]},{\"@type\":\"WebSite\",\"@id\":\"https:\/\/www.ghostysky.com\/#website\",\"url\":\"https:\/\/www.ghostysky.com\/\",\"name\":\"Ghostysky\",\"description\":\"Delivering professional drones and services\",\"publisher\":{\"@id\":\"https:\/\/www.ghostysky.com\/#organization\"},\"potentialAction\":[{\"@type\":\"SearchAction\",\"target\":{\"@type\":\"EntryPoint\",\"urlTemplate\":\"https:\/\/www.ghostysky.com\/?s={search_term_string}\"},\"query-input\":{\"@type\":\"PropertyValueSpecification\",\"valueRequired\":true,\"valueName\":\"search_term_string\"}}],\"inLanguage\":\"pt-PT\"},{\"@type\":\"Organization\",\"@id\":\"https:\/\/www.ghostysky.com\/#organization\",\"name\":\"Ghostysky\",\"url\":\"https:\/\/www.ghostysky.com\/\",\"logo\":{\"@type\":\"ImageObject\",\"inLanguage\":\"pt-PT\",\"@id\":\"https:\/\/www.ghostysky.com\/#\/schema\/logo\/image\/\",\"url\":\"https:\/\/www.ghostysky.com\/wp-content\/uploads\/2020\/06\/cropped-ghostyskylogo_text_white2.png\",\"contentUrl\":\"https:\/\/www.ghostysky.com\/wp-content\/uploads\/2020\/06\/cropped-ghostyskylogo_text_white2.png\",\"width\":169,\"height\":56,\"caption\":\"Ghostysky\"},\"image\":{\"@id\":\"https:\/\/www.ghostysky.com\/#\/schema\/logo\/image\/\"},\"sameAs\":[\"https:\/\/www.facebook.com\/people\/Ghostysky\/100057676170234\/\",\"https:\/\/x.com\/Gh0stysky\",\"https:\/\/www.linkedin.com\/company\/34739653\",\"https:\/\/www.instagram.com\/gh0stysky\"]}]}<\/script>\n<!-- \/ Yoast SEO plugin. -->","yoast_head_json":{"title":"Estojo r\u00edgido personalizado para drones e acess\u00f3rios - Ghostysky","description":"As nossas malas r\u00edgidas personalizadas oferecem uma solu\u00e7\u00e3o vers\u00e1til e dur\u00e1vel para proteger o seu valioso equipamento. Dispon\u00edveis em diversas dimens\u00f5es, estas malas s\u00e3o adaptadas para responder \u00e0s suas necessidades espec\u00edficas, garantindo um ajuste perfeito ao seu equipamento.","robots":{"index":"index","follow":"follow","max-snippet":"max-snippet:-1","max-image-preview":"max-image-preview:large","max-video-preview":"max-video-preview:-1"},"canonical":"https:\/\/www.ghostysky.com\/pt\/produto-2\/customized-hard-case-drone-accessories\/","og_locale":"pt_PT","og_type":"article","og_title":"Customized hard case for drones and accessories - Ghostysky","og_description":"Our customized hard cases offer a versatile and durable solution for protecting your valuable equipment. Available in a variety of dimensions, these cases are tailored to fit your specific needs, ensuring a perfect fit for your gear.","og_url":"https:\/\/www.ghostysky.com\/pt\/produto-2\/customized-hard-case-drone-accessories\/","og_site_name":"Ghostysky","article_publisher":"https:\/\/www.facebook.com\/people\/Ghostysky\/100057676170234\/","article_modified_time":"2025-10-13T04:31:34+00:00","og_image":[{"width":1100,"height":1100,"url":"https:\/\/www.ghostysky.com\/wp-content\/uploads\/2024\/11\/GH_MF-CNC-EVA1587_1.jpg","type":"image\/jpeg"}],"twitter_card":"summary_large_image","twitter_site":"@Gh0stysky","twitter_misc":{"Tempo estimado de leitura":"1 minuto"},"schema":{"@context":"https:\/\/schema.org","@graph":[{"@type":"WebPage","@id":"https:\/\/www.ghostysky.com\/product\/customized-hard-case-drone-accessories\/","url":"https:\/\/www.ghostysky.com\/product\/customized-hard-case-drone-accessories\/","name":"Estojo r\u00edgido personalizado para drones e acess\u00f3rios - Ghostysky","isPartOf":{"@id":"https:\/\/www.ghostysky.com\/#website"},"primaryImageOfPage":{"@id":"https:\/\/www.ghostysky.com\/product\/customized-hard-case-drone-accessories\/#primaryimage"},"image":{"@id":"https:\/\/www.ghostysky.com\/product\/customized-hard-case-drone-accessories\/#primaryimage"},"thumbnailUrl":"https:\/\/www.ghostysky.com\/wp-content\/uploads\/2024\/11\/GH_MF-CNC-EVA1587_1.jpg","datePublished":"2024-11-05T07:23:54+00:00","dateModified":"2025-10-13T04:31:34+00:00","description":"As nossas malas r\u00edgidas personalizadas oferecem uma solu\u00e7\u00e3o vers\u00e1til e dur\u00e1vel para proteger o seu valioso equipamento. Dispon\u00edveis em diversas dimens\u00f5es, estas malas s\u00e3o adaptadas para responder \u00e0s suas necessidades espec\u00edficas, garantindo um ajuste perfeito ao seu equipamento.","breadcrumb":{"@id":"https:\/\/www.ghostysky.com\/product\/customized-hard-case-drone-accessories\/#breadcrumb"},"inLanguage":"pt-PT","potentialAction":[{"@type":"ReadAction","target":["https:\/\/www.ghostysky.com\/product\/customized-hard-case-drone-accessories\/"]}]},{"@type":"ImageObject","inLanguage":"pt-PT","@id":"https:\/\/www.ghostysky.com\/product\/customized-hard-case-drone-accessories\/#primaryimage","url":"https:\/\/www.ghostysky.com\/wp-content\/uploads\/2024\/11\/GH_MF-CNC-EVA1587_1.jpg","contentUrl":"https:\/\/www.ghostysky.com\/wp-content\/uploads\/2024\/11\/GH_MF-CNC-EVA1587_1.jpg","width":1100,"height":1100},{"@type":"BreadcrumbList","@id":"https:\/\/www.ghostysky.com\/product\/customized-hard-case-drone-accessories\/#breadcrumb","itemListElement":[{"@type":"ListItem","position":1,"name":"Home","item":"https:\/\/www.ghostysky.com\/"},{"@type":"ListItem","position":2,"name":"Shop","item":"https:\/\/www.ghostysky.com\/shop\/"},{"@type":"ListItem","position":3,"name":"Customized hard case for drones and accessories"}]},{"@type":"WebSite","@id":"https:\/\/www.ghostysky.com\/#website","url":"https:\/\/www.ghostysky.com\/","name":"Ghostysky","description":"Fornecendo drones e servi\u00e7os profissionais","publisher":{"@id":"https:\/\/www.ghostysky.com\/#organization"},"potentialAction":[{"@type":"SearchAction","target":{"@type":"EntryPoint","urlTemplate":"https:\/\/www.ghostysky.com\/?s={search_term_string}"},"query-input":{"@type":"PropertyValueSpecification","valueRequired":true,"valueName":"search_term_string"}}],"inLanguage":"pt-PT"},{"@type":"Organization","@id":"https:\/\/www.ghostysky.com\/#organization","name":"Ghostysky","url":"https:\/\/www.ghostysky.com\/","logo":{"@type":"ImageObject","inLanguage":"pt-PT","@id":"https:\/\/www.ghostysky.com\/#\/schema\/logo\/image\/","url":"https:\/\/www.ghostysky.com\/wp-content\/uploads\/2020\/06\/cropped-ghostyskylogo_text_white2.png","contentUrl":"https:\/\/www.ghostysky.com\/wp-content\/uploads\/2020\/06\/cropped-ghostyskylogo_text_white2.png","width":169,"height":56,"caption":"Ghostysky"},"image":{"@id":"https:\/\/www.ghostysky.com\/#\/schema\/logo\/image\/"},"sameAs":["https:\/\/www.facebook.com\/people\/Ghostysky\/100057676170234\/","https:\/\/x.com\/Gh0stysky","https:\/\/www.linkedin.com\/company\/34739653","https:\/\/www.instagram.com\/gh0stysky"]}]}},"_links":{"self":[{"href":"https:\/\/www.ghostysky.com\/pt\/wp-json\/wp\/v2\/product\/20246","targetHints":{"allow":["GET"]}}],"collection":[{"href":"https:\/\/www.ghostysky.com\/pt\/wp-json\/wp\/v2\/product"}],"about":[{"href":"https:\/\/www.ghostysky.com\/pt\/wp-json\/wp\/v2\/types\/product"}],"replies":[{"embeddable":true,"href":"https:\/\/www.ghostysky.com\/pt\/wp-json\/wp\/v2\/comments?post=20246"}],"wp:featuredmedia":[{"embeddable":true,"href":"https:\/\/www.ghostysky.com\/pt\/wp-json\/wp\/v2\/media\/20250"}],"wp:attachment":[{"href":"https:\/\/www.ghostysky.com\/pt\/wp-json\/wp\/v2\/media?parent=20246"}],"wp:term":[{"taxonomy":"product_brand","embeddable":true,"href":"https:\/\/www.ghostysky.com\/pt\/wp-json\/wp\/v2\/product_brand?post=20246"},{"taxonomy":"product_cat","embeddable":true,"href":"https:\/\/www.ghostysky.com\/pt\/wp-json\/wp\/v2\/product_cat?post=20246"},{"taxonomy":"product_tag","embeddable":true,"href":"https:\/\/www.ghostysky.com\/pt\/wp-json\/wp\/v2\/product_tag?post=20246"}],"curies":[{"name":"wp","href":"https:\/\/api.w.org\/{rel}","templated":true}]}}