{"id":2025,"date":"2021-03-04T16:23:51","date_gmt":"2021-03-04T16:23:51","guid":{"rendered":"https:\/\/www.ghostysky.com\/?post_type=product&#038;p=2025"},"modified":"2023-11-26T07:03:54","modified_gmt":"2023-11-26T07:03:54","slug":"yuneec-typhoon-h-plus","status":"publish","type":"product","link":"https:\/\/www.ghostysky.com\/pt\/product\/yuneec-typhoon-h-plus\/","title":{"rendered":"Yuneec Typhoon H Plus"},"content":{"rendered":"<p><strong>A PRECIS\u00c3O<\/strong><br \/>\nSe \u00e9 creativo ir\u00e1 benificiar da c\u00e2mera C23 com sensor de uma polegada. Capaz de capturar fotos de alta resolu\u00e7\u00e3o de 20 megapixels e v\u00eddeo 4K a 60 fps, a c\u00e2mera C23 permite aos utilizadores capturar imagens com detalhes incr\u00edveis. A nova c\u00e2mera possui uma maior abertura \u00f3ptica e um intervalo ISO mais extenso, permitindo um desempenho aprimorado em ambientes de baixa luminosidade. O sensor oferece ainda um faixa din\u00e2mica excepcional e uma melhor rela\u00e7\u00e3o sinal-ru\u00eddo. A c\u00e2mera \u00e9 integrada num gimbal de 3 eixos capaz de rota\u00e7\u00e3o cont\u00ednua permitindo capturar imegns em 360 \u00b0.<\/p>\n<p><strong>O PODER DOS SEIS<\/strong><br \/>\nSeis rotores permitem seguran\u00e7a e estabilidade incompar\u00e1veis no drone. O design permite que capture imagens ultra-est\u00e1veis de forma fi\u00e1vel, mesmo em condi\u00e7\u00f5es de vento forte. O Typhoon H Plus \u00e9 um dos drones mais silenciosos da sua classe, possui uma redu\u00e7\u00e3o de ru\u00eddo de cerca de 40% em rela\u00e7\u00e3o aos modelos anteriores. Em caso de falha de 1 dos motores, o design do Typhoon H Plus permite a continua\u00e7\u00e3o do v\u00f4o de forma segura com apenas cinco motores e aterrar em seguran\u00e7a.<\/p>\n<p><strong>CONTROL REMOTO ST16S<\/strong><br \/>\nO Control Remoto ST16S \u00e9 uma plataforma integrada transmissor\/receptor em Android que oferece um controle total sobre o Typhoon H Plus. Com o ST16S \u00e9 poss\u00edvel programar facilmente voos aut\u00f4nomos e capturar fotos ou v\u00eddeos impressionantes. O ecr\u00e3 com uma tela integrada de 7 polegadas exibe imagens em tempo real de seu voo, eliminando a necessidade de um dispositivo externo. Ajuste as configura\u00e7\u00f5es manuais da c\u00e2mera, consulte a telemetria de voo e navegue na Internet, tudo isto a partir do ST16S.<\/p>\n<p><strong>MODOS DE VOO AUTOMATIZADOS<\/strong><\/p>\n<p><strong>Follow Me\/Watch Me<\/strong>: Follow Me garante que o Typhoon H Plus o acompanha no seu trajecto. A fun\u00e7\u00e3o Wath Me diz ao Typhoon H para segui-lo sempre, apontando-lhe a c\u00e2mera para onde quer que v\u00e1.<br \/>\n<strong>Orbit Me<\/strong>: Com a fun\u00e7\u00e3o Orbit Me, o Typhoon H Plus voa de forma circular em seu redor, mantendo a sempre a c\u00e2mera apontada para si.<br \/>\n<strong>Point of Interest<\/strong>: Selecione um ponto de interesse e o Typhoon H Plus ir\u00e1 orbitar esse ponto autonomamente.<br \/>\n<strong>Journey<\/strong>: O Typhoon H Plus sobe e desce, at\u00e9 150 p\u00e9s, e captura a selfie a\u00e9rea perfeita.<br \/>\n<strong>Curve Cable Cam<\/strong>: Programe de forma f\u00e1cil uma rota invis\u00edvel para o Typhoon H Plus voar. O Typhoon H Plus voar\u00e1 entre as coordenadas predefinidas enquanto controla de forma independente a posi\u00e7\u00e3o da c\u00e2mera.<br \/>\n<strong>Return to Home<\/strong>: Solicite a mudan\u00e7a para o Home Mode e o Typhoon H Plus retornar\u00e1 e pousar\u00e1 at\u00e9 8 metros de si.<\/p>\n<p><strong>CONTE\u00daDO DO PACK<br \/>\n<\/strong><\/p>\n<ul>\n<li>Typhoon H Plus Hexacopter<\/li>\n<li>C\u00e2mera C23<\/li>\n<li>Controle remoto ST16S<\/li>\n<li>2x baterias<\/li>\n<li>Carregador<\/li>\n<li>Al\u00e7a de pesco\u00e7o e protetor solar para ST16S<\/li>\n<li>Cart\u00e3o SD e outros acess\u00f3rios<\/li>\n<\/ul>\n<p>&nbsp;<\/p>\n<table class=\"product--properties-table\">\n<tbody>\n<tr class=\"product--properties-row\">\n<td class=\"product--properties-label is--bold\">DRONE:<\/td>\n<td class=\"product--properties-value\">\u2014\u2014\u2014\u2014\u2014<\/td>\n<\/tr>\n<tr class=\"product--properties-row\">\n<td class=\"product--properties-label is--bold\">Peso:<\/td>\n<td class=\"product--properties-value\">1645 g (sem c\u00e2mera) \/ 1995 g (com C23)<\/td>\n<\/tr>\n<tr class=\"product--properties-row\">\n<td class=\"product--properties-label is--bold\">Comprimento diagonal:<\/td>\n<td class=\"product--properties-value\">520 mm<\/td>\n<\/tr>\n<tr class=\"product--properties-row\">\n<td class=\"product--properties-label is--bold\">Tempo do voo:<\/td>\n<td class=\"product--properties-value\">At\u00e9 28 min<\/td>\n<\/tr>\n<tr class=\"product--properties-row\">\n<td class=\"product--properties-label is--bold\">M\u00e1x. Velocidade de subida:<\/td>\n<td class=\"product--properties-value\">4 m\/s<\/td>\n<\/tr>\n<tr class=\"product--properties-row\">\n<td class=\"product--properties-label is--bold\">M\u00e1x. Velocidade de descida:<\/td>\n<td class=\"product--properties-value\">2,5 m \/ s<\/td>\n<\/tr>\n<tr class=\"product--properties-row\">\n<td class=\"product--properties-label is--bold\">M\u00e1x. Velocidade de voo:<\/td>\n<td class=\"product--properties-value\">13,5 m \/ s<\/td>\n<\/tr>\n<tr class=\"product--properties-row\">\n<td class=\"product--properties-label is--bold\">Motores:<\/td>\n<td class=\"product--properties-value\">730kV<\/td>\n<\/tr>\n<tr class=\"product--properties-row\">\n<td class=\"product--properties-label is--bold\">Bateria:<\/td>\n<td class=\"product--properties-value\">4S 5250mAh LiPo<\/td>\n<\/tr>\n<tr class=\"product--properties-row\">\n<td class=\"product--properties-label is--bold\">Carregador:<\/td>\n<td class=\"product--properties-value\">SC4000-4H<\/td>\n<\/tr>\n<tr class=\"product--properties-row\">\n<td class=\"product--properties-label is--bold\">Temperaturas de opera\u00e7\u00e3o:<\/td>\n<td class=\"product--properties-value\">0 \u00b0 C - 40 \u00b0 C<\/td>\n<\/tr>\n<tr class=\"product--properties-row\">\n<td class=\"product--properties-label is--bold\">CONTROLE REMOTO:<\/td>\n<td class=\"product--properties-value\">\u2014\u2014\u2014\u2014\u2014<\/td>\n<\/tr>\n<tr class=\"product--properties-row\">\n<td class=\"product--properties-label is--bold\">Sistema operacional:<\/td>\n<td class=\"product--properties-value\">Android \u2122<\/td>\n<\/tr>\n<tr class=\"product--properties-row\">\n<td class=\"product--properties-label is--bold\">N\u00famero de canais:<\/td>\n<td class=\"product--properties-value\">16<\/td>\n<\/tr>\n<tr class=\"product--properties-row\">\n<td class=\"product--properties-label is--bold\">Dist\u00e2ncia de transmiss\u00e3o (condi\u00e7\u00f5es ideais):<\/td>\n<td class=\"product--properties-value\">At\u00e9 1,6 km<\/td>\n<\/tr>\n<tr class=\"product--properties-row\">\n<td class=\"product--properties-label is--bold\">Banda de frequ\u00eancia do link de v\u00eddeo:<\/td>\n<td class=\"product--properties-value\">5,8 GHz WiFi<\/td>\n<\/tr>\n<tr class=\"product--properties-row\">\n<td class=\"product--properties-label is--bold\">Resolu\u00e7\u00e3o do link de v\u00eddeo:<\/td>\n<td class=\"product--properties-value\">HD 720p<\/td>\n<\/tr>\n<tr class=\"product--properties-row\">\n<td class=\"product--properties-label is--bold\">Tamanho ecr\u00e3:<\/td>\n<td class=\"product--properties-value\">7\u2033<\/td>\n<\/tr>\n<tr class=\"product--properties-row\">\n<td class=\"product--properties-label is--bold\">Bateria do controlador:<\/td>\n<td class=\"product--properties-value\">8700mAh 3,6V 31,32Wh Li-Ion<\/td>\n<\/tr>\n<tr class=\"product--properties-row\">\n<td class=\"product--properties-label is--bold\">Dados de telemetria no ecr\u00e3:<\/td>\n<td class=\"product--properties-value\">sim<\/td>\n<\/tr>\n<tr class=\"product--properties-row\">\n<td class=\"product--properties-label is--bold\">Tipos de conex\u00e3o:<\/td>\n<td class=\"product--properties-value\">HDMI, USB<\/td>\n<\/tr>\n<tr class=\"product--properties-row\">\n<td class=\"product--properties-label is--bold\">C\u00c2MERA:<\/td>\n<td class=\"product--properties-value\">\u2014\u2014\u2014\u2014\u2014<\/td>\n<\/tr>\n<tr class=\"product--properties-row\">\n<td class=\"product--properties-label is--bold\">Dimens\u00f5es da c\u00e2mera:<\/td>\n<td class=\"product--properties-value\">115 x 80 x 130 mm<\/td>\n<\/tr>\n<tr class=\"product--properties-row\">\n<td class=\"product--properties-label is--bold\">Peso da c\u00e2mera:<\/td>\n<td class=\"product--properties-value\">350 g<\/td>\n<\/tr>\n<tr class=\"product--properties-row\">\n<td class=\"product--properties-label is--bold\">Sensor:<\/td>\n<td class=\"product--properties-value\">1 polegada CMOS<\/td>\n<\/tr>\n<tr class=\"product--properties-row\">\n<td class=\"product--properties-label is--bold\">Pixel efetivo:<\/td>\n<td class=\"product--properties-value\">20 megapixels<\/td>\n<\/tr>\n<tr class=\"product--properties-row\">\n<td class=\"product--properties-label is--bold\">Resolu\u00e7\u00e3o de v\u00eddeo:<\/td>\n<td class=\"product--properties-value\">4K 60FPS m\u00e1x.<\/td>\n<\/tr>\n<tr class=\"product--properties-row\">\n<td class=\"product--properties-label is--bold\">FOV:<\/td>\n<td class=\"product--properties-value\">91 \u00b0<\/td>\n<\/tr>\n<tr class=\"product--properties-row\">\n<td class=\"product--properties-label is--bold\">Intervalos ISO:<\/td>\n<td class=\"product--properties-value\">100 \u2013 6400<\/td>\n<\/tr>\n<tr class=\"product--properties-row\">\n<td class=\"product--properties-label is--bold\">Velocidade do obturador:<\/td>\n<td class=\"product--properties-value\">4s - 1 \/ 8000s<\/td>\n<\/tr>\n<tr class=\"product--properties-row\">\n<td class=\"product--properties-label is--bold\">Equil\u00edbrio de brancos:<\/td>\n<td class=\"product--properties-value\">Bloqueio, Ensolarado, Nublado, Autom\u00e1tico, Fluorescente, Incandescente, P\u00f4r do Sol<\/td>\n<\/tr>\n<tr class=\"product--properties-row\">\n<td class=\"product--properties-label is--bold\">Formato da foto:<\/td>\n<td class=\"product--properties-value\">JPG, JPEG + DNG<\/td>\n<\/tr>\n<tr class=\"product--properties-row\">\n<td class=\"product--properties-label is--bold\">Formato de v\u00eddeo:<\/td>\n<td class=\"product--properties-value\">MP4<\/td>\n<\/tr>\n<\/tbody>\n<\/table>","protected":false},"excerpt":{"rendered":"<p><strong>O PODER DA PRECIS\u00c3O<\/strong><br \/>\nConhe\u00e7a a pr\u00f3xima gera\u00e7\u00e3o do Typhoon H - um hexac\u00f3ptero ainda mais poderoso e com um controlador de v\u00f4o totalmente novo, baseado no PX4.<\/p>\n<hr \/>","protected":false},"featured_media":2026,"comment_status":"open","ping_status":"closed","template":"","meta":[],"product_brand":[],"product_cat":[29,307,118],"product_tag":[38,128,121],"class_list":{"0":"post-2025","1":"product","2":"type-product","3":"status-publish","4":"has-post-thumbnail","6":"product_cat-drones","7":"product_cat-drones-yuneec","8":"product_cat-yuneec","9":"product_tag-drone","10":"product_tag-typhoon-h-plus","11":"product_tag-yuneec","13":"first","14":"onbackorder","15":"taxable","16":"shipping-taxable","17":"product-type-simple"},"yoast_head":"<!-- This site is optimized with the Yoast SEO plugin v27.1.1 - https:\/\/yoast.com\/product\/yoast-seo-wordpress\/ -->\n<title>Yuneec Typhoon H Plus -<\/title>\n<meta name=\"description\" content=\"Meet the next generation of Typhoon H - a hexacopter even more powerful than before and with an all new flight controller, based on PX4.\" \/>\n<meta name=\"robots\" content=\"index, follow, max-snippet:-1, max-image-preview:large, max-video-preview:-1\" \/>\n<link rel=\"canonical\" href=\"https:\/\/www.ghostysky.com\/pt\/produto-2\/yuneec-typhoon-h-plus\/\" \/>\n<meta property=\"og:locale\" content=\"pt_PT\" \/>\n<meta property=\"og:type\" content=\"article\" \/>\n<meta property=\"og:title\" content=\"Yuneec Typhoon H Plus -\" \/>\n<meta property=\"og:description\" content=\"Meet the next generation of Typhoon H - a hexacopter even more powerful than before and with an all new flight controller, based on PX4.\" \/>\n<meta property=\"og:url\" content=\"https:\/\/www.ghostysky.com\/pt\/produto-2\/yuneec-typhoon-h-plus\/\" \/>\n<meta property=\"og:site_name\" content=\"Ghostysky\" \/>\n<meta property=\"article:publisher\" content=\"https:\/\/www.facebook.com\/people\/Ghostysky\/100057676170234\/\" \/>\n<meta property=\"article:modified_time\" content=\"2023-11-26T07:03:54+00:00\" \/>\n<meta property=\"og:image\" content=\"https:\/\/www.ghostysky.com\/wp-content\/uploads\/2021\/03\/H-Plus.png\" \/>\n\t<meta property=\"og:image:width\" content=\"1400\" \/>\n\t<meta property=\"og:image:height\" content=\"1218\" \/>\n\t<meta property=\"og:image:type\" content=\"image\/png\" \/>\n<meta name=\"twitter:card\" content=\"summary_large_image\" \/>\n<meta name=\"twitter:site\" content=\"@Gh0stysky\" \/>\n<meta name=\"twitter:label1\" content=\"Tempo estimado de leitura\" \/>\n\t<meta name=\"twitter:data1\" content=\"3 minutos\" \/>\n<script type=\"application\/ld+json\" class=\"yoast-schema-graph\">{\"@context\":\"https:\/\/schema.org\",\"@graph\":[{\"@type\":\"WebPage\",\"@id\":\"https:\/\/www.ghostysky.com\/product\/yuneec-typhoon-h-plus\/\",\"url\":\"https:\/\/www.ghostysky.com\/product\/yuneec-typhoon-h-plus\/\",\"name\":\"Yuneec Typhoon H Plus -\",\"isPartOf\":{\"@id\":\"https:\/\/www.ghostysky.com\/#website\"},\"primaryImageOfPage\":{\"@id\":\"https:\/\/www.ghostysky.com\/product\/yuneec-typhoon-h-plus\/#primaryimage\"},\"image\":{\"@id\":\"https:\/\/www.ghostysky.com\/product\/yuneec-typhoon-h-plus\/#primaryimage\"},\"thumbnailUrl\":\"https:\/\/www.ghostysky.com\/wp-content\/uploads\/2021\/03\/H-Plus.png\",\"datePublished\":\"2021-03-04T16:23:51+00:00\",\"dateModified\":\"2023-11-26T07:03:54+00:00\",\"description\":\"Meet the next generation of Typhoon H - a hexacopter even more powerful than before and with an all new flight controller, based on PX4.\",\"breadcrumb\":{\"@id\":\"https:\/\/www.ghostysky.com\/product\/yuneec-typhoon-h-plus\/#breadcrumb\"},\"inLanguage\":\"pt-PT\",\"potentialAction\":[{\"@type\":\"ReadAction\",\"target\":[\"https:\/\/www.ghostysky.com\/product\/yuneec-typhoon-h-plus\/\"]}]},{\"@type\":\"ImageObject\",\"inLanguage\":\"pt-PT\",\"@id\":\"https:\/\/www.ghostysky.com\/product\/yuneec-typhoon-h-plus\/#primaryimage\",\"url\":\"https:\/\/www.ghostysky.com\/wp-content\/uploads\/2021\/03\/H-Plus.png\",\"contentUrl\":\"https:\/\/www.ghostysky.com\/wp-content\/uploads\/2021\/03\/H-Plus.png\",\"width\":1400,\"height\":1218},{\"@type\":\"BreadcrumbList\",\"@id\":\"https:\/\/www.ghostysky.com\/product\/yuneec-typhoon-h-plus\/#breadcrumb\",\"itemListElement\":[{\"@type\":\"ListItem\",\"position\":1,\"name\":\"Home\",\"item\":\"https:\/\/www.ghostysky.com\/\"},{\"@type\":\"ListItem\",\"position\":2,\"name\":\"Shop\",\"item\":\"https:\/\/www.ghostysky.com\/shop\/\"},{\"@type\":\"ListItem\",\"position\":3,\"name\":\"Yuneec Typhoon H Plus\"}]},{\"@type\":\"WebSite\",\"@id\":\"https:\/\/www.ghostysky.com\/#website\",\"url\":\"https:\/\/www.ghostysky.com\/\",\"name\":\"Ghostysky\",\"description\":\"Delivering professional drones and services\",\"publisher\":{\"@id\":\"https:\/\/www.ghostysky.com\/#organization\"},\"potentialAction\":[{\"@type\":\"SearchAction\",\"target\":{\"@type\":\"EntryPoint\",\"urlTemplate\":\"https:\/\/www.ghostysky.com\/?s={search_term_string}\"},\"query-input\":{\"@type\":\"PropertyValueSpecification\",\"valueRequired\":true,\"valueName\":\"search_term_string\"}}],\"inLanguage\":\"pt-PT\"},{\"@type\":\"Organization\",\"@id\":\"https:\/\/www.ghostysky.com\/#organization\",\"name\":\"Ghostysky\",\"url\":\"https:\/\/www.ghostysky.com\/\",\"logo\":{\"@type\":\"ImageObject\",\"inLanguage\":\"pt-PT\",\"@id\":\"https:\/\/www.ghostysky.com\/#\/schema\/logo\/image\/\",\"url\":\"https:\/\/www.ghostysky.com\/wp-content\/uploads\/2020\/06\/cropped-ghostyskylogo_text_white2.png\",\"contentUrl\":\"https:\/\/www.ghostysky.com\/wp-content\/uploads\/2020\/06\/cropped-ghostyskylogo_text_white2.png\",\"width\":169,\"height\":56,\"caption\":\"Ghostysky\"},\"image\":{\"@id\":\"https:\/\/www.ghostysky.com\/#\/schema\/logo\/image\/\"},\"sameAs\":[\"https:\/\/www.facebook.com\/people\/Ghostysky\/100057676170234\/\",\"https:\/\/x.com\/Gh0stysky\",\"https:\/\/www.linkedin.com\/company\/34739653\",\"https:\/\/www.instagram.com\/gh0stysky\"]}]}<\/script>\n<!-- \/ Yoast SEO plugin. -->","yoast_head_json":{"title":"Yuneec Tuf\u00e3o H Plus","description":"Conhe\u00e7a a pr\u00f3xima gera\u00e7\u00e3o do Typhoon H \u2013 um hexac\u00f3ptero ainda mais poderoso do que antes e com um controlador de v\u00f4o totalmente novo, baseado no PX4.","robots":{"index":"index","follow":"follow","max-snippet":"max-snippet:-1","max-image-preview":"max-image-preview:large","max-video-preview":"max-video-preview:-1"},"canonical":"https:\/\/www.ghostysky.com\/pt\/produto-2\/yuneec-typhoon-h-plus\/","og_locale":"pt_PT","og_type":"article","og_title":"Yuneec Typhoon H Plus -","og_description":"Meet the next generation of Typhoon H - a hexacopter even more powerful than before and with an all new flight controller, based on PX4.","og_url":"https:\/\/www.ghostysky.com\/pt\/produto-2\/yuneec-typhoon-h-plus\/","og_site_name":"Ghostysky","article_publisher":"https:\/\/www.facebook.com\/people\/Ghostysky\/100057676170234\/","article_modified_time":"2023-11-26T07:03:54+00:00","og_image":[{"width":1400,"height":1218,"url":"https:\/\/www.ghostysky.com\/wp-content\/uploads\/2021\/03\/H-Plus.png","type":"image\/png"}],"twitter_card":"summary_large_image","twitter_site":"@Gh0stysky","twitter_misc":{"Tempo estimado de leitura":"3 minutos"},"schema":{"@context":"https:\/\/schema.org","@graph":[{"@type":"WebPage","@id":"https:\/\/www.ghostysky.com\/product\/yuneec-typhoon-h-plus\/","url":"https:\/\/www.ghostysky.com\/product\/yuneec-typhoon-h-plus\/","name":"Yuneec Tuf\u00e3o H Plus","isPartOf":{"@id":"https:\/\/www.ghostysky.com\/#website"},"primaryImageOfPage":{"@id":"https:\/\/www.ghostysky.com\/product\/yuneec-typhoon-h-plus\/#primaryimage"},"image":{"@id":"https:\/\/www.ghostysky.com\/product\/yuneec-typhoon-h-plus\/#primaryimage"},"thumbnailUrl":"https:\/\/www.ghostysky.com\/wp-content\/uploads\/2021\/03\/H-Plus.png","datePublished":"2021-03-04T16:23:51+00:00","dateModified":"2023-11-26T07:03:54+00:00","description":"Conhe\u00e7a a pr\u00f3xima gera\u00e7\u00e3o do Typhoon H \u2013 um hexac\u00f3ptero ainda mais poderoso do que antes e com um controlador de v\u00f4o totalmente novo, baseado no PX4.","breadcrumb":{"@id":"https:\/\/www.ghostysky.com\/product\/yuneec-typhoon-h-plus\/#breadcrumb"},"inLanguage":"pt-PT","potentialAction":[{"@type":"ReadAction","target":["https:\/\/www.ghostysky.com\/product\/yuneec-typhoon-h-plus\/"]}]},{"@type":"ImageObject","inLanguage":"pt-PT","@id":"https:\/\/www.ghostysky.com\/product\/yuneec-typhoon-h-plus\/#primaryimage","url":"https:\/\/www.ghostysky.com\/wp-content\/uploads\/2021\/03\/H-Plus.png","contentUrl":"https:\/\/www.ghostysky.com\/wp-content\/uploads\/2021\/03\/H-Plus.png","width":1400,"height":1218},{"@type":"BreadcrumbList","@id":"https:\/\/www.ghostysky.com\/product\/yuneec-typhoon-h-plus\/#breadcrumb","itemListElement":[{"@type":"ListItem","position":1,"name":"Home","item":"https:\/\/www.ghostysky.com\/"},{"@type":"ListItem","position":2,"name":"Shop","item":"https:\/\/www.ghostysky.com\/shop\/"},{"@type":"ListItem","position":3,"name":"Yuneec Typhoon H Plus"}]},{"@type":"WebSite","@id":"https:\/\/www.ghostysky.com\/#website","url":"https:\/\/www.ghostysky.com\/","name":"Ghostysky","description":"Fornecendo drones e servi\u00e7os profissionais","publisher":{"@id":"https:\/\/www.ghostysky.com\/#organization"},"potentialAction":[{"@type":"SearchAction","target":{"@type":"EntryPoint","urlTemplate":"https:\/\/www.ghostysky.com\/?s={search_term_string}"},"query-input":{"@type":"PropertyValueSpecification","valueRequired":true,"valueName":"search_term_string"}}],"inLanguage":"pt-PT"},{"@type":"Organization","@id":"https:\/\/www.ghostysky.com\/#organization","name":"Ghostysky","url":"https:\/\/www.ghostysky.com\/","logo":{"@type":"ImageObject","inLanguage":"pt-PT","@id":"https:\/\/www.ghostysky.com\/#\/schema\/logo\/image\/","url":"https:\/\/www.ghostysky.com\/wp-content\/uploads\/2020\/06\/cropped-ghostyskylogo_text_white2.png","contentUrl":"https:\/\/www.ghostysky.com\/wp-content\/uploads\/2020\/06\/cropped-ghostyskylogo_text_white2.png","width":169,"height":56,"caption":"Ghostysky"},"image":{"@id":"https:\/\/www.ghostysky.com\/#\/schema\/logo\/image\/"},"sameAs":["https:\/\/www.facebook.com\/people\/Ghostysky\/100057676170234\/","https:\/\/x.com\/Gh0stysky","https:\/\/www.linkedin.com\/company\/34739653","https:\/\/www.instagram.com\/gh0stysky"]}]}},"_links":{"self":[{"href":"https:\/\/www.ghostysky.com\/pt\/wp-json\/wp\/v2\/product\/2025","targetHints":{"allow":["GET"]}}],"collection":[{"href":"https:\/\/www.ghostysky.com\/pt\/wp-json\/wp\/v2\/product"}],"about":[{"href":"https:\/\/www.ghostysky.com\/pt\/wp-json\/wp\/v2\/types\/product"}],"replies":[{"embeddable":true,"href":"https:\/\/www.ghostysky.com\/pt\/wp-json\/wp\/v2\/comments?post=2025"}],"wp:featuredmedia":[{"embeddable":true,"href":"https:\/\/www.ghostysky.com\/pt\/wp-json\/wp\/v2\/media\/2026"}],"wp:attachment":[{"href":"https:\/\/www.ghostysky.com\/pt\/wp-json\/wp\/v2\/media?parent=2025"}],"wp:term":[{"taxonomy":"product_brand","embeddable":true,"href":"https:\/\/www.ghostysky.com\/pt\/wp-json\/wp\/v2\/product_brand?post=2025"},{"taxonomy":"product_cat","embeddable":true,"href":"https:\/\/www.ghostysky.com\/pt\/wp-json\/wp\/v2\/product_cat?post=2025"},{"taxonomy":"product_tag","embeddable":true,"href":"https:\/\/www.ghostysky.com\/pt\/wp-json\/wp\/v2\/product_tag?post=2025"}],"curies":[{"name":"wp","href":"https:\/\/api.w.org\/{rel}","templated":true}]}}