{"id":20261,"date":"2024-11-05T07:42:08","date_gmt":"2024-11-05T07:42:08","guid":{"rendered":"https:\/\/www.ghostysky.com\/?post_type=product&#038;p=20261"},"modified":"2024-11-05T08:37:14","modified_gmt":"2024-11-05T08:37:14","slug":"dji-mavic-3-enterprise-emlid-reach-rs3-survey-case","status":"publish","type":"product","link":"https:\/\/www.ghostysky.com\/pt\/product\/dji-mavic-3-enterprise-emlid-reach-rs3-survey-case\/","title":{"rendered":"Mala r\u00edgida DJI Mavic 3 Enterprise e Emlid Reach RS3"},"content":{"rendered":"<h3>Mala r\u00edgida DJI Mavic 3 Enterprise REACH RS3<\/h3>\n<ul>\n<li class=\"js-image-area-title\" data-area-id=\"dji-mavic-3-enterprise-with-props-on\"><span aria-hidden=\"true\">+<\/span>DJI Mavic 3 Enterprise com acess\u00f3rios<\/li>\n<li class=\"js-image-area-title\" data-area-id=\"mavic-3-controller\"><span aria-hidden=\"true\">+<\/span>Controlo remoto Mavic 3<\/li>\n<li class=\"js-image-area-title\" data-area-id=\"reach-rs3-ground-station-head\"><span aria-hidden=\"true\">+<\/span>Receptor GNSS REACH RS3<\/li>\n<li class=\"js-image-area-title\" data-area-id=\"7-mavic-3-batteries-1-installed\"><span aria-hidden=\"true\">+<\/span>7 Baterias Mavic 3 (1 instalada)<\/li>\n<li class=\"js-image-area-title\" data-area-id=\"2-mavic-3-battery-charging-power-supplies\"><span aria-hidden=\"true\">+<\/span>2 fontes de alimenta\u00e7\u00e3o para carregamento da bateria Mavic 3<\/li>\n<li class=\"js-image-area-title\" data-area-id=\"2-mavic-3-battery-charging-hubs\"><span aria-hidden=\"true\">+<\/span>2 Hubs de carregamento de bateria Mavic 3<\/li>\n<li class=\"js-image-area-title\" data-area-id=\"speaker\"><span aria-hidden=\"true\">+<\/span>Altifalante<\/li>\n<li class=\"js-image-area-title\" data-area-id=\"2-cable-storage-cavity\"><span aria-hidden=\"true\">+<\/span>2 Cavidades para cabos<\/li>\n<li class=\"js-image-area-title\" data-area-id=\"3-accessory-cavities\"><span aria-hidden=\"true\">+<\/span>3 Cavidades para acess\u00f3rios<\/li>\n<li class=\"js-image-area-title\" data-area-id=\"spare-props-cavity\"><span aria-hidden=\"true\">+<\/span>Cavidade de adere\u00e7os sobressalentes<\/li>\n<li class=\"js-image-area-title\" data-area-id=\"1-gpc-lenspen-micropro-sold-separately\"><span aria-hidden=\"true\">+<\/span>1 GPC LensPen MicroPro (vendido em separado)<\/li>\n<li class=\"js-image-area-title\" data-area-id=\"1-gpc-micro-sd-card-holder-sold-separately\"><span aria-hidden=\"true\">+<\/span>1 suporte para cart\u00e3o micro SD GPC (vendido em separado)<\/li>\n<\/ul>","protected":false},"excerpt":{"rendered":"<p>Este porta-estandarte da s\u00e9rie Mavic 3 Enterprise permite viajar com uma vasta gama de acess\u00f3rios. Esta mala \u00e9 incr\u00edvel, permite levar o Mavic 3 Enterprise, esta\u00e7\u00e3o terrestre REACH RS3, muitas baterias Mavic, carregadores e muito mais. Este estojo mant\u00e9m todos os artigos seguros e bem organizados. Tamb\u00e9m sabemos que a implanta\u00e7\u00e3o r\u00e1pida \u00e9 importante, por isso concebemos a cavidade do Mavic 3 para manter os acess\u00f3rios no lugar.<\/p>\n<p>*Acess\u00f3rios vendidos separadamente*<\/p>","protected":false},"featured_media":20266,"comment_status":"open","ping_status":"closed","template":"","meta":[],"product_brand":[],"product_cat":[461,1007],"product_tag":[42,58,1005,1006],"class_list":{"0":"post-20261","1":"product","2":"type-product","3":"status-publish","4":"has-post-thumbnail","6":"product_cat-accessories-2","7":"product_cat-hard-cases","8":"product_tag-dji","9":"product_tag-emlid","10":"product_tag-hard-case","11":"product_tag-rs3","13":"first","14":"onbackorder","15":"taxable","16":"shipping-taxable","17":"purchasable","18":"product-type-simple"},"yoast_head":"<!-- This site is optimized with the Yoast SEO plugin v27.4 - https:\/\/yoast.com\/product\/yoast-seo-wordpress\/ -->\n<title>DJI Mavic 3 Enterprise &amp; Emlid Reach RS3 Survey Case - Ghostysky<\/title>\n<meta name=\"description\" content=\"This workhorse of a Mavic 3 Enterprise series travels with a wide variety of valuable accessories. This case packs a punch with the Mavic 3 Enterprise, REACH RS3 Ground station, plenty of Mavic batteries, chargers and much more. This case keeps all the items secure and well organized. We also know that quick deploy is important, therefore we have designed the Mavic 3 cavity to keep the props on.\" \/>\n<meta name=\"robots\" content=\"index, follow, max-snippet:-1, max-image-preview:large, max-video-preview:-1\" \/>\n<link rel=\"canonical\" href=\"https:\/\/www.ghostysky.com\/pt\/produto-2\/dji-mavic-3-enterprise-emlid-reach-rs3-survey-case\/\" \/>\n<meta property=\"og:locale\" content=\"pt_PT\" \/>\n<meta property=\"og:type\" content=\"article\" \/>\n<meta property=\"og:title\" content=\"DJI Mavic 3 Enterprise &amp; Emlid Reach RS3 Survey Case - Ghostysky\" \/>\n<meta property=\"og:description\" content=\"This workhorse of a Mavic 3 Enterprise series travels with a wide variety of valuable accessories. This case packs a punch with the Mavic 3 Enterprise, REACH RS3 Ground station, plenty of Mavic batteries, chargers and much more. This case keeps all the items secure and well organized. We also know that quick deploy is important, therefore we have designed the Mavic 3 cavity to keep the props on.\" \/>\n<meta property=\"og:url\" content=\"https:\/\/www.ghostysky.com\/pt\/produto-2\/dji-mavic-3-enterprise-emlid-reach-rs3-survey-case\/\" \/>\n<meta property=\"og:site_name\" content=\"Ghostysky\" \/>\n<meta property=\"article:publisher\" content=\"https:\/\/www.facebook.com\/people\/Ghostysky\/100057676170234\/\" \/>\n<meta property=\"article:modified_time\" content=\"2024-11-05T08:37:14+00:00\" \/>\n<meta property=\"og:image\" content=\"https:\/\/www.ghostysky.com\/wp-content\/uploads\/2024\/11\/Mav3RTKRS3Hero_800x.jpg\" \/>\n\t<meta property=\"og:image:width\" content=\"800\" \/>\n\t<meta property=\"og:image:height\" content=\"800\" \/>\n\t<meta property=\"og:image:type\" content=\"image\/jpeg\" \/>\n<meta name=\"twitter:card\" content=\"summary_large_image\" \/>\n<meta name=\"twitter:site\" content=\"@Gh0stysky\" \/>\n<meta name=\"twitter:label1\" content=\"Tempo estimado de leitura\" \/>\n\t<meta name=\"twitter:data1\" content=\"1 minuto\" \/>\n<script type=\"application\/ld+json\" class=\"yoast-schema-graph\">{\"@context\":\"https:\\\/\\\/schema.org\",\"@graph\":[{\"@type\":\"WebPage\",\"@id\":\"https:\\\/\\\/www.ghostysky.com\\\/product\\\/dji-mavic-3-enterprise-emlid-reach-rs3-survey-case\\\/\",\"url\":\"https:\\\/\\\/www.ghostysky.com\\\/product\\\/dji-mavic-3-enterprise-emlid-reach-rs3-survey-case\\\/\",\"name\":\"DJI Mavic 3 Enterprise & Emlid Reach RS3 Survey Case - Ghostysky\",\"isPartOf\":{\"@id\":\"https:\\\/\\\/www.ghostysky.com\\\/#website\"},\"primaryImageOfPage\":{\"@id\":\"https:\\\/\\\/www.ghostysky.com\\\/product\\\/dji-mavic-3-enterprise-emlid-reach-rs3-survey-case\\\/#primaryimage\"},\"image\":{\"@id\":\"https:\\\/\\\/www.ghostysky.com\\\/product\\\/dji-mavic-3-enterprise-emlid-reach-rs3-survey-case\\\/#primaryimage\"},\"thumbnailUrl\":\"https:\\\/\\\/www.ghostysky.com\\\/wp-content\\\/uploads\\\/2024\\\/11\\\/Mav3RTKRS3Hero_800x.jpg\",\"datePublished\":\"2024-11-05T07:42:08+00:00\",\"dateModified\":\"2024-11-05T08:37:14+00:00\",\"description\":\"This workhorse of a Mavic 3 Enterprise series travels with a wide variety of valuable accessories. This case packs a punch with the Mavic 3 Enterprise, REACH RS3 Ground station, plenty of Mavic batteries, chargers and much more. This case keeps all the items secure and well organized. We also know that quick deploy is important, therefore we have designed the Mavic 3 cavity to keep the props on.\",\"breadcrumb\":{\"@id\":\"https:\\\/\\\/www.ghostysky.com\\\/product\\\/dji-mavic-3-enterprise-emlid-reach-rs3-survey-case\\\/#breadcrumb\"},\"inLanguage\":\"pt-PT\",\"potentialAction\":[{\"@type\":\"ReadAction\",\"target\":[\"https:\\\/\\\/www.ghostysky.com\\\/product\\\/dji-mavic-3-enterprise-emlid-reach-rs3-survey-case\\\/\"]}]},{\"@type\":\"ImageObject\",\"inLanguage\":\"pt-PT\",\"@id\":\"https:\\\/\\\/www.ghostysky.com\\\/product\\\/dji-mavic-3-enterprise-emlid-reach-rs3-survey-case\\\/#primaryimage\",\"url\":\"https:\\\/\\\/www.ghostysky.com\\\/wp-content\\\/uploads\\\/2024\\\/11\\\/Mav3RTKRS3Hero_800x.jpg\",\"contentUrl\":\"https:\\\/\\\/www.ghostysky.com\\\/wp-content\\\/uploads\\\/2024\\\/11\\\/Mav3RTKRS3Hero_800x.jpg\",\"width\":800,\"height\":800},{\"@type\":\"BreadcrumbList\",\"@id\":\"https:\\\/\\\/www.ghostysky.com\\\/product\\\/dji-mavic-3-enterprise-emlid-reach-rs3-survey-case\\\/#breadcrumb\",\"itemListElement\":[{\"@type\":\"ListItem\",\"position\":1,\"name\":\"Home\",\"item\":\"https:\\\/\\\/www.ghostysky.com\\\/\"},{\"@type\":\"ListItem\",\"position\":2,\"name\":\"Shop\",\"item\":\"https:\\\/\\\/www.ghostysky.com\\\/shop\\\/\"},{\"@type\":\"ListItem\",\"position\":3,\"name\":\"DJI Mavic 3 Enterprise &#038; Emlid Reach RS3 Survey Case\"}]},{\"@type\":\"WebSite\",\"@id\":\"https:\\\/\\\/www.ghostysky.com\\\/#website\",\"url\":\"https:\\\/\\\/www.ghostysky.com\\\/\",\"name\":\"Ghostysky\",\"description\":\"Delivering professional drones and robotics solutions\",\"publisher\":{\"@id\":\"https:\\\/\\\/www.ghostysky.com\\\/#organization\"},\"potentialAction\":[{\"@type\":\"SearchAction\",\"target\":{\"@type\":\"EntryPoint\",\"urlTemplate\":\"https:\\\/\\\/www.ghostysky.com\\\/?s={search_term_string}\"},\"query-input\":{\"@type\":\"PropertyValueSpecification\",\"valueRequired\":true,\"valueName\":\"search_term_string\"}}],\"inLanguage\":\"pt-PT\"},{\"@type\":\"Organization\",\"@id\":\"https:\\\/\\\/www.ghostysky.com\\\/#organization\",\"name\":\"Ghostysky\",\"url\":\"https:\\\/\\\/www.ghostysky.com\\\/\",\"logo\":{\"@type\":\"ImageObject\",\"inLanguage\":\"pt-PT\",\"@id\":\"https:\\\/\\\/www.ghostysky.com\\\/#\\\/schema\\\/logo\\\/image\\\/\",\"url\":\"https:\\\/\\\/www.ghostysky.com\\\/wp-content\\\/uploads\\\/2020\\\/06\\\/cropped-ghostyskylogo_text_white2.png\",\"contentUrl\":\"https:\\\/\\\/www.ghostysky.com\\\/wp-content\\\/uploads\\\/2020\\\/06\\\/cropped-ghostyskylogo_text_white2.png\",\"width\":169,\"height\":56,\"caption\":\"Ghostysky\"},\"image\":{\"@id\":\"https:\\\/\\\/www.ghostysky.com\\\/#\\\/schema\\\/logo\\\/image\\\/\"},\"sameAs\":[\"https:\\\/\\\/www.facebook.com\\\/people\\\/Ghostysky\\\/100057676170234\\\/\",\"https:\\\/\\\/x.com\\\/Gh0stysky\",\"https:\\\/\\\/www.linkedin.com\\\/company\\\/34739653\",\"https:\\\/\\\/www.instagram.com\\\/gh0stysky\"]}]}<\/script>\n<!-- \/ Yoast SEO plugin. -->","yoast_head_json":{"title":"Estudo de caso sobre DJI Mavic 3 Enterprise e Emlid Reach RS3 - Ghostysky","description":"Este Mavic 3 Enterprise, um verdadeiro cavalo de batalha, viaja com uma ampla variedade de acess\u00f3rios valiosos. Este case \u00e9 perfeito para o Mavic 3 Enterprise, a esta\u00e7\u00e3o terrestre REACH RS3, diversas baterias Mavic, carregadores e muito mais. Este case mant\u00e9m todos os itens seguros e bem organizados. Tamb\u00e9m sabemos que a r\u00e1pida instala\u00e7\u00e3o \u00e9 importante, por isso projetamos a cavidade do Mavic 3 para manter as h\u00e9lices no lugar.","robots":{"index":"index","follow":"follow","max-snippet":"max-snippet:-1","max-image-preview":"max-image-preview:large","max-video-preview":"max-video-preview:-1"},"canonical":"https:\/\/www.ghostysky.com\/pt\/produto-2\/dji-mavic-3-enterprise-emlid-reach-rs3-survey-case\/","og_locale":"pt_PT","og_type":"article","og_title":"DJI Mavic 3 Enterprise & Emlid Reach RS3 Survey Case - Ghostysky","og_description":"This workhorse of a Mavic 3 Enterprise series travels with a wide variety of valuable accessories. This case packs a punch with the Mavic 3 Enterprise, REACH RS3 Ground station, plenty of Mavic batteries, chargers and much more. This case keeps all the items secure and well organized. We also know that quick deploy is important, therefore we have designed the Mavic 3 cavity to keep the props on.","og_url":"https:\/\/www.ghostysky.com\/pt\/produto-2\/dji-mavic-3-enterprise-emlid-reach-rs3-survey-case\/","og_site_name":"Ghostysky","article_publisher":"https:\/\/www.facebook.com\/people\/Ghostysky\/100057676170234\/","article_modified_time":"2024-11-05T08:37:14+00:00","og_image":[{"width":800,"height":800,"url":"https:\/\/www.ghostysky.com\/wp-content\/uploads\/2024\/11\/Mav3RTKRS3Hero_800x.jpg","type":"image\/jpeg"}],"twitter_card":"summary_large_image","twitter_site":"@Gh0stysky","twitter_misc":{"Tempo estimado de leitura":"1 minuto"},"schema":{"@context":"https:\/\/schema.org","@graph":[{"@type":"WebPage","@id":"https:\/\/www.ghostysky.com\/product\/dji-mavic-3-enterprise-emlid-reach-rs3-survey-case\/","url":"https:\/\/www.ghostysky.com\/product\/dji-mavic-3-enterprise-emlid-reach-rs3-survey-case\/","name":"Estudo de caso sobre DJI Mavic 3 Enterprise e Emlid Reach RS3 - Ghostysky","isPartOf":{"@id":"https:\/\/www.ghostysky.com\/#website"},"primaryImageOfPage":{"@id":"https:\/\/www.ghostysky.com\/product\/dji-mavic-3-enterprise-emlid-reach-rs3-survey-case\/#primaryimage"},"image":{"@id":"https:\/\/www.ghostysky.com\/product\/dji-mavic-3-enterprise-emlid-reach-rs3-survey-case\/#primaryimage"},"thumbnailUrl":"https:\/\/www.ghostysky.com\/wp-content\/uploads\/2024\/11\/Mav3RTKRS3Hero_800x.jpg","datePublished":"2024-11-05T07:42:08+00:00","dateModified":"2024-11-05T08:37:14+00:00","description":"Este Mavic 3 Enterprise, um verdadeiro cavalo de batalha, viaja com uma ampla variedade de acess\u00f3rios valiosos. Este case \u00e9 perfeito para o Mavic 3 Enterprise, a esta\u00e7\u00e3o terrestre REACH RS3, diversas baterias Mavic, carregadores e muito mais. Este case mant\u00e9m todos os itens seguros e bem organizados. Tamb\u00e9m sabemos que a r\u00e1pida instala\u00e7\u00e3o \u00e9 importante, por isso projetamos a cavidade do Mavic 3 para manter as h\u00e9lices no lugar.","breadcrumb":{"@id":"https:\/\/www.ghostysky.com\/product\/dji-mavic-3-enterprise-emlid-reach-rs3-survey-case\/#breadcrumb"},"inLanguage":"pt-PT","potentialAction":[{"@type":"ReadAction","target":["https:\/\/www.ghostysky.com\/product\/dji-mavic-3-enterprise-emlid-reach-rs3-survey-case\/"]}]},{"@type":"ImageObject","inLanguage":"pt-PT","@id":"https:\/\/www.ghostysky.com\/product\/dji-mavic-3-enterprise-emlid-reach-rs3-survey-case\/#primaryimage","url":"https:\/\/www.ghostysky.com\/wp-content\/uploads\/2024\/11\/Mav3RTKRS3Hero_800x.jpg","contentUrl":"https:\/\/www.ghostysky.com\/wp-content\/uploads\/2024\/11\/Mav3RTKRS3Hero_800x.jpg","width":800,"height":800},{"@type":"BreadcrumbList","@id":"https:\/\/www.ghostysky.com\/product\/dji-mavic-3-enterprise-emlid-reach-rs3-survey-case\/#breadcrumb","itemListElement":[{"@type":"ListItem","position":1,"name":"Home","item":"https:\/\/www.ghostysky.com\/"},{"@type":"ListItem","position":2,"name":"Shop","item":"https:\/\/www.ghostysky.com\/shop\/"},{"@type":"ListItem","position":3,"name":"DJI Mavic 3 Enterprise &#038; Emlid Reach RS3 Survey Case"}]},{"@type":"WebSite","@id":"https:\/\/www.ghostysky.com\/#website","url":"https:\/\/www.ghostysky.com\/","name":"Ghostysky","description":"Fornecendo solu\u00e7\u00f5es profissionais em drones e rob\u00f3tica.","publisher":{"@id":"https:\/\/www.ghostysky.com\/#organization"},"potentialAction":[{"@type":"SearchAction","target":{"@type":"EntryPoint","urlTemplate":"https:\/\/www.ghostysky.com\/?s={search_term_string}"},"query-input":{"@type":"PropertyValueSpecification","valueRequired":true,"valueName":"search_term_string"}}],"inLanguage":"pt-PT"},{"@type":"Organization","@id":"https:\/\/www.ghostysky.com\/#organization","name":"Ghostysky","url":"https:\/\/www.ghostysky.com\/","logo":{"@type":"ImageObject","inLanguage":"pt-PT","@id":"https:\/\/www.ghostysky.com\/#\/schema\/logo\/image\/","url":"https:\/\/www.ghostysky.com\/wp-content\/uploads\/2020\/06\/cropped-ghostyskylogo_text_white2.png","contentUrl":"https:\/\/www.ghostysky.com\/wp-content\/uploads\/2020\/06\/cropped-ghostyskylogo_text_white2.png","width":169,"height":56,"caption":"Ghostysky"},"image":{"@id":"https:\/\/www.ghostysky.com\/#\/schema\/logo\/image\/"},"sameAs":["https:\/\/www.facebook.com\/people\/Ghostysky\/100057676170234\/","https:\/\/x.com\/Gh0stysky","https:\/\/www.linkedin.com\/company\/34739653","https:\/\/www.instagram.com\/gh0stysky"]}]}},"_links":{"self":[{"href":"https:\/\/www.ghostysky.com\/pt\/wp-json\/wp\/v2\/product\/20261","targetHints":{"allow":["GET"]}}],"collection":[{"href":"https:\/\/www.ghostysky.com\/pt\/wp-json\/wp\/v2\/product"}],"about":[{"href":"https:\/\/www.ghostysky.com\/pt\/wp-json\/wp\/v2\/types\/product"}],"replies":[{"embeddable":true,"href":"https:\/\/www.ghostysky.com\/pt\/wp-json\/wp\/v2\/comments?post=20261"}],"version-history":[{"count":0,"href":"https:\/\/www.ghostysky.com\/pt\/wp-json\/wp\/v2\/product\/20261\/revisions"}],"wp:featuredmedia":[{"embeddable":true,"href":"https:\/\/www.ghostysky.com\/pt\/wp-json\/wp\/v2\/media\/20266"}],"wp:attachment":[{"href":"https:\/\/www.ghostysky.com\/pt\/wp-json\/wp\/v2\/media?parent=20261"}],"wp:term":[{"taxonomy":"product_brand","embeddable":true,"href":"https:\/\/www.ghostysky.com\/pt\/wp-json\/wp\/v2\/product_brand?post=20261"},{"taxonomy":"product_cat","embeddable":true,"href":"https:\/\/www.ghostysky.com\/pt\/wp-json\/wp\/v2\/product_cat?post=20261"},{"taxonomy":"product_tag","embeddable":true,"href":"https:\/\/www.ghostysky.com\/pt\/wp-json\/wp\/v2\/product_tag?post=20261"}],"curies":[{"name":"wp","href":"https:\/\/api.w.org\/{rel}","templated":true}]}}