{"id":2050,"date":"2021-03-04T17:17:34","date_gmt":"2021-03-04T17:17:34","guid":{"rendered":"https:\/\/www.ghostysky.com\/?post_type=product&#038;p=2050"},"modified":"2024-08-28T03:25:39","modified_gmt":"2024-08-28T03:25:39","slug":"yuneec-e10tvx-camera","status":"publish","type":"product","link":"https:\/\/www.ghostysky.com\/pt\/product\/yuneec-e10tvx-camera\/","title":{"rendered":"C\u00e2mera E10TvX"},"content":{"rendered":"<p><strong>O E10TvX \u00e9 uma solu\u00e7\u00e3o profissional, segura e f\u00e1cil de usar para in\u00fameras aplica\u00e7\u00f5es:<\/strong><\/p>\n<ul>\n<li>Constru\u00e7\u00e3o e inspec\u00e7\u00e3o de infraestructuras<\/li>\n<li>Inspec\u00e7\u00e3o de sistemas fotovoltaicos<\/li>\n<li>Agricultura e Floresta<\/li>\n<li>Combate a inc\u00eandios<\/li>\n<li>Aplica\u00e7\u00f5es policiais e alfandeg\u00e1rias<\/li>\n<li>Busca e salvamento<\/li>\n<\/ul>\n<p><strong>EM RESUMO<\/strong><\/p>\n<ul>\n<li>Medi\u00e7\u00e3o e exibi\u00e7\u00e3o de temperaturas<\/li>\n<li>V\u00e1rios espectros de cores permitem uma visualiza\u00e7\u00e3o precisa das fontes de calor<\/li>\n<li>Escala de detec\u00e7\u00e3o de temperatura ajust\u00e1vel afim de focar as \u00e1reas relevantes<\/li>\n<li>IR montado em gimbal para uma detec\u00e7\u00e3o suave em termos de visualiza\u00e7\u00e3o<\/li>\n<li>O grande sensor IR detecta mais detalhes no escuro do que o olho humano, ideal para as \u00e1reas de vigil\u00e2ncia<\/li>\n<li>Dual HD e grava\u00e7\u00e3o simult\u00e2nea de infravermelhos<\/li>\n<li>A luz t\u00e9rmica e a luz dispon\u00edvel s\u00e3o gravadas simultaneamente, para que o v\u00eddeo tenha precis\u00e3o de quadros na reprodu\u00e7\u00e3o com timecode integrado<\/li>\n<li>Suporta DataPilot e planejamento de miss\u00e3o<\/li>\n<li>Compat\u00edvel apenas com H520E<\/li>\n<\/ul>","protected":false},"excerpt":{"rendered":"<p><strong>C\u00c2MERA T\u00c9RMICA FLIR DE ALTA E DE BAIXA INTENSIDADE DE LUZ<\/strong><\/p>\n<p>A E10TvX para o Hexacopter H520E \u00e9 um gimbal de 3 eixos que inclui uma imagem t\u00e9rmica e uma de alta e baixa intensidade de luz, tudo numa s\u00f3 c\u00e2mera.<br \/>\nCom uma resolu\u00e7\u00e3o de imagem t\u00e9rmica de 640 * 512 pixels, a E10TX captura imagens em alta qualidade, detectando ainda maiores detalhes em ambientes escuros atrav\u00e9s do seu grande sensor RGB.<br \/>\nGra\u00e7as ao seu fluxo de v\u00eddeo duplo, \u00e9 poss\u00edvel transmitir a imagem t\u00e9rmica e de luz de baixa intensidade em simult\u00e2neo para o controle remoto. \u00c9 poss\u00edvel ver no controlo remoto as imagens em separado ou sobrepostas. Al\u00e9m disso, a E10TvX oferece suporte a aplica\u00e7\u00f5es comerciais tais como as de planeamento de miss\u00f5es.<\/p>\n<hr \/>","protected":false},"featured_media":2053,"comment_status":"open","ping_status":"closed","template":"","meta":[],"product_brand":[],"product_cat":[120,29,118],"product_tag":[62,134,135,122,136,121],"class_list":{"0":"post-2050","1":"product","2":"type-product","3":"status-publish","4":"has-post-thumbnail","6":"product_cat-yuneec-cameras","7":"product_cat-drones","8":"product_cat-yuneec","9":"product_tag-camera","10":"product_tag-e10tvx","11":"product_tag-flir-thermal","12":"product_tag-h520e","13":"product_tag-high-resolution","14":"product_tag-yuneec","16":"first","17":"onbackorder","18":"taxable","19":"shipping-taxable","20":"purchasable","21":"product-type-simple"},"yoast_head":"<!-- This site is optimized with the Yoast SEO plugin v27.4 - https:\/\/yoast.com\/product\/yoast-seo-wordpress\/ -->\n<title>E10TvX Camera -<\/title>\n<meta name=\"description\" content=\"The E10TvX for the H520E Hexacopter is a stabilised 3-axis gimbal, thermal imaging and residual light camera all-in-one.With a 640*512-pixel thermal imaging resolution, the E10TX takes high-quality pictures and detects more details in the dark than the naked eye with the help of its large RGB sensor.\" \/>\n<meta name=\"robots\" content=\"index, follow, max-snippet:-1, max-image-preview:large, max-video-preview:-1\" \/>\n<link rel=\"canonical\" href=\"https:\/\/www.ghostysky.com\/pt\/produto-2\/yuneec-e10tvx-camera\/\" \/>\n<meta property=\"og:locale\" content=\"pt_PT\" \/>\n<meta property=\"og:type\" content=\"article\" \/>\n<meta property=\"og:title\" content=\"E10TvX Camera -\" \/>\n<meta property=\"og:description\" content=\"The E10TvX for the H520E Hexacopter is a stabilised 3-axis gimbal, thermal imaging and residual light camera all-in-one.With a 640*512-pixel thermal imaging resolution, the E10TX takes high-quality pictures and detects more details in the dark than the naked eye with the help of its large RGB sensor.\" \/>\n<meta property=\"og:url\" content=\"https:\/\/www.ghostysky.com\/pt\/produto-2\/yuneec-e10tvx-camera\/\" \/>\n<meta property=\"og:site_name\" content=\"Ghostysky\" \/>\n<meta property=\"article:publisher\" content=\"https:\/\/www.facebook.com\/people\/Ghostysky\/100057676170234\/\" \/>\n<meta property=\"article:modified_time\" content=\"2024-08-28T03:25:39+00:00\" \/>\n<meta property=\"og:image\" content=\"https:\/\/www.ghostysky.com\/wp-content\/uploads\/2021\/03\/E10TvX1.png\" \/>\n\t<meta property=\"og:image:width\" content=\"551\" \/>\n\t<meta property=\"og:image:height\" content=\"685\" \/>\n\t<meta property=\"og:image:type\" content=\"image\/png\" \/>\n<meta name=\"twitter:card\" content=\"summary_large_image\" \/>\n<meta name=\"twitter:site\" content=\"@Gh0stysky\" \/>\n<meta name=\"twitter:label1\" content=\"Tempo estimado de leitura\" \/>\n\t<meta name=\"twitter:data1\" content=\"1 minuto\" \/>\n<script type=\"application\/ld+json\" class=\"yoast-schema-graph\">{\"@context\":\"https:\\\/\\\/schema.org\",\"@graph\":[{\"@type\":\"WebPage\",\"@id\":\"https:\\\/\\\/www.ghostysky.com\\\/product\\\/yuneec-e10tvx-camera\\\/\",\"url\":\"https:\\\/\\\/www.ghostysky.com\\\/product\\\/yuneec-e10tvx-camera\\\/\",\"name\":\"E10TvX Camera -\",\"isPartOf\":{\"@id\":\"https:\\\/\\\/www.ghostysky.com\\\/#website\"},\"primaryImageOfPage\":{\"@id\":\"https:\\\/\\\/www.ghostysky.com\\\/product\\\/yuneec-e10tvx-camera\\\/#primaryimage\"},\"image\":{\"@id\":\"https:\\\/\\\/www.ghostysky.com\\\/product\\\/yuneec-e10tvx-camera\\\/#primaryimage\"},\"thumbnailUrl\":\"https:\\\/\\\/www.ghostysky.com\\\/wp-content\\\/uploads\\\/2021\\\/03\\\/E10TvX1.png\",\"datePublished\":\"2021-03-04T17:17:34+00:00\",\"dateModified\":\"2024-08-28T03:25:39+00:00\",\"description\":\"The E10TvX for the H520E Hexacopter is a stabilised 3-axis gimbal, thermal imaging and residual light camera all-in-one.With a 640*512-pixel thermal imaging resolution, the E10TX takes high-quality pictures and detects more details in the dark than the naked eye with the help of its large RGB sensor.\",\"breadcrumb\":{\"@id\":\"https:\\\/\\\/www.ghostysky.com\\\/product\\\/yuneec-e10tvx-camera\\\/#breadcrumb\"},\"inLanguage\":\"pt-PT\",\"potentialAction\":[{\"@type\":\"ReadAction\",\"target\":[\"https:\\\/\\\/www.ghostysky.com\\\/product\\\/yuneec-e10tvx-camera\\\/\"]}]},{\"@type\":\"ImageObject\",\"inLanguage\":\"pt-PT\",\"@id\":\"https:\\\/\\\/www.ghostysky.com\\\/product\\\/yuneec-e10tvx-camera\\\/#primaryimage\",\"url\":\"https:\\\/\\\/www.ghostysky.com\\\/wp-content\\\/uploads\\\/2021\\\/03\\\/E10TvX1.png\",\"contentUrl\":\"https:\\\/\\\/www.ghostysky.com\\\/wp-content\\\/uploads\\\/2021\\\/03\\\/E10TvX1.png\",\"width\":551,\"height\":685},{\"@type\":\"BreadcrumbList\",\"@id\":\"https:\\\/\\\/www.ghostysky.com\\\/product\\\/yuneec-e10tvx-camera\\\/#breadcrumb\",\"itemListElement\":[{\"@type\":\"ListItem\",\"position\":1,\"name\":\"Home\",\"item\":\"https:\\\/\\\/www.ghostysky.com\\\/\"},{\"@type\":\"ListItem\",\"position\":2,\"name\":\"Shop\",\"item\":\"https:\\\/\\\/www.ghostysky.com\\\/shop\\\/\"},{\"@type\":\"ListItem\",\"position\":3,\"name\":\"E10TvX Camera\"}]},{\"@type\":\"WebSite\",\"@id\":\"https:\\\/\\\/www.ghostysky.com\\\/#website\",\"url\":\"https:\\\/\\\/www.ghostysky.com\\\/\",\"name\":\"Ghostysky\",\"description\":\"Delivering professional drones and services\",\"publisher\":{\"@id\":\"https:\\\/\\\/www.ghostysky.com\\\/#organization\"},\"potentialAction\":[{\"@type\":\"SearchAction\",\"target\":{\"@type\":\"EntryPoint\",\"urlTemplate\":\"https:\\\/\\\/www.ghostysky.com\\\/?s={search_term_string}\"},\"query-input\":{\"@type\":\"PropertyValueSpecification\",\"valueRequired\":true,\"valueName\":\"search_term_string\"}}],\"inLanguage\":\"pt-PT\"},{\"@type\":\"Organization\",\"@id\":\"https:\\\/\\\/www.ghostysky.com\\\/#organization\",\"name\":\"Ghostysky\",\"url\":\"https:\\\/\\\/www.ghostysky.com\\\/\",\"logo\":{\"@type\":\"ImageObject\",\"inLanguage\":\"pt-PT\",\"@id\":\"https:\\\/\\\/www.ghostysky.com\\\/#\\\/schema\\\/logo\\\/image\\\/\",\"url\":\"https:\\\/\\\/www.ghostysky.com\\\/wp-content\\\/uploads\\\/2020\\\/06\\\/cropped-ghostyskylogo_text_white2.png\",\"contentUrl\":\"https:\\\/\\\/www.ghostysky.com\\\/wp-content\\\/uploads\\\/2020\\\/06\\\/cropped-ghostyskylogo_text_white2.png\",\"width\":169,\"height\":56,\"caption\":\"Ghostysky\"},\"image\":{\"@id\":\"https:\\\/\\\/www.ghostysky.com\\\/#\\\/schema\\\/logo\\\/image\\\/\"},\"sameAs\":[\"https:\\\/\\\/www.facebook.com\\\/people\\\/Ghostysky\\\/100057676170234\\\/\",\"https:\\\/\\\/x.com\\\/Gh0stysky\",\"https:\\\/\\\/www.linkedin.com\\\/company\\\/34739653\",\"https:\\\/\\\/www.instagram.com\\\/gh0stysky\"]}]}<\/script>\n<!-- \/ Yoast SEO plugin. -->","yoast_head_json":{"title":"C\u00e2mera E10TvX","description":"O E10TvX para o Hexacopter H520E \u00e9 um gimbal de 3 eixos estabilizado, imagem t\u00e9rmica e c\u00e2mera de luz residual tudo-em-um. Com uma resolu\u00e7\u00e3o de imagem t\u00e9rmica de 640 * 512 pixels, o E10TX tira fotos de alta qualidade e detecta mais detalhes no mais escuro que a olho nu com a ajuda de seu grande sensor RGB.","robots":{"index":"index","follow":"follow","max-snippet":"max-snippet:-1","max-image-preview":"max-image-preview:large","max-video-preview":"max-video-preview:-1"},"canonical":"https:\/\/www.ghostysky.com\/pt\/produto-2\/yuneec-e10tvx-camera\/","og_locale":"pt_PT","og_type":"article","og_title":"E10TvX Camera -","og_description":"The E10TvX for the H520E Hexacopter is a stabilised 3-axis gimbal, thermal imaging and residual light camera all-in-one.With a 640*512-pixel thermal imaging resolution, the E10TX takes high-quality pictures and detects more details in the dark than the naked eye with the help of its large RGB sensor.","og_url":"https:\/\/www.ghostysky.com\/pt\/produto-2\/yuneec-e10tvx-camera\/","og_site_name":"Ghostysky","article_publisher":"https:\/\/www.facebook.com\/people\/Ghostysky\/100057676170234\/","article_modified_time":"2024-08-28T03:25:39+00:00","og_image":[{"width":551,"height":685,"url":"https:\/\/www.ghostysky.com\/wp-content\/uploads\/2021\/03\/E10TvX1.png","type":"image\/png"}],"twitter_card":"summary_large_image","twitter_site":"@Gh0stysky","twitter_misc":{"Tempo estimado de leitura":"1 minuto"},"schema":{"@context":"https:\/\/schema.org","@graph":[{"@type":"WebPage","@id":"https:\/\/www.ghostysky.com\/product\/yuneec-e10tvx-camera\/","url":"https:\/\/www.ghostysky.com\/product\/yuneec-e10tvx-camera\/","name":"C\u00e2mera E10TvX","isPartOf":{"@id":"https:\/\/www.ghostysky.com\/#website"},"primaryImageOfPage":{"@id":"https:\/\/www.ghostysky.com\/product\/yuneec-e10tvx-camera\/#primaryimage"},"image":{"@id":"https:\/\/www.ghostysky.com\/product\/yuneec-e10tvx-camera\/#primaryimage"},"thumbnailUrl":"https:\/\/www.ghostysky.com\/wp-content\/uploads\/2021\/03\/E10TvX1.png","datePublished":"2021-03-04T17:17:34+00:00","dateModified":"2024-08-28T03:25:39+00:00","description":"O E10TvX para o Hexacopter H520E \u00e9 um gimbal de 3 eixos estabilizado, imagem t\u00e9rmica e c\u00e2mera de luz residual tudo-em-um. Com uma resolu\u00e7\u00e3o de imagem t\u00e9rmica de 640 * 512 pixels, o E10TX tira fotos de alta qualidade e detecta mais detalhes no mais escuro que a olho nu com a ajuda de seu grande sensor RGB.","breadcrumb":{"@id":"https:\/\/www.ghostysky.com\/product\/yuneec-e10tvx-camera\/#breadcrumb"},"inLanguage":"pt-PT","potentialAction":[{"@type":"ReadAction","target":["https:\/\/www.ghostysky.com\/product\/yuneec-e10tvx-camera\/"]}]},{"@type":"ImageObject","inLanguage":"pt-PT","@id":"https:\/\/www.ghostysky.com\/product\/yuneec-e10tvx-camera\/#primaryimage","url":"https:\/\/www.ghostysky.com\/wp-content\/uploads\/2021\/03\/E10TvX1.png","contentUrl":"https:\/\/www.ghostysky.com\/wp-content\/uploads\/2021\/03\/E10TvX1.png","width":551,"height":685},{"@type":"BreadcrumbList","@id":"https:\/\/www.ghostysky.com\/product\/yuneec-e10tvx-camera\/#breadcrumb","itemListElement":[{"@type":"ListItem","position":1,"name":"Home","item":"https:\/\/www.ghostysky.com\/"},{"@type":"ListItem","position":2,"name":"Shop","item":"https:\/\/www.ghostysky.com\/shop\/"},{"@type":"ListItem","position":3,"name":"E10TvX Camera"}]},{"@type":"WebSite","@id":"https:\/\/www.ghostysky.com\/#website","url":"https:\/\/www.ghostysky.com\/","name":"Ghostysky","description":"Fornecendo drones e servi\u00e7os profissionais","publisher":{"@id":"https:\/\/www.ghostysky.com\/#organization"},"potentialAction":[{"@type":"SearchAction","target":{"@type":"EntryPoint","urlTemplate":"https:\/\/www.ghostysky.com\/?s={search_term_string}"},"query-input":{"@type":"PropertyValueSpecification","valueRequired":true,"valueName":"search_term_string"}}],"inLanguage":"pt-PT"},{"@type":"Organization","@id":"https:\/\/www.ghostysky.com\/#organization","name":"Ghostysky","url":"https:\/\/www.ghostysky.com\/","logo":{"@type":"ImageObject","inLanguage":"pt-PT","@id":"https:\/\/www.ghostysky.com\/#\/schema\/logo\/image\/","url":"https:\/\/www.ghostysky.com\/wp-content\/uploads\/2020\/06\/cropped-ghostyskylogo_text_white2.png","contentUrl":"https:\/\/www.ghostysky.com\/wp-content\/uploads\/2020\/06\/cropped-ghostyskylogo_text_white2.png","width":169,"height":56,"caption":"Ghostysky"},"image":{"@id":"https:\/\/www.ghostysky.com\/#\/schema\/logo\/image\/"},"sameAs":["https:\/\/www.facebook.com\/people\/Ghostysky\/100057676170234\/","https:\/\/x.com\/Gh0stysky","https:\/\/www.linkedin.com\/company\/34739653","https:\/\/www.instagram.com\/gh0stysky"]}]}},"_links":{"self":[{"href":"https:\/\/www.ghostysky.com\/pt\/wp-json\/wp\/v2\/product\/2050","targetHints":{"allow":["GET"]}}],"collection":[{"href":"https:\/\/www.ghostysky.com\/pt\/wp-json\/wp\/v2\/product"}],"about":[{"href":"https:\/\/www.ghostysky.com\/pt\/wp-json\/wp\/v2\/types\/product"}],"replies":[{"embeddable":true,"href":"https:\/\/www.ghostysky.com\/pt\/wp-json\/wp\/v2\/comments?post=2050"}],"version-history":[{"count":0,"href":"https:\/\/www.ghostysky.com\/pt\/wp-json\/wp\/v2\/product\/2050\/revisions"}],"wp:featuredmedia":[{"embeddable":true,"href":"https:\/\/www.ghostysky.com\/pt\/wp-json\/wp\/v2\/media\/2053"}],"wp:attachment":[{"href":"https:\/\/www.ghostysky.com\/pt\/wp-json\/wp\/v2\/media?parent=2050"}],"wp:term":[{"taxonomy":"product_brand","embeddable":true,"href":"https:\/\/www.ghostysky.com\/pt\/wp-json\/wp\/v2\/product_brand?post=2050"},{"taxonomy":"product_cat","embeddable":true,"href":"https:\/\/www.ghostysky.com\/pt\/wp-json\/wp\/v2\/product_cat?post=2050"},{"taxonomy":"product_tag","embeddable":true,"href":"https:\/\/www.ghostysky.com\/pt\/wp-json\/wp\/v2\/product_tag?post=2050"}],"curies":[{"name":"wp","href":"https:\/\/api.w.org\/{rel}","templated":true}]}}