{"id":2054,"date":"2021-03-04T17:23:46","date_gmt":"2021-03-04T17:23:46","guid":{"rendered":"https:\/\/www.ghostysky.com\/?post_type=product&#038;p=2054"},"modified":"2024-07-11T20:30:01","modified_gmt":"2024-07-11T20:30:01","slug":"yuneec-e30z-for-h520e","status":"publish","type":"product","link":"https:\/\/www.ghostysky.com\/pt\/product\/yuneec-e30z-for-h520e\/","title":{"rendered":"C\u00e2mera E30ZX para H520E e H850"},"content":{"rendered":"<div class=\"product--description\">\n<p>A Yuneec E30ZX vem equipada com um zoom \u00f3ptico de 30x, que pode ser aprimorado ainda mais pelo zoom digital de 6x. A velocidade m\u00e1xima de zoom de grande angular \u00e9 de apenas 2,55 segundos, permitindo capturar imagens importantes num curto espa\u00e7o de tempo, mesmo a grandes dist\u00e2ncias. As configura\u00e7\u00f5es espec\u00edficas da c\u00e2mera, como modos de fotografia ou balan\u00e7o de brancos, podem ser ajustadas atrav\u00e9s do ecr\u00e3 do controlo remoto ST16E. A focagem da c\u00e2mara \u00e9 feita automaticamente atrav\u00e9s da funcionalidade focagem autom\u00e1tica. Ao usar a fun\u00e7\u00e3o de zoom da E30ZX, a estabiliza\u00e7\u00e3o da c\u00e2mera desempenha um papel particularmente importante. O gimbal integrado de 3 eixos compensa automaticamente pequenas rajadas de vento e movimentos do drone. Funciona com precis\u00e3o de \u00b1 0,02\u00b0 e produz n\u00e3o apenas grava\u00e7\u00f5es de v\u00eddeo suaves, mas tamb\u00e9m fotos incrivelmente n\u00edtidas.<\/p>\n<p>Em combina\u00e7\u00e3o com o Hexacopter H520E ou H850, o E30ZX \u00e9 adequado para uma enorme variedade de aplica\u00e7\u00f5es. Gra\u00e7as \u00e0 poderosa fun\u00e7\u00e3o de zoom, os menores detalhes podem ser vistos a uma dist\u00e2ncia segura sem ter que se aproximar muito do objeto. O piloto tem acesso total a todos os recursos do H520E\/H850 assim como do software DataPilot\u2122 pr\u00e9-instalado. Gra\u00e7as ao seu design modular, o drone tamb\u00e9m pode ser equipado com outras c\u00e2meras.<\/p>\n<p>&nbsp;<\/p>\n<p><strong>EM RESUMO<\/strong><\/p>\n<ul>\n<li class=\"p1\">Zoom \u00f3ptico 30x + zoom digital 6x<\/li>\n<li class=\"p1\">Auto-foco<\/li>\n<li class=\"p1\">Desembaciamento<\/li>\n<li class=\"p1\">Compat\u00edvel com o Hexacopter YUNEEC H520E e H850<\/li>\n<li class=\"p1\">Gimbal de 3 eixos<\/li>\n<li class=\"p1\">Resolu\u00e7\u00e3o de v\u00eddeo 1080p<\/li>\n<li class=\"p1\">Velocidade de zoom de 2,55 s<\/li>\n<li class=\"p1\"><strong>Compat\u00edvel com H520E e H850<\/strong><\/li>\n<\/ul>\n<p>&nbsp;<\/p>\n<p style=\"text-align: left;\"><strong>ESPECIFICA\u00c7\u00d5ES T\u00c9CNICAS<\/strong><\/p>\n<\/div>\n<div class=\"product--properties panel has--border\">\n<table class=\"product--properties-table alignleft\">\n<tbody>\n<tr class=\"product--properties-row\">\n<td class=\"product--properties-label is--bold\" style=\"text-align: left;\">Peso:<\/td>\n<td class=\"product--properties-value\" style=\"text-align: left;\">518g<\/td>\n<\/tr>\n<tr class=\"product--properties-row\">\n<td class=\"product--properties-label is--bold\">Temperaturas de opera\u00e7\u00e3o:<\/td>\n<td class=\"product--properties-value\">-10 \u00b0 C - 40 \u00b0 C<\/td>\n<\/tr>\n<tr class=\"product--properties-row\">\n<td class=\"product--properties-label is--bold\">GIMBAL:<\/td>\n<td class=\"product--properties-value\">\u2014\u2014\u2014\u2014\u2014<\/td>\n<\/tr>\n<tr class=\"product--properties-row\">\n<td class=\"product--properties-label is--bold\">Faixa de vibra\u00e7\u00e3o angular:<\/td>\n<td class=\"product--properties-value\">\u00b10,02\u00b0<\/td>\n<\/tr>\n<tr class=\"product--properties-row\">\n<td class=\"product--properties-label is--bold\">Montagem:<\/td>\n<td class=\"product--properties-value\">Destac\u00e1vel<\/td>\n<\/tr>\n<tr class=\"product--properties-row\">\n<td class=\"product--properties-label is--bold\">M\u00e1x. Velocidade angular:<\/td>\n<td class=\"product--properties-value\">Inclina\u00e7\u00e3o: 50\u00b0\/s\uff0cPan: 50\u00b0\/s<\/td>\n<\/tr>\n<tr class=\"product--properties-row\">\n<td class=\"product--properties-label is--bold\">Faixa control\u00e1vel:<\/td>\n<td class=\"product--properties-value\">Inclina\u00e7\u00e3o\uff1a+30\u00b0 a\uff0d120\u00b0\uff0cPan\uff1a\u00b1165\u00b0<\/td>\n<\/tr>\n<tr class=\"product--properties-row\">\n<td class=\"product--properties-label is--bold\">C\u00c2MERA:<\/td>\n<td class=\"product--properties-value\">\u2014\u2014\u2014\u2014\u2014<\/td>\n<\/tr>\n<tr class=\"product--properties-row\">\n<td class=\"product--properties-label is--bold\">Sensor:<\/td>\n<td class=\"product--properties-value\">Pixels efetivos CMOS de 1\/2,8\u2033: 2,13 MP<\/td>\n<\/tr>\n<tr class=\"product--properties-row\">\n<td class=\"product--properties-label is--bold\">Lentes da c\u00e2mera:<\/td>\n<td class=\"product--properties-value\">FOV: 63,7\u00b0(Grande angular)-2,3\u00b0(Tele) \/ F: F1,6(Grande angular)-F4,7(Tele) \/ Zoom \u00f3ptico de 30X Zoom digital de 6X<\/td>\n<\/tr>\n<tr class=\"product--properties-row\">\n<td class=\"product--properties-label is--bold\">Resolu\u00e7\u00e3o da foto:<\/td>\n<td class=\"product--properties-value\">16:9, 1920\u00d71080<\/td>\n<\/tr>\n<tr class=\"product--properties-row\">\n<td class=\"product--properties-label is--bold\">Resolu\u00e7\u00e3o de v\u00eddeo:<\/td>\n<td class=\"product--properties-value\">H.264 1080P 1920X1080 (60fps, 50fps, 30fps, 25fps)<\/td>\n<\/tr>\n<tr class=\"product--properties-row\">\n<td class=\"product--properties-label is--bold\">Formato da foto:<\/td>\n<td class=\"product--properties-value\">JPG<\/td>\n<\/tr>\n<tr class=\"product--properties-row\">\n<td class=\"product--properties-label is--bold\">Formato de v\u00eddeo:<\/td>\n<td class=\"product--properties-value\">MP4<\/td>\n<\/tr>\n<tr class=\"product--properties-row\">\n<td class=\"product--properties-label is--bold\">Modos de foto:<\/td>\n<td class=\"product--properties-value\">\u00danico, Time Lapse<\/td>\n<\/tr>\n<tr class=\"product--properties-row\">\n<td class=\"product--properties-label is--bold\">Modos de exposi\u00e7\u00e3o:<\/td>\n<td class=\"product--properties-value\">Autom\u00e1tico, Prioridade do obturador, Prioridade de abertura, Manual<\/td>\n<\/tr>\n<tr class=\"product--properties-row\">\n<td class=\"product--properties-label is--bold\">Compensa\u00e7\u00e3o de exposi\u00e7\u00e3o:<\/td>\n<td class=\"product--properties-value\">\u00b13,0<\/td>\n<\/tr>\n<tr class=\"product--properties-row\">\n<td class=\"product--properties-label is--bold\">Modo de medi\u00e7\u00e3o:<\/td>\n<td class=\"product--properties-value\">Medi\u00e7\u00e3o pontual, medi\u00e7\u00e3o m\u00e9dia<\/td>\n<\/tr>\n<tr class=\"product--properties-row\">\n<td class=\"product--properties-label is--bold\">Obturador Eletr\u00f4nico:<\/td>\n<td class=\"product--properties-value\">1\/1\u20141\/10000S<\/td>\n<\/tr>\n<tr class=\"product--properties-row\">\n<td class=\"product--properties-label is--bold\">Equil\u00edbrio de brancos:<\/td>\n<td class=\"product--properties-value\">Autom\u00e1tico, Manual (1000-20000K)<\/td>\n<\/tr>\n<tr class=\"product--properties-row\">\n<td class=\"product--properties-label is--bold\" style=\"text-align: left;\">Intervalos ISO:<\/td>\n<td class=\"product--properties-value\" style=\"text-align: left;\">100 \u2013 6400<\/td>\n<\/tr>\n<\/tbody>\n<\/table>\n<\/div>","protected":false},"excerpt":{"rendered":"<p><strong>DETALHES ILIMITADOS - ZOOM AT\u00c9 30X<br \/>\n<\/strong><\/p>\n<p>A E30ZX para os Hexacopter Yuneec H520E e H850 \u00e9 uma poderosa c\u00e2mera com um zoom de at\u00e9 30x, que facilita o zoom de objetos distantes para obter detalhes incr\u00edveis. A estructura compacta da c\u00e2mera cont\u00e9m um sensor CMOS de 1\/2,8\u2033, que fornece grava\u00e7\u00f5es estabilizadas e de alta qualidade mesmo em condi\u00e7\u00f5es de pouca luz. Al\u00e9m do zoom \u00f3ptico de 30x, a c\u00e2mera oferece um zoom digital de 6x para op\u00e7\u00f5es mais flex\u00edveis em diversas \u00e1reas de aplica\u00e7\u00e3o tais como inspe\u00e7\u00f5es, opera\u00e7\u00f5es de busca e salvamento, monitoriza\u00e7\u00e3o de seguran\u00e7a e muito mais.<\/p>\n<p>&nbsp;<\/p>","protected":false},"featured_media":7787,"comment_status":"open","ping_status":"closed","template":"","meta":[],"product_brand":[],"product_cat":[120,118],"product_tag":[62,393,131,389,121],"class_list":{"0":"post-2054","1":"product","2":"type-product","3":"status-publish","4":"has-post-thumbnail","6":"product_cat-yuneec-cameras","7":"product_cat-yuneec","8":"product_tag-camera","9":"product_tag-e30zx","10":"product_tag-h520","11":"product_tag-h850","12":"product_tag-yuneec","14":"first","15":"outofstock","16":"taxable","17":"shipping-taxable","18":"product-type-simple"},"yoast_head":"<!-- This site is optimized with the Yoast SEO plugin v27.1.1 - https:\/\/yoast.com\/product\/yoast-seo-wordpress\/ -->\n<title>E30ZX Camera for H520E &amp; H850 -<\/title>\n<meta name=\"description\" content=\"The E30ZX for the Yuneec H520E &amp; H850 Hexacopter is a powerful 30x zoom drone camera and makes it easy to zoom in on distant objects to gain valuable details.\" \/>\n<meta name=\"robots\" content=\"index, follow, max-snippet:-1, max-image-preview:large, max-video-preview:-1\" \/>\n<link rel=\"canonical\" href=\"https:\/\/www.ghostysky.com\/pt\/produto-2\/yuneec-e30z-for-h520e\/\" \/>\n<meta property=\"og:locale\" content=\"pt_PT\" \/>\n<meta property=\"og:type\" content=\"article\" \/>\n<meta property=\"og:title\" content=\"E30ZX Camera for H520E &amp; H850 -\" \/>\n<meta property=\"og:description\" content=\"The E30ZX for the Yuneec H520E &amp; H850 Hexacopter is a powerful 30x zoom drone camera and makes it easy to zoom in on distant objects to gain valuable details.\" \/>\n<meta property=\"og:url\" content=\"https:\/\/www.ghostysky.com\/pt\/produto-2\/yuneec-e30z-for-h520e\/\" \/>\n<meta property=\"og:site_name\" content=\"Ghostysky\" \/>\n<meta property=\"article:publisher\" content=\"https:\/\/www.facebook.com\/people\/Ghostysky\/100057676170234\/\" \/>\n<meta property=\"article:modified_time\" content=\"2024-07-11T20:30:01+00:00\" \/>\n<meta property=\"og:image\" content=\"https:\/\/www.ghostysky.com\/wp-content\/uploads\/2021\/03\/E30Zx.jpg\" \/>\n\t<meta property=\"og:image:width\" content=\"600\" \/>\n\t<meta property=\"og:image:height\" content=\"600\" \/>\n\t<meta property=\"og:image:type\" content=\"image\/jpeg\" \/>\n<meta name=\"twitter:card\" content=\"summary_large_image\" \/>\n<meta name=\"twitter:site\" content=\"@Gh0stysky\" \/>\n<meta name=\"twitter:label1\" content=\"Tempo estimado de leitura\" \/>\n\t<meta name=\"twitter:data1\" content=\"2 minutos\" \/>\n<script type=\"application\/ld+json\" class=\"yoast-schema-graph\">{\"@context\":\"https:\/\/schema.org\",\"@graph\":[{\"@type\":\"WebPage\",\"@id\":\"https:\/\/www.ghostysky.com\/product\/yuneec-e30z-for-h520e\/\",\"url\":\"https:\/\/www.ghostysky.com\/product\/yuneec-e30z-for-h520e\/\",\"name\":\"E30ZX Camera for H520E & H850 -\",\"isPartOf\":{\"@id\":\"https:\/\/www.ghostysky.com\/#website\"},\"primaryImageOfPage\":{\"@id\":\"https:\/\/www.ghostysky.com\/product\/yuneec-e30z-for-h520e\/#primaryimage\"},\"image\":{\"@id\":\"https:\/\/www.ghostysky.com\/product\/yuneec-e30z-for-h520e\/#primaryimage\"},\"thumbnailUrl\":\"https:\/\/www.ghostysky.com\/wp-content\/uploads\/2021\/03\/E30Zx.jpg\",\"datePublished\":\"2021-03-04T17:23:46+00:00\",\"dateModified\":\"2024-07-11T20:30:01+00:00\",\"description\":\"The E30ZX for the Yuneec H520E & H850 Hexacopter is a powerful 30x zoom drone camera and makes it easy to zoom in on distant objects to gain valuable details.\",\"breadcrumb\":{\"@id\":\"https:\/\/www.ghostysky.com\/product\/yuneec-e30z-for-h520e\/#breadcrumb\"},\"inLanguage\":\"pt-PT\",\"potentialAction\":[{\"@type\":\"ReadAction\",\"target\":[\"https:\/\/www.ghostysky.com\/product\/yuneec-e30z-for-h520e\/\"]}]},{\"@type\":\"ImageObject\",\"inLanguage\":\"pt-PT\",\"@id\":\"https:\/\/www.ghostysky.com\/product\/yuneec-e30z-for-h520e\/#primaryimage\",\"url\":\"https:\/\/www.ghostysky.com\/wp-content\/uploads\/2021\/03\/E30Zx.jpg\",\"contentUrl\":\"https:\/\/www.ghostysky.com\/wp-content\/uploads\/2021\/03\/E30Zx.jpg\",\"width\":600,\"height\":600},{\"@type\":\"BreadcrumbList\",\"@id\":\"https:\/\/www.ghostysky.com\/product\/yuneec-e30z-for-h520e\/#breadcrumb\",\"itemListElement\":[{\"@type\":\"ListItem\",\"position\":1,\"name\":\"Home\",\"item\":\"https:\/\/www.ghostysky.com\/\"},{\"@type\":\"ListItem\",\"position\":2,\"name\":\"Shop\",\"item\":\"https:\/\/www.ghostysky.com\/shop\/\"},{\"@type\":\"ListItem\",\"position\":3,\"name\":\"E30ZX Camera for H520E &#038; H850\"}]},{\"@type\":\"WebSite\",\"@id\":\"https:\/\/www.ghostysky.com\/#website\",\"url\":\"https:\/\/www.ghostysky.com\/\",\"name\":\"Ghostysky\",\"description\":\"Delivering professional drones and services\",\"publisher\":{\"@id\":\"https:\/\/www.ghostysky.com\/#organization\"},\"potentialAction\":[{\"@type\":\"SearchAction\",\"target\":{\"@type\":\"EntryPoint\",\"urlTemplate\":\"https:\/\/www.ghostysky.com\/?s={search_term_string}\"},\"query-input\":{\"@type\":\"PropertyValueSpecification\",\"valueRequired\":true,\"valueName\":\"search_term_string\"}}],\"inLanguage\":\"pt-PT\"},{\"@type\":\"Organization\",\"@id\":\"https:\/\/www.ghostysky.com\/#organization\",\"name\":\"Ghostysky\",\"url\":\"https:\/\/www.ghostysky.com\/\",\"logo\":{\"@type\":\"ImageObject\",\"inLanguage\":\"pt-PT\",\"@id\":\"https:\/\/www.ghostysky.com\/#\/schema\/logo\/image\/\",\"url\":\"https:\/\/www.ghostysky.com\/wp-content\/uploads\/2020\/06\/cropped-ghostyskylogo_text_white2.png\",\"contentUrl\":\"https:\/\/www.ghostysky.com\/wp-content\/uploads\/2020\/06\/cropped-ghostyskylogo_text_white2.png\",\"width\":169,\"height\":56,\"caption\":\"Ghostysky\"},\"image\":{\"@id\":\"https:\/\/www.ghostysky.com\/#\/schema\/logo\/image\/\"},\"sameAs\":[\"https:\/\/www.facebook.com\/people\/Ghostysky\/100057676170234\/\",\"https:\/\/x.com\/Gh0stysky\",\"https:\/\/www.linkedin.com\/company\/34739653\",\"https:\/\/www.instagram.com\/gh0stysky\"]}]}<\/script>\n<!-- \/ Yoast SEO plugin. -->","yoast_head_json":{"title":"C\u00e2mera E30ZX para H520E e H850 -","description":"A E30ZX para o Yuneec H520E e H850 Hexacopter \u00e9 uma poderosa c\u00e2mera drone com zoom de 30x e facilita o zoom em objetos distantes para obter detalhes valiosos.","robots":{"index":"index","follow":"follow","max-snippet":"max-snippet:-1","max-image-preview":"max-image-preview:large","max-video-preview":"max-video-preview:-1"},"canonical":"https:\/\/www.ghostysky.com\/pt\/produto-2\/yuneec-e30z-for-h520e\/","og_locale":"pt_PT","og_type":"article","og_title":"E30ZX Camera for H520E & H850 -","og_description":"The E30ZX for the Yuneec H520E & H850 Hexacopter is a powerful 30x zoom drone camera and makes it easy to zoom in on distant objects to gain valuable details.","og_url":"https:\/\/www.ghostysky.com\/pt\/produto-2\/yuneec-e30z-for-h520e\/","og_site_name":"Ghostysky","article_publisher":"https:\/\/www.facebook.com\/people\/Ghostysky\/100057676170234\/","article_modified_time":"2024-07-11T20:30:01+00:00","og_image":[{"width":600,"height":600,"url":"https:\/\/www.ghostysky.com\/wp-content\/uploads\/2021\/03\/E30Zx.jpg","type":"image\/jpeg"}],"twitter_card":"summary_large_image","twitter_site":"@Gh0stysky","twitter_misc":{"Tempo estimado de leitura":"2 minutos"},"schema":{"@context":"https:\/\/schema.org","@graph":[{"@type":"WebPage","@id":"https:\/\/www.ghostysky.com\/product\/yuneec-e30z-for-h520e\/","url":"https:\/\/www.ghostysky.com\/product\/yuneec-e30z-for-h520e\/","name":"C\u00e2mera E30ZX para H520E e H850 -","isPartOf":{"@id":"https:\/\/www.ghostysky.com\/#website"},"primaryImageOfPage":{"@id":"https:\/\/www.ghostysky.com\/product\/yuneec-e30z-for-h520e\/#primaryimage"},"image":{"@id":"https:\/\/www.ghostysky.com\/product\/yuneec-e30z-for-h520e\/#primaryimage"},"thumbnailUrl":"https:\/\/www.ghostysky.com\/wp-content\/uploads\/2021\/03\/E30Zx.jpg","datePublished":"2021-03-04T17:23:46+00:00","dateModified":"2024-07-11T20:30:01+00:00","description":"A E30ZX para o Yuneec H520E e H850 Hexacopter \u00e9 uma poderosa c\u00e2mera drone com zoom de 30x e facilita o zoom em objetos distantes para obter detalhes valiosos.","breadcrumb":{"@id":"https:\/\/www.ghostysky.com\/product\/yuneec-e30z-for-h520e\/#breadcrumb"},"inLanguage":"pt-PT","potentialAction":[{"@type":"ReadAction","target":["https:\/\/www.ghostysky.com\/product\/yuneec-e30z-for-h520e\/"]}]},{"@type":"ImageObject","inLanguage":"pt-PT","@id":"https:\/\/www.ghostysky.com\/product\/yuneec-e30z-for-h520e\/#primaryimage","url":"https:\/\/www.ghostysky.com\/wp-content\/uploads\/2021\/03\/E30Zx.jpg","contentUrl":"https:\/\/www.ghostysky.com\/wp-content\/uploads\/2021\/03\/E30Zx.jpg","width":600,"height":600},{"@type":"BreadcrumbList","@id":"https:\/\/www.ghostysky.com\/product\/yuneec-e30z-for-h520e\/#breadcrumb","itemListElement":[{"@type":"ListItem","position":1,"name":"Home","item":"https:\/\/www.ghostysky.com\/"},{"@type":"ListItem","position":2,"name":"Shop","item":"https:\/\/www.ghostysky.com\/shop\/"},{"@type":"ListItem","position":3,"name":"E30ZX Camera for H520E &#038; H850"}]},{"@type":"WebSite","@id":"https:\/\/www.ghostysky.com\/#website","url":"https:\/\/www.ghostysky.com\/","name":"Ghostysky","description":"Fornecendo drones e servi\u00e7os profissionais","publisher":{"@id":"https:\/\/www.ghostysky.com\/#organization"},"potentialAction":[{"@type":"SearchAction","target":{"@type":"EntryPoint","urlTemplate":"https:\/\/www.ghostysky.com\/?s={search_term_string}"},"query-input":{"@type":"PropertyValueSpecification","valueRequired":true,"valueName":"search_term_string"}}],"inLanguage":"pt-PT"},{"@type":"Organization","@id":"https:\/\/www.ghostysky.com\/#organization","name":"Ghostysky","url":"https:\/\/www.ghostysky.com\/","logo":{"@type":"ImageObject","inLanguage":"pt-PT","@id":"https:\/\/www.ghostysky.com\/#\/schema\/logo\/image\/","url":"https:\/\/www.ghostysky.com\/wp-content\/uploads\/2020\/06\/cropped-ghostyskylogo_text_white2.png","contentUrl":"https:\/\/www.ghostysky.com\/wp-content\/uploads\/2020\/06\/cropped-ghostyskylogo_text_white2.png","width":169,"height":56,"caption":"Ghostysky"},"image":{"@id":"https:\/\/www.ghostysky.com\/#\/schema\/logo\/image\/"},"sameAs":["https:\/\/www.facebook.com\/people\/Ghostysky\/100057676170234\/","https:\/\/x.com\/Gh0stysky","https:\/\/www.linkedin.com\/company\/34739653","https:\/\/www.instagram.com\/gh0stysky"]}]}},"_links":{"self":[{"href":"https:\/\/www.ghostysky.com\/pt\/wp-json\/wp\/v2\/product\/2054","targetHints":{"allow":["GET"]}}],"collection":[{"href":"https:\/\/www.ghostysky.com\/pt\/wp-json\/wp\/v2\/product"}],"about":[{"href":"https:\/\/www.ghostysky.com\/pt\/wp-json\/wp\/v2\/types\/product"}],"replies":[{"embeddable":true,"href":"https:\/\/www.ghostysky.com\/pt\/wp-json\/wp\/v2\/comments?post=2054"}],"wp:featuredmedia":[{"embeddable":true,"href":"https:\/\/www.ghostysky.com\/pt\/wp-json\/wp\/v2\/media\/7787"}],"wp:attachment":[{"href":"https:\/\/www.ghostysky.com\/pt\/wp-json\/wp\/v2\/media?parent=2054"}],"wp:term":[{"taxonomy":"product_brand","embeddable":true,"href":"https:\/\/www.ghostysky.com\/pt\/wp-json\/wp\/v2\/product_brand?post=2054"},{"taxonomy":"product_cat","embeddable":true,"href":"https:\/\/www.ghostysky.com\/pt\/wp-json\/wp\/v2\/product_cat?post=2054"},{"taxonomy":"product_tag","embeddable":true,"href":"https:\/\/www.ghostysky.com\/pt\/wp-json\/wp\/v2\/product_tag?post=2054"}],"curies":[{"name":"wp","href":"https:\/\/api.w.org\/{rel}","templated":true}]}}