{"id":2058,"date":"2021-03-04T17:33:04","date_gmt":"2021-03-04T17:33:04","guid":{"rendered":"https:\/\/www.ghostysky.com\/?post_type=product&#038;p=2058"},"modified":"2024-12-17T04:28:25","modified_gmt":"2024-12-17T04:28:25","slug":"yuneec-e90x-camera-for-h520e","status":"publish","type":"product","link":"https:\/\/www.ghostysky.com\/pt\/product\/yuneec-e90x-camera-for-h520e\/","title":{"rendered":"C\u00e2mera E90X para H520E e H850-RTK"},"content":{"rendered":"<div class=\"product--description\">\n<p><strong>EM RESUMO<\/strong><\/p>\n<ul>\n<li>Resolu\u00e7\u00e3o de 20 megapixels\/4K a 60 frames por segundo<\/li>\n<li>1 \u201csensor CMOS<\/li>\n<li>Zoom digital de at\u00e9 8x<\/li>\n<li>Lente de 23 mm de baixa distor\u00e7\u00e3o<\/li>\n<li>Conector X de 30 pinos<\/li>\n<li>Rota\u00e7\u00e3o gimbal de 320 \u00b0 para uma perfeita estabiliza\u00e7\u00e3o de imagem<\/li>\n<li>Ideal para aplica\u00e7\u00f5es profissionais de filmes, mapeament \/modelagem 3D e busca e salvamento<\/li>\n<li>Compat\u00edvel com H520E\/H520E-RTK e H850<\/li>\n<\/ul>\n<p style=\"text-align: left;\"><strong>Especifica\u00e7\u00f5es t\u00e9cnicas:<\/strong><\/p>\n<\/div>\n<div class=\"product--properties panel has--border\">\n<table class=\"product--properties-table\">\n<tbody>\n<tr class=\"product--properties-row\">\n<td class=\"product--properties-label is--bold\">Peso:<\/td>\n<td class=\"product--properties-value\">300g<\/td>\n<\/tr>\n<tr class=\"product--properties-row\">\n<td class=\"product--properties-label is--bold\">Temperaturas de opera\u00e7\u00e3o:<\/td>\n<td class=\"product--properties-value\">-10 \u00b0 C - 40 \u00b0 C<\/td>\n<\/tr>\n<tr class=\"product--properties-row\">\n<td class=\"product--properties-label is--bold\">GIMBAL:<\/td>\n<td class=\"product--properties-value\">\u2014\u2014\u2014\u2014\u2014<\/td>\n<\/tr>\n<tr class=\"product--properties-row\">\n<td class=\"product--properties-label is--bold\">Faixa de vibra\u00e7\u00e3o angular:<\/td>\n<td class=\"product--properties-value\">\u00b10,02\u00b0<\/td>\n<\/tr>\n<tr class=\"product--properties-row\">\n<td class=\"product--properties-label is--bold\">Montagem:<\/td>\n<td class=\"product--properties-value\">Destac\u00e1vel<\/td>\n<\/tr>\n<tr class=\"product--properties-row\">\n<td class=\"product--properties-label is--bold\">M\u00e1x. Velocidade angular:<\/td>\n<td class=\"product--properties-value\">Inclina\u00e7\u00e3o: 30\u00b0\/s, Pan: 120\u00b0\/s<\/td>\n<\/tr>\n<tr class=\"product--properties-row\">\n<td class=\"product--properties-label is--bold\">Faixa control\u00e1vel:<\/td>\n<td class=\"product--properties-value\">Inclina\u00e7\u00e3o\uff1a+30\u00b0 a\uff0d120\u00b0\uff0cPan\uff1a\u00b1165\u00b0<\/td>\n<\/tr>\n<tr class=\"product--properties-row\">\n<td class=\"product--properties-label is--bold\">C\u00c2MERA:<\/td>\n<td class=\"product--properties-value\">\u2014\u2014\u2014\u2014\u2014<\/td>\n<\/tr>\n<tr class=\"product--properties-row\">\n<td class=\"product--properties-label is--bold\">Sensor:<\/td>\n<td class=\"product--properties-value\">CMOS 1\u2033 Pixels Efetivos: 20MP<\/td>\n<\/tr>\n<tr class=\"product--properties-row\">\n<td class=\"product--properties-label is--bold\">Lentes da c\u00e2mera:<\/td>\n<td class=\"product--properties-value\">FOV 91\u00b0 F\/2.8\uff0cequivalente ao formato de 23mm<\/td>\n<\/tr>\n<tr class=\"product--properties-row\">\n<td class=\"product--properties-label is--bold\">Resolu\u00e7\u00e3o da foto:<\/td>\n<td class=\"product--properties-value\">3:2 (5472 x 3648); 4:3 (4864 x 3648); 16:9 (5472 x 3080)<\/td>\n<\/tr>\n<tr class=\"product--properties-row\">\n<td class=\"product--properties-label is--bold\">Resolu\u00e7\u00e3o de v\u00eddeo:<\/td>\n<td class=\"product--properties-value\">H.264 4096\u00d72160(24\/25\/30\/48\/50\/60p) 3840\u00d72160(24\/25\/30\/48\/50\/60p) 2720\u00d71530(24\/25\/30\/48\/50\/60p) ) 1920\u00d71080(24\/25\/30\/48\/50\/60\/120p) 1280\u00d7720(24\/25\/30\/48\/50\/60\/120p)<\/td>\n<\/tr>\n<tr class=\"product--properties-row\">\n<td class=\"product--properties-label is--bold\">Formato da foto:<\/td>\n<td class=\"product--properties-value\">JPG, JPEG + DNG<\/td>\n<\/tr>\n<tr class=\"product--properties-row\">\n<td class=\"product--properties-label is--bold\">Formato de v\u00eddeo:<\/td>\n<td class=\"product--properties-value\">MP4<\/td>\n<\/tr>\n<tr class=\"product--properties-row\">\n<td class=\"product--properties-label is--bold\">Modos de foto:<\/td>\n<td class=\"product--properties-value\">\u00danico, Time Lapse<\/td>\n<\/tr>\n<tr class=\"product--properties-row\">\n<td class=\"product--properties-label is--bold\">Modos de exposi\u00e7\u00e3o:<\/td>\n<td class=\"product--properties-value\">Exposi\u00e7\u00e3o autom\u00e1tica, exposi\u00e7\u00e3o manual<\/td>\n<\/tr>\n<tr class=\"product--properties-row\">\n<td class=\"product--properties-label is--bold\">Compensa\u00e7\u00e3o de exposi\u00e7\u00e3o:<\/td>\n<td class=\"product--properties-value\">\u00b13,0<\/td>\n<\/tr>\n<tr class=\"product--properties-row\">\n<td class=\"product--properties-label is--bold\">Modo de medi\u00e7\u00e3o:<\/td>\n<td class=\"product--properties-value\">Medi\u00e7\u00e3o pontual, Medi\u00e7\u00e3o central, Medi\u00e7\u00e3o m\u00e9dia<\/td>\n<\/tr>\n<tr class=\"product--properties-row\">\n<td class=\"product--properties-label is--bold\">Obturador Eletr\u00f4nico:<\/td>\n<td class=\"product--properties-value\">4\u20131\/8000s<\/td>\n<\/tr>\n<tr class=\"product--properties-row\">\n<td class=\"product--properties-label is--bold\">Equil\u00edbrio de brancos:<\/td>\n<td class=\"product--properties-value\">Autom\u00e1tico, Incandescente, Nascer do Sol, P\u00f4r do Sol, Ensolarado, Nublado, Fluorescente, Bloqueio<\/td>\n<\/tr>\n<tr class=\"product--properties-row\">\n<td class=\"product--properties-label is--bold\" style=\"text-align: left;\">Intervalos ISO:<\/td>\n<td class=\"product--properties-value\" style=\"text-align: left;\">100 \u2013 6400<\/td>\n<\/tr>\n<\/tbody>\n<\/table>\n<\/div>","protected":false},"excerpt":{"rendered":"<p>A c\u00e2mera E90x para H520E\/H520E-RTK e H850-RTK \u00e9 um sistema de imagem estabilizado com um gimbal de grande angular e de alta resolu\u00e7\u00e3o, recomendado para a utiliza\u00e7\u00e3o em aplica\u00e7\u00f5es que exigem foto e v\u00eddeo de alta qualidade. O E90x utiliza um sensor de 20 MP de 1 polegada e o chip de processamento de imagem de alta velocidade. O seu zoom digital permite ao piltoto aumentar e diminuir o zoom digitalmente atrav\u00e9s do ecr\u00e3 do controlo remoto. O fator zoom \u00e9 de at\u00e9 8x, enquanto que a visualiza\u00e7\u00e3o no CR ST16E \u00e9 sem perdas de at\u00e9 4x.<\/p>\n<p>&nbsp;<\/p>","protected":false},"featured_media":2060,"comment_status":"open","ping_status":"closed","template":"","meta":[],"product_brand":[],"product_cat":[120,29,118],"product_tag":[62,139,122,389,121],"class_list":{"0":"post-2058","1":"product","2":"type-product","3":"status-publish","4":"has-post-thumbnail","6":"product_cat-yuneec-cameras","7":"product_cat-drones","8":"product_cat-yuneec","9":"product_tag-camera","10":"product_tag-e90x","11":"product_tag-h520e","12":"product_tag-h850","13":"product_tag-yuneec","15":"first","16":"onbackorder","17":"taxable","18":"shipping-taxable","19":"purchasable","20":"product-type-simple"},"yoast_head":"<!-- This site is optimized with the Yoast SEO plugin v27.1.1 - https:\/\/yoast.com\/product\/yoast-seo-wordpress\/ -->\n<title>E90X Camera for H520E &amp; H850-RTK -<\/title>\n<meta name=\"description\" content=\"The E90x camera for the H520E\/H520E-RTK &amp; H850-RTK is a wide-angle, high resolution, gimbal stabilized imaging system perfectly suited for use in\u00a0applications that require high quality photo and video.\" \/>\n<meta name=\"robots\" content=\"index, follow, max-snippet:-1, max-image-preview:large, max-video-preview:-1\" \/>\n<link rel=\"canonical\" href=\"https:\/\/www.ghostysky.com\/pt\/produto-2\/yuneec-e90x-camera-for-h520e\/\" \/>\n<meta property=\"og:locale\" content=\"pt_PT\" \/>\n<meta property=\"og:type\" content=\"article\" \/>\n<meta property=\"og:title\" content=\"E90X Camera for H520E &amp; H850-RTK -\" \/>\n<meta property=\"og:description\" content=\"The E90x camera for the H520E\/H520E-RTK &amp; H850-RTK is a wide-angle, high resolution, gimbal stabilized imaging system perfectly suited for use in\u00a0applications that require high quality photo and video.\" \/>\n<meta property=\"og:url\" content=\"https:\/\/www.ghostysky.com\/pt\/produto-2\/yuneec-e90x-camera-for-h520e\/\" \/>\n<meta property=\"og:site_name\" content=\"Ghostysky\" \/>\n<meta property=\"article:publisher\" content=\"https:\/\/www.facebook.com\/people\/Ghostysky\/100057676170234\/\" \/>\n<meta property=\"article:modified_time\" content=\"2024-12-17T04:28:25+00:00\" \/>\n<meta property=\"og:image\" content=\"https:\/\/www.ghostysky.com\/wp-content\/uploads\/2021\/03\/e90X2.png\" \/>\n\t<meta property=\"og:image:width\" content=\"642\" \/>\n\t<meta property=\"og:image:height\" content=\"715\" \/>\n\t<meta property=\"og:image:type\" content=\"image\/png\" \/>\n<meta name=\"twitter:card\" content=\"summary_large_image\" \/>\n<meta name=\"twitter:site\" content=\"@Gh0stysky\" \/>\n<meta name=\"twitter:label1\" content=\"Tempo estimado de leitura\" \/>\n\t<meta name=\"twitter:data1\" content=\"1 minuto\" \/>\n<script type=\"application\/ld+json\" class=\"yoast-schema-graph\">{\"@context\":\"https:\/\/schema.org\",\"@graph\":[{\"@type\":\"WebPage\",\"@id\":\"https:\/\/www.ghostysky.com\/product\/yuneec-e90x-camera-for-h520e\/\",\"url\":\"https:\/\/www.ghostysky.com\/product\/yuneec-e90x-camera-for-h520e\/\",\"name\":\"E90X Camera for H520E & H850-RTK -\",\"isPartOf\":{\"@id\":\"https:\/\/www.ghostysky.com\/#website\"},\"primaryImageOfPage\":{\"@id\":\"https:\/\/www.ghostysky.com\/product\/yuneec-e90x-camera-for-h520e\/#primaryimage\"},\"image\":{\"@id\":\"https:\/\/www.ghostysky.com\/product\/yuneec-e90x-camera-for-h520e\/#primaryimage\"},\"thumbnailUrl\":\"https:\/\/www.ghostysky.com\/wp-content\/uploads\/2021\/03\/e90X2.png\",\"datePublished\":\"2021-03-04T17:33:04+00:00\",\"dateModified\":\"2024-12-17T04:28:25+00:00\",\"description\":\"The E90x camera for the H520E\/H520E-RTK & H850-RTK is a wide-angle, high resolution, gimbal stabilized imaging system perfectly suited for use in\u00a0applications that require high quality photo and video.\",\"breadcrumb\":{\"@id\":\"https:\/\/www.ghostysky.com\/product\/yuneec-e90x-camera-for-h520e\/#breadcrumb\"},\"inLanguage\":\"pt-PT\",\"potentialAction\":[{\"@type\":\"ReadAction\",\"target\":[\"https:\/\/www.ghostysky.com\/product\/yuneec-e90x-camera-for-h520e\/\"]}]},{\"@type\":\"ImageObject\",\"inLanguage\":\"pt-PT\",\"@id\":\"https:\/\/www.ghostysky.com\/product\/yuneec-e90x-camera-for-h520e\/#primaryimage\",\"url\":\"https:\/\/www.ghostysky.com\/wp-content\/uploads\/2021\/03\/e90X2.png\",\"contentUrl\":\"https:\/\/www.ghostysky.com\/wp-content\/uploads\/2021\/03\/e90X2.png\",\"width\":642,\"height\":715},{\"@type\":\"BreadcrumbList\",\"@id\":\"https:\/\/www.ghostysky.com\/product\/yuneec-e90x-camera-for-h520e\/#breadcrumb\",\"itemListElement\":[{\"@type\":\"ListItem\",\"position\":1,\"name\":\"Home\",\"item\":\"https:\/\/www.ghostysky.com\/\"},{\"@type\":\"ListItem\",\"position\":2,\"name\":\"Shop\",\"item\":\"https:\/\/www.ghostysky.com\/shop\/\"},{\"@type\":\"ListItem\",\"position\":3,\"name\":\"E90X Camera for H520E &#038; H850-RTK\"}]},{\"@type\":\"WebSite\",\"@id\":\"https:\/\/www.ghostysky.com\/#website\",\"url\":\"https:\/\/www.ghostysky.com\/\",\"name\":\"Ghostysky\",\"description\":\"Delivering professional drones and services\",\"publisher\":{\"@id\":\"https:\/\/www.ghostysky.com\/#organization\"},\"potentialAction\":[{\"@type\":\"SearchAction\",\"target\":{\"@type\":\"EntryPoint\",\"urlTemplate\":\"https:\/\/www.ghostysky.com\/?s={search_term_string}\"},\"query-input\":{\"@type\":\"PropertyValueSpecification\",\"valueRequired\":true,\"valueName\":\"search_term_string\"}}],\"inLanguage\":\"pt-PT\"},{\"@type\":\"Organization\",\"@id\":\"https:\/\/www.ghostysky.com\/#organization\",\"name\":\"Ghostysky\",\"url\":\"https:\/\/www.ghostysky.com\/\",\"logo\":{\"@type\":\"ImageObject\",\"inLanguage\":\"pt-PT\",\"@id\":\"https:\/\/www.ghostysky.com\/#\/schema\/logo\/image\/\",\"url\":\"https:\/\/www.ghostysky.com\/wp-content\/uploads\/2020\/06\/cropped-ghostyskylogo_text_white2.png\",\"contentUrl\":\"https:\/\/www.ghostysky.com\/wp-content\/uploads\/2020\/06\/cropped-ghostyskylogo_text_white2.png\",\"width\":169,\"height\":56,\"caption\":\"Ghostysky\"},\"image\":{\"@id\":\"https:\/\/www.ghostysky.com\/#\/schema\/logo\/image\/\"},\"sameAs\":[\"https:\/\/www.facebook.com\/people\/Ghostysky\/100057676170234\/\",\"https:\/\/x.com\/Gh0stysky\",\"https:\/\/www.linkedin.com\/company\/34739653\",\"https:\/\/www.instagram.com\/gh0stysky\"]}]}<\/script>\n<!-- \/ Yoast SEO plugin. -->","yoast_head_json":{"title":"C\u00e2mera E90X para H520E e H850-RTK -","description":"A c\u00e2mera E90x para H520E\/H520E-RTK e H850-RTK \u00e9 um sistema de imagem estabilizado por gimbal de grande angular e alta resolu\u00e7\u00e3o, perfeitamente adequado para uso em aplica\u00e7\u00f5es que exigem foto e v\u00eddeo de alta qualidade.","robots":{"index":"index","follow":"follow","max-snippet":"max-snippet:-1","max-image-preview":"max-image-preview:large","max-video-preview":"max-video-preview:-1"},"canonical":"https:\/\/www.ghostysky.com\/pt\/produto-2\/yuneec-e90x-camera-for-h520e\/","og_locale":"pt_PT","og_type":"article","og_title":"E90X Camera for H520E & H850-RTK -","og_description":"The E90x camera for the H520E\/H520E-RTK & H850-RTK is a wide-angle, high resolution, gimbal stabilized imaging system perfectly suited for use in\u00a0applications that require high quality photo and video.","og_url":"https:\/\/www.ghostysky.com\/pt\/produto-2\/yuneec-e90x-camera-for-h520e\/","og_site_name":"Ghostysky","article_publisher":"https:\/\/www.facebook.com\/people\/Ghostysky\/100057676170234\/","article_modified_time":"2024-12-17T04:28:25+00:00","og_image":[{"width":642,"height":715,"url":"https:\/\/www.ghostysky.com\/wp-content\/uploads\/2021\/03\/e90X2.png","type":"image\/png"}],"twitter_card":"summary_large_image","twitter_site":"@Gh0stysky","twitter_misc":{"Tempo estimado de leitura":"1 minuto"},"schema":{"@context":"https:\/\/schema.org","@graph":[{"@type":"WebPage","@id":"https:\/\/www.ghostysky.com\/product\/yuneec-e90x-camera-for-h520e\/","url":"https:\/\/www.ghostysky.com\/product\/yuneec-e90x-camera-for-h520e\/","name":"C\u00e2mera E90X para H520E e H850-RTK -","isPartOf":{"@id":"https:\/\/www.ghostysky.com\/#website"},"primaryImageOfPage":{"@id":"https:\/\/www.ghostysky.com\/product\/yuneec-e90x-camera-for-h520e\/#primaryimage"},"image":{"@id":"https:\/\/www.ghostysky.com\/product\/yuneec-e90x-camera-for-h520e\/#primaryimage"},"thumbnailUrl":"https:\/\/www.ghostysky.com\/wp-content\/uploads\/2021\/03\/e90X2.png","datePublished":"2021-03-04T17:33:04+00:00","dateModified":"2024-12-17T04:28:25+00:00","description":"A c\u00e2mera E90x para H520E\/H520E-RTK e H850-RTK \u00e9 um sistema de imagem estabilizado por gimbal de grande angular e alta resolu\u00e7\u00e3o, perfeitamente adequado para uso em aplica\u00e7\u00f5es que exigem foto e v\u00eddeo de alta qualidade.","breadcrumb":{"@id":"https:\/\/www.ghostysky.com\/product\/yuneec-e90x-camera-for-h520e\/#breadcrumb"},"inLanguage":"pt-PT","potentialAction":[{"@type":"ReadAction","target":["https:\/\/www.ghostysky.com\/product\/yuneec-e90x-camera-for-h520e\/"]}]},{"@type":"ImageObject","inLanguage":"pt-PT","@id":"https:\/\/www.ghostysky.com\/product\/yuneec-e90x-camera-for-h520e\/#primaryimage","url":"https:\/\/www.ghostysky.com\/wp-content\/uploads\/2021\/03\/e90X2.png","contentUrl":"https:\/\/www.ghostysky.com\/wp-content\/uploads\/2021\/03\/e90X2.png","width":642,"height":715},{"@type":"BreadcrumbList","@id":"https:\/\/www.ghostysky.com\/product\/yuneec-e90x-camera-for-h520e\/#breadcrumb","itemListElement":[{"@type":"ListItem","position":1,"name":"Home","item":"https:\/\/www.ghostysky.com\/"},{"@type":"ListItem","position":2,"name":"Shop","item":"https:\/\/www.ghostysky.com\/shop\/"},{"@type":"ListItem","position":3,"name":"E90X Camera for H520E &#038; H850-RTK"}]},{"@type":"WebSite","@id":"https:\/\/www.ghostysky.com\/#website","url":"https:\/\/www.ghostysky.com\/","name":"Ghostysky","description":"Fornecendo drones e servi\u00e7os profissionais","publisher":{"@id":"https:\/\/www.ghostysky.com\/#organization"},"potentialAction":[{"@type":"SearchAction","target":{"@type":"EntryPoint","urlTemplate":"https:\/\/www.ghostysky.com\/?s={search_term_string}"},"query-input":{"@type":"PropertyValueSpecification","valueRequired":true,"valueName":"search_term_string"}}],"inLanguage":"pt-PT"},{"@type":"Organization","@id":"https:\/\/www.ghostysky.com\/#organization","name":"Ghostysky","url":"https:\/\/www.ghostysky.com\/","logo":{"@type":"ImageObject","inLanguage":"pt-PT","@id":"https:\/\/www.ghostysky.com\/#\/schema\/logo\/image\/","url":"https:\/\/www.ghostysky.com\/wp-content\/uploads\/2020\/06\/cropped-ghostyskylogo_text_white2.png","contentUrl":"https:\/\/www.ghostysky.com\/wp-content\/uploads\/2020\/06\/cropped-ghostyskylogo_text_white2.png","width":169,"height":56,"caption":"Ghostysky"},"image":{"@id":"https:\/\/www.ghostysky.com\/#\/schema\/logo\/image\/"},"sameAs":["https:\/\/www.facebook.com\/people\/Ghostysky\/100057676170234\/","https:\/\/x.com\/Gh0stysky","https:\/\/www.linkedin.com\/company\/34739653","https:\/\/www.instagram.com\/gh0stysky"]}]}},"_links":{"self":[{"href":"https:\/\/www.ghostysky.com\/pt\/wp-json\/wp\/v2\/product\/2058","targetHints":{"allow":["GET"]}}],"collection":[{"href":"https:\/\/www.ghostysky.com\/pt\/wp-json\/wp\/v2\/product"}],"about":[{"href":"https:\/\/www.ghostysky.com\/pt\/wp-json\/wp\/v2\/types\/product"}],"replies":[{"embeddable":true,"href":"https:\/\/www.ghostysky.com\/pt\/wp-json\/wp\/v2\/comments?post=2058"}],"wp:featuredmedia":[{"embeddable":true,"href":"https:\/\/www.ghostysky.com\/pt\/wp-json\/wp\/v2\/media\/2060"}],"wp:attachment":[{"href":"https:\/\/www.ghostysky.com\/pt\/wp-json\/wp\/v2\/media?parent=2058"}],"wp:term":[{"taxonomy":"product_brand","embeddable":true,"href":"https:\/\/www.ghostysky.com\/pt\/wp-json\/wp\/v2\/product_brand?post=2058"},{"taxonomy":"product_cat","embeddable":true,"href":"https:\/\/www.ghostysky.com\/pt\/wp-json\/wp\/v2\/product_cat?post=2058"},{"taxonomy":"product_tag","embeddable":true,"href":"https:\/\/www.ghostysky.com\/pt\/wp-json\/wp\/v2\/product_tag?post=2058"}],"curies":[{"name":"wp","href":"https:\/\/api.w.org\/{rel}","templated":true}]}}