{"id":2062,"date":"2021-03-04T17:43:36","date_gmt":"2021-03-04T17:43:36","guid":{"rendered":"https:\/\/www.ghostysky.com\/?post_type=product&#038;p=2062"},"modified":"2024-05-06T22:52:18","modified_gmt":"2024-05-06T22:52:18","slug":"yuneec-etx-camera-for-h520e","status":"publish","type":"product","link":"https:\/\/www.ghostysky.com\/pt\/product\/yuneec-etx-camera-for-h520e\/","title":{"rendered":"C\u00e2mera ETX (FLIR\u00ae) para H520E\/H850"},"content":{"rendered":"<div class=\"product--description\">\n<p><strong>C\u00c2MERA DE IMAGEM T\u00c9RMICA E DE BAIXA INTENSIDADE DE LUZ PARA O H520E\/H850<\/strong><\/p>\n<p class=\"p1\">O ETX \u00e9 uma solu\u00e7\u00e3o econ\u00f4mica, segura e f\u00e1cil de usar para in\u00fameras aplica\u00e7\u00f5es:<\/p>\n<ul>\n<li class=\"p1\">Constru\u00e7\u00e3o e inspec\u00e7\u00e3o de infraestructuras<\/li>\n<li class=\"p1\">Inspec\u00e7\u00e3o de sistemas fotovoltaicos<\/li>\n<li class=\"p1\">Agricultura e Floresta<\/li>\n<li class=\"p1\">Combate a inc\u00eandios<\/li>\n<li class=\"p1\">Aplica\u00e7\u00f5es policiais e alfandeg\u00e1rias<\/li>\n<li class=\"p1\">Busca e salvamento<\/li>\n<\/ul>\n<p>&nbsp;<\/p>\n<p><strong>EM RESUMO<\/strong><\/p>\n<ul>\n<li>Medi\u00e7\u00e3o e exibi\u00e7\u00e3o de temperaturas<\/li>\n<li>V\u00e1rios espectros de cores permitem uma visualiza\u00e7\u00e3o precisa das fontes de calor<\/li>\n<li>Escala de detec\u00e7\u00e3o de temperatura ajust\u00e1vel afim de focar as \u00e1reas relevantes<\/li>\n<li>IR montado em gimbal para uma detec\u00e7\u00e3o suave em termos de visualiza\u00e7\u00e3o<\/li>\n<li>O grande sensor IR detecta mais detalhes no escuro do que o olho humano, ideal para as \u00e1reas de vigil\u00e2ncia<\/li>\n<li>Dual HD e grava\u00e7\u00e3o simult\u00e2nea de infravermelhos<\/li>\n<li>A luz t\u00e9rmica e de baixa intensidade s\u00e3o gravadas simultaneamente, para que o v\u00eddeo tenha precis\u00e3o na reprodu\u00e7\u00e3o de frames integrado com o timecode<\/li>\n<li>Compat\u00edvel com H520E-OFDM<\/li>\n<\/ul>\n<p>&nbsp;<\/p>\n<\/div>\n<div class=\"product--properties panel has--border\">\n<table class=\"product--properties-table\">\n<tbody>\n<tr class=\"product--properties-row\">\n<td class=\"product--properties-label is--bold\">Peso:<\/td>\n<td class=\"product--properties-value\">326g<\/td>\n<\/tr>\n<tr class=\"product--properties-row\">\n<td class=\"product--properties-label is--bold\">GIMBAL:<\/td>\n<td class=\"product--properties-value\">\u2014\u2014\u2014\u2014\u2014<\/td>\n<\/tr>\n<tr class=\"product--properties-row\">\n<td class=\"product--properties-label is--bold\">Faixa de vibra\u00e7\u00e3o angular:<\/td>\n<td class=\"product--properties-value\">\u00b10,02\u00b0<\/td>\n<\/tr>\n<tr class=\"product--properties-row\">\n<td class=\"product--properties-label is--bold\">Faixa control\u00e1vel:<\/td>\n<td class=\"product--properties-value\">Inclina\u00e7\u00e3o: -110\u00b0 a 30\u00b0 \/ Pan: \u00b1 165\u00b0<\/td>\n<\/tr>\n<tr class=\"product--properties-row\">\n<td class=\"product--properties-label is--bold\">M\u00e1x. Velocidade angular:<\/td>\n<td class=\"product--properties-value\">Inclina\u00e7\u00e3o: 15\u00b0\/s, Pan120\u00b0\/s<\/td>\n<\/tr>\n<tr class=\"product--properties-row\">\n<td class=\"product--properties-label is--bold\">Temperaturas de opera\u00e7\u00e3o:<\/td>\n<td class=\"product--properties-value\">\ufe6310\u00b0C - 65\u2103<\/td>\n<\/tr>\n<tr class=\"product--properties-row\">\n<td class=\"product--properties-label is--bold\">PARTE INFRAVERMELHA:<\/td>\n<td class=\"product--properties-value\">\u2014\u2014\u2014\u2014\u2014<\/td>\n<\/tr>\n<tr class=\"product--properties-row\">\n<td class=\"product--properties-label is--bold\">FOV, diagonal:<\/td>\n<td class=\"product--properties-value\">C\u00e2mera para pouca luz: 90 \u00b0 \/\/ c\u00e2mera de imagem t\u00e9rmica: 71 \u00b0<\/td>\n<\/tr>\n<tr class=\"product--properties-row\">\n<td class=\"product--properties-label is--bold\">FOV, horizontal:<\/td>\n<td class=\"product--properties-value\">C\u00e2mera de imagem t\u00e9rmica: 56 \u00b0<\/td>\n<\/tr>\n<tr class=\"product--properties-row\">\n<td class=\"product--properties-label is--bold\">Sensibilidade:<\/td>\n<td class=\"product--properties-value\">&lt;50 mK<\/td>\n<\/tr>\n<tr class=\"product--properties-row\">\n<td class=\"product--properties-label is--bold\">Pixel pitch:<\/td>\n<td class=\"product--properties-value\">12um<\/td>\n<\/tr>\n<tr class=\"product--properties-row\">\n<td class=\"product--properties-label is--bold\">Frequ\u00eancia:<\/td>\n<td class=\"product--properties-value\">9Hz<\/td>\n<\/tr>\n<tr class=\"product--properties-row\">\n<td class=\"product--properties-label is--bold\">Formato da foto:<\/td>\n<td class=\"product--properties-value\">JPG, TIFF<\/td>\n<\/tr>\n<tr class=\"product--properties-row\">\n<td class=\"product--properties-label is--bold\">Formato de v\u00eddeo:<\/td>\n<td class=\"product--properties-value\">MP4<\/td>\n<\/tr>\n<tr class=\"product--properties-row\">\n<td class=\"product--properties-label is--bold\">Compensa\u00e7\u00e3o de temperatura:<\/td>\n<td class=\"product--properties-value\">Auto<\/td>\n<\/tr>\n<tr class=\"product--properties-row\">\n<td class=\"product--properties-label is--bold\">Resolu\u00e7\u00e3o:<\/td>\n<td class=\"product--properties-value\">160X120<\/td>\n<\/tr>\n<tr class=\"product--properties-row\">\n<td class=\"product--properties-label is--bold\">Faixa de medi\u00e7\u00e3o de temperatura:<\/td>\n<td class=\"product--properties-value\">-10 \u00b0 - 180 \u00b0<\/td>\n<\/tr>\n<tr class=\"product--properties-row\">\n<td class=\"product--properties-label is--bold\">PARTE \u00d3PTICA:<\/td>\n<td class=\"product--properties-value\">\u2014\u2014\u2014\u2013<\/td>\n<\/tr>\n<tr class=\"product--properties-row\">\n<td class=\"product--properties-label is--bold\">Sensor:<\/td>\n<td class=\"product--properties-value\">1\/2,8\u2033 2,13MP<\/td>\n<\/tr>\n<tr class=\"product--properties-row\">\n<td class=\"product--properties-label is--bold\">Abertura:<\/td>\n<td class=\"product--properties-value\">F2.8<\/td>\n<\/tr>\n<tr class=\"product--properties-row\">\n<td class=\"product--properties-label is--bold\">Equivalente, Dist\u00e2ncia Focal:<\/td>\n<td class=\"product--properties-value\">23 mm<\/td>\n<\/tr>\n<tr class=\"product--properties-row\">\n<td class=\"product--properties-label is--bold\">Intervalos ISO:<\/td>\n<td class=\"product--properties-value\">100 \u2013 3200<\/td>\n<\/tr>\n<tr class=\"product--properties-row\">\n<td class=\"product--properties-label is--bold\">Velocidade do obturador:<\/td>\n<td class=\"product--properties-value\">1\/30 - 1\/8000 s<\/td>\n<\/tr>\n<tr class=\"product--properties-row\">\n<td class=\"product--properties-label is--bold\">Resolu\u00e7\u00e3o de v\u00eddeo:<\/td>\n<td class=\"product--properties-value\">1920 x 1080p \/ 30 FPS<\/td>\n<\/tr>\n<\/tbody>\n<\/table>\n<\/div>","protected":false},"excerpt":{"rendered":"<div class=\"content--title\">O ETX (FLIR<sup>\u00ae<\/sup>) \u00e9 uma combina\u00e7\u00e3o inovadora em gimbal de 3 eixos, c\u00e2mera de imagem t\u00e9rmica e c\u00e2mera de baixa intensidade de luz. Enquanto a c\u00e2mera de imagem t\u00e9rmica consegue medir as temperaturas presentes nas imagens permitindo analisar e exibir as diferen\u00e7as de temperatura relativas, a c\u00e2mera RGB de baixa intensidade de luz tem uma sensibilidade 20 vezes superior ao do olho humano na captura de imagens. Ambas as imagens s\u00e3o transmitidas ao vivo e em simult\u00e2neo atrav\u00e9s do ecr\u00e3 do controle remoto, separadamente ou em sobreposi\u00e7\u00e3o. O gimbal ETX tem a capcidade de rota\u00e7\u00e3o cont\u00ednua no seu eixo de 330\u00b0. Atrav\u00e9s desta caracter\u00edstica e combinado com o trem de aterragem retr\u00e1til H520E, \u00e9 poss\u00edvel ao piloto ter uma vis\u00e3o a\u00e9rea cont\u00ednua e desobstru\u00edda.<\/div>\n<p>&nbsp;<\/p>","protected":false},"featured_media":2063,"comment_status":"open","ping_status":"closed","template":"","meta":[],"product_brand":[],"product_cat":[120,29,118],"product_tag":[62,140,122,389,59,121],"class_list":{"0":"post-2062","1":"product","2":"type-product","3":"status-publish","4":"has-post-thumbnail","6":"product_cat-yuneec-cameras","7":"product_cat-drones","8":"product_cat-yuneec","9":"product_tag-camera","10":"product_tag-etx","11":"product_tag-h520e","12":"product_tag-h850","13":"product_tag-thermal-camera","14":"product_tag-yuneec","16":"first","17":"onbackorder","18":"taxable","19":"shipping-taxable","20":"product-type-simple"},"yoast_head":"<!-- This site is optimized with the Yoast SEO plugin v27.1.1 - https:\/\/yoast.com\/product\/yoast-seo-wordpress\/ -->\n<title>ETX (FLIR\u00ae) Camera for H520E\/H850 -<\/title>\n<meta name=\"description\" content=\"The ETX (FLIR\u00ae) is an innovative combination of 3-axis gimbal, thermal imaging camera and low-light camera. While the thermal imaging camera selectively measures the temperature in the image enabling it to display relative temperature differences, the low-light RGB camera has a 20 times higher sensitivity than the human eye and can still take excellent shots even in low light conditions.\" \/>\n<meta name=\"robots\" content=\"index, follow, max-snippet:-1, max-image-preview:large, max-video-preview:-1\" \/>\n<link rel=\"canonical\" href=\"https:\/\/www.ghostysky.com\/pt\/produto-2\/yuneec-etx-camera-for-h520e\/\" \/>\n<meta property=\"og:locale\" content=\"pt_PT\" \/>\n<meta property=\"og:type\" content=\"article\" \/>\n<meta property=\"og:title\" content=\"ETX (FLIR\u00ae) Camera for H520E\/H850 -\" \/>\n<meta property=\"og:description\" content=\"The ETX (FLIR\u00ae) is an innovative combination of 3-axis gimbal, thermal imaging camera and low-light camera. While the thermal imaging camera selectively measures the temperature in the image enabling it to display relative temperature differences, the low-light RGB camera has a 20 times higher sensitivity than the human eye and can still take excellent shots even in low light conditions.\" \/>\n<meta property=\"og:url\" content=\"https:\/\/www.ghostysky.com\/pt\/produto-2\/yuneec-etx-camera-for-h520e\/\" \/>\n<meta property=\"og:site_name\" content=\"Ghostysky\" \/>\n<meta property=\"article:publisher\" content=\"https:\/\/www.facebook.com\/people\/Ghostysky\/100057676170234\/\" \/>\n<meta property=\"article:modified_time\" content=\"2024-05-06T22:52:18+00:00\" \/>\n<meta property=\"og:image\" content=\"https:\/\/www.ghostysky.com\/wp-content\/uploads\/2021\/03\/eng_pl_CGOETX-Camera-for-Yuneec-H520E-12417_1.png\" \/>\n\t<meta property=\"og:image:width\" content=\"435\" \/>\n\t<meta property=\"og:image:height\" content=\"600\" \/>\n\t<meta property=\"og:image:type\" content=\"image\/png\" \/>\n<meta name=\"twitter:card\" content=\"summary_large_image\" \/>\n<meta name=\"twitter:site\" content=\"@Gh0stysky\" \/>\n<meta name=\"twitter:label1\" content=\"Tempo estimado de leitura\" \/>\n\t<meta name=\"twitter:data1\" content=\"1 minuto\" \/>\n<script type=\"application\/ld+json\" class=\"yoast-schema-graph\">{\"@context\":\"https:\/\/schema.org\",\"@graph\":[{\"@type\":\"WebPage\",\"@id\":\"https:\/\/www.ghostysky.com\/product\/yuneec-etx-camera-for-h520e\/\",\"url\":\"https:\/\/www.ghostysky.com\/product\/yuneec-etx-camera-for-h520e\/\",\"name\":\"ETX (FLIR\u00ae) Camera for H520E\/H850 -\",\"isPartOf\":{\"@id\":\"https:\/\/www.ghostysky.com\/#website\"},\"primaryImageOfPage\":{\"@id\":\"https:\/\/www.ghostysky.com\/product\/yuneec-etx-camera-for-h520e\/#primaryimage\"},\"image\":{\"@id\":\"https:\/\/www.ghostysky.com\/product\/yuneec-etx-camera-for-h520e\/#primaryimage\"},\"thumbnailUrl\":\"https:\/\/www.ghostysky.com\/wp-content\/uploads\/2021\/03\/eng_pl_CGOETX-Camera-for-Yuneec-H520E-12417_1.png\",\"datePublished\":\"2021-03-04T17:43:36+00:00\",\"dateModified\":\"2024-05-06T22:52:18+00:00\",\"description\":\"The ETX (FLIR\u00ae) is an innovative combination of 3-axis gimbal, thermal imaging camera and low-light camera. While the thermal imaging camera selectively measures the temperature in the image enabling it to display relative temperature differences, the low-light RGB camera has a 20 times higher sensitivity than the human eye and can still take excellent shots even in low light conditions.\",\"breadcrumb\":{\"@id\":\"https:\/\/www.ghostysky.com\/product\/yuneec-etx-camera-for-h520e\/#breadcrumb\"},\"inLanguage\":\"pt-PT\",\"potentialAction\":[{\"@type\":\"ReadAction\",\"target\":[\"https:\/\/www.ghostysky.com\/product\/yuneec-etx-camera-for-h520e\/\"]}]},{\"@type\":\"ImageObject\",\"inLanguage\":\"pt-PT\",\"@id\":\"https:\/\/www.ghostysky.com\/product\/yuneec-etx-camera-for-h520e\/#primaryimage\",\"url\":\"https:\/\/www.ghostysky.com\/wp-content\/uploads\/2021\/03\/eng_pl_CGOETX-Camera-for-Yuneec-H520E-12417_1.png\",\"contentUrl\":\"https:\/\/www.ghostysky.com\/wp-content\/uploads\/2021\/03\/eng_pl_CGOETX-Camera-for-Yuneec-H520E-12417_1.png\",\"width\":435,\"height\":600},{\"@type\":\"BreadcrumbList\",\"@id\":\"https:\/\/www.ghostysky.com\/product\/yuneec-etx-camera-for-h520e\/#breadcrumb\",\"itemListElement\":[{\"@type\":\"ListItem\",\"position\":1,\"name\":\"Home\",\"item\":\"https:\/\/www.ghostysky.com\/\"},{\"@type\":\"ListItem\",\"position\":2,\"name\":\"Shop\",\"item\":\"https:\/\/www.ghostysky.com\/shop\/\"},{\"@type\":\"ListItem\",\"position\":3,\"name\":\"ETX (FLIR\u00ae) Camera for H520E\/H850\"}]},{\"@type\":\"WebSite\",\"@id\":\"https:\/\/www.ghostysky.com\/#website\",\"url\":\"https:\/\/www.ghostysky.com\/\",\"name\":\"Ghostysky\",\"description\":\"Delivering professional drones and services\",\"publisher\":{\"@id\":\"https:\/\/www.ghostysky.com\/#organization\"},\"potentialAction\":[{\"@type\":\"SearchAction\",\"target\":{\"@type\":\"EntryPoint\",\"urlTemplate\":\"https:\/\/www.ghostysky.com\/?s={search_term_string}\"},\"query-input\":{\"@type\":\"PropertyValueSpecification\",\"valueRequired\":true,\"valueName\":\"search_term_string\"}}],\"inLanguage\":\"pt-PT\"},{\"@type\":\"Organization\",\"@id\":\"https:\/\/www.ghostysky.com\/#organization\",\"name\":\"Ghostysky\",\"url\":\"https:\/\/www.ghostysky.com\/\",\"logo\":{\"@type\":\"ImageObject\",\"inLanguage\":\"pt-PT\",\"@id\":\"https:\/\/www.ghostysky.com\/#\/schema\/logo\/image\/\",\"url\":\"https:\/\/www.ghostysky.com\/wp-content\/uploads\/2020\/06\/cropped-ghostyskylogo_text_white2.png\",\"contentUrl\":\"https:\/\/www.ghostysky.com\/wp-content\/uploads\/2020\/06\/cropped-ghostyskylogo_text_white2.png\",\"width\":169,\"height\":56,\"caption\":\"Ghostysky\"},\"image\":{\"@id\":\"https:\/\/www.ghostysky.com\/#\/schema\/logo\/image\/\"},\"sameAs\":[\"https:\/\/www.facebook.com\/people\/Ghostysky\/100057676170234\/\",\"https:\/\/x.com\/Gh0stysky\",\"https:\/\/www.linkedin.com\/company\/34739653\",\"https:\/\/www.instagram.com\/gh0stysky\"]}]}<\/script>\n<!-- \/ Yoast SEO plugin. -->","yoast_head_json":{"title":"C\u00e2mera ETX (FLIR\u00ae) para H520E\/H850 -","description":"O ETX (FLIR\u00ae) \u00e9 uma combina\u00e7\u00e3o inovadora de cardan de 3 eixos, c\u00e2mera de imagem t\u00e9rmica e c\u00e2mera para pouca luz. Enquanto a c\u00e2mera de imagem t\u00e9rmica mede seletivamente a temperatura na imagem, permitindo exibir diferen\u00e7as relativas de temperatura, a c\u00e2mera RGB com pouca luz tem uma sensibilidade 20 vezes maior que o olho humano e ainda pode tirar fotos excelentes mesmo em condi\u00e7\u00f5es de pouca luz.","robots":{"index":"index","follow":"follow","max-snippet":"max-snippet:-1","max-image-preview":"max-image-preview:large","max-video-preview":"max-video-preview:-1"},"canonical":"https:\/\/www.ghostysky.com\/pt\/produto-2\/yuneec-etx-camera-for-h520e\/","og_locale":"pt_PT","og_type":"article","og_title":"ETX (FLIR\u00ae) Camera for H520E\/H850 -","og_description":"The ETX (FLIR\u00ae) is an innovative combination of 3-axis gimbal, thermal imaging camera and low-light camera. While the thermal imaging camera selectively measures the temperature in the image enabling it to display relative temperature differences, the low-light RGB camera has a 20 times higher sensitivity than the human eye and can still take excellent shots even in low light conditions.","og_url":"https:\/\/www.ghostysky.com\/pt\/produto-2\/yuneec-etx-camera-for-h520e\/","og_site_name":"Ghostysky","article_publisher":"https:\/\/www.facebook.com\/people\/Ghostysky\/100057676170234\/","article_modified_time":"2024-05-06T22:52:18+00:00","og_image":[{"width":435,"height":600,"url":"https:\/\/www.ghostysky.com\/wp-content\/uploads\/2021\/03\/eng_pl_CGOETX-Camera-for-Yuneec-H520E-12417_1.png","type":"image\/png"}],"twitter_card":"summary_large_image","twitter_site":"@Gh0stysky","twitter_misc":{"Tempo estimado de leitura":"1 minuto"},"schema":{"@context":"https:\/\/schema.org","@graph":[{"@type":"WebPage","@id":"https:\/\/www.ghostysky.com\/product\/yuneec-etx-camera-for-h520e\/","url":"https:\/\/www.ghostysky.com\/product\/yuneec-etx-camera-for-h520e\/","name":"C\u00e2mera ETX (FLIR\u00ae) para H520E\/H850 -","isPartOf":{"@id":"https:\/\/www.ghostysky.com\/#website"},"primaryImageOfPage":{"@id":"https:\/\/www.ghostysky.com\/product\/yuneec-etx-camera-for-h520e\/#primaryimage"},"image":{"@id":"https:\/\/www.ghostysky.com\/product\/yuneec-etx-camera-for-h520e\/#primaryimage"},"thumbnailUrl":"https:\/\/www.ghostysky.com\/wp-content\/uploads\/2021\/03\/eng_pl_CGOETX-Camera-for-Yuneec-H520E-12417_1.png","datePublished":"2021-03-04T17:43:36+00:00","dateModified":"2024-05-06T22:52:18+00:00","description":"O ETX (FLIR\u00ae) \u00e9 uma combina\u00e7\u00e3o inovadora de cardan de 3 eixos, c\u00e2mera de imagem t\u00e9rmica e c\u00e2mera para pouca luz. Enquanto a c\u00e2mera de imagem t\u00e9rmica mede seletivamente a temperatura na imagem, permitindo exibir diferen\u00e7as relativas de temperatura, a c\u00e2mera RGB com pouca luz tem uma sensibilidade 20 vezes maior que o olho humano e ainda pode tirar fotos excelentes mesmo em condi\u00e7\u00f5es de pouca luz.","breadcrumb":{"@id":"https:\/\/www.ghostysky.com\/product\/yuneec-etx-camera-for-h520e\/#breadcrumb"},"inLanguage":"pt-PT","potentialAction":[{"@type":"ReadAction","target":["https:\/\/www.ghostysky.com\/product\/yuneec-etx-camera-for-h520e\/"]}]},{"@type":"ImageObject","inLanguage":"pt-PT","@id":"https:\/\/www.ghostysky.com\/product\/yuneec-etx-camera-for-h520e\/#primaryimage","url":"https:\/\/www.ghostysky.com\/wp-content\/uploads\/2021\/03\/eng_pl_CGOETX-Camera-for-Yuneec-H520E-12417_1.png","contentUrl":"https:\/\/www.ghostysky.com\/wp-content\/uploads\/2021\/03\/eng_pl_CGOETX-Camera-for-Yuneec-H520E-12417_1.png","width":435,"height":600},{"@type":"BreadcrumbList","@id":"https:\/\/www.ghostysky.com\/product\/yuneec-etx-camera-for-h520e\/#breadcrumb","itemListElement":[{"@type":"ListItem","position":1,"name":"Home","item":"https:\/\/www.ghostysky.com\/"},{"@type":"ListItem","position":2,"name":"Shop","item":"https:\/\/www.ghostysky.com\/shop\/"},{"@type":"ListItem","position":3,"name":"ETX (FLIR\u00ae) Camera for H520E\/H850"}]},{"@type":"WebSite","@id":"https:\/\/www.ghostysky.com\/#website","url":"https:\/\/www.ghostysky.com\/","name":"Ghostysky","description":"Fornecendo drones e servi\u00e7os profissionais","publisher":{"@id":"https:\/\/www.ghostysky.com\/#organization"},"potentialAction":[{"@type":"SearchAction","target":{"@type":"EntryPoint","urlTemplate":"https:\/\/www.ghostysky.com\/?s={search_term_string}"},"query-input":{"@type":"PropertyValueSpecification","valueRequired":true,"valueName":"search_term_string"}}],"inLanguage":"pt-PT"},{"@type":"Organization","@id":"https:\/\/www.ghostysky.com\/#organization","name":"Ghostysky","url":"https:\/\/www.ghostysky.com\/","logo":{"@type":"ImageObject","inLanguage":"pt-PT","@id":"https:\/\/www.ghostysky.com\/#\/schema\/logo\/image\/","url":"https:\/\/www.ghostysky.com\/wp-content\/uploads\/2020\/06\/cropped-ghostyskylogo_text_white2.png","contentUrl":"https:\/\/www.ghostysky.com\/wp-content\/uploads\/2020\/06\/cropped-ghostyskylogo_text_white2.png","width":169,"height":56,"caption":"Ghostysky"},"image":{"@id":"https:\/\/www.ghostysky.com\/#\/schema\/logo\/image\/"},"sameAs":["https:\/\/www.facebook.com\/people\/Ghostysky\/100057676170234\/","https:\/\/x.com\/Gh0stysky","https:\/\/www.linkedin.com\/company\/34739653","https:\/\/www.instagram.com\/gh0stysky"]}]}},"_links":{"self":[{"href":"https:\/\/www.ghostysky.com\/pt\/wp-json\/wp\/v2\/product\/2062","targetHints":{"allow":["GET"]}}],"collection":[{"href":"https:\/\/www.ghostysky.com\/pt\/wp-json\/wp\/v2\/product"}],"about":[{"href":"https:\/\/www.ghostysky.com\/pt\/wp-json\/wp\/v2\/types\/product"}],"replies":[{"embeddable":true,"href":"https:\/\/www.ghostysky.com\/pt\/wp-json\/wp\/v2\/comments?post=2062"}],"wp:featuredmedia":[{"embeddable":true,"href":"https:\/\/www.ghostysky.com\/pt\/wp-json\/wp\/v2\/media\/2063"}],"wp:attachment":[{"href":"https:\/\/www.ghostysky.com\/pt\/wp-json\/wp\/v2\/media?parent=2062"}],"wp:term":[{"taxonomy":"product_brand","embeddable":true,"href":"https:\/\/www.ghostysky.com\/pt\/wp-json\/wp\/v2\/product_brand?post=2062"},{"taxonomy":"product_cat","embeddable":true,"href":"https:\/\/www.ghostysky.com\/pt\/wp-json\/wp\/v2\/product_cat?post=2062"},{"taxonomy":"product_tag","embeddable":true,"href":"https:\/\/www.ghostysky.com\/pt\/wp-json\/wp\/v2\/product_tag?post=2062"}],"curies":[{"name":"wp","href":"https:\/\/api.w.org\/{rel}","templated":true}]}}