{"id":20782,"date":"2025-10-14T07:20:01","date_gmt":"2025-10-14T07:20:01","guid":{"rendered":"https:\/\/www.ghostysky.com\/?post_type=product&#038;p=20782"},"modified":"2026-03-23T12:20:37","modified_gmt":"2026-03-23T12:20:37","slug":"emlid-rs4-pro","status":"publish","type":"product","link":"https:\/\/www.ghostysky.com\/pt\/product\/emlid-rs4-pro\/","title":{"rendered":"Emlid RS4 Pro"},"content":{"rendered":"<h3><b>Caracter\u00edsticas principais<\/b><\/h3>\n<ul>\n<li><b><span class=\"citation-63\">C\u00e2meras duplas Full-HD e fluxos de trabalho visuais:<\/span><\/b><span class=\"citation-63 citation-end-63\"> O recurso de destaque \u00e9 a integra\u00e7\u00e3o de duas c\u00e2meras Full-HD calibradas de f\u00e1brica, que desbloqueiam poderosos fluxos de trabalho visuais:<\/span>\n<ul>\n<li><b><span class=\"citation-62\">Piquetagem AR:<\/span><\/b><span class=\"citation-62 citation-end-62\"> Sobreponha seus planos de design diretamente ao mundo real com orienta\u00e7\u00e3o de realidade aumentada, tornando a demarca\u00e7\u00e3o mais r\u00e1pida, intuitiva e altamente eficiente.<\/span><\/li>\n<li><b>Medi\u00e7\u00e3o a partir de imagens:<\/b><span class=\"citation-61 citation-end-61\"> Capture com seguran\u00e7a pontos inacess\u00edveis \u2014 como fachadas de edif\u00edcios, pontos em estradas movimentadas ou \u00e1reas atr\u00e1s de cercas \u2014 simplesmente tirando fotos, eliminando a necessidade de configura\u00e7\u00f5es de esta\u00e7\u00f5es totais em zonas perigosas.<\/span><\/li>\n<\/ul>\n<\/li>\n<li><b>Precis\u00e3o GNSS de n\u00edvel profissional:<\/b><span class=\"citation-60 citation-end-60\"> Rastreia todas as principais constela\u00e7\u00f5es e frequ\u00eancias de sat\u00e9lites (GPS, GLONASS, Galileo, BeiDou, QZSS, NavIC) com 672 canais para corre\u00e7\u00f5es r\u00e1pidas e confi\u00e1veis e desempenho robusto em ambientes desafiadores.<\/span>\n<ul>\n<li><b><span class=\"citation-59\">Precis\u00e3o RTK (Horizontal):<\/span><\/b> <span class=\"math-inline\"><span class=\"katex\"><span class=\"katex-html\" aria-hidden=\"true\"><span class=\"base\"><span class=\"mord\">7<\/span><span class=\"mord text\"><span class=\"mord\">\u00a0mil\u00edmetros<\/span><\/span><span class=\"mbin\">+<\/span><\/span><span class=\"base\"><span class=\"mord\">1<\/span><span class=\"mord text\"><span class=\"mord\">\u00a0ppm<\/span><\/span><\/span><\/span><\/span><\/span><\/li>\n<\/ul>\n<\/li>\n<li><b><span class=\"citation-58\">Compensa\u00e7\u00e3o de inclina\u00e7\u00e3o avan\u00e7ada:<\/span><\/b><span class=\"citation-58 citation-end-58\"> Possui compensa\u00e7\u00e3o de inclina\u00e7\u00e3o IMU de \u00faltima gera\u00e7\u00e3o, permitindo medi\u00e7\u00f5es precisas sem a necessidade de nivelar o bast\u00e3o, acelerando significativamente a coleta de dados.<\/span>\n<ul>\n<li><b>Precis\u00e3o com inclina\u00e7\u00e3o:<\/b> <span class=\"math-inline\"><span class=\"katex\"><span class=\"katex-html\" aria-hidden=\"true\"><span class=\"base\"><span class=\"mord\">2<\/span><span class=\"mord text\"><span class=\"mord\">\u00a0mil\u00edmetros<\/span><\/span><span class=\"mbin\">+<\/span><\/span><span class=\"base\"><span class=\"mord\">0.3<\/span><span class=\"mord\"><span class=\"mord text\">\u00a0mil\u00edmetros\/<\/span><span class=\"msupsub\"><span class=\"vlist-t\"><span class=\"vlist-r\"><span class=\"vlist\"><span class=\"\"><span class=\"sizing reset-size6 size3 mtight\"><span class=\"mbin mtight\">\u2218<\/span><\/span><\/span><\/span><\/span><\/span><\/span><\/span><\/span><\/span><\/span><\/span><\/li>\n<\/ul>\n<\/li>\n<li><b>Conectividade robusta:<\/b><span class=\"citation-56 citation-end-56\"> Inclui um modem Global LTE integrado para corre\u00e7\u00f5es NTRIP, Wi-Fi de banda dupla, Bluetooth e um sistema de r\u00e1dio multibanda Emlid (LoRa\/UHF) para comunica\u00e7\u00e3o de longo alcance entre a base e o rover (at\u00e9 <\/span><span class=\"math-inline\"><span class=\"katex\"><span class=\"katex-html\" aria-hidden=\"true\"><span class=\"base\"><span class=\"mord\">8<\/span><span class=\"mord text\"><span class=\"mord\">\u00a0quil\u00f4metros<\/span><\/span><\/span><\/span><\/span><\/span><span class=\"citation-55 citation-end-55\">).<\/span><\/li>\n<li><b><span class=\"citation-54\">Design robusto e dur\u00e1vel:<\/span><\/b><span class=\"citation-54 citation-end-54\"> Constru\u00eddo com um corpo de liga de magn\u00e9sio dur\u00e1vel e prote\u00e7\u00e3o de entrada IP68, o RS4 Pro foi projetado para suportar as condi\u00e7\u00f5es de campo mais adversas, desde frio extremo (<\/span><span class=\"math-inline\"><span class=\"katex\"><span class=\"katex-html\" aria-hidden=\"true\"><span class=\"base\"><span class=\"mord text\"><span class=\"mord\">\u2013<\/span><\/span><span class=\"mord\">4<\/span><span class=\"mord\">0<span class=\"msupsub\"><span class=\"vlist-t\"><span class=\"vlist-r\"><span class=\"vlist\"><span class=\"\"><span class=\"sizing reset-size6 size3 mtight\"><span class=\"mbin mtight\">\u2218<\/span><\/span><\/span><\/span><\/span><\/span><\/span><\/span><span class=\"mord text\"><span class=\"mord\">C<\/span><\/span><\/span><\/span><\/span><\/span><span class=\"citation-53 citation-end-53\">) ao calor intenso (<\/span><span class=\"math-inline\"><span class=\"katex\"><span class=\"katex-html\" aria-hidden=\"true\"><span class=\"base\"><span class=\"mord\"><span class=\"mord text\">+65<\/span><span class=\"msupsub\"><span class=\"vlist-t\"><span class=\"vlist-r\"><span class=\"vlist\"><span class=\"\"><span class=\"sizing reset-size6 size3 mtight\"><span class=\"mbin mtight\">\u2218<\/span><\/span><\/span><\/span><\/span><\/span><\/span><\/span><span class=\"mord text\"><span class=\"mord\">C<\/span><\/span><\/span><\/span><\/span><\/span><span class=\"citation-52 citation-end-52\">).<\/span><\/li>\n<li><b><span class=\"citation-51\">Integra\u00e7\u00e3o perfeita do Emlid Flow:<\/span><\/b><span class=\"citation-51\"> Desenvolvido por <\/span><b><span class=\"citation-51\">Emlid Flow<\/span><\/b><span class=\"citation-51 citation-end-51\"> aplicativo m\u00f3vel e em nuvem, garante um fluxo de trabalho tranquilo do campo ao escrit\u00f3rio, oferecendo:<\/span>\n<ul>\n<li>F\u00e1cil instala\u00e7\u00e3o e configura\u00e7\u00e3o.<\/li>\n<li><span class=\"citation-50 citation-end-50\">Sincroniza\u00e7\u00e3o de dados em tempo real com o servi\u00e7o de nuvem Emlid Flow 360.<\/span><\/li>\n<li><span class=\"citation-49 citation-end-49\">Ferramentas abrangentes para levantamentos topogr\u00e1ficos, demarca\u00e7\u00e3o, obras de linha e estrada, c\u00e1lculos de corte e aterro e projetos executados conforme constru\u00eddos.<\/span><\/li>\n<\/ul>\n<\/li>\n<li><b>Autonomia duradoura:<\/b> Apresenta uma dura\u00e7\u00e3o de bateria impressionante de at\u00e9 16 horas como um rover RTK com compensa\u00e7\u00e3o de inclina\u00e7\u00e3o.<\/li>\n<\/ul>\n<h3><b>Especifica\u00e7\u00f5es t\u00e9cnicas<\/b><\/h3>\n<ul class=\"product-specifications-list flex f-wrap\">\n<li>\n<h3 class=\"h3\">Imagem<\/h3>\n<div class=\"rte\">\n<p><strong>Sensores de imagem:<\/strong>\u00a01\/2,6 pol., CMOS, obturador global, Full HD<\/p>\n<p><strong>Campo de vis\u00e3o<\/strong><\/p>\n<p><strong>C\u00e2mera frontal:<\/strong>\u00a0H: 64,6<strong>\u00b0<\/strong>, V: 42,8<strong>\u00b0<\/strong><\/p>\n<p><strong>C\u00e2mera inferior:<\/strong>\u00a0H: 63<strong>\u00b0<\/strong>, V: 42<strong>\u00b0<\/strong><\/p>\n<p><strong>Taxa de quadros de v\u00eddeo:\u00a0<\/strong>25 fps<\/p>\n<\/div>\n<\/li>\n<li>\n<h3 class=\"h3\">Mec\u00e2nica<\/h3>\n<div class=\"rte\">\n<p><strong>Dimens\u00f5es:<\/strong>\u00a0128,6 x 128,6 x 99,3 mm<\/p>\n<p><strong>Peso:<\/strong>\u00a0920 g (2,028 lb)<\/p>\n<p><strong>T\u00ba de opera\u00e7\u00e3o:<\/strong>\u00a0-40 a +65 \u00b0C (-40 a 149 \u00b0F)<\/p>\n<p><strong>Prote\u00e7\u00e3o de entrada<\/strong>: IP68<\/p>\n<\/div>\n<\/li>\n<li>\n<h3 class=\"h3\">Electr\u00f3nica<\/h3>\n<div class=\"rte\">\n<p><strong>Autonomia:\u00a0<\/strong>16 horas como rover RTK com inclina\u00e7\u00e3o<\/p>\n<p><strong>Bateria:<\/strong>\u00a0\u00cdon de l\u00edtio 5000 mAh, 7,2 V, 36 Wh<\/p>\n<p><strong>Carregando:<\/strong>\u00a0USB Tipo C (PD): 5 V\u20143 A, 9 V\u20143 A, 12 V\u20143 A, 15 V\u20143 A<\/p>\n<\/div>\n<\/li>\n<li>\n<h3 class=\"h3\">Posicionamento<\/h3>\n<div class=\"rte\">\n<p><strong>Est\u00e1tico:<\/strong>\u00a0H: 4 mm + 0,5 ppm | V: 8 mm + 1 ppm<\/p>\n<p><strong>PPK:<\/strong>\u00a0H: 5 mm + 0,5 ppm | V: 10 mm + 1 ppm<\/p>\n<p><strong>RTK:<\/strong>\u00a0A: 7 mm + 1 ppm | V: 14 mm + 1 ppm<\/p>\n<p><strong>Compensa\u00e7\u00e3o de inclina\u00e7\u00e3o:<\/strong>\u00a0RTK + 2 mm + 0,3 mm\/\u00b0<\/p>\n<p><strong>Tempo de converg\u00eancia:<\/strong>\u00a0~5 s normalmente<\/p>\n<\/div>\n<\/li>\n<li>\n<h3 class=\"h3\">Protocolos de dados<\/h3>\n<div class=\"rte\">\n<p><strong>Corre\u00e7\u00f5es:<\/strong>\u00a0NTRIP, RTCM3<\/p>\n<p><strong>Sa\u00edda de posi\u00e7\u00e3o:<\/strong>\u00a0NMEA, LLH\/XYZ<\/p>\n<p><strong>Registro de dados:<\/strong>\u00a0RINEX, NMEA, LLH\/XYZ, UBX<\/p>\n<p><strong>Armazenamento interno:<\/strong>\u00a016 GB<\/p>\n<\/div>\n<\/li>\n<li>\n<h3 class=\"h3\">GNSS<\/h3>\n<div class=\"rte\">\n<p><strong>Sinal rastreado:<\/strong>\u00a0GPS: L1C\/A, L2C, L5, GLONASS: L1OF, L2OF, Galileo: E1-B\/C, E5a, E6, BeiDou: B1I, B1C, B2a, B3I, QZSS: L1C\/A, L1C\/B11, L2C, L5, NavIC: Dados L1-SPS, L5-SPS<\/p>\n<p><strong>N\u00famero de canais:<\/strong>\u00a0672<\/p>\n<p><strong>Taxas de atualiza\u00e7\u00e3o:<\/strong>\u00a0at\u00e9 10 Hz<\/p>\n<\/div>\n<\/li>\n<li>\n<h3 class=\"h3\">Conectividade<\/h3>\n<div class=\"rte\">\n<p><strong>R\u00e1dio LoRa:\u00a0<\/strong>at\u00e9 1W<\/p>\n<p><strong>Faixa de frequ\u00eancia:<\/strong>\u00a0868\/915 MHz<\/p>\n<p><strong>Pot\u00eancia:\u00a0<\/strong>0,1 W<\/p>\n<p><strong>Dist\u00e2ncia:<\/strong>\u00a0At\u00e9 8 km<\/p>\n<p><strong>R\u00e1dio UHF:\u00a0<\/strong>at\u00e9 2W<\/p>\n<p><strong>Faixa de frequ\u00eancia:<\/strong>\u00a0410 \u2013 470 MHz<\/p>\n<p><strong>Protocolos:<\/strong>\u00a0TRIMTALK 450S**<\/p>\n<p><strong>Tipo de modula\u00e7\u00e3o:<\/strong>\u00a0GMSK<\/p>\n<p><strong>Modem LTE<\/strong><\/p>\n<p><strong>Regi\u00f5es:<\/strong>\u00a0Global<\/p>\n<p><strong>Bandas:<\/strong>\u00a0FDD-LTE: 1, 2, 3, 4, 5, 7, 8, 12, 13, 18, 19, 20, 26, 28 TD-LTE: 38, 39, 40, 41 UMTS (UHPS\/FDD): 1, 2, 5, 8 Quad-band, 850\/1900, 900\/1800 MHz<\/p>\n<p><strong>Cart\u00e3o SIM:<\/strong>\u00a0Nano-SIM<\/p>\n<p><strong>Wi-fi:<\/strong>\u00a0802.11 b\/g\/n<\/p>\n<p><strong>Bluetooth:<\/strong>\u00a0Bluetooth 5.1 (BR\/EDR + LE)<\/p>\n<p><strong>Portas:<\/strong>\u00a0RS-232, USB Tipo C<\/p>\n<p>*Use a antena correta, LoRa ou UHF, para sua configura\u00e7\u00e3o.<\/p>\n<p>**TRIMTALK \u00e9 uma marca registrada da Trimble Inc.<\/p>\n<\/div>\n<p>&nbsp;<\/li>\n<\/ul>\n<h3>Na caixa<\/h3>\n<ul>\n<li><span class=\"discussion-id-273498ed-188c-8061-ae20-001c3a079042 notion-enable-hover\" data-token-index=\"1\">1x Emlid Reach RS4 Pro<\/span><\/li>\n<li>1x Estojo de transporte<\/li>\n<li>1x cabo USB tipo C<\/li>\n<li>1x antena LoRa de 860-930 MHz<\/li>\n<li>1x antena UHF de 410-470 MHz<\/li>\n<\/ul>","protected":false},"excerpt":{"rendered":"<p><span class=\"citation-65\">O <\/span><b><span class=\"citation-65\">Emlid Reach RS4 Pro<\/span><\/b><span class=\"citation-65 citation-end-65\"> \u00e9 um receptor GNSS RTK multibanda de n\u00edvel profissional que define um novo padr\u00e3o para levantamento de alta precis\u00e3o ao integrar tecnologia de vis\u00e3o avan\u00e7ada.<\/span><\/p>\n<p><span class=\"citation-64 citation-end-64\">\u00c9 a solu\u00e7\u00e3o principal para top\u00f3grafos, engenheiros e profissionais da constru\u00e7\u00e3o que exigem precis\u00e3o centim\u00e9trica, velocidade e seguran\u00e7a aprimorada em projetos exigentes.<\/span><\/p>","protected":false},"featured_media":20807,"comment_status":"open","ping_status":"closed","template":"","meta":[],"product_brand":[1025],"product_cat":[1119,89,1117,1125,1127,30,365],"product_tag":[58,1027,1028],"class_list":{"0":"post-20782","1":"product","2":"type-product","3":"status-publish","4":"has-post-thumbnail","6":"product_brand-emlid","7":"product_cat-dji-matrice-4-accessories","8":"product_cat-emlid","9":"product_cat-matrice-4","10":"product_cat-matrice-400","11":"product_cat-matrice-400-accessories","12":"product_cat-mobile-station","13":"product_cat-receivers-emlid","14":"product_tag-emlid","15":"product_tag-emlid-rs-series","16":"product_tag-emlid-rs4-pro","18":"first","19":"instock","20":"taxable","21":"shipping-taxable","22":"purchasable","23":"product-type-simple"},"yoast_head":"<!-- This site is optimized with the Yoast SEO plugin v27.4 - https:\/\/yoast.com\/product\/yoast-seo-wordpress\/ -->\n<title>Emlid RS4 Pro - Ghostysky<\/title>\n<meta name=\"description\" content=\"The Emlid Reach RS4 Pro is a professional-grade, multi-band RTK GNSS receiver that sets a new standard for high-precision surveying by integrating advanced vision technology.It&#039;s the flagship solution for surveyors, engineers, and construction professionals who demand centimeter-level accuracy, speed, and enhanced safety on demanding projects.\" \/>\n<meta name=\"robots\" content=\"index, follow, max-snippet:-1, max-image-preview:large, max-video-preview:-1\" \/>\n<link rel=\"canonical\" href=\"https:\/\/www.ghostysky.com\/pt\/produto-2\/emlid-rs4-pro\/\" \/>\n<meta property=\"og:locale\" content=\"pt_PT\" \/>\n<meta property=\"og:type\" content=\"article\" \/>\n<meta property=\"og:title\" content=\"Emlid RS4 Pro - Ghostysky\" \/>\n<meta property=\"og:description\" content=\"The Emlid Reach RS4 Pro is a professional-grade, multi-band RTK GNSS receiver that sets a new standard for high-precision surveying by integrating advanced vision technology.It&#039;s the flagship solution for surveyors, engineers, and construction professionals who demand centimeter-level accuracy, speed, and enhanced safety on demanding projects.\" \/>\n<meta property=\"og:url\" content=\"https:\/\/www.ghostysky.com\/pt\/produto-2\/emlid-rs4-pro\/\" \/>\n<meta property=\"og:site_name\" content=\"Ghostysky\" \/>\n<meta property=\"article:publisher\" content=\"https:\/\/www.facebook.com\/people\/Ghostysky\/100057676170234\/\" \/>\n<meta property=\"article:modified_time\" content=\"2026-03-23T12:20:37+00:00\" \/>\n<meta property=\"og:image\" content=\"https:\/\/www.ghostysky.com\/wp-content\/uploads\/2025\/10\/GH_Emlid_RS4_Pro_1.webp\" \/>\n\t<meta property=\"og:image:width\" content=\"2400\" \/>\n\t<meta property=\"og:image:height\" content=\"2400\" \/>\n\t<meta property=\"og:image:type\" content=\"image\/webp\" \/>\n<meta name=\"twitter:card\" content=\"summary_large_image\" \/>\n<meta name=\"twitter:site\" content=\"@Gh0stysky\" \/>\n<meta name=\"twitter:label1\" content=\"Tempo estimado de leitura\" \/>\n\t<meta name=\"twitter:data1\" content=\"3 minutos\" \/>\n<script type=\"application\/ld+json\" class=\"yoast-schema-graph\">{\"@context\":\"https:\\\/\\\/schema.org\",\"@graph\":[{\"@type\":\"WebPage\",\"@id\":\"https:\\\/\\\/www.ghostysky.com\\\/product\\\/emlid-rs4-pro\\\/\",\"url\":\"https:\\\/\\\/www.ghostysky.com\\\/product\\\/emlid-rs4-pro\\\/\",\"name\":\"Emlid RS4 Pro - Ghostysky\",\"isPartOf\":{\"@id\":\"https:\\\/\\\/www.ghostysky.com\\\/#website\"},\"primaryImageOfPage\":{\"@id\":\"https:\\\/\\\/www.ghostysky.com\\\/product\\\/emlid-rs4-pro\\\/#primaryimage\"},\"image\":{\"@id\":\"https:\\\/\\\/www.ghostysky.com\\\/product\\\/emlid-rs4-pro\\\/#primaryimage\"},\"thumbnailUrl\":\"https:\\\/\\\/www.ghostysky.com\\\/wp-content\\\/uploads\\\/2025\\\/10\\\/GH_Emlid_RS4_Pro_1.webp\",\"datePublished\":\"2025-10-14T07:20:01+00:00\",\"dateModified\":\"2026-03-23T12:20:37+00:00\",\"description\":\"The Emlid Reach RS4 Pro is a professional-grade, multi-band RTK GNSS receiver that sets a new standard for high-precision surveying by integrating advanced vision technology.It's the flagship solution for surveyors, engineers, and construction professionals who demand centimeter-level accuracy, speed, and enhanced safety on demanding projects.\",\"breadcrumb\":{\"@id\":\"https:\\\/\\\/www.ghostysky.com\\\/product\\\/emlid-rs4-pro\\\/#breadcrumb\"},\"inLanguage\":\"pt-PT\",\"potentialAction\":[{\"@type\":\"ReadAction\",\"target\":[\"https:\\\/\\\/www.ghostysky.com\\\/product\\\/emlid-rs4-pro\\\/\"]}]},{\"@type\":\"ImageObject\",\"inLanguage\":\"pt-PT\",\"@id\":\"https:\\\/\\\/www.ghostysky.com\\\/product\\\/emlid-rs4-pro\\\/#primaryimage\",\"url\":\"https:\\\/\\\/www.ghostysky.com\\\/wp-content\\\/uploads\\\/2025\\\/10\\\/GH_Emlid_RS4_Pro_1.webp\",\"contentUrl\":\"https:\\\/\\\/www.ghostysky.com\\\/wp-content\\\/uploads\\\/2025\\\/10\\\/GH_Emlid_RS4_Pro_1.webp\",\"width\":2400,\"height\":2400},{\"@type\":\"BreadcrumbList\",\"@id\":\"https:\\\/\\\/www.ghostysky.com\\\/product\\\/emlid-rs4-pro\\\/#breadcrumb\",\"itemListElement\":[{\"@type\":\"ListItem\",\"position\":1,\"name\":\"Home\",\"item\":\"https:\\\/\\\/www.ghostysky.com\\\/\"},{\"@type\":\"ListItem\",\"position\":2,\"name\":\"Shop\",\"item\":\"https:\\\/\\\/www.ghostysky.com\\\/shop\\\/\"},{\"@type\":\"ListItem\",\"position\":3,\"name\":\"Emlid RS4 Pro\"}]},{\"@type\":\"WebSite\",\"@id\":\"https:\\\/\\\/www.ghostysky.com\\\/#website\",\"url\":\"https:\\\/\\\/www.ghostysky.com\\\/\",\"name\":\"Ghostysky\",\"description\":\"Delivering professional drones and services\",\"publisher\":{\"@id\":\"https:\\\/\\\/www.ghostysky.com\\\/#organization\"},\"potentialAction\":[{\"@type\":\"SearchAction\",\"target\":{\"@type\":\"EntryPoint\",\"urlTemplate\":\"https:\\\/\\\/www.ghostysky.com\\\/?s={search_term_string}\"},\"query-input\":{\"@type\":\"PropertyValueSpecification\",\"valueRequired\":true,\"valueName\":\"search_term_string\"}}],\"inLanguage\":\"pt-PT\"},{\"@type\":\"Organization\",\"@id\":\"https:\\\/\\\/www.ghostysky.com\\\/#organization\",\"name\":\"Ghostysky\",\"url\":\"https:\\\/\\\/www.ghostysky.com\\\/\",\"logo\":{\"@type\":\"ImageObject\",\"inLanguage\":\"pt-PT\",\"@id\":\"https:\\\/\\\/www.ghostysky.com\\\/#\\\/schema\\\/logo\\\/image\\\/\",\"url\":\"https:\\\/\\\/www.ghostysky.com\\\/wp-content\\\/uploads\\\/2020\\\/06\\\/cropped-ghostyskylogo_text_white2.png\",\"contentUrl\":\"https:\\\/\\\/www.ghostysky.com\\\/wp-content\\\/uploads\\\/2020\\\/06\\\/cropped-ghostyskylogo_text_white2.png\",\"width\":169,\"height\":56,\"caption\":\"Ghostysky\"},\"image\":{\"@id\":\"https:\\\/\\\/www.ghostysky.com\\\/#\\\/schema\\\/logo\\\/image\\\/\"},\"sameAs\":[\"https:\\\/\\\/www.facebook.com\\\/people\\\/Ghostysky\\\/100057676170234\\\/\",\"https:\\\/\\\/x.com\\\/Gh0stysky\",\"https:\\\/\\\/www.linkedin.com\\\/company\\\/34739653\",\"https:\\\/\\\/www.instagram.com\\\/gh0stysky\"]}]}<\/script>\n<!-- \/ Yoast SEO plugin. -->","yoast_head_json":{"title":"Emlid RS4 Pro - Ghostysky","description":"O Emlid Reach RS4 Pro \u00e9 um receptor GNSS RTK multibanda de n\u00edvel profissional que define um novo padr\u00e3o para levantamento de alta precis\u00e3o ao integrar tecnologia de vis\u00e3o avan\u00e7ada. \u00c9 a solu\u00e7\u00e3o principal para top\u00f3grafos, engenheiros e profissionais da constru\u00e7\u00e3o que exigem precis\u00e3o centim\u00e9trica, velocidade e seguran\u00e7a aprimorada em projetos exigentes.","robots":{"index":"index","follow":"follow","max-snippet":"max-snippet:-1","max-image-preview":"max-image-preview:large","max-video-preview":"max-video-preview:-1"},"canonical":"https:\/\/www.ghostysky.com\/pt\/produto-2\/emlid-rs4-pro\/","og_locale":"pt_PT","og_type":"article","og_title":"Emlid RS4 Pro - Ghostysky","og_description":"The Emlid Reach RS4 Pro is a professional-grade, multi-band RTK GNSS receiver that sets a new standard for high-precision surveying by integrating advanced vision technology.It's the flagship solution for surveyors, engineers, and construction professionals who demand centimeter-level accuracy, speed, and enhanced safety on demanding projects.","og_url":"https:\/\/www.ghostysky.com\/pt\/produto-2\/emlid-rs4-pro\/","og_site_name":"Ghostysky","article_publisher":"https:\/\/www.facebook.com\/people\/Ghostysky\/100057676170234\/","article_modified_time":"2026-03-23T12:20:37+00:00","og_image":[{"width":2400,"height":2400,"url":"https:\/\/www.ghostysky.com\/wp-content\/uploads\/2025\/10\/GH_Emlid_RS4_Pro_1.webp","type":"image\/webp"}],"twitter_card":"summary_large_image","twitter_site":"@Gh0stysky","twitter_misc":{"Tempo estimado de leitura":"3 minutos"},"schema":{"@context":"https:\/\/schema.org","@graph":[{"@type":"WebPage","@id":"https:\/\/www.ghostysky.com\/product\/emlid-rs4-pro\/","url":"https:\/\/www.ghostysky.com\/product\/emlid-rs4-pro\/","name":"Emlid RS4 Pro - Ghostysky","isPartOf":{"@id":"https:\/\/www.ghostysky.com\/#website"},"primaryImageOfPage":{"@id":"https:\/\/www.ghostysky.com\/product\/emlid-rs4-pro\/#primaryimage"},"image":{"@id":"https:\/\/www.ghostysky.com\/product\/emlid-rs4-pro\/#primaryimage"},"thumbnailUrl":"https:\/\/www.ghostysky.com\/wp-content\/uploads\/2025\/10\/GH_Emlid_RS4_Pro_1.webp","datePublished":"2025-10-14T07:20:01+00:00","dateModified":"2026-03-23T12:20:37+00:00","description":"O Emlid Reach RS4 Pro \u00e9 um receptor GNSS RTK multibanda de n\u00edvel profissional que define um novo padr\u00e3o para levantamento de alta precis\u00e3o ao integrar tecnologia de vis\u00e3o avan\u00e7ada. \u00c9 a solu\u00e7\u00e3o principal para top\u00f3grafos, engenheiros e profissionais da constru\u00e7\u00e3o que exigem precis\u00e3o centim\u00e9trica, velocidade e seguran\u00e7a aprimorada em projetos exigentes.","breadcrumb":{"@id":"https:\/\/www.ghostysky.com\/product\/emlid-rs4-pro\/#breadcrumb"},"inLanguage":"pt-PT","potentialAction":[{"@type":"ReadAction","target":["https:\/\/www.ghostysky.com\/product\/emlid-rs4-pro\/"]}]},{"@type":"ImageObject","inLanguage":"pt-PT","@id":"https:\/\/www.ghostysky.com\/product\/emlid-rs4-pro\/#primaryimage","url":"https:\/\/www.ghostysky.com\/wp-content\/uploads\/2025\/10\/GH_Emlid_RS4_Pro_1.webp","contentUrl":"https:\/\/www.ghostysky.com\/wp-content\/uploads\/2025\/10\/GH_Emlid_RS4_Pro_1.webp","width":2400,"height":2400},{"@type":"BreadcrumbList","@id":"https:\/\/www.ghostysky.com\/product\/emlid-rs4-pro\/#breadcrumb","itemListElement":[{"@type":"ListItem","position":1,"name":"Home","item":"https:\/\/www.ghostysky.com\/"},{"@type":"ListItem","position":2,"name":"Shop","item":"https:\/\/www.ghostysky.com\/shop\/"},{"@type":"ListItem","position":3,"name":"Emlid RS4 Pro"}]},{"@type":"WebSite","@id":"https:\/\/www.ghostysky.com\/#website","url":"https:\/\/www.ghostysky.com\/","name":"Ghostysky","description":"Fornecendo drones e servi\u00e7os profissionais","publisher":{"@id":"https:\/\/www.ghostysky.com\/#organization"},"potentialAction":[{"@type":"SearchAction","target":{"@type":"EntryPoint","urlTemplate":"https:\/\/www.ghostysky.com\/?s={search_term_string}"},"query-input":{"@type":"PropertyValueSpecification","valueRequired":true,"valueName":"search_term_string"}}],"inLanguage":"pt-PT"},{"@type":"Organization","@id":"https:\/\/www.ghostysky.com\/#organization","name":"Ghostysky","url":"https:\/\/www.ghostysky.com\/","logo":{"@type":"ImageObject","inLanguage":"pt-PT","@id":"https:\/\/www.ghostysky.com\/#\/schema\/logo\/image\/","url":"https:\/\/www.ghostysky.com\/wp-content\/uploads\/2020\/06\/cropped-ghostyskylogo_text_white2.png","contentUrl":"https:\/\/www.ghostysky.com\/wp-content\/uploads\/2020\/06\/cropped-ghostyskylogo_text_white2.png","width":169,"height":56,"caption":"Ghostysky"},"image":{"@id":"https:\/\/www.ghostysky.com\/#\/schema\/logo\/image\/"},"sameAs":["https:\/\/www.facebook.com\/people\/Ghostysky\/100057676170234\/","https:\/\/x.com\/Gh0stysky","https:\/\/www.linkedin.com\/company\/34739653","https:\/\/www.instagram.com\/gh0stysky"]}]}},"_links":{"self":[{"href":"https:\/\/www.ghostysky.com\/pt\/wp-json\/wp\/v2\/product\/20782","targetHints":{"allow":["GET"]}}],"collection":[{"href":"https:\/\/www.ghostysky.com\/pt\/wp-json\/wp\/v2\/product"}],"about":[{"href":"https:\/\/www.ghostysky.com\/pt\/wp-json\/wp\/v2\/types\/product"}],"replies":[{"embeddable":true,"href":"https:\/\/www.ghostysky.com\/pt\/wp-json\/wp\/v2\/comments?post=20782"}],"version-history":[{"count":1,"href":"https:\/\/www.ghostysky.com\/pt\/wp-json\/wp\/v2\/product\/20782\/revisions"}],"predecessor-version":[{"id":24423,"href":"https:\/\/www.ghostysky.com\/pt\/wp-json\/wp\/v2\/product\/20782\/revisions\/24423"}],"wp:featuredmedia":[{"embeddable":true,"href":"https:\/\/www.ghostysky.com\/pt\/wp-json\/wp\/v2\/media\/20807"}],"wp:attachment":[{"href":"https:\/\/www.ghostysky.com\/pt\/wp-json\/wp\/v2\/media?parent=20782"}],"wp:term":[{"taxonomy":"product_brand","embeddable":true,"href":"https:\/\/www.ghostysky.com\/pt\/wp-json\/wp\/v2\/product_brand?post=20782"},{"taxonomy":"product_cat","embeddable":true,"href":"https:\/\/www.ghostysky.com\/pt\/wp-json\/wp\/v2\/product_cat?post=20782"},{"taxonomy":"product_tag","embeddable":true,"href":"https:\/\/www.ghostysky.com\/pt\/wp-json\/wp\/v2\/product_tag?post=20782"}],"curies":[{"name":"wp","href":"https:\/\/api.w.org\/{rel}","templated":true}]}}