{"id":20808,"date":"2025-10-14T07:29:15","date_gmt":"2025-10-14T07:29:15","guid":{"rendered":"https:\/\/www.ghostysky.com\/?post_type=product&#038;p=20808"},"modified":"2026-02-10T07:15:50","modified_gmt":"2026-02-10T07:15:50","slug":"emlid-rx2","status":"publish","type":"product","link":"https:\/\/www.ghostysky.com\/pt\/product\/emlid-rx2\/","title":{"rendered":"Emlid RX2"},"content":{"rendered":"<h3>Caracter\u00edsticas principais<\/h3>\n<ul>\n<li><b><span class=\"citation-98\">Compensa\u00e7\u00e3o de inclina\u00e7\u00e3o da IMU:<\/span><\/b><span class=\"citation-98 citation-end-98\"> Me\u00e7a pontos com precis\u00e3o sem precisar nivelar o poste.<\/span> <span class=\"citation-97 citation-end-97\">Capture fotos rapidamente perto de paredes, declives ou em espa\u00e7os apertados, mantendo a precis\u00e3o RTK.<\/span>\n<ul>\n<li><b>Imunidade \u00e0 interfer\u00eancia magn\u00e9tica:<\/b><span class=\"citation-96 citation-end-96\"> A IMU n\u00e3o depende de um magnet\u00f4metro, garantindo medi\u00e7\u00f5es est\u00e1veis e confi\u00e1veis em torno de estruturas de a\u00e7o e ve\u00edculos.<\/span><\/li>\n<li><b><span class=\"citation-95\">Sem calibra\u00e7\u00e3o do usu\u00e1rio:<\/span><\/b><span class=\"citation-95 citation-end-95\"> Calibrado de f\u00e1brica, o RX2 est\u00e1 pronto para levantamento ap\u00f3s uma inicializa\u00e7\u00e3o r\u00e1pida e simples no local.<\/span><\/li>\n<\/ul>\n<\/li>\n<li><b><span class=\"citation-94\">Motor GNSS para todas as bandas:<\/span><\/b><span class=\"citation-94 citation-end-94\"> Com 672 canais, o RX2 rastreia todas as principais constela\u00e7\u00f5es de sat\u00e9lites (GPS, GLONASS, Galileo, BeiDou, QZSS e NavIC), fornecendo uma corre\u00e7\u00e3o r\u00e1pida, est\u00e1vel e confi\u00e1vel mesmo em ambientes desafiadores, como sob cobertura vegetal ou em \u00e1reas urbanas.<\/span><\/li>\n<li><b><span class=\"citation-93\">Simplicidade pura do NTRIP:<\/span><\/b><span class=\"citation-93 citation-end-93\"> Projetado para ser o melhor rover de rede, ele se conecta a qualquer servi\u00e7o de corre\u00e7\u00e3o CORS ou NTRIP por meio da conex\u00e3o de internet do seu smartphone usando o formato RTCM3.<\/span> <span class=\"citation-92 citation-end-92\">Sem configura\u00e7\u00e3o de esta\u00e7\u00e3o base, sem modems de r\u00e1dio, basta conectar e coletar.<\/span><\/li>\n<li><b><span class=\"citation-91\">Tamanho de bolso e leve:<\/span><\/b><span class=\"citation-91\"> Pesando apenas <\/span><b><span class=\"citation-91\">280 g (0,62 lb)<\/span><\/b><span class=\"citation-91 citation-end-91\">, seu perfil compacto e fino cabe facilmente em um bolso ou porta-luvas, tornando-o a ferramenta mais \u00e1gil para coleta de dados.<\/span><\/li>\n<li><b>Robusto e confi\u00e1vel:<\/b><span class=\"citation-90\"> Constru\u00eddo para uso no mundo real com um <\/span><b><span class=\"citation-90\">Prote\u00e7\u00e3o de entrada IP68<\/span><\/b><span class=\"citation-90 citation-end-90\"> classifica\u00e7\u00e3o, tornando-o \u00e0 prova de poeira e resistente \u00e0 \u00e1gua (submers\u00edvel at\u00e9 <\/span><span class=\"math-inline\"><span class=\"katex\"><span class=\"katex-html\" aria-hidden=\"true\"><span class=\"base\"><span class=\"mord\">1.5<\/span><span class=\"mord text\"><span class=\"mord\">\u00a0m<\/span><\/span><\/span><\/span><\/span><\/span><span class=\"citation-89 citation-end-89\"> para <\/span><span class=\"math-inline\"><span class=\"katex\"><span class=\"katex-html\" aria-hidden=\"true\"><span class=\"base\"><span class=\"mord\">30<\/span><span class=\"mord text\"><span class=\"mord\">\u00a0minutos<\/span><\/span><\/span><\/span><\/span><\/span><span class=\"citation-88 citation-end-88\">).<\/span><\/li>\n<li><b>Bateria com dura\u00e7\u00e3o para o dia todo:<\/b><span class=\"citation-87\"> Levante-se para <\/span><b><span class=\"citation-87\">16 horas<\/span><\/b><span class=\"citation-87 citation-end-87\"> de opera\u00e7\u00e3o com uma \u00fanica carga de sua bateria de alta capacidade, que recarrega rapidamente via USB-C.<\/span><\/li>\n<li><b><span class=\"citation-86\">Integra\u00e7\u00e3o perfeita de aplicativos:<\/span><\/b><span class=\"citation-86\"> Funciona perfeitamente com o <\/span><b><span class=\"citation-86\">Emlid Flow<\/span><\/b><span class=\"citation-86 citation-end-86\"> aplicativo m\u00f3vel para f\u00e1cil configura\u00e7\u00e3o, coleta de dados e sincroniza\u00e7\u00e3o na nuvem.<\/span> <span class=\"citation-85\">Ele tamb\u00e9m se integra perfeitamente com aplicativos GIS populares como <\/span><b><span class=\"citation-85\">Mapas de campo do ArcGIS, Survey123, QField,<\/span><\/b><span class=\"citation-85\"> e suporta varredura terrestre de alta precis\u00e3o com aplicativos como <\/span><b><span class=\"citation-85\">PIX4Dcatch<\/span><\/b><span class=\"citation-85 citation-end-85\">.<\/span><\/li>\n<\/ul>\n<h3>Especifica\u00e7\u00f5es t\u00e9cnicas<\/h3>\n<ul class=\"product-specifications-list flex f-wrap\">\n<li>\n<h3 class=\"h3\">Mec\u00e2nica<\/h3>\n<div class=\"rte\">\n<p><strong>Dimens\u00f5es:<\/strong>\u00a0172 x 51 x 51 mm (6,77 x 2,00 x 2,00 pol.)<\/p>\n<p><strong>Montagem:<\/strong>\u00a05\/8\u201d-11 UNC e libera\u00e7\u00e3o r\u00e1pida<\/p>\n<p><strong>Peso:<\/strong>\u00a0280 g (0,62 lb)<\/p>\n<p><strong>T\u00ba de opera\u00e7\u00e3o:<\/strong>\u00a0-20 a +65 \u00b0C (-4 a 149 \u00b0F)<\/p>\n<p><strong>Prote\u00e7\u00e3o de entrada<\/strong>: IP68 (profundidade m\u00e1xima de 1,5 metros por at\u00e9 30 minutos)<\/p>\n<\/div>\n<\/li>\n<li>\n<h3 class=\"h3\">Electr\u00f3nica<\/h3>\n<div class=\"rte\">\n<p><strong>Autonomia:\u00a0<\/strong>At\u00e9 16 horas<\/p>\n<p><strong>Bateria:<\/strong>\u00a0\u00cdon de l\u00edtio 7000 mAh, 3,6 V, 25,2 Wh<\/p>\n<p><strong>Carregando:<\/strong>\u00a0USB Tipo C 5 V 2 A<\/p>\n<p><strong>Certifica\u00e7\u00e3o:<\/strong>\u00a0FCC, CE, IC, MFi<\/p>\n<\/div>\n<\/li>\n<li>\n<h3 class=\"h3\">Posicionamento<\/h3>\n<div class=\"rte\">\n<p><strong>RTK:<\/strong>\u00a0A: 7 mm + 1 ppm | V: 14 mm + 1 ppm<\/p>\n<p><strong>Inclina\u00e7\u00e3o:<\/strong>\u00a0RTK + 2 mm + 0,3 mm\/\u00b0<\/p>\n<p><strong>Tempo de converg\u00eancia:<\/strong>\u00a0~5 s normalmente<\/p>\n<\/div>\n<\/li>\n<li>\n<h3 class=\"h3\">Conectividade<\/h3>\n<div class=\"rte\">\n<p><strong>Interface de comunica\u00e7\u00e3o:<\/strong>\u00a0Bluetooth 4.2 (BR\/EDR + LE)<\/p>\n<p><strong>Portas:<\/strong>\u00a0Porta USB tipo C<\/p>\n<\/div>\n<\/li>\n<li>\n<h3 class=\"h3\">Dados<\/h3>\n<div class=\"rte\">\n<p><strong>Formato dos dados de entrada:<\/strong>\u00a0RTCM3<\/p>\n<p><strong>Protocolo de dados de entrada:<\/strong>\u00a0NTRIP<\/p>\n<p><strong>Formato de dados de posi\u00e7\u00e3o:<\/strong>\u00a0NMEA<\/p>\n<\/div>\n<\/li>\n<li>\n<h3 class=\"h3\">GNSS<\/h3>\n<div class=\"rte\">\n<p><strong>Sinal rastreado:<\/strong>\u00a0GPS: L1C\/A, L2C, L5<br \/>\nGLONASS: L1OF, L2OF<br \/>\nGalileu: E1-B\/C, E5a, E6<br \/>\nBeiDou: B1I, B1C, B2a, B3I<br \/>\nQZSS: L1C\/A, L1C\/B11, L2C, L5<br \/>\nNavIC: Dados L1-SPS, L5-SPS<\/p>\n<p><strong>N\u00famero de canais:<\/strong>\u00a0672<\/p>\n<p><strong>Taxas de atualiza\u00e7\u00e3o:<\/strong>\u00a05 Hz<\/p>\n<\/div>\n<\/li>\n<\/ul>\n<h3>Na caixa<\/h3>\n<ul>\n<li>Alcance RX2<\/li>\n<li>Cabo USB tipo C<\/li>\n<\/ul>","protected":false},"excerpt":{"rendered":"<p class=\"first-token\"><span class=\"\">Apresentando o <\/span><b class=\"\">Emlid Reach RX2<\/b><span class=\"\">,<\/span><span class=\"\"> o receptor GNSS de rede ultraport\u00e1til e potente que traz precis\u00e3o RTK de n\u00edvel centim\u00e9trico para seu trabalho de campo di\u00e1rio,<\/span><span class=\"\"> agora com compensa\u00e7\u00e3o de inclina\u00e7\u00e3o IMU.<\/span><\/p>\n<p><span class=\"\">Projetado para simplicidade e desempenho,<\/span><span class=\"\"> O RX2 foi desenvolvido para equipes que exigem coordenadas de alta precis\u00e3o sem a complexidade dos equipamentos de topografia tradicionais.<\/span><span class=\"\"> \u00c9 a ferramenta perfeita para profissionais de GIS,<\/span><span class=\"\"> servi\u00e7os p\u00fablicos,<\/span><span class=\"\"> constru\u00e7\u00e3o,<\/span><span class=\"\"> e paisagismo,<\/span><span class=\"\"> integrando-se perfeitamente ao seu fluxo de trabalho m\u00f3vel.<\/span><\/p>","protected":false},"featured_media":20790,"comment_status":"open","ping_status":"closed","template":"","meta":[],"product_brand":[1025],"product_cat":[1119,89,1117,1125,1127,30,365],"product_tag":[58,1030,1029],"class_list":{"0":"post-20808","1":"product","2":"type-product","3":"status-publish","4":"has-post-thumbnail","6":"product_brand-emlid","7":"product_cat-dji-matrice-4-accessories","8":"product_cat-emlid","9":"product_cat-matrice-4","10":"product_cat-matrice-400","11":"product_cat-matrice-400-accessories","12":"product_cat-mobile-station","13":"product_cat-receivers-emlid","14":"product_tag-emlid","15":"product_tag-emlid-rx-series","16":"product_tag-emlid-rx2","18":"first","19":"instock","20":"taxable","21":"shipping-taxable","22":"purchasable","23":"product-type-simple"},"yoast_head":"<!-- This site is optimized with the Yoast SEO plugin v27.1.1 - https:\/\/yoast.com\/product\/yoast-seo-wordpress\/ -->\n<title>Emlid RX2 - Ghostysky<\/title>\n<meta name=\"description\" content=\"Introducing the Emlid Reach RX2, the ultra-portable and powerful network-rover GNSS receiver that brings centimeter-level RTK precision to your everyday fieldwork, now with IMU tilt compensation.Engineered for simplicity and performance, the RX2 is built for teams that demand high-accuracy coordinates without the complexity of traditional surveying equipment. It&#039;s the perfect tool for GIS professionals, utilities, construction, and landscaping, seamlessly integrating with your mobile workflow.\" \/>\n<meta name=\"robots\" content=\"index, follow, max-snippet:-1, max-image-preview:large, max-video-preview:-1\" \/>\n<link rel=\"canonical\" href=\"https:\/\/www.ghostysky.com\/pt\/produto-2\/emlid-rx2\/\" \/>\n<meta property=\"og:locale\" content=\"pt_PT\" \/>\n<meta property=\"og:type\" content=\"article\" \/>\n<meta property=\"og:title\" content=\"Emlid RX2 - Ghostysky\" \/>\n<meta property=\"og:description\" content=\"Introducing the Emlid Reach RX2, the ultra-portable and powerful network-rover GNSS receiver that brings centimeter-level RTK precision to your everyday fieldwork, now with IMU tilt compensation.Engineered for simplicity and performance, the RX2 is built for teams that demand high-accuracy coordinates without the complexity of traditional surveying equipment. It&#039;s the perfect tool for GIS professionals, utilities, construction, and landscaping, seamlessly integrating with your mobile workflow.\" \/>\n<meta property=\"og:url\" content=\"https:\/\/www.ghostysky.com\/pt\/produto-2\/emlid-rx2\/\" \/>\n<meta property=\"og:site_name\" content=\"Ghostysky\" \/>\n<meta property=\"article:publisher\" content=\"https:\/\/www.facebook.com\/people\/Ghostysky\/100057676170234\/\" \/>\n<meta property=\"article:modified_time\" content=\"2026-02-10T07:15:50+00:00\" \/>\n<meta property=\"og:image\" content=\"https:\/\/www.ghostysky.com\/wp-content\/uploads\/2025\/10\/GH_Emlid_RX2_1.webp\" \/>\n\t<meta property=\"og:image:width\" content=\"2400\" \/>\n\t<meta property=\"og:image:height\" content=\"2400\" \/>\n\t<meta property=\"og:image:type\" content=\"image\/webp\" \/>\n<meta name=\"twitter:card\" content=\"summary_large_image\" \/>\n<meta name=\"twitter:site\" content=\"@Gh0stysky\" \/>\n<meta name=\"twitter:label1\" content=\"Tempo estimado de leitura\" \/>\n\t<meta name=\"twitter:data1\" content=\"3 minutos\" \/>\n<script type=\"application\/ld+json\" class=\"yoast-schema-graph\">{\"@context\":\"https:\/\/schema.org\",\"@graph\":[{\"@type\":\"WebPage\",\"@id\":\"https:\/\/www.ghostysky.com\/product\/emlid-rx2\/\",\"url\":\"https:\/\/www.ghostysky.com\/product\/emlid-rx2\/\",\"name\":\"Emlid RX2 - Ghostysky\",\"isPartOf\":{\"@id\":\"https:\/\/www.ghostysky.com\/#website\"},\"primaryImageOfPage\":{\"@id\":\"https:\/\/www.ghostysky.com\/product\/emlid-rx2\/#primaryimage\"},\"image\":{\"@id\":\"https:\/\/www.ghostysky.com\/product\/emlid-rx2\/#primaryimage\"},\"thumbnailUrl\":\"https:\/\/www.ghostysky.com\/wp-content\/uploads\/2025\/10\/GH_Emlid_RX2_1.webp\",\"datePublished\":\"2025-10-14T07:29:15+00:00\",\"dateModified\":\"2026-02-10T07:15:50+00:00\",\"description\":\"Introducing the Emlid Reach RX2, the ultra-portable and powerful network-rover GNSS receiver that brings centimeter-level RTK precision to your everyday fieldwork, now with IMU tilt compensation.Engineered for simplicity and performance, the RX2 is built for teams that demand high-accuracy coordinates without the complexity of traditional surveying equipment. It's the perfect tool for GIS professionals, utilities, construction, and landscaping, seamlessly integrating with your mobile workflow.\",\"breadcrumb\":{\"@id\":\"https:\/\/www.ghostysky.com\/product\/emlid-rx2\/#breadcrumb\"},\"inLanguage\":\"pt-PT\",\"potentialAction\":[{\"@type\":\"ReadAction\",\"target\":[\"https:\/\/www.ghostysky.com\/product\/emlid-rx2\/\"]}]},{\"@type\":\"ImageObject\",\"inLanguage\":\"pt-PT\",\"@id\":\"https:\/\/www.ghostysky.com\/product\/emlid-rx2\/#primaryimage\",\"url\":\"https:\/\/www.ghostysky.com\/wp-content\/uploads\/2025\/10\/GH_Emlid_RX2_1.webp\",\"contentUrl\":\"https:\/\/www.ghostysky.com\/wp-content\/uploads\/2025\/10\/GH_Emlid_RX2_1.webp\",\"width\":2400,\"height\":2400},{\"@type\":\"BreadcrumbList\",\"@id\":\"https:\/\/www.ghostysky.com\/product\/emlid-rx2\/#breadcrumb\",\"itemListElement\":[{\"@type\":\"ListItem\",\"position\":1,\"name\":\"Home\",\"item\":\"https:\/\/www.ghostysky.com\/\"},{\"@type\":\"ListItem\",\"position\":2,\"name\":\"Shop\",\"item\":\"https:\/\/www.ghostysky.com\/shop\/\"},{\"@type\":\"ListItem\",\"position\":3,\"name\":\"Emlid RX2\"}]},{\"@type\":\"WebSite\",\"@id\":\"https:\/\/www.ghostysky.com\/#website\",\"url\":\"https:\/\/www.ghostysky.com\/\",\"name\":\"Ghostysky\",\"description\":\"Delivering professional drones and services\",\"publisher\":{\"@id\":\"https:\/\/www.ghostysky.com\/#organization\"},\"potentialAction\":[{\"@type\":\"SearchAction\",\"target\":{\"@type\":\"EntryPoint\",\"urlTemplate\":\"https:\/\/www.ghostysky.com\/?s={search_term_string}\"},\"query-input\":{\"@type\":\"PropertyValueSpecification\",\"valueRequired\":true,\"valueName\":\"search_term_string\"}}],\"inLanguage\":\"pt-PT\"},{\"@type\":\"Organization\",\"@id\":\"https:\/\/www.ghostysky.com\/#organization\",\"name\":\"Ghostysky\",\"url\":\"https:\/\/www.ghostysky.com\/\",\"logo\":{\"@type\":\"ImageObject\",\"inLanguage\":\"pt-PT\",\"@id\":\"https:\/\/www.ghostysky.com\/#\/schema\/logo\/image\/\",\"url\":\"https:\/\/www.ghostysky.com\/wp-content\/uploads\/2020\/06\/cropped-ghostyskylogo_text_white2.png\",\"contentUrl\":\"https:\/\/www.ghostysky.com\/wp-content\/uploads\/2020\/06\/cropped-ghostyskylogo_text_white2.png\",\"width\":169,\"height\":56,\"caption\":\"Ghostysky\"},\"image\":{\"@id\":\"https:\/\/www.ghostysky.com\/#\/schema\/logo\/image\/\"},\"sameAs\":[\"https:\/\/www.facebook.com\/people\/Ghostysky\/100057676170234\/\",\"https:\/\/x.com\/Gh0stysky\",\"https:\/\/www.linkedin.com\/company\/34739653\",\"https:\/\/www.instagram.com\/gh0stysky\"]}]}<\/script>\n<!-- \/ Yoast SEO plugin. -->","yoast_head_json":{"title":"Emlid RX2 - C\u00e9u Fantasma","description":"Apresentamos o Emlid Reach RX2, o receptor GNSS ultraport\u00e1til e potente para rover de rede que traz precis\u00e3o RTK centim\u00e9trica ao seu trabalho de campo di\u00e1rio, agora com compensa\u00e7\u00e3o de inclina\u00e7\u00e3o IMU. Projetado para simplicidade e desempenho, o RX2 foi desenvolvido para equipes que exigem coordenadas de alta precis\u00e3o sem a complexidade dos equipamentos de topografia tradicionais. \u00c9 a ferramenta perfeita para profissionais de SIG, servi\u00e7os p\u00fablicos, constru\u00e7\u00e3o e paisagismo, integrando-se perfeitamente ao seu fluxo de trabalho m\u00f3vel.","robots":{"index":"index","follow":"follow","max-snippet":"max-snippet:-1","max-image-preview":"max-image-preview:large","max-video-preview":"max-video-preview:-1"},"canonical":"https:\/\/www.ghostysky.com\/pt\/produto-2\/emlid-rx2\/","og_locale":"pt_PT","og_type":"article","og_title":"Emlid RX2 - Ghostysky","og_description":"Introducing the Emlid Reach RX2, the ultra-portable and powerful network-rover GNSS receiver that brings centimeter-level RTK precision to your everyday fieldwork, now with IMU tilt compensation.Engineered for simplicity and performance, the RX2 is built for teams that demand high-accuracy coordinates without the complexity of traditional surveying equipment. It's the perfect tool for GIS professionals, utilities, construction, and landscaping, seamlessly integrating with your mobile workflow.","og_url":"https:\/\/www.ghostysky.com\/pt\/produto-2\/emlid-rx2\/","og_site_name":"Ghostysky","article_publisher":"https:\/\/www.facebook.com\/people\/Ghostysky\/100057676170234\/","article_modified_time":"2026-02-10T07:15:50+00:00","og_image":[{"width":2400,"height":2400,"url":"https:\/\/www.ghostysky.com\/wp-content\/uploads\/2025\/10\/GH_Emlid_RX2_1.webp","type":"image\/webp"}],"twitter_card":"summary_large_image","twitter_site":"@Gh0stysky","twitter_misc":{"Tempo estimado de leitura":"3 minutos"},"schema":{"@context":"https:\/\/schema.org","@graph":[{"@type":"WebPage","@id":"https:\/\/www.ghostysky.com\/product\/emlid-rx2\/","url":"https:\/\/www.ghostysky.com\/product\/emlid-rx2\/","name":"Emlid RX2 - C\u00e9u Fantasma","isPartOf":{"@id":"https:\/\/www.ghostysky.com\/#website"},"primaryImageOfPage":{"@id":"https:\/\/www.ghostysky.com\/product\/emlid-rx2\/#primaryimage"},"image":{"@id":"https:\/\/www.ghostysky.com\/product\/emlid-rx2\/#primaryimage"},"thumbnailUrl":"https:\/\/www.ghostysky.com\/wp-content\/uploads\/2025\/10\/GH_Emlid_RX2_1.webp","datePublished":"2025-10-14T07:29:15+00:00","dateModified":"2026-02-10T07:15:50+00:00","description":"Apresentamos o Emlid Reach RX2, o receptor GNSS ultraport\u00e1til e potente para rover de rede que traz precis\u00e3o RTK centim\u00e9trica ao seu trabalho de campo di\u00e1rio, agora com compensa\u00e7\u00e3o de inclina\u00e7\u00e3o IMU. Projetado para simplicidade e desempenho, o RX2 foi desenvolvido para equipes que exigem coordenadas de alta precis\u00e3o sem a complexidade dos equipamentos de topografia tradicionais. \u00c9 a ferramenta perfeita para profissionais de SIG, servi\u00e7os p\u00fablicos, constru\u00e7\u00e3o e paisagismo, integrando-se perfeitamente ao seu fluxo de trabalho m\u00f3vel.","breadcrumb":{"@id":"https:\/\/www.ghostysky.com\/product\/emlid-rx2\/#breadcrumb"},"inLanguage":"pt-PT","potentialAction":[{"@type":"ReadAction","target":["https:\/\/www.ghostysky.com\/product\/emlid-rx2\/"]}]},{"@type":"ImageObject","inLanguage":"pt-PT","@id":"https:\/\/www.ghostysky.com\/product\/emlid-rx2\/#primaryimage","url":"https:\/\/www.ghostysky.com\/wp-content\/uploads\/2025\/10\/GH_Emlid_RX2_1.webp","contentUrl":"https:\/\/www.ghostysky.com\/wp-content\/uploads\/2025\/10\/GH_Emlid_RX2_1.webp","width":2400,"height":2400},{"@type":"BreadcrumbList","@id":"https:\/\/www.ghostysky.com\/product\/emlid-rx2\/#breadcrumb","itemListElement":[{"@type":"ListItem","position":1,"name":"Home","item":"https:\/\/www.ghostysky.com\/"},{"@type":"ListItem","position":2,"name":"Shop","item":"https:\/\/www.ghostysky.com\/shop\/"},{"@type":"ListItem","position":3,"name":"Emlid RX2"}]},{"@type":"WebSite","@id":"https:\/\/www.ghostysky.com\/#website","url":"https:\/\/www.ghostysky.com\/","name":"Ghostysky","description":"Fornecendo drones e servi\u00e7os profissionais","publisher":{"@id":"https:\/\/www.ghostysky.com\/#organization"},"potentialAction":[{"@type":"SearchAction","target":{"@type":"EntryPoint","urlTemplate":"https:\/\/www.ghostysky.com\/?s={search_term_string}"},"query-input":{"@type":"PropertyValueSpecification","valueRequired":true,"valueName":"search_term_string"}}],"inLanguage":"pt-PT"},{"@type":"Organization","@id":"https:\/\/www.ghostysky.com\/#organization","name":"Ghostysky","url":"https:\/\/www.ghostysky.com\/","logo":{"@type":"ImageObject","inLanguage":"pt-PT","@id":"https:\/\/www.ghostysky.com\/#\/schema\/logo\/image\/","url":"https:\/\/www.ghostysky.com\/wp-content\/uploads\/2020\/06\/cropped-ghostyskylogo_text_white2.png","contentUrl":"https:\/\/www.ghostysky.com\/wp-content\/uploads\/2020\/06\/cropped-ghostyskylogo_text_white2.png","width":169,"height":56,"caption":"Ghostysky"},"image":{"@id":"https:\/\/www.ghostysky.com\/#\/schema\/logo\/image\/"},"sameAs":["https:\/\/www.facebook.com\/people\/Ghostysky\/100057676170234\/","https:\/\/x.com\/Gh0stysky","https:\/\/www.linkedin.com\/company\/34739653","https:\/\/www.instagram.com\/gh0stysky"]}]}},"_links":{"self":[{"href":"https:\/\/www.ghostysky.com\/pt\/wp-json\/wp\/v2\/product\/20808","targetHints":{"allow":["GET"]}}],"collection":[{"href":"https:\/\/www.ghostysky.com\/pt\/wp-json\/wp\/v2\/product"}],"about":[{"href":"https:\/\/www.ghostysky.com\/pt\/wp-json\/wp\/v2\/types\/product"}],"replies":[{"embeddable":true,"href":"https:\/\/www.ghostysky.com\/pt\/wp-json\/wp\/v2\/comments?post=20808"}],"wp:featuredmedia":[{"embeddable":true,"href":"https:\/\/www.ghostysky.com\/pt\/wp-json\/wp\/v2\/media\/20790"}],"wp:attachment":[{"href":"https:\/\/www.ghostysky.com\/pt\/wp-json\/wp\/v2\/media?parent=20808"}],"wp:term":[{"taxonomy":"product_brand","embeddable":true,"href":"https:\/\/www.ghostysky.com\/pt\/wp-json\/wp\/v2\/product_brand?post=20808"},{"taxonomy":"product_cat","embeddable":true,"href":"https:\/\/www.ghostysky.com\/pt\/wp-json\/wp\/v2\/product_cat?post=20808"},{"taxonomy":"product_tag","embeddable":true,"href":"https:\/\/www.ghostysky.com\/pt\/wp-json\/wp\/v2\/product_tag?post=20808"}],"curies":[{"name":"wp","href":"https:\/\/api.w.org\/{rel}","templated":true}]}}