{"id":20884,"date":"2025-10-14T13:50:45","date_gmt":"2025-10-14T13:50:45","guid":{"rendered":"https:\/\/www.ghostysky.com\/?post_type=product&#038;p=20884"},"modified":"2025-10-15T10:19:46","modified_gmt":"2025-10-15T10:19:46","slug":"dji-terra-flagship-dji-modify-flagship-permanent","status":"publish","type":"product","link":"https:\/\/www.ghostysky.com\/pt\/product\/dji-terra-flagship-dji-modify-flagship-permanent\/","title":{"rendered":"DJI Terra Flagship + DJI Modify Flagship \u2013 Permanent"},"content":{"rendered":"<h3><b>DJI Terra Flagship (Permanente)<\/b><\/h3>\n<p><span class=\"citation-46 citation-end-46\">O principal software de mapeamento e reconstru\u00e7\u00e3o, transformando dados brutos de drones em ativos digitais precisos e fotorrealistas.<\/span><\/p>\n<ul>\n<li><b>Modelagem 3D de \u00faltima gera\u00e7\u00e3o com splatting gaussiano:<\/b><span class=\"citation-45 citation-end-45\"> Gere modelos 3D impressionantes, com qualidade fotogr\u00e1fica e detalhes realistas.<\/span> <span class=\"citation-44 citation-end-44\">Essa tecnologia de \u00faltima gera\u00e7\u00e3o se destaca na reprodu\u00e7\u00e3o precisa de elementos complexos, como estruturas finas e complexas, objetos transparentes ou reflexivos e vegeta\u00e7\u00e3o densa, ao mesmo tempo em que aumenta significativamente a velocidade de reconstru\u00e7\u00e3o de cenas em grande escala.<\/span><\/li>\n<li><b><span class=\"citation-43\">Fotogrametria de alta precis\u00e3o:<\/span><\/b><span class=\"citation-43 citation-end-43\"> Gere rapidamente ortomosaicos 2D de n\u00edvel de levantamento, mapas ortofotogr\u00e1ficos digitais verdadeiros (TDOM) e modelos de superf\u00edcie digitais (DSM).<\/span> <span class=\"citation-42 citation-end-42\">Suporta imagens de luz vis\u00edvel e integra\u00e7\u00e3o com drones DJI RTK para precis\u00e3o centim\u00e9trica sem a necessidade de Pontos de Controle de Solo (GCPs).<\/span><\/li>\n<li><b><span class=\"citation-41\">Reconstru\u00e7\u00e3o LiDAR:<\/span><\/b><span class=\"citation-41 citation-end-41\"> Integre e processe profundamente dados de nuvem de pontos de cargas \u00fateis DJI LiDAR (como o Zenmuse L2) para gerar nuvens de pontos de alta precis\u00e3o, mapas 2D e modelos de malha 3D a partir de uma \u00fanica aquisi\u00e7\u00e3o.<\/span><\/li>\n<li><b><span class=\"citation-40\">Reconstru\u00e7\u00e3o multiespectral:<\/span><\/b><span class=\"citation-40\"> Processar dados de drones multiespectrais (por exemplo, Mavic 3 Multispectral) para criar mapas de \u00edndice de vegeta\u00e7\u00e3o como <\/span><b><span class=\"citation-40\">NDVI<\/span><\/b><span class=\"citation-40\"> e <\/span><b><span class=\"citation-40\">NDRE<\/span><\/b><span class=\"citation-40 citation-end-40\"> para agricultura de precis\u00e3o e sensoriamento remoto.<\/span><\/li>\n<li><b><span class=\"citation-39\">Recursos avan\u00e7ados de fluxo de trabalho:<\/span><\/b><span class=\"citation-39 citation-end-39\"> Inclui ferramentas especializadas para modelagem de linhas de energia e subesta\u00e7\u00f5es e oferece suporte a fluxos de trabalho PPK (Post-Processing Kinematic).<\/span><\/li>\n<\/ul>\n<h3><b>DJI Modify Flagship (Permanente)<\/b><\/h3>\n<p><span class=\"citation-38 citation-end-38\">Software complementar inteligente da DJI para refinar e aperfei\u00e7oar os modelos criados no DJI Terra, garantindo um resultado final polido e pronto para apresenta\u00e7\u00e3o.<\/span><\/p>\n<ul>\n<li><b><span class=\"citation-37\">Integra\u00e7\u00e3o perfeita do fluxo de trabalho:<\/span><\/b><span class=\"citation-37 citation-end-37\"> Inicie o DJI Modify diretamente de um projeto do DJI Terra para uma transi\u00e7\u00e3o suave da modelagem para o p\u00f3s-processamento.<\/span><\/li>\n<li><b>Reparo de malha inteligente:<\/b> Identifique e repare automaticamente defeitos comuns em malhas 3D com ferramentas assistidas por IA, incluindo:\n<ul>\n<li><b><span class=\"citation-36\">Remo\u00e7\u00e3o de pe\u00e7as flutuantes:<\/span><\/b><span class=\"citation-36 citation-end-36\"> Remova sem esfor\u00e7o pe\u00e7as geom\u00e9tricas soltas ou suspensas.<\/span><\/li>\n<li><b>Preenchimento de buracos:<\/b><span class=\"citation-35 citation-end-35\"> Detecte, contorne e preencha automaticamente buracos ou lacunas na malha.<\/span><\/li>\n<li><b>Achatamento:<\/b><span class=\"citation-34 citation-end-34\"> Detecte e achate objetos em superf\u00edcies de forma inteligente (por exemplo, ve\u00edculos, pedestres) para um modelo mais limpo.<\/span><\/li>\n<li><b>Reparo de textura:<\/b><span class=\"citation-33\"> Use ferramentas avan\u00e7adas como <\/span><b><span class=\"citation-33\">Apagar<\/span><\/b><span class=\"citation-33\"> e <\/span><b><span class=\"citation-33\">Clone<\/span><\/b><span class=\"citation-33 citation-end-33\"> para corrigir e mesclar texturas perfeitamente.<\/span><\/li>\n<li><b>Reparo de superf\u00edcie de \u00e1gua:<\/b><span class=\"citation-32 citation-end-32\"> Defina e repare superf\u00edcies de \u00e1gua de forma inteligente com efeitos de preenchimento realistas.<\/span><\/li>\n<\/ul>\n<\/li>\n<li><b>Edi\u00e7\u00e3o abrangente de nuvem de pontos:<\/b> Desbloqueie ferramentas avan\u00e7adas para refinamento detalhado de nuvens de pontos, incluindo:\n<ul>\n<li><b><span class=\"citation-31\">Classifica\u00e7\u00e3o de Nuvem de Pontos:<\/span><\/b><span class=\"citation-31 citation-end-31\"> Classifique pontos de forma inteligente (por exemplo, solo, vegeta\u00e7\u00e3o, edif\u00edcios, fios) para sele\u00e7\u00e3o e edi\u00e7\u00e3o precisas.<\/span><\/li>\n<li><b><span class=\"citation-30\">Suaviza\u00e7\u00e3o, redu\u00e7\u00e3o de amostragem e redu\u00e7\u00e3o de ru\u00eddo:<\/span><\/b><span class=\"citation-30 citation-end-30\"> Limpe e otimize nuvens de pontos para melhor visualiza\u00e7\u00e3o e desempenho.<\/span><\/li>\n<li><b><span class=\"citation-29\">Gera\u00e7\u00e3o de resultados de terreno:<\/span><\/b><span class=\"citation-29 citation-end-29\"> Crie automaticamente modelos de terreno precisos.<\/span><\/li>\n<\/ul>\n<\/li>\n<li><b>Entrega r\u00e1pida e compartilhamento:<\/b><span class=\"citation-28 citation-end-28\"> Exporte modelos refinados em uma variedade de formatos padr\u00e3o do setor (por exemplo, PLY, OBJ, B3DM) para integra\u00e7\u00e3o imediata com GIS, CAD, BIM e outras plataformas.<\/span><\/li>\n<\/ul>\n<h3><b>Detalhes da licen\u00e7a principal<\/b><\/h3>\n<ul>\n<li><b>Licen\u00e7a Permanente:<\/b><span class=\"citation-27 citation-end-27\"> Compra \u00fanica que garante uso perp\u00e9tuo do software.<\/span><\/li>\n<li><b><span class=\"citation-26\">Atualiza\u00e7\u00f5es gratuitas:<\/span><\/b><span class=\"citation-26 citation-end-26\"> Normalmente inclui um per\u00edodo de atualiza\u00e7\u00f5es gratuitas de software (por exemplo, um ano) a partir da data de ativa\u00e7\u00e3o.<\/span><\/li>\n<li><b><span class=\"citation-25\">Autoriza\u00e7\u00e3o:<\/span><\/b><span class=\"citation-25 citation-end-25\"> Normalmente oferece suporte \u00e0 vincula\u00e7\u00e3o a um \u00fanico dispositivo (computador) com autoriza\u00e7\u00e3o on-line.<\/span><\/li>\n<\/ul>","protected":false},"excerpt":{"rendered":"<p class=\"first-token\"><span class=\"\">O <\/span><b class=\"\">DJI Terra Flagship + DJI Modify Flagship \u2013 Permanent<\/b><span class=\"\"> \u00e9 um pacote de software de n\u00edvel profissional que oferece um completo,<\/span><span class=\"\"> solu\u00e7\u00e3o de fluxo de trabalho de ponta a ponta para levantamento a\u00e9reo,<\/span><span class=\"\"> modelagem 3D de alta fidelidade,<\/span><span class=\"\"> e p\u00f3s-processamento inteligente.<\/span><span class=\"\"> Esta licen\u00e7a permanente lhe garante a propriedade e o uso perp\u00e9tuos de ambas as vers\u00f5es principais,<\/span><span class=\"\"> incluindo todos os seus recursos mais avan\u00e7ados.<\/span><\/p>\n<p><span class=\"\">Este pacote abrangente foi desenvolvido para profissionais de topografia,<\/span><span class=\"\"> mapeamento,<\/span><span class=\"\"> constru\u00e7\u00e3o,<\/span><span class=\"\"> inspe\u00e7\u00e3o de infraestrutura,<\/span><span class=\"\"> e gemina\u00e7\u00e3o digital,<\/span><span class=\"\"> oferecendo integra\u00e7\u00e3o incompar\u00e1vel com o ecossistema de drones DJI Enterprise.<\/span><\/p>","protected":false},"featured_media":19353,"comment_status":"open","ping_status":"closed","template":"","meta":[],"product_brand":[1031],"product_cat":[939],"product_tag":[1032,1033],"class_list":{"0":"post-20884","1":"product","2":"type-product","3":"status-publish","4":"has-post-thumbnail","6":"product_brand-dji","7":"product_cat-software-dji","8":"product_tag-dji-terra","9":"product_tag-dji-terra-flagship-dji-modify-flagship-permanent","11":"first","12":"onbackorder","13":"taxable","14":"shipping-taxable","15":"product-type-simple"},"yoast_head":"<!-- This site is optimized with the Yoast SEO plugin v27.4 - https:\/\/yoast.com\/product\/yoast-seo-wordpress\/ -->\n<title>DJI Terra Flagship + DJI Modify Flagship - Permanent - Ghostysky<\/title>\n<meta name=\"description\" content=\"The DJI Terra Flagship + DJI Modify Flagship - Permanent is a professional-grade software bundle offering a complete, end-to-end workflow solution for aerial surveying, high-fidelity 3D modeling, and intelligent post-processing. This permanent license grants you perpetual ownership and use of both flagship versions, including all their most advanced features.This comprehensive package is designed for professionals in surveying, mapping, construction, infrastructure inspection, and digital twinning, offering unparalleled integration with the DJI Enterprise drone ecosystem.\" \/>\n<meta name=\"robots\" content=\"index, follow, max-snippet:-1, max-image-preview:large, max-video-preview:-1\" \/>\n<link rel=\"canonical\" href=\"https:\/\/www.ghostysky.com\/pt\/produto-2\/dji-terra-flagship-dji-modify-flagship-permanent\/\" \/>\n<meta property=\"og:locale\" content=\"pt_PT\" \/>\n<meta property=\"og:type\" content=\"article\" \/>\n<meta property=\"og:title\" content=\"DJI Terra Flagship + DJI Modify Flagship - Permanent - Ghostysky\" \/>\n<meta property=\"og:description\" content=\"The DJI Terra Flagship + DJI Modify Flagship - Permanent is a professional-grade software bundle offering a complete, end-to-end workflow solution for aerial surveying, high-fidelity 3D modeling, and intelligent post-processing. This permanent license grants you perpetual ownership and use of both flagship versions, including all their most advanced features.This comprehensive package is designed for professionals in surveying, mapping, construction, infrastructure inspection, and digital twinning, offering unparalleled integration with the DJI Enterprise drone ecosystem.\" \/>\n<meta property=\"og:url\" content=\"https:\/\/www.ghostysky.com\/pt\/produto-2\/dji-terra-flagship-dji-modify-flagship-permanent\/\" \/>\n<meta property=\"og:site_name\" content=\"Ghostysky\" \/>\n<meta property=\"article:publisher\" content=\"https:\/\/www.facebook.com\/people\/Ghostysky\/100057676170234\/\" \/>\n<meta property=\"article:modified_time\" content=\"2025-10-15T10:19:46+00:00\" \/>\n<meta property=\"og:image\" content=\"https:\/\/www.ghostysky.com\/wp-content\/uploads\/2024\/05\/GH_dji-terra-pro-overseas-perpetual-1.jpg\" \/>\n\t<meta property=\"og:image:width\" content=\"800\" \/>\n\t<meta property=\"og:image:height\" content=\"644\" \/>\n\t<meta property=\"og:image:type\" content=\"image\/jpeg\" \/>\n<meta name=\"twitter:card\" content=\"summary_large_image\" \/>\n<meta name=\"twitter:site\" content=\"@Gh0stysky\" \/>\n<meta name=\"twitter:label1\" content=\"Tempo estimado de leitura\" \/>\n\t<meta name=\"twitter:data1\" content=\"3 minutos\" \/>\n<script type=\"application\/ld+json\" class=\"yoast-schema-graph\">{\"@context\":\"https:\\\/\\\/schema.org\",\"@graph\":[{\"@type\":\"WebPage\",\"@id\":\"https:\\\/\\\/www.ghostysky.com\\\/product\\\/dji-terra-flagship-dji-modify-flagship-permanent\\\/\",\"url\":\"https:\\\/\\\/www.ghostysky.com\\\/product\\\/dji-terra-flagship-dji-modify-flagship-permanent\\\/\",\"name\":\"DJI Terra Flagship + DJI Modify Flagship - Permanent - Ghostysky\",\"isPartOf\":{\"@id\":\"https:\\\/\\\/www.ghostysky.com\\\/#website\"},\"primaryImageOfPage\":{\"@id\":\"https:\\\/\\\/www.ghostysky.com\\\/product\\\/dji-terra-flagship-dji-modify-flagship-permanent\\\/#primaryimage\"},\"image\":{\"@id\":\"https:\\\/\\\/www.ghostysky.com\\\/product\\\/dji-terra-flagship-dji-modify-flagship-permanent\\\/#primaryimage\"},\"thumbnailUrl\":\"https:\\\/\\\/www.ghostysky.com\\\/wp-content\\\/uploads\\\/2024\\\/05\\\/GH_dji-terra-pro-overseas-perpetual-1.jpg\",\"datePublished\":\"2025-10-14T13:50:45+00:00\",\"dateModified\":\"2025-10-15T10:19:46+00:00\",\"description\":\"The DJI Terra Flagship + DJI Modify Flagship - Permanent is a professional-grade software bundle offering a complete, end-to-end workflow solution for aerial surveying, high-fidelity 3D modeling, and intelligent post-processing. This permanent license grants you perpetual ownership and use of both flagship versions, including all their most advanced features.This comprehensive package is designed for professionals in surveying, mapping, construction, infrastructure inspection, and digital twinning, offering unparalleled integration with the DJI Enterprise drone ecosystem.\",\"breadcrumb\":{\"@id\":\"https:\\\/\\\/www.ghostysky.com\\\/product\\\/dji-terra-flagship-dji-modify-flagship-permanent\\\/#breadcrumb\"},\"inLanguage\":\"pt-PT\",\"potentialAction\":[{\"@type\":\"ReadAction\",\"target\":[\"https:\\\/\\\/www.ghostysky.com\\\/product\\\/dji-terra-flagship-dji-modify-flagship-permanent\\\/\"]}]},{\"@type\":\"ImageObject\",\"inLanguage\":\"pt-PT\",\"@id\":\"https:\\\/\\\/www.ghostysky.com\\\/product\\\/dji-terra-flagship-dji-modify-flagship-permanent\\\/#primaryimage\",\"url\":\"https:\\\/\\\/www.ghostysky.com\\\/wp-content\\\/uploads\\\/2024\\\/05\\\/GH_dji-terra-pro-overseas-perpetual-1.jpg\",\"contentUrl\":\"https:\\\/\\\/www.ghostysky.com\\\/wp-content\\\/uploads\\\/2024\\\/05\\\/GH_dji-terra-pro-overseas-perpetual-1.jpg\",\"width\":800,\"height\":644},{\"@type\":\"BreadcrumbList\",\"@id\":\"https:\\\/\\\/www.ghostysky.com\\\/product\\\/dji-terra-flagship-dji-modify-flagship-permanent\\\/#breadcrumb\",\"itemListElement\":[{\"@type\":\"ListItem\",\"position\":1,\"name\":\"Home\",\"item\":\"https:\\\/\\\/www.ghostysky.com\\\/\"},{\"@type\":\"ListItem\",\"position\":2,\"name\":\"Shop\",\"item\":\"https:\\\/\\\/www.ghostysky.com\\\/shop\\\/\"},{\"@type\":\"ListItem\",\"position\":3,\"name\":\"DJI Terra Flagship + DJI Modify Flagship &#8211; Permanent\"}]},{\"@type\":\"WebSite\",\"@id\":\"https:\\\/\\\/www.ghostysky.com\\\/#website\",\"url\":\"https:\\\/\\\/www.ghostysky.com\\\/\",\"name\":\"Ghostysky\",\"description\":\"Delivering professional drones and robotics solutions\",\"publisher\":{\"@id\":\"https:\\\/\\\/www.ghostysky.com\\\/#organization\"},\"potentialAction\":[{\"@type\":\"SearchAction\",\"target\":{\"@type\":\"EntryPoint\",\"urlTemplate\":\"https:\\\/\\\/www.ghostysky.com\\\/?s={search_term_string}\"},\"query-input\":{\"@type\":\"PropertyValueSpecification\",\"valueRequired\":true,\"valueName\":\"search_term_string\"}}],\"inLanguage\":\"pt-PT\"},{\"@type\":\"Organization\",\"@id\":\"https:\\\/\\\/www.ghostysky.com\\\/#organization\",\"name\":\"Ghostysky\",\"url\":\"https:\\\/\\\/www.ghostysky.com\\\/\",\"logo\":{\"@type\":\"ImageObject\",\"inLanguage\":\"pt-PT\",\"@id\":\"https:\\\/\\\/www.ghostysky.com\\\/#\\\/schema\\\/logo\\\/image\\\/\",\"url\":\"https:\\\/\\\/www.ghostysky.com\\\/wp-content\\\/uploads\\\/2020\\\/06\\\/cropped-ghostyskylogo_text_white2.png\",\"contentUrl\":\"https:\\\/\\\/www.ghostysky.com\\\/wp-content\\\/uploads\\\/2020\\\/06\\\/cropped-ghostyskylogo_text_white2.png\",\"width\":169,\"height\":56,\"caption\":\"Ghostysky\"},\"image\":{\"@id\":\"https:\\\/\\\/www.ghostysky.com\\\/#\\\/schema\\\/logo\\\/image\\\/\"},\"sameAs\":[\"https:\\\/\\\/www.facebook.com\\\/people\\\/Ghostysky\\\/100057676170234\\\/\",\"https:\\\/\\\/x.com\\\/Gh0stysky\",\"https:\\\/\\\/www.linkedin.com\\\/company\\\/34739653\",\"https:\\\/\\\/www.instagram.com\\\/gh0stysky\"]}]}<\/script>\n<!-- \/ Yoast SEO plugin. -->","yoast_head_json":{"title":"DJI Terra Flagship + DJI Modify Flagship - Permanente - Ghostysky","description":"O DJI Terra Flagship + DJI Modify Flagship - Permanent \u00e9 um pacote de software de n\u00edvel profissional que oferece uma solu\u00e7\u00e3o completa de fluxo de trabalho de ponta a ponta para levantamento a\u00e9reo, modelagem 3D de alta fidelidade e p\u00f3s-processamento inteligente. Esta licen\u00e7a permanente garante a propriedade e o uso perp\u00e9tuos de ambas as vers\u00f5es principais, incluindo todos os seus recursos mais avan\u00e7ados. Este pacote abrangente foi desenvolvido para profissionais de levantamento, mapeamento, constru\u00e7\u00e3o, inspe\u00e7\u00e3o de infraestrutura e gemina\u00e7\u00e3o digital, oferecendo integra\u00e7\u00e3o incompar\u00e1vel com o ecossistema de drones DJI Enterprise.","robots":{"index":"index","follow":"follow","max-snippet":"max-snippet:-1","max-image-preview":"max-image-preview:large","max-video-preview":"max-video-preview:-1"},"canonical":"https:\/\/www.ghostysky.com\/pt\/produto-2\/dji-terra-flagship-dji-modify-flagship-permanent\/","og_locale":"pt_PT","og_type":"article","og_title":"DJI Terra Flagship + DJI Modify Flagship - Permanent - Ghostysky","og_description":"The DJI Terra Flagship + DJI Modify Flagship - Permanent is a professional-grade software bundle offering a complete, end-to-end workflow solution for aerial surveying, high-fidelity 3D modeling, and intelligent post-processing. This permanent license grants you perpetual ownership and use of both flagship versions, including all their most advanced features.This comprehensive package is designed for professionals in surveying, mapping, construction, infrastructure inspection, and digital twinning, offering unparalleled integration with the DJI Enterprise drone ecosystem.","og_url":"https:\/\/www.ghostysky.com\/pt\/produto-2\/dji-terra-flagship-dji-modify-flagship-permanent\/","og_site_name":"Ghostysky","article_publisher":"https:\/\/www.facebook.com\/people\/Ghostysky\/100057676170234\/","article_modified_time":"2025-10-15T10:19:46+00:00","og_image":[{"width":800,"height":644,"url":"https:\/\/www.ghostysky.com\/wp-content\/uploads\/2024\/05\/GH_dji-terra-pro-overseas-perpetual-1.jpg","type":"image\/jpeg"}],"twitter_card":"summary_large_image","twitter_site":"@Gh0stysky","twitter_misc":{"Tempo estimado de leitura":"3 minutos"},"schema":{"@context":"https:\/\/schema.org","@graph":[{"@type":"WebPage","@id":"https:\/\/www.ghostysky.com\/product\/dji-terra-flagship-dji-modify-flagship-permanent\/","url":"https:\/\/www.ghostysky.com\/product\/dji-terra-flagship-dji-modify-flagship-permanent\/","name":"DJI Terra Flagship + DJI Modify Flagship - Permanente - Ghostysky","isPartOf":{"@id":"https:\/\/www.ghostysky.com\/#website"},"primaryImageOfPage":{"@id":"https:\/\/www.ghostysky.com\/product\/dji-terra-flagship-dji-modify-flagship-permanent\/#primaryimage"},"image":{"@id":"https:\/\/www.ghostysky.com\/product\/dji-terra-flagship-dji-modify-flagship-permanent\/#primaryimage"},"thumbnailUrl":"https:\/\/www.ghostysky.com\/wp-content\/uploads\/2024\/05\/GH_dji-terra-pro-overseas-perpetual-1.jpg","datePublished":"2025-10-14T13:50:45+00:00","dateModified":"2025-10-15T10:19:46+00:00","description":"O DJI Terra Flagship + DJI Modify Flagship - Permanent \u00e9 um pacote de software de n\u00edvel profissional que oferece uma solu\u00e7\u00e3o completa de fluxo de trabalho de ponta a ponta para levantamento a\u00e9reo, modelagem 3D de alta fidelidade e p\u00f3s-processamento inteligente. Esta licen\u00e7a permanente garante a propriedade e o uso perp\u00e9tuos de ambas as vers\u00f5es principais, incluindo todos os seus recursos mais avan\u00e7ados. Este pacote abrangente foi desenvolvido para profissionais de levantamento, mapeamento, constru\u00e7\u00e3o, inspe\u00e7\u00e3o de infraestrutura e gemina\u00e7\u00e3o digital, oferecendo integra\u00e7\u00e3o incompar\u00e1vel com o ecossistema de drones DJI Enterprise.","breadcrumb":{"@id":"https:\/\/www.ghostysky.com\/product\/dji-terra-flagship-dji-modify-flagship-permanent\/#breadcrumb"},"inLanguage":"pt-PT","potentialAction":[{"@type":"ReadAction","target":["https:\/\/www.ghostysky.com\/product\/dji-terra-flagship-dji-modify-flagship-permanent\/"]}]},{"@type":"ImageObject","inLanguage":"pt-PT","@id":"https:\/\/www.ghostysky.com\/product\/dji-terra-flagship-dji-modify-flagship-permanent\/#primaryimage","url":"https:\/\/www.ghostysky.com\/wp-content\/uploads\/2024\/05\/GH_dji-terra-pro-overseas-perpetual-1.jpg","contentUrl":"https:\/\/www.ghostysky.com\/wp-content\/uploads\/2024\/05\/GH_dji-terra-pro-overseas-perpetual-1.jpg","width":800,"height":644},{"@type":"BreadcrumbList","@id":"https:\/\/www.ghostysky.com\/product\/dji-terra-flagship-dji-modify-flagship-permanent\/#breadcrumb","itemListElement":[{"@type":"ListItem","position":1,"name":"Home","item":"https:\/\/www.ghostysky.com\/"},{"@type":"ListItem","position":2,"name":"Shop","item":"https:\/\/www.ghostysky.com\/shop\/"},{"@type":"ListItem","position":3,"name":"DJI Terra Flagship + DJI Modify Flagship &#8211; Permanent"}]},{"@type":"WebSite","@id":"https:\/\/www.ghostysky.com\/#website","url":"https:\/\/www.ghostysky.com\/","name":"Ghostysky","description":"Fornecendo solu\u00e7\u00f5es profissionais em drones e rob\u00f3tica.","publisher":{"@id":"https:\/\/www.ghostysky.com\/#organization"},"potentialAction":[{"@type":"SearchAction","target":{"@type":"EntryPoint","urlTemplate":"https:\/\/www.ghostysky.com\/?s={search_term_string}"},"query-input":{"@type":"PropertyValueSpecification","valueRequired":true,"valueName":"search_term_string"}}],"inLanguage":"pt-PT"},{"@type":"Organization","@id":"https:\/\/www.ghostysky.com\/#organization","name":"Ghostysky","url":"https:\/\/www.ghostysky.com\/","logo":{"@type":"ImageObject","inLanguage":"pt-PT","@id":"https:\/\/www.ghostysky.com\/#\/schema\/logo\/image\/","url":"https:\/\/www.ghostysky.com\/wp-content\/uploads\/2020\/06\/cropped-ghostyskylogo_text_white2.png","contentUrl":"https:\/\/www.ghostysky.com\/wp-content\/uploads\/2020\/06\/cropped-ghostyskylogo_text_white2.png","width":169,"height":56,"caption":"Ghostysky"},"image":{"@id":"https:\/\/www.ghostysky.com\/#\/schema\/logo\/image\/"},"sameAs":["https:\/\/www.facebook.com\/people\/Ghostysky\/100057676170234\/","https:\/\/x.com\/Gh0stysky","https:\/\/www.linkedin.com\/company\/34739653","https:\/\/www.instagram.com\/gh0stysky"]}]}},"_links":{"self":[{"href":"https:\/\/www.ghostysky.com\/pt\/wp-json\/wp\/v2\/product\/20884","targetHints":{"allow":["GET"]}}],"collection":[{"href":"https:\/\/www.ghostysky.com\/pt\/wp-json\/wp\/v2\/product"}],"about":[{"href":"https:\/\/www.ghostysky.com\/pt\/wp-json\/wp\/v2\/types\/product"}],"replies":[{"embeddable":true,"href":"https:\/\/www.ghostysky.com\/pt\/wp-json\/wp\/v2\/comments?post=20884"}],"version-history":[{"count":0,"href":"https:\/\/www.ghostysky.com\/pt\/wp-json\/wp\/v2\/product\/20884\/revisions"}],"wp:featuredmedia":[{"embeddable":true,"href":"https:\/\/www.ghostysky.com\/pt\/wp-json\/wp\/v2\/media\/19353"}],"wp:attachment":[{"href":"https:\/\/www.ghostysky.com\/pt\/wp-json\/wp\/v2\/media?parent=20884"}],"wp:term":[{"taxonomy":"product_brand","embeddable":true,"href":"https:\/\/www.ghostysky.com\/pt\/wp-json\/wp\/v2\/product_brand?post=20884"},{"taxonomy":"product_cat","embeddable":true,"href":"https:\/\/www.ghostysky.com\/pt\/wp-json\/wp\/v2\/product_cat?post=20884"},{"taxonomy":"product_tag","embeddable":true,"href":"https:\/\/www.ghostysky.com\/pt\/wp-json\/wp\/v2\/product_tag?post=20884"}],"curies":[{"name":"wp","href":"https:\/\/api.w.org\/{rel}","templated":true}]}}